{"id":1041,"date":"2016-10-25T05:39:31","date_gmt":"2016-10-25T05:39:31","guid":{"rendered":"http:\/\/moverdb.com\/?page_id=1041"},"modified":"2026-01-08T14:47:33","modified_gmt":"2026-01-08T14:47:33","slug":"armstrong-relocation","status":"publish","type":"page","link":"https:\/\/moverdb.com\/lv\/armstrong-relocation\/","title":{"rendered":"Armstronga p\u0101rvieto\u0161ana: P\u0101rv\u0101k\u0161an\u0101s starptautiskie apskati"},"content":{"rendered":"<p>Armstrong Relocation pied\u0101v\u0101 saviem klientiem daudzus p\u0101rcel\u0161an\u0101s pakalpojumus. Tie ir uzskait\u012bti turpm\u0101k kop\u0101 ar uz\u0146\u0113muma profilu un atsauksm\u0113m.<\/p>\n<p><strong>Starptautiskie p\u0101rcel\u0161an\u0101s pakalpojumi<\/strong><\/p>\n<ul>\n<li> Pl\u0101no\u0161ana pirms p\u0101rcel\u0161an\u0101s<\/li>\n<li> Person\u012bga p\u0101rcel\u0161an\u0101s p\u0101rvald\u012bba un \u012bpa\u0161i izstr\u0101d\u0101ta p\u0101rcel\u0161an\u0101s pl\u0101no\u0161ana<\/li>\n<li> Bezmaksas p\u0101rcel\u0161an\u0101s sagatavo\u0161anas pakete<\/li>\n<li> Pilna vai da\u013c\u0113ja iepako\u0161ana\/izpako\u0161ana<\/li>\n<li> Iesai\u0146o\u0161ana un speci\u0101l\u0101 iepako\u0161ana<\/li>\n<li> \u012apa\u0161uma aizsardz\u012bba<\/li>\n<li> Gaisa, j\u016bras un\/vai sauszemes transports<\/li>\n<li> Eksporta vai importa dokument\u0101cija<\/li>\n<li> <a href=\"https:\/\/moverdb.com\/lv\/kravas-ekspeditors\/\">Kravu eksped\u0113\u0161ana<\/a><\/li>\n<li> Muito\u0161ana<\/li>\n<li> Galam\u0113r\u0137a pakalpojumi<\/li>\n<li> P\u0101rvieto\u0161an\u0101s izseko\u0161ana tie\u0161saist\u0113<\/li>\n<li> V\u0113rt\u0113\u0161anas segums<\/li>\n<li> Pras\u012bjumu p\u0101rvald\u012bba<\/li>\n<li> \u012astermi\u0146a un ilgtermi\u0146a uzglab\u0101\u0161ana<\/li>\n<li> Atkritumu izve\u0161ana<\/li>\n<\/ul>\n<p><strong>Starptautiskie galam\u0113r\u0137u pakalpojumi<\/strong><\/p>\n<ul>\n<li> Orient\u0113\u0161an\u0101s<\/li>\n<li> Konsult\u0101cijas pirms l\u0113muma pie\u0146em\u0161anas<\/li>\n<li> Pal\u012bdz\u012bba soci\u0101l\u0101 nodro\u0161in\u0101juma un autovad\u012bt\u0101ja apliec\u012bbas jom\u0101<\/li>\n<li> Pal\u012bdz\u012bba pie nomas l\u012bguma parakst\u012b\u0161anas<\/li>\n<li> P\u0101rcel\u0161an\u0101s p\u0101rbaudes pal\u012bdz\u012bba<\/li>\n<li> Priek\u0161skat\u012b\u0161anas programma\/ iepaz\u012b\u0161an\u0101s ekskursija<\/li>\n<li> Pal\u012bdz\u012bba m\u0101jok\u013ca ieg\u0101dei<\/li>\n<li> Pilna servisa m\u0101jas mekl\u0113\u0161ana<\/li>\n<li> Ekskursijas iznom\u0101jot ar eskortu<\/li>\n<li> Dz\u012bves d\u0101rdz\u012bbas izmaksu anal\u012bze (COLA)<\/li>\n<li> Pal\u012bdz\u012bba skol\u0101m<\/li>\n<li> Iek\u0101rto\u0161an\u0101s pal\u012bdz\u012bba<\/li>\n<li> Izbrauk\u0161anas pakalpojumi<\/li>\n<\/ul>\n<p><strong>Uz\u0146\u0113mumu p\u0101rcel\u0161an\u0101s<\/strong><\/p>\n<ul>\n<li> Politikas konsult\u0101cijas un izstr\u0101de<\/li>\n<li> M\u0101jsaimniec\u012bbas pre\u010du p\u0101rvieto\u0161anas p\u0101rvald\u012bba<\/li>\n<li> Grupas p\u0101rvieto\u0161ana<\/li>\n<li> Vienreiz\u0113ja summa<\/li>\n<li> M\u0101jsaimniec\u012bbas pre\u010du p\u0101rvieto\u0161ana<\/li>\n<li> <a href=\"https:\/\/moverdb.com\/lv\/konteineru-parvadajumi\/\">Pilna servisa konteineru p\u0101rvad\u0101jumi<\/a><\/li>\n<li> Piel\u0101gotie zi\u0146ojumi<\/li>\n<li> P\u0101rvieto\u0161an\u0101s izseko\u0161ana tie\u0161saist\u0113<\/li>\n<li> V\u0113rt\u0113\u0161anas segums<\/li>\n<li> Pras\u012bjumu p\u0101rvald\u012bba<\/li>\n<li> \u012astermi\u0146a un ilgtermi\u0146a uzglab\u0101\u0161ana<\/li>\n<li> Iesai\u0146o\u0161ana un speci\u0101l\u0101 iepako\u0161ana<\/li>\n<li> Vad\u012bt\u0101ju l\u012bme\u0146a konsjer\u017ea pakalpojumi<\/li>\n<li> Atkritumu nov\u0101k\u0161ana, sak\u0101rto\u0161ana un organiz\u0113\u0161ana<\/li>\n<li> Komun\u0101lo pakalpojumu piesl\u0113guma pakalpojumi<\/li>\n<li> Nekustamo \u012bpa\u0161umu m\u0101kleru izv\u0113le un m\u0101jas m\u0101rketinga pl\u0101ns<\/li>\n<li> Naudas atmaksa par m\u0101jok\u013ca p\u0101rdo\u0161anu un ieg\u0101di<\/li>\n<li> Bezmaksas galam\u0113r\u0137a inform\u0101cijas pakete<\/li>\n<li> Pagaidu dz\u012bvo\u0161ana<\/li>\n<li> Hipotek\u0101r\u0101 pal\u012bdz\u012bba<\/li>\n<\/ul>\n<p><strong>P\u0101rv\u0101k\u0161an\u0101s uz dz\u012bvojam\u0101m telp\u0101m<\/strong><\/p>\n<ul>\n<li> Bezmaksas apr\u0113\u0137ins<\/li>\n<li> P\u0101rvieto\u0161an\u0101s p\u0101rvald\u012bba un pl\u0101no\u0161ana<\/li>\n<li> Specializ\u0113ts p\u0101rcel\u0161an\u0101s koordinators<\/li>\n<li> Pilna vai da\u013c\u0113ja iepako\u0161ana\/izpako\u0161ana<\/li>\n<li> \u012apa\u0161uma aizsardz\u012bba<\/li>\n<li> Iepako\u0161anas materi\u0101li<\/li>\n<li> M\u0101jsaimniec\u012bbas pre\u010du p\u0101rvieto\u0161ana<\/li>\n<li> Apdro\u0161in\u0101\u0161anas segums<\/li>\n<li> \u012astermi\u0146a\/ilgtermi\u0146a uzglab\u0101\u0161ana<\/li>\n<li> Iesai\u0146o\u0161anas pakalpojumi<\/li>\n<li> Pilna servisa p\u0101rcel\u0161an\u0101s iesp\u0113ja<\/li>\n<li> Komun\u0101lo pakalpojumu piesl\u0113guma pakalpojums<\/li>\n<li> Naudas atmaksas nekustam\u0101 \u012bpa\u0161uma p\u0101rdo\u0161anas\/pirk\u0161anas pl\u0101ni<\/li>\n<li> Inscen\u0113\u0161ana un organiz\u0113\u0161ana<\/li>\n<\/ul>\n<p><strong>Iek\u0101rtu p\u0101rvieto\u0161ana<\/strong><\/p>\n<ul>\n<li> Birojs<\/li>\n<li> R\u016bpnieciskais<\/li>\n<li> Vesel\u012bbas apr\u016bpe<\/li>\n<li> Vald\u012bba<\/li>\n<\/ul>\n<h2>Armstrong Relocation Uz\u0146\u0113muma profils<\/h2>\n<p>Uz\u0146\u0113mums Armstrong Transfer and Storage tika dibin\u0101ts 1922. gad\u0101, un 1957. gad\u0101 to ieg\u0101d\u0101j\u0101s br\u0101\u013ci Klaids Sprind\u017eers un D\u017eims Vatsons, kuri s\u0101ka darb\u012bbu Memfis\u0101, <a href=\"https:\/\/moverdb.com\/lv\/moving-to-the-united-states\/moving-to-tennessee\/\" data-internallinksmanager029f6b8e52c=\"406\" title=\"P\u0101rcel\u0161an\u0101s uz Tenesi? 2023 Dz\u012bves izmaksas un p\u0101rcel\u0161an\u0101s padomi\">Tenes\u012b<\/a> un nosauca uz\u0146\u0113mumu Armstrong Relocation. \u0160odien to joproj\u0101m vada \u0161o divu kungu tre\u0161\u0101 paaudze. <\/p>\n<p>Armstrong Relocation \u0161odien ir liel\u0101kais pre\u010du a\u0123ents <a href=\"https:\/\/moverdb.com\/lv\/united-van-lines\/\">United Van Lines<\/a> un tai ir 22 biroji <a href=\"https:\/\/moverdb.com\/lv\/moving-to-the-united-states\/\" data-internallinksmanager029f6b8e52c=\"94\" title=\"P\u0101rce\u013caties uz Amerikas Savienotaj\u0101m Valst\u012bm? 2022 Dz\u012bves izmaksas un p\u0101rcel\u0161an\u0101s padomi\">ASV<\/a>, k\u0101 ar\u012b a\u0123entu \u0137\u0113di vis\u0101 pasaul\u0113, kas apkalpo starptautiskos klientus. Armstrong Relocation misija ir nodro\u0161in\u0101t izcilu kvalit\u0101ti un pan\u0101kt klientu apmierin\u0101t\u012bbu.<\/p>\n<p>Armstrong Relocation ir \u0161\u0101das fili\u0101les un akredit\u0101cijas:<\/p>\n<ul>\n<li> <a href=\"https:\/\/moverdb.com\/lv\/britu-iznemeju-asociacija\/\">Lielbrit\u0101nijas P\u0101rv\u0101c\u0113ju asoci\u0101cija<\/a> (<a href=\"https:\/\/moverdb.com\/lv\/british-association-of-removers\/\" data-internallinksmanager029f6b8e52c=\"9\" title=\"Lielbrit\u0101nijas P\u0101rv\u0101c\u0113ju asoci\u0101cijas (BAR) skaidrojumi\">BAR<\/a>)<\/li>\n<li> <a href=\"https:\/\/moverdb.com\/lv\/fidi-faim\/\">Starptautisko p\u0101rcel\u0161an\u0101s uz\u0146\u0113mumu feder\u0101cija<\/a> (<a href=\"https:\/\/moverdb.com\/lv\/fidi-faim\/\" data-internallinksmanager029f6b8e52c=\"16\" title=\"FIDI un FAIM (FIDI akredit\u0113tais starptautiskais p\u0101rvietot\u0101js) skaidrojums\">FIDI<\/a>)<\/li>\n<li> \u0100rvalstnieku vad\u012bbas forums<\/li>\n<li> Netie\u0161ais gaisa p\u0101rvad\u0101t\u0101js<\/li>\n<li> <a href=\"https:\/\/moverdb.com\/lv\/iata\/\">Starptautisk\u0101 Gaisa transporta asoci\u0101cija<\/a> (<a href=\"https:\/\/moverdb.com\/lv\/iata\/\" data-internallinksmanager029f6b8e52c=\"22\" title=\"Starptautisk\u0101s Gaisa transporta asoci\u0101cijas (IATA) skaidrojumi\">IATA<\/a>)<\/li>\n<li> <a href=\"https:\/\/moverdb.com\/lv\/esmu\/\">Starptautisk\u0101 P\u0101rv\u0101c\u0113ju asoci\u0101cija<\/a> (<a href=\"https:\/\/moverdb.com\/lv\/iam\/\" data-internallinksmanager029f6b8e52c=\"23\" title=\"Starptautisk\u0101s P\u0101rv\u0101c\u0113ju asoci\u0101cijas (IAM) skaidrojumi\">IAM<\/a>)<\/li>\n<li> Starptautisk\u0101 \u0113ku apsaimnieko\u0161anas asoci\u0101cija<\/li>\n<li> Starptautisk\u0101 standartiz\u0101cijas organiz\u0101cija<\/li>\n<li> <a href=\"https:\/\/moverdb.com\/lv\/lacma\/\">Lat\u012b\u0146amerikas un Kar\u012bbu j\u016bras re\u0123iona valstu Starptautisko P\u0101rv\u0101c\u0113ju asoci\u0101cija<\/a> (<a href=\"https:\/\/moverdb.com\/lv\/lacma\/\" data-internallinksmanager029f6b8e52c=\"28\" title=\"Lat\u012b\u0146amerikas un Kar\u012bbu j\u016bras re\u0123iona valstu Starptautisko P\u0101rv\u0101c\u0113ju asoci\u0101cija (LACMA)\">LACMA<\/a>)<\/li>\n<li> Overseas Moving Network International (OMNI)<\/li>\n<li> Overseas Shippers Association (OSA) - dibin\u0101t\u0101ja biedrs<\/li>\n<li> Cilv\u0113kresursu vad\u012bbas biedr\u012bba<\/li>\n<li> ASV Muitas un robe\u017esardzes dienests<\/li>\n<li> <a href=\"https:\/\/moverdb.com\/lv\/darbinieku-parcelsanas-padome\/\">Darbinieku p\u0101rvieto\u0161anas padome vis\u0101 pasaul\u0113<\/a><\/li>\n<li> Smartway<\/li>\n<li> <a href=\"https:\/\/moverdb.com\/lv\/united-van-lines\/\">United Van Lines<\/a><\/li>\n<\/ul>\n<h2>Armstrong Relocation Atsauksmes<\/h2>\n<p><strong>Pozit\u012bvi:<\/strong><\/p>\n<ul>\n<li> <em>\"Armstrong komanda patie\u0161\u0101m padar\u012bja p\u0101rv\u0101k\u0161anos par pat\u012bkamu pieredzi!\"<\/em> Kay T via <a href=\"https:\/\/www.yelp.com\/biz\/armstrong-relocation-carrollton-4?hrid=LJyHKGw95UdYmBHHZwyr5Q&#038;utm_campaign=www_review_share_popup&#038;utm_medium=copy_link&#038;utm_source=(direct)\" target=\"_blank\" rel=\"noopener\">Yelp<\/a><\/li>\n<li> <em>\"Es nesp\u0113ju notic\u0113t, cik viegli notika mana p\u0101rcel\u0161an\u0101s. Tas bija viegli, un man nebija stresa. Er\u012bna r\u016bp\u0113j\u0101s, lai man vienm\u0113r b\u016btu visa nepiecie\u0161am\u0101 inform\u0101cija, un bie\u017ei zvan\u012bja, lai p\u0101rbaud\u012btu. Ja man v\u0113l k\u0101dreiz b\u016bs j\u0101p\u0101rv\u0101cas, es noteikti izmanto\u0161u Armstrong Relation pakalpojumus!\"<\/em> - Bfunte via <a href=\"http:\/\/www.mymovingreviews.com\/movers\/armstrong-relocation-2671#50688\" target=\"_blank\" rel=\"noopener\">MyMovingReviews.com<\/a> <\/li>\n<li> <em>\"M\u016bsu Armstrong komanda bija izcila! Vi\u0146i nodro\u0161in\u0101ja izcilu klientu apkalpo\u0161anu un bija draudz\u012bgi, izpal\u012bdz\u012bgi, labi organiz\u0113ti, efekt\u012bvi un profesion\u0101li. Vi\u0146i bija lab\u0101k\u0101 p\u0101rv\u0101k\u0161an\u0101s komanda, k\u0101da mums jebkad ir bijusi!\"<\/em> - M.M klienta atsauksme no Armstrong t\u012bmek\u013ca vietnes<\/li>\n<\/ul>\n<p><strong>Negat\u012bvs:<\/strong><\/p>\n<ul>\n<li> \"<em>Es v\u0113los, lai es var\u0113tu dot vi\u0146iem nulle zvaigznes. T\u0101 bija slikt\u0101k\u0101 pieredze man\u0101 dz\u012bv\u0113.\"<\/em> Natalie M via <a href=\"https:\/\/www.yelp.com\/biz\/armstrong-relocation-carrollton-4?hrid=caooXxcr-ZmkltnMtL6R_g&#038;utm_campaign=www_review_share_popup&#038;utm_medium=copy_link&#038;utm_source=(direct)\" target=\"_blank\" rel=\"noopener\">Yelp<\/a><\/li>\n<li> <em>\"Dom\u0101ju, ka viet\u0113jai p\u0101rcel\u0161an\u0101s vietai Armstrongs var\u0113tu b\u016bt sapr\u0101t\u012bga izv\u0113le. Tom\u0113r ilg\u0101kiem p\u0101rv\u0101k\u0161an\u0101s gad\u012bjumiem vi\u0146iem ir lab\u0101k j\u0101nov\u0113rt\u0113 pieg\u0101des laiks un j\u0101sazin\u0101s ar pieg\u0101des a\u0123entu.\"<\/em> - izmantojot <a href=\"http:\/\/www.bbb.org\/chicago\/business-reviews\/movers\/armstrong-relocation-co-in-glendale-hts-il-12008868\/customer-reviews\" target=\"_blank\" rel=\"noopener\">BBB<\/a><\/li>\n<li> <em>\"Es esmu \u013coti sar\u016bgtin\u0101ts par vi\u0146iem. Vi\u0146i izkr\u0101va visas manas mantas, kas atrad\u0101s b\u0113ni\u0146os. Tas ir labi, jo es negribu, lai t\u0101s tiek salauztas. Bet viss bija sajaukts.\"<\/em> - Mistie via <a href=\"https:\/\/www.facebook.com\/ArmstrongRelocationDallas\/reviews\/\" target=\"_blank\" rel=\"noopener\">Facebook<\/a><\/li>\n<\/ul>\n<div itemprop=\"review\" itemscope itemtype=\"http:\/\/schema.org\/Review\">\n<span itemprop=\"author\" itemscope=\"\" itemtype=\"http:\/\/schema.org\/Organization\"><span itemprop=\"name\">MoverDB.com<\/span><\/span> Tie\u0161saistes vietnes p\u0101rskats par <span itemprop=\"itemreviewed\" itemscope=\"\" itemtype=\"http:\/\/schema.org\/Brand\"><span itemprop=\"name\">Armstronga p\u0101rvieto\u0161ana<\/span><\/span>:<\/p>\n<ol>\n<li> Skaidra kontaktinform\u0101cija t\u012bmek\u013ca vietn\u0113 (tostarp t\u0101lru\u0146a numurs): <strong>J\u0101<\/strong><\/li>\n<li> Viegli ieg\u016bt <a href=\"https:\/\/moverdb.com\/lv\/citati\/\">starptautiskie p\u0101rvietojas cit\u0101ti<\/a>? (Tie\u0161saistes t\u0101mes piepras\u012bjuma veidlapa): <strong>J\u0101<\/strong><\/li>\n<li> Skaidra inform\u0101cija t\u012bmek\u013ca vietn\u0113: <strong>J\u0101<\/strong>, T\u012bmek\u013ca vietne sniedz klientiem labu priek\u0161statu par to, ko sagaid\u012bt no uz\u0146\u0113muma.<\/li>\n<li> Dal\u012bba starptautiski atz\u012bt\u0101s kust\u012bbu organiz\u0101cij\u0101s: <strong>J\u0101<\/strong>, daudzi, skat\u012bt iepriek\u0161<\/li>\n<li> Klientu saraksts un\/vai iepriek\u0161\u0113jo klientu atsauksmes: <strong>J\u0101<\/strong>, ta\u010du tie ir izkais\u012bti pa visu t\u012bmek\u013ca vietni, nevis atrodami \u012bpa\u0161\u0101 m\u0113r\u0137lap\u0101. Turkl\u0101t vi\u0146u atsauksmes no t\u012bmek\u013ca vietn\u0113m ir nedaudz neviendab\u012bgas.<\/li>\n<\/ol>\n<div itemprop=\"reviewRating\" itemscope itemtype=\"http:\/\/schema.org\/Rating\"><meta itemprop=\"worstRating\" content = \"0\" \/><meta itemprop=\"bestRating\" content=\"5\" \/><meta itemprop=\"ratingValue\" content=\"4\"><\/div>\n<p><strong>Kop\u0113jais v\u0113rt\u0113jums: 4\/5<\/strong><br \/>\n<strong>P\u0101rskata datums:<\/strong> <span itemprop=\"datePublished\" content=\"2016-10-25\">25\/10\/2016<\/span>\n<\/div>\n<p>Las\u012bt vair\u0101k par <a href=\"https:\/\/moverdb.com\/lv\/parvietojas-uznemumi\/\">starptautiskie p\u0101rvieto\u0161an\u0101s uz\u0146\u0113mumi<\/a>, <a href=\"https:\/\/moverdb.com\/lv\/us-kanada-parvietotaji\/\">T\u0101lsatiksmes un starpvalstu p\u0101rvad\u0101t\u0101ji<\/a> un m\u016bsu <a href=\"https:\/\/moverdb.com\/lv\/atsauksmes\/\">p\u0101rskat\u012b\u0161anas process<\/a>.<\/p>\n<p><strong>T\u012bmek\u013ca vietne:<\/strong> <a href=\"http:\/\/www.armstrongrelocation.com\" target=\"_blank\" rel=\"noopener\">http:\/\/www.armstrongrelocation.com<\/a><\/p>","protected":false},"excerpt":{"rendered":"<p>Armstrong Relocation has an abundance of moving services which it offers its customers. These are listed below together with a company profile and reviews. International Moving Services Pre-move planning Personal move management and custom-designed move planning Free move preparation packet Full or partial packing\/unpacking Crating and specialty packing Property protection Air, ocean and\/or land transportation [&hellip;]<\/p>\n","protected":false},"author":1,"featured_media":0,"parent":0,"menu_order":0,"comment_status":"closed","ping_status":"closed","template":"","meta":{"_genesis_hide_title":false,"_genesis_hide_breadcrumbs":false,"_genesis_hide_singular_image":false,"_genesis_hide_footer_widgets":false,"_genesis_custom_body_class":"","_genesis_custom_post_class":"","_genesis_layout":"","footnotes":""},"class_list":{"0":"post-1041","1":"page","2":"type-page","3":"status-publish","5":"entry"},"_links":{"self":[{"href":"https:\/\/moverdb.com\/lv\/wp-json\/wp\/v2\/pages\/1041","targetHints":{"allow":["GET"]}}],"collection":[{"href":"https:\/\/moverdb.com\/lv\/wp-json\/wp\/v2\/pages"}],"about":[{"href":"https:\/\/moverdb.com\/lv\/wp-json\/wp\/v2\/types\/page"}],"author":[{"embeddable":true,"href":"https:\/\/moverdb.com\/lv\/wp-json\/wp\/v2\/users\/1"}],"replies":[{"embeddable":true,"href":"https:\/\/moverdb.com\/lv\/wp-json\/wp\/v2\/comments?post=1041"}],"version-history":[{"count":3,"href":"https:\/\/moverdb.com\/lv\/wp-json\/wp\/v2\/pages\/1041\/revisions"}],"predecessor-version":[{"id":6174,"href":"https:\/\/moverdb.com\/lv\/wp-json\/wp\/v2\/pages\/1041\/revisions\/6174"}],"wp:attachment":[{"href":"https:\/\/moverdb.com\/lv\/wp-json\/wp\/v2\/media?parent=1041"}],"curies":[{"name":"wp","href":"https:\/\/api.w.org\/{rel}","templated":true}]}}