{"id":1040,"date":"2016-11-21T22:14:01","date_gmt":"2016-11-21T22:14:01","guid":{"rendered":"http:\/\/moverdb.com\/?page_id=1040"},"modified":"2026-01-08T14:40:11","modified_gmt":"2026-01-08T14:40:11","slug":"mccollisters-parvaksanas","status":"publish","type":"page","link":"https:\/\/moverdb.com\/lv\/mccollisters-moving\/","title":{"rendered":"McCollister's Transportation Group: P\u0101rcel\u0161an\u0101s starptautiskie p\u0101rbraucieni Atsauksmes"},"content":{"rendered":"<p>McCollister's Transportation Group ir UniGroup p\u0101rst\u0101vis. Uz\u0146\u0113mums saviem klientiem pied\u0101v\u0101 daudzus p\u0101rcel\u0161an\u0101s pakalpojumus, kuri ir uzskait\u012bti turpm\u0101k kop\u0101 ar uz\u0146\u0113muma profilu un atsauksm\u0113m.<\/p>\n<p><strong>Starptautisk\u0101s p\u0101rcel\u0161an\u0101s<\/strong><\/p>\n<ul>\n<li> Specializ\u0113ts lo\u0123istikas koordinators<\/li>\n<li> Pakalpojums \"no durv\u012bm l\u012bdz durv\u012bm<\/li>\n<li> Pilna servisa pakalpojumi<\/li>\n<li> Air ride furgonu pakalpojums<\/li>\n<li> Gaisa un j\u016bras kravu p\u0101rvad\u0101jumi<\/li>\n<li> \u012astermi\u0146a un ilgtermi\u0146a uzglab\u0101\u0161ana<\/li>\n<\/ul>\n<p><strong>Komerci\u0101lie p\u0101rv\u0101k\u0161an\u0101s<\/strong><\/p>\n<ul>\n<li> Biroja\/objekta p\u0101rvieto\u0161ana<\/li>\n<li> Datu centra p\u0101rvieto\u0161ana un IT pakalpojumi<\/li>\n<li> Darb\u012bbas iek\u0161telp\u0101s<\/li>\n<li> Sist\u0113mas m\u0113beles<\/li>\n<li> Komerci\u0101l\u0101 noliktavu saimniec\u012bba<\/li>\n<li> \u012astermi\u0146a un ilgtermi\u0146a uzglab\u0101\u0161ana<\/li>\n<\/ul>\n<p><strong>M\u0101jsaimniec\u012bbas p\u0101rv\u0101k\u0161an\u0101s<\/strong><\/p>\n<ul>\n<li> P\u0101rv\u0101k\u0161an\u0101s uz dz\u012bvojam\u0101m telp\u0101m<\/li>\n<li> Milit\u0101rie so\u013ci<\/li>\n<li> DIY kust\u012bbas<\/li>\n<li> UPASS studentiem<\/li>\n<li> Uz\u0146\u0113mumu p\u0101rvieto\u0161ana<\/li>\n<li> Pilna servisa pakalpojumi<\/li>\n<li> No durv\u012bm l\u012bdz durv\u012bm<\/li>\n<li> \u012astermi\u0146a un ilgtermi\u0146a uzglab\u0101\u0161ana<\/li>\n<\/ul>\n<p><strong>Specializ\u0113tais transports<\/strong><\/p>\n<ul>\n<li> Medic\u012bnisk\u0101 apr\u012bkojuma p\u0101rvieto\u0161ana<\/li>\n<li> Sald\u0113ta\/kr\u012bog\u0113na transport\u0113\u0161ana<\/li>\n<li> M\u0101ksla un senlietas<\/li>\n<li> Tirdzniec\u012bbas izst\u0101des<\/li>\n<li> Saules ener\u0123ija<\/li>\n<li> Baltie cimdi\/papildin\u0101ts furgons<\/li>\n<li> Klimata kontrole<\/li>\n<li> Milit\u0101rais transports<\/li>\n<li> Autotransports<\/li>\n<li> Izklaide<\/li>\n<\/ul>\n<h2>McCollister's Transportation Group uz\u0146\u0113muma profils<\/h2>\n<p>McCollister's Transportation Group 1945. gad\u0101 nodibin\u0101ja H. Daniels Makolisters. McCollister's ir priv\u0101ts uz\u0146\u0113mums, un tas ir UniGroup Inc. a\u0123ents, kur\u0101 ietilpst <a href=\"https:\/\/moverdb.com\/lv\/united-van-lines\/\">United Van Lines<\/a> un <a href=\"https:\/\/moverdb.com\/lv\/mayflower-transit\/\">Mayflower Transit<\/a>. <\/p>\n<p>Uz\u0146\u0113muma galvenais birojs atrodas Burlington\u0101, <a href=\"https:\/\/moverdb.com\/lv\/moving-to-the-united-states\/moving-to-new-jersey\/\" data-internallinksmanager029f6b8e52c=\"417\" title=\"P\u0101rcel\u0161an\u0101s uz \u0145\u016bd\u017eersiju? 2023 Dz\u012bves izmaksas un p\u0101rcel\u0161an\u0101s padomi\">\u0145\u016bd\u017eersija<\/a>, uz\u0146\u0113mum\u0101 ir vair\u0101k nek\u0101 1000 pilna laika darbinieku, un taj\u0101 darbojas vair\u0101k nek\u0101 1000 transportl\u012bdzek\u013cu un p\u0101rvieto\u0161an\u0101s iek\u0101rtu.<\/p>\n<p>McCollister's ir tr\u012bs galven\u0101s noda\u013cas - darbinieku p\u0101rvieto\u0161ana, komercpakalpojumi un augstas v\u0113rt\u012bbas produktu lo\u0123istika. Uz\u0146\u0113mums apgalvo, ka t\u0101 pan\u0101kumi ir saist\u012bti ar <em>\"elast\u012bgi risin\u0101jumi, kvalitat\u012bvi pakalpojumi, dro\u0161\u012bba, efektivit\u0101te un \u0101trums.\"<\/em> <\/p>\n<p>McCollister's Transportation Group ir \u0161\u0101das akredit\u0101cijas un pieder\u012bbas:<\/p>\n<ul>\n<li> <a href=\"https:\/\/moverdb.com\/lv\/esmu\/\">Starptautisk\u0101 P\u0101rv\u0101c\u0113ju asoci\u0101cija<\/a> (<a href=\"https:\/\/moverdb.com\/lv\/iam\/\" data-internallinksmanager029f6b8e52c=\"23\" title=\"Starptautisk\u0101s P\u0101rv\u0101c\u0113ju asoci\u0101cijas (IAM) skaidrojumi\">IAM<\/a>)<\/li>\n<li> <a href=\"https:\/\/moverdb.com\/lv\/amsa\/\">AMSA<\/a><\/li>\n<li> C-TPAT sertific\u0113ts p\u0101rvad\u0101t\u0101js<\/li>\n<li> <a href=\"https:\/\/moverdb.com\/lv\/ritenu-novirzitajs\/\">Sertific\u0113ts ProMover<\/a><\/li>\n<li> <a href=\"https:\/\/moverdb.com\/lv\/darbinieku-parcelsanas-padome\/\">Darbinieku p\u0101rvieto\u0161anas padome<\/a><\/li>\n<li> <a href=\"https:\/\/moverdb.com\/lv\/moving-to-the-united-states\/\" data-internallinksmanager029f6b8e52c=\"94\" title=\"P\u0101rce\u013caties uz Amerikas Savienotaj\u0101m Valst\u012bm? 2022 Dz\u012bves izmaksas un p\u0101rcel\u0161an\u0101s padomi\">ASV<\/a> Vides aizsardz\u012bbas a\u0123ent\u016bra - SmartWay<\/li>\n<li> \u0145\u016bd\u017eersijas Noliktavu un p\u0101rc\u0113l\u0101ju asoci\u0101cija<\/li>\n<li> Better Business Bureau (BBB)<\/li>\n<\/ul>\n<h2>McCollister's Transportation Group atsauksmes<\/h2>\n<p><strong>Pozit\u012bvi:<\/strong><\/p>\n<ul>\n<li> <em>\"Kopum\u0101 es biju \u013coti apmierin\u0101ts ar pieredzi, pat ar nelieliem aiz\u0137er\u0161an\u0101s, veids, k\u0101 jaut\u0101jumi tika atrisin\u0101ti, liecina, ka vi\u0146i ir patie\u0161\u0101m profesion\u0101ls uz\u0146\u0113mums.\"<\/em> - Sherif caur <a href=\"https:\/\/www.yelp.com\/biz\/mccollisters-transportation-group-burlington?hrid=DrSyWKiICkF8QIFDonWtLQ&#038;utm_campaign=www_review_share_popup&#038;utm_medium=copy_link&#038;utm_source=(direct)\" target=\"_blank\" rel=\"noopener\">Yelp<\/a>.<\/li>\n<li> <em>\"Lieliska pieredze no pirm\u0101 telefona zvana l\u012bdz p\u0113d\u0113jai kastei no kravas automa\u0161\u012bnas. \u013boti iesaku!\"<\/em> - Sharon via <a href=\"https:\/\/www.facebook.com\/pg\/McCollisters\/reviews\/\" target=\"_blank\" rel=\"noopener\">Facebook<\/a><\/li>\n<\/ul>\n<p><strong>Negat\u012bvs:<\/strong><\/p>\n<ul>\n<li> <em>\"\u0160is p\u0101rskats b\u016btu bijis 5 zvaigznes, ta\u010du k\u0101ds no vi\u0146u komandas apzaga mani un manu \u0123imeni.\"<\/em> - Maiks, izmantojot <a href=\"https:\/\/www.bbb.org\/new-jersey\/business-reviews\/movers\/mccollister-s-transportation-in-burlington-nj-80001208\/reviews-and-complaints\" target=\"_blank\" rel=\"noopener\">BBB<\/a><\/li>\n<li> <em>\"Es parasti nepublic\u0113ju \u0161aj\u0101 vietn\u0113, bet man bija briesm\u012bga pieredze ar \u0161o uz\u0146\u0113mumu.\"<\/em> - BK via <a href=\"http:\/\/www.mymovingreviews.com\/movers\/mccollister-s-5188#48089\" target=\"_blank\" rel=\"noopener\">MyMovingReviews<\/a><\/li>\n<\/ul>\n<div itemprop=\"review\" itemscope itemtype=\"http:\/\/schema.org\/Review\">\n<span itemprop=\"author\" itemscope=\"\" itemtype=\"http:\/\/schema.org\/Organization\"><span itemprop=\"name\">MoverDB.com<\/span><\/span> Tie\u0161saistes vietnes p\u0101rskats par <span itemprop=\"itemreviewed\" itemscope=\"\" itemtype=\"http:\/\/schema.org\/Brand\"><span itemprop=\"name\">McCollister's Transportation Group<\/span><\/span>:<\/p>\n<ol>\n<li> Skaidra kontaktinform\u0101cija t\u012bmek\u013ca vietn\u0113 (tostarp t\u0101lru\u0146a numurs): <strong>J\u0101<\/strong><\/li>\n<li> Viegli ieg\u016bt <a href=\"https:\/\/moverdb.com\/lv\/citati\/\">starptautiskie p\u0101rvietojas cit\u0101ti<\/a>? (Tie\u0161saistes t\u0101mes piepras\u012bjuma veidlapa): <strong>J\u0101<\/strong><\/li>\n<li> Skaidra inform\u0101cija t\u012bmek\u013ca vietn\u0113: <strong>Da\u017ei<\/strong> T\u012bmek\u013ca vietn\u0113 nav daudz detaliz\u0113tas inform\u0101cijas.<\/li>\n<li> Dal\u012bba starptautiski atz\u012bt\u0101s kust\u012bbu organiz\u0101cij\u0101s: <strong>J\u0101<\/strong>skat\u012bt iepriek\u0161.<\/li>\n<li> Klientu saraksts un\/vai iepriek\u0161\u0113jo klientu atsauksmes: <strong>N\u0113<\/strong>, lai gan vi\u0146iem ir Facebook lapa ar da\u017e\u0101m atsauksm\u0113m. P\u0101r\u0113j\u0101 t\u012bmekl\u012b pieejamie apskati ir nedaudz da\u017e\u0101di, bet vair\u0101k pozit\u012bvi nek\u0101 negat\u012bvi.<\/li>\n<\/ol>\n<div itemprop=\"reviewRating\" itemscope itemtype=\"http:\/\/schema.org\/Rating\"><meta itemprop=\"worstRating\" content = \"0\" \/><meta itemprop=\"bestRating\" content=\"5\" \/><meta itemprop=\"ratingValue\" content=\"3.5\"><\/div>\n<p><strong>Kop\u0113jais v\u0113rt\u0113jums: 3,5\/5<\/strong><br \/>\n<strong>P\u0101rskata datums:<\/strong> <span itemprop=\"datePublished\" content=\"2016-11-21\">21\/11\/2016<\/span>\n<\/div>\n<p>Las\u012bt vair\u0101k par <a href=\"https:\/\/moverdb.com\/lv\/parvietojas-uznemumi\/\">lab\u0101kie starptautiskie p\u0101rvieto\u0161an\u0101s uz\u0146\u0113mumi<\/a>, <a href=\"https:\/\/moverdb.com\/lv\/us-kanada-parvietotaji\/\">ASV p\u0101rvietot\u0101ji<\/a> un m\u016bsu <a href=\"https:\/\/moverdb.com\/lv\/atsauksmes\/\">p\u0101rskat\u012b\u0161anas process<\/a>.<\/p>\n<p><strong>T\u012bmek\u013ca vietne:<\/strong> <a href=\"https:\/\/www.mccollisters.com\/\" target=\"_blank\" rel=\"noopener\">https:\/\/www.mccollisters.com\/<\/a><\/p>","protected":false},"excerpt":{"rendered":"<p>McCollister&#8217;s Transportation Group is an agent of the UniGroup. The company offers its clients many moving services which are listed below, together with a company profile and reviews. International Moves Dedicated logistics coordinator Door-to-door service Full service Air ride van service Air and sea freight Short and long term storage Commercial Moves Office\/facility relocation Data [&hellip;]<\/p>\n","protected":false},"author":1,"featured_media":0,"parent":0,"menu_order":0,"comment_status":"closed","ping_status":"closed","template":"","meta":{"_genesis_hide_title":false,"_genesis_hide_breadcrumbs":false,"_genesis_hide_singular_image":false,"_genesis_hide_footer_widgets":false,"_genesis_custom_body_class":"","_genesis_custom_post_class":"","_genesis_layout":"","footnotes":""},"class_list":{"0":"post-1040","1":"page","2":"type-page","3":"status-publish","5":"entry"},"_links":{"self":[{"href":"https:\/\/moverdb.com\/lv\/wp-json\/wp\/v2\/pages\/1040","targetHints":{"allow":["GET"]}}],"collection":[{"href":"https:\/\/moverdb.com\/lv\/wp-json\/wp\/v2\/pages"}],"about":[{"href":"https:\/\/moverdb.com\/lv\/wp-json\/wp\/v2\/types\/page"}],"author":[{"embeddable":true,"href":"https:\/\/moverdb.com\/lv\/wp-json\/wp\/v2\/users\/1"}],"replies":[{"embeddable":true,"href":"https:\/\/moverdb.com\/lv\/wp-json\/wp\/v2\/comments?post=1040"}],"version-history":[{"count":7,"href":"https:\/\/moverdb.com\/lv\/wp-json\/wp\/v2\/pages\/1040\/revisions"}],"predecessor-version":[{"id":13175,"href":"https:\/\/moverdb.com\/lv\/wp-json\/wp\/v2\/pages\/1040\/revisions\/13175"}],"wp:attachment":[{"href":"https:\/\/moverdb.com\/lv\/wp-json\/wp\/v2\/media?parent=1040"}],"curies":[{"name":"wp","href":"https:\/\/api.w.org\/{rel}","templated":true}]}}