{"id":1037,"date":"2016-11-21T06:45:07","date_gmt":"2016-11-21T06:45:07","guid":{"rendered":"http:\/\/moverdb.com\/?page_id=1037"},"modified":"2026-01-08T14:47:47","modified_gmt":"2026-01-08T14:47:47","slug":"berger-allied","status":"publish","type":"page","link":"https:\/\/moverdb.com\/lv\/berger-allied\/","title":{"rendered":"Berger Allied (p\u0101rve\u0161ana un uzglab\u0101\u0161ana): P\u0101rcel\u0161an\u0101s starptautiskie apskati"},"content":{"rendered":"<p>Berger Allied (ofici\u0101li Berger Transfer &amp; Storage) atrodas Sentpol\u0101, M\u0113rilendas \u0161tat\u0101. Tas pied\u0101v\u0101 saviem klientiem virkni p\u0101rcel\u0161an\u0101s pakalpojumu, kas uzskait\u012bti turpm\u0101k, k\u0101 ar\u012b uz\u0146\u0113muma profilu un atsauksmes.<\/p>\n<p><strong>Starptautisk\u0101 p\u0101rcel\u0161an\u0101s<\/strong><\/p>\n<ul>\n<li> P\u0101rcel\u0161an\u0101s sagatavo\u0161ana<\/li>\n<li> Apsprie\u0161ana un aptauja<\/li>\n<li> Dokument\u0101cija<\/li>\n<li> Dro\u0161\u012bbas apsv\u0113rumi<\/li>\n<li> Iepako\u0161ana un iekrau\u0161ana<\/li>\n<li> iekrauj j\u016bsu s\u016bt\u012bjumus tie\u0161i transport\u0113\u0161anas konteiner\u0101.<\/li>\n<li> Muito\u0161ana<\/li>\n<li> Pieg\u0101de un izpako\u0161ana<\/li>\n<\/ul>\n<p><strong>Dz\u012bvojamo telpu p\u0101rvieto\u0161ana<\/strong><\/p>\n<ul>\n<li> P\u0101rcel\u0161an\u0101s pl\u0101no\u0161ana<\/li>\n<li> P\u0101rv\u0101k\u0161an\u0101s lielos att\u0101lumos<\/li>\n<li> Pilna servisa iepako\u0161ana<\/li>\n<li> Pa\u0161pako\u0161an\u0101s<\/li>\n<li> <a href=\"https:\/\/moverdb.com\/lv\/auto-transporta-nosutisana\/\">Transportl\u012bdzeklis<\/a>, laivu un motociklu p\u0101rvad\u0101jumi<\/li>\n<li> Mont\u0101\u017ea\/demont\u0101\u017ea<\/li>\n<li> Ier\u012b\u010du atk\u0101rtota pievieno\u0161ana\/atvieno\u0161ana<\/li>\n<li> Izpako\u0161ana un gru\u017eu izve\u0161ana<\/li>\n<li> S\u016bt\u012bjumu izseko\u0161ana tie\u0161saist\u0113<\/li>\n<li> Senioru p\u0101rvieto\u0161anas pakalpojumi<\/li>\n<\/ul>\n<p><strong>Uz\u0146\u0113mumu p\u0101rvieto\u0161anas pakalpojumi<\/strong><\/p>\n<ul>\n<li> P\u0101rcel\u0161an\u0101s konsultanti<\/li>\n<li> P\u0101rcel\u0161an\u0101s programma, kas atbilst j\u016bsu uz\u0146\u0113muma unik\u0101lajai kult\u016brai, politikai un bud\u017eeta m\u0113r\u0137iem.<\/li>\n<li> Specializ\u0113ti p\u0101rcel\u0161an\u0101s koordinatori <\/li>\n<\/ul>\n<p><strong>Komerci\u0101lie p\u0101rvieto\u0161anas pakalpojumi<\/strong><\/p>\n<ul>\n<li> Biroju p\u0101rvieto\u0161ana<\/li>\n<li> Ierakstu glab\u0101\u0161ana<\/li>\n<li> Noliktavas<\/li>\n<li> Specializ\u0113tais transports<\/li>\n<li> Akt\u012bvu p\u0101rvald\u012bba<\/li>\n<li> CAD telpas pl\u0101no\u0161ana<\/li>\n<li> Projektu vad\u012bba uz vietas<\/li>\n<\/ul>\n<h2>Berger Allied uz\u0146\u0113muma profils<\/h2>\n<p>Berger Transfer and Storage darbojas kop\u0161 1910. gada. Uz\u0146\u0113mums sadarbojas ar priv\u0101tperson\u0101m, uz\u0146\u0113mumiem un valsts iest\u0101d\u0113m. Vi\u0146i uzskata, ka vi\u0146u liel\u0101k\u0101 priek\u0161roc\u012bba ir koncentr\u0113\u0161an\u0101s uz kvalitat\u012bvu klientu apkalpo\u0161anu.<\/p>\n<p>Vi\u0146u autopark\u0101 ir vair\u0101k nek\u0101 600 furgonu un kravas automa\u0161\u012bnu, un vi\u0146i koordin\u0113 aptuveni 24 000 \u0123imenes p\u0101rv\u0101k\u0161anos gad\u0101. Vi\u0146i ar\u012b pal\u012bdz v\u0101kt l\u012bdzek\u013cus United Way, Junior Achievements, Boy Scouts un Girl Scouts of America, March of Dimes, Special Olympics un Move For Hunger.<\/p>\n<p>Berger Transfer and Storage ir \u0161\u0101das akredit\u0101cijas un pieder\u012bbas:<\/p>\n<ul>\n<li> <a href=\"https:\/\/moverdb.com\/lv\/amsa\/\">AMSA<\/a><\/li>\n<li> AHFA<\/li>\n<li> <a href=\"https:\/\/moverdb.com\/lv\/esmu\/\">IAM<\/a><\/li>\n<li> ATA<\/li>\n<li> <a href=\"https:\/\/moverdb.com\/lv\/ritenu-novirzitajs\/\">Promover<\/a><\/li>\n<li> <a href=\"https:\/\/moverdb.com\/lv\/darbinieku-parcelsanas-padome\/\">ERC vis\u0101 pasaul\u0113<\/a><\/li>\n<li> PSA<\/li>\n<li> Move for Hunger<\/li>\n<li> BBB akredit\u0113ts uz\u0146\u0113mums<\/li>\n<\/ul>\n<h2>Berger Allied (Transfer and Storage) Atsauksmes<\/h2>\n<p><strong>Pozit\u012bvi:<\/strong><\/p>\n<ul>\n<li> <em>\"M\u016bsu p\u0101rrobe\u017eu p\u0101rcel\u0161an\u0101s pieredze ar Berger Allied bija tik laba, cik vien tas iesp\u0113jams!\"<\/em> - Paul M via <a href=\"https:\/\/www.yelp.com\/biz\/berger-allied-van-lines-austin?hrid=r3MbhX4j_6c1VOPPSbKe_g&#038;utm_campaign=www_review_share_popup&#038;utm_medium=copy_link&#038;utm_source=(direct)\" target=\"_blank\" rel=\"noopener\">Yelp<\/a> <\/li>\n<li> <em>\"Berger komanda Lasvegas\u0101 ir vienk\u0101r\u0161i apbr\u012bnojama. Vi\u0146i ir ne tikai kompetenti un person\u012bgi, bet vi\u0146u klientu apkalpo\u0161ana, iesp\u0113jams, ir vislab\u0101k\u0101, ar k\u0101du jebkad esmu sask\u0101ries.\"<\/em> - Viki caur <a href=\"https:\/\/www.facebook.com\/pg\/bergermoving\/reviews\/\" target=\"_blank\" rel=\"noopener\">Facebook<\/a><\/li>\n<li> <em>\"Vi\u0146i ierad\u0101s laic\u012bgi. Visas m\u0113beles ietina spilventi\u0146os un velt\u012bja papildu laiku, lai p\u0101rliecin\u0101tos, ka viss ir paveikts pareizi. Vi\u0146i velt\u012bja laiku, lai p\u0101rliecin\u0101tos, ka nav boj\u0101tas sienas.\"<\/em> - Daniels, izmantojot <a href=\"http:\/\/www.movingcompanyreviews.com\/MN\/St-Paul\/berger-transfer-storage-60973\" target=\"_blank\" rel=\"noopener\">MovingCompanyReviews.com<\/a><\/li>\n<\/ul>\n<p><strong>Negat\u012bvs:<\/strong><\/p>\n<ul>\n<li> <em>\"P\u0113c ieteikuma es iznom\u0101ju Berger par p\u0101rcel\u0161anos no <a href=\"https:\/\/moverdb.com\/lv\/moving-to-the-united-states\/moving-to-minnesota\/\" data-internallinksmanager029f6b8e52c=\"443\" title=\"P\u0101rcel\u0161an\u0101s uz Minesotu? 2023 Dz\u012bves izmaksas un p\u0101rcel\u0161an\u0101s padomi\">Minesota<\/a> uz <a href=\"https:\/\/moverdb.com\/lv\/moving-to-the-united-states\/moving-to-california\/\" data-internallinksmanager029f6b8e52c=\"330\" title=\"P\u0101rcel\u0161an\u0101s uz Kaliforniju? 2023 Dz\u012bves izmaksas un p\u0101rcel\u0161an\u0101s padomi\">Kalifornija<\/a>. Biju mekl\u0113jis citus uz\u0146\u0113mumus un t\u0101mes, bet diem\u017e\u0113l izv\u0113l\u0113jos Berger, pamatojoties uz personu, kas sast\u0101d\u012bja t\u0101mi.\"<\/em> - Via <a href=\"https:\/\/www.bbb.org\/minnesota\/business-reviews\/movers\/berger-transfer-storage-inc-in-saint-paul-mn-103\/reviews-and-complaints\" target=\"_blank\" rel=\"noopener\">BBB t\u012bmek\u013ca vietne<\/a><\/li>\n<li> <em>\"Visslikt\u0101k\u0101 klientu apkalpo\u0161ana jebkad. P\u0113c se\u0161u m\u0113ne\u0161u nepareizas r\u0113\u0137inu izrakst\u012b\u0161anas un neskait\u0101miem e-pastiem un telefona zvaniem, lai m\u0113\u0123in\u0101tu atrisin\u0101t probl\u0113mu, man tika pazi\u0146ots, ka manas preces tiek izliktas izsol\u0113.\"<\/em> - Kyle vi <a href=\"https:\/\/www.facebook.com\/pg\/bergermoving\/reviews\/\" target=\"_blank\" rel=\"noopener\">Facebook<\/a><\/li>\n<\/li>\n<li> <em>\"Berger Allied Van Lines veica slikt\u0101ko iepako\u0161anas, p\u0101rvieto\u0161anas un uzglab\u0101\u0161anas darbu par <a href=\"https:\/\/moverdb.com\/lv\/moving-to-the-united-states\/\" data-internallinksmanager029f6b8e52c=\"94\" title=\"P\u0101rce\u013caties uz Amerikas Savienotaj\u0101m Valst\u012bm? 2022 Dz\u012bves izmaksas un p\u0101rcel\u0161an\u0101s padomi\">mums<\/a>.\"<\/em> - Letty via <a href=\"https:\/\/www.yelp.com\/biz\/berger-allied-van-lines-austin?hrid=AMtotqlDmWIUelyZT7YKAw&#038;utm_campaign=www_review_share_popup&#038;utm_medium=copy_link&#038;utm_source=(direct)\" target=\"_blank\" rel=\"noopener\">Yelp<\/a><\/li>\n<\/ul>\n<div itemprop=\"review\" itemscope itemtype=\"http:\/\/schema.org\/Review\">\n<span itemprop=\"author\" itemscope=\"\" itemtype=\"http:\/\/schema.org\/Organization\"><span itemprop=\"name\">MoverDB.com<\/span><\/span> Tie\u0161saistes vietnes p\u0101rskats par <span itemprop=\"itemreviewed\" itemscope=\"\" itemtype=\"http:\/\/schema.org\/Brand\"><span itemprop=\"name\">Berger Allied<\/span><\/span>:<\/p>\n<ol>\n<li> Skaidra kontaktinform\u0101cija t\u012bmek\u013ca vietn\u0113 (tostarp t\u0101lru\u0146a numurs): <strong>J\u0101<\/strong><\/li>\n<li> Viegli ieg\u016bt <a href=\"https:\/\/moverdb.com\/lv\/citati\/\">starptautiskie p\u0101rvietojas cit\u0101ti<\/a>? (Tie\u0161saistes t\u0101mes piepras\u012bjuma veidlapa): <strong>J\u0101<\/strong><\/li>\n<li> Skaidra inform\u0101cija t\u012bmek\u013ca vietn\u0113: <strong>Da\u013c\u0113js<\/strong>, ir daudz visp\u0101r\u012bgas inform\u0101cijas par p\u0101rvieto\u0161anos, bet nekas p\u0101r\u0101k specifisks.<\/li>\n<li> Dal\u012bba starptautiski atz\u012bt\u0101s kust\u012bbu organiz\u0101cij\u0101s: <strong>J\u0101<\/strong>, daudzi, skat\u012bt iepriek\u0161<\/li>\n<li> Klientu saraksts un\/vai iepriek\u0161\u0113jo klientu atsauksmes: <strong>N\u0113<\/strong>, t\u012bmek\u013ca vietn\u0113 nav atsauksmju, ko m\u0113s var\u0113tu atrast, un atsauksmes no interneta ir nedaudz jauktas. <\/li>\n<\/ol>\n<div itemprop=\"reviewRating\" itemscope itemtype=\"http:\/\/schema.org\/Rating\"><meta itemprop=\"worstRating\" content = \"0\" \/><meta itemprop=\"bestRating\" content=\"5\" \/><meta itemprop=\"ratingValue\" content=\"3.5\"><\/div>\n<p><strong>Kop\u0113jais v\u0113rt\u0113jums: 3,5\/5<\/strong><br \/>\n<strong>P\u0101rskata datums:<\/strong> <span itemprop=\"datePublished\" content=\"2016-11-21\">21\/11\/2016<\/span>\n<\/div>\n<p>Las\u012bt vair\u0101k par <a href=\"https:\/\/moverdb.com\/lv\/parvietojas-uznemumi\/\">starptautiskie p\u0101rvieto\u0161an\u0101s uz\u0146\u0113mumi<\/a>, <a href=\"https:\/\/moverdb.com\/lv\/us-kanada-parvietotaji\/\">ASV p\u0101rvietot\u0101ji<\/a> un m\u016bsu <a href=\"https:\/\/moverdb.com\/lv\/atsauksmes\/\">p\u0101rskat\u012b\u0161anas process<\/a>.<\/p>\n<p><strong>T\u012bmek\u013ca vietne:<\/strong> <a href=\"https:\/\/www.bergerallied.com\" target=\"_blank\" rel=\"noopener\">https:\/\/www.bergerallied.com<\/a><\/p>","protected":false},"excerpt":{"rendered":"<p>Berger Allied (officially Berger Transfer &#038; Storage) is based in St. Paul, MN. It offers its customers a range of moving services which are listed below, together with a company profile and reviews. International Moving Move Preparation Consultation and Survey Documentation Safety Considerations Packing and Loading Live loads your items directly into a shipping container [&hellip;]<\/p>\n","protected":false},"author":1,"featured_media":0,"parent":0,"menu_order":0,"comment_status":"closed","ping_status":"closed","template":"","meta":{"_genesis_hide_title":false,"_genesis_hide_breadcrumbs":false,"_genesis_hide_singular_image":false,"_genesis_hide_footer_widgets":false,"_genesis_custom_body_class":"","_genesis_custom_post_class":"","_genesis_layout":"","footnotes":""},"class_list":{"0":"post-1037","1":"page","2":"type-page","3":"status-publish","5":"entry"},"_links":{"self":[{"href":"https:\/\/moverdb.com\/lv\/wp-json\/wp\/v2\/pages\/1037","targetHints":{"allow":["GET"]}}],"collection":[{"href":"https:\/\/moverdb.com\/lv\/wp-json\/wp\/v2\/pages"}],"about":[{"href":"https:\/\/moverdb.com\/lv\/wp-json\/wp\/v2\/types\/page"}],"author":[{"embeddable":true,"href":"https:\/\/moverdb.com\/lv\/wp-json\/wp\/v2\/users\/1"}],"replies":[{"embeddable":true,"href":"https:\/\/moverdb.com\/lv\/wp-json\/wp\/v2\/comments?post=1037"}],"version-history":[{"count":6,"href":"https:\/\/moverdb.com\/lv\/wp-json\/wp\/v2\/pages\/1037\/revisions"}],"predecessor-version":[{"id":6183,"href":"https:\/\/moverdb.com\/lv\/wp-json\/wp\/v2\/pages\/1037\/revisions\/6183"}],"wp:attachment":[{"href":"https:\/\/moverdb.com\/lv\/wp-json\/wp\/v2\/media?parent=1037"}],"curies":[{"name":"wp","href":"https:\/\/api.w.org\/{rel}","templated":true}]}}