{"id":1036,"date":"2016-11-05T16:39:46","date_gmt":"2016-11-05T16:39:46","guid":{"rendered":"http:\/\/moverdb.com\/?page_id=1036"},"modified":"2026-01-08T14:47:46","modified_gmt":"2026-01-08T14:47:46","slug":"beltmann-relocation","status":"publish","type":"page","link":"https:\/\/moverdb.com\/lv\/beltmann-relocation\/","title":{"rendered":"Beltmann Relocation Group: P\u0101rv\u0101k\u0161an\u0101s starptautiskie p\u0101rv\u0101k\u0161an\u0101s Atsauksmes"},"content":{"rendered":"<p>Beltmann Relocation Group saviem klientiem pied\u0101v\u0101 da\u017e\u0101dus p\u0101rcel\u0161an\u0101s pakalpojumus gan starptautisk\u0101, gan viet\u0113j\u0101 m\u0113rog\u0101. \u0160ie pakalpojumi ir uzskait\u012bti turpm\u0101k kop\u0101 ar uz\u0146\u0113muma profilu un atsauksm\u0113m.<\/p>\n<p><strong>Starptautisk\u0101s p\u0101rcel\u0161an\u0101s<\/strong><\/p>\n<ul>\n<li> Starptautiskie uz\u0146\u0113mumu p\u0101rv\u0101k\u0161an\u0101s dar\u012bjumi<\/li>\n<li> Atsevi\u0161\u0137i g\u0101jieni<\/li>\n<li> Apvienoto N\u0101ciju Organiz\u0101cija<\/li>\n<li> Pal\u012bdz\u012bba un nor\u0101d\u012bjumi muitas un imigr\u0101cijas jaut\u0101jumos<\/li>\n<li> Pal\u012bdz\u012bba m\u0101jdz\u012bvnieku p\u0101rvieto\u0161an\u0101<\/li>\n<li> No durv\u012bm l\u012bdz durv\u012bm<\/li>\n<li> Pie\u0161\u0137irtais p\u0101rvieto\u0161anas p\u0101rvaldnieks<\/li>\n<li> Pieejams pilns serviss<\/li>\n<li> Apdro\u0161in\u0101\u0161ana organiz\u0113ta<\/li>\n<\/ul>\n<p><strong>Biroju un r\u016bpniec\u012bbas p\u0101rcel\u0161an\u0101s<\/strong><\/p>\n<ul>\n<li> Viet\u0113j\u0101 un t\u0101l\u0101ka biroja p\u0101rvieto\u0161ana<\/li>\n<li> Starpdienestu p\u0101rvieto\u0161ana<\/li>\n<li> Datoru un elektronikas p\u0101rvieto\u0161ana<\/li>\n<li> Telpu pl\u0101no\u0161ana un dizains<\/li>\n<li> Pl\u0101no\u0161anas san\u0101ksmes pirms p\u0101rcel\u0161an\u0101s<\/li>\n<li> Uzraudz\u012bba uz vietas<\/li>\n<li> Pakalpojumi p\u0113c p\u0101rcel\u0161an\u0101s<\/li>\n<li> R\u016bpniecisk\u0101 p\u0101rvieto\u0161an\u0101s pal\u012bdz\u012bba<\/li>\n<li> Augstas dro\u0161\u012bbas p\u0101rvietojas<\/li>\n<li> Slepenas inform\u0101cijas p\u0101rvieto\u0161ana<\/li>\n<li> Apdro\u0161in\u0101\u0161ana organiz\u0113ta<\/li>\n<\/ul>\n<p><strong>Uz\u0146\u0113mumu p\u0101rvieto\u0161ana<\/strong><\/p>\n<ul>\n<li> Vad\u012bt\u0101ju p\u0101rcel\u0161an\u0101s pakalpojumi augst\u0101k\u0101 l\u012bme\u0146a vad\u012bt\u0101jiem<\/li>\n<li> P\u0101rvieto\u0161anas vad\u012bt\u0101js <\/li>\n<li> No durv\u012bm l\u012bdz durv\u012bm<\/li>\n<li> Iepako\u0161ana un izpako\u0161ana<\/li>\n<li> S\u016bt\u012bjumu izseko\u0161ana<\/li>\n<li> Apdro\u0161in\u0101\u0161ana organiz\u0113ta<\/li>\n<\/ul>\n<p><strong>M\u0101jsaimniec\u012bbas p\u0101rv\u0101k\u0161an\u0101s<\/strong><\/p>\n<ul>\n<li> Viet\u0113jie p\u0101rvadi<\/li>\n<li> P\u0101rvieto\u0161an\u0101s lielos att\u0101lumos<\/li>\n<li> No durv\u012bm l\u012bdz durv\u012bm<\/li>\n<li> Iepako\u0161ana un izpako\u0161ana<\/li>\n<li> Apdro\u0161in\u0101\u0161ana organiz\u0113ta<\/li>\n<\/ul>\n<p><strong>Uzglab\u0101\u0161ana<\/strong><\/p>\n<ul>\n<li> Ilgtermi\u0146a vai \u012bstermi\u0146a<\/li>\n<li> Apsild\u0101ma noliktava <\/li>\n<li> Uzglab\u0101 aizz\u012bmogot\u0101 glab\u0101\u0161anas seif\u0101<\/li>\n<li> VIDEONOV\u0112RO\u0160ANA<\/li>\n<li> Ugunsdro\u0161\u012bba un aizsardz\u012bba pret kait\u0113k\u013ciem<\/li>\n<\/ul>\n<h2>Beltmann Relocation Uz\u0146\u0113muma profils<\/h2>\n<p>Uz\u0146\u0113mumu Beltmann Group 1955. gad\u0101 dibin\u0101ja Battina \u0123imene, un tas joproj\u0101m pieder \u0123imenei. Tas ir viens no liel\u0101kajiem un vec\u0101kajiem p\u0101rst\u0101vjiem <a href=\"https:\/\/moverdb.com\/lv\/north-american-van-lines\/\">North American Van Lines<\/a> un t\u0101s galven\u0101 m\u012btne atrodas <a href=\"https:\/\/moverdb.com\/lv\/parvietojas-uz-neapoli\/\">Minneapolis<\/a>. <\/p>\n<p>Beltmann grupai pieder vair\u0101k nek\u0101 700 da\u017e\u0101da raksturojuma transportl\u012bdzek\u013cu autoparks, un tai ir 14 fili\u0101les.<\/p>\n<p>Beltmann sol\u012bjums ir \"Esi klients\". Ikviens darbinieks tiek aicin\u0101ts nost\u0101ties klienta viet\u0101 un iztur\u0113ties pret vi\u0146u t\u0101, k\u0101 vi\u0146\u0161 pats v\u0113l\u0113tos, lai izturas pret vi\u0146u. Uz\u0146\u0113mums ir lepns \"Habitat for Humanity\" atbalst\u012bt\u0101js.<\/p>\n<p>Beltmann Relocation ir \u0161\u0101das fili\u0101les un akredit\u0101cijas:<\/p>\n<ul>\n<li> <a href=\"https:\/\/moverdb.com\/lv\/ritenu-novirzitajs\/\">Re\u0123istr\u0113ts starptautiskais p\u0101rvietot\u0101js<\/a> (<a href=\"https:\/\/moverdb.com\/lv\/rim-promover\/\" data-internallinksmanager029f6b8e52c=\"76\" title=\"RIM International ProMover sertifik\u0101cijas skaidrojums\">RIM<\/a>)<\/li>\n<li> <a href=\"https:\/\/moverdb.com\/lv\/ritenu-novirzitajs\/\">ProMover<\/a><\/li>\n<li> <a href=\"https:\/\/moverdb.com\/lv\/amsa\/\">Amerikas P\u0101rv\u0101k\u0161an\u0101s un uzglab\u0101\u0161anas asoci\u0101cija<\/a> (<a href=\"https:\/\/moverdb.com\/lv\/amsa\/\" data-internallinksmanager029f6b8e52c=\"5\" title=\"Amerikas P\u0101rv\u0101k\u0161an\u0101s un uzglab\u0101\u0161anas asoci\u0101cijas (AMSA) skaidrojums\">AMSA<\/a>)<\/li>\n<li> Zieme\u013camerikas kvalit\u0101tes balvas ieguv\u0113js<\/li>\n<li> Akredit\u0113ts Better Business Bureau (BBB)<\/li>\n<\/ul>\n<p><strong>Beltmann Relocation Atsauksmes<\/strong><\/p>\n<p><strong>Pozit\u012bvi:<\/strong><\/p>\n<ul>\n<li> <em>\"M\u016bsu p\u0101rcel\u0161an\u0101s norit\u0113ja lieliski. Autovad\u012bt\u0101js un apkalpe no ab\u0101m pus\u0113m str\u0101d\u0101ja labi.\"<\/em> - Kreigs, izmantojot Beltmann atsauksmju lapu<\/li>\n<li> <em>\"Gadu gait\u0101 esam vair\u0101kk\u0101rt p\u0101rc\u0113lu\u0161ies, un man j\u0101saka, ka Beltman bija vislab\u0101kais. Uzman\u012bba, ar k\u0101du vi\u0146i pakoja un iekr\u0101va m\u016bsu mantas, bija iev\u0113rojama.\"<\/em> - Abby caur <a href=\"https:\/\/www.facebook.com\/pg\/BeltmannRelocation\/reviews\/\" target=\"_blank\" rel=\"noopener\">Facebook<\/a><\/li>\n<\/ul>\n<p><strong>Negat\u012bvs:<\/strong><\/p>\n<ul>\n<li> <em>\"M\u0113s v\u0113l neesam pabeigu\u0161i pat 1\/3 no izk\u0101rto\u0161anas ce\u013ca, un mums jau ir vismaz 15 saboj\u0101tu vai salauztu priek\u0161metu saraksts. Da\u017e\u0101s kast\u0113s lietas ir vienk\u0101r\u0161i izmestas, nav iesai\u0146otas vai nostiprin\u0101tas.\"<\/em> Amy via <a href=\"https:\/\/www.facebook.com\/pg\/BeltmannRelocation\/reviews\/\" target=\"_blank\" rel=\"noopener\">Facebook<\/a><\/li>\n<li> <em>\"Dariet sev pakalpojumu. Neizmantojiet \u0161o uz\u0146\u0113mumu. Izdz\u0113siet vi\u0146u numuru, blo\u0137\u0113jiet vi\u0146u zvanus. Cit\u0101da procesa da\u013ca (j\u016bs zin\u0101t, kur vi\u0146i cen\u0161as ieg\u016bt j\u016bsu biznesu) bija lieliska. Pre\u010du sa\u0146em\u0161ana - \u012bk\u0161\u0137i uz aug\u0161u. pre\u010du pieg\u0101de - liels \u012bk\u0161\u0137is uz leju.\"<\/em> - Kima, izmantojot <a href=\"https:\/\/www.yelp.com\/biz\/beltmann-relocation-group-glendale-heights?hrid=tJAoAv--s6WetooAeYOQew&#038;utm_campaign=www_review_share_popup&#038;utm_medium=copy_link&#038;utm_source=(direct)\" target=\"_blank\" rel=\"noopener\">Yelp<\/a><\/li>\n<\/ul>\n<div itemprop=\"review\" itemscope itemtype=\"http:\/\/schema.org\/Review\">\n<span itemprop=\"author\" itemscope=\"\" itemtype=\"http:\/\/schema.org\/Organization\"><span itemprop=\"name\">MoverDB.com<\/span><\/span> Tie\u0161saistes vietnes p\u0101rskats par <span itemprop=\"itemreviewed\" itemscope=\"\" itemtype=\"http:\/\/schema.org\/Brand\"><span itemprop=\"name\">Beltmann Relocation Group<\/span><\/span>:<\/p>\n<ol>\n<li> Skaidra kontaktinform\u0101cija t\u012bmek\u013ca vietn\u0113 (tostarp t\u0101lru\u0146a numurs): <strong>J\u0101<\/strong><\/li>\n<li> Viegli ieg\u016bt <a href=\"https:\/\/moverdb.com\/lv\/citati\/\">starptautiskie p\u0101rvietojas cit\u0101ti<\/a>? (Tie\u0161saistes t\u0101mes piepras\u012bjuma veidlapa): <strong>J\u0101<\/strong><\/li>\n<li> Skaidra inform\u0101cija t\u012bmek\u013ca vietn\u0113: <strong>J\u0101<\/strong>, T\u012bmek\u013ca vietn\u0113 ir noder\u012bgi p\u0101rcel\u0161an\u0101s resursi, tostarp bie\u017ei uzdotie jaut\u0101jumi un padomi.<\/li>\n<li> Dal\u012bba starptautiski atz\u012bt\u0101s kust\u012bbu organiz\u0101cij\u0101s: <strong>J\u0101<\/strong>, daudzi, skat\u012bt iepriek\u0161<\/li>\n<li> Klientu saraksts un\/vai iepriek\u0161\u0113jo klientu atsauksmes: <strong>J\u0101,<\/strong> t\u012bmek\u013ca vietn\u0113 ir pozit\u012bvas atsauksmes, bet atsauksmes no interneta ir nedaudz vair\u0101k jauktas.<\/li>\n<\/ol>\n<div itemprop=\"reviewRating\" itemscope itemtype=\"http:\/\/schema.org\/Rating\"><meta itemprop=\"worstRating\" content = \"0\" \/><meta itemprop=\"bestRating\" content=\"5\" \/><meta itemprop=\"ratingValue\" content=\"4.5\"><\/div>\n<p><strong>Kop\u0113jais v\u0113rt\u0113jums: 4,5\/5<\/strong><br \/>\n<strong>P\u0101rskata datums:<\/strong> <span itemprop=\"datePublished\" content=\"2016-11-05\">05\/11\/2016<\/span>\n<\/div>\n<p>Las\u012bt vair\u0101k par <a href=\"https:\/\/moverdb.com\/lv\/parvietojas-uznemumi\/\">starptautiskie p\u0101rvietot\u0101ji<\/a>, <a href=\"https:\/\/moverdb.com\/lv\/us-kanada-parvietotaji\/\">ASV iek\u0161zemes p\u0101rvietot\u0101ji<\/a> un m\u016bsu <a href=\"https:\/\/moverdb.com\/lv\/atsauksmes\/\">p\u0101rskat\u012b\u0161anas process<\/a>.<\/p>\n<p><strong>T\u012bmek\u013ca vietne:<\/strong> <a href=\"http:\/\/www.beltmann.com\/\" target=\"_blank\" rel=\"noopener\">http:\/\/www.beltmann.com\/<\/a><\/p>","protected":false},"excerpt":{"rendered":"<p>The Beltmann Relocation Group offers its customers a variety of moving services internationally and locally. These services are listed below together with a company profile and reviews. International Moves International corporate moves Individual moves United Nations Assistance and guidance with customs and immigration Assistance with pet relocation Door-to-door Move manager allocated Full service available Insurance [&hellip;]<\/p>\n","protected":false},"author":1,"featured_media":0,"parent":0,"menu_order":0,"comment_status":"closed","ping_status":"closed","template":"","meta":{"_genesis_hide_title":false,"_genesis_hide_breadcrumbs":false,"_genesis_hide_singular_image":false,"_genesis_hide_footer_widgets":false,"_genesis_custom_body_class":"","_genesis_custom_post_class":"","_genesis_layout":"","footnotes":""},"class_list":{"0":"post-1036","1":"page","2":"type-page","3":"status-publish","5":"entry"},"_links":{"self":[{"href":"https:\/\/moverdb.com\/lv\/wp-json\/wp\/v2\/pages\/1036","targetHints":{"allow":["GET"]}}],"collection":[{"href":"https:\/\/moverdb.com\/lv\/wp-json\/wp\/v2\/pages"}],"about":[{"href":"https:\/\/moverdb.com\/lv\/wp-json\/wp\/v2\/types\/page"}],"author":[{"embeddable":true,"href":"https:\/\/moverdb.com\/lv\/wp-json\/wp\/v2\/users\/1"}],"replies":[{"embeddable":true,"href":"https:\/\/moverdb.com\/lv\/wp-json\/wp\/v2\/comments?post=1036"}],"version-history":[{"count":6,"href":"https:\/\/moverdb.com\/lv\/wp-json\/wp\/v2\/pages\/1036\/revisions"}],"predecessor-version":[{"id":6182,"href":"https:\/\/moverdb.com\/lv\/wp-json\/wp\/v2\/pages\/1036\/revisions\/6182"}],"wp:attachment":[{"href":"https:\/\/moverdb.com\/lv\/wp-json\/wp\/v2\/media?parent=1036"}],"curies":[{"name":"wp","href":"https:\/\/api.w.org\/{rel}","templated":true}]}}