{"id":1034,"date":"2017-01-10T06:29:27","date_gmt":"2017-01-10T06:29:27","guid":{"rendered":"http:\/\/moverdb.com\/?page_id=1034"},"modified":"2026-05-15T14:59:54","modified_gmt":"2026-05-15T14:59:54","slug":"hilldrup-moving-storage","status":"publish","type":"page","link":"https:\/\/moverdb.com\/lv\/hilldrup-moving-storage\/","title":{"rendered":"Hilldrup Moving &amp; Storage: P\u0101rv\u0101k\u0161an\u0101s starptautiskie apskati"},"content":{"rendered":"<p>Hilldrup Moving and Storage atrodas Stafford VA. Uz\u0146\u0113mums saviem klientiem pied\u0101v\u0101 da\u017e\u0101dus pakalpojumus, kas uzskait\u012bti turpm\u0101k, k\u0101 ar\u012b uz\u0146\u0113muma profilu un atsauksmes.<\/p>\n<p><strong>Starptautiskie p\u0101rcel\u0161an\u0101s pakalpojumi<\/strong><\/p>\n<p>P\u0101rcel\u0161an\u0101s pal\u012bdz\u012bba<\/p>\n<ul>\n<li> Cilv\u0113kresursu konsult\u0101cijas un strat\u0113\u0123isk\u0101 pl\u0101no\u0161ana<\/li>\n<li> M\u0101rketinga pal\u012bdz\u012bba<\/li>\n<li> M\u0101jas p\u0101rdo\u0161anas programma<\/li>\n<li> Izdevumu administr\u0113\u0161ana<\/li>\n<li> Pagaidu dz\u012bvesvieta<\/li>\n<li> Starptautiskie nor\u012bkojumu pakalpojumi<\/li>\n<li> Galam\u0113r\u0137a un iek\u0101rto\u0161an\u0101s pakalpojumi<\/li>\n<li> P\u0101rvieto\u0161an\u0101s p\u0101rvald\u012bbas programmas<\/li>\n<li> Atalgojuma, nodok\u013cu un algu apr\u0113\u0137ina apsv\u0113rumi<\/li>\n<li> Piel\u0101gotie zi\u0146ojumi<\/li>\n<li> Vienreiz\u0113ja maks\u0101juma administr\u0113\u0161ana<\/li>\n<\/ul>\n<p>P\u0101rvieto\u0161anas p\u0101rvald\u012bba<\/p>\n<ul>\n<li> Specializ\u0113ts starptautisk\u0101s p\u0101rcel\u0161an\u0101s konsultants<\/li>\n<li> P\u0101rvald\u012bt visus iek\u0161zemes un oke\u0101na\/gaisa p\u0101rvad\u0101jumus.<\/li>\n<li> Pal\u012bdz\u012bba pasu, v\u012bzu un muitas jaut\u0101jumos<\/li>\n<\/ul>\n<p>Uzglab\u0101\u0161anas iesp\u0113jas<\/p>\n<ul>\n<li> Ilgtermi\u0146a un \u012bstermi\u0146a uzglab\u0101\u0161ana<\/li>\n<li> Neierobe\u017eota piek\u013cuve noliktav\u0101m vis\u0101 pasaul\u0113<\/li>\n<li> 24\/7 apsardze<\/li>\n<li> Sprinkleri un ugunsdz\u0113s\u012bbas sist\u0113mas<\/li>\n<li> DOD sertific\u0113ts<\/li>\n<li> Pieejamas 200 000 kvadr\u0101tp\u0113das klimata kontrol\u0113tas noliktavas.<\/li>\n<li> Automobi\u013ci, laivas un apdz\u012bvojam\u0101s automa\u0161\u012bnas<\/li>\n<li> Ilgtermi\u0146a glab\u0101\u0161an\u0101 eso\u0161o transportl\u012bdzek\u013cu apkope.<\/li>\n<\/ul>\n<p><strong>Uz\u0146\u0113mumu p\u0101rcel\u0161an\u0101s - starptautisk\u0101 un viet\u0113j\u0101 m\u0113rog\u0101<\/strong><\/p>\n<p>Izbrauk\u0161anas pakalpojumi<\/p>\n<ul>\n<li> Home M\u0101rketinga pal\u012bdz\u012bba<\/li>\n<li> \u012apa\u0161uma p\u0101rvald\u012bba<\/li>\n<li> M\u0101jsaimniec\u012bbas pre\u010du s\u016bt\u012bjumi<\/li>\n<li> Ce\u013cojumu pal\u012bdz\u012bba<\/li>\n<\/ul>\n<p>Galam\u0113r\u0137a pakalpojumi<\/p>\n<ul>\n<li> Orient\u0113\u0161an\u0101s uz galam\u0113r\u0137i<\/li>\n<li> Pal\u012bdz\u012bba m\u0101jas mekl\u0113\u0161an\u0101<\/li>\n<li> Hipotek\u0101r\u0101 pal\u012bdz\u012bba<\/li>\n<li> Pagaidu m\u0101joklis<\/li>\n<li> Nomas pal\u012bdz\u012bba<\/li>\n<li> \u0122imenes p\u0101rejas pal\u012bdz\u012bba<\/li>\n<\/ul>\n<p>Glob\u0101lais uzdevums<\/p>\n<ul>\n<li> Orient\u0101cija p\u0113c apgabala<\/li>\n<li> Pagaidu dz\u012bvo\u0161ana<\/li>\n<li> Valodu apm\u0101c\u012bba<\/li>\n<li> V\u012bzu un imigr\u0101cijas pakalpojumi<\/li>\n<li> \u012ares p\u0101rvald\u012bba<\/li>\n<li> Izmaksu prognozes<\/li>\n<li> M\u0101jas Atra\u0161ana<\/li>\n<li> Iek\u0101rto\u0161an\u0101s pakalpojumi<\/li>\n<li> Starpkult\u016bru apm\u0101c\u012bba<\/li>\n<li> Pal\u012bdz\u012bba skolu un izgl\u012bt\u012bbas mekl\u0113\u0161an\u0101<\/li>\n<li> Laul\u0101t\u0101\/partnera atbalsta programmas<\/li>\n<\/ul>\n<p><strong>Vald\u012bba un milit\u0101rie dienesti<\/strong><\/p>\n<ul>\n<li> CHAMP<\/li>\n<li> DOD m\u0101jsaimniec\u012bbas p\u0101rvieto\u0161ana<\/li>\n<li> Pilns p\u0101rvieto\u0161anas feder\u0101lais pieg\u0101des grafiks<\/li>\n<li> Biroja p\u0101rvieto\u0161anas feder\u0101lais pieg\u0101des grafiks<\/li>\n<\/ul>\n<p><strong>Dz\u012bvojamo \u0113ku p\u0101rcel\u0161an\u0101s pakalpojumi<\/strong><\/p>\n<ul>\n<li> No durv\u012bm l\u012bdz durv\u012bm<\/li>\n<li> Pieejams pilns serviss<\/li>\n<li> Pieejama ilgtermi\u0146a un \u012bstermi\u0146a uzglab\u0101\u0161ana<\/li>\n<li> Iepako\u0161ana un izpako\u0161ana<\/li>\n<li> Apdro\u0161in\u0101\u0161ana organiz\u0113ta<\/li>\n<li> Automobi\u013cu transports<\/li>\n<\/ul>\n<p><strong>Komerci\u0101lie p\u0101rvieto\u0161anas pakalpojumi<\/strong><\/p>\n<ul>\n<li> P\u0101rvieto\u0161anas p\u0101rvald\u012bba vis\u0101 pasaul\u0113<\/li>\n<li> Biroju p\u0101rvieto\u0161ana vis\u0101 valst\u012b<\/li>\n<li> Campus iestat\u012bjumi<\/li>\n<li> Bud\u017eeta\/izmaksu anal\u012bze<\/li>\n<li> Uzst\u0101d\u012b\u0161ana<\/li>\n<li> P\u0101rkonfigur\u0113\u0161ana<\/li>\n<li> Akt\u012bvu p\u0101rvald\u012bba<\/li>\n<li> Noliktavas<\/li>\n<li> IT atvieno\u0161ana\/atvieno\u0161ana<\/li>\n<li> Piel\u0101gota dizaina vajadz\u012bbu anal\u012bze IT vajadz\u012bb\u0101m<\/li>\n<li> T\u012bmek\u013ca likvid\u0101cija<\/li>\n<\/ul>\n<h2>Hilldrup Moving &amp; Storage Uz\u0146\u0113muma profils<\/h2>\n<p>R. G. Hilldrupa kungs 1903. gad\u0101 nodibin\u0101ja uz\u0146\u0113mumu, kas tagad ir Hilldrup Moving and Storage Company. Pag\u0101ju\u0161\u0101 gadsimta 40. gados uz\u0146\u0113mums tika p\u0101rdots vienam no t\u0101 darbiniekiem - K. B. Makdanielam. 1964. gad\u0101 Hilldrup sadarboj\u0101s ar <a href=\"https:\/\/moverdb.com\/lv\/united-van-lines\/\">United Van Lines<\/a> kas \u013c\u0101va uz\u0146\u0113mumam iev\u0113rojami papla\u0161in\u0101t savus pakalpojumus. Tagad uz\u0146\u0113mums priv\u0101tperson\u0101m un korporat\u012bvajiem klientiem pied\u0101v\u0101 viet\u0113jos, valsts un starptautiskos p\u0101rv\u0101k\u0161an\u0101s pakalpojumus, k\u0101 ar\u012b pla\u0161as noliktavas telpas. <\/p>\n<p>Hilldrupu tagad vada McDanielu jau tre\u0161\u0101 paaudze, un uz\u0146\u0113mums stingri tic \u0123imenes sp\u0113kam. \u0160o \u0113tiku vi\u0146i p\u0101rnes uz saviem klientiem. Hilldrup labpr\u0101t dod ieguld\u012bjumu un atbalsta daudzas labdar\u012bbas organiz\u0101cijas sav\u0101s kopien\u0101s.<\/p>\n<p>Hilldrup Moving and Storage ir \u0161\u0101das akredit\u0101cijas un pieder\u012bbas:<\/p>\n<ul>\n<li> <a href=\"https:\/\/moverdb.com\/lv\/amsa\/\">Amerikas P\u0101rv\u0101k\u0161an\u0101s un uzglab\u0101\u0161anas asoci\u0101cija<\/a> (<a href=\"https:\/\/moverdb.com\/lv\/amsa\/\" data-internallinksmanager029f6b8e52c=\"5\" title=\"Amerikas P\u0101rv\u0101k\u0161an\u0101s un uzglab\u0101\u0161anas asoci\u0101cijas (AMSA) skaidrojums\">AMSA<\/a>)<\/li>\n<li> <a href=\"https:\/\/moverdb.com\/lv\/ritenu-novirzitajs\/\">AMSA Re\u0123istr\u0113to starptautisko p\u0101rvad\u0101t\u0101ju (RIM) sertifik\u0101cija<\/a><\/li>\n<li> Amerikas Autop\u0101rvad\u0101t\u0101ju asoci\u0101cija (ATA)<\/li>\n<li> Better Business Bureau vis\u0101m fili\u0101l\u0113m<\/li>\n<li> Starptautisko uzdevumu vad\u012bbas centrs (CIAM)<\/li>\n<li> Centraliz\u0113ta m\u0101jsaimniec\u012bbas pre\u010du satiksmes p\u0101rvald\u012bbas programma (CHAMP)<\/li>\n<li> Sertific\u0113ta p\u0101rcel\u0161an\u0101s profesion\u0101\u013ca (CRP) nosaukumi<\/li>\n<li> CoreNet Global<\/li>\n<li> <a href=\"https:\/\/moverdb.com\/lv\/darbinieku-parcelsanas-padome\/\">Darbinieku p\u0101rvieto\u0161anas padome<\/a> (<a href=\"https:\/\/moverdb.com\/lv\/employee-relocation-council\/\" data-internallinksmanager029f6b8e52c=\"83\" title=\"Izskaidrots par darbinieku p\u0101rvieto\u0161anas padomi (ERC) vis\u0101 pasaul\u0113\">ERC<\/a>)<\/li>\n<li> Feder\u0101l\u0101 j\u016brniec\u012bbas komisija<\/li>\n<li> <a href=\"https:\/\/moverdb.com\/lv\/fidi-faim\/\">F\u00e9d\u00e9ration Internationale des D\u00e9m\u00e9nageurs Internationaux \/ Starptautisko p\u0101rcel\u0161an\u0101s uz\u0146\u0113mumu feder\u0101cija<\/a> (<a href=\"https:\/\/moverdb.com\/lv\/fidi-faim\/\" data-internallinksmanager029f6b8e52c=\"16\" title=\"FIDI un FAIM (FIDI akredit\u0113tais starptautiskais p\u0101rvietot\u0101js) skaidrojums\">FIDI<\/a>)<\/li>\n<li> FIDI FAIM\/ISO sertifik\u0101cija<\/li>\n<li> Glob\u0101l\u0101s mobilit\u0101tes speci\u0101lista (GMS) nosaukumi<\/li>\n<li> <a href=\"https:\/\/moverdb.com\/lv\/hgfaa\/\">M\u0101jsaimniec\u012bbas pre\u010du ekspeditoru asoci\u0101cija<\/a> (HHGFA)<\/li>\n<li> <a href=\"https:\/\/moverdb.com\/lv\/iata\/\">Starptautisk\u0101 Gaisa transporta asoci\u0101cija<\/a> (<a href=\"https:\/\/moverdb.com\/lv\/iata\/\" data-internallinksmanager029f6b8e52c=\"22\" title=\"Starptautisk\u0101s Gaisa transporta asoci\u0101cijas (IATA) skaidrojumi\">IATA<\/a>)<\/li>\n<li> <a href=\"https:\/\/moverdb.com\/lv\/esmu\/\">Starptautisk\u0101 P\u0101rv\u0101c\u0113ju asoci\u0101cija<\/a> (<a href=\"https:\/\/moverdb.com\/lv\/iam\/\" data-internallinksmanager029f6b8e52c=\"23\" title=\"Starptautisk\u0101s P\u0101rv\u0101c\u0113ju asoci\u0101cijas (IAM) skaidrojumi\">IAM<\/a>)<\/li>\n<li> Starptautisk\u0101 \u0113ku apsaimnieko\u0161anas asoci\u0101cija (IFMA)<\/li>\n<li> ISO 9001:2000 sertifik\u0101cija<\/li>\n<li> <a href=\"https:\/\/moverdb.com\/lv\/lacma\/\">Lat\u012b\u0146amerikas un Kar\u012bbu j\u016bras re\u0123iona valstu P\u0101rv\u0101c\u0113ju asoci\u0101cija<\/a> (<a href=\"https:\/\/moverdb.com\/lv\/lacma\/\" data-internallinksmanager029f6b8e52c=\"28\" title=\"Lat\u012b\u0146amerikas un Kar\u012bbu j\u016bras re\u0123iona valstu Starptautisko P\u0101rv\u0101c\u0113ju asoci\u0101cija (LACMA)\">LACMA<\/a>)<\/li>\n<li> Starptautisk\u0101 Profesion\u0101lo darbinieku p\u0101rcel\u0161an\u0101s padome (PERC International)<\/li>\n<li> <a href=\"https:\/\/moverdb.com\/lv\/ritenu-novirzitajs\/\">ProMover<\/a><\/li>\n<li> UniGroup Worldwide Sertific\u0113ts starptautiskais a\u0123ents - ekspeditors<\/li>\n<li> UniGroup Worldwide UTS a\u0123ents Forwarder<\/li>\n<\/ul>\n<h2>Hilldrup Moving &amp; Storage Atsauksmes<\/h2>\n<p><strong>Pozit\u012bvi:<\/strong><\/p>\n<ul>\n<li> <em>\"Vi\u0146i visu p\u0101rvietoja un paveica lielisku darbu.  Ar\u012b biroja darbinieki bija lieliski, atbildot uz jaut\u0101jumiem un p\u0101rliecinoties, ka m\u0113s zin\u0101m visu par p\u0101rcel\u0161anos.\"\"<\/em> - Michael S. via <a href=\"https:\/\/www.yelp.co.uk\/biz\/hilldrup-moving-and-storage-stafford?hrid=hESxKCc7GvTBdlp-kN4udw&#038;utm_campaign=www_review_share_popup&#038;utm_medium=copy_link&#038;utm_source=(direct)\" target=\"_blank\" rel=\"noopener\">Yelp<\/a>.<\/li>\n<li> <em>\"M\u0113s nevar\u0113j\u0101m b\u016bt apmierin\u0101t\u0101ki ar \u0161o uz\u0146\u0113mumu, no t\u0101mes l\u012bdz gal\u012bgajai pieg\u0101dei vi\u0146i bija savlaic\u012bgi, profesion\u0101li, piekl\u0101j\u012bgi un \u013coti draudz\u012bgi.\"<\/em> - The Yarbs via <a href=\"https:\/\/www.bbb.org\/richmond\/business-reviews\/movers\/hilldrup-moving-storage-in-stafford-va-37026248\/reviews-and-complaints\" target=\"_blank\" rel=\"noopener\">BBB<\/a><\/li>\n<\/ul>\n<p><strong>Negat\u012bvs:<\/strong><\/p>\n<ul>\n<li> <em>\"\u0160ie pui\u0161i ir briesm\u012bgi. Es zinu, ka, piesaistot profesion\u0101lus p\u0101rv\u0101c\u0113jus, var sagaid\u012bt, ka da\u017eas lietas tiks salauztas, t\u0101 ir procesa sast\u0101vda\u013ca. Probl\u0113ma ir t\u0101, ka m\u0113s atrad\u0101m lietas, kas bija salauztas patie\u0161\u0101m mu\u013c\u0137\u012bgu k\u013c\u016bdu d\u0113\u013c.\"<\/em> - Nick T. via <a href=\"https:\/\/www.yelp.co.uk\/biz\/hilldrup-moving-and-storage-stafford?hrid=tgu5ZfofrNJ6h_HXaIX9PQ&#038;utm_campaign=www_review_share_popup&#038;utm_medium=copy_link&#038;utm_source=(direct)\" target=\"_blank\" rel=\"noopener\">Yelp<\/a><\/li>\n<li> <em>\"T\u0101tad \u0161oferim, kas ierad\u0101s no Hilldrupas, nebija nek\u0101das pieredzes izkrau\u0161anas jom\u0101, un vi\u0146\u0161 nog\u0101d\u0101ja kravu uz augstceltn\u0113m. Tas ir \u013coti slikti un neprofesion\u0101li.\"<\/em> - Sharad caur <a href=\"https:\/\/www.mymovingreviews.com\/movers\/hilldrup-3657\" target=\"_blank\" rel=\"noopener\">MyMoingReviews.com<\/a><\/li>\n<\/ul>\n<div itemprop=\"review\" itemscope itemtype=\"http:\/\/schema.org\/Review\">\n<span itemprop=\"author\" itemscope=\"\" itemtype=\"http:\/\/schema.org\/Organization\"><span itemprop=\"name\">MoverDB.com<\/span><\/span> Tie\u0161saistes vietnes p\u0101rskats par <span itemprop=\"itemreviewed\" itemscope=\"\" itemtype=\"http:\/\/schema.org\/Brand\"><span itemprop=\"name\">Hilldrup Moving &amp; Storage<\/span><\/span>:<\/p>\n<ol>\n<li> Skaidra kontaktinform\u0101cija t\u012bmek\u013ca vietn\u0113 (tostarp t\u0101lru\u0146a numurs): <strong>J\u0101<\/strong><\/li>\n<li> Viegli ieg\u016bt <a href=\"https:\/\/moverdb.com\/lv\/citati\/\">starptautiskie p\u0101rvietojas cit\u0101ti<\/a>? (Tie\u0161saistes t\u0101mes piepras\u012bjuma veidlapa): <strong>J\u0101<\/strong><\/li>\n<li> Skaidra inform\u0101cija t\u012bmek\u013ca vietn\u0113: <strong>J\u0101,<\/strong> T\u012bmek\u013ca vietne ir labi izstr\u0101d\u0101ta, un taj\u0101 ir skaidri izkl\u0101st\u012bti pied\u0101v\u0101tie produkti un pakalpojumi.<\/li>\n<li> Dal\u012bba starptautiski atz\u012bt\u0101s kust\u012bbu organiz\u0101cij\u0101s: <strong>J\u0101<\/strong>, daudzi, skat\u012bt iepriek\u0161<\/li>\n<li> Klientu saraksts un\/vai iepriek\u0161\u0113jo klientu atsauksmes. <strong>J\u0101,<\/strong> lai gan vi\u0146u m\u0101jaslap\u0101 ir uzskait\u012bti apbalvojumi un pieder\u012bba, m\u0113s nevar\u0113j\u0101m atrast klientu atsauksmju sarakstu. Tom\u0113r kopum\u0101 tie ir postie atsauksmes no visa t\u012bmek\u013cvietnes.<\/li>\n<\/ol>\n<div itemprop=\"reviewRating\" itemscope itemtype=\"http:\/\/schema.org\/Rating\"><meta itemprop=\"worstRating\" content = \"0\" \/><meta itemprop=\"bestRating\" content=\"5\" \/><meta itemprop=\"ratingValue\" content=\"4.5\"><\/div>\n<p><strong>Kop\u0113jais v\u0113rt\u0113jums: 4,5\/5<\/strong><br \/>\n<strong>P\u0101rskata datums:<\/strong> <span itemprop=\"datePublished\" content=\"2017-01-10\">10\/01\/2017<\/span>\n<\/div>\n<p>Las\u012bt vair\u0101k par <a href=\"https:\/\/moverdb.com\/lv\/parvietojas-uznemumi\/\">starptautiskie p\u0101rvieto\u0161an\u0101s uz\u0146\u0113mumi<\/a>, <a href=\"https:\/\/moverdb.com\/lv\/us-kanada-parvietotaji\/\">iek\u0161zemes p\u0101rv\u0101k\u0161an\u0101s uz\u0146\u0113mumi<\/a> un m\u016bsu <a href=\"https:\/\/moverdb.com\/lv\/atsauksmes\/\">izskaidrots p\u0101rskat\u012b\u0161anas process<\/a>.<\/p>\n<p><strong>T\u012bmek\u013ca vietne:<\/strong> <a href=\"https:\/\/www.hilldrup.com\/\" target=\"_blank\" rel=\"noopener\">https:\/\/www.hilldrup.com\/<\/a><\/p>","protected":false},"excerpt":{"rendered":"<p>Hilldrup Moving and Storage is based in Stafford VA. The company offers its client a variety of services which are listed below, together with a company profile and reviews. International Moving Services Relocation Assistance Human Resource Consulting and Strategic Planning Marketing Assistance Home Sales Program Expense Administration Temporary Living Arrangement International Assignment Services Destination and [&hellip;]<\/p>\n","protected":false},"author":1,"featured_media":0,"parent":0,"menu_order":0,"comment_status":"closed","ping_status":"closed","template":"","meta":{"_genesis_hide_title":false,"_genesis_hide_breadcrumbs":false,"_genesis_hide_singular_image":false,"_genesis_hide_footer_widgets":false,"_genesis_custom_body_class":"","_genesis_custom_post_class":"","_genesis_layout":"","footnotes":""},"class_list":{"0":"post-1034","1":"page","2":"type-page","3":"status-publish","5":"entry"},"_links":{"self":[{"href":"https:\/\/moverdb.com\/lv\/wp-json\/wp\/v2\/pages\/1034","targetHints":{"allow":["GET"]}}],"collection":[{"href":"https:\/\/moverdb.com\/lv\/wp-json\/wp\/v2\/pages"}],"about":[{"href":"https:\/\/moverdb.com\/lv\/wp-json\/wp\/v2\/types\/page"}],"author":[{"embeddable":true,"href":"https:\/\/moverdb.com\/lv\/wp-json\/wp\/v2\/users\/1"}],"replies":[{"embeddable":true,"href":"https:\/\/moverdb.com\/lv\/wp-json\/wp\/v2\/comments?post=1034"}],"version-history":[{"count":3,"href":"https:\/\/moverdb.com\/lv\/wp-json\/wp\/v2\/pages\/1034\/revisions"}],"predecessor-version":[{"id":6220,"href":"https:\/\/moverdb.com\/lv\/wp-json\/wp\/v2\/pages\/1034\/revisions\/6220"}],"wp:attachment":[{"href":"https:\/\/moverdb.com\/lv\/wp-json\/wp\/v2\/media?parent=1034"}],"curies":[{"name":"wp","href":"https:\/\/api.w.org\/{rel}","templated":true}]}}