{"id":1032,"date":"2016-11-24T06:36:56","date_gmt":"2016-11-24T06:36:56","guid":{"rendered":"http:\/\/moverdb.com\/?page_id=1032"},"modified":"2026-01-08T14:47:59","modified_gmt":"2026-01-08T14:47:59","slug":"coleman-parvietosana-visa-pasaule","status":"publish","type":"page","link":"https:\/\/moverdb.com\/lv\/coleman-worldwide-moving\/","title":{"rendered":"Coleman Worldwide Moving: Starptautisk\u0101s p\u0101rcel\u0161an\u0101s atsauksmes"},"content":{"rendered":"<p>Coleman Worldwide Moving, paz\u012bstams ar\u012b k\u0101 Coleman American Moving Services &amp; Coleman Allied, pied\u0101v\u0101 daudzus starptautiskus p\u0101rvieto\u0161an\u0101s pakalpojumus. Tie ir uzskait\u012bti turpm\u0101k kop\u0101 ar uz\u0146\u0113muma profilu un atsauksm\u0113m.<\/p>\n<p><strong>Starptautiskie p\u0101rvietot\u0101ji<\/strong><\/p>\n<ul>\n<li> Pilna servisa iepako\u0161ana<\/li>\n<li> Person\u012bgais p\u0101rcel\u0161an\u0101s koordinators<\/li>\n<li> Piel\u0101gota iesai\u0146o\u0161ana<\/li>\n<li> <a href=\"https:\/\/moverdb.com\/lv\/auto-transporta-nosutisana\/\">Transportl\u012bdzek\u013cu nos\u016bt\u012b\u0161ana<\/a><\/li>\n<li> S\u016bt\u012bjumu izseko\u0161ana tie\u0161saist\u0113<\/li>\n<li> Ilgtermi\u0146a un \u012bstermi\u0146a uzglab\u0101\u0161ana<\/li>\n<li> Izpako\u0161ana<\/li>\n<li> Atkritumu izve\u0161ana<\/li>\n<\/ul>\n<p><strong>Uz\u0146\u0113mumu p\u0101rvieto\u0161ana<\/strong><\/p>\n<ul>\n<li> Pilna servisa iepako\u0161ana<\/li>\n<li> Person\u012bgais p\u0101rcel\u0161an\u0101s koordinators<\/li>\n<li> No viena darbinieka l\u012bdz visam person\u0101lam<\/li>\n<li> Izpako\u0161ana<\/li>\n<li> <a href=\"https:\/\/moverdb.com\/lv\/car-transport-shipping\/\" data-internallinksmanager029f6b8e52c=\"2\" title=\"2026 Starptautiskais autotransports un transportl\u012bdzek\u013cu p\u0101rvad\u0101\u0161anas cit\u0101ti\">Transportl\u012bdzek\u013cu nos\u016bt\u012b\u0161ana<\/a><\/li>\n<li> Izpako\u0161ana un gru\u017eu izve\u0161ana<\/li>\n<li> S\u016bt\u012bjumu izseko\u0161ana tie\u0161saist\u0113<\/li>\n<\/ul>\n<p><strong>Komerci\u0101lie p\u0101rvietot\u0101ji<\/strong><\/p>\n<ul>\n<li> R\u016bpniecisko p\u0101rvietojas<\/li>\n<li> Vald\u012bba p\u0101rvietojas<\/li>\n<li> Biroju p\u0101rvieto\u0161ana<\/li>\n<li> Datoru un elektronikas p\u0101rvieto\u0161ana<\/li>\n<li> Uz\u0146\u0113muma p\u0101rvieto\u0161ana<\/li>\n<\/ul>\n<p><strong>Vald\u012bbas un milit\u0101rie p\u0101rvietot\u0101ji<\/strong><\/p>\n<ul>\n<li> Person\u012bgais p\u0101rcel\u0161an\u0101s koordinators<\/li>\n<li> Pilna servisa iepako\u0161ana<\/li>\n<li> Iev\u0113rojiet stingrus p\u0101rvieto\u0161an\u0101s protokolus.<\/li>\n<\/ul>\n<p><strong>M\u0101jsaimniec\u012bbas p\u0101rvietot\u0101ji<\/strong><\/p>\n<ul>\n<li> Person\u012bgais p\u0101rcel\u0161an\u0101s koordinators<\/li>\n<li> Jebkura izm\u0113ra darbs<\/li>\n<li> Pilns pied\u0101v\u0101to pakalpojumu kl\u0101sts<\/li>\n<li> Iepako\u0161ana un izpako\u0161ana<\/li>\n<li> \u012astermi\u0146a un ilgtermi\u0146a uzglab\u0101\u0161ana<\/li>\n<\/ul>\n<h2>Coleman Worldwide Moving Company profils<\/h2>\n<p>Coleman Worldwide Moving darbojas kop\u0161 1914. gada un tagad ir da\u013ca no Coleman World Group. Uz\u0146\u0113mums s\u0101ka savu darb\u012bbu ar 8 zirgiem un diviem rati\u0146iem, bet tagad tas nodarbojas ar starptautiskiem, t\u0101lsatiksmes, viet\u0113jiem un valsts m\u0113roga p\u0101rvad\u0101jumiem priv\u0101tperson\u0101m un uz\u0146\u0113mumiem.<\/p>\n<p>Tas ir paz\u012bstams ar\u012b k\u0101 Coleman American Moving Services un ir da\u013ca no <a href=\"https:\/\/moverdb.com\/lv\/allied-van-lines\/\">Allied Moving<\/a> grupas saist\u012btie uz\u0146\u0113mumi.<\/p>\n<p>Coleman ir vair\u0101k nek\u0101 50 uz\u0146\u0113mumam piedero\u0161i biroji vis\u0101 pasaul\u0113. <a href=\"https:\/\/moverdb.com\/lv\/moving-to-the-united-states\/\" data-internallinksmanager029f6b8e52c=\"94\" title=\"P\u0101rce\u013caties uz Amerikas Savienotaj\u0101m Valst\u012bm? 2022 Dz\u012bves izmaksas un p\u0101rcel\u0161an\u0101s padomi\">ASV<\/a> un vair\u0101k nek\u0101 400 p\u0101rst\u0101vju 175 pasaules valst\u012bs. T\u0101 ir \u0123imenei piedero\u0161a korpor\u0101cija, kas ir ap\u0146\u0113musies sniegt t\u0101dus pa\u0161us pakalpojumus, k\u0101dus 1914. gad\u0101 sniedza t\u0101s dibin\u0101t\u0101ji. <\/p>\n<p>Coleman Worldwide Moving ir \u0161\u0101das akredit\u0101cijas un pieder\u012bbas:<\/p>\n<ul>\n<li> <a href=\"https:\/\/moverdb.com\/lv\/ritenu-novirzitajs\/\">ProMover<\/a><\/li>\n<li> <a href=\"https:\/\/moverdb.com\/lv\/amsa\/\">AMSA<\/a><\/li>\n<li> BBB akredit\u0113ta<\/li>\n<li> Sabiedroto kvalit\u0101tes balvas ieguv\u0113js<\/li>\n<li> P\u0101rvietojies bada labad<\/li>\n<\/ul>\n<p><strong>Coleman Worldwide Moving Atsauksmes<\/strong><\/p>\n<p><strong>Pozit\u012bvi:<\/strong><\/p>\n<ul>\n<li> <em>\"Lielisks serviss...Easy...Stress free move. Sniegta prec\u012bza p\u0101rvieto\u0161anas t\u0101me. Profesion\u0101ls person\u0101ls visapk\u0101rt. No t\u0101mes l\u012bdz pieg\u0101dei. Profesion\u0101la un draudz\u012bga sav\u0101k\u0161ana, transport\u0113\u0161ana un pieg\u0101de. Liels paldies.\"<\/em>  - Entonijs, izmantojot <a href=\"http:\/\/www.colemanallied.com\/moving-reviews\/\" target=\"_blank\" rel=\"noopener\">uz\u0146\u0113muma t\u012bmek\u013ca vietne<\/a><\/li>\n<li> <em>\"Mans 90 gadus vecais t\u0113vs un es nevar\u0113tu b\u016bt apmierin\u0101ti ar Coleman Worldwide Moving.\"<\/em> - Tori caur <a href=\"https:\/\/www.yelp.com\/biz\/coleman-american-moving-services-san-diego?hrid=Ofenf__KAOD4xnvo73xHNw&#038;utm_campaign=www_review_share_popup&#038;utm_medium=copy_link&#038;utm_source=(direct)\" target=\"_blank\" rel=\"noopener\">Yelp<\/a> (uz\u0146\u0113mumam Coleman American Moving Services)<\/li>\n<li> <em>\"Esmu darbojies p\u0101rvieto\u0161an\u0101s biznes\u0101, bet \u0161\u012b bija mana pirm\u0101 reize, kad biju klients. Pui\u0161i, kurus nos\u016bt\u012bja iekraut, bija piekl\u0101j\u012bgi, labi audzin\u0101ti un str\u0101d\u012bgi. Tie\u0161i t\u0101di pui\u0161i, k\u0101dus es pati b\u016btu nol\u012bgusi, kad mekl\u0113ju viet\u0113jo pal\u012bdz\u012bbu.\"<\/em> - Donna via <a href=\"https:\/\/www.facebook.com\/pg\/colemanallied\/reviews\/\" target=\"_blank\" rel=\"noopener\">Facebook lapa<\/a><\/li>\n<li> <em>\"Man vienm\u0113r ir bijusi laba pieredze, p\u0101rvietojoties ar Allied, bet \u0161is p\u0101rv\u0101k\u0161an\u0101s p\u0101rsp\u0113ja p\u0101r\u0113j\u0101s! Man t\u0101 bija patiesi bezstresa p\u0101rcel\u0161an\u0101s.\"<\/em> - Marlena via <a href=\"http:\/\/www.mymovingreviews.com\/movers\/coleman-worldwide-moving-3905#59102\" target=\"_blank\" rel=\"noopener\">MyMovingReviews<\/a><\/li>\n<\/ul>\n<p><strong>Negat\u012bvs:<\/strong><\/p>\n<ul>\n<li> <em>\"M\u016bsu pieredze ar Coleman\/Allied Worldwide, kas veica m\u016bsu p\u0101rcel\u0161anos p\u0101ri \u0161tatiem (<a href=\"https:\/\/moverdb.com\/lv\/moving-to-the-united-states\/moving-to-alabama\/\" data-internallinksmanager029f6b8e52c=\"448\" title=\"P\u0101rcel\u0161an\u0101s uz Alabamu? 2024 Dz\u012bves izmaksas un p\u0101rcel\u0161an\u0101s padomi\">Alabama<\/a> uz <a href=\"https:\/\/moverdb.com\/lv\/moving-to-the-united-states\/moving-to-north-carolina\/\" data-internallinksmanager029f6b8e52c=\"411\" title=\"P\u0101rcel\u0161an\u0101s uz Zieme\u013ckarol\u012bnu? 2023 Dz\u012bves izmaksas un p\u0101rcel\u0161an\u0101s padomi\">Zieme\u013ckarol\u012bna<\/a>) bija daudz probl\u0113mu.\"<\/em> - S\u0101ra caur <a href=\"https:\/\/www.bbb.org\/csal\/business-reviews\/movers\/coleman-worldwide-moving-in-midland-city-al-4001673\/reviews-and-complaints\" target=\"_blank\" rel=\"noopener\">BBB<\/a><\/li>\n<li> <em>\"Ar \u0161o pieredzi es v\u0113l neesmu pat noskr\u0101p\u0113jusi t\u0101s virsmu. Ir v\u0113l tik daudz ko past\u0101st\u012bt, bet es grib\u0113ju, lai vismaz slikt\u0101kais no slikt\u0101kajiem tiktu izkl\u0101st\u012bts.\"<\/em> - Kristin via <a href=\"https:\/\/www.consumeraffairs.com\/movers\/allied_van_lines.htm\" target=\"_blank\" rel=\"noopener\">ConsumerAffairs<\/a><\/li>\n<li> <em>\"Nelietojiet \u0161o <a href=\"https:\/\/moverdb.com\/lv\/moving-companies\/\" data-internallinksmanager029f6b8e52c=\"79\" title=\"Top 25 Starptautiskie p\u0101rcel\u0161an\u0101s uz\u0146\u0113mumi tie\u0161saist\u0113\">P\u0100RV\u0100K\u0160AN\u0100S UZ\u0145\u0112MUMS<\/a>.  Vi\u0146i uzst\u0101ja uz p\u0101rcel\u0161an\u0101s mums tropu v\u0113tras laik\u0101 St Pete p\u0113c \u013coti aizkav\u0113ta s\u0101kuma St. <a href=\"https:\/\/moverdb.com\/lv\/parcelsanas-uz-santu\/\">Atlanta<\/a>.\"<\/em> - Becky via <a href=\"https:\/\/www.yelp.com\/biz\/coleman-worldwide-moving-fairburn\" target=\"_blank\" rel=\"noopener\">Yelp<\/a><\/li>\n<li> <em>\"Milit\u0101rajiem sp\u0113kiem ir j\u0101likvid\u0113 \u0161is uz\u0146\u0113mums k\u0101 p\u0101rvad\u0101t\u0101js. Man person\u012bgi ir biju\u0161as probl\u0113mas ar \u0161o uz\u0146\u0113mumu, s\u0101kot ar m\u0101ju iepako\u0161anu un beidzot ar pieg\u0101di un kv\u012bt\u012bm.\"<\/em> - Shawni via <a href=\"https:\/\/www.facebook.com\/pg\/colemanallied\/reviews\/\" target=\"_blank\" rel=\"noopener\">Facebook lapa<\/a><\/li>\n<\/ul>\n<div itemprop=\"review\" itemscope itemtype=\"http:\/\/schema.org\/Review\">\n<span itemprop=\"author\" itemscope=\"\" itemtype=\"http:\/\/schema.org\/Organization\"><span itemprop=\"name\">MoverDB.com<\/span><\/span> Tie\u0161saistes vietnes p\u0101rskats par <span itemprop=\"itemreviewed\" itemscope=\"\" itemtype=\"http:\/\/schema.org\/Brand\"><span itemprop=\"name\">Coleman Worldwide Moving<\/span><\/span>:<\/p>\n<ol>\n<li> Skaidra kontaktinform\u0101cija t\u012bmek\u013ca vietn\u0113 (tostarp t\u0101lru\u0146a numurs): <strong>J\u0101<\/strong><\/li>\n<li> Viegli ieg\u016bt <a href=\"https:\/\/moverdb.com\/lv\/citati\/\">starptautiskie p\u0101rvietojas cit\u0101ti<\/a>? (Tie\u0161saistes t\u0101mes piepras\u012bjuma veidlapa): <strong>J\u0101<\/strong><\/li>\n<li> Skaidra inform\u0101cija t\u012bmek\u013ca vietn\u0113: <strong>Da\u017ei<\/strong>, bet ir inform\u0101cija par vi\u0146u pakalpojumiem, kas nav daudz pla\u0161\u0101ka.<\/li>\n<li> Dal\u012bba starptautiski atz\u012bt\u0101s kust\u012bbu organiz\u0101cij\u0101s: <strong>J\u0101<\/strong>, lai gan ne tik daudz k\u0101 daudzi citi p\u0101rvieto\u0161an\u0101s uz\u0146\u0113mumi.<\/li>\n<li> Klientu saraksts un\/vai iepriek\u0161\u0113jo klientu atsauksmes: <strong>J\u0101<\/strong>, t\u012bmek\u013ca vietn\u0113 ir daudz pozit\u012bvu klientu atsauksmju, lai gan p\u0101r\u0113j\u0101 t\u012bmekl\u012b ir nedaudz vair\u0101k jauktas atsauksmes.<\/li>\n<\/ol>\n<div itemprop=\"reviewRating\" itemscope itemtype=\"http:\/\/schema.org\/Rating\"><meta itemprop=\"worstRating\" content = \"0\" \/><meta itemprop=\"bestRating\" content=\"5\" \/><meta itemprop=\"ratingValue\" content=\"4\"><\/div>\n<p><strong>Kop\u0113jais v\u0113rt\u0113jums: 4\/5<\/strong><br \/>\n<strong>P\u0101rskata datums:<\/strong> <span itemprop=\"datePublished\" content=\"2016-11-24\">24\/11\/2016<\/span>\n<\/div>\n<p>Las\u012bt vair\u0101k par <a href=\"https:\/\/moverdb.com\/lv\/parvietojas-uznemumi\/\">lab\u0101kie starptautiskie p\u0101rvietot\u0101ji<\/a>, <a href=\"https:\/\/moverdb.com\/lv\/us-kanada-parvietotaji\/\">P\u0101rvietot\u0101ji Amerikas Savienotaj\u0101s Valst\u012bs<\/a> un m\u016bsu <a href=\"https:\/\/moverdb.com\/lv\/atsauksmes\/\">p\u0101rskat\u012b\u0161anas process<\/a>.<\/p>\n<p><strong>T\u012bmek\u013ca vietne:<\/strong> <a href=\"http:\/\/www.colemanallied.com\/\" target=\"_blank\" rel=\"noopener\">http:\/\/www.colemanallied.com\/<\/a><\/p>","protected":false},"excerpt":{"rendered":"<p>Coleman Worldwide Moving also known as Coleman American Moving Services &#038; Coleman Allied offers many international moving services. These are listed below, together with a company profile and reviews. International Movers Full service packing Personal move coordinator Custom crating Vehicle shipping On line shipment tracking Long and short term storage Unpacking Debris removal Corporate Relocation [&hellip;]<\/p>\n","protected":false},"author":1,"featured_media":0,"parent":0,"menu_order":0,"comment_status":"closed","ping_status":"closed","template":"","meta":{"_genesis_hide_title":false,"_genesis_hide_breadcrumbs":false,"_genesis_hide_singular_image":false,"_genesis_hide_footer_widgets":false,"_genesis_custom_body_class":"","_genesis_custom_post_class":"","_genesis_layout":"","footnotes":""},"class_list":{"0":"post-1032","1":"page","2":"type-page","3":"status-publish","5":"entry"},"_links":{"self":[{"href":"https:\/\/moverdb.com\/lv\/wp-json\/wp\/v2\/pages\/1032","targetHints":{"allow":["GET"]}}],"collection":[{"href":"https:\/\/moverdb.com\/lv\/wp-json\/wp\/v2\/pages"}],"about":[{"href":"https:\/\/moverdb.com\/lv\/wp-json\/wp\/v2\/types\/page"}],"author":[{"embeddable":true,"href":"https:\/\/moverdb.com\/lv\/wp-json\/wp\/v2\/users\/1"}],"replies":[{"embeddable":true,"href":"https:\/\/moverdb.com\/lv\/wp-json\/wp\/v2\/comments?post=1032"}],"version-history":[{"count":5,"href":"https:\/\/moverdb.com\/lv\/wp-json\/wp\/v2\/pages\/1032\/revisions"}],"predecessor-version":[{"id":6193,"href":"https:\/\/moverdb.com\/lv\/wp-json\/wp\/v2\/pages\/1032\/revisions\/6193"}],"wp:attachment":[{"href":"https:\/\/moverdb.com\/lv\/wp-json\/wp\/v2\/media?parent=1032"}],"curies":[{"name":"wp","href":"https:\/\/api.w.org\/{rel}","templated":true}]}}