{"id":10257,"date":"2023-06-22T15:34:17","date_gmt":"2023-06-22T15:34:17","guid":{"rendered":"https:\/\/moverdb.com\/?page_id=10257"},"modified":"2026-01-08T15:29:05","modified_gmt":"2026-01-08T15:29:05","slug":"moving-companies-vietnam","status":"publish","type":"page","link":"https:\/\/moverdb.com\/lv\/moving-companies\/moving-companies-vietnam\/","title":{"rendered":"5 Lab\u0101kie starptautiskie p\u0101rcel\u0161an\u0101s uz\u0146\u0113mumi Vjetnam\u0101"},"content":{"rendered":"<p>Vai pl\u0101nojat p\u0101rcelties uz, no vai uz <a href=\"https:\/\/moverdb.com\/lv\/moving-to-vietnam\/\" data-internallinksmanager029f6b8e52c=\"390\" title=\"P\u0101rcel\u0161an\u0101s uz Vjetnamu? 2023 Dz\u012bves izmaksas un p\u0101rcel\u0161an\u0101s padomi\">Vjetnama<\/a>? Getting a <a href=\"https:\/\/moverdb.com\/lv\/moving-companies\/\" data-internallinksmanager029f6b8e52c=\"79\" title=\"Top 25 Starptautiskie p\u0101rcel\u0161an\u0101s uz\u0146\u0113mumi tie\u0161saist\u0113\">P\u0101rvieto\u0161an\u0101s uz\u0146\u0113mums<\/a> kas jums pal\u012bdz\u0113s, var atvieglot \u0161o procesu, jo vi\u0146i var iepakot j\u016bsu mantas, organiz\u0113t transport\u0113\u0161anu un veikt muitas proced\u016bras. Zem\u0101k m\u0113s esam apkopoju\u0161i sarakstu ar Vjetnam\u0101 b\u0101z\u0113t\u0101m <a href=\"https:\/\/moverdb.com\/lv\/international-removals\/\" data-internallinksmanager029f6b8e52c=\"27\" title=\"36 Lab\u0101kie starptautisko p\u0101rvad\u0101jumu uz\u0146\u0113mumi Apvienotaj\u0101 Karalist\u0113\">p\u0101rv\u0101k\u0161an\u0101s uz\u0146\u0113mumi<\/a> kas ir <a href=\"https:\/\/moverdb.com\/lv\/iam\/\" data-internallinksmanager029f6b8e52c=\"23\" title=\"Starptautisk\u0101s P\u0101rv\u0101c\u0113ju asoci\u0101cijas (IAM) skaidrojumi\">Starptautisk\u0101 P\u0101rv\u0101c\u0113ju asoci\u0101cija<\/a> (IAM) un\/vai <a href=\"https:\/\/moverdb.com\/lv\/fidi-faim\/\" data-internallinksmanager029f6b8e52c=\"16\" title=\"FIDI un FAIM (FIDI akredit\u0113tais starptautiskais p\u0101rvietot\u0101js) skaidrojums\">FIDI<\/a> Akredit\u0113ti starptautiskie p\u0101rv\u0101c\u0113ji (FAIM), kas var\u0113tu jums pal\u012bdz\u0113t p\u0101rcelties.<\/p>\n<div id=\"ez-toc-container\" class=\"ez-toc-v2_0_82_2 ez-toc-wrap-left counter-hierarchy ez-toc-counter ez-toc-transparent ez-toc-container-direction\">\n<div class=\"ez-toc-title-container\">\n<p class=\"ez-toc-title\" style=\"cursor:inherit\">Sada\u013cas<\/p>\n<span class=\"ez-toc-title-toggle\"><a href=\"#\" class=\"ez-toc-pull-right ez-toc-btn ez-toc-btn-xs ez-toc-btn-default ez-toc-toggle\" aria-label=\"P\u0101rsl\u0113gt satura tabulu\"><span class=\"ez-toc-js-icon-con\"><span class=\"\"><span class=\"eztoc-hide\" style=\"display:none;\">P\u0101rsl\u0113gt<\/span><span class=\"ez-toc-icon-toggle-span\"><svg style=\"fill: #999;color:#999\" xmlns=\"http:\/\/www.w3.org\/2000\/svg\" class=\"list-377408\" width=\"20px\" height=\"20px\" viewbox=\"0 0 24 24\" fill=\"none\"><path d=\"M6 6H4v2h2V6zm14 0H8v2h12V6zM4 11h2v2H4v-2zm16 0H8v2h12v-2zM4 16h2v2H4v-2zm16 0H8v2h12v-2z\" fill=\"currentColor\"><\/path><\/svg><svg style=\"fill: #999;color:#999\" class=\"arrow-unsorted-368013\" xmlns=\"http:\/\/www.w3.org\/2000\/svg\" width=\"10px\" height=\"10px\" viewbox=\"0 0 24 24\" version=\"1.2\" baseprofile=\"tiny\"><path d=\"M18.2 9.3l-6.2-6.3-6.2 6.3c-.2.2-.3.4-.3.7s.1.5.3.7c.2.2.4.3.7.3h11c.3 0 .5-.1.7-.3.2-.2.3-.5.3-.7s-.1-.5-.3-.7zM5.8 14.7l6.2 6.3 6.2-6.3c.2-.2.3-.5.3-.7s-.1-.5-.3-.7c-.2-.2-.4-.3-.7-.3h-11c-.3 0-.5.1-.7.3-.2.2-.3.5-.3.7s.1.5.3.7z\"\/><\/svg><\/span><\/span><\/span><\/a><\/span><\/div>\n<nav><ul class='ez-toc-list ez-toc-list-level-1 eztoc-toggle-hide-by-default' ><li class='ez-toc-page-1 ez-toc-heading-level-2'><a class=\"ez-toc-link ez-toc-heading-1\" href=\"https:\/\/moverdb.com\/lv\/moving-companies\/moving-companies-vietnam\/#1_EVo_Moves\" >1. EVo kust\u012bbas<\/a><\/li><li class='ez-toc-page-1 ez-toc-heading-level-2'><a class=\"ez-toc-link ez-toc-heading-2\" href=\"https:\/\/moverdb.com\/lv\/moving-companies\/moving-companies-vietnam\/#2_Prime_Relocations_Asia\" >2. Prime Relocations \u0100zija<\/a><\/li><li class='ez-toc-page-1 ez-toc-heading-level-2'><a class=\"ez-toc-link ez-toc-heading-3\" href=\"https:\/\/moverdb.com\/lv\/moving-companies\/moving-companies-vietnam\/#3_Logical_Moves\" >3. Lo\u0123iski g\u0101jieni<\/a><\/li><li class='ez-toc-page-1 ez-toc-heading-level-2'><a class=\"ez-toc-link ez-toc-heading-4\" href=\"https:\/\/moverdb.com\/lv\/moving-companies\/moving-companies-vietnam\/#4_Santa_Fe_Relocation\" >4. Santa Fe p\u0101rvieto\u0161ana<\/a><\/li><li class='ez-toc-page-1 ez-toc-heading-level-2'><a class=\"ez-toc-link ez-toc-heading-5\" href=\"https:\/\/moverdb.com\/lv\/moving-companies\/moving-companies-vietnam\/#5_Saigon_Van\" >5. Saigon Van<\/a><\/li><li class='ez-toc-page-1 ez-toc-heading-level-2'><a class=\"ez-toc-link ez-toc-heading-6\" href=\"https:\/\/moverdb.com\/lv\/moving-companies\/moving-companies-vietnam\/#Other_Useful_Guides_to_Vietnam\" >Citi noder\u012bgi ce\u013cve\u017ei uz Vjetnamu<\/a><\/li><\/ul><\/nav><\/div>\n<h2><span class=\"ez-toc-section\" id=\"1_EVo_Moves\"><\/span><strong>1. EVo kust\u012bbas<\/strong><span class=\"ez-toc-section-end\"><\/span><\/h2>\n<p><img loading=\"lazy\" decoding=\"async\" class=\"alignnone size-full wp-image-10115\" src=\"https:\/\/moverdb.com\/wp-content\/uploads\/EVo-Moves-international-moving-company.png\" alt=\"EVo Moves starptautisks p\u0101rcel\u0161an\u0101s uz\u0146\u0113mums\" width=\"1440\" height=\"683\" data-wp-pid=\"10115\" srcset=\"https:\/\/moverdb.com\/wp-content\/uploads\/EVo-Moves-international-moving-company.png 1440w, https:\/\/moverdb.com\/wp-content\/uploads\/EVo-Moves-international-moving-company-300x142.png 300w, https:\/\/moverdb.com\/wp-content\/uploads\/EVo-Moves-international-moving-company-1024x486.png 1024w, https:\/\/moverdb.com\/wp-content\/uploads\/EVo-Moves-international-moving-company-18x9.png 18w, https:\/\/moverdb.com\/wp-content\/uploads\/EVo-Moves-international-moving-company-600x285.png 600w\" sizes=\"auto, (max-width: 1440px) 100vw, 1440px\" \/><\/p>\n<ul>\n<li>Valsts p\u0101rcel\u0161an\u0101s<\/li>\n<li>Starptautiskie p\u0101rvadi<\/li>\n<li>M\u0101jsaimniec\u012bbas p\u0101rv\u0101k\u0161an\u0101s<\/li>\n<li>Biroju p\u0101rcel\u0161an\u0101s<\/li>\n<li>Pakalpojums \"no durv\u012bm l\u012bdz durv\u012bm<\/li>\n<li>Eksporta iepakojums<\/li>\n<li>Muito\u0161ana<\/li>\n<li>M\u0101jdz\u012bvnieku p\u0101rvad\u0101\u0161ana<\/li>\n<li>Apdro\u0161in\u0101\u0161ana<\/li>\n<li>\u012astermi\u0146a un ilgtermi\u0146a uzglab\u0101\u0161ana<\/li>\n<\/ul>\n<p>EVo Moves ir starptautisks p\u0101rvieto\u0161an\u0101s uz\u0146\u0113mums, kas atrodas Ho\u0161imin\u0101. Uz\u0146\u0113mums ir IAM biedrs ar \u010detru gadu pieredzi, kas noz\u012bm\u0113, ka tam ir pieejams starptautisks p\u0101rcel\u0161an\u0101s uz\u0146\u0113mumu t\u012bkls, kas var pal\u012bdz\u0113t.<\/p>\n<p>EVo Moves pied\u0101v\u0101 bezmaksas pirmsp\u0101rv\u0101k\u0161an\u0101s apsekojumu Vjetnamas iedz\u012bvot\u0101jiem, lai nov\u0113rt\u0113tu vi\u0146u p\u0101rv\u0101k\u0161an\u0101s vajadz\u012bbas, un vi\u0146i pied\u0101v\u0101s cenu no durv\u012bm l\u012bdz durv\u012bm. Vi\u0146i nodro\u0161ina starptautiskajiem standartiem atbilsto\u0161u un kvalitat\u012bvu iepako\u0161anas pakalpojumu, lai aizsarg\u0101tu j\u016bsu priek\u0161metus p\u0101rvad\u0101\u0161anas laik\u0101. Vi\u0146i organiz\u0113s starptautisku transport\u0113\u0161anu pa j\u016bru vai pa gaisu kop\u0101 ar visu risku apdro\u0161in\u0101\u0161anu un muito\u0161anu. Papildu pakalpojumi ietver m\u0101jdz\u012bvnieku p\u0101rvad\u0101\u0161anu, fumig\u0101ciju un uzglab\u0101\u0161anu.<\/p>\n<p>T\u012bmek\u013ca vietne: <a href=\"http:\/\/www.evomoves.com\" target=\"_blank\" rel=\"noopener\">http:\/\/www.evomoves.com<\/a><\/p>\n<h2><span class=\"ez-toc-section\" id=\"2_Prime_Relocations_Asia\"><\/span><strong>2. Prime Relocations \u0100zija<\/strong><span class=\"ez-toc-section-end\"><\/span><\/h2>\n<p><img loading=\"lazy\" decoding=\"async\" class=\"alignnone size-full wp-image-10170\" src=\"https:\/\/moverdb.com\/wp-content\/uploads\/Prime-Relocations-Asia-international-moving-company.png\" alt=\"Prime Relocations \u0100zijas starptautiskais p\u0101rvieto\u0161anas uz\u0146\u0113mums\" width=\"1440\" height=\"680\" data-wp-pid=\"10170\" srcset=\"https:\/\/moverdb.com\/wp-content\/uploads\/Prime-Relocations-Asia-international-moving-company.png 1440w, https:\/\/moverdb.com\/wp-content\/uploads\/Prime-Relocations-Asia-international-moving-company-300x142.png 300w, https:\/\/moverdb.com\/wp-content\/uploads\/Prime-Relocations-Asia-international-moving-company-1024x484.png 1024w, https:\/\/moverdb.com\/wp-content\/uploads\/Prime-Relocations-Asia-international-moving-company-18x9.png 18w, https:\/\/moverdb.com\/wp-content\/uploads\/Prime-Relocations-Asia-international-moving-company-600x283.png 600w\" sizes=\"auto, (max-width: 1440px) 100vw, 1440px\" \/><\/p>\n<ul>\n<li>Viet\u0113jie un viet\u0113jie p\u0101rv\u0101k\u0161an\u0101s darbi<\/li>\n<li>Starptautisk\u0101 p\u0101rcel\u0161an\u0101s<\/li>\n<li>M\u0101jsaimniec\u012bbas p\u0101rv\u0101k\u0161an\u0101s<\/li>\n<li>Uz\u0146\u0113mumu p\u0101rvieto\u0161ana<\/li>\n<li>Pakalpojums \"no durv\u012bm l\u012bdz durv\u012bm<\/li>\n<li>Piln\u012bga p\u0101rcel\u0161an\u0101s pakete<\/li>\n<li>M\u0101jdz\u012bvnieku un transportl\u012bdzek\u013cu p\u0101rvieto\u0161ana<\/li>\n<li>Meistara pakalpojumi<\/li>\n<li>Apdro\u0161in\u0101\u0161ana<\/li>\n<li>\u012astermi\u0146a un ilgtermi\u0146a uzglab\u0101\u0161anas telpas<\/li>\n<\/ul>\n<p>Prime Relocations Asia ir starptautisks p\u0101rvieto\u0161an\u0101s uz\u0146\u0113mums ar birojiem Hanoj\u0101 un Ho\u0161imin\u0101, k\u0101 ar\u012b birojiem Laos\u0101 un Vjetnam\u0101. <a href=\"https:\/\/moverdb.com\/lv\/moving-to-cambodia\/\" data-internallinksmanager029f6b8e52c=\"340\" title=\"P\u0101rcel\u0161an\u0101s uz Kambod\u017eu? 2023 Dz\u012bves izmaksas un p\u0101rcel\u0161an\u0101s padomi\">Kambod\u017ea<\/a>. Tiem ir izv\u0113l\u0113to partneru un fili\u0101\u013cu t\u012bkls, kas nodro\u0161ina p\u0101rcel\u0161an\u0101s pakalpojumus \u0101rzem\u0113s un p\u0101rvalda muitas noteikumus. Uz\u0146\u0113mums ir IAM biedrs ar 15 gadu pieredzi.<\/p>\n<p>Prime Relocations Asia pied\u0101v\u0101 viena kontaktpunkta pakalpojumus, lai p\u0101rvald\u012btu j\u016bsu p\u0101rcel\u0161anos, kas var ietvert j\u016bsu m\u0101jas vai uz\u0146\u0113muma, m\u0101jdz\u012bvnieku un transportl\u012bdzek\u013cu p\u0101rvieto\u0161anu, k\u0101 ar\u012b visaptvero\u0161u tranz\u012bta apdro\u0161in\u0101\u0161anu. Vi\u0146i sniedz papildu pakalpojumus, tostarp pal\u012bgstr\u0101dnieku pakalpojumus, kalpu pakalpojumus, istabenes pakalpojumus, naktsm\u012btnes atra\u0161anu, orient\u0113\u0161anos, izbrauk\u0161anas un iera\u0161an\u0101s atbalstu.<\/p>\n<p>T\u012bmek\u013ca vietne: <a href=\"http:\/\/www.primerelo.asia\" target=\"_blank\" rel=\"noopener\">http:\/\/www.primerelo.asia<\/a><\/p>\n<h2><span class=\"ez-toc-section\" id=\"3_Logical_Moves\"><\/span><strong>3. Lo\u0123iski g\u0101jieni<\/strong><span class=\"ez-toc-section-end\"><\/span><\/h2>\n<p><img loading=\"lazy\" decoding=\"async\" class=\"alignnone size-full wp-image-10149\" src=\"https:\/\/moverdb.com\/wp-content\/uploads\/Logical-Moves-international-moving-company.png\" alt=\"Logical Moves starptautisks p\u0101rvietojas uz\u0146\u0113mums\" width=\"1440\" height=\"670\" data-wp-pid=\"10149\" srcset=\"https:\/\/moverdb.com\/wp-content\/uploads\/Logical-Moves-international-moving-company.png 1440w, https:\/\/moverdb.com\/wp-content\/uploads\/Logical-Moves-international-moving-company-300x140.png 300w, https:\/\/moverdb.com\/wp-content\/uploads\/Logical-Moves-international-moving-company-1024x476.png 1024w, https:\/\/moverdb.com\/wp-content\/uploads\/Logical-Moves-international-moving-company-18x8.png 18w, https:\/\/moverdb.com\/wp-content\/uploads\/Logical-Moves-international-moving-company-600x279.png 600w\" sizes=\"auto, (max-width: 1440px) 100vw, 1440px\" \/><\/p>\n<ul>\n<li>Viet\u0113jie p\u0101rvadi<\/li>\n<li>Starptautiskie p\u0101rvadi<\/li>\n<li>M\u0101jsaimniec\u012bbas p\u0101rv\u0101k\u0161an\u0101s<\/li>\n<li>Uz\u0146\u0113mumu p\u0101rvieto\u0161an\u0101s<\/li>\n<li>P\u0101rcel\u0161an\u0101s pakalpojumi<\/li>\n<li>Iepako\u0161anas pakalpojums<\/li>\n<li>Muito\u0161ana<\/li>\n<li>Izbrauk\u0161anas un iek\u0101rto\u0161an\u0101s pakalpojumi<\/li>\n<li>M\u0101jdz\u012bvnieku p\u0101rvieto\u0161ana<\/li>\n<li>Dro\u0161a uzglab\u0101\u0161ana<\/li>\n<\/ul>\n<p>Logical Moves ir neatkar\u012bgs starptautisks p\u0101rcel\u0161an\u0101s uz\u0146\u0113mums, kas dibin\u0101ts 2005. gad\u0101 un atrodas Ho\u0161imin\u0101. Uz\u0146\u0113mumam ir glob\u0101ls t\u012bkls un viet\u0113jie resursi, kas \u013cauj sniegt augstas kvalit\u0101tes pakalpojumus viet\u0113jiem un starptautiskiem p\u0101rv\u0101k\u0161an\u0101s pakalpojumiem. Uz\u0146\u0113mums ir IAM biedrs ar 18 gadu pieredzi.<\/p>\n<p>Logical Moves pied\u0101v\u0101 konsult\u0101cijas pirms p\u0101rcel\u0161an\u0101s un m\u0101jas apseko\u0161anu, lai noteiktu j\u016bsu p\u0101rcel\u0161an\u0101s pras\u012bbas. Vi\u0146i pied\u0101v\u0101 iepako\u0161anas pakalpojumus, lai nodro\u0161in\u0101tu j\u016bsu mantu dro\u0161u nog\u0101d\u0101\u0161anu, k\u0101 ar\u012b nodro\u0161ina s\u016bt\u012bjuma aizsardz\u012bbu un muito\u0161anu, un p\u0113c iera\u0161an\u0101s izpakos j\u016bsu mantas. Vi\u0146i pied\u0101v\u0101 papildu pakalpojumus, tostarp v\u012bzu un imigr\u0101cijas atbalstu, m\u0101jok\u013ca un skolas mekl\u0113\u0161anu, atbalstu izce\u013co\u0161anai, pal\u012bgl\u012bdzek\u013cu pakalpojumus un iek\u0101rto\u0161an\u0101s pakalpojumus.<\/p>\n<p>T\u012bmek\u013ca vietne: <a href=\"http:\/\/www.logicalmoves.net\" target=\"_blank\" rel=\"noopener\">http:\/\/www.logicalmoves.net<\/a><\/p>\n<h2><span class=\"ez-toc-section\" id=\"4_Santa_Fe_Relocation\"><\/span><strong>4. Santa Fe p\u0101rvieto\u0161ana<\/strong><span class=\"ez-toc-section-end\"><\/span><\/h2>\n<p><img loading=\"lazy\" decoding=\"async\" class=\"alignnone size-full wp-image-10181\" src=\"https:\/\/moverdb.com\/wp-content\/uploads\/Santa-Fe-Relocations-Vietnam-international-moving-company.png\" alt=\"Santa Fe Relocations Vjetnama starptautisks p\u0101rvietojas uz\u0146\u0113mums\" width=\"1440\" height=\"681\" data-wp-pid=\"10181\" srcset=\"https:\/\/moverdb.com\/wp-content\/uploads\/Santa-Fe-Relocations-Vietnam-international-moving-company.png 1440w, https:\/\/moverdb.com\/wp-content\/uploads\/Santa-Fe-Relocations-Vietnam-international-moving-company-300x142.png 300w, https:\/\/moverdb.com\/wp-content\/uploads\/Santa-Fe-Relocations-Vietnam-international-moving-company-1024x484.png 1024w, https:\/\/moverdb.com\/wp-content\/uploads\/Santa-Fe-Relocations-Vietnam-international-moving-company-18x9.png 18w, https:\/\/moverdb.com\/wp-content\/uploads\/Santa-Fe-Relocations-Vietnam-international-moving-company-600x284.png 600w\" sizes=\"auto, (max-width: 1440px) 100vw, 1440px\" \/><\/p>\n<ul>\n<li>Viet\u0113j\u0101 un valsts m\u0113roga p\u0101rvieto\u0161ana<\/li>\n<li>Starptautisk\u0101s p\u0101rvieto\u0161anas<\/li>\n<li>M\u0101jsaimniec\u012bbas p\u0101rvieto\u0161ana<\/li>\n<li>Uz\u0146\u0113mumu p\u0101rvieto\u0161ana<\/li>\n<li>Pakalpojums \"no durv\u012bm l\u012bdz durv\u012bm<\/li>\n<li>Specializ\u0113t\u0101 iepako\u0161ana<\/li>\n<li>Muito\u0161ana<\/li>\n<li>V\u012bzas un imigr\u0101cija<\/li>\n<li>Galam\u0113r\u0137a pakalpojumi<\/li>\n<li>Dro\u0161a uzglab\u0101\u0161ana<\/li>\n<\/ul>\n<p>Santa Fe Relocation ir starptautisks p\u0101rcel\u0161an\u0101s un p\u0101rcel\u0161an\u0101s uz\u0146\u0113mums ar vair\u0101k nek\u0101 130 gadu pieredzi, kam ir 64 biroji 38 valst\u012bs, tostarp Hanoj\u0101 un Ho\u0161imin\u0101 Vjetnam\u0101. Uz\u0146\u0113mums ir IAM biedrs ar 17 gadu pieredzi un ir akredit\u0113ts FIDI.<\/p>\n<p>Santa Fe Relocation pied\u0101v\u0101 p\u0101rcel\u0161an\u0101s pakalpojumus no durv\u012bm l\u012bdz durv\u012bm ar profesion\u0101lu komandu, kas pal\u012bdz\u0113s jums vis\u0101 p\u0101rcel\u0161an\u0101s laik\u0101. Vi\u0146i sniedz specializ\u0113tus iepako\u0161anas pakalpojumus, lai aizsarg\u0101tu j\u016bsu mantas p\u0101rvieto\u0161anas laik\u0101, k\u0101 ar\u012b pied\u0101v\u0101 visaptvero\u0161us s\u016bt\u012bjumu aizsardz\u012bbas pl\u0101nus. Vi\u0146i pied\u0101v\u0101 papildu pakalpojumus, tostarp v\u012bzu un imigr\u0101cijas pakalpojumus, m\u0101jok\u013ca mekl\u0113\u0161anu un citus galam\u0113r\u0137a pakalpojumus.<\/p>\n<p>T\u012bmek\u013ca vietne: <a href=\"https:\/\/www.santaferelo.com\/en\/contact\/our-offices\/vietnam-ho-chi-minh\/\" target=\"_blank\" rel=\"noopener\">https:\/\/www.santaferelo.com\/en\/contact\/our-offices\/vietnam-ho-chi-minh\/<\/a><\/p>\n<h2><span class=\"ez-toc-section\" id=\"5_Saigon_Van\"><\/span><strong>5. Saigon Van<\/strong><span class=\"ez-toc-section-end\"><\/span><\/h2>\n<p><img loading=\"lazy\" decoding=\"async\" class=\"alignnone size-full wp-image-10258\" src=\"https:\/\/moverdb.com\/wp-content\/uploads\/Saigon-Van-international-moving-company.png\" alt=\"Saigon Van starptautisks p\u0101rvietojas uz\u0146\u0113mums\" width=\"1440\" height=\"700\" data-wp-pid=\"10258\" srcset=\"https:\/\/moverdb.com\/wp-content\/uploads\/Saigon-Van-international-moving-company.png 1440w, https:\/\/moverdb.com\/wp-content\/uploads\/Saigon-Van-international-moving-company-300x146.png 300w, https:\/\/moverdb.com\/wp-content\/uploads\/Saigon-Van-international-moving-company-1024x498.png 1024w, https:\/\/moverdb.com\/wp-content\/uploads\/Saigon-Van-international-moving-company-18x9.png 18w, https:\/\/moverdb.com\/wp-content\/uploads\/Saigon-Van-international-moving-company-600x292.png 600w\" sizes=\"auto, (max-width: 1440px) 100vw, 1440px\" \/><\/p>\n<ul>\n<li>Viet\u0113jie un viet\u0113jie p\u0101rvadi<\/li>\n<li>Starptautiskie p\u0101rvadi<\/li>\n<li>M\u0101jsaimniec\u012bbas p\u0101rv\u0101k\u0161an\u0101s<\/li>\n<li>Biroju p\u0101rcel\u0161an\u0101s<\/li>\n<li>Iepako\u0161anas pakalpojums<\/li>\n<li>Muito\u0161ana<\/li>\n<li>M\u0101jdz\u012bvnieku p\u0101rvieto\u0161ana<\/li>\n<li>Meistara pakalpojumi<\/li>\n<li>Apdro\u0161in\u0101\u0161ana<\/li>\n<li>Uzglab\u0101\u0161ana<\/li>\n<\/ul>\n<p>Saigon Van ir starptautisks p\u0101rcel\u0161an\u0101s uz\u0146\u0113mums, kas dibin\u0101ts 1990. gad\u0101 un atrodas Ho\u0161imin\u0101, un t\u0101 fili\u0101le atrodas Ha Noij\u0101. Vi\u0146i sadarbojas ar starptautiskajiem kol\u0113\u0123iem, lai pal\u012bdz\u0113tu sniegt pakalpojumus \u0101rpus Vjetnamas. Uz\u0146\u0113mums ir IAM biedrs ar 33 gadu pieredzi un ir akredit\u0113ts FIDI.<\/p>\n<p>Saigon Van pied\u0101v\u0101 viet\u0113jos, valsts un starptautiskos p\u0101rcel\u0161an\u0101s un p\u0101rcel\u0161an\u0101s pakalpojumus, kas s\u0101kas ar pirmsp\u0101rcel\u0161an\u0101s apseko\u0161anu. Vi\u0146i nodro\u0161ina pieredz\u0113ju\u0161u iepako\u0161anas komandu, kas iesai\u0146os un aizsarg\u0101s j\u016bsu mantas. Vi\u0146i organiz\u0113 transport\u0113\u0161anu ar muito\u0161anu un apdro\u0161in\u0101\u0161anu. P\u0101rcel\u0161an\u0101s pakalpojumi ietver v\u012bzu izsnieg\u0161anu, re\u0123istr\u0101ciju skol\u0101, pal\u012bgstr\u0101dnieku pakalpojumus, uzkop\u0161anas pakalpojumus un uzglab\u0101\u0161anu.<\/p>\n<p>T\u012bmek\u013ca vietne: <a href=\"http:\/\/www.saigonvan.com\/\" target=\"_blank\" rel=\"noopener\">http:\/\/www.saigonvan.com\/<\/a><\/p>\n<h2><span class=\"ez-toc-section\" id=\"Other_Useful_Guides_to_Vietnam\"><\/span>Citi noder\u012bgi ce\u013cve\u017ei uz Vjetnamu<span class=\"ez-toc-section-end\"><\/span><\/h2>\n<ul>\n<li> <a href=\"https:\/\/moverdb.com\/lv\/konteineru-parvadajumi\/vietnama\/\">2024 J\u016bras kravu p\u0101rvad\u0101jumu konteineru p\u0101rvad\u0101jumu cenas uz Vjetnamu un no t\u0101s<\/a><\/li>\n<li> <a href=\"https:\/\/moverdb.com\/lv\/moving-to-vietnam\/\">P\u0101rcel\u0161an\u0101s uz Vjetnamu? 2023 Dz\u012bves izmaksas un p\u0101rcel\u0161an\u0101s padomi<\/a><\/li>\n<li> <a href=\"https:\/\/moverdb.com\/lv\/moving-to-vietnam\/best-places-to-live-vietnam\/\">12 Lab\u0101k\u0101s vietas, kur dz\u012bvot Vjetnam\u0101<\/a><\/li>\n<\/ul>","protected":false},"excerpt":{"rendered":"<p>Are you thinking of moving to, from or within Vietnam? Getting a moving company to assist you can help ease the process as they can pack your effects, arrange transportation and manage customs procedures. Below we have compiled a list of Vietnam based removal companies that are members of the International Association of Movers (IAM) [&hellip;]<\/p>\n","protected":false},"author":4,"featured_media":10115,"parent":190,"menu_order":0,"comment_status":"closed","ping_status":"closed","template":"","meta":{"_genesis_hide_title":false,"_genesis_hide_breadcrumbs":false,"_genesis_hide_singular_image":false,"_genesis_hide_footer_widgets":false,"_genesis_custom_body_class":"","_genesis_custom_post_class":"","_genesis_layout":"","footnotes":""},"class_list":{"0":"post-10257","1":"page","2":"type-page","3":"status-publish","4":"has-post-thumbnail","6":"entry"},"_links":{"self":[{"href":"https:\/\/moverdb.com\/lv\/wp-json\/wp\/v2\/pages\/10257","targetHints":{"allow":["GET"]}}],"collection":[{"href":"https:\/\/moverdb.com\/lv\/wp-json\/wp\/v2\/pages"}],"about":[{"href":"https:\/\/moverdb.com\/lv\/wp-json\/wp\/v2\/types\/page"}],"author":[{"embeddable":true,"href":"https:\/\/moverdb.com\/lv\/wp-json\/wp\/v2\/users\/4"}],"replies":[{"embeddable":true,"href":"https:\/\/moverdb.com\/lv\/wp-json\/wp\/v2\/comments?post=10257"}],"version-history":[{"count":3,"href":"https:\/\/moverdb.com\/lv\/wp-json\/wp\/v2\/pages\/10257\/revisions"}],"predecessor-version":[{"id":16500,"href":"https:\/\/moverdb.com\/lv\/wp-json\/wp\/v2\/pages\/10257\/revisions\/16500"}],"up":[{"embeddable":true,"href":"https:\/\/moverdb.com\/lv\/wp-json\/wp\/v2\/pages\/190"}],"wp:featuredmedia":[{"embeddable":true,"href":"https:\/\/moverdb.com\/lv\/wp-json\/wp\/v2\/media\/10115"}],"wp:attachment":[{"href":"https:\/\/moverdb.com\/lv\/wp-json\/wp\/v2\/media?parent=10257"}],"curies":[{"name":"wp","href":"https:\/\/api.w.org\/{rel}","templated":true}]}}