{"id":10253,"date":"2023-06-22T15:36:35","date_gmt":"2023-06-22T15:36:35","guid":{"rendered":"https:\/\/moverdb.com\/?page_id=10253"},"modified":"2026-01-08T15:23:53","modified_gmt":"2026-01-08T15:23:53","slug":"moving-companies-uzbekistan","status":"publish","type":"page","link":"https:\/\/moverdb.com\/lv\/moving-companies\/moving-companies-uzbekistan\/","title":{"rendered":"2 Lab\u0101kie starptautisk\u0101s p\u0101rcel\u0161an\u0101s uz\u0146\u0113mumi Uzbekist\u0101n\u0101"},"content":{"rendered":"<p>Vai pl\u0101nojat p\u0101rcelties uz Uzbekist\u0101nu, no t\u0101s vai uz to? Tad piesaistiet <a href=\"https:\/\/moverdb.com\/lv\/moving-companies\/\" data-internallinksmanager029f6b8e52c=\"79\" title=\"Top 25 Starptautiskie p\u0101rcel\u0161an\u0101s uz\u0146\u0113mumi tie\u0161saist\u0113\">P\u0101rvieto\u0161an\u0101s uz\u0146\u0113mums<\/a> kas var jums pal\u012bdz\u0113t ar iepako\u0161anu, transporta organiz\u0113\u0161anu un muitas formalit\u0101\u0161u k\u0101rto\u0161anu starptautiskiem p\u0101rcel\u0161an\u0101s gad\u012bjumiem, var patie\u0161\u0101m atvieglot j\u016bsu p\u0101rcel\u0161anos. Zem\u0101k m\u0113s esam apkopoju\u0161i sarakstu ar Uzbekist\u0101n\u0101 b\u0101z\u0113tiem <a href=\"https:\/\/moverdb.com\/lv\/international-removals\/\" data-internallinksmanager029f6b8e52c=\"27\" title=\"36 Lab\u0101kie starptautisko p\u0101rvad\u0101jumu uz\u0146\u0113mumi Apvienotaj\u0101 Karalist\u0113\">p\u0101rv\u0101k\u0161an\u0101s uz\u0146\u0113mumi<\/a> kas ir <a href=\"https:\/\/moverdb.com\/lv\/iam\/\" data-internallinksmanager029f6b8e52c=\"23\" title=\"Starptautisk\u0101s P\u0101rv\u0101c\u0113ju asoci\u0101cijas (IAM) skaidrojumi\">Starptautisk\u0101 P\u0101rv\u0101c\u0113ju asoci\u0101cija<\/a> (IAM) un\/vai <a href=\"https:\/\/moverdb.com\/lv\/fidi-faim\/\" data-internallinksmanager029f6b8e52c=\"16\" title=\"FIDI un FAIM (FIDI akredit\u0113tais starptautiskais p\u0101rvietot\u0101js) skaidrojums\">FIDI<\/a> Akredit\u0113ti starptautiskie p\u0101rv\u0101c\u0113ji (FAIM), kas var\u0113tu jums pal\u012bdz\u0113t p\u0101rcelties.<\/p>\n<h2><strong>1. P\u0101rvietojums 1<\/strong><\/h2>\n<p><img loading=\"lazy\" decoding=\"async\" class=\"alignnone size-full wp-image-10159\" src=\"https:\/\/moverdb.com\/wp-content\/uploads\/Move-One-international-moving-company-1.png\" alt=\"Move One starptautiskais p\u0101rcel\u0161an\u0101s uz\u0146\u0113mums\" width=\"1440\" height=\"676\" data-wp-pid=\"10159\" srcset=\"https:\/\/moverdb.com\/wp-content\/uploads\/Move-One-international-moving-company-1.png 1440w, https:\/\/moverdb.com\/wp-content\/uploads\/Move-One-international-moving-company-1-300x141.png 300w, https:\/\/moverdb.com\/wp-content\/uploads\/Move-One-international-moving-company-1-1024x481.png 1024w, https:\/\/moverdb.com\/wp-content\/uploads\/Move-One-international-moving-company-1-18x8.png 18w, https:\/\/moverdb.com\/wp-content\/uploads\/Move-One-international-moving-company-1-600x282.png 600w\" sizes=\"auto, (max-width: 1440px) 100vw, 1440px\" \/><\/p>\n<ul>\n<li>Valsts p\u0101rcel\u0161an\u0101s<\/li>\n<li>Starptautiskie p\u0101rvadi<\/li>\n<li>M\u0101jsaimniec\u012bbas p\u0101rv\u0101k\u0161an\u0101s<\/li>\n<li>Komerci\u0101l\u0101 lo\u0123istika<\/li>\n<li>P\u0101rcel\u0161an\u0101s pakalpojumi<\/li>\n<li>Iepako\u0161anas pakalpojums<\/li>\n<li>Transporta pas\u0101kumi<\/li>\n<li>Muitas atbalsts<\/li>\n<li>M\u0101jdz\u012bvnieku un transportl\u012bdzek\u013cu transport\u0113\u0161ana<\/li>\n<li>Uzglab\u0101\u0161anas iek\u0101rtas<\/li>\n<\/ul>\n<p>Move One ir 1992. gad\u0101 dibin\u0101ts lo\u0123istikas, p\u0101rcel\u0161an\u0101s un glob\u0101l\u0101s mobilit\u0101tes risin\u0101jumu uz\u0146\u0113mums ar vair\u0101k nek\u0101 80 birojiem Austrumeirop\u0101, \u0100frik\u0101, Tuvajos Austrumos, Balk\u0101nos un NVS. Uz\u0146\u0113muma birojs Uzbekist\u0101n\u0101 atrodas Ta\u0161kent\u0101. Uz\u0146\u0113mumam ir biroju un a\u0123entu t\u012bkls, kas sniedz starptautiskus pakalpojumus. Uz\u0146\u0113mums ir IAM biedrs ar septi\u0146u gadu darb\u012bbas pieredzi.<\/p>\n<p>Move One koordin\u0113s j\u016bsu p\u0101rv\u0101k\u0161anos, nodro\u0161inot vienm\u0113r\u012bgu p\u0101rv\u0101k\u0161an\u0101s norisi, sniedzot iepako\u0161anas pakalpojumus, transporta pakalpojumus un muitas atbalstu. Vi\u0146i pied\u0101v\u0101 papildu pakalpojumus, tostarp at\u013caujas un v\u012bzas, dz\u012bvnieku p\u0101rvad\u0101\u0161anu, auto p\u0101rvad\u0101\u0161anu, liek\u0101s bag\u0101\u017eas p\u0101rvad\u0101\u0161anu un uzglab\u0101\u0161anu. P\u0101rcel\u0161an\u0101s pakalpojumi ietver m\u0101jok\u013ca un skolas mekl\u0113\u0161anu, pagaidu izmitin\u0101\u0161anu, orient\u0101ciju un iek\u0101rto\u0161an\u0101s atbalstu.<\/p>\n<p>T\u012bmek\u013ca vietne: <a href=\"https:\/\/www.moveoneinc.com\" target=\"_blank\" rel=\"noopener\">https:\/\/www.moveoneinc.com<\/a><\/p>\n<h2><strong>2. Gosselin<\/strong><\/h2>\n<p><img loading=\"lazy\" decoding=\"async\" class=\"alignnone size-full wp-image-10132\" src=\"https:\/\/moverdb.com\/wp-content\/uploads\/Gosselin-Uzbekistan-international-moving-company.png\" alt=\"Gosselin Uzbekist\u0101na starptautisk\u0101 p\u0101rvietojas uz\u0146\u0113mums\" width=\"1440\" height=\"680\" data-wp-pid=\"10132\" srcset=\"https:\/\/moverdb.com\/wp-content\/uploads\/Gosselin-Uzbekistan-international-moving-company.png 1440w, https:\/\/moverdb.com\/wp-content\/uploads\/Gosselin-Uzbekistan-international-moving-company-300x142.png 300w, https:\/\/moverdb.com\/wp-content\/uploads\/Gosselin-Uzbekistan-international-moving-company-1024x484.png 1024w, https:\/\/moverdb.com\/wp-content\/uploads\/Gosselin-Uzbekistan-international-moving-company-18x9.png 18w, https:\/\/moverdb.com\/wp-content\/uploads\/Gosselin-Uzbekistan-international-moving-company-600x283.png 600w\" sizes=\"auto, (max-width: 1440px) 100vw, 1440px\" \/><\/p>\n<ul>\n<li>Valsts p\u0101rcel\u0161an\u0101s<\/li>\n<li>Starptautiskie p\u0101rvadi<\/li>\n<li>M\u0101jsaimniec\u012bbas p\u0101rv\u0101k\u0161an\u0101s<\/li>\n<li>Biroju p\u0101rcel\u0161an\u0101s<\/li>\n<li>Pakalpojums \"no durv\u012bm l\u012bdz durv\u012bm<\/li>\n<li>Iepako\u0161anas pakalpojums<\/li>\n<li>Transporta pas\u0101kumi<\/li>\n<li>T\u0113lot\u0101jm\u0101kslas kust\u012bbas<\/li>\n<li>Automa\u0161\u012bnu un m\u0101jdz\u012bvnieku p\u0101rvieto\u0161ana<\/li>\n<li>Uzglab\u0101\u0161anas risin\u0101jumi<\/li>\n<\/ul>\n<p>Gosselin ir starptautisks p\u0101rcel\u0161an\u0101s uz\u0146\u0113mums, kas dibin\u0101ts 1930. gad\u0101, un t\u0101 biroji atrodas 34 valst\u012bs Eirop\u0101, Kauk\u0101z\u0101 un Vidus\u0101zij\u0101, tostarp Ta\u0161kent\u0101 Uzbekist\u0101n\u0101. Lai sniegtu starptautiskos pakalpojumus, uz\u0146\u0113mums izmanto savus birojus un p\u0101rcel\u0161an\u0101s partneru t\u012bklu vis\u0101 pasaul\u0113. Uz\u0146\u0113mums ir IAM biedrs.<\/p>\n<p>Gosselin pied\u0101v\u0101 p\u0101rcel\u0161an\u0101s pakalpojumus no durv\u012bm l\u012bdz durv\u012bm ar profesion\u0101liem p\u0101rv\u0101c\u0113jiem, kas pal\u012bdz\u0113s jums p\u0101rcelties uz jebkuru vietu pasaul\u0113. Vi\u0146i dro\u0161i iesai\u0146os j\u016bsu mantas, demont\u0113s un samont\u0113s m\u0113beles, k\u0101 ar\u012b p\u0113c iera\u0161an\u0101s t\u0101s izpakos. Vi\u0146i izmanto videi draudz\u012bgus iesai\u0146o\u0161anas materi\u0101lus un iek\u013cauj transporta apdro\u0161in\u0101\u0161anu. Vi\u0146i pied\u0101v\u0101 papildu pakalpojumus, tostarp m\u0101kslas priek\u0161metu apstr\u0101di, <a href=\"https:\/\/moverdb.com\/lv\/car-transport-shipping\/\" data-internallinksmanager029f6b8e52c=\"2\" title=\"2026 Starptautiskais autotransports un transportl\u012bdzek\u013cu p\u0101rvad\u0101\u0161anas cit\u0101ti\">auto p\u0101rvad\u0101jumi<\/a>, m\u0101jdz\u012bvnieku p\u0101rvieto\u0161anas un uzglab\u0101\u0161anas risin\u0101jumi.<\/p>\n<p>T\u012bmek\u013ca vietne: <a href=\"https:\/\/gosselin-moving.com\/uzbekistan\" target=\"_blank\" rel=\"noopener\">https:\/\/gosselin-moving.com\/uzbekistan<\/a><\/p>","protected":false},"excerpt":{"rendered":"<p>Are you planning on moving within, to or from Uzbekistan? Then engaging a moving company who can assist you with packing, arranging transport and handling customs for international moves can really ease your move. Below we have compiled a list of Uzbekistan based removal companies that are members of the International Association of Movers (IAM) [&hellip;]<\/p>\n","protected":false},"author":4,"featured_media":10159,"parent":190,"menu_order":0,"comment_status":"closed","ping_status":"closed","template":"","meta":{"_genesis_hide_title":false,"_genesis_hide_breadcrumbs":false,"_genesis_hide_singular_image":false,"_genesis_hide_footer_widgets":false,"_genesis_custom_body_class":"","_genesis_custom_post_class":"","_genesis_layout":"","footnotes":""},"class_list":{"0":"post-10253","1":"page","2":"type-page","3":"status-publish","4":"has-post-thumbnail","6":"entry"},"_links":{"self":[{"href":"https:\/\/moverdb.com\/lv\/wp-json\/wp\/v2\/pages\/10253","targetHints":{"allow":["GET"]}}],"collection":[{"href":"https:\/\/moverdb.com\/lv\/wp-json\/wp\/v2\/pages"}],"about":[{"href":"https:\/\/moverdb.com\/lv\/wp-json\/wp\/v2\/types\/page"}],"author":[{"embeddable":true,"href":"https:\/\/moverdb.com\/lv\/wp-json\/wp\/v2\/users\/4"}],"replies":[{"embeddable":true,"href":"https:\/\/moverdb.com\/lv\/wp-json\/wp\/v2\/comments?post=10253"}],"version-history":[{"count":1,"href":"https:\/\/moverdb.com\/lv\/wp-json\/wp\/v2\/pages\/10253\/revisions"}],"predecessor-version":[{"id":10254,"href":"https:\/\/moverdb.com\/lv\/wp-json\/wp\/v2\/pages\/10253\/revisions\/10254"}],"up":[{"embeddable":true,"href":"https:\/\/moverdb.com\/lv\/wp-json\/wp\/v2\/pages\/190"}],"wp:featuredmedia":[{"embeddable":true,"href":"https:\/\/moverdb.com\/lv\/wp-json\/wp\/v2\/media\/10159"}],"wp:attachment":[{"href":"https:\/\/moverdb.com\/lv\/wp-json\/wp\/v2\/media?parent=10253"}],"curies":[{"name":"wp","href":"https:\/\/api.w.org\/{rel}","templated":true}]}}