{"id":10249,"date":"2023-06-22T15:38:39","date_gmt":"2023-06-22T15:38:39","guid":{"rendered":"https:\/\/moverdb.com\/?page_id=10249"},"modified":"2026-01-08T15:24:29","modified_gmt":"2026-01-08T15:24:29","slug":"moving-companies-uruguay","status":"publish","type":"page","link":"https:\/\/moverdb.com\/lv\/moving-companies\/moving-companies-uruguay\/","title":{"rendered":"3 lab\u0101kie starptautisk\u0101s p\u0101rcel\u0161an\u0101s uz\u0146\u0113mumi Urugvaj\u0101"},"content":{"rendered":"<p>M\u0101jok\u013ca vai uz\u0146\u0113muma p\u0101rcel\u0161an\u0101s var b\u016bt drud\u017eains un saspringts laiks, kad ir daudz dar\u0101m\u0101 un organiz\u0113jam\u0101. \u0160aj\u0101 situ\u0101cij\u0101 <a href=\"https:\/\/moverdb.com\/lv\/moving-companies\/\" data-internallinksmanager029f6b8e52c=\"79\" title=\"Top 25 Starptautiskie p\u0101rcel\u0161an\u0101s uz\u0146\u0113mumi tie\u0161saist\u0113\">P\u0101rvieto\u0161an\u0101s uz\u0146\u0113mums<\/a> var jums pal\u012bdz\u0113t, uz\u0146emoties daudzus uzdevumus, piem\u0113ram, iepako\u0161anu, transport\u0113\u0161anas organiz\u0113\u0161anu un muitas formalit\u0101\u0161u k\u0101rto\u0161anu starpvalstu p\u0101rcel\u0161an\u0101s gad\u012bjum\u0101. Zem\u0101k m\u0113s esam apkopoju\u0161i sarakstu ar Urugvaj\u0101 b\u0101z\u0113t\u0101m <a href=\"https:\/\/moverdb.com\/lv\/international-removals\/\" data-internallinksmanager029f6b8e52c=\"27\" title=\"36 Lab\u0101kie starptautisko p\u0101rvad\u0101jumu uz\u0146\u0113mumi Apvienotaj\u0101 Karalist\u0113\">p\u0101rv\u0101k\u0161an\u0101s uz\u0146\u0113mumi<\/a> kas ir <a href=\"https:\/\/moverdb.com\/lv\/iam\/\" data-internallinksmanager029f6b8e52c=\"23\" title=\"Starptautisk\u0101s P\u0101rv\u0101c\u0113ju asoci\u0101cijas (IAM) skaidrojumi\">Starptautisk\u0101 P\u0101rv\u0101c\u0113ju asoci\u0101cija<\/a> (IAM) un\/vai <a href=\"https:\/\/moverdb.com\/lv\/fidi-faim\/\" data-internallinksmanager029f6b8e52c=\"16\" title=\"FIDI un FAIM (FIDI akredit\u0113tais starptautiskais p\u0101rvietot\u0101js) skaidrojums\">FIDI<\/a> Akredit\u0113ti starptautiskie p\u0101rv\u0101c\u0113ji (FAIM), kas var\u0113tu jums pal\u012bdz\u0113t p\u0101rcelties.<\/p>\n<h2><strong>1. AB Moving<\/strong><\/h2>\n<p><img loading=\"lazy\" decoding=\"async\" class=\"alignnone size-full wp-image-10064\" src=\"https:\/\/moverdb.com\/wp-content\/uploads\/AB-Moving-international-moving-company.png\" alt=\"AB Moving starptautiskais p\u0101rvieto\u0161an\u0101s uz\u0146\u0113mums\" width=\"1440\" height=\"679\" data-wp-pid=\"10064\" srcset=\"https:\/\/moverdb.com\/wp-content\/uploads\/AB-Moving-international-moving-company.png 1440w, https:\/\/moverdb.com\/wp-content\/uploads\/AB-Moving-international-moving-company-300x141.png 300w, https:\/\/moverdb.com\/wp-content\/uploads\/AB-Moving-international-moving-company-1024x483.png 1024w, https:\/\/moverdb.com\/wp-content\/uploads\/AB-Moving-international-moving-company-18x8.png 18w, https:\/\/moverdb.com\/wp-content\/uploads\/AB-Moving-international-moving-company-600x283.png 600w\" sizes=\"auto, (max-width: 1440px) 100vw, 1440px\" \/><\/p>\n<ul>\n<li>Valsts p\u0101rcel\u0161an\u0101s<\/li>\n<li>Starptautiskie p\u0101rvadi<\/li>\n<li>M\u0101jsaimniec\u012bbas p\u0101rv\u0101k\u0161an\u0101s<\/li>\n<li>Uz\u0146\u0113m\u0113jdarb\u012bbas virzieni<\/li>\n<li>P\u0101rcel\u0161an\u0101s pakalpojumi<\/li>\n<li>Profesion\u0101ls iepakojums<\/li>\n<li>Gaisa, j\u016bras un sauszemes transports<\/li>\n<li>M\u0101kslas apstr\u0101de<\/li>\n<li>M\u0101jdz\u012bvnieku p\u0101rvieto\u0161ana<\/li>\n<li>Dro\u0161a uzglab\u0101\u0161ana<\/li>\n<\/ul>\n<p>AB Moving ir starptautisks p\u0101rvieto\u0161an\u0101s un p\u0101rcel\u0161an\u0101s uz\u0146\u0113mums ar vair\u0101k nek\u0101 25 gadu pieredzi, kas atrodas Montevideo. Uz\u0146\u0113mumam ir a\u0123entu t\u012bkls vis\u0101 pasaul\u0113, kas \u013cauj veikt p\u0101rv\u0101k\u0161an\u0101s darbus jebkur\u0101 pasaules viet\u0101. Uz\u0146\u0113mums ir IAM biedrs ar 15 gadu darba st\u0101\u017eu.<\/p>\n<p>AB Moving sniedz individualiz\u0113tus pakalpojumus, kas ir piel\u0101goti j\u016bsu vajadz\u012bb\u0101m un pied\u0101v\u0101 pakalpojumus no durv\u012bm l\u012bdz durv\u012bm. Vi\u0146i sniedz profesion\u0101lu iepako\u0161anas pakalpojumu, izmantojot augstas kvalit\u0101tes materi\u0101lus un \u012bpa\u0161i izgatavotus koka karkasus, lai aizsarg\u0101tu j\u016bsu priek\u0161metus. Vi\u0146i organiz\u0113s transport\u0113\u0161anu pa gaisu, j\u016bru vai autoce\u013ciem ar visiem nepiecie\u0161amajiem dokumentiem.<\/p>\n<p>T\u012bmek\u013ca vietne: <a href=\"http:\/\/www.ab.com.uy\" target=\"_blank\" rel=\"noopener\">http:\/\/www.ab.com.uy<\/a><\/p>\n<h2><strong>2. Autogiro<\/strong><\/h2>\n<p><img loading=\"lazy\" decoding=\"async\" class=\"alignnone size-full wp-image-10085\" src=\"https:\/\/moverdb.com\/wp-content\/uploads\/Autogiro-international-moving-company.png\" alt=\"Autogiro starptautiskais p\u0101rvieto\u0161an\u0101s uz\u0146\u0113mums\" width=\"1440\" height=\"682\" data-wp-pid=\"10085\" srcset=\"https:\/\/moverdb.com\/wp-content\/uploads\/Autogiro-international-moving-company.png 1440w, https:\/\/moverdb.com\/wp-content\/uploads\/Autogiro-international-moving-company-300x142.png 300w, https:\/\/moverdb.com\/wp-content\/uploads\/Autogiro-international-moving-company-1024x485.png 1024w, https:\/\/moverdb.com\/wp-content\/uploads\/Autogiro-international-moving-company-18x9.png 18w, https:\/\/moverdb.com\/wp-content\/uploads\/Autogiro-international-moving-company-600x284.png 600w\" sizes=\"auto, (max-width: 1440px) 100vw, 1440px\" \/><\/p>\n<ul>\n<li>Valsts p\u0101rcel\u0161an\u0101s<\/li>\n<li>Starptautiskie p\u0101rvadi<\/li>\n<li>P\u0101rv\u0101k\u0161an\u0101s uz dz\u012bvojam\u0101m telp\u0101m<\/li>\n<li>Uz\u0146\u0113mumu izve\u0161ana<\/li>\n<li>P\u0101rcel\u0161an\u0101s pakalpojumi<\/li>\n<li>Iepako\u0161anas pakalpojums<\/li>\n<li>Transporta pas\u0101kumi<\/li>\n<li>M\u0101kslas darbu apstr\u0101de<\/li>\n<li>M\u0101jdz\u012bvnieku p\u0101rvad\u0101\u0161ana<\/li>\n<li>Dro\u0161a uzglab\u0101\u0161ana<\/li>\n<\/ul>\n<p>Autogiro ir 1925. gad\u0101 dibin\u0101ts p\u0101rvieto\u0161an\u0101s un kravu p\u0101rvad\u0101jumu uz\u0146\u0113mums, kas atrodas Montevideo. Uz\u0146\u0113mums ir izveidojis sakarus ar a\u0123entiem vis\u0101 pasaul\u0113, kas nodro\u0161ina augstus standartus, lai pal\u012bdz\u0113tu sniegt starptautiskos pakalpojumus. Uz\u0146\u0113mums ir IAM biedrs ar 98 gadu darb\u012bbas pieredzi un ir akredit\u0113ts FIDI.<\/p>\n<p>Autogiro vispirms nov\u0113rt\u0113s j\u016bsu p\u0101rcel\u0161an\u0101s apjomu un sniegs cenu par p\u0101rcel\u0161anos no durv\u012bm l\u012bdz durv\u012bm, sniedzot konsult\u0101cijas par muitas pakalpojumiem. Vi\u0146i iesai\u0146os j\u016bsu mantas un aizsarg\u0101s t\u0101s MDF atvilktn\u0113s, k\u0101 ar\u012b iev\u0113ros starptautiskos standartus attiec\u012bb\u0101 uz trausliem priek\u0161metiem. Vi\u0146i iekraus mantas konteiner\u0101 vai koka kast\u0113s un nog\u0101d\u0101s t\u0101s galam\u0113r\u0137\u012b, sagatavojot invent\u0101ra sarakstu.<\/p>\n<p>T\u012bmek\u013ca vietne: <a href=\"http:\/\/www.autogiro.com.uy\" target=\"_blank\" rel=\"noopener\">http:\/\/www.autogiro.com.uy<\/a><\/p>\n<h2><strong>3. Uruvan<\/strong><\/h2>\n<p><img loading=\"lazy\" decoding=\"async\" class=\"alignnone size-full wp-image-10251\" src=\"https:\/\/moverdb.com\/wp-content\/uploads\/Uruvan-international-moving-company-1.png\" alt=\"Uruvan starptautisks p\u0101rvietojas uz\u0146\u0113mums\" width=\"1440\" height=\"709\" data-wp-pid=\"10251\" srcset=\"https:\/\/moverdb.com\/wp-content\/uploads\/Uruvan-international-moving-company-1.png 1440w, https:\/\/moverdb.com\/wp-content\/uploads\/Uruvan-international-moving-company-1-300x148.png 300w, https:\/\/moverdb.com\/wp-content\/uploads\/Uruvan-international-moving-company-1-1024x504.png 1024w, https:\/\/moverdb.com\/wp-content\/uploads\/Uruvan-international-moving-company-1-18x9.png 18w, https:\/\/moverdb.com\/wp-content\/uploads\/Uruvan-international-moving-company-1-600x295.png 600w\" sizes=\"auto, (max-width: 1440px) 100vw, 1440px\" \/><\/p>\n<ul>\n<li>Valsts p\u0101rv\u0101k\u0161an\u0101s<\/li>\n<li>Starptautisk\u0101 p\u0101rcel\u0161an\u0101s<\/li>\n<li>M\u0101jsaimniec\u012bbas p\u0101rv\u0101k\u0161an\u0101s<\/li>\n<li>Uz\u0146\u0113mumu izve\u0161ana<\/li>\n<li>P\u0101rcel\u0161an\u0101s pakalpojumi<\/li>\n<li>Iepako\u0161anas pakalpojums<\/li>\n<li>Muito\u0161ana<\/li>\n<li>M\u0101kslas transports<\/li>\n<li>M\u0101jdz\u012bvnieku p\u0101rvad\u0101\u0161ana<\/li>\n<li>Uzglab\u0101\u0161anas iek\u0101rtas<\/li>\n<\/ul>\n<p>Uruvan ir 1982. gad\u0101 dibin\u0101ts nacion\u0101lo un starptautisko p\u0101rvad\u0101jumu uz\u0146\u0113mums, kas pied\u0101v\u0101 kravu p\u0101rvad\u0101\u0161anas un uzglab\u0101\u0161anas pakalpojumus un atrodas Montevideo ar biroju Punta del Etse. Uz\u0146\u0113mums sadarbojas ar a\u0123ent\u016br\u0101m vis\u0101 pasaul\u0113, lai sniegtu pakalpojumus Urugvaj\u0101 un starptautisk\u0101 m\u0113rog\u0101. Uz\u0146\u0113mums ir IAM biedrs ar 41 gadu darba st\u0101\u017eu un ir akredit\u0113ts FIDI.<\/p>\n<p>Uruvan pied\u0101v\u0101 p\u0101rcel\u0161an\u0101s pakalpojumus no durv\u012bm l\u012bdz durv\u012bm, s\u0101kot ar m\u0101jas apseko\u0161anu, lai nov\u0113rt\u0113tu j\u016bsu vajadz\u012bbas un sagatavotu pied\u0101v\u0101jumu. Vi\u0146i koordin\u0113s j\u016bsu p\u0101rcel\u0161anos un organiz\u0113s transport\u0113\u0161anu, iepako\u0161anu un muito\u0161anu. Vi\u0146u profesion\u0101l\u0101 p\u0101rcel\u0161an\u0101s komanda iesai\u0146os j\u016bsu mantas, izmantojot atbilsto\u0161us iesai\u0146ojuma materi\u0101lus, lai aizsarg\u0101tu t\u0101s, transport\u0113jot uz j\u016bsu jaunaj\u0101m m\u0101j\u0101m.<\/p>\n<p>T\u012bmek\u013ca vietne: <a href=\"http:\/\/www.uruvan.com.uy\" target=\"_blank\" rel=\"noopener\">http:\/\/www.uruvan.com.uy<\/a><\/p>","protected":false},"excerpt":{"rendered":"<p>Moving home or your business can be a hectic and stressful time with a lot to do and arrange. This is where a moving company can help you by taking on many of the tasks such as packing, arranging transportation and handling customs arrangements for inter-country moves. Below we have compiled a list of Uruguay [&hellip;]<\/p>\n","protected":false},"author":4,"featured_media":10064,"parent":190,"menu_order":0,"comment_status":"closed","ping_status":"closed","template":"","meta":{"_genesis_hide_title":false,"_genesis_hide_breadcrumbs":false,"_genesis_hide_singular_image":false,"_genesis_hide_footer_widgets":false,"_genesis_custom_body_class":"","_genesis_custom_post_class":"","_genesis_layout":"","footnotes":""},"class_list":{"0":"post-10249","1":"page","2":"type-page","3":"status-publish","4":"has-post-thumbnail","6":"entry"},"_links":{"self":[{"href":"https:\/\/moverdb.com\/lv\/wp-json\/wp\/v2\/pages\/10249","targetHints":{"allow":["GET"]}}],"collection":[{"href":"https:\/\/moverdb.com\/lv\/wp-json\/wp\/v2\/pages"}],"about":[{"href":"https:\/\/moverdb.com\/lv\/wp-json\/wp\/v2\/types\/page"}],"author":[{"embeddable":true,"href":"https:\/\/moverdb.com\/lv\/wp-json\/wp\/v2\/users\/4"}],"replies":[{"embeddable":true,"href":"https:\/\/moverdb.com\/lv\/wp-json\/wp\/v2\/comments?post=10249"}],"version-history":[{"count":1,"href":"https:\/\/moverdb.com\/lv\/wp-json\/wp\/v2\/pages\/10249\/revisions"}],"predecessor-version":[{"id":10252,"href":"https:\/\/moverdb.com\/lv\/wp-json\/wp\/v2\/pages\/10249\/revisions\/10252"}],"up":[{"embeddable":true,"href":"https:\/\/moverdb.com\/lv\/wp-json\/wp\/v2\/pages\/190"}],"wp:featuredmedia":[{"embeddable":true,"href":"https:\/\/moverdb.com\/lv\/wp-json\/wp\/v2\/media\/10064"}],"wp:attachment":[{"href":"https:\/\/moverdb.com\/lv\/wp-json\/wp\/v2\/media?parent=10249"}],"curies":[{"name":"wp","href":"https:\/\/api.w.org\/{rel}","templated":true}]}}