{"id":10242,"date":"2023-06-22T15:43:24","date_gmt":"2023-06-22T15:43:24","guid":{"rendered":"https:\/\/moverdb.com\/?page_id=10242"},"modified":"2026-01-08T15:24:54","modified_gmt":"2026-01-08T15:24:54","slug":"moving-companies-uganda","status":"publish","type":"page","link":"https:\/\/moverdb.com\/lv\/moving-companies\/moving-companies-uganda\/","title":{"rendered":"4 Lab\u0101kie starptautisk\u0101s p\u0101rcel\u0161an\u0101s uz\u0146\u0113mumi Ugand\u0101"},"content":{"rendered":"<p>P\u0101rvietot savu m\u0101ju vai uz\u0146\u0113mumu Ugand\u0101, uz Ugandu un no t\u0101s var b\u016bt sare\u017e\u0123\u012bti, t\u0101p\u0113c, piesaistot a <a href=\"https:\/\/moverdb.com\/lv\/moving-companies\/\" data-internallinksmanager029f6b8e52c=\"79\" title=\"Top 25 Starptautiskie p\u0101rcel\u0161an\u0101s uz\u0146\u0113mumi tie\u0161saist\u0113\">P\u0101rvieto\u0161an\u0101s uz\u0146\u0113mums<\/a> var rad\u012bt lielas at\u0161\u0137ir\u012bbas. Vi\u0146i var pal\u012bdz\u0113t ar iepako\u0161anu, transporta organiz\u0113\u0161anu un importa\/eksporta apstr\u0101di. Zem\u0101k m\u0113s esam apkopoju\u0161i sarakstu ar Ugand\u0101 b\u0101z\u0113tiem <a href=\"https:\/\/moverdb.com\/lv\/international-removals\/\" data-internallinksmanager029f6b8e52c=\"27\" title=\"36 Lab\u0101kie starptautisko p\u0101rvad\u0101jumu uz\u0146\u0113mumi Apvienotaj\u0101 Karalist\u0113\">p\u0101rv\u0101k\u0161an\u0101s uz\u0146\u0113mumi<\/a> kas ir <a href=\"https:\/\/moverdb.com\/lv\/iam\/\" data-internallinksmanager029f6b8e52c=\"23\" title=\"Starptautisk\u0101s P\u0101rv\u0101c\u0113ju asoci\u0101cijas (IAM) skaidrojumi\">Starptautisk\u0101 P\u0101rv\u0101c\u0113ju asoci\u0101cija<\/a> (IAM) un\/vai <a href=\"https:\/\/moverdb.com\/lv\/fidi-faim\/\" data-internallinksmanager029f6b8e52c=\"16\" title=\"FIDI un FAIM (FIDI akredit\u0113tais starptautiskais p\u0101rvietot\u0101js) skaidrojums\">FIDI<\/a> Akredit\u0113ti starptautiskie p\u0101rv\u0101c\u0113ji (FAIM), kas var\u0113tu jums pal\u012bdz\u0113t p\u0101rcelties.<\/p>\n<div id=\"ez-toc-container\" class=\"ez-toc-v2_0_83 ez-toc-wrap-left counter-hierarchy ez-toc-counter ez-toc-transparent ez-toc-container-direction\">\n<div class=\"ez-toc-title-container\">\n<p class=\"ez-toc-title\" style=\"cursor:inherit\">Sada\u013cas<\/p>\n<span class=\"ez-toc-title-toggle\"><a href=\"#\" class=\"ez-toc-pull-right ez-toc-btn ez-toc-btn-xs ez-toc-btn-default ez-toc-toggle\" aria-label=\"P\u0101rsl\u0113gt satura tabulu\"><span class=\"ez-toc-js-icon-con\"><span class=\"\"><span class=\"eztoc-hide\" style=\"display:none;\">P\u0101rsl\u0113gt<\/span><span class=\"ez-toc-icon-toggle-span\"><svg style=\"fill: #999;color:#999\" xmlns=\"http:\/\/www.w3.org\/2000\/svg\" class=\"list-377408\" width=\"20px\" height=\"20px\" viewbox=\"0 0 24 24\" fill=\"none\"><path d=\"M6 6H4v2h2V6zm14 0H8v2h12V6zM4 11h2v2H4v-2zm16 0H8v2h12v-2zM4 16h2v2H4v-2zm16 0H8v2h12v-2z\" fill=\"currentColor\"><\/path><\/svg><svg style=\"fill: #999;color:#999\" class=\"arrow-unsorted-368013\" xmlns=\"http:\/\/www.w3.org\/2000\/svg\" width=\"10px\" height=\"10px\" viewbox=\"0 0 24 24\" version=\"1.2\" baseprofile=\"tiny\"><path d=\"M18.2 9.3l-6.2-6.3-6.2 6.3c-.2.2-.3.4-.3.7s.1.5.3.7c.2.2.4.3.7.3h11c.3 0 .5-.1.7-.3.2-.2.3-.5.3-.7s-.1-.5-.3-.7zM5.8 14.7l6.2 6.3 6.2-6.3c.2-.2.3-.5.3-.7s-.1-.5-.3-.7c-.2-.2-.4-.3-.7-.3h-11c-.3 0-.5.1-.7.3-.2.2-.3.5-.3.7s.1.5.3.7z\"\/><\/svg><\/span><\/span><\/span><\/a><\/span><\/div>\n<nav><ul class='ez-toc-list ez-toc-list-level-1 eztoc-toggle-hide-by-default' ><li class='ez-toc-page-1 ez-toc-heading-level-2'><a class=\"ez-toc-link ez-toc-heading-1\" href=\"https:\/\/moverdb.com\/lv\/moving-companies\/moving-companies-uganda\/#1_JVK\" >1. JVK<\/a><\/li><li class='ez-toc-page-1 ez-toc-heading-level-2'><a class=\"ez-toc-link ez-toc-heading-2\" href=\"https:\/\/moverdb.com\/lv\/moving-companies\/moving-companies-uganda\/#2_Nellions\" >2. Nellions<\/a><\/li><li class='ez-toc-page-1 ez-toc-heading-level-2'><a class=\"ez-toc-link ez-toc-heading-3\" href=\"https:\/\/moverdb.com\/lv\/moving-companies\/moving-companies-uganda\/#3_Uni_Movers\" >3. Uni Movers<\/a><\/li><li class='ez-toc-page-1 ez-toc-heading-level-2'><a class=\"ez-toc-link ez-toc-heading-4\" href=\"https:\/\/moverdb.com\/lv\/moving-companies\/moving-companies-uganda\/#4_Worldwide_Movers_Africa\" >4. Vispasaules Movers \u0100frika<\/a><\/li><\/ul><\/nav><\/div>\n<h2><span class=\"ez-toc-section\" id=\"1_JVK\"><\/span><strong>1. JVK<\/strong><span class=\"ez-toc-section-end\"><\/span><\/h2>\n<p><img loading=\"lazy\" decoding=\"async\" class=\"alignnone size-full wp-image-10144\" src=\"https:\/\/moverdb.com\/wp-content\/uploads\/JVK-Uganda-international-moving-company.png\" alt=\"JVK Uganda starptautisks p\u0101rvietojas uz\u0146\u0113mums\" width=\"1440\" height=\"680\" data-wp-pid=\"10144\" srcset=\"https:\/\/moverdb.com\/wp-content\/uploads\/JVK-Uganda-international-moving-company.png 1440w, https:\/\/moverdb.com\/wp-content\/uploads\/JVK-Uganda-international-moving-company-300x142.png 300w, https:\/\/moverdb.com\/wp-content\/uploads\/JVK-Uganda-international-moving-company-1024x484.png 1024w, https:\/\/moverdb.com\/wp-content\/uploads\/JVK-Uganda-international-moving-company-18x9.png 18w, https:\/\/moverdb.com\/wp-content\/uploads\/JVK-Uganda-international-moving-company-600x283.png 600w\" sizes=\"auto, (max-width: 1440px) 100vw, 1440px\" \/><\/p>\n<ul>\n<li>Valsts p\u0101rcel\u0161an\u0101s<\/li>\n<li>Starptautiskie p\u0101rvadi<\/li>\n<li>M\u0101jsaimniec\u012bbas p\u0101rv\u0101k\u0161an\u0101s<\/li>\n<li>Biroju p\u0101rcel\u0161an\u0101s<\/li>\n<li>Iepako\u0161anas pakalpojums<\/li>\n<li>Autotransporta, j\u016bras un gaisa p\u0101rvad\u0101jumi<\/li>\n<li>Dokument\u0101cijas atbalsts<\/li>\n<li><a href=\"https:\/\/moverdb.com\/lv\/car-transport-shipping\/\" data-internallinksmanager029f6b8e52c=\"2\" title=\"2026 Starptautiskais autotransports un transportl\u012bdzek\u013cu p\u0101rvad\u0101\u0161anas cit\u0101ti\">Transportl\u012bdzek\u013cu nos\u016bt\u012b\u0161ana<\/a><\/li>\n<li>Visu risku apdro\u0161in\u0101\u0161ana<\/li>\n<li>Dro\u0161a uzglab\u0101\u0161ana<\/li>\n<\/ul>\n<p>JVK ir starptautisks p\u0101rvad\u0101jumu uz\u0146\u0113mums, kas dibin\u0101ts 1979. gad\u0101 Bangkok\u0101, un tam ir vair\u0101k nek\u0101 50 biroju \u0100frik\u0101, \u0100zij\u0101 un Klus\u0101 oke\u0101na re\u0123ion\u0101, tostarp Kampal\u0101 Ugand\u0101. Uz\u0146\u0113mumam ir sadarb\u012bbas biroji un v\u0113lamie p\u0101rcel\u0161an\u0101s partneri re\u0123ionos, kuros tas nedarbojas. Uz\u0146\u0113mums ir IAM biedrs.<\/p>\n<p>JVK pied\u0101v\u0101 pirmsp\u0101rv\u0101k\u0161an\u0101s apsekojumu, lai nov\u0113rt\u0113tu j\u016bsu iepako\u0161anas pras\u012bbas un sagatavotu p\u0101rv\u0101k\u0161an\u0101s pied\u0101v\u0101jumu \"no durv\u012bm l\u012bdz durv\u012bm\". Izmantojot augstas kvalit\u0101tes iepakojuma materi\u0101lus un \u012bpa\u0161as kastes trausliem priek\u0161metiem, vi\u0146i iepakos un iesai\u0146os j\u016bsu mantas dro\u0161ai transport\u0113\u0161anai. Vi\u0146i organiz\u0113s transport\u0113\u0161anu pa sauszemi, j\u016bru vai gaisu l\u012bdz galam\u0113r\u0137im, un t\u0101s tiks apdro\u0161in\u0101tas pret visiem riskiem, k\u0101 ar\u012b tiks nodro\u0161in\u0101ts muitas atbalsts.<\/p>\n<p>T\u012bmek\u013ca vietne: <a href=\"https:\/\/jvkafrica.com\/country\/uganda\/\" target=\"_blank\" rel=\"noopener\">https:\/\/jvkafrica.com\/country\/uganda\/<\/a><\/p>\n<h2><span class=\"ez-toc-section\" id=\"2_Nellions\"><\/span><strong>2. Nellions<\/strong><span class=\"ez-toc-section-end\"><\/span><\/h2>\n<p><img loading=\"lazy\" decoding=\"async\" class=\"alignnone size-full wp-image-10164\" src=\"https:\/\/moverdb.com\/wp-content\/uploads\/Nellions-Uganda-international-moving-company.png\" alt=\"Nellions Uganda starptautiskais p\u0101rcel\u0161an\u0101s uz\u0146\u0113mums\" width=\"1440\" height=\"681\" data-wp-pid=\"10164\" srcset=\"https:\/\/moverdb.com\/wp-content\/uploads\/Nellions-Uganda-international-moving-company.png 1440w, https:\/\/moverdb.com\/wp-content\/uploads\/Nellions-Uganda-international-moving-company-300x142.png 300w, https:\/\/moverdb.com\/wp-content\/uploads\/Nellions-Uganda-international-moving-company-1024x484.png 1024w, https:\/\/moverdb.com\/wp-content\/uploads\/Nellions-Uganda-international-moving-company-18x9.png 18w, https:\/\/moverdb.com\/wp-content\/uploads\/Nellions-Uganda-international-moving-company-600x284.png 600w\" sizes=\"auto, (max-width: 1440px) 100vw, 1440px\" \/><\/p>\n<ul>\n<li>Viet\u0113jie un viet\u0113jie p\u0101rvadi<\/li>\n<li>Starptautisk\u0101s p\u0101rvieto\u0161anas<\/li>\n<li>M\u0101jsaimniec\u012bbas p\u0101rv\u0101k\u0161an\u0101s<\/li>\n<li>Biroju p\u0101rcel\u0161an\u0101s<\/li>\n<li>Individualiz\u0113ts pakalpojums<\/li>\n<li>Pakalpojums \"no durv\u012bm l\u012bdz durv\u012bm<\/li>\n<li>Gaisa, j\u016bras un autotransporta kravu p\u0101rvad\u0101jumi<\/li>\n<li>Muitas atbalsts<\/li>\n<li>Transportl\u012bdzek\u013ca p\u0101rvieto\u0161ana<\/li>\n<li>Uzglab\u0101\u0161anas pakalpojumi<\/li>\n<\/ul>\n<p>Nellions ir p\u0101rvieto\u0161anas un p\u0101rcel\u0161an\u0101s uz\u0146\u0113mums, kura biroji atrodas <a href=\"https:\/\/moverdb.com\/lv\/moving-companies\/moving-companies-kenya\/\" data-internallinksmanager029f6b8e52c=\"305\" title=\"4 Lab\u0101kie starptautisk\u0101s p\u0101rcel\u0161an\u0101s uz\u0146\u0113mumi Kenij\u0101\">Kenija<\/a> un Ugand\u0101. Ugandas birojs atrodas Kampal\u0101, un tas tika izveidots 2015. gad\u0101. Vi\u0146i sadarbojas ar uzticamiem partneriem, kas ir p\u0101rbaud\u012bti, lai sniegtu pakalpojumus \u0101rpus Ugandas. Vi\u0146i ir IAM biedri ar \u010detru gadu darba st\u0101\u017eu.<\/p>\n<p>Nellions pied\u0101v\u0101 individualiz\u0113tu p\u0101rcel\u0161an\u0101s pakalpojumu, kur\u0101 iesaist\u012bti p\u0101rcel\u0161an\u0101s konsultanti, kas sniegs jums atbalstu vis\u0101 p\u0101rcel\u0161an\u0101s laik\u0101, s\u0101kot ar pirmsp\u0101rcel\u0161an\u0101s nov\u0113rt\u0113jumu kl\u0101tien\u0113 vai virtu\u0101li. Vi\u0146i nodro\u0161ina pakalpojumus no durv\u012bm l\u012bdz durv\u012bm, no durv\u012bm l\u012bdz durv\u012bm un no durv\u012bm l\u012bdz durv\u012bm.<a href=\"https:\/\/moverdb.com\/lv\/top-49-container-ports\/\" data-internallinksmanager029f6b8e52c=\"80\" title=\"49 liel\u0101kie un noslogot\u0101kie konteineru ostas 2025. gad\u0101\">osta<\/a> un \"no ostas l\u012bdz durv\u012bm\" iesp\u0113jas ar gaisa, j\u016bras un autotransporta p\u0101rvad\u0101jumiem un muitas atbalstu. Vi\u0146i pied\u0101v\u0101 pilnu un maz\u0101k nek\u0101 pilnu konteineru kravas un grup\u0113\u0161anas p\u0101rvad\u0101jumu iesp\u0113jas.<\/p>\n<p>T\u012bmek\u013ca vietne: <a href=\"https:\/\/nellions.co.ug\/\" target=\"_blank\" rel=\"noopener\">https:\/\/nellions.co.ug\/<\/a><\/p>\n<h2><span class=\"ez-toc-section\" id=\"3_Uni_Movers\"><\/span><strong>3. Uni Movers<\/strong><span class=\"ez-toc-section-end\"><\/span><\/h2>\n<p><img loading=\"lazy\" decoding=\"async\" class=\"alignnone size-full wp-image-10199\" src=\"https:\/\/moverdb.com\/wp-content\/uploads\/Uni-Movers-international-moving-company.png\" alt=\"Uni Movers starptautisks p\u0101rvietojas uz\u0146\u0113mums\" width=\"1440\" height=\"670\" data-wp-pid=\"10199\" srcset=\"https:\/\/moverdb.com\/wp-content\/uploads\/Uni-Movers-international-moving-company.png 1440w, https:\/\/moverdb.com\/wp-content\/uploads\/Uni-Movers-international-moving-company-300x140.png 300w, https:\/\/moverdb.com\/wp-content\/uploads\/Uni-Movers-international-moving-company-1024x476.png 1024w, https:\/\/moverdb.com\/wp-content\/uploads\/Uni-Movers-international-moving-company-18x8.png 18w, https:\/\/moverdb.com\/wp-content\/uploads\/Uni-Movers-international-moving-company-600x279.png 600w\" sizes=\"auto, (max-width: 1440px) 100vw, 1440px\" \/><\/p>\n<ul>\n<li>Valsts p\u0101rv\u0101k\u0161an\u0101s<\/li>\n<li>Starptautisk\u0101s p\u0101rvieto\u0161anas<\/li>\n<li>Dz\u012bvojamo telpu p\u0101rve\u0161ana<\/li>\n<li>Uz\u0146\u0113mumu p\u0101rvieto\u0161ana<\/li>\n<li>Iepako\u0161anas pakalpojums<\/li>\n<li>Autotransports, j\u016bras un gaisa transports<\/li>\n<li>Muito\u0161ana<\/li>\n<li>Transportl\u012bdzek\u013ca p\u0101rvieto\u0161ana<\/li>\n<li>Apdro\u0161in\u0101\u0161ana<\/li>\n<li>\u012astermi\u0146a un ilgtermi\u0146a uzglab\u0101\u0161ana<\/li>\n<\/ul>\n<p>Uni Movers ir iepako\u0161anas un p\u0101rcel\u0161an\u0101s uz\u0146\u0113mums, kas pied\u0101v\u0101 nacion\u0101lo un starptautisko p\u0101rcel\u0161anos un atrodas Kampal\u0101. Uz\u0146\u0113mums ir IAM biedrs ar 16 gadu darba st\u0101\u017eu, kas nodro\u0161ina piek\u013cuvi starptautiskam p\u0101rcel\u0161an\u0101s uz\u0146\u0113mumu t\u012bklam.<\/p>\n<p>Uni Movers pied\u0101v\u0101 p\u0101rcel\u0161an\u0101s pakalpojumus m\u0101jok\u013ciem un uz\u0146\u0113mumiem, kas var ietvert ar\u012b j\u016bsu transportl\u012bdzek\u013cu p\u0101rvad\u0101\u0161anu. Vi\u0146i pal\u012bdz\u0113s jums visos p\u0101rcel\u0161an\u0101s aspektos, tostarp dro\u0161i iesai\u0146os j\u016bsu priek\u0161metus, organiz\u0113s transport\u0113\u0161anu un muito\u0161anu. Vi\u0146i pied\u0101v\u0101 papildu pakalpojumus, tostarp komun\u0101los pakalpojumus, elektr\u012bbas un santehnikas pakalpojumus, m\u0101jas mekl\u0113\u0161anu, dezinfekciju, uzkop\u0161anas pakalpojumus, apdro\u0161in\u0101\u0161anu un uzglab\u0101\u0161anu.<\/p>\n<p>T\u012bmek\u013ca vietne: <a href=\"https:\/\/www.unimoversug.com\/\" target=\"_blank\" rel=\"noopener\">https:\/\/www.unimoversug.com\/<\/a><\/p>\n<h2><span class=\"ez-toc-section\" id=\"4_Worldwide_Movers_Africa\"><\/span><strong>4. Vispasaules Movers \u0100frika<\/strong><span class=\"ez-toc-section-end\"><\/span><\/h2>\n<p><img loading=\"lazy\" decoding=\"async\" class=\"alignnone size-full wp-image-10208\" src=\"https:\/\/moverdb.com\/wp-content\/uploads\/Worldwide-Movers-Africa-Uganda-international-moving-company.png\" alt=\"Vispasaules Movers \u0100frika Uganda starptautisk\u0101 p\u0101rvietojas uz\u0146\u0113mums\" width=\"1440\" height=\"682\" data-wp-pid=\"10208\" srcset=\"https:\/\/moverdb.com\/wp-content\/uploads\/Worldwide-Movers-Africa-Uganda-international-moving-company.png 1440w, https:\/\/moverdb.com\/wp-content\/uploads\/Worldwide-Movers-Africa-Uganda-international-moving-company-300x142.png 300w, https:\/\/moverdb.com\/wp-content\/uploads\/Worldwide-Movers-Africa-Uganda-international-moving-company-1024x485.png 1024w, https:\/\/moverdb.com\/wp-content\/uploads\/Worldwide-Movers-Africa-Uganda-international-moving-company-18x9.png 18w, https:\/\/moverdb.com\/wp-content\/uploads\/Worldwide-Movers-Africa-Uganda-international-moving-company-600x284.png 600w\" sizes=\"auto, (max-width: 1440px) 100vw, 1440px\" \/><\/p>\n<ul>\n<li>Viet\u0113jie un viet\u0113jie p\u0101rvadi<\/li>\n<li>Starptautiskie p\u0101rvadi<\/li>\n<li>M\u0101jsaimniec\u012bbas p\u0101rv\u0101k\u0161an\u0101s<\/li>\n<li>Biroju p\u0101rcel\u0161an\u0101s<\/li>\n<li>Iepako\u0161anas pakalpojums<\/li>\n<li>Autotransports, j\u016bras un gaisa transports<\/li>\n<li>Muito\u0161ana<\/li>\n<li>M\u0101jdz\u012bvnieku p\u0101rvieto\u0161ana<\/li>\n<li>Apdro\u0161in\u0101\u0161ana<\/li>\n<li>Uzglab\u0101\u0161anas iek\u0101rtas<\/li>\n<\/ul>\n<p>Worldwide Movers Africa ir starptautisks p\u0101rvieto\u0161an\u0101s uz\u0146\u0113mums, kas dibin\u0101ts Tanz\u0101nij\u0101 1993. gad\u0101, un t\u0101 biroji atrodas 16 \u0100frikas valst\u012bs, tostarp Kampal\u0101, Ugand\u0101, kas tika atv\u0113rti 1997. gad\u0101. Tiem ir a\u0123ent\u016bru t\u012bkla partneri, kas pal\u012bdz veikt starptautiskos p\u0101rv\u0101k\u0161an\u0101s darbus. Uz\u0146\u0113mums ir IAM biedrs ar 26 gadu darba st\u0101\u017eu un ir akredit\u0113ts FIDI.<\/p>\n<p>Worldwide Movers Africa pied\u0101v\u0101 \"no durv\u012bm l\u012bdz durv\u012bm\" p\u0101rvieto\u0161anas pakalpojumus ar profesion\u0101li apm\u0101c\u012btiem iepakot\u0101jiem, kuri izmanto augstas kvalit\u0101tes iepakojuma materi\u0101lus, lai aizsarg\u0101tu j\u016bsu mantas. Vi\u0146i organiz\u0113s dro\u0161u j\u016bsu mantu transport\u0113\u0161anu pa autoce\u013ciem, j\u016bru vai gaisu ar muito\u0161anu un apdro\u0161in\u0101\u0161anu. Vi\u0146i sniedz ar\u012b atbalstu m\u0101jdz\u012bvnieku p\u0101rvieto\u0161an\u0101, m\u0101jok\u013ca un skolas mekl\u0113\u0161an\u0101, k\u0101 ar\u012b orient\u0113\u0161an\u0101s jaut\u0101jumos.<\/p>\n<p>T\u012bmek\u013ca vietne: <a href=\"https:\/\/www.worldwidemoversafrica.com\/\" target=\"_blank\" rel=\"noopener\">https:\/\/www.worldwidemoversafrica.com\/<\/a><\/p>","protected":false},"excerpt":{"rendered":"<p>Moving your home or company within, to and from Uganda can be complicated so enlisting the assistance of a moving company can make a big difference. They can assist with packing, transport arrangements and import\/export handling. Below we have compiled a list of Uganda based removal companies that are members of the International Association of [&hellip;]<\/p>\n","protected":false},"author":4,"featured_media":10144,"parent":190,"menu_order":0,"comment_status":"closed","ping_status":"closed","template":"","meta":{"_genesis_hide_title":false,"_genesis_hide_breadcrumbs":false,"_genesis_hide_singular_image":false,"_genesis_hide_footer_widgets":false,"_genesis_custom_body_class":"","_genesis_custom_post_class":"","_genesis_layout":"","footnotes":""},"class_list":{"0":"post-10242","1":"page","2":"type-page","3":"status-publish","4":"has-post-thumbnail","6":"entry"},"_links":{"self":[{"href":"https:\/\/moverdb.com\/lv\/wp-json\/wp\/v2\/pages\/10242","targetHints":{"allow":["GET"]}}],"collection":[{"href":"https:\/\/moverdb.com\/lv\/wp-json\/wp\/v2\/pages"}],"about":[{"href":"https:\/\/moverdb.com\/lv\/wp-json\/wp\/v2\/types\/page"}],"author":[{"embeddable":true,"href":"https:\/\/moverdb.com\/lv\/wp-json\/wp\/v2\/users\/4"}],"replies":[{"embeddable":true,"href":"https:\/\/moverdb.com\/lv\/wp-json\/wp\/v2\/comments?post=10242"}],"version-history":[{"count":1,"href":"https:\/\/moverdb.com\/lv\/wp-json\/wp\/v2\/pages\/10242\/revisions"}],"predecessor-version":[{"id":10243,"href":"https:\/\/moverdb.com\/lv\/wp-json\/wp\/v2\/pages\/10242\/revisions\/10243"}],"up":[{"embeddable":true,"href":"https:\/\/moverdb.com\/lv\/wp-json\/wp\/v2\/pages\/190"}],"wp:featuredmedia":[{"embeddable":true,"href":"https:\/\/moverdb.com\/lv\/wp-json\/wp\/v2\/media\/10144"}],"wp:attachment":[{"href":"https:\/\/moverdb.com\/lv\/wp-json\/wp\/v2\/media?parent=10242"}],"curies":[{"name":"wp","href":"https:\/\/api.w.org\/{rel}","templated":true}]}}