{"id":10236,"date":"2023-06-22T15:46:14","date_gmt":"2023-06-22T15:46:14","guid":{"rendered":"https:\/\/moverdb.com\/?page_id=10236"},"modified":"2026-01-08T15:23:51","modified_gmt":"2026-01-08T15:23:51","slug":"moving-companies-trinidad-and-tobago","status":"publish","type":"page","link":"https:\/\/moverdb.com\/lv\/moving-companies\/moving-companies-trinidad-and-tobago\/","title":{"rendered":"2 Lab\u0101kie starptautisk\u0101s p\u0101rcel\u0161an\u0101s uz\u0146\u0113mumi Trinid\u0101d\u0101 un Tob\u0101go"},"content":{"rendered":"<p>Vai pl\u0101nojat p\u0101rcelties uz Trinidadu un Tobago vai no t\u0101s? Ja v\u0113laties izmantot <a href=\"https:\/\/moverdb.com\/lv\/moving-companies\/\" data-internallinksmanager029f6b8e52c=\"79\" title=\"Top 25 Starptautiskie p\u0101rcel\u0161an\u0101s uz\u0146\u0113mumi tie\u0161saist\u0113\">P\u0101rvieto\u0161an\u0101s uz\u0146\u0113mums<\/a> var atvieglot p\u0101rcel\u0161an\u0101s procesu un mazin\u0101t ar to saist\u012bto stresu. Zem\u0101k m\u0113s esam apkopoju\u0161i sarakstu ar Trinid\u0101das un Tob\u0101go b\u0101z\u0113t\u0101m <a href=\"https:\/\/moverdb.com\/lv\/international-removals\/\" data-internallinksmanager029f6b8e52c=\"27\" title=\"36 Lab\u0101kie starptautisko p\u0101rvad\u0101jumu uz\u0146\u0113mumi Apvienotaj\u0101 Karalist\u0113\">p\u0101rv\u0101k\u0161an\u0101s uz\u0146\u0113mumi<\/a> kas ir <a href=\"https:\/\/moverdb.com\/lv\/iam\/\" data-internallinksmanager029f6b8e52c=\"23\" title=\"Starptautisk\u0101s P\u0101rv\u0101c\u0113ju asoci\u0101cijas (IAM) skaidrojumi\">Starptautisk\u0101 P\u0101rv\u0101c\u0113ju asoci\u0101cija<\/a> (IAM) un\/vai <a href=\"https:\/\/moverdb.com\/lv\/fidi-faim\/\" data-internallinksmanager029f6b8e52c=\"16\" title=\"FIDI un FAIM (FIDI akredit\u0113tais starptautiskais p\u0101rvietot\u0101js) skaidrojums\">FIDI<\/a> Akredit\u0113ti starptautiskie p\u0101rv\u0101c\u0113ji (FAIM), kas var\u0113tu jums pal\u012bdz\u0113t p\u0101rcelties.<\/p>\n<h2><strong>1. AJ Mauritzen<\/strong><\/h2>\n<p><img loading=\"lazy\" decoding=\"async\" class=\"alignnone size-full wp-image-10072\" src=\"https:\/\/moverdb.com\/wp-content\/uploads\/AJ-Mauritzen-international-moving-company.png\" alt=\"AJ Mauritzen starptautiskais p\u0101rvieto\u0161an\u0101s uz\u0146\u0113mums\" width=\"1440\" height=\"680\" data-wp-pid=\"10072\" srcset=\"https:\/\/moverdb.com\/wp-content\/uploads\/AJ-Mauritzen-international-moving-company.png 1440w, https:\/\/moverdb.com\/wp-content\/uploads\/AJ-Mauritzen-international-moving-company-300x142.png 300w, https:\/\/moverdb.com\/wp-content\/uploads\/AJ-Mauritzen-international-moving-company-1024x484.png 1024w, https:\/\/moverdb.com\/wp-content\/uploads\/AJ-Mauritzen-international-moving-company-18x9.png 18w, https:\/\/moverdb.com\/wp-content\/uploads\/AJ-Mauritzen-international-moving-company-600x283.png 600w\" sizes=\"auto, (max-width: 1440px) 100vw, 1440px\" \/><\/p>\n<ul>\n<li>Starptautiskie p\u0101rvadi<\/li>\n<li>M\u0101jsaimniec\u012bbas p\u0101rv\u0101k\u0161an\u0101s<\/li>\n<li>Komerci\u0101lie p\u0101rvadi<\/li>\n<li>P\u0101rcel\u0161an\u0101s pakalpojumi<\/li>\n<li>Iepako\u0161anas pakalpojums<\/li>\n<li>Sauszemes, j\u016bras un gaisa transports<\/li>\n<li>Muito\u0161ana<\/li>\n<li>Apdro\u0161in\u0101\u0161ana<\/li>\n<li>M\u0101jdz\u012bvnieku p\u0101rvad\u0101\u0161ana<\/li>\n<li>Uzglab\u0101\u0161anas iek\u0101rtas<\/li>\n<\/ul>\n<p>AJ Mauritzen ir 1948. gad\u0101 dibin\u0101ts uz\u0146\u0113mums, kas darbojas vis\u0101 pasaul\u0113. <a href=\"https:\/\/moverdb.com\/lv\/top-49-container-ports\/\" data-internallinksmanager029f6b8e52c=\"80\" title=\"49 liel\u0101kie un noslogot\u0101kie konteineru ostas 2025. gad\u0101\">Osta<\/a> no <a href=\"https:\/\/moverdb.com\/lv\/moving-to-spain\/\" data-internallinksmanager029f6b8e52c=\"266\" title=\"P\u0101rcel\u0161an\u0101s uz Sp\u0101niju? 2023 Dz\u012bves izmaksas un p\u0101rcel\u0161an\u0101s padomi\">Sp\u0101nija<\/a>. Vi\u0146iem ir piek\u013cuve aptuveni 600 starptautisk\u0101m p\u0101rcel\u0161an\u0101s organiz\u0101cij\u0101m, kas var pal\u012bdz\u0113t ar p\u0101rcel\u0161an\u0101s pakalpojumiem vis\u0101 pasaul\u0113. Vi\u0146i ir IAM biedri un ir akredit\u0113ti FIDI.<\/p>\n<p>AJ Mauritzen pied\u0101v\u0101 iepako\u0161anas pakalpojumus, kas ietver j\u016bsu priek\u0161metu aizsardz\u012bbu un papildu r\u016bpes par trausliem priek\u0161metiem, piem\u0113ram, p\u0113c pas\u016bt\u012bjuma izgatavotas kastes un rede\u013ckastes. Vi\u0146i nodro\u0161ina p\u0101rvad\u0101jumus pa sauszemi, j\u016bru vai gaisu ar muito\u0161anu. Vi\u0146i pied\u0101v\u0101 ar\u012b m\u0101jdz\u012bvnieku p\u0101rvieto\u0161anu un galam\u0113r\u0137a p\u0101rvieto\u0161anas p\u0101rvald\u012bbu, tostarp m\u0101jok\u013ca un skolas mekl\u0113\u0161anu, orient\u0113\u0161anos, v\u012bzu un at\u013cauju izsnieg\u0161anu.<\/p>\n<p>T\u012bmek\u013ca vietne: <a href=\"http:\/\/www.ajmauritzen.com\" target=\"_blank\" rel=\"noopener\">http:\/\/www.ajmauritzen.com<\/a><\/p>\n<h2><strong>2. Azee Shipping &amp; Trading<\/strong><\/h2>\n<p><img loading=\"lazy\" decoding=\"async\" class=\"alignnone size-full wp-image-10086\" src=\"https:\/\/moverdb.com\/wp-content\/uploads\/Azee-Shipping-international-moving-company.png\" alt=\"Azee Shipping starptautisks p\u0101rcel\u0161an\u0101s uz\u0146\u0113mums\" width=\"1440\" height=\"680\" data-wp-pid=\"10086\" srcset=\"https:\/\/moverdb.com\/wp-content\/uploads\/Azee-Shipping-international-moving-company.png 1440w, https:\/\/moverdb.com\/wp-content\/uploads\/Azee-Shipping-international-moving-company-300x142.png 300w, https:\/\/moverdb.com\/wp-content\/uploads\/Azee-Shipping-international-moving-company-1024x484.png 1024w, https:\/\/moverdb.com\/wp-content\/uploads\/Azee-Shipping-international-moving-company-18x9.png 18w, https:\/\/moverdb.com\/wp-content\/uploads\/Azee-Shipping-international-moving-company-600x283.png 600w\" sizes=\"auto, (max-width: 1440px) 100vw, 1440px\" \/><\/p>\n<ul>\n<li>Valsts p\u0101rcel\u0161an\u0101s<\/li>\n<li>Starptautiskie p\u0101rvadi<\/li>\n<li>M\u0101jsaimniec\u012bbas p\u0101rv\u0101k\u0161an\u0101s<\/li>\n<li>\"no durv\u012bm l\u012bdz durv\u012bm\" vai \"no durv\u012bm l\u012bdz ostai\" pakalpojums<\/li>\n<li>Specializ\u0113t\u0101 iepako\u0161ana<\/li>\n<li>Gaisa, j\u016bras un sauszemes transports<\/li>\n<li>Muitas starpniec\u012bba<\/li>\n<li><a href=\"https:\/\/moverdb.com\/lv\/car-transport-shipping\/\" data-internallinksmanager029f6b8e52c=\"2\" title=\"2026 Starptautiskais autotransports un transportl\u012bdzek\u013cu p\u0101rvad\u0101\u0161anas cit\u0101ti\">Transportl\u012bdzek\u013cu transport\u0113\u0161ana<\/a><\/li>\n<li>M\u0101jdz\u012bvnieku p\u0101rvieto\u0161ana<\/li>\n<li>Uzglab\u0101\u0161anas iek\u0101rtas<\/li>\n<\/ul>\n<p>Azee Shipping &amp; Trading ir <a href=\"https:\/\/moverdb.com\/lv\/freight-forwarder\/\" data-internallinksmanager029f6b8e52c=\"17\" title=\"Starptautisko ekspeditoru un NVOCC starptautisko izmaksu un uz\u0146\u0113mumu ce\u013cvedis\">kravas ekspeditors<\/a> un p\u0101rvieto\u0161an\u0101s a\u0123ents, kas darbojas citu p\u0101rvieto\u0161an\u0101s uz\u0146\u0113mumu v\u0101rd\u0101 un atrodas Sanhu\u0101n\u0101. Vi\u0146i ir da\u013ca no starptautiska p\u0101rcel\u0161an\u0101s a\u0123entu t\u012bkla, kas sadarbojas, lai sniegtu pakalpojumus vis\u0101 pasaul\u0113. Uz\u0146\u0113mums ir IAM biedrs.<\/p>\n<p>Azee Shipping &amp; Trading pied\u0101v\u0101 p\u0101rcel\u0161an\u0101s pakalpojumus no durv\u012bm l\u012bdz durv\u012bm vai no durv\u012bm l\u012bdz ostai, kas ietver specializ\u0113tus iepako\u0161anas un iesai\u0146o\u0161anas pakalpojumus, kurus sniedz apm\u0101c\u012bti iepako\u0161anas darbinieki. Vi\u0146i atbilsto\u0161i iesai\u0146os j\u016bsu mantas j\u016bsu izv\u0113l\u0113tajam transporta veidam, neatkar\u012bgi no t\u0101, vai tas ir gaisa, j\u016bras vai sauszemes transports. Vi\u0146i pied\u0101v\u0101 darbinieku un diplom\u0101tu p\u0101rcel\u0161an\u0101s pakalpojumus.<\/p>\n<p>T\u012bmek\u013ca vietne: <a href=\"http:\/\/www.azeeshipping.com\" target=\"_blank\" rel=\"noopener\">http:\/\/www.azeeshipping.com<\/a><\/p>","protected":false},"excerpt":{"rendered":"<p>Are you planning on moving within, to or from Trinidad and Tobago? Enlisting the services of a moving company can ease the moving process and reduce the stress involved. Below we have compiled a list of Trinidad and Tobago based removal companies that are members of the International Association of Movers (IAM) and\/or FIDI Accredited [&hellip;]<\/p>\n","protected":false},"author":4,"featured_media":10072,"parent":190,"menu_order":0,"comment_status":"closed","ping_status":"closed","template":"","meta":{"_genesis_hide_title":false,"_genesis_hide_breadcrumbs":false,"_genesis_hide_singular_image":false,"_genesis_hide_footer_widgets":false,"_genesis_custom_body_class":"","_genesis_custom_post_class":"","_genesis_layout":"","footnotes":""},"class_list":{"0":"post-10236","1":"page","2":"type-page","3":"status-publish","4":"has-post-thumbnail","6":"entry"},"_links":{"self":[{"href":"https:\/\/moverdb.com\/lv\/wp-json\/wp\/v2\/pages\/10236","targetHints":{"allow":["GET"]}}],"collection":[{"href":"https:\/\/moverdb.com\/lv\/wp-json\/wp\/v2\/pages"}],"about":[{"href":"https:\/\/moverdb.com\/lv\/wp-json\/wp\/v2\/types\/page"}],"author":[{"embeddable":true,"href":"https:\/\/moverdb.com\/lv\/wp-json\/wp\/v2\/users\/4"}],"replies":[{"embeddable":true,"href":"https:\/\/moverdb.com\/lv\/wp-json\/wp\/v2\/comments?post=10236"}],"version-history":[{"count":3,"href":"https:\/\/moverdb.com\/lv\/wp-json\/wp\/v2\/pages\/10236\/revisions"}],"predecessor-version":[{"id":10284,"href":"https:\/\/moverdb.com\/lv\/wp-json\/wp\/v2\/pages\/10236\/revisions\/10284"}],"up":[{"embeddable":true,"href":"https:\/\/moverdb.com\/lv\/wp-json\/wp\/v2\/pages\/190"}],"wp:featuredmedia":[{"embeddable":true,"href":"https:\/\/moverdb.com\/lv\/wp-json\/wp\/v2\/media\/10072"}],"wp:attachment":[{"href":"https:\/\/moverdb.com\/lv\/wp-json\/wp\/v2\/media?parent=10236"}],"curies":[{"name":"wp","href":"https:\/\/api.w.org\/{rel}","templated":true}]}}