{"id":10227,"date":"2023-06-22T15:49:08","date_gmt":"2023-06-22T15:49:08","guid":{"rendered":"https:\/\/moverdb.com\/?page_id=10227"},"modified":"2026-01-08T15:30:19","modified_gmt":"2026-01-08T15:30:19","slug":"moving-companies-tajikistan","status":"publish","type":"page","link":"https:\/\/moverdb.com\/lv\/moving-companies\/moving-companies-tajikistan\/","title":{"rendered":"Lab\u0101kie starptautisk\u0101s p\u0101rcel\u0161an\u0101s uz\u0146\u0113mumi Tad\u017eikist\u0101n\u0101"},"content":{"rendered":"<p>Vai pl\u0101nojat p\u0101rcelties uz Tad\u017eikist\u0101nu, no t\u0101s vai uz to? Iesp\u0113jams, jums b\u016btu noder\u012bgi izmantot <a href=\"https:\/\/moverdb.com\/lv\/moving-companies\/\" data-internallinksmanager029f6b8e52c=\"79\" title=\"Top 25 Starptautiskie p\u0101rcel\u0161an\u0101s uz\u0146\u0113mumi tie\u0161saist\u0113\">P\u0101rvieto\u0161an\u0101s uz\u0146\u0113mums<\/a> lai pal\u012bdz\u0113tu jums iepakot, organiz\u0113t transportu un nok\u0101rtot muitas formalit\u0101tes. Zem\u0101k m\u0113s esam apkopoju\u0161i sarakstu ar Tad\u017eikist\u0101n\u0101 b\u0101z\u0113t\u0101m <a href=\"https:\/\/moverdb.com\/lv\/international-removals\/\" data-internallinksmanager029f6b8e52c=\"27\" title=\"36 Lab\u0101kie starptautisko p\u0101rvad\u0101jumu uz\u0146\u0113mumi Apvienotaj\u0101 Karalist\u0113\">p\u0101rv\u0101k\u0161an\u0101s uz\u0146\u0113mumi<\/a> kas ir <a href=\"https:\/\/moverdb.com\/lv\/iam\/\" data-internallinksmanager029f6b8e52c=\"23\" title=\"Starptautisk\u0101s P\u0101rv\u0101c\u0113ju asoci\u0101cijas (IAM) skaidrojumi\">Starptautisk\u0101 P\u0101rv\u0101c\u0113ju asoci\u0101cija<\/a> (IAM) un\/vai <a href=\"https:\/\/moverdb.com\/lv\/fidi-faim\/\" data-internallinksmanager029f6b8e52c=\"16\" title=\"FIDI un FAIM (FIDI akredit\u0113tais starptautiskais p\u0101rvietot\u0101js) skaidrojums\">FIDI<\/a> Akredit\u0113ti starptautiskie p\u0101rv\u0101c\u0113ji (FAIM), kas var\u0113tu jums pal\u012bdz\u0113t p\u0101rcelties.<\/p>\n<h2><strong>Dunyo Cargo<\/strong><\/h2>\n<p><img loading=\"lazy\" decoding=\"async\" class=\"alignnone size-full wp-image-10106\" src=\"https:\/\/moverdb.com\/wp-content\/uploads\/Dunyo-Cargo-international-moving-company.png\" alt=\"Dunyo Cargo starptautiskais p\u0101rvieto\u0161an\u0101s uz\u0146\u0113mums\" width=\"1440\" height=\"680\" data-wp-pid=\"10106\" srcset=\"https:\/\/moverdb.com\/wp-content\/uploads\/Dunyo-Cargo-international-moving-company.png 1440w, https:\/\/moverdb.com\/wp-content\/uploads\/Dunyo-Cargo-international-moving-company-300x142.png 300w, https:\/\/moverdb.com\/wp-content\/uploads\/Dunyo-Cargo-international-moving-company-1024x484.png 1024w, https:\/\/moverdb.com\/wp-content\/uploads\/Dunyo-Cargo-international-moving-company-18x9.png 18w, https:\/\/moverdb.com\/wp-content\/uploads\/Dunyo-Cargo-international-moving-company-600x283.png 600w\" sizes=\"auto, (max-width: 1440px) 100vw, 1440px\" \/><\/p>\n<ul>\n<li>P\u0101rcel\u0161an\u0101s uz citu valsti<\/li>\n<li>Starptautisk\u0101s p\u0101rvieto\u0161anas<\/li>\n<li>M\u0101jsaimniec\u012bbas p\u0101rvieto\u0161ana<\/li>\n<li>Biroju p\u0101rvieto\u0161ana<\/li>\n<li>P\u0101rcel\u0161an\u0101s vad\u012bt\u0101js<\/li>\n<li>Iepako\u0161anas pakalpojums<\/li>\n<li>Transporta pas\u0101kumi<\/li>\n<li>Muito\u0161ana<\/li>\n<li>M\u0101jdz\u012bvnieki un <a href=\"https:\/\/moverdb.com\/lv\/car-transport-shipping\/\" data-internallinksmanager029f6b8e52c=\"2\" title=\"2026 Starptautiskais autotransports un transportl\u012bdzek\u013cu p\u0101rvad\u0101\u0161anas cit\u0101ti\">transportl\u012bdzek\u013cu p\u0101rvad\u0101jumi<\/a><\/li>\n<li>Uzglab\u0101\u0161anas iek\u0101rtas<\/li>\n<\/ul>\n<p>Dunyo Cargo ir transporta un lo\u0123istikas uz\u0146\u0113mums, kas dibin\u0101ts 1994. gad\u0101 un atrodas Du\u0161anb\u0113. Uz\u0146\u0113mumam ir pla\u0161s partneru t\u012bkls vis\u0101 pasaul\u0113, kas nodro\u0161ina glob\u0101lu pakalpojumu p\u0101rkl\u0101jumu. Uz\u0146\u0113mums ir IAM biedrs ar 14 gadu darba st\u0101\u017eu.<\/p>\n<p>Dunyo Cargo nodro\u0161ina pieredz\u0113ju\u0161us p\u0101rcel\u0161an\u0101s vad\u012bt\u0101jus, kas vad\u012bs katru j\u016bsu p\u0101rcel\u0161an\u0101s posmu. Vi\u0146i pied\u0101v\u0101 iepako\u0161anas pakalpojumus, izmantojot kvalific\u0113tus iepakot\u0101jus un starptautiskajiem kvalit\u0101tes standartiem atbilsto\u0161us iepakojuma materi\u0101lus. Vi\u0146i organiz\u0113s un sast\u0101d\u012bs pieg\u0101des grafiku, k\u0101 ar\u012b nok\u0101rtos muito\u0161anas formalit\u0101tes. Vi\u0146i var ar\u012b organiz\u0113t m\u0101jdz\u012bvnieku un transportl\u012bdzek\u013cu transport\u0113\u0161anu.<\/p>\n<p>T\u012bmek\u013ca vietne: <a href=\"https:\/\/dunyocargo.com\" target=\"_blank\" rel=\"noopener\">https:\/\/dunyocargo.com<\/a><\/p>","protected":false},"excerpt":{"rendered":"<p>Are you planning on moving within, to or from Tajikistan? Then you might want to employ the services of a moving company to help you pack, arrange transport and handle customs. Below we have compiled a list of Tajikistan based removal companies that are members of the International Association of Movers (IAM) and\/or FIDI Accredited [&hellip;]<\/p>\n","protected":false},"author":4,"featured_media":10106,"parent":190,"menu_order":0,"comment_status":"closed","ping_status":"closed","template":"","meta":{"_genesis_hide_title":false,"_genesis_hide_breadcrumbs":false,"_genesis_hide_singular_image":false,"_genesis_hide_footer_widgets":false,"_genesis_custom_body_class":"","_genesis_custom_post_class":"","_genesis_layout":"","footnotes":""},"class_list":{"0":"post-10227","1":"page","2":"type-page","3":"status-publish","4":"has-post-thumbnail","6":"entry"},"_links":{"self":[{"href":"https:\/\/moverdb.com\/lv\/wp-json\/wp\/v2\/pages\/10227","targetHints":{"allow":["GET"]}}],"collection":[{"href":"https:\/\/moverdb.com\/lv\/wp-json\/wp\/v2\/pages"}],"about":[{"href":"https:\/\/moverdb.com\/lv\/wp-json\/wp\/v2\/types\/page"}],"author":[{"embeddable":true,"href":"https:\/\/moverdb.com\/lv\/wp-json\/wp\/v2\/users\/4"}],"replies":[{"embeddable":true,"href":"https:\/\/moverdb.com\/lv\/wp-json\/wp\/v2\/comments?post=10227"}],"version-history":[{"count":1,"href":"https:\/\/moverdb.com\/lv\/wp-json\/wp\/v2\/pages\/10227\/revisions"}],"predecessor-version":[{"id":10228,"href":"https:\/\/moverdb.com\/lv\/wp-json\/wp\/v2\/pages\/10227\/revisions\/10228"}],"up":[{"embeddable":true,"href":"https:\/\/moverdb.com\/lv\/wp-json\/wp\/v2\/pages\/190"}],"wp:featuredmedia":[{"embeddable":true,"href":"https:\/\/moverdb.com\/lv\/wp-json\/wp\/v2\/media\/10106"}],"wp:attachment":[{"href":"https:\/\/moverdb.com\/lv\/wp-json\/wp\/v2\/media?parent=10227"}],"curies":[{"name":"wp","href":"https:\/\/api.w.org\/{rel}","templated":true}]}}