{"id":10215,"date":"2023-06-22T15:54:43","date_gmt":"2023-06-22T15:54:43","guid":{"rendered":"https:\/\/moverdb.com\/?page_id=10215"},"modified":"2026-01-08T15:29:29","modified_gmt":"2026-01-08T15:29:29","slug":"moving-companies-sri-lanka","status":"publish","type":"page","link":"https:\/\/moverdb.com\/lv\/moving-companies\/moving-companies-sri-lanka\/","title":{"rendered":"7 Lab\u0101kie starptautisk\u0101s p\u0101rcel\u0161an\u0101s uz\u0146\u0113mumi \u0160rilank\u0101"},"content":{"rendered":"<p>Vai pl\u0101nojat p\u0101rcelties? Tad, iesp\u0113jams, v\u0113laties izmantot pakalpojumu no <a href=\"https:\/\/moverdb.com\/lv\/moving-companies\/\" data-internallinksmanager029f6b8e52c=\"79\" title=\"Top 25 Starptautiskie p\u0101rcel\u0161an\u0101s uz\u0146\u0113mumi tie\u0161saist\u0113\">P\u0101rvieto\u0161an\u0101s uz\u0146\u0113mums<\/a> jo vi\u0146i var pal\u012bdz\u0113t ar iepako\u0161anu, transport\u0113\u0161anu un muitas formalit\u0101t\u0113m, p\u0101rce\u013coties uz \u0101rzem\u0113m. Zem\u0101k m\u0113s esam apkopoju\u0161i \u0160rilank\u0101 b\u0101z\u0113tu uz\u0146\u0113mumu sarakstu. <a href=\"https:\/\/moverdb.com\/lv\/international-removals\/\" data-internallinksmanager029f6b8e52c=\"27\" title=\"36 Lab\u0101kie starptautisko p\u0101rvad\u0101jumu uz\u0146\u0113mumi Apvienotaj\u0101 Karalist\u0113\">p\u0101rv\u0101k\u0161an\u0101s uz\u0146\u0113mumi<\/a> kas ir <a href=\"https:\/\/moverdb.com\/lv\/iam\/\" data-internallinksmanager029f6b8e52c=\"23\" title=\"Starptautisk\u0101s P\u0101rv\u0101c\u0113ju asoci\u0101cijas (IAM) skaidrojumi\">Starptautisk\u0101 P\u0101rv\u0101c\u0113ju asoci\u0101cija<\/a> (IAM) un\/vai <a href=\"https:\/\/moverdb.com\/lv\/fidi-faim\/\" data-internallinksmanager029f6b8e52c=\"16\" title=\"FIDI un FAIM (FIDI akredit\u0113tais starptautiskais p\u0101rvietot\u0101js) skaidrojums\">FIDI<\/a> Akredit\u0113ti starptautiskie p\u0101rv\u0101c\u0113ji (FAIM), kas var\u0113tu jums pal\u012bdz\u0113t p\u0101rcelties.<\/p>\n<div id=\"ez-toc-container\" class=\"ez-toc-v2_0_82_2 ez-toc-wrap-left counter-hierarchy ez-toc-counter ez-toc-transparent ez-toc-container-direction\">\n<div class=\"ez-toc-title-container\">\n<p class=\"ez-toc-title\" style=\"cursor:inherit\">Sada\u013cas<\/p>\n<span class=\"ez-toc-title-toggle\"><a href=\"#\" class=\"ez-toc-pull-right ez-toc-btn ez-toc-btn-xs ez-toc-btn-default ez-toc-toggle\" aria-label=\"P\u0101rsl\u0113gt satura tabulu\"><span class=\"ez-toc-js-icon-con\"><span class=\"\"><span class=\"eztoc-hide\" style=\"display:none;\">P\u0101rsl\u0113gt<\/span><span class=\"ez-toc-icon-toggle-span\"><svg style=\"fill: #999;color:#999\" xmlns=\"http:\/\/www.w3.org\/2000\/svg\" class=\"list-377408\" width=\"20px\" height=\"20px\" viewbox=\"0 0 24 24\" fill=\"none\"><path d=\"M6 6H4v2h2V6zm14 0H8v2h12V6zM4 11h2v2H4v-2zm16 0H8v2h12v-2zM4 16h2v2H4v-2zm16 0H8v2h12v-2z\" fill=\"currentColor\"><\/path><\/svg><svg style=\"fill: #999;color:#999\" class=\"arrow-unsorted-368013\" xmlns=\"http:\/\/www.w3.org\/2000\/svg\" width=\"10px\" height=\"10px\" viewbox=\"0 0 24 24\" version=\"1.2\" baseprofile=\"tiny\"><path d=\"M18.2 9.3l-6.2-6.3-6.2 6.3c-.2.2-.3.4-.3.7s.1.5.3.7c.2.2.4.3.7.3h11c.3 0 .5-.1.7-.3.2-.2.3-.5.3-.7s-.1-.5-.3-.7zM5.8 14.7l6.2 6.3 6.2-6.3c.2-.2.3-.5.3-.7s-.1-.5-.3-.7c-.2-.2-.4-.3-.7-.3h-11c-.3 0-.5.1-.7.3-.2.2-.3.5-.3.7s.1.5.3.7z\"\/><\/svg><\/span><\/span><\/span><\/a><\/span><\/div>\n<nav><ul class='ez-toc-list ez-toc-list-level-1 eztoc-toggle-hide-by-default' ><li class='ez-toc-page-1 ez-toc-heading-level-2'><a class=\"ez-toc-link ez-toc-heading-1\" href=\"https:\/\/moverdb.com\/lv\/moving-companies\/moving-companies-sri-lanka\/#1_Aitken_Spence\" >1. Aitken Spence<\/a><\/li><li class='ez-toc-page-1 ez-toc-heading-level-2'><a class=\"ez-toc-link ez-toc-heading-2\" href=\"https:\/\/moverdb.com\/lv\/moving-companies\/moving-companies-sri-lanka\/#2_Asian_Movers\" >2. \u0100zijas p\u0101rvad\u0101t\u0101ji<\/a><\/li><li class='ez-toc-page-1 ez-toc-heading-level-2'><a class=\"ez-toc-link ez-toc-heading-3\" href=\"https:\/\/moverdb.com\/lv\/moving-companies\/moving-companies-sri-lanka\/#3_Don_Carolis_Sons\" >3. Don Carolis &amp; Sons<\/a><\/li><li class='ez-toc-page-1 ez-toc-heading-level-2'><a class=\"ez-toc-link ez-toc-heading-4\" href=\"https:\/\/moverdb.com\/lv\/moving-companies\/moving-companies-sri-lanka\/#4_Horizon_Relocations\" >4. Horizon p\u0101rvieto\u0161ana<\/a><\/li><li class='ez-toc-page-1 ez-toc-heading-level-2'><a class=\"ez-toc-link ez-toc-heading-5\" href=\"https:\/\/moverdb.com\/lv\/moving-companies\/moving-companies-sri-lanka\/#5_Trans_World_Movers\" >5. Trans World Movers<\/a><\/li><li class='ez-toc-page-1 ez-toc-heading-level-2'><a class=\"ez-toc-link ez-toc-heading-6\" href=\"https:\/\/moverdb.com\/lv\/moving-companies\/moving-companies-sri-lanka\/#6_Trans-Global_Relocations\" >6. P\u0101rvieto\u0161ana p\u0101ri zemeslodes robe\u017e\u0101m<\/a><\/li><li class='ez-toc-page-1 ez-toc-heading-level-2'><a class=\"ez-toc-link ez-toc-heading-7\" href=\"https:\/\/moverdb.com\/lv\/moving-companies\/moving-companies-sri-lanka\/#7_Worldwide_Movers\" >7. P\u0101rvietot\u0101ji vis\u0101 pasaul\u0113<\/a><\/li><\/ul><\/nav><\/div>\n<h2><span class=\"ez-toc-section\" id=\"1_Aitken_Spence\"><\/span><strong>1. Aitken Spence<\/strong><span class=\"ez-toc-section-end\"><\/span><\/h2>\n<p><img loading=\"lazy\" decoding=\"async\" class=\"alignnone size-full wp-image-10071\" src=\"https:\/\/moverdb.com\/wp-content\/uploads\/Aitken-Spence-international-moving-company.png\" alt=\"Aitken Spence starptautiskais p\u0101rvieto\u0161an\u0101s uz\u0146\u0113mums\" width=\"1440\" height=\"676\" data-wp-pid=\"10071\" srcset=\"https:\/\/moverdb.com\/wp-content\/uploads\/Aitken-Spence-international-moving-company.png 1440w, https:\/\/moverdb.com\/wp-content\/uploads\/Aitken-Spence-international-moving-company-300x141.png 300w, https:\/\/moverdb.com\/wp-content\/uploads\/Aitken-Spence-international-moving-company-1024x481.png 1024w, https:\/\/moverdb.com\/wp-content\/uploads\/Aitken-Spence-international-moving-company-18x8.png 18w, https:\/\/moverdb.com\/wp-content\/uploads\/Aitken-Spence-international-moving-company-600x282.png 600w\" sizes=\"auto, (max-width: 1440px) 100vw, 1440px\" \/><\/p>\n<ul>\n<li>Valsts p\u0101rcel\u0161an\u0101s<\/li>\n<li>Starptautiskie p\u0101rvadi<\/li>\n<li>M\u0101jsaimniec\u012bbas p\u0101rv\u0101k\u0161an\u0101s<\/li>\n<li>Uz\u0146\u0113muma lo\u0123istika<\/li>\n<li>Izst\u0101\u017eu pakalpojumi<\/li>\n<li>Kompleksi risin\u0101jumi<\/li>\n<li>Gaisa, j\u016bras un sauszemes kravu p\u0101rvad\u0101jumi<\/li>\n<li>Muito\u0161ana<\/li>\n<li>M\u0101jdz\u012bvnieku p\u0101rvieto\u0161ana<\/li>\n<li>Uzglab\u0101\u0161anas iek\u0101rtas<\/li>\n<\/ul>\n<p>Aitken Spence ir daudznozaru uz\u0146\u0113mums, kas darbojas kop\u0161 1868. gada un ir p\u0101rst\u0101v\u0113ts asto\u0146\u0101s valst\u012bs, tostarp Kolombo, \u0160rilank\u0101. Uz\u0146\u0113muma kravas eksped\u012bcijas darb\u012bbas ietver ar\u012b p\u0101rcel\u0161anos un p\u0101rv\u0101k\u0161anos. Vi\u0146i izmanto savas fili\u0101les un glob\u0101lu tirdzniec\u012bbas un lo\u0123istikas uz\u0146\u0113mumu t\u012bklu, lai sniegtu atbalstu. Uz\u0146\u0113mums ir IAM biedrs ar 44 gadu darba st\u0101\u017eu.<\/p>\n<p>Aitken Spence pied\u0101v\u0101 visaptvero\u0161us integr\u0113tus risin\u0101jumus ar savu glob\u0101lo kl\u0101tb\u016btni. Vi\u0146i nodro\u0161ina \u0113rtus p\u0101rv\u0101k\u0161an\u0101s un p\u0101rcel\u0161an\u0101s pakalpojumus m\u0101jok\u013cu \u012bpa\u0161niekiem, kas p\u0101rce\u013cas uz jebkuru vietu pasaul\u0113. Vi\u0146i var p\u0101rvietot j\u016bsu mantas un m\u0101jdz\u012bvniekus uz j\u016bsu jaunaj\u0101m m\u0101j\u0101m. Vi\u0146i organiz\u0113s transport\u0113\u0161anu ar muito\u0161anu.<\/p>\n<p>T\u012bmek\u013ca vietne: <a href=\"http:\/\/www.acecargo.lk\" target=\"_blank\" rel=\"noopener\">http:\/\/www.acecargo.lk<\/a><\/p>\n<h2><span class=\"ez-toc-section\" id=\"2_Asian_Movers\"><\/span><strong>2. \u0100zijas p\u0101rvad\u0101t\u0101ji<\/strong><span class=\"ez-toc-section-end\"><\/span><\/h2>\n<p><img loading=\"lazy\" decoding=\"async\" class=\"alignnone size-full wp-image-10079\" src=\"https:\/\/moverdb.com\/wp-content\/uploads\/Asian-Movers-international-moving-company.png\" alt=\"\u0100zijas Movers starptautisks p\u0101rvietojas uz\u0146\u0113mums\" width=\"1440\" height=\"681\" data-wp-pid=\"10079\" srcset=\"https:\/\/moverdb.com\/wp-content\/uploads\/Asian-Movers-international-moving-company.png 1440w, https:\/\/moverdb.com\/wp-content\/uploads\/Asian-Movers-international-moving-company-300x142.png 300w, https:\/\/moverdb.com\/wp-content\/uploads\/Asian-Movers-international-moving-company-1024x484.png 1024w, https:\/\/moverdb.com\/wp-content\/uploads\/Asian-Movers-international-moving-company-18x9.png 18w, https:\/\/moverdb.com\/wp-content\/uploads\/Asian-Movers-international-moving-company-600x284.png 600w\" sizes=\"auto, (max-width: 1440px) 100vw, 1440px\" \/><\/p>\n<ul>\n<li>Viet\u0113jie un viet\u0113jie p\u0101rvadi<\/li>\n<li>Starptautiskie p\u0101rvadi<\/li>\n<li>M\u0101jsaimniec\u012bbas p\u0101rv\u0101k\u0161an\u0101s<\/li>\n<li>Uz\u0146\u0113mumu un biroju p\u0101rvieto\u0161ana<\/li>\n<li>Pakalpojums \"no durv\u012bm l\u012bdz durv\u012bm<\/li>\n<li>Iepako\u0161anas pakalpojums<\/li>\n<li>Autotransports, j\u016bras un gaisa transports<\/li>\n<li>Muito\u0161ana<\/li>\n<li>Apdro\u0161in\u0101\u0161ana<\/li>\n<li>Uzglab\u0101\u0161anas risin\u0101jumi<\/li>\n<\/ul>\n<p>\u0100zijas Movers ir piel\u0101gotus p\u0101rcel\u0161an\u0101s risin\u0101jumus uz\u0146\u0113mums, kas dibin\u0101ts \u0160rilank\u0101 un... <a href=\"https:\/\/moverdb.com\/lv\/moving-to-the-maldives\/\" data-internallinksmanager029f6b8e52c=\"387\" title=\"P\u0101rce\u013caties uz Mald\u012bvu sal\u0101m? 2023 Dz\u012bves izmaksas un p\u0101rcel\u0161an\u0101s padomi\">Mald\u012bvu salas<\/a> 2013. gad\u0101. Pateicoties dal\u012bbai starptautiskaj\u0101s p\u0101rcel\u0161an\u0101s asoci\u0101cij\u0101s, to pakalpojumi ir pieejami vis\u0101 pasaul\u0113. Uz\u0146\u0113mums ir IAM biedrs ar 10 gadu darba st\u0101\u017eu.<\/p>\n<p>\u0100zijas p\u0101rvietot\u0101ji pied\u0101v\u0101 piel\u0101gotus p\u0101rcel\u0161an\u0101s pakalpojumus neatkar\u012bgi no t\u0101, vai jums nepiecie\u0161ams pilns p\u0101rcel\u0161an\u0101s pakalpojums vai tikai kravas automa\u0161\u012bna un p\u0101rvietot\u0101ji. Vi\u0146u pakalpojumi \"no durv\u012bm l\u012bdz durv\u012bm\" var ietvert visu j\u016bsu mantu dro\u0161u iesai\u0146o\u0161anu un invent\u0101ra sast\u0101d\u012b\u0161anu, iekrau\u0161anu, transport\u0113\u0161anu uz galam\u0113r\u0137i un izkrau\u0161anu. Vi\u0146i pal\u012bdz ar kravas un muito\u0161anas dokument\u0101ciju, k\u0101 ar\u012b apdro\u0161in\u0101\u0161anu.<\/p>\n<p>T\u012bmek\u013ca vietne: <a href=\"http:\/\/www.asianmovers.com\/\" target=\"_blank\" rel=\"noopener\">http:\/\/www.asianmovers.com\/<\/a><\/p>\n<h2><span class=\"ez-toc-section\" id=\"3_Don_Carolis_Sons\"><\/span><strong>3. Don Carolis &amp; Sons<\/strong><span class=\"ez-toc-section-end\"><\/span><\/h2>\n<p><em><img loading=\"lazy\" decoding=\"async\" class=\"alignnone size-full wp-image-10102\" src=\"https:\/\/moverdb.com\/wp-content\/uploads\/Don-Carolis-Sons-international-moving-company.png\" alt=\"Don Carolis &amp; Sons starptautiskais p\u0101rvieto\u0161an\u0101s uz\u0146\u0113mums\" width=\"1440\" height=\"679\" data-wp-pid=\"10102\" srcset=\"https:\/\/moverdb.com\/wp-content\/uploads\/Don-Carolis-Sons-international-moving-company.png 1440w, https:\/\/moverdb.com\/wp-content\/uploads\/Don-Carolis-Sons-international-moving-company-300x141.png 300w, https:\/\/moverdb.com\/wp-content\/uploads\/Don-Carolis-Sons-international-moving-company-1024x483.png 1024w, https:\/\/moverdb.com\/wp-content\/uploads\/Don-Carolis-Sons-international-moving-company-18x8.png 18w, https:\/\/moverdb.com\/wp-content\/uploads\/Don-Carolis-Sons-international-moving-company-600x283.png 600w\" sizes=\"auto, (max-width: 1440px) 100vw, 1440px\" \/><\/em><\/p>\n<ul>\n<li>Valsts p\u0101rcel\u0161an\u0101s<\/li>\n<li>Starptautiskie p\u0101rvadi<\/li>\n<li>M\u0101jsaimniec\u012bbas p\u0101rv\u0101k\u0161an\u0101s<\/li>\n<li>Organiz\u0101cijas p\u0101rcel\u0161an\u0101s<\/li>\n<li>Piel\u0101gots pakalpojums<\/li>\n<li>P\u0101rvieto\u0161anas koordinators<\/li>\n<li>Iepako\u0161anas pakalpojums<\/li>\n<li>Transporta pas\u0101kumi<\/li>\n<li>Izpako\u0161anas opcijas<\/li>\n<li>Pilnv\u0113rt\u012bga aizsardz\u012bba<\/li>\n<\/ul>\n<p>Don Carolis &amp; Sons ir m\u0113be\u013cu ra\u017eot\u0101js, mazumtirgot\u0101js un eksport\u0113t\u0101js, kas darbojas jau vair\u0101k nek\u0101 150 gadus un atrodas Kolombo. Uz\u0146\u0113mums ir IAM biedrs, kas tam nodro\u0161ina piek\u013cuvi starptautiskam p\u0101rcel\u0161an\u0101s a\u0123entu t\u012bklam, lai sniegtu atbalstu starptautisku p\u0101rcel\u0161anos gad\u012bjumos.<\/p>\n<p>Don Carolis &amp; Sons pied\u0101v\u0101 piel\u0101gotus iepako\u0161anas pakalpojumus, kas atbilst j\u016bsu vajadz\u012bb\u0101m attiec\u012bb\u0101 uz laika grafiku, bud\u017eetu un mant\u0101m, k\u0101 ar\u012b nodro\u0161ina p\u0101rcel\u0161an\u0101s koordinatoru, kas pal\u012bdz\u0113s jums p\u0101rcel\u0161an\u0101s laik\u0101. Vi\u0146i par\u016bp\u0113sies par j\u016bsu mant\u0101m, tostarp par iekrau\u0161anu, transport\u0113\u0161anu un izkrau\u0161anu visos savos pl\u0101nos. Vi\u0146u pl\u0101nos ir iek\u013cauta gan j\u016bsu izpako\u0161ana, gan da\u013c\u0113ja izpako\u0161ana un m\u0113be\u013cu izvieto\u0161ana, gan piln\u012bga izpako\u0161ana.<\/p>\n<p>T\u012bmek\u013ca vietne: <a href=\"http:\/\/www.doncarolis.com\" target=\"_blank\" rel=\"noopener\">http:\/\/www.doncarolis.com<\/a><\/p>\n<h2><span class=\"ez-toc-section\" id=\"4_Horizon_Relocations\"><\/span><strong>4. Horizon p\u0101rvieto\u0161ana<\/strong><span class=\"ez-toc-section-end\"><\/span><\/h2>\n<p><img loading=\"lazy\" decoding=\"async\" class=\"alignnone size-full wp-image-10136\" src=\"https:\/\/moverdb.com\/wp-content\/uploads\/Horizon-Relocations-international-moving-company.png\" alt=\"Horizon Relocations starptautiskais p\u0101rvieto\u0161anas uz\u0146\u0113mums\" width=\"1440\" height=\"626\" data-wp-pid=\"10136\" srcset=\"https:\/\/moverdb.com\/wp-content\/uploads\/Horizon-Relocations-international-moving-company.png 1440w, https:\/\/moverdb.com\/wp-content\/uploads\/Horizon-Relocations-international-moving-company-300x130.png 300w, https:\/\/moverdb.com\/wp-content\/uploads\/Horizon-Relocations-international-moving-company-1024x445.png 1024w, https:\/\/moverdb.com\/wp-content\/uploads\/Horizon-Relocations-international-moving-company-18x8.png 18w, https:\/\/moverdb.com\/wp-content\/uploads\/Horizon-Relocations-international-moving-company-600x261.png 600w\" sizes=\"auto, (max-width: 1440px) 100vw, 1440px\" \/><\/p>\n<ul>\n<li>Viet\u0113jie un viet\u0113jie p\u0101rvadi<\/li>\n<li>Starptautisk\u0101s p\u0101rvieto\u0161anas<\/li>\n<li>M\u0101jsaimniec\u012bbas p\u0101rv\u0101k\u0161an\u0101s<\/li>\n<li>Person\u012bgo lietu pieg\u0101de<\/li>\n<li>Pakalpojums \"no durv\u012bm l\u012bdz durv\u012bm<\/li>\n<li>Iepakojums<\/li>\n<li>Kravu p\u0101rvad\u0101jumu k\u0101rt\u012bba<\/li>\n<li>Muito\u0161ana<\/li>\n<li>Apdro\u0161in\u0101\u0161ana<\/li>\n<li>Uzglab\u0101\u0161anas iek\u0101rtas<\/li>\n<\/ul>\n<p>Horizon Relocations ir iek\u0161zemes un starptautisks p\u0101rvieto\u0161anas un p\u0101rcel\u0161an\u0101s uz\u0146\u0113mums, kas atrodas Kolombo. Uz\u0146\u0113mums ir IAM biedrs, kas tam nodro\u0161ina piek\u013cuvi starptautiskam p\u0101rcel\u0161an\u0101s a\u0123entu t\u012bklam, kuri var pal\u012bdz\u0113t sniegt starptautiskus pakalpojumus.<\/p>\n<p>Horizon Relocations pied\u0101v\u0101 p\u0101rcel\u0161an\u0101s pakalpojumus no durv\u012bm l\u012bdz durv\u012bm viet\u0113jiem, valsts un starptautiskiem person\u012bgo un m\u0101jsaimniec\u012bbas priek\u0161metu p\u0101rvedumiem. Vi\u0146i sniedz pakalpojumus gan maziem, gan lieliem priek\u0161metu apjomiem, kas var ietvert iepakojumu un apvalku, lai pasarg\u0101tu priek\u0161metus p\u0101rvad\u0101\u0161anas laik\u0101 un tie tiktu nog\u0101d\u0101ti dro\u0161\u012bb\u0101. Vi\u0146i organiz\u0113s j\u016bsu mantu tranz\u012btu, p\u0101rvad\u0101jot vai nos\u016btot t\u0101s uz galam\u0113r\u0137i un veicot muito\u0161anu.<\/p>\n<p>T\u012bmek\u013ca vietne: <a href=\"http:\/\/www.horizonrelocations.lk\" target=\"_blank\" rel=\"noopener\">http:\/\/www.horizonrelocations.lk<\/a><\/p>\n<h2><span class=\"ez-toc-section\" id=\"5_Trans_World_Movers\"><\/span><strong>5. Trans World Movers<\/strong><span class=\"ez-toc-section-end\"><\/span><\/h2>\n<p><img loading=\"lazy\" decoding=\"async\" class=\"alignnone size-full wp-image-10196\" src=\"https:\/\/moverdb.com\/wp-content\/uploads\/Trans-World-Movers-international-moving-company.png\" alt=\"Trans World Movers starptautisks p\u0101rvietojas uz\u0146\u0113mums\" width=\"1440\" height=\"675\" data-wp-pid=\"10196\" srcset=\"https:\/\/moverdb.com\/wp-content\/uploads\/Trans-World-Movers-international-moving-company.png 1440w, https:\/\/moverdb.com\/wp-content\/uploads\/Trans-World-Movers-international-moving-company-300x141.png 300w, https:\/\/moverdb.com\/wp-content\/uploads\/Trans-World-Movers-international-moving-company-1024x480.png 1024w, https:\/\/moverdb.com\/wp-content\/uploads\/Trans-World-Movers-international-moving-company-18x8.png 18w, https:\/\/moverdb.com\/wp-content\/uploads\/Trans-World-Movers-international-moving-company-600x281.png 600w\" sizes=\"auto, (max-width: 1440px) 100vw, 1440px\" \/><\/p>\n<ul>\n<li>Viet\u0113jie p\u0101rvadi<\/li>\n<li>Starptautiskie p\u0101rvadi<\/li>\n<li>M\u0101jsaimniec\u012bbas p\u0101rv\u0101k\u0161an\u0101s<\/li>\n<li>Uz\u0146\u0113mumu p\u0101rvieto\u0161an\u0101s<\/li>\n<li>Risin\u0101jumi \"no durv\u012bm l\u012bdz durv\u012bm<\/li>\n<li>Iepako\u0161anas pakalpojums<\/li>\n<li>Gaisa, j\u016bras un autotransports<\/li>\n<li>Muito\u0161ana<\/li>\n<li>Transportl\u012bdzek\u013cu un m\u0101jdz\u012bvnieku transport\u0113\u0161ana<\/li>\n<li>Uzglab\u0101\u0161anas iek\u0101rtas<\/li>\n<\/ul>\n<p>Trans World Movers ir 1973. gad\u0101 dibin\u0101ts uz\u0146\u0113mums, kas sniedz pakalpojumus priv\u0101tperson\u0101m, diplom\u0101tiem un uz\u0146\u0113mumiem un atrodas Kolombo. Uz\u0146\u0113mumam ir izveidots p\u0101rst\u0101vju un a\u0123entu t\u012bkls vis\u0101 pasaul\u0113, kas sniedz atbalstu starptautisku p\u0101rcel\u0161anos jom\u0101. Uz\u0146\u0113mums ir IAM biedrs ar 50 gadu darba st\u0101\u017eu.<\/p>\n<p>Trans World Movers pied\u0101v\u0101 p\u0101rvieto\u0161an\u0101s pakalpojumus no durv\u012bm l\u012bdz durv\u012bm viet\u0113j\u0101 un starptautisk\u0101 m\u0113rog\u0101. Vi\u0146i sniedz starptautiskajiem standartiem atbilsto\u0161u iepako\u0161anas pakalpojumu, lai aizsarg\u0101tu p\u0101rvad\u0101jamus priek\u0161metus. Vi\u0146i organiz\u0113s j\u016bsu mantu tranz\u012btu pa autoce\u013ciem, gaisu un j\u016bru ar muito\u0161anu. Vi\u0146i pied\u0101v\u0101 papildu pakalpojumus, kas ietver ar\u012b m\u0101jdz\u012bvnieku p\u0101rvad\u0101\u0161anu, <a href=\"https:\/\/moverdb.com\/lv\/car-transport-shipping\/\" data-internallinksmanager029f6b8e52c=\"2\" title=\"2026 Starptautiskais autotransports un transportl\u012bdzek\u013cu p\u0101rvad\u0101\u0161anas cit\u0101ti\">transportl\u012bdzek\u013cu p\u0101rvad\u0101jumi<\/a> un glab\u0101\u0161anas risin\u0101jumi.<\/p>\n<p>T\u012bmek\u013ca vietne: <a href=\"http:\/\/www.transworldmovers.com\" target=\"_blank\" rel=\"noopener\">http:\/\/www.transworldmovers.com<\/a><\/p>\n<h2><span class=\"ez-toc-section\" id=\"6_Trans-Global_Relocations\"><\/span><strong>6. P\u0101rvieto\u0161ana p\u0101ri zemeslodes robe\u017e\u0101m<\/strong><span class=\"ez-toc-section-end\"><\/span><\/h2>\n<p><img loading=\"lazy\" decoding=\"async\" class=\"alignnone size-full wp-image-10197\" src=\"https:\/\/moverdb.com\/wp-content\/uploads\/Trans-Global-Relocations-international-moving-company.png\" alt=\"Trans-Global Relocations starptautiskais p\u0101rvieto\u0161anas uz\u0146\u0113mums\" width=\"1440\" height=\"681\" data-wp-pid=\"10197\" srcset=\"https:\/\/moverdb.com\/wp-content\/uploads\/Trans-Global-Relocations-international-moving-company.png 1440w, https:\/\/moverdb.com\/wp-content\/uploads\/Trans-Global-Relocations-international-moving-company-300x142.png 300w, https:\/\/moverdb.com\/wp-content\/uploads\/Trans-Global-Relocations-international-moving-company-1024x484.png 1024w, https:\/\/moverdb.com\/wp-content\/uploads\/Trans-Global-Relocations-international-moving-company-18x9.png 18w, https:\/\/moverdb.com\/wp-content\/uploads\/Trans-Global-Relocations-international-moving-company-600x284.png 600w\" sizes=\"auto, (max-width: 1440px) 100vw, 1440px\" \/><\/p>\n<ul>\n<li>Viet\u0113jie un viet\u0113jie p\u0101rvadi<\/li>\n<li>Starptautiskie p\u0101rvadi<\/li>\n<li>M\u0101jsaimniec\u012bbas p\u0101rv\u0101k\u0161an\u0101s<\/li>\n<li>Pakalpojums \"no durv\u012bm l\u012bdz durv\u012bm<\/li>\n<li>Profesion\u0101la iepako\u0161ana<\/li>\n<li>J\u016bras un gaisa p\u0101rvad\u0101jumi<\/li>\n<li>Muito\u0161ana<\/li>\n<li>M\u0101jdz\u012bvnieku p\u0101rvieto\u0161ana<\/li>\n<li>Automa\u0161\u012bnas p\u0101rvald\u012bba<\/li>\n<li>Dro\u0161a uzglab\u0101\u0161ana<\/li>\n<\/ul>\n<p>Trans-Global Relocations ir p\u0101rvieto\u0161anas un p\u0101rcel\u0161an\u0101s uz\u0146\u0113mums, kas atrodas Kolombo. Uz\u0146\u0113mums ir IAM biedrs, kas tam nodro\u0161ina starptautisku p\u0101rcel\u0161an\u0101s a\u0123entu t\u012bklu, kas str\u0101d\u0101 ar \u0101rzemju p\u0101rcel\u0161an\u0101s darbiem.<\/p>\n<p>Trans-Global Relocations pied\u0101v\u0101 apseko\u0161anu m\u0101j\u0101s, lai nov\u0113rt\u0113tu j\u016bsu p\u0101rcel\u0161an\u0101s pras\u012bbas, un, pamatojoties uz j\u016bsu vajadz\u012bb\u0101m, vi\u0146i izveidos p\u0101rcel\u0161an\u0101s pl\u0101nu, kur\u0101 b\u016bs iek\u013cauti padomi par sagatavo\u0161anos un izmaksu zi\u0146\u0101 visizdev\u012bg\u0101ko p\u0101rcel\u0161an\u0101s metodi. Vi\u0146i sniedz pakalpojumus \"no durv\u012bm l\u012bdz durv\u012bm\", kas ietver profesion\u0101lu j\u016bsu mantu iesai\u0146o\u0161anu, lai nodro\u0161in\u0101tu to dro\u0161u starptautisku ce\u013co\u0161anu pa j\u016bru vai gaisu, k\u0101 ar\u012b muito\u0161anu. Vi\u0146i pied\u0101v\u0101 ar\u012b papildu pakalpojumus, kas ietver m\u0101jdz\u012bvnieku p\u0101rvieto\u0161anu, automa\u0161\u012bnu p\u0101rkrau\u0161anu un uzglab\u0101\u0161anu.<\/p>\n<p>T\u012bmek\u013ca vietne: <a href=\"http:\/\/www.t-grelo.com\" target=\"_blank\" rel=\"noopener\">http:\/\/www.t-grelo.com<\/a><\/p>\n<h2><span class=\"ez-toc-section\" id=\"7_Worldwide_Movers\"><\/span><strong>7. P\u0101rvietot\u0101ji vis\u0101 pasaul\u0113<\/strong><span class=\"ez-toc-section-end\"><\/span><\/h2>\n<p><img loading=\"lazy\" decoding=\"async\" class=\"alignnone size-full wp-image-10209\" src=\"https:\/\/moverdb.com\/wp-content\/uploads\/Worldwide-Movers-international-moving-company.png\" alt=\"Vispasaules Movers starptautisk\u0101 p\u0101rvietojas uz\u0146\u0113mums\" width=\"1440\" height=\"674\" data-wp-pid=\"10209\" srcset=\"https:\/\/moverdb.com\/wp-content\/uploads\/Worldwide-Movers-international-moving-company.png 1440w, https:\/\/moverdb.com\/wp-content\/uploads\/Worldwide-Movers-international-moving-company-300x140.png 300w, https:\/\/moverdb.com\/wp-content\/uploads\/Worldwide-Movers-international-moving-company-1024x479.png 1024w, https:\/\/moverdb.com\/wp-content\/uploads\/Worldwide-Movers-international-moving-company-18x8.png 18w, https:\/\/moverdb.com\/wp-content\/uploads\/Worldwide-Movers-international-moving-company-600x281.png 600w\" sizes=\"auto, (max-width: 1440px) 100vw, 1440px\" \/><\/p>\n<ul>\n<li>Valsts p\u0101rcel\u0161an\u0101s<\/li>\n<li>Starptautiskie p\u0101rvadi<\/li>\n<li>M\u0101jsaimniec\u012bbas p\u0101rv\u0101k\u0161an\u0101s<\/li>\n<li>P\u0101rcel\u0161an\u0101s pakalpojumi<\/li>\n<li>No durv\u012bm l\u012bdz durv\u012bm vai no durv\u012bm l\u012bdz durv\u012bm<a href=\"https:\/\/moverdb.com\/lv\/top-49-container-ports\/\" data-internallinksmanager029f6b8e52c=\"80\" title=\"49 liel\u0101kie un noslogot\u0101kie konteineru ostas 2025. gad\u0101\">osta<\/a> pakalpojums<\/li>\n<li>Iepako\u0161anas pakalpojums<\/li>\n<li>Transport\u0113\u0161ana pa sauszemi, gaisu vai j\u016bru<\/li>\n<li>Muitas starpniec\u012bba<\/li>\n<li>M\u0101jdz\u012bvnieku kop\u0161ana<\/li>\n<li>Transportl\u012bdzek\u013cu transport\u0113\u0161ana<\/li>\n<\/ul>\n<p>Worldwide Movers ir 2009. gad\u0101 dibin\u0101ts iepakojuma un p\u0101rcel\u0161an\u0101s uz\u0146\u0113mums, kas atrodas Kolombo. Uz\u0146\u0113mums ir IAM biedrs ar 15 gadu darba st\u0101\u017eu, k\u0101 ar\u012b \u0100zijas P\u0101rv\u0101k\u0161an\u0101s asoci\u0101cijas biedrs, un \u0161\u012b dal\u012bba \u013cauj sniegt p\u0101rv\u0101k\u0161an\u0101s pakalpojumus vis\u0101 pasaul\u0113.<\/p>\n<p>Worldwide Movers pied\u0101v\u0101 p\u0101rvieto\u0161anu no durv\u012bm l\u012bdz durv\u012bm vai no durv\u012bm l\u012bdz ostai gan valsts, gan starptautisk\u0101 m\u0113rog\u0101. Vi\u0146i sniedz iepako\u0161anas pakalpojumus, kas ietver dro\u0161u j\u016bsu priek\u0161metu iepako\u0161anu, m\u0113be\u013cu un iek\u0101rtu demont\u0101\u017eu un atk\u0101rtotu mont\u0101\u017eu. Vi\u0146i var ar\u012b pal\u012bdz\u0113t p\u0101rvietot j\u016bsu transportl\u012bdzek\u013cus un m\u0101jdz\u012bvniekus. Vi\u0146i sniedz p\u0101rcel\u0161an\u0101s pakalpojumus, kas ietver m\u0101jok\u013ca un skolas mekl\u0113\u0161anu, orient\u0113\u0161anos, ekskursijas pa teritoriju un istabenes pakalpojumus.<\/p>\n<p>T\u012bmek\u013ca vietne: <a href=\"https:\/\/w-movers.com\/\" target=\"_blank\" rel=\"noopener\">https:\/\/w-movers.com\/<\/a><\/p>","protected":false},"excerpt":{"rendered":"<p>Are you planning on moving? Then you may want to enlist the services of a moving company as they can assist you with packing, transportation and handling customs when moving abroad. Below we have compiled a list of Sri Lanka based removal companies that are members of the International Association of Movers (IAM) and\/or FIDI [&hellip;]<\/p>\n","protected":false},"author":4,"featured_media":10071,"parent":190,"menu_order":0,"comment_status":"closed","ping_status":"closed","template":"","meta":{"_genesis_hide_title":false,"_genesis_hide_breadcrumbs":false,"_genesis_hide_singular_image":false,"_genesis_hide_footer_widgets":false,"_genesis_custom_body_class":"","_genesis_custom_post_class":"","_genesis_layout":"","footnotes":""},"class_list":{"0":"post-10215","1":"page","2":"type-page","3":"status-publish","4":"has-post-thumbnail","6":"entry"},"_links":{"self":[{"href":"https:\/\/moverdb.com\/lv\/wp-json\/wp\/v2\/pages\/10215","targetHints":{"allow":["GET"]}}],"collection":[{"href":"https:\/\/moverdb.com\/lv\/wp-json\/wp\/v2\/pages"}],"about":[{"href":"https:\/\/moverdb.com\/lv\/wp-json\/wp\/v2\/types\/page"}],"author":[{"embeddable":true,"href":"https:\/\/moverdb.com\/lv\/wp-json\/wp\/v2\/users\/4"}],"replies":[{"embeddable":true,"href":"https:\/\/moverdb.com\/lv\/wp-json\/wp\/v2\/comments?post=10215"}],"version-history":[{"count":1,"href":"https:\/\/moverdb.com\/lv\/wp-json\/wp\/v2\/pages\/10215\/revisions"}],"predecessor-version":[{"id":10216,"href":"https:\/\/moverdb.com\/lv\/wp-json\/wp\/v2\/pages\/10215\/revisions\/10216"}],"up":[{"embeddable":true,"href":"https:\/\/moverdb.com\/lv\/wp-json\/wp\/v2\/pages\/190"}],"wp:featuredmedia":[{"embeddable":true,"href":"https:\/\/moverdb.com\/lv\/wp-json\/wp\/v2\/media\/10071"}],"wp:attachment":[{"href":"https:\/\/moverdb.com\/lv\/wp-json\/wp\/v2\/media?parent=10215"}],"curies":[{"name":"wp","href":"https:\/\/api.w.org\/{rel}","templated":true}]}}