{"id":988,"date":"2017-02-24T08:48:27","date_gmt":"2017-02-24T08:48:27","guid":{"rendered":"http:\/\/moverdb.com\/?page_id=988"},"modified":"2026-01-08T14:40:00","modified_gmt":"2026-01-08T14:40:00","slug":"island-movers","status":"publish","type":"page","link":"https:\/\/moverdb.com\/lt\/island-movers\/","title":{"rendered":"Island Movers - Tarptautinio perkraustymo ap\u017evalgos"},"content":{"rendered":"<p>\"Island Movers\" yra \u012fsik\u016brusi Honolulu ir si\u016blo savo klientams \u012fvairias perkraustymo paslaugas, kurios i\u0161vardytos toliau, kartu su \u012fmon\u0117s profiliu ir atsiliepimais. <\/p>\n<p><strong>Tarptautiniai perkraustymai - <a href=\"https:\/\/moverdb.com\/lt\/moving-to-the-united-states\/\" data-internallinksmanager029f6b8e52c=\"94\" title=\"Persik\u0117limas \u012f Jungtines Amerikos Valstijas? 2022 Gyvenimo i\u0161laidos ir persik\u0117limo patarimai\">JAV<\/a> ir pasaulis<\/strong><\/p>\n<ul>\n<li> Asmeninis persikraustymo koordinatorius<\/li>\n<li> Paslaugos nuo dur\u0173 iki dur\u0173<\/li>\n<li> Savaranki\u0161kas pakavimas arba visos pakavimo paslaugos<\/li>\n<li> Pateiktos d\u0117\u017eut\u0117s<\/li>\n<li> I\u0161pakavimo paslauga<\/li>\n<li> Krovini\u0173 gabenimas j\u016bra ir oru<\/li>\n<li> Pagalba muitin\u0117je<\/li>\n<li> Sutvarkytas draudimas<\/li>\n<\/ul>\n<p><strong>Asmeniniai judesiai<\/strong><\/p>\n<ul>\n<li> Toje pa\u010dioje saloje - kaina priklauso nuo laiko<\/li>\n<li> \u012e kit\u0105 sal\u0105 - kaina priklauso nuo svorio<\/li>\n<li> Visame pasaulyje<\/li>\n<li> Savaranki\u0161kas pakavimas arba visos pakavimo paslaugos<\/li>\n<li> Pateiktos d\u0117\u017eut\u0117s<\/li>\n<li> I\u0161pakavimo paslauga<\/li>\n<li> Galimas ilgalaikis ir trumpalaikis saugojimas<\/li>\n<li> Galimyb\u0117 naudotis ne\u0161iojam\u0105ja saugykla<\/li>\n<\/ul>\n<p><strong>Verslo per\u0117jimai<\/strong><\/p>\n<ul>\n<li> Ma\u017ei arba dideli perkraustymai<\/li>\n<li> Rekomenduojama supakuoti savo dokumentus<\/li>\n<li> Galimas ilgalaikis ir trumpalaikis saugojimas<\/li>\n<li> Galimyb\u0117 naudotis ne\u0161iojam\u0105ja saugykla<\/li>\n<li> Bald\u0173 i\u0161ardymas ir surinkimas<\/li>\n<\/ul>\n<p><strong>Kitos paslaugos<\/strong><\/p>\n<ul>\n<li> Sand\u0117liavimo patalpos ir saugyklos<\/li>\n<li> Sunkve\u017eimi\u0173 ir krovini\u0173 ve\u017eimo paslaugos<\/li>\n<li> Konsoliduotas krovini\u0173 ve\u017eimas tarp sal\u0173<\/li>\n<li> Sand\u0117liavimo ir platinimo paslaugos<\/li>\n<li> JAV muitin\u0117 ir \u017eem\u0117s \u016bkis - Centrin\u0117 tikrinimo stotis<\/li>\n<li> Vie\u0161bu\u010dio renovacija <\/li>\n<li> Sutartin\u0117s pristatymo \u012f namus paslaugos<\/li>\n<li> Tarptautini\u0173 konferencij\u0173 paslaugos<\/li>\n<li> \"Pro-File\" \u012fra\u0161\u0173 sistemos<\/li>\n<li> Kurjeri\u0173 ir \u0161arvuot\u0173 automobili\u0173 paslaugos<\/li>\n<li> Konteineri\u0173 sand\u0117liavimas ir pardavimas<\/li>\n<\/ul>\n<h2>Island Movers \u012emon\u0117s profilis<\/h2>\n<p>\"Island Movers Inc\" yra \u0161eimos verslas <a href=\"https:\/\/moverdb.com\/lt\/moving-to-the-united-states\/moving-to-hawaii\/\" data-internallinksmanager029f6b8e52c=\"403\" title=\"Persik\u0117limas \u012f Havajus? 2023 m. pragyvenimo i\u0161laidos ir persik\u0117limo patarimai\">Havajai<\/a> kuris buvo prad\u0117tas kurti 1958 m. Septintajame de\u0161imtmetyje \u012fmon\u0119 per\u0117m\u0117 Donaldas Takaki ir nuo to laiko ji liko \u0161eimos nuosavyb\u0117. Tai yra Havaj\u0173 bendrov\u0117, kuri did\u017eiuojasi savo veikla ir palaiko glaud\u017eius ry\u0161ius su \u017eemynu bei tarptautiniu mastu. Bendrov\u0117 \"Island Movers\" patenka tarp 250 geriausi\u0173 Havaj\u0173 valstijos \u012fmoni\u0173. Tai did\u017eiausia \u012fvairias transporto paslaugas teikianti \u012fmon\u0117 regione. <\/p>\n<p>\"Island Movers\" specializuojasi bendrojo krovini\u0173 ve\u017eimo, perkraustymo \u012f namus (tiek vietos, tiek tarptautiniu mastu) ir pristatymo \u012f namus srityse. \"Island Movers\" priklauso \"Hawktree International Group\" ir joje dirba daugiau kaip 250 darbuotoj\u0173. Did\u017ei\u0105j\u0105 dal\u012f \"Island Movers\" veiklos sudaro \u012fmoni\u0173 veikla, \u012fskaitant darbuotoj\u0173 perk\u0117lim\u0105 tarptautiniu mastu. Tarptautiniai perkraustymai organizuojami pasitelkiant pasaulines partnerystes. <\/p>\n<p>\"Island Movers Inc\" turi \u0161ias akreditacijas ir priklausomyb\u0119:<\/p>\n<ul>\n<li> Panamerikos tarptautini\u0173 perve\u017e\u0117j\u0173 asociacija (PAIMA)<\/li>\n<li> <a href=\"https:\/\/moverdb.com\/lt\/esu\/\">Tarptautin\u0117 perve\u017e\u0117j\u0173 asociacija<\/a> (<a href=\"https:\/\/moverdb.com\/lt\/iam\/\" data-internallinksmanager029f6b8e52c=\"23\" title=\"Tarptautin\u0117s perkraustytoj\u0173 asociacijos (IAM) paai\u0161kinimai\">IAM<\/a>)<\/li>\n<li> <a href=\"https:\/\/moverdb.com\/lt\/amsa\/\">Amerikos perkraustytoj\u0173 ir sand\u0117liavimo asociacija<\/a> (<a href=\"https:\/\/moverdb.com\/lt\/amsa\/\" data-internallinksmanager029f6b8e52c=\"5\" title=\"Amerikos jud\u0117jimo ir saugojimo asociacijos (AMSA) paai\u0161kinimai\">AMSA<\/a>)<\/li>\n<li> Geresnio verslo biuras (BBB)<\/li>\n<\/ul>\n<h2>Island Movers Atsiliepimai<\/h2>\n<p><strong>Teigiamas:<\/strong><\/p>\n<ul>\n<li> <em>\"M\u016bs\u0173 ne\u012ftik\u0117tinas stresas ir r\u016bpes\u010diai d\u0117l m\u016bs\u0173 persikraustymo per Ram\u0173j\u012f vandenyn\u0105 suma\u017e\u0117jo, kai \"Island Movers\" per\u0117m\u0117 m\u016bs\u0173 persikraustym\u0105 ir pad\u0117jo pri\u017ei\u016br\u0117ti \u017eemynin\u0119 dal\u012f. <a href=\"https:\/\/moverdb.com\/lt\/moving-companies\/\" data-internallinksmanager029f6b8e52c=\"79\" title=\"Top 25 Tarptautin\u0117s perkraustymo \u012fmon\u0117s internete\">perkraustymo \u012fmon\u0117<\/a> taip pat teik\u0117 mums gerus patarimus, kompetencij\u0105, \u0161ilt\u0105 klient\u0173 aptarnavim\u0105 ir savalaiki\u0161kum\u0105. Man paliko teigiam\u0105 \u012fsp\u016bd\u012f ne tik \"Island Movers\" profesionalumas ir patikimumas, bet ir vis\u0173 \"Island Movers\" darbuotoj\u0173, pad\u0117jusi\u0173 mums persikraustyti, \u0161ilta aloha dvasia!\"<\/em> - D\u017eek\u0117 <a href=\"http:\/\/www.islandmovers.com\/personal-moves\/customer-testimonials\/\" target=\"_blank\" rel=\"noopener\">kliento atsiliepimas<\/a><\/li>\n<li> <em>\"Tikrai puikus aptarnavimas!  Esu labai laimingas, kad kreipiausi \u012f Havaj\u0173 geriausius!\"<\/em> - Giffordas per <a href=\"https:\/\/www.yelp.com\/biz\/island-movers-inc-honolulu-4?hrid=Ew3UirYLCqyK2kHDFhwl1A&#038;utm_campaign=www_review_share_popup&#038;utm_medium=copy_link&#038;utm_source=(direct)\" target=\"_blank\" rel=\"noopener\">\"Yelp\"<\/a><\/li>\n<\/ul>\n<p><strong>Neigiamas:<\/strong><\/p>\n<ul>\n<li> <em>\"Nemanau, kad kada nors paskambinsiu jiems, kad pristatyt\u0173 ar perkelt\u0173 mane, bet apskritai patirtis buvo gera.\"<\/em> - Angela per <a href=\"https:\/\/www.yelp.com\/biz\/island-movers-inc-honolulu-4?hrid=TFkdEA1IDuuzBJ-Psl0q_w&#038;utm_campaign=www_review_share_popup&#038;utm_medium=copy_link&#038;utm_source=(direct)\" target=\"_blank\" rel=\"noopener\">\"Yelp\"<\/a><\/li>\n<\/ul>\n<div itemprop=\"review\" itemscope itemtype=\"http:\/\/schema.org\/Review\">\n<span itemprop=\"author\" itemscope=\"\" itemtype=\"http:\/\/schema.org\/Organization\"><span itemprop=\"name\">MoverDB.com<\/span><\/span> Internetin\u0117s svetain\u0117s ap\u017evalga <span itemprop=\"itemreviewed\" itemscope=\"\" itemtype=\"http:\/\/schema.org\/Brand\"><span itemprop=\"name\">Island Movers<\/span><\/span>:<\/p>\n<ol>\n<li> Ai\u0161ki kontaktin\u0117 informacija svetain\u0117je (\u012fskaitant telefono numer\u012f): <strong>Taip<\/strong><\/li>\n<li> Lengva gauti <a href=\"https:\/\/moverdb.com\/lt\/citatos\/\">judan\u010dios citatos<\/a>? (internetin\u0117 s\u0105matos u\u017eklausos forma): <strong>Taip<\/strong><\/li>\n<li> Ai\u0161ki informacija svetain\u0117je: <strong>Taip,<\/strong> svetain\u0117je i\u0161vardytos j\u0173 si\u016blomos paslaugos, ta\u010diau jos n\u0117ra labai i\u0161samios.<\/li>\n<li> Naryst\u0117 tarptautin\u0117se pripa\u017eintose jud\u0117jimo organizacijose: <strong>Taip<\/strong>, (\u017er. pirmiau)<\/li>\n<li> Klient\u0173 s\u0105ra\u0161as ir (arba) ankstesni\u0173 klient\u0173 atsiliepimai: <strong>Taip,<\/strong> nors tik keletas i\u0161 j\u0173 laim\u0117jo interneto svetain\u0117je. Ap\u017evalgos i\u0161 viso interneto i\u0161 esm\u0117s yra teigiamos.<\/li>\n<\/ol>\n<div itemprop=\"reviewRating\" itemscope itemtype=\"http:\/\/schema.org\/Rating\"><meta itemprop=\"worstRating\" content = \"0\" \/><meta itemprop=\"bestRating\" content=\"5\" \/><meta itemprop=\"ratingValue\" content=\"4.5\"><\/div>\n<p><strong>Bendras \u012fvertinimas: 4,5\/5<\/strong><br \/>\n<strong>Per\u017ei\u016bros data:<\/strong> <span itemprop=\"datePublished\" content=\"2017-02-24\">24\/02\/2017<\/span>\n<\/div>\n<p>Skaitykite daugiau apie <a href=\"https:\/\/moverdb.com\/lt\/juda-imones\/\">tarptautiniai perkraustytojai<\/a> ir m\u016bs\u0173 <a href=\"https:\/\/moverdb.com\/lt\/atsiliepimai\/\">per\u017ei\u016bros procesas<\/a>.<\/p>\n<p><strong>Interneto svetain\u0117:<\/strong> <a href=\"http:\/\/www.islandmovers.com\/\" target=\"_blank\" rel=\"noopener\">http:\/\/www.islandmovers.com\/<\/a><\/p>","protected":false},"excerpt":{"rendered":"<p>Island Movers is based in Honolulu and offers its customers a range of moving services which are list below, together with a company profile and reviews. International Moves &#8211; US and the World Personal move coordinator Door to door service Self-packing or full packing service Cartons provided Unpacking service Sea freight and air freight Assistance [&hellip;]<\/p>\n","protected":false},"author":1,"featured_media":0,"parent":0,"menu_order":0,"comment_status":"closed","ping_status":"closed","template":"","meta":{"_genesis_hide_title":false,"_genesis_hide_breadcrumbs":false,"_genesis_hide_singular_image":false,"_genesis_hide_footer_widgets":false,"_genesis_custom_body_class":"","_genesis_custom_post_class":"","_genesis_layout":"","footnotes":""},"class_list":{"0":"post-988","1":"page","2":"type-page","3":"status-publish","5":"entry"},"_links":{"self":[{"href":"https:\/\/moverdb.com\/lt\/wp-json\/wp\/v2\/pages\/988","targetHints":{"allow":["GET"]}}],"collection":[{"href":"https:\/\/moverdb.com\/lt\/wp-json\/wp\/v2\/pages"}],"about":[{"href":"https:\/\/moverdb.com\/lt\/wp-json\/wp\/v2\/types\/page"}],"author":[{"embeddable":true,"href":"https:\/\/moverdb.com\/lt\/wp-json\/wp\/v2\/users\/1"}],"replies":[{"embeddable":true,"href":"https:\/\/moverdb.com\/lt\/wp-json\/wp\/v2\/comments?post=988"}],"version-history":[{"count":4,"href":"https:\/\/moverdb.com\/lt\/wp-json\/wp\/v2\/pages\/988\/revisions"}],"predecessor-version":[{"id":13166,"href":"https:\/\/moverdb.com\/lt\/wp-json\/wp\/v2\/pages\/988\/revisions\/13166"}],"wp:attachment":[{"href":"https:\/\/moverdb.com\/lt\/wp-json\/wp\/v2\/media?parent=988"}],"curies":[{"name":"wp","href":"https:\/\/api.w.org\/{rel}","templated":true}]}}