{"id":955,"date":"2016-07-24T19:52:53","date_gmt":"2016-07-24T19:52:53","guid":{"rendered":"http:\/\/moverdb.com\/?page_id=955"},"modified":"2026-01-08T15:21:02","modified_gmt":"2026-01-08T15:21:02","slug":"us-kanada-persikraustymo-paslaugos","status":"publish","type":"page","link":"https:\/\/moverdb.com\/lt\/us-canada-movers\/","title":{"rendered":"Top 100 Vidaus &amp; Tarptautiniai Movers JAV &amp; Kanada"},"content":{"rendered":"<p>Toliau pateikiamas 100 did\u017eiausi\u0173 vietini\u0173 ir <a href=\"https:\/\/moverdb.com\/lt\/juda-imones\/\">tarptautin\u0117s perkraustymo \u012fmon\u0117s<\/a> the <a href=\"https:\/\/moverdb.com\/lt\/moving-to-the-united-states\/\" data-internallinksmanager029f6b8e52c=\"94\" title=\"Persik\u0117limas \u012f Jungtines Amerikos Valstijas? 2022 Gyvenimo i\u0161laidos ir persik\u0117limo patarimai\">Jungtin\u0117s Amerikos Valstijos<\/a> ir <a href=\"https:\/\/moverdb.com\/lt\/moving-to-canada\/\" data-internallinksmanager029f6b8e52c=\"265\" title=\"Persik\u0117limas \u012f Kanad\u0105? 2023 m. gyvenimo i\u0161laidos ir persik\u0117limo patarimai\">Kanada<\/a> pagal registruot\u0173 sunkve\u017eimi\u0173 skai\u010di\u0173 j\u0173 parke. <\/p>\n<p>Tik\u0117tina, kad viena i\u0161 \u0161i\u0173 \u012fmoni\u0173 bus tinkama j\u016bs\u0173 tarptautiniam, tolimajam ir (arba) tarpvalstybiniam perkraustymui.<\/p>\n<p><img loading=\"lazy\" decoding=\"async\" width=\"720\" height=\"480\" src=\"https:\/\/moverdb.com\/wp-content\/uploads\/Moving-truck.jpeg\" alt=\"Perkraustymo sunkve\u017eimis\" class=\"aligncenter size-full wp-image-1083\" srcset=\"https:\/\/moverdb.com\/wp-content\/uploads\/Moving-truck.jpeg 720w, https:\/\/moverdb.com\/wp-content\/uploads\/Moving-truck-300x200.jpeg 300w, https:\/\/moverdb.com\/wp-content\/uploads\/Moving-truck-600x400.jpeg 600w\" sizes=\"auto, (max-width: 720px) 100vw, 720px\" \/><\/p>\n<p>Duomenys gauti i\u0161 <a href=\"http:\/\/www.movingcompanyreviews.com\/100-largest-moving-companies-of-the-us-and-canada\" target=\"_blank\" rel=\"noopener\">MovingCompanyReviews.com<\/a> kuriame nurodomas naujausias transporto priemoni\u0173 parko dydis ir kiekvienos \u012fmon\u0117s b\u016bstin\u0117.<\/p>\n<p>Toliau galite perskaityti kiekvienos \u012fmon\u0117s apra\u0161ymus: <\/p>\n<ol>\n<li> <a href=\"https:\/\/moverdb.com\/lt\/united-van-lines\/\"><strong>\"United Van Lines<\/strong><\/a> - Si\u016blo vietinius perve\u017eimus Jungtin\u0117se Valstijose ir Kanadoje bei tarptautinius perve\u017eimus visame pasaulyje.<\/li>\n<li> <a href=\"https:\/\/moverdb.com\/lt\/u-pack-moving\/\"><strong>U-Pack Moving<\/strong><\/a> - \"ABF U-Pack Moving\" savo klientams si\u016blo \u012fvairias perkraustymo, savaranki\u0161ko pakavimo ir i\u0161pakavimo paslaugas JAV, Kanadoje ir Puerto Rike. <\/li>\n<li> <a href=\"https:\/\/moverdb.com\/lt\/atlas-van-lines-international\/\"><strong>\"Atlas Van Lines<\/strong><\/a> - Si\u016blo vietinius perve\u017eimus su \"Atlas Van Lines\" prek\u0117s \u017eenklu ir tarptautinius perve\u017eimus su \"Atlas Van Lines International\" prek\u0117s \u017eenklu. Abi \u012fmon\u0117s priklauso \"Atlas World Group\".<\/li>\n<li> <a href=\"https:\/\/moverdb.com\/lt\/mayflower-transit\/\"><strong>\"Mayflower Transit<\/strong><\/a> - \"Mayflower Transit\" si\u016blo \u012fvairias paslaugas - nuo perkraustymo ir sand\u0117liavimo iki pagal u\u017esakym\u0105 teikiam\u0173 visapusi\u0161k\u0173 tarptautini\u0173 paslaug\u0173. <\/li>\n<li> <a href=\"https:\/\/moverdb.com\/lt\/allied-van-lines\/\"><strong>\"Allied Van Lines<\/strong><\/a> - \"Allied Van Lines Inc\" \u012fsik\u016brusi Fort Wayne, IN, ir savo klientams si\u016blo \u012fvairias paslaugas, \u012fskaitant siunt\u0173 steb\u0117jim\u0105 24 valandas per par\u0105, pagalb\u0105 muitin\u0117je, angli\u0161kai kalban\u010dius darbuotojus abiejose perkraustymo vietose ir pakavimo med\u017eiag\u0173 i\u0161ve\u017eim\u0105.<\/li>\n<li> <a href=\"https:\/\/moverdb.com\/lt\/north-american-van-lines\/\"><strong>\"North American Van Lines<\/strong><\/a> - \"North American Van Lines\" savo klientams si\u016blo tarptautinio, \u012fmoni\u0173 ir vidaus perkraustymo paslaugas.<\/li>\n<li> <a href=\"https:\/\/moverdb.com\/lt\/wheaton\/\"><strong>Wheaton World Wide Moving<\/strong><\/a> - \"Wheaton World Wide Moving\" (buvusi \"Wheaton Van Lines\") savo klientams si\u016blo \u012fvairias paslaugas - nuo tarptautini\u0173 perkraustym\u0173 iki vietini\u0173 perkraustym\u0173.<\/li>\n<li> <a href=\"https:\/\/moverdb.com\/lt\/bekins-van-lines\/\"><strong>\"Bekins Van Lines<\/strong><\/a> - \"Bekins Van Lines\" \u012fsik\u016brusi Indianapolyje, IN. Savo klientams jie si\u016blo \u012fvairias perkraustymo paslaugas, \u012fskaitant tarptautinius perkraustymus ir didel\u0117s vert\u0117s perkraustymus.<\/li>\n<li> <a href=\"https:\/\/moverdb.com\/lt\/graebel-van-lines\/\"><strong>\"Graebel Van Lines<\/strong><\/a> - \"Graebel Van Lines\" pagrindin\u0117 b\u016bstin\u0117 yra Auroroje, CO, o jos klientai - \"Fortune 500\" s\u0105ra\u0161o \u012fmon\u0117s, DEA, FTB, IRS ir CDC.<\/li>\n<li> <a href=\"https:\/\/moverdb.com\/lt\/arpin-van-lines\/\"><strong>\"Arpin Van Lines<\/strong><\/a> - \"Arpin Van Lines\" \u012fsik\u016brusi West Warwick, RI, ir vykdo karinius ir nam\u0173 \u016bkio perve\u017eimus tiek \u0161alies, tiek tarptautiniu mastu. Jie taip pat si\u016blo sand\u0117liavimo paslaugas, pvz., sand\u0117liavimo su kontroliuojamu klimatu ir sand\u0117liavimo konteineriuose paslaugas.<\/li>\n<li> <a href=\"https:\/\/moverdb.com\/lt\/stevens-worldwide-van-lines\/\">\"Stevens Worldwide Van Lines<\/a> - \"Stevens Worldwide Van Lines\" yra \u012fsik\u016brusi Saginaw MI, jie si\u016blo vietinius, i\u0161 valstyb\u0117s, tolimus ir tarptautinius perve\u017eimus nam\u0173 \u016bkiams, \u012fmon\u0117ms, kariuomenei ir dvasininkams.<\/li>\n<li> <a href=\"https:\/\/moverdb.com\/lt\/amj-campbell-van-lines\/\">\"AMJ Campbell Van Lines<\/a> - \"AMJ Campbell Van Lines\" \u012fsik\u016brusi <a href=\"https:\/\/moverdb.com\/lt\/persikelimas-i-toronta\/\">Toronto<\/a>, Kanadoje, ir yra viena did\u017eiausi\u0173 Kanados <a href=\"https:\/\/moverdb.com\/lt\/moving-companies\/\" data-internallinksmanager029f6b8e52c=\"79\" title=\"Top 25 Tarptautin\u0117s perkraustymo \u012fmon\u0117s internete\">perkraustymo \u012fmon\u0117s<\/a> tiek vietiniams, tiek tarptautiniams perkraustymams.<\/li>\n<li> <a href=\"https:\/\/moverdb.com\/lt\/suddath\/\">Suddath<\/a> - \u012emoni\u0173 grup\u0117, teikianti \u012fvairias vidaus ir tarptautinio perkraustymo paslaugas, \u012fskaitant gyventoj\u0173, \u012fmoni\u0173 ir vyriausybini\u0173 \u012fstaig\u0173 perkraustym\u0105.<\/li>\n<li> <a href=\"https:\/\/moverdb.com\/lt\/covan-world-wide\/\">\"Covan WorldWide Moving<\/a> - \"Covan\" turi daugiau nei 200 tarpvalstybini\u0173 ir 600 vietini\u0173 perkraustymo padalini\u0173. Jos misija - b\u016bti tarptautinio perve\u017eimo paslaug\u0173 lydere.<\/li>\n<li> <a href=\"https:\/\/moverdb.com\/lt\/armstrong-relocation\/\">Armstrongo perk\u0117limas<\/a> - \u0160iandien \"Armstrong Relocation\" yra did\u017eiausia \"United Van Lines\" preki\u0173 agent\u0117, turinti 22 biurus JAV.<\/li>\n<li> <a href=\"https:\/\/moverdb.com\/lt\/williams-moving-storage\/\">\"Williams\" perkraustymas ir saugojimas<\/a> - \"Williams Moving and Storage\" - tai Kanados perkraustymo \u012fmon\u0117, perkraustanti asmenis ir \u012fmones tiek vietos, tiek tarptautiniu mastu.<\/li>\n<li> <a href=\"https:\/\/moverdb.com\/lt\/beltmann-relocation\/\">\"Beltmann Relocation Group<\/a> - 1955 m. Battina \u0161eima prad\u0117jo savo veikl\u0105 ir iki \u0161iol j\u0105 valdo \u0161eima. Tai vienas did\u017eiausi\u0173 ir seniausi\u0173 \"North American Van Lines\" agent\u0173.<\/li>\n<li> <a href=\"https:\/\/moverdb.com\/lt\/national-van-lines\/\">\"National Van Lines<\/a> - \u012emon\u0117s \u0161\u016bkis - \"Perkraustyti j\u016bs\u0173 prisiminimus\" - tai priminimas tiek darbuotojams, tiek klientams, kad asmeniniai daiktai yra brang\u016bs ir su jais visada bus elgiamasi r\u016bpestingai.<\/li>\n<li> <a href=\"https:\/\/moverdb.com\/lt\/su-bergeriais-siejamas\/\">\"Berger Allied\" (perve\u017eimas ir saugojimas)<\/a> - \"Berger Transfer and Storage\" veikia nuo 1910 m. Ji dirba su priva\u010diais asmenimis, \u012fmon\u0117mis ir valstybin\u0117mis \u012fstaigomis. <\/li>\n<li> Lawrence Transporto sistemos<\/li>\n<li> <a href=\"https:\/\/moverdb.com\/lt\/mccollisters-perkraustymas\/\">\"McCollister's Transportation Group<\/a> - \"McCollister's\" yra privati \u012fmon\u0117 ir \"UniGroup Inc.\", kuriai priklauso \"United Van Lines\" ir \"Mayflower Transit\", agent\u0117. (\u017er. pirmiau)<\/li>\n<li> <a href=\"https:\/\/moverdb.com\/lt\/coleman-visame-pasaulyje\/\">\"Coleman Worldwide Moving<\/a> - \"Coleman Worldwide Moving\", taip pat \u017einomas kaip \"Coleman American Moving Services\" ir \"Coleman Allied\", si\u016blo tiek vietines JAV, tiek tarptautines perkraustymo paslaugas.<\/li>\n<li> <a href=\"https:\/\/moverdb.com\/lt\/hilldrup-moving-storage\/\">Hilldrup Moving &amp; Storage<\/a> - Si\u016blo tokias paslaugas kaip pagalba persikraustant, persikraustymo valdymas, sand\u0117liavimas, i\u0161vykimo paslaugos, paskirties vietos paslaugos ir kt.<\/li>\n<li> <a href=\"https:\/\/moverdb.com\/lt\/american-red-ball-transit\/\">Amerikos raudonojo kamuolio tranzito bendrov\u0117<\/a> - \u012esik\u016brusi Indianapolyje ir daugiausia d\u0117mesio skiria vidaus paslaugoms JAV.<\/li>\n<li> \"New World Van Lines<\/li>\n<li> Palmer Moving &amp; Storage<\/li>\n<li> Mergenthaler Perve\u017eimas ir saugojimas<\/li>\n<li> \"Scobey Moving and Storage LTD<\/li>\n<li> \"Corrigan\" perkraustymo sistemos<\/li>\n<li> \"Tri Star Freight System<\/li>\n<li> Bad\u0105 ken\u010diantys studentai<\/li>\n<li> A-1 Freeman Perkraustymo \u012fmon\u0117s<\/li>\n<li> Daryl Flood Perk\u0117limas ir logistika<\/li>\n<li> JK Moving &amp; Storage<\/li>\n<li> \"Ace\" perk\u0117limo sistemos<\/li>\n<li> \"Ford Storage &amp; Moving Company<\/li>\n<li> \"Budd Van Lines<\/li>\n<li> \"Planes\" perkraustymas ir saugojimas<\/li>\n<li> \u0160velnus mil\u017einas Perkraustymo kompanija<\/li>\n<li> <a href=\"https:\/\/moverdb.com\/lt\/island-movers\/\">Island Movers<\/a> - Si\u016blo perkraustymo paslaugas \u012f Havaj\u0173 salas ir i\u0161 j\u0173 tiek i\u0161 Jungtini\u0173 Valstij\u0173, tiek tarptautiniu mastu.<\/li>\n<li> Mesa Moving &amp; Storage<\/li>\n<li> Amerikos tarptautiniai perkraustytojai<\/li>\n<li> Amerikos perkraustytojai<\/li>\n<li> \"Arnoff Moving &amp; Storage\",<\/li>\n<li> \"Fidelity Moving &amp; Storage Company<\/li>\n<li> \"Lile International\" bendrov\u0117s<\/li>\n<li> \"Carlyle Van Lines<\/li>\n<li> Tinkamas perkraustytojas<\/li>\n<li> \"Andrews Van Lines<\/li>\n<li> \"Sherwood Van Lines<\/li>\n<li> \"Bisson Moving &amp; Storage<\/li>\n<li> \"Bohren's Moving &amp; Storage\",<\/li>\n<li> \"Select Van &amp; Storage<\/li>\n<li> Brodv\u0117jaus ekspresas<\/li>\n<li> FlatRate Moving<\/li>\n<li> \"Smith Dray Line &amp; Storage<\/li>\n<li> Sourdough Express<\/li>\n<li> South Hills Movers<\/li>\n<li> \"Fisher North American<\/li>\n<li> \"Interstate Van Lines\"\/\"Interstate Worldwide<\/li>\n<li> \u0160iaur\u0117s Amerikos Wardas<\/li>\n<li> Ryt\u0173 <a href=\"https:\/\/moverdb.com\/lt\/moving-to-the-united-states\/moving-to-tennessee\/\" data-internallinksmanager029f6b8e52c=\"406\" title=\"Persik\u0117limas \u012f Tenes\u012f? 2023 m. gyvenimo i\u0161laidos ir persik\u0117limo patarimai\">Tenesis<\/a> Perkraustymas \/ du vyrai ir sunkve\u017eimis<\/li>\n<li> \"Imlach Group<\/li>\n<li> \"Air Van Moving<\/li>\n<li> Paveld\u0117tos transporto paslaugos<\/li>\n<li> Tippet-Richardson<\/li>\n<li> \"Atlantic Relocation Systems<\/li>\n<li> \"Carey Moving &amp; Storage<\/li>\n<li> \"Arnold World Class Relocation<\/li>\n<li> Viljamas B. Mejeris<\/li>\n<li> \"Horizon Moving Systems<\/li>\n<li> Parks Moving &amp; Storage<\/li>\n<li> \"Highland Moving &amp; Storage<\/li>\n<li> \"Delancey Street\" jud\u0117jimas ir transportas<\/li>\n<li> Armstrongo perk\u0117limas<\/li>\n<li> Federalin\u0117s bendrov\u0117s<\/li>\n<li> \"Hoyt's Moving &amp; Storage<\/li>\n<li> \"Johnson\" sand\u0117liavimas ir perkraustymas<\/li>\n<li> \"Nor-Cal\" perkraustymo paslaugos<\/li>\n<li> <a href=\"https:\/\/moverdb.com\/lt\/royal-hawaiian-movers\/\">Karali\u0161kieji Havaj\u0173 Movers<\/a> - \"Royal Hawaiian Movers\" priklauso \"DeWitt\" \u012fmoni\u0173 grupei, si\u016blan\u010diai klientams \u012fvairius vietinius, tarp sal\u0173, \u017eemyno ir tarptautinius perve\u017eimus.<\/li>\n<li> Centrin\u0117 furgonas ir saugykla,<\/li>\n<li> <a href=\"https:\/\/moverdb.com\/lt\/karunos-judinimo\/\">\"Crown Moving Co<\/a> - Dabar u\u017edarytas, \u012fsik\u016br\u0119s <a href=\"https:\/\/moverdb.com\/lt\/moving-to-seattle\/\" data-internallinksmanager029f6b8e52c=\"65\" title=\"Persikraustote \u012f Sietl\u0105? 2023 m. gyvenimo i\u0161laidos ir persik\u0117limo patarimai\">Sietlas<\/a>.<\/li>\n<li> \"Fry-Wagner Moving and Storage Co<\/li>\n<li> B. Von <a href=\"https:\/\/moverdb.com\/lt\/moving-to-france\/moving-to-paris\/\" data-internallinksmanager029f6b8e52c=\"407\" title=\"Persikraustote \u012f Pary\u017ei\u0173? 2023 Gyvenimo i\u0161laidos ir persik\u0117limo patarimai\">Pary\u017eius<\/a> Perkraustymas ir saugojimas<\/li>\n<li> \"O'Brien's Moving &amp; Storage<\/li>\n<li> Perve\u017eimo ir saugojimo \u012fmon\u0117 Piqua Transfer &amp; Storage Company<\/li>\n<li> \"Joyce Van Lines\",<\/li>\n<li> \"Plycon Transportation Group<\/li>\n<li> \"AAA Moving &amp; Storage<\/li>\n<li> \"Aaction Moving &amp; Storage<\/li>\n<li> \"Alero\" perkraustymas ir saugojimas<\/li>\n<li> DMS Moving Systems<\/li>\n<li> George Moving &amp; Storage<\/li>\n<li> \"Glen Ellyn Storage Corporation<\/li>\n<li> \"Piepho\" perkraustymas ir saugojimas<\/li>\n<li> \"Eagle Van Lines<\/li>\n<li> \"Roadrunner\" perkraustymas ir saugojimas<\/li>\n<li> \"Lint Van Lines<\/li>\n<li> Ramiojo vandenyno perdavimas<\/li>\n<li> \"Paxton Van Lines<\/li>\n<\/ol>","protected":false},"excerpt":{"rendered":"<p>Below you will find a list of the top 100 largest domestic and international moving companies the United States and Canada based on the number of registered trucks in their fleet. One of these companies is likely to be the right one for your international, long distance and\/or interstate move. The data comes from MovingCompanyReviews.com [&hellip;]<\/p>\n","protected":false},"author":1,"featured_media":1083,"parent":0,"menu_order":0,"comment_status":"closed","ping_status":"closed","template":"","meta":{"_genesis_hide_title":false,"_genesis_hide_breadcrumbs":false,"_genesis_hide_singular_image":false,"_genesis_hide_footer_widgets":false,"_genesis_custom_body_class":"","_genesis_custom_post_class":"","_genesis_layout":"","footnotes":""},"class_list":{"0":"post-955","1":"page","2":"type-page","3":"status-publish","4":"has-post-thumbnail","6":"entry"},"_links":{"self":[{"href":"https:\/\/moverdb.com\/lt\/wp-json\/wp\/v2\/pages\/955","targetHints":{"allow":["GET"]}}],"collection":[{"href":"https:\/\/moverdb.com\/lt\/wp-json\/wp\/v2\/pages"}],"about":[{"href":"https:\/\/moverdb.com\/lt\/wp-json\/wp\/v2\/types\/page"}],"author":[{"embeddable":true,"href":"https:\/\/moverdb.com\/lt\/wp-json\/wp\/v2\/users\/1"}],"replies":[{"embeddable":true,"href":"https:\/\/moverdb.com\/lt\/wp-json\/wp\/v2\/comments?post=955"}],"version-history":[{"count":40,"href":"https:\/\/moverdb.com\/lt\/wp-json\/wp\/v2\/pages\/955\/revisions"}],"predecessor-version":[{"id":6247,"href":"https:\/\/moverdb.com\/lt\/wp-json\/wp\/v2\/pages\/955\/revisions\/6247"}],"wp:featuredmedia":[{"embeddable":true,"href":"https:\/\/moverdb.com\/lt\/wp-json\/wp\/v2\/media\/1083"}],"wp:attachment":[{"href":"https:\/\/moverdb.com\/lt\/wp-json\/wp\/v2\/media?parent=955"}],"curies":[{"name":"wp","href":"https:\/\/api.w.org\/{rel}","templated":true}]}}