{"id":9525,"date":"2023-06-08T12:37:11","date_gmt":"2023-06-08T12:37:11","guid":{"rendered":"https:\/\/moverdb.com\/?page_id=9525"},"modified":"2026-01-08T15:24:26","modified_gmt":"2026-01-08T15:24:26","slug":"moving-companies-slovenia","status":"publish","type":"page","link":"https:\/\/moverdb.com\/lt\/moving-companies\/moving-companies-slovenia\/","title":{"rendered":"3 geriausios tarptautin\u0117s perkraustymo \u012fmon\u0117s Slov\u0117nijoje"},"content":{"rendered":"<p>Persikraustymas gali kelti daug streso, nes reikia sutvarkyti daugyb\u0119 reikal\u0173, ypa\u010d jei persikraustote \u012f u\u017esien\u012f. Jei planuojate persikraustyti \u012f ar i\u0161 <a href=\"https:\/\/moverdb.com\/lt\/moving-to-slovenia\/\" data-internallinksmanager029f6b8e52c=\"392\" title=\"Persik\u0117limas \u012f Slov\u0117nij\u0105? 2023 Gyvenimo i\u0161laidos ir persik\u0117limo patarimai\">Slov\u0117nija<\/a> tada, jei naudojat\u0117s <a href=\"https:\/\/moverdb.com\/lt\/moving-companies\/\" data-internallinksmanager029f6b8e52c=\"79\" title=\"Top 25 Tarptautin\u0117s perkraustymo \u012fmon\u0117s internete\">perkraustymo \u012fmon\u0117<\/a> gali pad\u0117ti suma\u017einti kr\u016bv\u012f. Toliau pateikiame Slov\u0117nijoje \u012fsik\u016brusi\u0173 <a href=\"https:\/\/moverdb.com\/lt\/international-removals\/\" data-internallinksmanager029f6b8e52c=\"27\" title=\"36 geriausios tarptautinio perkraustymo \u012fmon\u0117s Jungtin\u0117je Karalyst\u0117je\">perkraustymo \u012fmon\u0117s<\/a> kurie yra <a href=\"https:\/\/moverdb.com\/lt\/iam\/\" data-internallinksmanager029f6b8e52c=\"23\" title=\"Tarptautin\u0117s perkraustytoj\u0173 asociacijos (IAM) paai\u0161kinimai\">Tarptautin\u0117 perkraustytoj\u0173 asociacija<\/a> (IAM) ir (arba) <a href=\"https:\/\/moverdb.com\/lt\/fidi-faim\/\" data-internallinksmanager029f6b8e52c=\"16\" title=\"FIDI ir FAIM (FIDI akredituotas tarptautinis perve\u017e\u0117jas) paai\u0161kinimai\">FIDI<\/a> Akredituotas tarptautinis perkraustymas (FAIM), kuris gal\u0117t\u0173 pad\u0117ti jums persikraustyti.<\/p>\n<h2><strong>1. DB Schenker<\/strong><\/h2>\n<p><img loading=\"lazy\" decoding=\"async\" class=\"alignnone size-full wp-image-9351\" src=\"https:\/\/moverdb.com\/wp-content\/uploads\/DB-Schenker-Slovenvia-international-moving-company.png\" alt=\"&quot;DB Schenker Slovenvia&quot; tarptautin\u0117 perkraustymo \u012fmon\u0117\" width=\"1440\" height=\"673\" data-wp-pid=\"9351\" srcset=\"https:\/\/moverdb.com\/wp-content\/uploads\/DB-Schenker-Slovenvia-international-moving-company.png 1440w, https:\/\/moverdb.com\/wp-content\/uploads\/DB-Schenker-Slovenvia-international-moving-company-300x140.png 300w, https:\/\/moverdb.com\/wp-content\/uploads\/DB-Schenker-Slovenvia-international-moving-company-1024x479.png 1024w, https:\/\/moverdb.com\/wp-content\/uploads\/DB-Schenker-Slovenvia-international-moving-company-18x8.png 18w, https:\/\/moverdb.com\/wp-content\/uploads\/DB-Schenker-Slovenvia-international-moving-company-600x280.png 600w\" sizes=\"auto, (max-width: 1440px) 100vw, 1440px\" \/><\/p>\n<ul>\n<li>Nacionaliniai judesiai<\/li>\n<li>Tarptautiniai perkraustymai<\/li>\n<li>Nam\u0173 \u016bkio perkraustymai<\/li>\n<li>\u012emon\u0117s perkraustymai<\/li>\n<li>Individualus pakavimas<\/li>\n<li>Sausumos, gele\u017einkelio, oro ir j\u016br\u0173 krovini\u0173 ve\u017eimas<\/li>\n<li>Muitinis \u012fforminimas<\/li>\n<li>Meno k\u016brini\u0173 tvarkymas<\/li>\n<li>Specializuotas transporto priemoni\u0173 parkas ir \u012franga<\/li>\n<li>Sand\u0117liavimo patalpos<\/li>\n<\/ul>\n<p>\"DB Schenker\" yra pasaulin\u0117 logistikos paslaug\u0173 teik\u0117ja, turinti apie 1850 padalini\u0173 visame pasaulyje, veikianti nuo 1872 m. ir \u012fkurta <a href=\"https:\/\/moverdb.com\/lt\/moving-to-austria\/\" data-internallinksmanager029f6b8e52c=\"343\" title=\"Persik\u0117limas \u012f Austrij\u0105? 2023 Gyvenimo i\u0161laidos ir persik\u0117limo patarimai\">Austrija<\/a>. Slov\u0117nijoje yra kelios j\u0173 buvein\u0117s: Liubliana, Mariboras, Koperis, Brnikas ir Skofja Loka. Jie yra IAM nariai.<\/p>\n<p>\"DB Schenker\" si\u016blo perkraustymo ir perk\u0117limo paslaugas Slov\u0117nijoje, \u012f j\u0105 ir i\u0161 jos. Jos paslaugos apima profesionalias pakavimo paslaugas su specialiai pritaikyta pakuote, kuri yra ekologi\u0161ka. Jie turi nuosav\u0105 perkraustymo transporto priemoni\u0173 su pneumatine pakaba park\u0105 ir pakeliamas platformas j\u016bs\u0173 daiktams perve\u017eti. Jie pasir\u016bpins perve\u017eimu sausuma, gele\u017einkeliu, oru ir j\u016bra, o perkraustymo planus \u012fformins muitin\u0117je.<\/p>\n<p>Interneto svetain\u0117: <a href=\"https:\/\/www.dbschenker.com\/si-en\/products\/removals\" target=\"_blank\" rel=\"noopener\">https:\/\/www.dbschenker.com\/si-en\/products\/removals<\/a><\/p>\n<h2><strong>2. Relocations Ltd<\/strong><\/h2>\n<p><img loading=\"lazy\" decoding=\"async\" class=\"alignnone size-full wp-image-9417\" src=\"https:\/\/moverdb.com\/wp-content\/uploads\/Relocations-Ltd-international-moving-company.png\" alt=\"&quot;Relocations Ltd&quot; tarptautin\u0117 perkraustymo \u012fmon\u0117\" width=\"1440\" height=\"673\" data-wp-pid=\"9417\" srcset=\"https:\/\/moverdb.com\/wp-content\/uploads\/Relocations-Ltd-international-moving-company.png 1440w, https:\/\/moverdb.com\/wp-content\/uploads\/Relocations-Ltd-international-moving-company-300x140.png 300w, https:\/\/moverdb.com\/wp-content\/uploads\/Relocations-Ltd-international-moving-company-1024x479.png 1024w, https:\/\/moverdb.com\/wp-content\/uploads\/Relocations-Ltd-international-moving-company-18x8.png 18w, https:\/\/moverdb.com\/wp-content\/uploads\/Relocations-Ltd-international-moving-company-600x280.png 600w\" sizes=\"auto, (max-width: 1440px) 100vw, 1440px\" \/><\/p>\n<ul>\n<li>Nacionaliniai judesiai<\/li>\n<li>Tarptautiniai perkraustymai<\/li>\n<li>Nam\u0173 \u016bkio perkraustymai<\/li>\n<li>\u012emoni\u0173 perkraustymai<\/li>\n<li>Kokybi\u0161kas pakavimas<\/li>\n<li>Transporto priemon\u0117s<\/li>\n<li>Muitinis \u012fforminimas<\/li>\n<li>Transporto priemoni\u0173 transportavimas<\/li>\n<li>Imigracijos paslaugos<\/li>\n<li>Sand\u0117liavimo patalpos<\/li>\n<\/ul>\n<p>\"Relocations Ltd\" yra 2006 m. \u012fkurta persikraustymo \u012fmon\u0117, \u012fsik\u016brusi Liublianoje. Slov\u0117nijoje ji turi persikraustymo profesional\u0173 komand\u0105 ir naudojasi patikrint\u0173 partneri\u0173 u\u017esienyje paslaugomis, kurie teikia nepriklausomas persikraustymo valdymo koordinavimo paslaugas. Jie yra IAM nariai.<\/p>\n<p>\"Relocations Ltd\" si\u016blo vietin\u0119 pagalb\u0105 arba visas persikraustymo paslaugas, susijusias su persikraustymu Slov\u0117nijoje, \u012f j\u0105 arba i\u0161 jos. Jie teikia paslaugas nam\u0173 \u016bkiams ir \u012fmon\u0117ms, \u012fskaitant transporto priemoni\u0173 transportavim\u0105 ir imigracijos paslaugas. Jie pasir\u016bpins j\u016bs\u0173 daikt\u0173 gabenimu ir muitin\u0117s formalumais. Jie si\u016blo papildomas paslaugas, \u012fskaitant \u012fsik\u016brimo paslaugas, i\u0161vykimo paslaugas, nam\u0173 ir mokykl\u0173 paie\u0161k\u0105, orientavim\u0105, kult\u016brin\u012f mokym\u0105 ir meistr\u0173 paslaugas.<\/p>\n<p>Interneto svetain\u0117: <a href=\"http:\/\/www.relocations.si\" target=\"_blank\" rel=\"noopener\">http:\/\/www.relocations.si<\/a><\/p>\n<h2><strong>3. Vatovec<\/strong><\/h2>\n<p><img loading=\"lazy\" decoding=\"async\" class=\"alignnone size-full wp-image-9443\" src=\"https:\/\/moverdb.com\/wp-content\/uploads\/Vatovec-international-moving-company.png\" alt=\"Vatovec tarptautin\u0117 perkraustymo \u012fmon\u0117\" width=\"1440\" height=\"680\" data-wp-pid=\"9443\" srcset=\"https:\/\/moverdb.com\/wp-content\/uploads\/Vatovec-international-moving-company.png 1440w, https:\/\/moverdb.com\/wp-content\/uploads\/Vatovec-international-moving-company-300x142.png 300w, https:\/\/moverdb.com\/wp-content\/uploads\/Vatovec-international-moving-company-1024x484.png 1024w, https:\/\/moverdb.com\/wp-content\/uploads\/Vatovec-international-moving-company-18x9.png 18w, https:\/\/moverdb.com\/wp-content\/uploads\/Vatovec-international-moving-company-600x283.png 600w\" sizes=\"auto, (max-width: 1440px) 100vw, 1440px\" \/><\/p>\n<ul>\n<li>Nacionaliniai judesiai<\/li>\n<li>Tarptautiniai perk\u0117limai<\/li>\n<li>Nam\u0173 \u016bki\u0173 perk\u0117limas<\/li>\n<li>Biur\u0173 perk\u0117limas<\/li>\n<li>Profesionalios pakavimo paslaugos<\/li>\n<li>Transportas sausuma, oru ir j\u016bra<\/li>\n<li>Muitin\u0117s formalumai<\/li>\n<li>Judantys meno objektai<\/li>\n<li>Smulki\u0173 gyv\u016bn\u0173 ve\u017eimas<\/li>\n<li>Sand\u0117liavimo patalpos<\/li>\n<\/ul>\n<p>\"Vatovec\" - tai 1998 m. \u012fkurta perkraustymo \u012fmon\u0117, \u012fsik\u016brusi Liublianoje. Ji turi kokybi\u0161k\u0173 tarptautini\u0173 partneri\u0173 tinkl\u0105 visame pasaulyje, padedant\u012f vykdyti tarptautinius persikraustymus. Jie yra IAM nariai, dirbantys 25 metus, ir yra akredituoti FIDI.<\/p>\n<p>\"Vatovec\" si\u016blo persikraustymo paslaugas Slov\u0117nijoje, \u012f Slov\u0117nij\u0105 ir i\u0161 jos. Jie teikia profesionalias pakavimo paslaugas, kurios u\u017etikrins, kad j\u016bs\u0173 daiktai b\u016bt\u0173 saugiai supakuoti ir nugabenti \u012f paskirties viet\u0105 sausuma, oru ar j\u016bra, sutvarkius muitin\u0117s formalumus. J\u0173 teikiamos persikraustymo paslaugos apima leidim\u0173 gyventi ir dirbti i\u0161davimo, nam\u0173 ir mokykl\u0173 paie\u0161kos, orientavimosi, remonto meistr\u0173 ir amatinink\u0173 paie\u0161kos paslaugas.<\/p>\n<p>Interneto svetain\u0117: <a href=\"http:\/\/www.vatovec.si\" target=\"_blank\" rel=\"noopener\">http:\/\/www.vatovec.si<\/a><\/p>","protected":false},"excerpt":{"rendered":"<p>Moving can be a stressful time with a lot of things to arrange especially if you are moving overseas. If you are planning a move within, to or from Slovenia then employing the services of a moving company can help lighten the load. Below we have compiled a list of Slovenia based removal companies that [&hellip;]<\/p>\n","protected":false},"author":4,"featured_media":9351,"parent":190,"menu_order":0,"comment_status":"closed","ping_status":"closed","template":"","meta":{"_genesis_hide_title":false,"_genesis_hide_breadcrumbs":false,"_genesis_hide_singular_image":false,"_genesis_hide_footer_widgets":false,"_genesis_custom_body_class":"","_genesis_custom_post_class":"","_genesis_layout":"","footnotes":""},"class_list":{"0":"post-9525","1":"page","2":"type-page","3":"status-publish","4":"has-post-thumbnail","6":"entry"},"_links":{"self":[{"href":"https:\/\/moverdb.com\/lt\/wp-json\/wp\/v2\/pages\/9525","targetHints":{"allow":["GET"]}}],"collection":[{"href":"https:\/\/moverdb.com\/lt\/wp-json\/wp\/v2\/pages"}],"about":[{"href":"https:\/\/moverdb.com\/lt\/wp-json\/wp\/v2\/types\/page"}],"author":[{"embeddable":true,"href":"https:\/\/moverdb.com\/lt\/wp-json\/wp\/v2\/users\/4"}],"replies":[{"embeddable":true,"href":"https:\/\/moverdb.com\/lt\/wp-json\/wp\/v2\/comments?post=9525"}],"version-history":[{"count":1,"href":"https:\/\/moverdb.com\/lt\/wp-json\/wp\/v2\/pages\/9525\/revisions"}],"predecessor-version":[{"id":9526,"href":"https:\/\/moverdb.com\/lt\/wp-json\/wp\/v2\/pages\/9525\/revisions\/9526"}],"up":[{"embeddable":true,"href":"https:\/\/moverdb.com\/lt\/wp-json\/wp\/v2\/pages\/190"}],"wp:featuredmedia":[{"embeddable":true,"href":"https:\/\/moverdb.com\/lt\/wp-json\/wp\/v2\/media\/9351"}],"wp:attachment":[{"href":"https:\/\/moverdb.com\/lt\/wp-json\/wp\/v2\/media?parent=9525"}],"curies":[{"name":"wp","href":"https:\/\/api.w.org\/{rel}","templated":true}]}}