{"id":9523,"date":"2023-06-08T12:38:02","date_gmt":"2023-06-08T12:38:02","guid":{"rendered":"https:\/\/moverdb.com\/?page_id=9523"},"modified":"2026-01-08T15:30:15","modified_gmt":"2026-01-08T15:30:15","slug":"moving-companies-slovakia","status":"publish","type":"page","link":"https:\/\/moverdb.com\/lt\/moving-companies\/moving-companies-slovakia\/","title":{"rendered":"Geriausios tarptautinio perkraustymo \u012fmon\u0117s Slovakijoje"},"content":{"rendered":"<p>Ar ketinate persikelti namo arba savo versl\u0105 \u012f ar i\u0161 <a href=\"https:\/\/moverdb.com\/lt\/moving-to-slovakia\/\" data-internallinksmanager029f6b8e52c=\"338\" title=\"Persik\u0117limas \u012f Slovakij\u0105? 2023 Gyvenimo i\u0161laidos ir persikraustymo patarimai\">Slovakija<\/a>? Jei taip, galb\u016bt nor\u0117site pasinaudoti perkraustymo agento paslaugomis, kad suma\u017eintum\u0117te darbo kr\u016bv\u012f ir stres\u0105. Toliau pateikiame Slovakijos <a href=\"https:\/\/moverdb.com\/lt\/international-removals\/\" data-internallinksmanager029f6b8e52c=\"27\" title=\"36 geriausios tarptautinio perkraustymo \u012fmon\u0117s Jungtin\u0117je Karalyst\u0117je\">perkraustymo \u012fmon\u0117s<\/a> kurie yra <a href=\"https:\/\/moverdb.com\/lt\/iam\/\" data-internallinksmanager029f6b8e52c=\"23\" title=\"Tarptautin\u0117s perkraustytoj\u0173 asociacijos (IAM) paai\u0161kinimai\">Tarptautin\u0117 perkraustytoj\u0173 asociacija<\/a> (IAM) ir (arba) <a href=\"https:\/\/moverdb.com\/lt\/fidi-faim\/\" data-internallinksmanager029f6b8e52c=\"16\" title=\"FIDI ir FAIM (FIDI akredituotas tarptautinis perve\u017e\u0117jas) paai\u0161kinimai\">FIDI<\/a> Akredituot\u0173 tarptautini\u0173 perkraustymo paslaug\u0173 teik\u0117j\u0173 (FAIM), kurie gal\u0117t\u0173 pad\u0117ti jums persikraustyti.<\/p>\n<h2><strong>Santa F\u0117 perk\u0117limas<\/strong><\/h2>\n<p><img loading=\"lazy\" decoding=\"async\" class=\"alignnone size-full wp-image-9422\" src=\"https:\/\/moverdb.com\/wp-content\/uploads\/Santa-Fe-Relocation-Slovakia-international-moving-company.png\" alt=\"Santa Fe Perkraustymas Slovakija tarptautinis persik\u0117limas \u012fmon\u0117\" width=\"1440\" height=\"677\" data-wp-pid=\"9422\" srcset=\"https:\/\/moverdb.com\/wp-content\/uploads\/Santa-Fe-Relocation-Slovakia-international-moving-company.png 1440w, https:\/\/moverdb.com\/wp-content\/uploads\/Santa-Fe-Relocation-Slovakia-international-moving-company-300x141.png 300w, https:\/\/moverdb.com\/wp-content\/uploads\/Santa-Fe-Relocation-Slovakia-international-moving-company-1024x481.png 1024w, https:\/\/moverdb.com\/wp-content\/uploads\/Santa-Fe-Relocation-Slovakia-international-moving-company-18x8.png 18w, https:\/\/moverdb.com\/wp-content\/uploads\/Santa-Fe-Relocation-Slovakia-international-moving-company-600x282.png 600w\" sizes=\"auto, (max-width: 1440px) 100vw, 1440px\" \/><\/p>\n<ul>\n<li>Nacionalinis \u017eingsnis<\/li>\n<li>Tarptautiniai perk\u0117limai<\/li>\n<li>Nam\u0173 \u016bki\u0173 perk\u0117limas<\/li>\n<li>\u012emoni\u0173 perk\u0117limai<\/li>\n<li>Pakavimo paslauga<\/li>\n<li>Oro, j\u016br\u0173 ir keli\u0173 transportas<\/li>\n<li>Muitinis \u012fforminimas<\/li>\n<li>Gyv\u016bno augintinio perk\u0117limas<\/li>\n<li>Vizos ir imigracija<\/li>\n<li>Trumpalaikis ir ilgalaikis saugojimas<\/li>\n<\/ul>\n<p>\"Santa Fe Relocation\" yra tarptautin\u0117 perkraustymo bendrov\u0117, turinti 64 biurus 38 \u0161alyse. Savo biur\u0105 Slovakijoje ji atidar\u0117 2002 m. Bratislavoje. Ji yra IAM nar\u0117, dirbanti 21 metus, ir yra akredituota FIDI.<\/p>\n<p>\"Santa Fe Relocation\" si\u016blo rinktis ap\u017ei\u016br\u0105 namuose arba vaizdo ap\u017ei\u016br\u0105 ir konsultacijas prie\u0161 persikraustym\u0105, kad i\u0161siai\u0161kintum\u0117te savo poreikius. Jie teikia daikt\u0173 ir bald\u0173 pakavimo paslaugas ir pasir\u016bpins j\u0173 gabenimu oro, j\u016br\u0173 ar keli\u0173 transportu su muitin\u0117s formalumais.  Jie si\u016blo \u012fvairias papildomas paslaugas, \u012fskaitant siunt\u0173 apsaug\u0105, sand\u0117liavim\u0105, nam\u0173 ir mokykl\u0173 paie\u0161k\u0105, \u012fsik\u016brimo paslaugas, pagalb\u0105 i\u0161vykstant, namini\u0173 gyv\u016bn\u0117li\u0173 perk\u0117lim\u0105, <a href=\"https:\/\/moverdb.com\/lt\/car-transport-shipping\/\" data-internallinksmanager029f6b8e52c=\"2\" title=\"2026 Tarptautinio automobili\u0173 transporto ir transporto priemoni\u0173 gabenimo citatos\">transporto priemoni\u0173 gabenimas<\/a>, taip pat pagalb\u0105 viz\u0173 ir imigracijos klausimais.<\/p>\n<p>Interneto svetain\u0117: <a href=\"https:\/\/www.santaferelo.com\/en\/contact\/our-offices\/slovakia-bratislava\/\" target=\"_blank\" rel=\"noopener\">https:\/\/www.santaferelo.com\/en\/contact\/our-offices\/slovakia-bratislava\/<\/a><\/p>\n<h2>Kiti naudingi gidai apie Slovakij\u0105<\/h2>\n<ul>\n<li> <a href=\"https:\/\/moverdb.com\/lt\/moving-to-slovakia\/moving-to-slovakia-from-the-uk\/\">Persik\u0117limas \u012f Slovakij\u0105 i\u0161 Jungtin\u0117s Karalyst\u0117s<\/a><\/li>\n<li> <a href=\"https:\/\/moverdb.com\/lt\/moving-to-slovakia\/\">Persik\u0117limas \u012f Slovakij\u0105? 2024 Pragyvenimo i\u0161laidos ir persik\u0117limo patarimai<\/a><\/li>\n<\/ul>","protected":false},"excerpt":{"rendered":"<p>Are you thinking of moving home or your business within, to or from Slovakia? If you are then you may want to enlist the services of a moving agent to reduce the work involved and the stress. Below we have compiled a list of Slovakian removal companies that are members of the International Association of [&hellip;]<\/p>\n","protected":false},"author":4,"featured_media":9422,"parent":190,"menu_order":0,"comment_status":"closed","ping_status":"closed","template":"","meta":{"_genesis_hide_title":false,"_genesis_hide_breadcrumbs":false,"_genesis_hide_singular_image":false,"_genesis_hide_footer_widgets":false,"_genesis_custom_body_class":"","_genesis_custom_post_class":"","_genesis_layout":"","footnotes":""},"class_list":{"0":"post-9523","1":"page","2":"type-page","3":"status-publish","4":"has-post-thumbnail","6":"entry"},"_links":{"self":[{"href":"https:\/\/moverdb.com\/lt\/wp-json\/wp\/v2\/pages\/9523","targetHints":{"allow":["GET"]}}],"collection":[{"href":"https:\/\/moverdb.com\/lt\/wp-json\/wp\/v2\/pages"}],"about":[{"href":"https:\/\/moverdb.com\/lt\/wp-json\/wp\/v2\/types\/page"}],"author":[{"embeddable":true,"href":"https:\/\/moverdb.com\/lt\/wp-json\/wp\/v2\/users\/4"}],"replies":[{"embeddable":true,"href":"https:\/\/moverdb.com\/lt\/wp-json\/wp\/v2\/comments?post=9523"}],"version-history":[{"count":3,"href":"https:\/\/moverdb.com\/lt\/wp-json\/wp\/v2\/pages\/9523\/revisions"}],"predecessor-version":[{"id":17867,"href":"https:\/\/moverdb.com\/lt\/wp-json\/wp\/v2\/pages\/9523\/revisions\/17867"}],"up":[{"embeddable":true,"href":"https:\/\/moverdb.com\/lt\/wp-json\/wp\/v2\/pages\/190"}],"wp:featuredmedia":[{"embeddable":true,"href":"https:\/\/moverdb.com\/lt\/wp-json\/wp\/v2\/media\/9422"}],"wp:attachment":[{"href":"https:\/\/moverdb.com\/lt\/wp-json\/wp\/v2\/media?parent=9523"}],"curies":[{"name":"wp","href":"https:\/\/api.w.org\/{rel}","templated":true}]}}