{"id":9518,"date":"2023-06-08T12:39:44","date_gmt":"2023-06-08T12:39:44","guid":{"rendered":"https:\/\/moverdb.com\/?page_id=9518"},"modified":"2026-01-08T15:24:25","modified_gmt":"2026-01-08T15:24:25","slug":"moving-companies-serbia","status":"publish","type":"page","link":"https:\/\/moverdb.com\/lt\/moving-companies\/moving-companies-serbia\/","title":{"rendered":"3 Geriausios tarptautin\u0117s perkraustymo \u012fmon\u0117s Serbijoje"},"content":{"rendered":"<p>Jei planuojate persikraustym\u0105 Serbijoje, \u012f Serbij\u0105 arba i\u0161 Serbijos, galb\u016bt svarstote galimyb\u0119 pasinaudoti <a href=\"https:\/\/moverdb.com\/lt\/moving-companies\/\" data-internallinksmanager029f6b8e52c=\"79\" title=\"Top 25 Tarptautin\u0117s perkraustymo \u012fmon\u0117s internete\">perkraustymo \u012fmon\u0117<\/a> pad\u0117ti jums pakuojant, transportuojant ir tvarkant dokumentus. Toliau pateikiame Serbijos <a href=\"https:\/\/moverdb.com\/lt\/international-removals\/\" data-internallinksmanager029f6b8e52c=\"27\" title=\"36 geriausios tarptautinio perkraustymo \u012fmon\u0117s Jungtin\u0117je Karalyst\u0117je\">perkraustymo \u012fmon\u0117s<\/a> kurie yra <a href=\"https:\/\/moverdb.com\/lt\/iam\/\" data-internallinksmanager029f6b8e52c=\"23\" title=\"Tarptautin\u0117s perkraustytoj\u0173 asociacijos (IAM) paai\u0161kinimai\">Tarptautin\u0117 perkraustytoj\u0173 asociacija<\/a> (IAM) ir (arba) <a href=\"https:\/\/moverdb.com\/lt\/fidi-faim\/\" data-internallinksmanager029f6b8e52c=\"16\" title=\"FIDI ir FAIM (FIDI akredituotas tarptautinis perve\u017e\u0117jas) paai\u0161kinimai\">FIDI<\/a> Akredituotas tarptautinis perkraustymas (FAIM), kuris gal\u0117t\u0173 pad\u0117ti jums persikraustyti.<\/p>\n<h2><strong>1. Balkan\u0173 perk\u0117limai<\/strong><\/h2>\n<p><img loading=\"lazy\" decoding=\"async\" class=\"alignnone size-full wp-image-9337\" src=\"https:\/\/moverdb.com\/wp-content\/uploads\/Balkan-Relocations-international-moving-company.png\" alt=\"Balkan Relocations tarptautin\u0117 perkraustymo \u012fmon\u0117\" width=\"1440\" height=\"677\" data-wp-pid=\"9337\" srcset=\"https:\/\/moverdb.com\/wp-content\/uploads\/Balkan-Relocations-international-moving-company.png 1440w, https:\/\/moverdb.com\/wp-content\/uploads\/Balkan-Relocations-international-moving-company-300x141.png 300w, https:\/\/moverdb.com\/wp-content\/uploads\/Balkan-Relocations-international-moving-company-1024x481.png 1024w, https:\/\/moverdb.com\/wp-content\/uploads\/Balkan-Relocations-international-moving-company-18x8.png 18w, https:\/\/moverdb.com\/wp-content\/uploads\/Balkan-Relocations-international-moving-company-600x282.png 600w\" sizes=\"auto, (max-width: 1440px) 100vw, 1440px\" \/><\/p>\n<ul>\n<li>Vietiniai perkraustymai<\/li>\n<li>Tarptautiniai perkraustymai<\/li>\n<li>Nam\u0173 \u016bkio perkraustymai<\/li>\n<li>\u012emoni\u0173 perkraustymai<\/li>\n<li>Pakavimo parinktys<\/li>\n<li>Sausumos, j\u016br\u0173 ir oro transportas<\/li>\n<li>Muitin\u0117s paslaugos<\/li>\n<li>Gyv\u016bn\u0173 augintini\u0173 judesiai<\/li>\n<li>Draudimas<\/li>\n<li>Sand\u0117liavimo patalpos<\/li>\n<\/ul>\n<p>\"Balkan Relocations\" - tai persikraustymo, logistikos ir transporto paslaugos, teikiamos Belgrade. Jie priklauso pasauliniam perkraustymo agent\u0173 ir paslaug\u0173 partneri\u0173, kurie padeda teikti paslaugas u\u017e Serbijos rib\u0173, tinklui. Jie yra IAM nariai, dirbantys \u0161e\u0161erius metus.<\/p>\n<p>\"Balkan Relocations\" si\u016blo perkraustymo nuo dur\u0173 iki dur\u0173 paslaug\u0105, kuri\u0105 galima pasirinkti i\u0161 \u0161i\u0173 pakavimo variant\u0173: tik trapi\u0173 daikt\u0173 pakavimas, savaranki\u0161kas pakavimas su pakavimo med\u017eiagomis ir pilno pakavimo paslauga. Jie teikia perve\u017eimo paslaugas visame pasaulyje ant\u017eeminiu, j\u016br\u0173 ar oro transportu, teikia muitin\u0117s pagalb\u0105 ir draudim\u0105. Jie taip pat si\u016blo montavimo ir surinkimo paslaugas, gyv\u016bn\u0173 perkraustymo, persikraustymo paslaugas ir pagalb\u0105 imigracijos klausimais.<\/p>\n<p>Interneto svetain\u0117: <a href=\"http:\/\/www.balkanrelocations.com\" target=\"_blank\" rel=\"noopener\">http:\/\/www.balkanrelocations.com<\/a><\/p>\n<h2><strong>2. Orf\u0117ja Beinoglou<\/strong><\/h2>\n<p><img loading=\"lazy\" decoding=\"async\" class=\"alignnone size-full wp-image-9408\" src=\"https:\/\/moverdb.com\/wp-content\/uploads\/Orphee-Beinoglou-Serbia-international-moving-company.png\" alt=\"Orphee Beinoglou Serbija tarptautin\u0117 perkraustymo \u012fmon\u0117\" width=\"1440\" height=\"680\" data-wp-pid=\"9408\" srcset=\"https:\/\/moverdb.com\/wp-content\/uploads\/Orphee-Beinoglou-Serbia-international-moving-company.png 1440w, https:\/\/moverdb.com\/wp-content\/uploads\/Orphee-Beinoglou-Serbia-international-moving-company-300x142.png 300w, https:\/\/moverdb.com\/wp-content\/uploads\/Orphee-Beinoglou-Serbia-international-moving-company-1024x484.png 1024w, https:\/\/moverdb.com\/wp-content\/uploads\/Orphee-Beinoglou-Serbia-international-moving-company-18x9.png 18w, https:\/\/moverdb.com\/wp-content\/uploads\/Orphee-Beinoglou-Serbia-international-moving-company-600x283.png 600w\" sizes=\"auto, (max-width: 1440px) 100vw, 1440px\" \/><\/p>\n<ul>\n<li>Vietiniai ir nacionaliniai perkraustymai<\/li>\n<li>Tarptautiniai perkraustymai<\/li>\n<li>Nam\u0173 \u016bkio perkraustymai<\/li>\n<li>Biuro perkraustymai<\/li>\n<li>Paslauga \"nuo dur\u0173 iki dur\u0173<\/li>\n<li>Pakavimo paslauga<\/li>\n<li>J\u016br\u0173, oro ir sausumos transportas<\/li>\n<li>Muitinis \u012fforminimas<\/li>\n<li>Draudimas<\/li>\n<li>Saugojimo paslaugos<\/li>\n<\/ul>\n<p>\"Orphee Beinoglou\" yra krovini\u0173 ve\u017eimo ir logistikos paslaug\u0173 teik\u0117ja, \u012fkurta 1923 m. <a href=\"https:\/\/moverdb.com\/lt\/moving-to-greece\/\" data-internallinksmanager029f6b8e52c=\"353\" title=\"Persik\u0117limas \u012f Graikij\u0105? 2023 Gyvenimo i\u0161laidos ir persik\u0117limo patarimai\">Graikija<\/a> su dukterin\u0117mis \u012fmon\u0117mis Balkanuose ir rytin\u0117je Vidur\u017eemio j\u016bros regiono dalyje. J\u0173 biuras Serbijoje yra Belgrade. Teikdami paslaugas kitose \u0161alyse, jie naudojasi pasauliniu tinklu. Jie yra IAM nariai, dirbantys ketverius metus.<\/p>\n<p>\"Orphee Beinglou\" si\u016blo asmenines perkraustymo nuo dur\u0173 iki dur\u0173 paslaugas ir prie\u0161 persikraustym\u0105 atliekam\u0105 apklaus\u0105, kuri pad\u0117s suplanuoti j\u016bs\u0173 persikraustym\u0105. Jie teikia pakavimo paslaugas naudodami specializuotas pakavimo med\u017eiagas ir apmokytas komandas. Prie\u0161 pristatydami j\u016bs\u0173 daiktus ir pad\u0117dami juos i\u0161pakuoti, jie gabens j\u016bs\u0173 daiktus j\u016bra, oru arba sausuma ir pad\u0117s atlikti muitin\u0117s formalumus.<\/p>\n<p>Interneto svetain\u0117: <a href=\"https:\/\/orbit.rs\" target=\"_blank\" rel=\"noopener\">https:\/\/orbit.rs<\/a><\/p>\n<h2><strong>3. Vizija 4 Logistika<\/strong><\/h2>\n<p><img loading=\"lazy\" decoding=\"async\" class=\"alignnone size-full wp-image-9444\" src=\"https:\/\/moverdb.com\/wp-content\/uploads\/Vision-4-Logistics-international-moving-company.png\" alt=\"&quot;Vision 4 Logistics&quot; tarptautin\u0117 perkraustymo \u012fmon\u0117\" width=\"1440\" height=\"678\" data-wp-pid=\"9444\" srcset=\"https:\/\/moverdb.com\/wp-content\/uploads\/Vision-4-Logistics-international-moving-company.png 1440w, https:\/\/moverdb.com\/wp-content\/uploads\/Vision-4-Logistics-international-moving-company-300x141.png 300w, https:\/\/moverdb.com\/wp-content\/uploads\/Vision-4-Logistics-international-moving-company-1024x482.png 1024w, https:\/\/moverdb.com\/wp-content\/uploads\/Vision-4-Logistics-international-moving-company-18x8.png 18w, https:\/\/moverdb.com\/wp-content\/uploads\/Vision-4-Logistics-international-moving-company-600x283.png 600w\" sizes=\"auto, (max-width: 1440px) 100vw, 1440px\" \/><\/p>\n<ul>\n<li>Vietiniai perkraustymai<\/li>\n<li>Tarptautiniai perkraustymai<\/li>\n<li>Nam\u0173 \u016bkio perkraustymai<\/li>\n<li>\u012emoni\u0173 perkraustymai<\/li>\n<li>Paslauga \"nuo dur\u0173 iki dur\u0173<\/li>\n<li>Krovini\u0173 gabenimas j\u016bra, keliais, gele\u017einkeliais ir oru<\/li>\n<li>\u012ekrovos parink\u010di\u0173 pasirinkimas<\/li>\n<li>Muitin\u0117s tarpininkavimas<\/li>\n<li>Vis\u0173 rizik\u0173 draudimas<\/li>\n<li>Sand\u0117liavimo patalpos<\/li>\n<\/ul>\n<p>\"Vision 4 Logistics\" yra 2018 m. \u012fsteigta krovini\u0173 ekspedijavimo \u012fmon\u0117, \u012fsik\u016brusi Belgrade. Ji teikia tarptautini\u0173 perve\u017eim\u0173 paslaugas per savo atrinkt\u0173 agent\u0173 tinkl\u0105 visame pasaulyje. Jie yra IAM nariai, dirbantys penkerius metus.<\/p>\n<p>\"Vision 4 Logistics\" teikia vietini\u0173 ir tarptautini\u0173 perkraustym\u0173 nuo dur\u0173 iki dur\u0173 paslaugas. Jie turi profesionalius darbuotojus ir \u012frang\u0105, skirt\u0105 nam\u0173 \u016bkiams ir verslo klientams perkraustyti. Jie si\u016blo gele\u017einkelio, oro, keli\u0173 ir j\u016br\u0173 transport\u0105, kuris apima piln\u0105 konteineri\u0173 krovin\u012f, ma\u017eesn\u012f nei konteineri\u0173 krovin\u012f, piln\u0105 sunkve\u017eimi\u0173 krovin\u012f ir ma\u017eesn\u012f nei sunkve\u017eimi\u0173 krovin\u012f. Prevenci\u0161kai jie teikia vis\u0173 rizik\u0173 draudim\u0105.<\/p>\n<p>Interneto svetain\u0117: <a href=\"http:\/\/www.v4l.rs\" target=\"_blank\" rel=\"noopener\">http:\/\/www.v4l.rs<\/a><\/p>","protected":false},"excerpt":{"rendered":"<p>If you are planning a move within, to or from Serbia, you may be considering employing the services of a moving company to assist you with packing, transportation and documentation. Below we have compiled a list of Serbian removal companies that are members of the International Association of Movers (IAM) and\/or FIDI Accredited International Mover [&hellip;]<\/p>\n","protected":false},"author":4,"featured_media":9337,"parent":190,"menu_order":0,"comment_status":"closed","ping_status":"closed","template":"","meta":{"_genesis_hide_title":false,"_genesis_hide_breadcrumbs":false,"_genesis_hide_singular_image":false,"_genesis_hide_footer_widgets":false,"_genesis_custom_body_class":"","_genesis_custom_post_class":"","_genesis_layout":"","footnotes":""},"class_list":{"0":"post-9518","1":"page","2":"type-page","3":"status-publish","4":"has-post-thumbnail","6":"entry"},"_links":{"self":[{"href":"https:\/\/moverdb.com\/lt\/wp-json\/wp\/v2\/pages\/9518","targetHints":{"allow":["GET"]}}],"collection":[{"href":"https:\/\/moverdb.com\/lt\/wp-json\/wp\/v2\/pages"}],"about":[{"href":"https:\/\/moverdb.com\/lt\/wp-json\/wp\/v2\/types\/page"}],"author":[{"embeddable":true,"href":"https:\/\/moverdb.com\/lt\/wp-json\/wp\/v2\/users\/4"}],"replies":[{"embeddable":true,"href":"https:\/\/moverdb.com\/lt\/wp-json\/wp\/v2\/comments?post=9518"}],"version-history":[{"count":1,"href":"https:\/\/moverdb.com\/lt\/wp-json\/wp\/v2\/pages\/9518\/revisions"}],"predecessor-version":[{"id":9519,"href":"https:\/\/moverdb.com\/lt\/wp-json\/wp\/v2\/pages\/9518\/revisions\/9519"}],"up":[{"embeddable":true,"href":"https:\/\/moverdb.com\/lt\/wp-json\/wp\/v2\/pages\/190"}],"wp:featuredmedia":[{"embeddable":true,"href":"https:\/\/moverdb.com\/lt\/wp-json\/wp\/v2\/media\/9337"}],"wp:attachment":[{"href":"https:\/\/moverdb.com\/lt\/wp-json\/wp\/v2\/media?parent=9518"}],"curies":[{"name":"wp","href":"https:\/\/api.w.org\/{rel}","templated":true}]}}