{"id":9508,"date":"2023-06-08T12:43:53","date_gmt":"2023-06-08T12:43:53","guid":{"rendered":"https:\/\/moverdb.com\/?page_id=9508"},"modified":"2026-01-08T15:30:14","modified_gmt":"2026-01-08T15:30:14","slug":"moving-companies-puerto-rico","status":"publish","type":"page","link":"https:\/\/moverdb.com\/lt\/moving-companies\/moving-companies-puerto-rico\/","title":{"rendered":"Geriausios tarptautin\u0117s perkraustymo \u012fmon\u0117s Puerto Rike"},"content":{"rendered":"<p>Kai persikraustote, reikia daug k\u0105 organizuoti, tod\u0117l daugelis \u017emoni\u0173 naudojasi <a href=\"https:\/\/moverdb.com\/lt\/moving-companies\/\" data-internallinksmanager029f6b8e52c=\"79\" title=\"Top 25 Tarptautin\u0117s perkraustymo \u012fmon\u0117s internete\">perkraustymo \u012fmon\u0117<\/a> suma\u017einti persikraustymo stres\u0105. Toliau pateikiame Puerto Rike \u012fsik\u016brusi\u0173 <a href=\"https:\/\/moverdb.com\/lt\/international-removals\/\" data-internallinksmanager029f6b8e52c=\"27\" title=\"36 geriausios tarptautinio perkraustymo \u012fmon\u0117s Jungtin\u0117je Karalyst\u0117je\">perkraustymo \u012fmon\u0117s<\/a> kurie yra <a href=\"https:\/\/moverdb.com\/lt\/iam\/\" data-internallinksmanager029f6b8e52c=\"23\" title=\"Tarptautin\u0117s perkraustytoj\u0173 asociacijos (IAM) paai\u0161kinimai\">Tarptautin\u0117 perkraustytoj\u0173 asociacija<\/a> (IAM) ir (arba) <a href=\"https:\/\/moverdb.com\/lt\/fidi-faim\/\" data-internallinksmanager029f6b8e52c=\"16\" title=\"FIDI ir FAIM (FIDI akredituotas tarptautinis perve\u017e\u0117jas) paai\u0161kinimai\">FIDI<\/a> Akredituoti tarptautiniai perkraustymo paslaug\u0173 teik\u0117jai (FAIM), kurie gal\u0117t\u0173 pad\u0117ti jums persikraustyti<\/p>\n<h2><strong>La Rosa del Monte<\/strong><\/h2>\n<p><img loading=\"lazy\" decoding=\"async\" class=\"alignnone size-full wp-image-9392\" src=\"https:\/\/moverdb.com\/wp-content\/uploads\/La-Rosa-del-Monte-international-moving-company.png\" alt=\"La Rosa del Monte tarptautin\u0117 perkraustymo \u012fmon\u0117\" width=\"1440\" height=\"684\" data-wp-pid=\"9392\" srcset=\"https:\/\/moverdb.com\/wp-content\/uploads\/La-Rosa-del-Monte-international-moving-company.png 1440w, https:\/\/moverdb.com\/wp-content\/uploads\/La-Rosa-del-Monte-international-moving-company-300x143.png 300w, https:\/\/moverdb.com\/wp-content\/uploads\/La-Rosa-del-Monte-international-moving-company-1024x486.png 1024w, https:\/\/moverdb.com\/wp-content\/uploads\/La-Rosa-del-Monte-international-moving-company-18x9.png 18w, https:\/\/moverdb.com\/wp-content\/uploads\/La-Rosa-del-Monte-international-moving-company-600x285.png 600w\" sizes=\"auto, (max-width: 1440px) 100vw, 1440px\" \/><\/p>\n<ul>\n<li>Vietiniai ir nacionaliniai perkraustymai<\/li>\n<li>Tarptautiniai perkraustymai<\/li>\n<li>Gyvenam\u0173j\u0173 nam\u0173 perkraustymai<\/li>\n<li>Komerciniai perkraustymai<\/li>\n<li>Paslauga \"nuo dur\u0173 iki dur\u0173<\/li>\n<li>Pakavimo paslauga<\/li>\n<li>Sausumos, j\u016br\u0173 ir oro transportas<\/li>\n<li>Daili\u0173j\u0173 men\u0173 tvarkymas<\/li>\n<li><a href=\"https:\/\/moverdb.com\/lt\/car-transport-shipping\/\" data-internallinksmanager029f6b8e52c=\"2\" title=\"2026 Tarptautinio automobili\u0173 transporto ir transporto priemoni\u0173 gabenimo citatos\">Transporto priemoni\u0173 gabenimas<\/a><\/li>\n<li>Sand\u0117liavimo patalpos<\/li>\n<\/ul>\n<p>\"La Rosa del Monte\" yra tarptautin\u0117 perkraustymo \u012fmon\u0117, turinti 50 met\u0173 istorij\u0105 ir biurus visoje Amerikoje, taip pat Toa Baja Puerto Rike ir <a href=\"https:\/\/moverdb.com\/lt\/moving-companies\/moving-companies-dominican-republic\/\" data-internallinksmanager029f6b8e52c=\"216\" title=\"6 Geriausios tarptautin\u0117s perkraustymo \u012fmon\u0117s Dominikos Respublikoje\">Dominikos Respublika<\/a>. Jie dirba laikydamiesi auk\u0161t\u0173 standart\u0173 ir bendradarbiauja su kitais agentais visame pasaulyje, kurie dirba laikydamiesi pana\u0161i\u0173 standart\u0173 ir teikia paslaugas tarptautiniu mastu. Jie yra IAM nariai, dirbantys 52 metus, ir yra akredituoti FIDI.<\/p>\n<p>\"La Rosa del Monte\" si\u016blo individualias perkraustymo nuo dur\u0173 iki dur\u0173 arba nuo dur\u0173 iki dur\u0173 paslaugas.<a href=\"https:\/\/moverdb.com\/lt\/top-49-container-ports\/\" data-internallinksmanager029f6b8e52c=\"80\" title=\"49 did\u017eiausi ir labiausiai apkrauti konteineri\u0173 uostai 2025 m.\">uostas<\/a> arba atvirk\u0161\u010diai. Jie si\u016blo pakavimo paslaugas, kurias teikia profesional\u016bs ir patyr\u0119 darbuotojai, saugiai supakuosiantys j\u016bs\u0173 daiktus, kad juos b\u016bt\u0173 galima gabenti sausuma, oru ar j\u016bra.<\/p>\n<p>Interneto svetain\u0117: <a href=\"http:\/\/www.larosadelmonte.com\/\" target=\"_blank\" rel=\"noopener\">http:\/\/www.larosadelmonte.com\/<\/a><\/p>","protected":false},"excerpt":{"rendered":"<p>When you are moving there is so much to organise which is why so many people engage the services of a moving company to reduce the stress of moving. Below we have compiled a list of Puerto Rico based removal companies that are members of the International Association of Movers (IAM) and\/or FIDI Accredited International [&hellip;]<\/p>\n","protected":false},"author":4,"featured_media":9392,"parent":190,"menu_order":0,"comment_status":"closed","ping_status":"closed","template":"","meta":{"_genesis_hide_title":false,"_genesis_hide_breadcrumbs":false,"_genesis_hide_singular_image":false,"_genesis_hide_footer_widgets":false,"_genesis_custom_body_class":"","_genesis_custom_post_class":"","_genesis_layout":"","footnotes":""},"class_list":{"0":"post-9508","1":"page","2":"type-page","3":"status-publish","4":"has-post-thumbnail","6":"entry"},"_links":{"self":[{"href":"https:\/\/moverdb.com\/lt\/wp-json\/wp\/v2\/pages\/9508","targetHints":{"allow":["GET"]}}],"collection":[{"href":"https:\/\/moverdb.com\/lt\/wp-json\/wp\/v2\/pages"}],"about":[{"href":"https:\/\/moverdb.com\/lt\/wp-json\/wp\/v2\/types\/page"}],"author":[{"embeddable":true,"href":"https:\/\/moverdb.com\/lt\/wp-json\/wp\/v2\/users\/4"}],"replies":[{"embeddable":true,"href":"https:\/\/moverdb.com\/lt\/wp-json\/wp\/v2\/comments?post=9508"}],"version-history":[{"count":1,"href":"https:\/\/moverdb.com\/lt\/wp-json\/wp\/v2\/pages\/9508\/revisions"}],"predecessor-version":[{"id":9509,"href":"https:\/\/moverdb.com\/lt\/wp-json\/wp\/v2\/pages\/9508\/revisions\/9509"}],"up":[{"embeddable":true,"href":"https:\/\/moverdb.com\/lt\/wp-json\/wp\/v2\/pages\/190"}],"wp:featuredmedia":[{"embeddable":true,"href":"https:\/\/moverdb.com\/lt\/wp-json\/wp\/v2\/media\/9392"}],"wp:attachment":[{"href":"https:\/\/moverdb.com\/lt\/wp-json\/wp\/v2\/media?parent=9508"}],"curies":[{"name":"wp","href":"https:\/\/api.w.org\/{rel}","templated":true}]}}