{"id":945,"date":"2016-09-03T20:39:51","date_gmt":"2016-09-03T20:39:51","guid":{"rendered":"http:\/\/moverdb.com\/?page_id=945"},"modified":"2026-01-08T14:48:12","modified_gmt":"2026-01-08T14:48:12","slug":"dt-judantis","status":"publish","type":"page","link":"https:\/\/moverdb.com\/lt\/dt-moving\/","title":{"rendered":"DT Moving: Tarptautinis perk\u0117limas ir perkraustymas Atsiliepimai"},"content":{"rendered":"<p>\"DT Moving\" yra <a href=\"https:\/\/moverdb.com\/lt\/moving-to-the-uk\/\" data-internallinksmanager029f6b8e52c=\"93\" title=\"Persik\u0117limas \u012f Jungtin\u0119 Karalyst\u0119? 2022 Gyvenimo i\u0161laidos ir persikraustymo patarimai\">JK<\/a> remiantis <a href=\"https:\/\/moverdb.com\/lt\/moving-companies\/\" data-internallinksmanager029f6b8e52c=\"79\" title=\"Top 25 Tarptautin\u0117s perkraustymo \u012fmon\u0117s internete\">tarptautin\u0117 perkraustymo \u012fmon\u0117<\/a> kuri savo klientams si\u016blo vis\u0105 spektr\u0105 paslaug\u0173, kurios i\u0161vardytos toliau, kartu su \u012fmon\u0117s profiliu ir atsiliepimais.<\/p>\n<p><strong><a href=\"https:\/\/moverdb.com\/lt\/international-removals\/\" data-internallinksmanager029f6b8e52c=\"27\" title=\"36 geriausios tarptautinio perkraustymo \u012fmon\u0117s Jungtin\u0117je Karalyst\u0117je\">Tarptautinis perkraustymas<\/a><\/strong><\/p>\n<ul>\n<li> Prie\u0161 persikraustym\u0105 atliekama apklausa, pasi\u016blymas ir i\u0161tekliai<\/li>\n<li> Pakavimas gyvenamojoje vietoje<\/li>\n<li> Gabenimas oru, j\u016bra arba keliais<\/li>\n<li> Sutvarkytas draudimas<\/li>\n<li> nuolatin\u0117s paslaugos, \u012fskaitant perkraustymo vadybinink\u0105 ir steb\u0117jimo paslaug\u0105<\/li>\n<li> Pristatymas \u012f gyvenam\u0105j\u0105 viet\u0105<\/li>\n<li> i\u0161kraukite prekes i\u0161 konteinerio \/ sunkve\u017eimio \/ lagamino ir sud\u0117kite jas \u012f pasirinkt\u0105 patalp\u0105.<\/li>\n<li> Jei reikia, naudokite apsaugines med\u017eiagas grindims ir sienoms pri\u017ei\u016br\u0117ti.<\/li>\n<li> sutikrinkite kiekvien\u0105 pristatyt\u0105 prek\u0119 su pirminiu pakuot\u0117s inventoriumi (kad b\u016bt\u0173 atsi\u017evelgta \u012f kiekvien\u0105 pakuot\u0119).<\/li>\n<li> I\u0161vyniokite vis\u0105 popieri\u0173, pamink\u0161tinimus ir kartono pakavimo med\u017eiagas, tada i\u0161imkite ir atiduokite perdirbti.<\/li>\n<li> U\u017e jus i\u0161 naujo surinksime visus i\u0161 anksto nurodytus daiktus, tod\u0117l r\u016bpintis reik\u0117s vienu dalyku ma\u017eiau. Taip pat galime pasir\u016bpinti, kad meistras pad\u0117t\u0173 atlikti papildomus darbus, jei to reikia.<\/li>\n<li> leisti jums patikrinti inventori\u0173, element\u0105 po elemento, ir pasira\u0161yti, kai esate patenkintas pristatymu.<\/li>\n<li> Muitinis \u012fforminimas<\/li>\n<\/ul>\n<p><strong>Paskirties paslaugos<\/strong><\/p>\n<ul>\n<li> Nam\u0173 nuomos paie\u0161ka<\/li>\n<li> Mokykl\u0173 paie\u0161ka<\/li>\n<li> Orientacin\u0117 kelion\u0117<\/li>\n<li> \u012esik\u016brimas<\/li>\n<li> Kult\u016brinis mokymas<\/li>\n<li> Sutuoktinio i\u0161laikymas<\/li>\n<li> Bald\u0173 nuoma<\/li>\n<li> Laikinas apgyvendinimas<\/li>\n<li> I\u0161vykimo paslaugos<\/li>\n<li> Konsultacijos mokes\u010di\u0173 ir imigracijos klausimais<\/li>\n<\/ul>\n<p><strong>Daili\u0173j\u0173 men\u0173 ir antikvarini\u0173 daikt\u0173<\/strong><\/p>\n<ul>\n<li> Kiekvienam klientui pritaikytos paslaugos<\/li>\n<li> Konsultavimo paslaugos<\/li>\n<li> organizuoti vie\u0161bu\u010dius ir kt., kad b\u016bt\u0173 galima pirkti \/ pristatyti kelion\u0119<\/li>\n<li> Antikvarin\u0117 kolekcija<\/li>\n<li> Pakavimo paslauga<\/li>\n<li> Pristatymas<\/li>\n<li> Draudimas<\/li>\n<\/ul>\n<p><strong>Saugykla<\/strong><\/p>\n<ul>\n<li> Jungtin\u0117 Karalyst\u0117 ir <a href=\"https:\/\/moverdb.com\/lt\/moving-to-france\/\" data-internallinksmanager029f6b8e52c=\"315\" title=\"Persik\u0117limas \u012f Pranc\u016bzij\u0105? 2023 Gyvenimo i\u0161laidos ir persik\u0117limo patarimai\">Pranc\u016bzija<\/a> - trumpalaikis ir ilgalaikis saugojimas specialiai pastatytuose sand\u0117liavimo konteineriuose.<\/li>\n<li> 24 valandas per par\u0105 veikianti apsauga ir kodin\u0117 prieiga<\/li>\n<li> Kontroliuojama temperat\u016bra<\/li>\n<li> Prie\u0161gaisrin\u0117 apsauga ir ginkluota sprinklerin\u0117 sistema<\/li>\n<li> Likusioje pasaulio dalyje - tinklo partneriai u\u017etikrins saugi\u0105 saugykl\u0105<\/li>\n<\/ul>\n<p><strong>Pagalbin\u0117s paslaugos<\/strong><\/p>\n<ul>\n<li> Rankdarbiai (bald\u0173, \u012frangos, lentyn\u0173, kit\u0173 daikt\u0173 i\u0161montavimas ir surinkimas)<\/li>\n<li> Paveiksl\u0173 kabinimas<\/li>\n<li> Specialus \u012fpakavimas (trapiems ar didel\u0117s vert\u0117s daiktams)<\/li>\n<li> Nam\u0173 valymas<\/li>\n<li> Kambarin\u0117s paslaugos (i\u0161pakavimas, skalbimas, skalbini\u0173 tvarkymas) <a href=\"https:\/\/moverdb.com\/lt\/moving-to-china\/\" data-internallinksmanager029f6b8e52c=\"357\" title=\"Persik\u0117limas \u012f Kinij\u0105? 2023 m. pragyvenimo i\u0161laidos ir persik\u0117limo patarimai\">Kinija<\/a>, stiklo gaminiai, drabu\u017eiai, \u012fvair\u016bs nam\u0173 apyvokos reikmenys)<\/li>\n<li> Elektrikas arba santechnikas<\/li>\n<li> Palydovin\u0117s televizijos antenos demontavimas ir montavimas<\/li>\n<li> Specializuotas \"saugus\" pa\u0161alinimas<\/li>\n<li> Lang\u0173 ir dur\u0173 r\u0117m\u0173 nu\u0117mimas ir pakartotinis montavimas<\/li>\n<li> I\u0161orinis liftas (specializuotas keltuvas), kuriuo galima patekti \u012f gyvenam\u0105j\u0105 viet\u0105 pro vir\u0161utinio auk\u0161to lang\u0105 arba balkon\u0105<\/li>\n<li> Bald\u0173 nuoma<\/li>\n<li> Bald\u0173 restauravimas ir remontas<\/li>\n<li> Automobili\u0173 saugykla<\/li>\n<\/ul>\n<h2>DT Moving Company profilis<\/h2>\n<p>\"DT Moving\" anks\u010diau buvo \u017einoma kaip \"David Turner Worldwide Movers\" ir jau nuo 1870 m. perve\u017ea \u017emones visame pasaulyje. \u012emon\u0119 \u012fk\u016brusi \u0161eima tebedirba \u0161ioje \u012fmon\u0117je, kuri visame pasaulyje perve\u017ea auk\u0161to lygio korporacijas ir priva\u010dius asmenis. <\/p>\n<p>\"DT Moving\" turi biurus tiek <a href=\"https:\/\/moverdb.com\/lt\/moving-to-london\/\">Londonas<\/a> ir <a href=\"https:\/\/moverdb.com\/lt\/moving-to-france\/moving-to-paris\/\" data-internallinksmanager029f6b8e52c=\"407\" title=\"Persikraustote \u012f Pary\u017ei\u0173? 2023 Gyvenimo i\u0161laidos ir persik\u0117limo patarimai\">Pary\u017eius<\/a>. Jie did\u017eiuojasi savo patirtimi ir s\u0105\u017einingumu ir teigia, kad kiekvienas j\u0173 darbuotojas vidutini\u0161kai dirba apie 15 met\u0173. \u012emon\u0117s vertyb\u0117s - paslaug\u0173 kokyb\u0117, atsakomyb\u0117, reikalavim\u0173 laikymasis ir nuolatinis tobul\u0117jimas.<\/p>\n<p>\"DT Moving\" sako, kad tur\u0117jo <strong>97% klient\u0173 pasitenkinimas<\/strong> 2015 m. reitingas buvo didesnis nei 2014 m., kai jis siek\u0117 95%.<\/p>\n<p>\"DT Moving\" turi \u0161ias akreditacijas ir naryst\u0119:<\/p>\n<ul>\n<li> FAIMPLUS akreditacija; nepriklausom\u0105 audit\u0105 atliko \"Ernst &amp; Young<\/li>\n<li> ISO 9001-2008, \u012fskaitant BS EN 12522\/1 BS EN 12522\/2<\/li>\n<li> OMNI (The Overseas Moving Network International) \u012fk\u016br\u0117jas<\/li>\n<li> <a href=\"https:\/\/moverdb.com\/lt\/fidi-faim\/\">FIDI<\/a> nuo 1950 m. (Tarptautin\u0117 tarptautini\u0173 keleivi\u0173 ve\u017e\u0117j\u0173 federacija)<\/li>\n<li> C-TPAT patikrino <a href=\"https:\/\/moverdb.com\/lt\/moving-to-the-united-states\/\" data-internallinksmanager029f6b8e52c=\"94\" title=\"Persik\u0117limas \u012f Jungtines Amerikos Valstijas? 2022 Gyvenimo i\u0161laidos ir persik\u0117limo patarimai\">JAV<\/a> muitin\u0117<\/li>\n<li> \u012egaliotasis The <a href=\"https:\/\/moverdb.com\/lt\/britu-salintoju-asociacija\/\">Did\u017eiosios Britanijos perkraustytoj\u0173 asociacija<\/a>, DBA. <a href=\"https:\/\/moverdb.com\/lt\/mtc\/\">Movers Trading Club<\/a> (<a href=\"https:\/\/moverdb.com\/lt\/mtc\/\" data-internallinksmanager029f6b8e52c=\"30\" title=\"Movers Trading Club (MTC) Paai\u0161kinta\">MTC<\/a>)<\/li>\n<li> Narys <a href=\"https:\/\/moverdb.com\/lt\/eura\/\">EuRA<\/a> (The <a href=\"https:\/\/moverdb.com\/lt\/eura\/\" data-internallinksmanager029f6b8e52c=\"13\" title=\"Europos persik\u0117limo asociacijos (EuRA) paai\u0161kinimai\">Europos persik\u0117limo asociacija<\/a>)<\/li>\n<li> Narys <a href=\"https:\/\/moverdb.com\/lt\/asociacija-association-relocation-professionals\/\">ARP<\/a> (The <a href=\"https:\/\/moverdb.com\/lt\/association-relocation-professionals\/\" data-internallinksmanager029f6b8e52c=\"6\" title=\"Perkraustymo specialist\u0173 asociacijos (ARP) paai\u0161kinimai\">Perkraustymo specialist\u0173 asociacija<\/a>)<\/li>\n<li> Narys <a href=\"https:\/\/moverdb.com\/lt\/esu\/\">IAM<\/a> (<a href=\"https:\/\/moverdb.com\/lt\/iam\/\" data-internallinksmanager029f6b8e52c=\"23\" title=\"Tarptautin\u0117s perkraustytoj\u0173 asociacijos (IAM) paai\u0161kinimai\">Tarptautin\u0117 perkraustytoj\u0173 asociacija<\/a>)<\/li>\n<li> Narys <a href=\"https:\/\/moverdb.com\/lt\/lacma\/\">LACMA<\/a> (Lotyn\u0173 Amerikos ir Karib\u0173 j\u016bros regiono jud\u0117jimo asociacija)<\/li>\n<li> Narys <a href=\"https:\/\/moverdb.com\/lt\/darbuotoju-perkelimo-taryba\/\">Pasaulin\u0117 ERC<\/a> (Darbo j\u0117gos mobilumo asociacija)<\/li>\n<li> Pirm\u0105 kart\u0105 <a href=\"https:\/\/moverdb.com\/lt\/fidi-faim\/\" data-internallinksmanager029f6b8e52c=\"16\" title=\"FIDI ir FAIM (FIDI akredituotas tarptautinis perve\u017e\u0117jas) paai\u0161kinimai\">FAIM<\/a> ISO (dabar FAIMPLUS) akredituota organizacija<\/li>\n<\/ul>\n<h2>DT Moving Atsiliepimai<\/h2>\n<p><strong>Teigiamas<\/strong><\/p>\n<ul>\n<li> <em>\"Jie buvo nepaprastai profesional\u016bs, mandag\u016bs, greiti ir efektyv\u016bs. Visk\u0105 paai\u0161kino ir negaliu \u012fsivaizduoti, kaip jie gal\u0117jo u\u017etikrinti sklandesn\u0119 patirt\u012f.\"<\/em> - Z. COHEN per DT Moving <a href=\"http:\/\/www.dtmoving.com\/about-us\/what-our-customers-say\" target=\"_blank\" rel=\"noopener\">K\u0105 sako m\u016bs\u0173 klientai<\/a>.<\/li>\n<li> \"<em>K\u0105 tik persik\u0117liau i\u0161 Londono \u012f <a href=\"https:\/\/moverdb.com\/lt\/persikelimas-i-niujorka\/\">Niujorkas<\/a> ir buvo labai su\u017eav\u0117tas persik\u0117limo paslauga nuo prad\u017eios iki pabaigos. Tai, kas gal\u0117jo b\u016bti labai \u012ftemptas laikas, buvo labai lengva.\"<\/em> - \"Qype\" naudotojas Dan per <a href=\"https:\/\/www.yelp.co.uk\/biz\/dt-moving-london?hrid=_lnG2UpJr3NSw73UR115Pw&#038;utm_campaign=www_review_share_popup&#038;utm_medium=copy_link&#038;utm_source=(direct)\" target=\"_blank\" rel=\"noopener\">\"Yelp\"<\/a><\/li>\n<li> \"DT Moving buvo puik\u016bs nuo prad\u017eios iki pabaigos.\" - MCalder per <a href=\"https:\/\/www.yell.com\/biz\/dt-moving-mitcham-3825953\/\" target=\"_blank\" rel=\"noopener\">Skambutis<\/a><\/li>\n<li> \"Tai jau tre\u010dias kartas, kai a\u0161 ir mano vyras persikraust\u0117me darbo reikalais, ir tai buvo geriausia paslauga.\" - Chrisas per <a href=\"http:\/\/www.allinlondon.co.uk\/directory\/1318\/74781.php\" target=\"_blank\" rel=\"noopener\">Viskas Londone<\/a>.<\/li>\n<\/ul>\n<p><strong>Neigiamas<\/strong><\/p>\n<p><em>Nepavyko rasti joki\u0173 neigiam\u0173 atsiliepim\u0173 internete<\/em>.<\/p>\n<div itemprop=\"review\" itemscope itemtype=\"http:\/\/schema.org\/Review\">\n<span itemprop=\"author\" itemscope=\"\" itemtype=\"http:\/\/schema.org\/Organization\"><span itemprop=\"name\">MoverDB.com<\/span><\/span> Internetin\u0117s svetain\u0117s ap\u017evalga <span itemprop=\"itemreviewed\" itemscope=\"\" itemtype=\"http:\/\/schema.org\/Brand\"><span itemprop=\"name\">DT Perkraustymas<\/span><\/span>:<\/p>\n<ol>\n<li> Ai\u0161ki kontaktin\u0117 informacija svetain\u0117je (\u012fskaitant telefono numer\u012f): <strong>Taip<\/strong><\/li>\n<li> Lengva gauti <a href=\"https:\/\/moverdb.com\/lt\/citatos\/\">tarptautini\u0173 perkraustym\u0173 citatos<\/a>? (internetin\u0117 s\u0105matos u\u017eklausos forma): <strong>Taip<\/strong><\/li>\n<li> Ai\u0161ki informacija svetain\u0117je: <strong>Taip,<\/strong> Svetain\u0117 yra gana i\u0161sami, tod\u0117l potencial\u016bs klientai gali susidaryti ger\u0105 vaizd\u0105 apie tai, k\u0105 \u012fmon\u0117 gali pasi\u016blyti.<\/li>\n<li> Naryst\u0117 tarptautin\u0117se pripa\u017eintose jud\u0117jimo organizacijose: <strong>Taip<\/strong>, \u017er. pirmiau.<\/li>\n<li> Klient\u0173 s\u0105ra\u0161as ir (arba) ankstesni\u0173 klient\u0173 atsiliepimai: <strong>Taip,<\/strong>svetain\u0117je yra daug klient\u0173 atsiliepim\u0173, o kiti atsiliepimai internete yra teigiami.<\/li>\n<\/ol>\n<div itemprop=\"reviewRating\" itemscope itemtype=\"http:\/\/schema.org\/Rating\"><meta itemprop=\"worstRating\" content = \"0\" \/><meta itemprop=\"bestRating\" content=\"5\" \/><meta itemprop=\"ratingValue\" content=\"5\"><\/div>\n<p><strong>Bendras \u012fvertinimas: 5\/5<\/strong><br \/>\n<strong>Per\u017ei\u016bros data:<\/strong> <span itemprop=\"datePublished\" content=\"2016-09-03\">03\/09\/2016<\/span>\n<\/div>\n<p>Su\u017einokite daugiau apie <a href=\"https:\/\/moverdb.com\/lt\/tarptautiniai-perkraustymai\/\">tarptautiniai perkraustymai<\/a> ir m\u016bs\u0173 <a href=\"https:\/\/moverdb.com\/lt\/atsiliepimai\/\">per\u017ei\u016bros procesas<\/a>.<\/p>\n<p><strong>Interneto svetain\u0117:<\/strong> <a href=\"http:\/\/www.dtmoving.com\" target=\"_blank\" rel=\"noopener\">http:\/\/www.dtmoving.com<\/a><\/p>","protected":false},"excerpt":{"rendered":"<p>DT Moving is a UK based international moving company which offers its clients a full range of services which are listed below, together with a company profile and reviews. International Removals Pre-move survey, quotation and resources Packing at residence Transport by air, sea or road Insurance arranged Ongoing service including a move manager and a [&hellip;]<\/p>\n","protected":false},"author":1,"featured_media":0,"parent":0,"menu_order":0,"comment_status":"closed","ping_status":"closed","template":"","meta":{"_genesis_hide_title":false,"_genesis_hide_breadcrumbs":false,"_genesis_hide_singular_image":false,"_genesis_hide_footer_widgets":false,"_genesis_custom_body_class":"","_genesis_custom_post_class":"","_genesis_layout":"","footnotes":""},"class_list":{"0":"post-945","1":"page","2":"type-page","3":"status-publish","5":"entry"},"_links":{"self":[{"href":"https:\/\/moverdb.com\/lt\/wp-json\/wp\/v2\/pages\/945","targetHints":{"allow":["GET"]}}],"collection":[{"href":"https:\/\/moverdb.com\/lt\/wp-json\/wp\/v2\/pages"}],"about":[{"href":"https:\/\/moverdb.com\/lt\/wp-json\/wp\/v2\/types\/page"}],"author":[{"embeddable":true,"href":"https:\/\/moverdb.com\/lt\/wp-json\/wp\/v2\/users\/1"}],"replies":[{"embeddable":true,"href":"https:\/\/moverdb.com\/lt\/wp-json\/wp\/v2\/comments?post=945"}],"version-history":[{"count":8,"href":"https:\/\/moverdb.com\/lt\/wp-json\/wp\/v2\/pages\/945\/revisions"}],"predecessor-version":[{"id":6201,"href":"https:\/\/moverdb.com\/lt\/wp-json\/wp\/v2\/pages\/945\/revisions\/6201"}],"wp:attachment":[{"href":"https:\/\/moverdb.com\/lt\/wp-json\/wp\/v2\/media?parent=945"}],"curies":[{"name":"wp","href":"https:\/\/api.w.org\/{rel}","templated":true}]}}