{"id":944,"date":"2016-09-04T13:58:08","date_gmt":"2016-09-04T13:58:08","guid":{"rendered":"http:\/\/moverdb.com\/?page_id=944"},"modified":"2026-01-08T14:48:19","modified_gmt":"2026-01-08T14:48:19","slug":"pertekliniai-tarptautiniai-perkraustytojai","status":"publish","type":"page","link":"https:\/\/moverdb.com\/lt\/excess-international-movers\/","title":{"rendered":"Pertekliniai tarptautiniai perve\u017e\u0117jai: Tarptautini\u0173 perkraustym\u0173 ap\u017evalgos"},"content":{"rendered":"<p>\"Excess International Movers\" si\u016blo verslo klientams, privatiems asmenims ir \u0161eimoms plat\u0173 paslaug\u0173 spektr\u0105, kuris i\u0161vardytas toliau. Taip pat pateikiamas \u012fmon\u0117s profilis ir atsiliepimai.<\/p>\n<p><strong><a href=\"https:\/\/moverdb.com\/lt\/international-removals\/\" data-internallinksmanager029f6b8e52c=\"27\" title=\"36 geriausios tarptautinio perkraustymo \u012fmon\u0117s Jungtin\u0117je Karalyst\u0117je\">Tarptautinis perkraustymas<\/a><\/strong><\/p>\n<ul>\n<li> Oro, j\u016br\u0173 arba keli\u0173 transportu<\/li>\n<li> Paslaugos nuo dur\u0173 iki dur\u0173<\/li>\n<li> Specializuota tarptautinio perk\u0117limo paslauga<\/li>\n<li> persikraustymo koordinatorius, kuris organizuoja persikraustym\u0105 nuo prad\u017eios iki pabaigos ir atsako \u012f visus klausimus.<\/li>\n<li> Pakuotojai ir perkraustytojai, pakuojantys daiktus \u012f geriausias pramon\u0117je patvirtintas pakavimo med\u017eiagas - taip pat teikia \"Excess International Movers\".<\/li>\n<li> Perkraustymai, \u012fkelti \u012f <a href=\"https:\/\/moverdb.com\/lt\/konteineriu-kroviniu-gabenimas\/\">laivybos konteineris<\/a> arba paimtos pakrauti \u012f orlaiv\u012f<\/li>\n<li> Prek\u0117s i\u0161muitinamos, pristatomos ir i\u0161kraunamos j\u016bs\u0173 naujuose namuose, biure, vie\u0161butyje ar kitoje galutin\u0117je vietoje arba pateikiamos atsiimti pasirinktame oro uoste.<\/li>\n<li> Tarptautinio perkraustymo, muitin\u0117s ir terminalo mokes\u010diai<\/li>\n<\/ul>\n<p><strong>Europos perkraustymai<\/strong><\/p>\n<ul>\n<li> Paslaugos nuo dur\u0173 iki dur\u0173<\/li>\n<li> Specialios tiesiogin\u0117s paslaugos. J\u016bs\u0173 daiktai supakuojami j\u016bs\u0173 namuose, pakraunami ir gabenami tiesiai \u012f j\u016bs\u0173 naujuosius namus Europoje. Pristatymo dat\u0105 pasirenkate pagal savo poreikius. <\/li>\n<li> Bendra apkrova. Tinka, jei norite gabenti krovinius ma\u017eesn\u0117mis siuntomis, kai laikas n\u0117ra toks svarbus. Nors klientams vis dar si\u016bloma fiksuota krovinio pa\u0117mimo data, ta\u010diau prie\u0161 paimant krovin\u012f jums suteikiamas laiko tarpas, per kur\u012f gal\u0117site pristatyti krovin\u012f, o pristatymo data patvirtinama, kai tik baigiamas rengti pasidalijamojo krovinio grafikas.<\/li>\n<li> specialus persikraustymo koordinatorius, kuris atsakys \u012f klausimus ir organizuos ES persikraustym\u0105 nuo prad\u017eios iki pabaigos.<\/li>\n<li> Europos perkraustymo paslaugos, \u012fskaitant profesionalias pakavimo paslaugas, naudojant pramon\u0117je patvirtintas pakavimo med\u017eiagas, kad j\u016bs\u0173 daiktai b\u016bt\u0173 saug\u016bs gabenant.<\/li>\n<li> Perkraustymas surenkamas, pristatomas ir i\u0161pakuojamas naujuose namuose, o visas turinys i\u0161d\u0117stomas taip, kaip reikia.<\/li>\n<\/ul>\n<p><strong>Saugojimo paslaugos<\/strong><\/p>\n<ul>\n<li> 24 valandas per par\u0105 veikianti apsauga<\/li>\n<li> Apie galimyb\u0119 susipa\u017einti su prek\u0117mis reikia prane\u0161ti, tod\u0117l gali b\u016bti taikomas papildomas mokestis.<\/li>\n<li> Student\u0173 saugojimo nuolaidos<\/li>\n<li> Sand\u0117liavimas konteineriuose<\/li>\n<\/ul>\n<p><strong>Paslaugos studentams<\/strong><\/p>\n<ul>\n<li> Special\u016bs mini judesiai su nuolaida<\/li>\n<li> Speciali 5 d\u0117\u017ei\u0173 saugojimo galimyb\u0117 su nuolaida<\/li>\n<li> Studentas <a href=\"https:\/\/moverdb.com\/lt\/laivybos-bendroves\/\">siuntimas tarptautiniu mastu<\/a><\/li>\n<\/ul>\n<p><strong>Papildomos paslaugos<\/strong><\/p>\n<ul>\n<li> Baga\u017eo gabenimas<\/li>\n<li> Nelydimas baga\u017eas<\/li>\n<li> Baga\u017eo perteklius<\/li>\n<li> <a href=\"https:\/\/moverdb.com\/lt\/automobiliu-transportas-siuntimas\/\">Transporto priemoni\u0173 gabenimas<\/a><\/li>\n<li> \u012emoni\u0173 perkraustymas<\/li>\n<li> Daili\u0173j\u0173 men\u0173 siuntimas<\/li>\n<li> Importas<\/li>\n<\/ul>\n<h2>\"Excess International Movers\" \u012fmon\u0117s profilis<\/h2>\n<p>\"Excess International Movers\" veikia jau daugiau nei 30 met\u0173 ir per metus tarptautiniu ir vietiniu mastu gabena daugiau nei 50 000 siunt\u0173. Jie teigia, kad gali atlikti bet kokio dyd\u017eio perkraustym\u0105 ir tai padarys per bet kok\u012f proting\u0105 laik\u0105. \"Excess International Movers\" teigia, kad gabena krovinius \u012f daugiau kaip 25 000 viet\u0173 visame pasaulyje.<\/p>\n<p>\u012emon\u0117 apima visus persikraustymo \u012f u\u017esien\u012f aspektus - nuo pirminio pasi\u016blymo iki \u012fsik\u016brimo paskirties \u0161alyje paslaug\u0173. Ji teikia perve\u017eimo sprendimus privatiems asmenims, \u0161eimoms ir \u012fmon\u0117ms, \u012fskaitant daugel\u012f \u017einom\u0173 \"blue chip\" bendrovi\u0173.<\/p>\n<p>\"Excess International Movers\" akreditacijos ir priklausomyb\u0117:<\/p>\n<ul>\n<li> <a href=\"https:\/\/moverdb.com\/lt\/britu-salintoju-asociacija\/\">Did\u017eiosios Britanijos perkraustytoj\u0173 asociacija<\/a> (<a href=\"https:\/\/moverdb.com\/lt\/british-association-of-removers\/\" data-internallinksmanager029f6b8e52c=\"9\" title=\"Britanijos perkraustymo \u012fmoni\u0173 asociacijos (BAR) paai\u0161kinimai\">BAR<\/a>)<\/li>\n<li> <a href=\"https:\/\/moverdb.com\/lt\/fidi-faim\/\">Tarptautin\u0117 bald\u0173 perkraustymo federacija<\/a> (<a href=\"https:\/\/moverdb.com\/lt\/fidi-faim\/\" data-internallinksmanager029f6b8e52c=\"16\" title=\"FIDI ir FAIM (FIDI akredituotas tarptautinis perve\u017e\u0117jas) paai\u0161kinimai\">FIDI<\/a>)<\/li>\n<li> <a href=\"https:\/\/moverdb.com\/lt\/hgfaa\/\">Amerikos buitini\u0173 preki\u0173 ekspeditori\u0173 asociacija<\/a> (HHGFAA)<\/li>\n<li> <a href=\"https:\/\/moverdb.com\/lt\/fidi-faim\/\">FAIM Plus<\/a><\/li>\n<li> <a href=\"https:\/\/moverdb.com\/lt\/mtc\/\">Movers prekybos klubas<\/a> (<a href=\"https:\/\/moverdb.com\/lt\/mtc\/\" data-internallinksmanager029f6b8e52c=\"30\" title=\"Movers Trading Club (MTC) Paai\u0161kinta\">MTC<\/a>)<\/li>\n<li> The <a href=\"https:\/\/moverdb.com\/lt\/esu\/\">Tarptautin\u0117 perkraustytoj\u0173 asociacija<\/a> (<a href=\"https:\/\/moverdb.com\/lt\/iam\/\" data-internallinksmanager029f6b8e52c=\"23\" title=\"Tarptautin\u0117s perkraustytoj\u0173 asociacijos (IAM) paai\u0161kinimai\">IAM<\/a>)<\/li>\n<li> ISO 9001<\/li>\n<\/ul>\n<h2>Pertekliniai tarptautiniai perve\u017e\u0117jai Atsiliepimai<\/h2>\n<p><strong>Teigiamas<\/strong><\/p>\n<ul>\n<li> <em>\"Nuo pat prad\u017ei\u0173 buvo malonu bendradarbiauti su \"Excess Internationl Movers\". J\u0173 kainos yra labai prieinamos ir jie padeda jums per vis\u0105 proces\u0105. Krovini\u0173 pa\u0117mimas ir pristatymas vyko skland\u017eiai, tod\u0117l negal\u0117\u010diau b\u016bti labiau patenkintas paslaugomis. Labai rekomenduoju.\"<\/em> - Sophie Hay per <a href=\"http:\/\/www.excess-international.com\/reviews\" target=\"_blank\" rel=\"noopener\">\u012fmon\u0117s ap\u017evalgos puslapis<\/a><\/li>\n<li> <em>\"Puikus aptarnavimas nuo citatos iki laivo. Labai rekomenduojame \u0161i\u0105 \u012fmon\u0119.\"<\/em> - Lisa per <a href=\"https:\/\/uk.trustpilot.com\/reviews\/57bc88a00000ff00097f3cfc\" target=\"_blank\" rel=\"noopener\">\"Trustpilot\"<\/a>.<\/li>\n<li> <em>\"Neseniai persik\u0117l\u0117me i\u0161 <a href=\"https:\/\/moverdb.com\/lt\/moving-to-the-uk\/\" data-internallinksmanager029f6b8e52c=\"93\" title=\"Persik\u0117limas \u012f Jungtin\u0119 Karalyst\u0119? 2022 Gyvenimo i\u0161laidos ir persikraustymo patarimai\">JK<\/a> \u012f <a href=\"https:\/\/moverdb.com\/lt\/moving-to-canada\/\" data-internallinksmanager029f6b8e52c=\"265\" title=\"Persik\u0117limas \u012f Kanad\u0105? 2023 m. gyvenimo i\u0161laidos ir persik\u0117limo patarimai\">Kanada<\/a>, o \"Excess International\" u\u017etikrino, kad visas procesas b\u016bt\u0173 labai nesud\u0117tingas. \u012ekainis buvo gana tikslus (galutin\u0117 kaina i\u0161 tikr\u0173j\u0173 buvo \u0161iek tiek ma\u017eesn\u0117 u\u017e pradin\u012f pasi\u016blym\u0105, o tai buvo gerai - joki\u0173 nemaloni\u0173 staigmen\u0173 paskutin\u0119 minut\u0119), pakuotojai atliko puik\u0173 darb\u0105, o Attila mielai atsak\u0117 \u012f visus m\u016bs\u0173 klausimus.\"<\/em> - per <a href=\"http:\/\/www.reviewcentre.com\/Removal-Companies\/Excess-International-Movers-www-excess-international-com-review_2391382\" target=\"_blank\" rel=\"noopener\">Per\u017ei\u016bros centras<\/a><\/li>\n<li> <em>\"Vyrai, atvyk\u0119 atlikti nam\u0173 \u016bkio perkraustymo ir pakavimo darb\u0173, buvo absoliu\u010diai #1 - auk\u0161\u010diausios klas\u0117s, atsidav\u0119 darbininkai ir labai mandag\u016bs.\"<\/em> - Antonas per <a href=\"http:\/\/www.shipping-international.com\/companies\/excess-international-movers.html\" target=\"_blank\" rel=\"noopener\">Shipping-International.com<\/a><\/li>\n<\/ul>\n<p><strong>Neigiamas<\/strong><\/p>\n<ul>\n<li> <em>\"Gav\u0119 kelet\u0105 pasi\u016blym\u0173 man\u0117me, kad pri\u0117m\u0117me ger\u0105 sprendim\u0105, ta\u010diau, deja, viskas susiklost\u0117 ne taip, kaip tik\u0117jom\u0117s.\"<\/em> - Lee\/Mrs Alexandria per <a href=\"https:\/\/uk.trustpilot.com\/reviews\/57b38afd0000ff00097cab0e\" target=\"_blank\" rel=\"noopener\">\"Trustpilot\"<\/a><\/li>\n<li> <em>\"Mes vis dar turime problem\u0173, susijusi\u0173 su EIM nuo met\u0173 prad\u017eios (2015 m.), kai m\u016bs\u0173 konteineris atvyko \u012f NZ i\u0161 JK. EIM darbuotojai Jungtin\u0117je Karalyst\u0117je savo pakavimo juosta u\u017eklijavo skyl\u0119 konteinerio stoge.\"<\/em> - Robert Snijders per <a href=\"http:\/\/www.removalreviews.co.uk\/movingreviews\/move-from-uk-to-nz-10229\" target=\"_blank\" rel=\"noopener\">Perkraustymo ap\u017evalgos<\/a><\/li>\n<li> <em>\"Apgail\u0117tinas aptarnavimas ir jokio tinkamo bendravimo. Visi\u0161kai nerekomenduoju naudotis \u0161i\u0173 vaikin\u0173 paslaugomis. Mano bendravimas buvo labai nuviliantis ir varginantis.\"<\/em> - per <a href=\"http:\/\/www.reviewcentre.com\/Removal-Companies\/Excess-International-Movers-www-excess-international-com-review_3918175\" target=\"_blank\" rel=\"noopener\">Per\u017ei\u016bros centras<\/a><\/li>\n<li> <em>\"Absoliu\u010diai siaubinga bendrov\u0117, su kuria teko bendrauti, atrod\u0117, kad bendraujate su skol\u0173 i\u0161ie\u0161kotoju telefonu.\" -<br \/>\nWill B. per <a href=\"https:\/\/www.yelp.co.uk\/biz\/excess-international-movers-london-2?hrid=gh9RC6mlebc__fP5wR0Q8g&#038;utm_campaign=www_review_share_popup&#038;utm_medium=copy_link&#038;utm_source=(direct)\" target=\"_blank\" rel=\"noopener\">\"Yelp\"<\/a><\/em><\/li>\n<\/ul>\n<div itemprop=\"review\" itemscope itemtype=\"http:\/\/schema.org\/Review\">\n<span itemprop=\"author\" itemscope=\"\" itemtype=\"http:\/\/schema.org\/Organization\"><span itemprop=\"name\">MoverDB.com<\/span><\/span> Internetin\u0117s svetain\u0117s ap\u017evalga <span itemprop=\"itemreviewed\" itemscope=\"\" itemtype=\"http:\/\/schema.org\/Brand\"><span itemprop=\"name\">Pertekliniai tarptautiniai perve\u017e\u0117jai<\/span><\/span>:<\/p>\n<ol>\n<li> Ai\u0161ki kontaktin\u0117 informacija svetain\u0117je (\u012fskaitant telefono numer\u012f): <strong>Taip<\/strong><\/li>\n<li> Lengva gauti <a href=\"https:\/\/moverdb.com\/lt\/citatos\/\">tarptautini\u0173 perkraustym\u0173 citatos<\/a>? (internetin\u0117 s\u0105matos u\u017eklausos forma): <strong>Taip<\/strong><\/li>\n<li> Ai\u0161ki informacija svetain\u0117je: <strong>Taip,<\/strong> Svetain\u0117je pateikiama gana i\u0161sami informacija, i\u0161 kurios potencial\u016bs klientai gali susidaryti ger\u0105 vaizd\u0105 apie si\u016blom\u0105 paslaug\u0105.<\/li>\n<li> Naryst\u0117 tarptautin\u0117se pripa\u017eintose jud\u0117jimo organizacijose: <strong>Taip<\/strong>, \u017er. pirmiau.<\/li>\n<li> Klient\u0173 s\u0105ra\u0161as ir (arba) ankstesni\u0173 klient\u0173 atsiliepimai: <strong>Taip,<\/strong> J\u0173 interneto svetain\u0117je yra daug teigiam\u0173 klient\u0173 atsiliepim\u0173, nors kitur atsiliepimai yra \u0161iek tiek mi\u0161resni.<\/li>\n<\/ol>\n<div itemprop=\"reviewRating\" itemscope itemtype=\"http:\/\/schema.org\/Rating\"><meta itemprop=\"worstRating\" content = \"0\" \/><meta itemprop=\"bestRating\" content=\"5\" \/><meta itemprop=\"ratingValue\" content=\"4\"><\/div>\n<p><strong>Bendras \u012fvertinimas: 4\/5<\/strong><br \/>\n<strong>Per\u017ei\u016bros data:<\/strong> <span itemprop=\"datePublished\" content=\"2016-09-04\">04\/09\/2016<\/span>\n<\/div>\n<p>Su\u017einokite daugiau apie <a href=\"https:\/\/moverdb.com\/lt\/tarptautiniai-perkraustymai\/\">tarptautiniai perkraustymai<\/a> ir m\u016bs\u0173 <a href=\"https:\/\/moverdb.com\/lt\/atsiliepimai\/\">per\u017ei\u016bros procesas<\/a>.<\/p>\n<p><strong>Interneto svetain\u0117:<\/strong> <a href=\"http:\/\/www.excess-international.com\/\" target=\"_blank\" rel=\"noopener\">http:\/\/www.excess-international.com<\/a><\/p>","protected":false},"excerpt":{"rendered":"<p>Excess International Movers offer corporate clients, individuals and families a wide range of services which are listed below. There also follows a company profile and reviews. International Removals Air, sea or road Door to door service Dedicated service for international relocations A move co-ordinator to organise removals from start to finish and answer any queries [&hellip;]<\/p>\n","protected":false},"author":1,"featured_media":0,"parent":0,"menu_order":0,"comment_status":"closed","ping_status":"closed","template":"","meta":{"_genesis_hide_title":false,"_genesis_hide_breadcrumbs":false,"_genesis_hide_singular_image":false,"_genesis_hide_footer_widgets":false,"_genesis_custom_body_class":"","_genesis_custom_post_class":"","_genesis_layout":"","footnotes":""},"class_list":{"0":"post-944","1":"page","2":"type-page","3":"status-publish","5":"entry"},"_links":{"self":[{"href":"https:\/\/moverdb.com\/lt\/wp-json\/wp\/v2\/pages\/944","targetHints":{"allow":["GET"]}}],"collection":[{"href":"https:\/\/moverdb.com\/lt\/wp-json\/wp\/v2\/pages"}],"about":[{"href":"https:\/\/moverdb.com\/lt\/wp-json\/wp\/v2\/types\/page"}],"author":[{"embeddable":true,"href":"https:\/\/moverdb.com\/lt\/wp-json\/wp\/v2\/users\/1"}],"replies":[{"embeddable":true,"href":"https:\/\/moverdb.com\/lt\/wp-json\/wp\/v2\/comments?post=944"}],"version-history":[{"count":8,"href":"https:\/\/moverdb.com\/lt\/wp-json\/wp\/v2\/pages\/944\/revisions"}],"predecessor-version":[{"id":6207,"href":"https:\/\/moverdb.com\/lt\/wp-json\/wp\/v2\/pages\/944\/revisions\/6207"}],"wp:attachment":[{"href":"https:\/\/moverdb.com\/lt\/wp-json\/wp\/v2\/media?parent=944"}],"curies":[{"name":"wp","href":"https:\/\/api.w.org\/{rel}","templated":true}]}}