{"id":943,"date":"2016-09-03T18:19:36","date_gmt":"2016-09-03T18:19:36","guid":{"rendered":"http:\/\/moverdb.com\/?page_id=943"},"modified":"2026-01-08T15:20:36","modified_gmt":"2026-01-08T15:20:36","slug":"robinsons","status":"publish","type":"page","link":"https:\/\/moverdb.com\/lt\/robinsons\/","title":{"rendered":"\"Robinsons\" perk\u0117limas: Tarptautinis perkraustymas ir perkraustymas Atsiliepimai"},"content":{"rendered":"<p>\"Robinsons Relocation\" yra tarptautin\u0117 <a href=\"https:\/\/moverdb.com\/lt\/international-removals\/\" data-internallinksmanager029f6b8e52c=\"27\" title=\"36 geriausios tarptautinio perkraustymo \u012fmon\u0117s Jungtin\u0117je Karalyst\u0117je\">perkraustymo \u012fmon\u0117<\/a> kurios savo klientams si\u016blo daugyb\u0119 paslaug\u0173, padedan\u010di\u0173 persikelti \u012f u\u017esien\u012f. Toliau pateikiamas paslaug\u0173 s\u0105ra\u0161as, \u012fmon\u0117s profilis ir atsiliepimai.<\/p>\n<p><strong>Tarptautinis perkraustymas<\/strong><\/p>\n<ul>\n<li> Specialus perkraustymo vadybininkas<\/li>\n<li> Nuo dur\u0173 iki dur\u0173<\/li>\n<li> Savaranki\u0161kai arba profesionaliai supakuoti<\/li>\n<li> Krovini\u0173 gabenimas oru arba j\u016bra <a href=\"https:\/\/moverdb.com\/lt\/konteineriu-kroviniu-gabenimas\/\">tarptautinis gabenimas konteineriais<\/a><\/li>\n<li> pilnos ir dalin\u0117s apkrovos parinktys<\/li>\n<li> I\u0161pakavimas ir surinkimas<\/li>\n<li> Muitin\u0117s pagalba<\/li>\n<li> Sutvarkytas draudimas<\/li>\n<li> Automobili\u0173 siuntimas<\/li>\n<li> Gyv\u016bn\u0173 augintini\u0173 siunta<\/li>\n<li> Meno k\u016brini\u0173 ir antikvarini\u0173 daikt\u0173 gabenimas<\/li>\n<li> Verslo perk\u0117limas<\/li>\n<\/ul>\n<p><strong>Perk\u0117limo paslaugos<\/strong><\/p>\n<ul>\n<li> Orientavimasis \u012f vietov\u0119<\/li>\n<li> Prad\u017eia paie\u0161ka<\/li>\n<li> Mokykl\u0173 paie\u0161ka<\/li>\n<li> \u012esik\u016brimo paslaugos<\/li>\n<li> Nuolatin\u0117 parama ir nuomos valdymas<\/li>\n<li> I\u0161vykimo paslaugos<\/li>\n<li> Vizos ir imigracija<\/li>\n<li> Tarpkult\u016brinis ir kalbinis<\/li>\n<li> Sutuoktinio i\u0161laikymas<\/li>\n<\/ul>\n<p><strong>Saugykla<\/strong><\/p>\n<ul>\n<li> Ilgalaikis ir trumpalaikis<\/li>\n<li> Bald\u0173 laikymas<\/li>\n<li> Transporto priemoni\u0173 saugojimas<\/li>\n<li> Komercinis sand\u0117liavimas<\/li>\n<li> Dokument\u0173 saugojimas<\/li>\n<li> 8 \u0161akos, i\u0161 kuri\u0173 galite rinktis<\/li>\n<li> Profesionaliai supakuota<\/li>\n<li> Automatinis draudimas<\/li>\n<li> 24 valandas per par\u0105 veikianti vaizdo steb\u0117jimo sistema<\/li>\n<\/ul>\n<p><strong><a href=\"https:\/\/moverdb.com\/lt\/moving-to-the-uk\/\" data-internallinksmanager029f6b8e52c=\"93\" title=\"Persik\u0117limas \u012f Jungtin\u0119 Karalyst\u0119? 2022 Gyvenimo i\u0161laidos ir persikraustymo patarimai\">JK<\/a> Nam\u0173 perkraustymas<\/strong><\/p>\n<ul>\n<li> Nuo dur\u0173 iki dur\u0173<\/li>\n<li> Pilnas aptarnavimas<\/li>\n<li> Verslo perk\u0117limas<\/li>\n<\/ul>\n<h2>\"Robinsons Relocation\" \u012fmon\u0117s profilis<\/h2>\n<p>\"Robinsons\" 1895 m. \u012fk\u016br\u0117 Alfredas Robinsonas, o bendrov\u0117 prad\u0117jo veikl\u0105 nuo angli\u0173 perkrovimo. Konkurencija buvo didel\u0117, tod\u0117l Alfredas Robinsonas nusprend\u0117 pereiti prie perkraustymo verslo. <\/p>\n<p>Septintajame de\u0161imtmetyje, prasid\u0117jus masinei emigracijai \u012f kitas \u0161alis, \u012fmon\u0117 prad\u0117jo vykdyti tarptautin\u012f perkraustym\u0105. <a href=\"https:\/\/moverdb.com\/lt\/moving-to-australia\/living-in-australia\/\" data-internallinksmanager029f6b8e52c=\"240\" title=\"21 paslap\u010di\u0173 apie gyvenim\u0105 Australijoje, kurias reikia \u017einoti prie\u0161 persikeliant\">Australija<\/a>. Alfredo Robinsono an\u016bkas \u0161iandien yra bendrov\u0117s pirmininkas.<\/p>\n<p>\"Robinsons\" yra viena i\u0161 penki\u0173 did\u017eiausi\u0173 asmenini\u0173 preki\u0173 eksportuotoj\u0173 Jungtin\u0117je Karalyst\u0117je. J\u0173 tikslas - savo klientams, tiek privatiems, tiek verslo klientams, pateikti individual\u0173 plan\u0105, kuris u\u017etikrint\u0173, kad j\u0173 persikraustymas b\u016bt\u0173 lengvas ir netur\u0117t\u0173 pasl\u0117pt\u0173 i\u0161laid\u0173. <\/p>\n<p>Bendrov\u0117 turi \u0161e\u0161is specialiai pastatytus sand\u0117lius did\u017eiuosiuose Jungtin\u0117s Karalyst\u0117s centruose. Taip pat turi 60 transporto priemoni\u0173 park\u0105 ir daugiau kaip 150 auk\u0161tos kvalifikacijos darbuotoj\u0173.<\/p>\n<p>\"Robinsons\" priklausomybi\u0173 ir akreditacij\u0173 s\u0105ra\u0161as:<\/p>\n<ul>\n<li> <a href=\"https:\/\/moverdb.com\/lt\/britu-salintoju-asociacija\/\">Did\u017eiosios Britanijos perkraustytoj\u0173 asociacija<\/a> (<a href=\"https:\/\/moverdb.com\/lt\/british-association-of-removers\/\" data-internallinksmanager029f6b8e52c=\"9\" title=\"Britanijos perkraustymo \u012fmoni\u0173 asociacijos (BAR) paai\u0161kinimai\">BAR<\/a>)<\/li>\n<li> <a href=\"https:\/\/moverdb.com\/lt\/baras-uzjuris\/\">Did\u017eiosios Britanijos perkraustytoj\u0173 u\u017esienyje asociacija<\/a><\/li>\n<li> Brit\u0173 tarptautinio krovini\u0173 ve\u017eimo asociacija (BIFA)<\/li>\n<li> Pasaulio patikinimas<\/li>\n<li> <a href=\"https:\/\/moverdb.com\/lt\/fidi-faim\/\">Tarptautin\u0117 tarptautini\u0173 bald\u0173 perve\u017e\u0117j\u0173 federacija<\/a> (<a href=\"https:\/\/moverdb.com\/lt\/fidi-faim\/\" data-internallinksmanager029f6b8e52c=\"16\" title=\"FIDI ir FAIM (FIDI akredituotas tarptautinis perve\u017e\u0117jas) paai\u0161kinimai\">FIDI<\/a>)<\/li>\n<li> \"Overseas Moving Network Incorporated\" (OMNI)<\/li>\n<li> FAIM Plus<\/li>\n<li> <a href=\"https:\/\/moverdb.com\/lt\/eura\/\">EuRA<\/a><\/li>\n<li> ISO 9901:2008<\/li>\n<li> ISO 14001 :2004<\/li>\n<li> Meno ir antikvarini\u0173 daikt\u0173 prekiautoj\u0173 asociacija (LAPADA)<\/li>\n<li> Brit\u0173 bald\u0173 gamintojai (BFM)<\/li>\n<\/ul>\n<h2>Robinsons Relocation Atsiliepimai<\/h2>\n<p><strong>Teigiamas:<\/strong><\/p>\n<ul>\n<li> <em>\"Robinsons\" buvo labai kantr\u016bs m\u016bs\u0173 kartais \"sunkioje\" kelion\u0117je iki tikrosios persikraustymo datos, mielai derindami su manimi. Biuro darbuotojai buvo paslaug\u016bs, supratingi ir draugi\u0161ki. At\u0117jus dienai, vyrukai, kurie atvyko supakuoti nam\u0173 <a href=\"https:\/\/moverdb.com\/lt\/moving-to-the-united-states\/\" data-internallinksmanager029f6b8e52c=\"94\" title=\"Persik\u0117limas \u012f Jungtines Amerikos Valstijas? 2022 Gyvenimo i\u0161laidos ir persik\u0117limo patarimai\">mus<\/a> buvo draugi\u0161ki, profesional\u016bs, o svarbiausia - s\u0105\u017einingi.\"<\/em> - Charlie K Brisker per <a href=\"https:\/\/uk.trustpilot.com\/reviews\/57c6b04b0000ff000982140f\" target=\"_blank\" rel=\"noopener\">\"Trustpilot\"<\/a><\/li>\n<li> <em>\"Su \"Robinsons\" tur\u0117jome puiki\u0105 patirt\u012f, tod\u0117l buvau labai nusteb\u0119s, kai pama\u010diau prie\u0161ing\u0105 ankstesn\u0119 ap\u017evalg\u0105. I\u0161 savo patirties esame kelis kartus persikraust\u0119 \u012f \u012fvairias pasaulio \u0161alis ir kiekvien\u0105 kart\u0105 pasitik\u0117jome \"Robinsons\" nuo tada, kai pirm\u0105 kart\u0105 jais pasinaudojome 90-aisiais.\"<\/em> - Aidenas Robertsas per <a href=\"http:\/\/www.removalreviews.co.uk\/movingreviews\/really-great-service-thank-you-robinsons-6974\" target=\"_blank\" rel=\"noopener\">Perkraustymo ap\u017evalgos<\/a> <\/li>\n<\/ul>\n<p><strong>Neigiamas:<\/strong><\/p>\n<ul>\n<li> <em>\"Pirmieji du atvyk\u0119 vaikinai buvo fantasti\u0161ki. Paskui atvyko dar trys! \u012ejung\u0117 savo mobiliuosius telefonus \u012f m\u016bs\u0173 ki\u0161tukinius lizdus, kad paleist\u0173 muzik\u0105!!! Smulkesni\u0173 daikt\u0173 pakavimas buvo puikus! Joki\u0173 l\u016b\u017ei\u0173! Ta\u010diau r\u016bpestingumo ir pagarbos tr\u016bkumas didesniems daiktams buvo \u0161okiruojantis! \"<\/em> - Sharon kortel\u0117 per <a href=\"https:\/\/www.trustpilot.com\/users\/55ed817e0000ff0001d9df65\" target=\"_blank\" rel=\"noopener\">\"Trustpilot\"<\/a> <\/li>\n<li> \"<em>Atlik\u0119s kelet\u0105 tyrim\u0173, maniau, kad pasirinkau patikim\u0105 bendrov\u0119, kuri r\u016bpinsis mano tarptautiniu persikraustymu. Negal\u0117jau labiau klysti.\" <\/em>Erikas per <a href=\"http:\/\/www.removalreviews.co.uk\/movingreviews\/absolute-disgrace-2741\" target=\"_blank\" rel=\"noopener\">Perkraustymo ap\u017evalgos<\/a> <\/li>\n<\/ul>\n<div itemprop=\"review\" itemscope itemtype=\"http:\/\/schema.org\/Review\">\n<span itemprop=\"author\" itemscope=\"\" itemtype=\"http:\/\/schema.org\/Organization\"><span itemprop=\"name\">MoverDB.com<\/span><\/span> Internetin\u0117s svetain\u0117s ap\u017evalga <span itemprop=\"itemreviewed\" itemscope=\"\" itemtype=\"http:\/\/schema.org\/Brand\"><span itemprop=\"name\">\"Robinsons\" perk\u0117limas<\/span><\/span>:<\/p>\n<ol>\n<li> Ai\u0161ki kontaktin\u0117 informacija svetain\u0117je (\u012fskaitant telefono numer\u012f): <strong>Taip<\/strong><\/li>\n<li> Lengva gauti <a href=\"https:\/\/moverdb.com\/lt\/citatos\/\">tarptautini\u0173 perkraustym\u0173 citatos<\/a>? (internetin\u0117 s\u0105matos u\u017eklausos forma): <strong>Taip<\/strong><\/li>\n<li> Ai\u0161ki informacija svetain\u0117je: <strong>Taip,<\/strong> daug informacijos apie visas j\u0173 si\u016blomas paslaugas.<\/li>\n<li> Naryst\u0117 tarptautin\u0117se pripa\u017eintose jud\u0117jimo organizacijose: <strong>Taip<\/strong>, daugelis \u017er. pirmiau.<\/li>\n<li> Klient\u0173 s\u0105ra\u0161as ir (arba) ankstesni\u0173 klient\u0173 atsiliepimai: <strong>Taip,<\/strong> bet ne j\u0173 svetain\u0117je, o klient\u0173 atsiliepimai apie \"TrustPilot\", kur jie turi labai teigiam\u0105 \u012fvertinim\u0105.<\/li>\n<\/ol>\n<div itemprop=\"reviewRating\" itemscope itemtype=\"http:\/\/schema.org\/Rating\"><meta itemprop=\"worstRating\" content = \"0\" \/><meta itemprop=\"bestRating\" content=\"5\" \/><meta itemprop=\"ratingValue\" content=\"5\"><\/div>\n<p><strong>Bendras \u012fvertinimas: 5\/5<\/strong><br \/>\n<strong>Per\u017ei\u016bros data:<\/strong> <span itemprop=\"datePublished\" content=\"2016-09-03\">03\/09\/2016<\/span>\n<\/div>\n<p>Su\u017einokite daugiau apie <a href=\"https:\/\/moverdb.com\/lt\/tarptautiniai-perkraustymai\/\">tarptautinio perkraustymo \u012fmon\u0117s<\/a> ir m\u016bs\u0173 <a href=\"https:\/\/moverdb.com\/lt\/atsiliepimai\/\">per\u017ei\u016bros procesas<\/a>.<\/p>\n<p><strong>Interneto svetain\u0117:<\/strong> <a href=\"http:\/\/www.robinsonsrelo.com\" target=\"_blank\" rel=\"noopener\">http:\/\/www.robinsonsrelo.com<\/a><\/p>","protected":false},"excerpt":{"rendered":"<p>Robinsons Relocation are an international removal company which offer their clients many services to assist them in relocating abroad. The services are listed below together with a company profile and reviews. International Removals Dedicated move manager Door to door Self-packing or professionally packed Air freight or sea freight international container shipping full load and part [&hellip;]<\/p>\n","protected":false},"author":1,"featured_media":0,"parent":0,"menu_order":0,"comment_status":"closed","ping_status":"closed","template":"","meta":{"_genesis_hide_title":false,"_genesis_hide_breadcrumbs":false,"_genesis_hide_singular_image":false,"_genesis_hide_footer_widgets":false,"_genesis_custom_body_class":"","_genesis_custom_post_class":"","_genesis_layout":"","footnotes":""},"class_list":{"0":"post-943","1":"page","2":"type-page","3":"status-publish","5":"entry"},"_links":{"self":[{"href":"https:\/\/moverdb.com\/lt\/wp-json\/wp\/v2\/pages\/943","targetHints":{"allow":["GET"]}}],"collection":[{"href":"https:\/\/moverdb.com\/lt\/wp-json\/wp\/v2\/pages"}],"about":[{"href":"https:\/\/moverdb.com\/lt\/wp-json\/wp\/v2\/types\/page"}],"author":[{"embeddable":true,"href":"https:\/\/moverdb.com\/lt\/wp-json\/wp\/v2\/users\/1"}],"replies":[{"embeddable":true,"href":"https:\/\/moverdb.com\/lt\/wp-json\/wp\/v2\/comments?post=943"}],"version-history":[{"count":5,"href":"https:\/\/moverdb.com\/lt\/wp-json\/wp\/v2\/pages\/943\/revisions"}],"predecessor-version":[{"id":6233,"href":"https:\/\/moverdb.com\/lt\/wp-json\/wp\/v2\/pages\/943\/revisions\/6233"}],"wp:attachment":[{"href":"https:\/\/moverdb.com\/lt\/wp-json\/wp\/v2\/media?parent=943"}],"curies":[{"name":"wp","href":"https:\/\/api.w.org\/{rel}","templated":true}]}}