{"id":941,"date":"2016-07-25T11:02:02","date_gmt":"2016-07-25T11:02:02","guid":{"rendered":"http:\/\/moverdb.com\/?page_id=941"},"modified":"2026-01-08T15:30:36","modified_gmt":"2026-01-08T15:30:36","slug":"united-van-lines","status":"publish","type":"page","link":"https:\/\/moverdb.com\/lt\/united-van-lines\/","title":{"rendered":"\"United Van Lines\": Tarptautinio perkraustymo paslaugos ir ap\u017evalgos"},"content":{"rendered":"<p>\"United Van Lines\" savo klientams si\u016blo daugyb\u0119 perkraustymo paslaug\u0173 tiek tarptautiniu mastu, tiek <a href=\"https:\/\/moverdb.com\/lt\/moving-to-the-united-states\/\" data-internallinksmanager029f6b8e52c=\"94\" title=\"Persik\u0117limas \u012f Jungtines Amerikos Valstijas? 2022 Gyvenimo i\u0161laidos ir persik\u0117limo patarimai\">JAV<\/a>. Toliau pateikiamas \u0161i\u0173 paslaug\u0173 s\u0105ra\u0161as, \u012fmon\u0117s profilis ir atsiliepimai.<\/p>\n<p><strong>Tarptautiniai perkraustymai<\/strong><\/p>\n<ul>\n<li> Persikraustymo planavimas ir pasiruo\u0161imas<\/li>\n<li> Poreiki\u0173 \u012fvertinimas ir s\u0105mata<\/li>\n<li> Kelion\u0117s paskirties vietos ap\u017evalga<\/li>\n<li> Kalbos mokymas ir kult\u016brinis orientavimas<\/li>\n<li> Perk\u0117limo valdymas<\/li>\n<li> Planavimo paslaugos<\/li>\n<li> Tarptautinis tranzitas<\/li>\n<li> Steb\u0117jimas ir pristatymas<\/li>\n<li> \u012esik\u016brimo paslaugos - bankai, gydytojai ir kt.<\/li>\n<li> Viz\u0173 ir imigracijos paslaugos<\/li>\n<li> Verslo imigracijos procesai<\/li>\n<li> Atskiri imigracijos procesai<\/li>\n<li> Pagalba b\u016bstui - laikina arba nuolatin\u0117<\/li>\n<li> Nam\u0173 paie\u0161kos paslaugos<\/li>\n<li> Laikinas apgyvendinimas<\/li>\n<li> Nekilnojamojo turto ir nuomos valdymas<\/li>\n<li> Pagalba \u0161eimai persikelti<\/li>\n<li> Viz\u0173 ir pas\u0173 i\u0161davimo procesas<\/li>\n<li> Partnerio \/ sutuoktinio parama<\/li>\n<li> Pagalba mokyklai<\/li>\n<li> Kult\u016bros ir kalbos mokymas<\/li>\n<li> Gyv\u016bno augintinio perk\u0117limas<\/li>\n<li> Draudimas<\/li>\n<\/ul>\n<p><strong>Persik\u0117limas su \"United<\/strong><\/p>\n<ul>\n<li> Vietiniai perkraustymai<\/li>\n<li> Tarptautiniai perkraustymai<\/li>\n<li> Tolimieji perkraustymai<\/li>\n<li> \u012emoni\u0173 perkraustymai<\/li>\n<li> Kariuomen\u0117s ir vyriausyb\u0117s veiksmai<\/li>\n<li> Automobiliai juda<\/li>\n<\/ul>\n<p><strong>Pakavimas ir saugojimas<\/strong><\/p>\n<ul>\n<li> Savaranki\u0161kai supakuota<\/li>\n<li> Individualus pakavimas<\/li>\n<li> Visos pakavimo paslaugos<\/li>\n<li> I\u0161pakuokite save<\/li>\n<li> Individualus i\u0161pakavimas<\/li>\n<li> U\u017ebaigti i\u0161pakavim\u0105<\/li>\n<li> 90 dien\u0173 tranzitinis saugojimas<\/li>\n<li> Saugykla<\/li>\n<li> Trumpalaikis ir ilgalaikis saugojimas ir sand\u0117liavimas<\/li>\n<\/ul>\n<h2>\"United Van Lines\" \u012fmon\u0117s profilis<\/h2>\n<p>\"United Van Lines\" prad\u0117jo veikl\u0105 1928 m. kaip \"Return Loads Service\" Klivlande, <a href=\"https:\/\/moverdb.com\/lt\/moving-to-the-united-states\/moving-to-ohio\/\" data-internallinksmanager029f6b8e52c=\"409\" title=\"Persik\u0117limas \u012f Ohaj\u0173? 2023 Gyvenimo i\u0161laidos ir persik\u0117limo patarimai\">Ohajas<\/a>. \u012emon\u0117 stipr\u0117ja ir ple\u010diasi \u012f tarptautin\u0119 rink\u0105. 1995 m. ji pirm\u0105 kart\u0105 gavo milijardines pajamas. <\/p>\n<p>\"United Van Lines\" u\u017eima #1 \u0161alies perkraustymo \u012fmoni\u0173 rinkos dal\u012f.<\/p>\n<p>\"United\" turi 340 vietini\u0173 atstov\u0173 visoje \u0161alyje, kurie teikia perkraustymo ir saugojimo paslaugas. Tarptautiniams perkraustymams bendrov\u0117 pasitelkia daugiau kaip 1000 profesionali\u0173 agent\u0173 128 \u0161alyse.<\/p>\n<p>\"United Van Lines\" turi \u0161ias akreditacijas ir naryst\u0119:<\/p>\n<ul>\n<li> <a href=\"https:\/\/moverdb.com\/lt\/amsa\/\">Amerikos perkraustymo ir saugojimo asociacija<\/a> (<a href=\"https:\/\/moverdb.com\/lt\/amsa\/\" data-internallinksmanager029f6b8e52c=\"5\" title=\"Amerikos jud\u0117jimo ir saugojimo asociacijos (AMSA) paai\u0161kinimai\">AMSA<\/a>)<\/li>\n<li> <a href=\"https:\/\/moverdb.com\/lt\/ratlankio-remelis\/\">\"ProMover\"<\/a> (AMSA)<\/li>\n<li> Nacionalinis kokyb\u0117s u\u017etikrinimas JAV ISO 9001 2008<\/li>\n<li> <a href=\"https:\/\/moverdb.com\/lt\/kanados-perkraustytoju-asociacija\/\">Kanados jud\u0117j\u0173 asociacija<\/a> (<a href=\"https:\/\/moverdb.com\/lt\/canadian-association-of-movers\/\" data-internallinksmanager029f6b8e52c=\"11\" title=\"Kanados perkraustytoj\u0173 asociacijos (CAM) paai\u0161kinimai\">CAM<\/a>)<\/li>\n<\/ul>\n<h2>\"United Van Lines\" atsiliepimai<\/h2>\n<p><strong>Teigiamas:<\/strong><\/p>\n<ul>\n<li> \"<em>\"United Van Lines\" ir j\u0173 vietiniai partneriai buvo nuostab\u016bs.\"<\/em> - Julija per <a href=\"http:\/\/www.yelp.com\/user_details?userid=nPUhNLstAOJEWjHLAb1rpA\" target=\"_blank\" rel=\"noopener\">\"Yelp\"<\/a><\/li>\n<li> \"<em>Jei persikeliate \u012f Omah\u0105, privalote pasinaudoti \u0161ios \u012fmon\u0117s paslaugomis.\"<\/em> - Dean S per <a href=\"http:\/\/www.movingcompanyreviews.com\/MO\/Fenton\/united-van-lines-llc-61144\" target=\"_blank\" rel=\"noopener\">MovingCompanyReviews.com<\/a><\/li>\n<\/ul>\n<p><strong>Neigiamas:<\/strong><\/p>\n<ul>\n<li> \"<em>Siaubingas klient\u0173 aptarnavimas.\"<\/em> - Ally per <a href=\"http:\/\/www.yelp.com\/user_details?userid=ab4N7Z9Che1cq3g-QrONUw\" target=\"_blank\" rel=\"noopener\">\"Yelp\"<\/a> <\/li>\n<li> \"<em>Ko\u0161maras. Bendradarbiavome su Johnu Silvernailu i\u0161 \"Corrigan United\", kad perkeltume savo \u0161eim\u0105 i\u0161 <a href=\"https:\/\/moverdb.com\/lt\/moving-to-the-united-states\/moving-to-colorado\/\" data-internallinksmanager029f6b8e52c=\"399\" title=\"Persik\u0117limas \u012f Kolorad\u0105? 2023 Gyvenimo i\u0161laidos ir persik\u0117limo patarimai\">Koloradas<\/a> \u012f <a href=\"https:\/\/moverdb.com\/lt\/moving-to-the-united-states\/moving-to-california\/\" data-internallinksmanager029f6b8e52c=\"330\" title=\"Persik\u0117limas \u012f Kalifornij\u0105? 2023 m. gyvenimo i\u0161laidos ir persik\u0117limo patarimai\">Kalifornija<\/a> 2014 m. bir\u017eelio m\u0117n.\"<\/em> - Gaea M per <a href=\"http:\/\/www.movingcompanyreviews.com\/MO\/Fenton\/united-van-lines-llc-61144\" target=\"_blank\" rel=\"noopener\">MovingCompanyReviews.com<\/a><\/li>\n<\/ul>\n<div itemprop=\"review\" itemscope itemtype=\"http:\/\/schema.org\/Review\">\n<span itemprop=\"author\" itemscope=\"\" itemtype=\"http:\/\/schema.org\/Organization\"><span itemprop=\"name\">MoverDB.com<\/span><\/span> Internetin\u0117s svetain\u0117s ap\u017evalga <span itemprop=\"itemreviewed\" itemscope=\"\" itemtype=\"http:\/\/schema.org\/Brand\"><span itemprop=\"name\">\"United Van Lines<\/span><\/span>:<\/p>\n<ol>\n<li> Ai\u0161ki kontaktin\u0117 informacija svetain\u0117je (\u012fskaitant telefono numer\u012f): <strong>Taip<\/strong><\/li>\n<li> Lengva gauti <a href=\"https:\/\/moverdb.com\/lt\/citatos\/\">tarptautin\u0117s judan\u010dios citatos<\/a>? (internetin\u0117 s\u0105matos u\u017eklausos forma): <strong>Taip<\/strong><\/li>\n<li> Ai\u0161ki informacija svetain\u0117je: <strong>Taip.<\/strong> Svetain\u0117je ai\u0161kiai i\u0161d\u0117stytos visos \u012fmon\u0117s teikiamos paslaugos.<\/li>\n<li> Naryst\u0117 tarptautin\u0117se pripa\u017eintose jud\u0117jimo organizacijose: <strong>Taip<\/strong>, (\u017er. pirmiau)<\/li>\n<li> Klient\u0173 s\u0105ra\u0161as ir (arba) ankstesni\u0173 klient\u0173 atsiliepimai. <strong>Taip,<\/strong> \"Burke Inc.\" nepriklausomai atliko bendrov\u0117s klient\u0173 pasitenkinimo ataskait\u0173 audit\u0105 ir, remdamiesi jomis, nustat\u0117, kad bendrov\u0117s klient\u0173 pasitenkinimo lygis yra 4,22 i\u0161 5.<\/li>\n<\/ol>\n<div itemprop=\"reviewRating\" itemscope itemtype=\"http:\/\/schema.org\/Rating\"><meta itemprop=\"worstRating\" content = \"0\" \/><meta itemprop=\"bestRating\" content=\"5\" \/><meta itemprop=\"ratingValue\" content=\"5\"><\/div>\n<p><strong>Bendras \u012fvertinimas: 5\/5<\/strong><br \/>\n<strong>Per\u017ei\u016bros data:<\/strong> <span itemprop=\"datePublished\" content=\"2016-07-25\">25\/07\/2016<\/span>\n<\/div>\n<p>Skaitykite daugiau apie <a href=\"https:\/\/moverdb.com\/lt\/juda-imones\/\">tarptautin\u0117s perkraustymo \u012fmon\u0117s<\/a>, <a href=\"https:\/\/moverdb.com\/lt\/us-kanada-persikraustymo-paslaugos\/\">vidaus jud\u0117jimo \u012fmon\u0117s<\/a> ir m\u016bs\u0173 <a href=\"https:\/\/moverdb.com\/lt\/atsiliepimai\/\">paai\u0161kintas per\u017ei\u016bros procesas<\/a>.<\/p>\n<p><strong>Interneto svetain\u0117s:<\/strong> JAV: <a href=\"http:\/\/www.unitedvanlines.com\/\" target=\"_blank\" rel=\"noopener\">http:\/\/www.unitedvanlines.com\/<\/a>; <a href=\"https:\/\/moverdb.com\/lt\/moving-to-canada\/\" data-internallinksmanager029f6b8e52c=\"265\" title=\"Persik\u0117limas \u012f Kanad\u0105? 2023 m. gyvenimo i\u0161laidos ir persik\u0117limo patarimai\">Kanada<\/a>: <a href=\"http:\/\/www.uvl.ca\/\" target=\"_blank\" rel=\"noopener\">http:\/\/www.uvl.ca\/<\/a> <\/p>","protected":false},"excerpt":{"rendered":"<p>United Van Lines offers its clients many moving services both international and within the US. Below is a list of these services, plus a company profile and reviews. International Moves Move planning and preparation Needs assessment and estimate Destination preview trip Language training and cultural orientation Move management Planning services International transit Tracking and delivery [&hellip;]<\/p>\n","protected":false},"author":1,"featured_media":0,"parent":0,"menu_order":0,"comment_status":"closed","ping_status":"closed","template":"","meta":{"_genesis_hide_title":false,"_genesis_hide_breadcrumbs":false,"_genesis_hide_singular_image":false,"_genesis_hide_footer_widgets":false,"_genesis_custom_body_class":"","_genesis_custom_post_class":"","_genesis_layout":"","footnotes":""},"class_list":{"0":"post-941","1":"page","2":"type-page","3":"status-publish","5":"entry"},"_links":{"self":[{"href":"https:\/\/moverdb.com\/lt\/wp-json\/wp\/v2\/pages\/941","targetHints":{"allow":["GET"]}}],"collection":[{"href":"https:\/\/moverdb.com\/lt\/wp-json\/wp\/v2\/pages"}],"about":[{"href":"https:\/\/moverdb.com\/lt\/wp-json\/wp\/v2\/types\/page"}],"author":[{"embeddable":true,"href":"https:\/\/moverdb.com\/lt\/wp-json\/wp\/v2\/users\/1"}],"replies":[{"embeddable":true,"href":"https:\/\/moverdb.com\/lt\/wp-json\/wp\/v2\/comments?post=941"}],"version-history":[{"count":10,"href":"https:\/\/moverdb.com\/lt\/wp-json\/wp\/v2\/pages\/941\/revisions"}],"predecessor-version":[{"id":6249,"href":"https:\/\/moverdb.com\/lt\/wp-json\/wp\/v2\/pages\/941\/revisions\/6249"}],"wp:attachment":[{"href":"https:\/\/moverdb.com\/lt\/wp-json\/wp\/v2\/media?parent=941"}],"curies":[{"name":"wp","href":"https:\/\/api.w.org\/{rel}","templated":true}]}}