{"id":940,"date":"2016-09-04T19:16:26","date_gmt":"2016-09-04T19:16:26","guid":{"rendered":"http:\/\/moverdb.com\/?page_id=940"},"modified":"2026-01-08T14:47:53","modified_gmt":"2026-01-08T14:47:53","slug":"btr-international","status":"publish","type":"page","link":"https:\/\/moverdb.com\/lt\/btr-international\/","title":{"rendered":"BTR International: Darbo j\u0117gos mobilumas: Perk\u0117limas ir perk\u0117limas Atsiliepimai"},"content":{"rendered":"<p>\"BTR International\" si\u016blo \u012fmon\u0117ms daugyb\u0119 paslaug\u0173, kad jos gal\u0117t\u0173 perkelti savo darbuotojus ar versl\u0105 \u012f u\u017esien\u012f.<\/p>\n<p><strong>Tarptautinio perkraustymo paslaugos<\/strong><\/p>\n<ul type=\"circle\">\n<li class=\"m_7262227758002368167MsoListParagraph\"><b>Konsultavimo paslaugos<\/b><u><\/u><u><\/u>\n<ul type=\"square\">\n<li class=\"m_7262227758002368167MsoListParagraph\">Politikos k\u016brimas ir pl\u0117tra<u><\/u><u><\/u><\/li>\n<li class=\"m_7262227758002368167MsoListParagraph\">Lyginamoji analiz\u0117<u><\/u><u><\/u><\/li>\n<li class=\"m_7262227758002368167MsoListParagraph\">Konsultavimas<u><\/u><u><\/u><\/li>\n<\/ul>\n<\/li>\n<li class=\"m_7262227758002368167MsoListParagraph\"><b>I\u0161ankstin\u0117s u\u017eduoties paslaugos<u><\/u><u><\/u><\/b>\n<ul type=\"square\">\n<li class=\"m_7262227758002368167MsoListParagraph\">Pre-Assignment konsultavimas<u><\/u><u><\/u><\/li>\n<li class=\"m_7262227758002368167MsoListParagraph\">Kompensacij\u0173 planavimas<u><\/u><u><\/u><\/li>\n<li class=\"m_7262227758002368167MsoListParagraph\">U\u017eduoties s\u0105naud\u0173 prognoz\u0117s<u><\/u><u><\/u><\/li>\n<li class=\"m_7262227758002368167MsoListParagraph\">Paskyros lai\u0161ko rengimas<u><\/u><u><\/u><\/li>\n<li class=\"m_7262227758002368167MsoListParagraph\">Mokes\u010di\u0173 planavimas ir strategija<u><\/u><u><\/u><\/li>\n<li class=\"m_7262227758002368167MsoListParagraph\">Pradin\u0117s kompensacijos apskai\u010diavimo darbalapis<u><\/u><u><\/u><\/li>\n<li class=\"m_7262227758002368167MsoListParagraph\">Viz\u0173 ir imigracijos koordinavimas<u><\/u><u><\/u><\/li>\n<li class=\"m_7262227758002368167MsoListParagraph\">Ataskait\u0173 apie pragyvenimo i\u0161laidas teikimas<u><\/u><u><\/u><\/li>\n<li class=\"m_7262227758002368167MsoListParagraph\">Kult\u016bros ir kalbos mokymai<u><\/u><u><\/u><\/li>\n<li class=\"m_7262227758002368167MsoListParagraph\">Konsultavimas \u0161vietimo klausimais ir \u012fdarbinimas<u><\/u><u><\/u><\/li>\n<li class=\"m_7262227758002368167MsoListParagraph\">Prad\u017eia Rinkodaros pagalba<u><\/u><u><\/u><\/li>\n<\/ul>\n<\/li>\n<li class=\"m_7262227758002368167MsoListParagraph\"><b>I\u0161laid\u0173 valdymas<\/b><u><\/u><u><\/u>\n<ul type=\"square\">\n<li class=\"m_7262227758002368167MsoListParagraph\">I\u0161laid\u0173 auditas ir i\u0161mok\u0117jimas<u><\/u><u><\/u><\/li>\n<li class=\"m_7262227758002368167MsoListParagraph\">Tiesioginis i\u0161laid\u0173 apmok\u0117jimas<u><\/u><u><\/u><\/li>\n<li class=\"m_7262227758002368167MsoListParagraph\">I\u0161samus suderinimas ir ataskait\u0173 teikimas<u><\/u><u><\/u><\/li>\n<li class=\"m_7262227758002368167MsoListParagraph\">Visuotinio mobilumo politikos atitiktis<u><\/u><u><\/u><\/li>\n<li class=\"m_7262227758002368167MsoListParagraph\">I\u0161imtis d\u0117l politikos i\u0161laid\u0173 ataskait\u0173 teikimo<u><\/u><u><\/u><\/li>\n<\/ul>\n<\/li>\n<li class=\"m_7262227758002368167MsoListParagraph\"><b>Perk\u0117limo valdymas<\/b><u><\/u><u><\/u>\n<ul type=\"square\">\n<li class=\"m_7262227758002368167MsoListParagraph\">Grup\u0117s perkraustymo valdymas<u><\/u><u><\/u><\/li>\n<li class=\"m_7262227758002368167MsoListParagraph\">Vienkartin\u0117s sumos sprendimas<u><\/u><u><\/u><\/li>\n<li class=\"m_7262227758002368167MsoListParagraph\">Saugojimo paslaugos<u><\/u><u><\/u><\/li>\n<li class=\"m_7262227758002368167MsoListParagraph\">Pasaulin\u0117 judumo programa<u><\/u><u><\/u><\/li>\n<li class=\"m_7262227758002368167MsoListParagraph\">Tarptautinis krovini\u0173 ekspedijavimas<u><\/u><u><\/u><\/li>\n<li class=\"m_7262227758002368167MsoListParagraph\">Draudimo programa<u><\/u><u><\/u><\/li>\n<li class=\"m_7262227758002368167MsoListParagraph\">VIP paslaugos<u><\/u><u><\/u><\/li>\n<li class=\"m_7262227758002368167MsoListParagraph\">Atsarg\u0173 valdymas<u><\/u><u><\/u><\/li>\n<li class=\"m_7262227758002368167MsoListParagraph\">Komercinis perkraustymas<u><\/u><u><\/u><\/li>\n<li class=\"m_7262227758002368167MsoListParagraph\">Gyv\u016bn\u0173 augintini\u0173 perkraustymo paslaugos<u><\/u><u><\/u><\/li>\n<\/ul>\n<\/li>\n<li class=\"m_7262227758002368167MsoListParagraph\"><b>Paskirties paslaugos<\/b><u><\/u><u><\/u>\n<ul type=\"square\">\n<li class=\"m_7262227758002368167MsoListParagraph\">Pagalba ie\u0161kant nam\u0173<u><\/u><u><\/u><\/li>\n<li class=\"m_7262227758002368167MsoListParagraph\">Pagalba ie\u0161kant nuomos<u><\/u><u><\/u><\/li>\n<li class=\"m_7262227758002368167MsoListParagraph\">Pagalba ie\u0161kant mokyklos<u><\/u><u><\/u><\/li>\n<li class=\"m_7262227758002368167MsoListParagraph\">Laikinas gyvenimas<u><\/u><u><\/u><\/li>\n<li class=\"m_7262227758002368167MsoListParagraph\">Sutuoktinio karjeros konsultacijos<u><\/u><u><\/u><\/li>\n<li class=\"m_7262227758002368167MsoListParagraph\">Nuomos valdymas<u><\/u><u><\/u><\/li>\n<li class=\"m_7262227758002368167MsoListParagraph\">Nekilnojamojo turto valdymas<u><\/u><u><\/u><\/li>\n<li class=\"m_7262227758002368167MsoListParagraph\">\u012esik\u016brimo paslaugos<u><\/u><u><\/u><\/li>\n<\/ul>\n<\/li>\n<li class=\"m_7262227758002368167MsoListParagraph\"><b>Ataskait\u0173 teikimo paslaugos<\/b><u><\/u><u><\/u>\n<ul type=\"square\">\n<li class=\"m_7262227758002368167MsoListParagraph\">Pagal u\u017esakym\u0105 parengtos u\u017eduo\u010di\u0173 ataskaitos<u><\/u><u><\/u><\/li>\n<li class=\"m_7262227758002368167MsoListParagraph\">I\u0161laid\u0173 valdymas ir finansini\u0173 met\u0173 pabaigos mokes\u010diai<u><\/u><u><\/u><\/li>\n<li class=\"m_7262227758002368167MsoListParagraph\">Politikos steb\u0117jimo i\u0161imtis<u><\/u><u><\/u><\/li>\n<li class=\"m_7262227758002368167MsoListParagraph\">Verslo keliautoj\u0173 steb\u0117jimas ir ataskait\u0173 teikimas<u><\/u><u><\/u><\/li>\n<li class=\"m_7262227758002368167MsoListParagraph\">Ketvirtin\u0117s ir met\u0173 pabaigos klient\u0173 ap\u017evalgos<\/li>\n<\/ul>\n<\/li>\n<\/ul>\n<h2>\"BTR International\" \u012fmon\u0117s profilis<\/h2>\n<p>\"BTR International\" yra apdovanojimus pelniusi tarptautinio persik\u0117limo valdymo bendrov\u0117, turinti daugiau nei 35 met\u0173 patirt\u012f darbo j\u0117gos mobilumo srityje. \"BTR International\" siekia palengvinti \u012fmon\u0117s personalo skyriui tenkant\u012f kr\u016bv\u012f, organizuodama kuo didesn\u0119 persikraustymo dal\u012f ir pad\u0117dama tiek \u012fmonei, tiek persikelian\u010diam personalui.<\/p>\n<p>2019 m. \"BTR\" \u012fsigijo \"Writer Corporation\", pasaulin\u0117 organizacija, turinti daugiau nei 60 met\u0173 patirties perkraustymo pramon\u0117je. Bendras darbas sustiprino j\u0173 pasaulin\u012f tinkl\u0105 ir paslaug\u0173 kokyb\u0119.<\/p>\n<p>\u010cia pateikiamas \"BTR International\" akreditacij\u0173 ir ry\u0161i\u0173 s\u0105ra\u0161as:<\/p>\n<ul>\n<li><a href=\"https:\/\/moverdb.com\/lt\/britu-salintoju-asociacija\/\">Did\u017eiosios Britanijos perkraustytoj\u0173 asociacija<\/a> (<a href=\"https:\/\/moverdb.com\/lt\/british-association-of-removers\/\" data-internallinksmanager029f6b8e52c=\"9\" title=\"Britanijos perkraustymo \u012fmoni\u0173 asociacijos (BAR) paai\u0161kinimai\">BAR<\/a>)<\/li>\n<li><a href=\"https:\/\/moverdb.com\/lt\/baras-uzjuris\/\">Did\u017eiosios Britanijos perkraustytoj\u0173 u\u017esienyje asociacija<\/a><\/li>\n<li><a href=\"https:\/\/moverdb.com\/lt\/fidi-faim\/\">Tarptautini\u0173 perve\u017e\u0117j\u0173 federacija<\/a> (<a href=\"https:\/\/moverdb.com\/lt\/fidi-faim\/\" data-internallinksmanager029f6b8e52c=\"16\" title=\"FIDI ir FAIM (FIDI akredituotas tarptautinis perve\u017e\u0117jas) paai\u0161kinimai\">FIDI<\/a>)<\/li>\n<li><a href=\"https:\/\/moverdb.com\/lt\/fidi-faim\/\">FAIM Plus<\/a><\/li>\n<li><a href=\"https:\/\/moverdb.com\/lt\/esu\/\">Tarptautin\u0117 perkraustytoj\u0173 asociacija<\/a> (<a href=\"https:\/\/moverdb.com\/lt\/iam\/\" data-internallinksmanager029f6b8e52c=\"23\" title=\"Tarptautin\u0117s perkraustytoj\u0173 asociacijos (IAM) paai\u0161kinimai\">IAM<\/a>)<\/li>\n<li><a href=\"https:\/\/moverdb.com\/lt\/fedemac\/\">FEDEMAC<\/a><\/li>\n<li><a href=\"https:\/\/moverdb.com\/lt\/lacma\/\">LACMA<\/a><\/li>\n<li><a href=\"https:\/\/moverdb.com\/lt\/mtc\/\">Movers prekybos klubas<\/a> (<a href=\"https:\/\/moverdb.com\/lt\/mtc\/\" data-internallinksmanager029f6b8e52c=\"30\" title=\"Movers Trading Club (MTC) Paai\u0161kinta\">MTC<\/a>)<\/li>\n<li><a href=\"https:\/\/moverdb.com\/lt\/darbuotoju-perkelimo-taryba\/\">Pasaulin\u0117 ERC<\/a><\/li>\n<li><a href=\"https:\/\/moverdb.com\/lt\/asociacija-association-relocation-professionals\/\">Perkraustymo specialist\u0173 asociacija<\/a> (<a href=\"https:\/\/moverdb.com\/lt\/association-relocation-professionals\/\" data-internallinksmanager029f6b8e52c=\"6\" title=\"Perkraustymo specialist\u0173 asociacijos (ARP) paai\u0161kinimai\">ARP<\/a>)<\/li>\n<li><a href=\"https:\/\/moverdb.com\/lt\/eura\/\">Europos persik\u0117limo asociacija<\/a> (<a href=\"https:\/\/moverdb.com\/lt\/eura\/\" data-internallinksmanager029f6b8e52c=\"13\" title=\"Europos persik\u0117limo asociacijos (EuRA) paai\u0161kinimai\">EuRA<\/a>)<\/li>\n<li>Emigrant\u0173 valdymo forumas<\/li>\n<li>ISO 9001<\/li>\n<li>ISO 14001<\/li>\n<\/ul>\n<p><strong>\"BTR International\" ap\u017evalgos<\/strong><\/p>\n<p>\u012emon\u0117 pateik\u0117 kelet\u0105 teigiam\u0173 atsiliepim\u0173 <a href=\"https:\/\/www.google.com\/search?q=btr+international&#038;rlz=1C1GCEU_en-GBGB955GB973&#038;oq=btr+international&#038;aqs=chrome.0.0i355i512j46i175i199i512j69i59l3j69i60l3.8906j0j7&#038;sourceid=chrome&#038;ie=UTF-8#lrd=0x48764eb31a41d6d7:0xb3d5c304f795d7ad,1,,,\" target=\"_blank\" rel=\"noopener\">galite pamatyti \u010dia<\/a>.<\/p>\n<p><strong>Teigiamas<\/strong><\/p>\n<p><em>\"Geresn\u0117s patirties, susijusios su m\u016bs\u0173 tarptautiniu persikraustymu su BTR, negal\u0117jome tik\u0117tis. Abiej\u0173 pusi\u0173 perkraustymo specialistai buvo kruop\u0161t\u016bs, malon\u016bs ir labai kvalifikuoti. Visi daiktai kruop\u0161\u010diai supakuoti, saugomi ir i\u0161pakuoti \/ surinkti paskirties vietoje pagal pa\u017ead\u0117t\u0105 grafik\u0105. M\u016bs\u0173 persikraustymo koordinator\u0117 Sarah buvo itin aktyvi, operatyvi ir r\u016bpestinga. Labai rekomenduoju!\"<\/em> - Tina Cachules<\/p>\n<p><em>\"\u0160i\u0105 \u012fmon\u0119 naudojome abiem savo nam\u0173 perkraustymams per daugel\u012f met\u0173. Manome, kad j\u0173 paslaugos yra puikios. Konkurencingos kainos abu kartus. J\u0173 klient\u0173 aptarnavimo skyrius yra labai prieinamas, o perkraustymo brigados labai lanks\u010dios ir efektyvios. Nedvejodamas rekomenduoju BTR.\"<\/em> - Geoffas White'as<\/p>\n<p><em>\"Kadangi mano persikraustymas buvo gana trumpalaikis ir konkre\u010di\u0173 dat\u0173, negal\u0117jau jo u\u017esakyti su BTR. Ta\u010diau agentas buvo labai paslaugus, kupinas informacijos ir patarim\u0173. B\u016btinai naudo\u010diausi ateityje.\"<\/em> - Rachael<\/p>\n<p><strong>Neigiamas:<\/strong><\/p>\n<ul>\n<li><em>\"Tur\u0117jome ger\u0105 pirm\u0105j\u0105 patirt\u012f su BTR kaip m\u016bs\u0173 nam\u0173 apyvokos daikt\u0173 siuntos pristatymo agentu i\u0161 <a href=\"https:\/\/moverdb.com\/lt\/moving-to-the-united-states\/\" data-internallinksmanager029f6b8e52c=\"94\" title=\"Persik\u0117limas \u012f Jungtines Amerikos Valstijas? 2022 Gyvenimo i\u0161laidos ir persik\u0117limo patarimai\">JAV<\/a> 2011 m. gegu\u017e\u0119, ta\u010diau 2012 m. gruod\u012f jie buvo ko\u0161maras persikraustant \u012f kit\u0105 viet\u0105.\"<\/em> - Tim Emrich per <a href=\"http:\/\/www.removalreviews.co.uk\/movingreviews\/avoid-these-movers-1874\" target=\"_blank\" rel=\"noopener\">Perkraustymo ap\u017evalgos<\/a><\/li>\n<\/ul>\n<div>\n<p>MoverDB.com internetin\u0117s svetain\u0117s ap\u017evalga BTR International:<\/p>\n<ol>\n<li>Ai\u0161ki kontaktin\u0117 informacija svetain\u0117je (\u012fskaitant telefono numer\u012f): <strong>Taip<\/strong><\/li>\n<li>Lengva gauti <a href=\"https:\/\/moverdb.com\/lt\/citatos\/\">tarptautini\u0173 perkraustym\u0173 citatos<\/a>? (internetin\u0117 s\u0105matos u\u017eklausos forma): <strong>Taip<\/strong><\/li>\n<li>Ai\u0161ki informacija svetain\u0117je: <strong>Kai kurie,<\/strong> Svetain\u0117je n\u0117ra daug i\u0161samios informacijos, joje \u0161iek tiek sud\u0117tinga nar\u0161yti, ta\u010diau pagrindin\u0117 informacija pateikta ai\u0161kiai.<\/li>\n<li>Naryst\u0117 tarptautin\u0117se pripa\u017eintose jud\u0117jimo organizacijose: <strong>Taip<\/strong>, \u017er. pirmiau.<\/li>\n<li>Klient\u0173 s\u0105ra\u0161as ir (arba) ankstesni\u0173 klient\u0173 atsiliepimai: <strong>Taip,<\/strong> Svetain\u0117je pateikiami atsiliepimai<\/li>\n<\/ol>\n<div>&nbsp;<\/div>\n<p><strong>Bendras \u012fvertinimas: 4,5\/5<\/strong><br \/>\n<strong>Per\u017ei\u016bros data:<\/strong>03\/04\/2023<\/p>\n<\/div>\n<p>Daugiau apie <a href=\"https:\/\/moverdb.com\/lt\/tarptautiniai-perkraustymai\/\">tarptautinio perkraustymo \u012fmon\u0117s<\/a> ir m\u016bs\u0173 <a href=\"https:\/\/moverdb.com\/lt\/atsiliepimai\/\">per\u017ei\u016bros procesas<\/a>.<\/p>\n<p><strong>Interneto svetain\u0117:<\/strong> <a href=\"https:\/\/www.btrinternational.com\/\" target=\"_blank\" rel=\"noopener\">https:\/\/www.btrinternational.com\/<\/a><\/p>","protected":false},"excerpt":{"rendered":"<p>BTR International offers the corporate world many services in order for them to relocate their staff or their business abroad. International Moving Services Consulting Services Policy Design &amp; Development Benchmarking Counselling Pre-Assignment Services Pre-Assignment Counselling Compensation Planning Assignment Cost Projections Assignment Letter Preparation Tax Planning &amp; Strategy Initial Compensation Worksheet Calculation Visa\/Immigration Co-ordination Cost Of [&hellip;]<\/p>\n","protected":false},"author":1,"featured_media":0,"parent":0,"menu_order":0,"comment_status":"closed","ping_status":"closed","template":"","meta":{"_genesis_hide_title":false,"_genesis_hide_breadcrumbs":false,"_genesis_hide_singular_image":false,"_genesis_hide_footer_widgets":false,"_genesis_custom_body_class":"","_genesis_custom_post_class":"","_genesis_layout":"","footnotes":""},"class_list":{"0":"post-940","1":"page","2":"type-page","3":"status-publish","5":"entry"},"_links":{"self":[{"href":"https:\/\/moverdb.com\/lt\/wp-json\/wp\/v2\/pages\/940","targetHints":{"allow":["GET"]}}],"collection":[{"href":"https:\/\/moverdb.com\/lt\/wp-json\/wp\/v2\/pages"}],"about":[{"href":"https:\/\/moverdb.com\/lt\/wp-json\/wp\/v2\/types\/page"}],"author":[{"embeddable":true,"href":"https:\/\/moverdb.com\/lt\/wp-json\/wp\/v2\/users\/1"}],"replies":[{"embeddable":true,"href":"https:\/\/moverdb.com\/lt\/wp-json\/wp\/v2\/comments?post=940"}],"version-history":[{"count":8,"href":"https:\/\/moverdb.com\/lt\/wp-json\/wp\/v2\/pages\/940\/revisions"}],"predecessor-version":[{"id":8598,"href":"https:\/\/moverdb.com\/lt\/wp-json\/wp\/v2\/pages\/940\/revisions\/8598"}],"wp:attachment":[{"href":"https:\/\/moverdb.com\/lt\/wp-json\/wp\/v2\/media?parent=940"}],"curies":[{"name":"wp","href":"https:\/\/api.w.org\/{rel}","templated":true}]}}