{"id":939,"date":"2016-09-23T06:49:42","date_gmt":"2016-09-23T06:49:42","guid":{"rendered":"http:\/\/moverdb.com\/?page_id=939"},"modified":"2026-01-08T13:18:21","modified_gmt":"2026-01-08T13:18:21","slug":"gerson-relocation","status":"publish","type":"page","link":"https:\/\/moverdb.com\/lt\/gerson-relocation\/","title":{"rendered":"Gersono perk\u0117limas: Tarptautinis perkraustymas ir perkraustymas Atsiliepimai"},"content":{"rendered":"<p>\"Gerson Relocation\" savo klientams si\u016blo \u012fvairias paslaugas, nesvarbu, ar jie persikelia \u012f u\u017esien\u012f, ar \u012f kit\u0105 \u0161al\u012f. Po si\u016blom\u0173 paslaug\u0173 s\u0105ra\u0161o pateikiamas \u012fmon\u0117s profilis ir atsiliepimai.<\/p>\n<p><strong>Korporatyvin\u0117s paslaugos ir (arba) parama<\/strong><\/p>\n<ul>\n<li> Specialus perkraustymo vadybininkas, koordinuojantis perkraustym\u0105<\/li>\n<li> Profesionalus tyrimas<\/li>\n<li> Pakavimas<\/li>\n<li> <a href=\"https:\/\/moverdb.com\/lt\/konteineriu-kroviniu-gabenimas\/\">Gabenimas j\u016bra, oru arba keliais<\/a><\/li>\n<li> I\u0161pakavimas, jei reikia<\/li>\n<li> I\u0161valykite pakuot\u0117s med\u017eiag\u0105, kad j\u0105 b\u016bt\u0173 galima perdirbti.<\/li>\n<li> Saugojimas, jei reikia<\/li>\n<li> Draudimas<\/li>\n<\/ul>\n<p><strong>Individual\u016bs perk\u0117limo sprendimai<\/strong><\/p>\n<ul>\n<li> Informaciniai paketai<\/li>\n<li> Kult\u016brinis mokymas<\/li>\n<li> Orientaciniai vizitai \/ vizitai \"Pa\u017evelk<\/li>\n<li> Patarimai \u0161vietimo klausimais<\/li>\n<li> Laikinas apgyvendinimas<\/li>\n<li> Prad\u017eia paie\u0161ka<\/li>\n<li> Derybos d\u0117l nuomos<\/li>\n<li> \u012eregistravimas \/ i\u0161registravimas<\/li>\n<li> Bald\u0173 nuoma<\/li>\n<li> \u012esik\u016brimas<\/li>\n<li> Pagalba partneriams<\/li>\n<li> Kalb\u0173 mokymas<\/li>\n<\/ul>\n<p><strong>Privatus perkraustymas<\/strong><\/p>\n<ul>\n<li> Specialus perkraustymo vadybininkas<\/li>\n<li> Apklausa<\/li>\n<li> Profesionalus pakavimas<\/li>\n<li> Daikt\u0173 gabenimas j\u016bra, oru arba keliais<\/li>\n<li> Muitinis \u012fforminimas<\/li>\n<li> Daikt\u0173 i\u0161pakavimas<\/li>\n<li> Pakuo\u010di\u0173 med\u017eiag\u0173 perdirbimas<\/li>\n<li> Saugojimas, jei reikia<\/li>\n<li> Sutvarkytas draudimas<\/li>\n<\/ul>\n<p><strong>Saugojimo paslaugos<\/strong><\/p>\n<ul>\n<li> Visos saugojimo paslaugos<\/li>\n<li> Savaranki\u0161kas saugojimas<\/li>\n<li> Studentams skirta saugykla<\/li>\n<li> Komercinis sand\u0117liavimas<\/li>\n<li> Trumpalaikis ar ilgalaikis<\/li>\n<li> 24 valandas per par\u0105 veikianti vaizdo steb\u0117jimo sistema<\/li>\n<\/ul>\n<h2>\"Gerson Relocation\" \u012fmon\u0117s profilis<\/h2>\n<p>\"Gerson Relocation\" buvo \u012fkurta 1961 m., o jos tikslas - teikti savo klientams labai individualias paslaugas, kuri\u0173 negalima rasti kitose organizacijose. \u012emon\u0117 to pasiekia grie\u017etai kontroliuodama kokyb\u0119 ir pasitelkdama profesionalius, gerai apmokytus darbuotojus, i\u0161 kuri\u0173 kai kurie \u012fmon\u0117je dirba de\u0161imtme\u010dius.<\/p>\n<p>\"Gerson Relocation\" taip pat siekia, kad j\u0173 verslas b\u016bt\u0173 vykdomas \u0161variai ir ekologi\u0161kai. Jie remia tris labdaros organizacijas ir suteikia savo darbuotojams dvi dienas mokam\u0173 atostog\u0173, kad jie taip pat gal\u0117t\u0173 prisid\u0117ti prie \u0161i\u0173 tiksl\u0173.<\/p>\n<p>\u0160iandien \"Gerson Relocation\" yra dukterin\u0117 bendrov\u0117s <a href=\"https:\/\/moverdb.com\/lt\/abels-removals\/\">Abels Perkraustymo paslaugos<\/a> Ltd, kuri yra labai s\u0117kminga \u0161eimos valdoma \u012fmon\u0117, 1988 m. apdovanota J. E. Karalien\u0117s karali\u0161kuoju orderiu. Remiantis klientams i\u0161si\u0173stais klausimynais, 2015 m. ir 2016 m. bendrov\u0117 gavo 98% klient\u0173 pasitenkinimo reiting\u0105.<\/p>\n<p>\"Gerson Relocation\" akreditacijos ir priklausomyb\u0117s: <\/p>\n<ul>\n<li> <a href=\"https:\/\/moverdb.com\/lt\/britu-salintoju-asociacija\/\">Did\u017eiosios Britanijos perkraustytoj\u0173 asociacija<\/a> (<a href=\"https:\/\/moverdb.com\/lt\/british-association-of-removers\/\" data-internallinksmanager029f6b8e52c=\"9\" title=\"Britanijos perkraustymo \u012fmoni\u0173 asociacijos (BAR) paai\u0161kinimai\">BAR<\/a>)<\/li>\n<li> <a href=\"https:\/\/moverdb.com\/lt\/harmony-relocation-network\/\">Harmonijos perk\u0117limo tinklas<\/a> (<a href=\"https:\/\/moverdb.com\/lt\/harmony-relocation-network\/\" data-internallinksmanager029f6b8e52c=\"20\" title=\"Paai\u0161kinta apie &quot;Harmony Relocation Network&quot; (HRN)\">HRN<\/a>)<\/li>\n<li> <a href=\"https:\/\/moverdb.com\/lt\/eura\/\">Europos persik\u0117limo asociacija<\/a> (<a href=\"https:\/\/moverdb.com\/lt\/eura\/\" data-internallinksmanager029f6b8e52c=\"13\" title=\"Europos persik\u0117limo asociacijos (EuRA) paai\u0161kinimai\">EuRA<\/a>)<\/li>\n<li> <a href=\"https:\/\/moverdb.com\/lt\/fidi-faim\/\">FIDI<\/a><\/li>\n<li> <a href=\"https:\/\/moverdb.com\/lt\/fidi-faim\/\" data-internallinksmanager029f6b8e52c=\"16\" title=\"FIDI ir FAIM (FIDI akredituotas tarptautinis perve\u017e\u0117jas) paai\u0161kinimai\">FAIM<\/a><\/li>\n<li> <a href=\"https:\/\/moverdb.com\/lt\/mtc\/\">Movers prekybos klubas<\/a> (<a href=\"https:\/\/moverdb.com\/lt\/mtc\/\" data-internallinksmanager029f6b8e52c=\"30\" title=\"Movers Trading Club (MTC) Paai\u0161kinta\">MTC<\/a>)<\/li>\n<\/ul>\n<h2>\"Gerson Relocation\" atsiliepimai<\/h2>\n<p><strong>Teigiamas<\/strong><\/p>\n<ul>\n<li>  \"<em>Geresnio aptarnavimo i\u0161 savo persikraustymo komandos negal\u0117jome papra\u0161yti.\"<\/em> - K. L. per <a href=\"http:\/\/www.gersonrelocation.com\/voice-of-the-customer\/\" target=\"_blank\" rel=\"noopener\">Laiming\u0173 klient\u0173 puslapis<\/a> <\/li>\n<\/ul>\n<p><strong>Neigiamas<\/strong><\/p>\n<p>Nepavyko rasti joki\u0173 neigiam\u0173 atsiliepim\u0173 apie \"Gerson Relocation\" internete.<\/p>\n<div itemprop=\"review\" itemscope itemtype=\"http:\/\/schema.org\/Review\">\n<span itemprop=\"author\" itemscope=\"\" itemtype=\"http:\/\/schema.org\/Organization\"><span itemprop=\"name\">MoverDB.com<\/span><\/span> Internetin\u0117s svetain\u0117s ap\u017evalga <span itemprop=\"itemreviewed\" itemscope=\"\" itemtype=\"http:\/\/schema.org\/Brand\"><span itemprop=\"name\">Gersono perk\u0117limas<\/span><\/span>:<\/p>\n<ol>\n<li> Ai\u0161ki kontaktin\u0117 informacija svetain\u0117je (\u012fskaitant telefono numer\u012f): <strong>Taip<\/strong><\/li>\n<li> Lengva gauti <a href=\"https:\/\/moverdb.com\/lt\/citatos\/\">tarptautini\u0173 perkraustym\u0173 citatos<\/a>? (internetin\u0117 s\u0105matos u\u017eklausos forma): <strong>Taip<\/strong><\/li>\n<li> Ai\u0161ki informacija svetain\u0117je: <strong>Taip,<\/strong> Svetain\u0117 yra gana i\u0161sami, tod\u0117l potencial\u016bs klientai gali susidaryti ger\u0105 \u012fsp\u016bd\u012f apie tai, koki\u0173 paslaug\u0173 galima tik\u0117tis.<\/li>\n<li> Naryst\u0117 tarptautin\u0117se pripa\u017eintose jud\u0117jimo organizacijose: <strong>Taip<\/strong><\/li>\n<li> Klient\u0173 s\u0105ra\u0161as ir (arba) ankstesni\u0173 klient\u0173 atsiliepimai: <strong>Taip<\/strong>, Svetain\u0117je yra daug teigiam\u0173 klient\u0173 atsiliepim\u0173.<\/li>\n<\/ol>\n<div itemprop=\"reviewRating\" itemscope itemtype=\"http:\/\/schema.org\/Rating\"><meta itemprop=\"worstRating\" content = \"0\" \/><meta itemprop=\"bestRating\" content=\"5\" \/><meta itemprop=\"ratingValue\" content=\"5\"><\/div>\n<p><strong>Bendras \u012fvertinimas: 5\/5<\/strong><br \/>\n<strong>Per\u017ei\u016bros data:<\/strong> <span itemprop=\"datePublished\" content=\"2016-09-23\">23\/09\/16<\/span>\n<\/div>\n<p>Daugiau apie <a href=\"https:\/\/moverdb.com\/lt\/tarptautiniai-perkraustymai\/\">tarptautiniai perkraustymai<\/a> ir m\u016bs\u0173 <a href=\"https:\/\/moverdb.com\/lt\/atsiliepimai\/\">paai\u0161kintas per\u017ei\u016bros procesas<\/a>.<\/p>\n<p><strong>Interneto svetain\u0117:<\/strong> <a href=\"http:\/\/www.gersonrelocation.com\" target=\"_blank\" rel=\"noopener\">http:\/\/www.gersonrelocation.com<\/a><\/p>","protected":false},"excerpt":{"rendered":"<p>Gerson Relocation offer their clients a variety of services, whether they are relocating abroad or locally. A company profile and reviews follow the list of services on offer. Corporate Services\/Support Dedicated move manager to coordinate the move Professional survey Packing Shipping by sea, air or road Unpacking if required Clear away packing material for recycling [&hellip;]<\/p>\n","protected":false},"author":1,"featured_media":0,"parent":0,"menu_order":0,"comment_status":"closed","ping_status":"closed","template":"","meta":{"_genesis_hide_title":false,"_genesis_hide_breadcrumbs":false,"_genesis_hide_singular_image":false,"_genesis_hide_footer_widgets":false,"_genesis_custom_body_class":"","_genesis_custom_post_class":"","_genesis_layout":"","footnotes":""},"class_list":{"0":"post-939","1":"page","2":"type-page","3":"status-publish","5":"entry"},"_links":{"self":[{"href":"https:\/\/moverdb.com\/lt\/wp-json\/wp\/v2\/pages\/939","targetHints":{"allow":["GET"]}}],"collection":[{"href":"https:\/\/moverdb.com\/lt\/wp-json\/wp\/v2\/pages"}],"about":[{"href":"https:\/\/moverdb.com\/lt\/wp-json\/wp\/v2\/types\/page"}],"author":[{"embeddable":true,"href":"https:\/\/moverdb.com\/lt\/wp-json\/wp\/v2\/users\/1"}],"replies":[{"embeddable":true,"href":"https:\/\/moverdb.com\/lt\/wp-json\/wp\/v2\/comments?post=939"}],"version-history":[{"count":3,"href":"https:\/\/moverdb.com\/lt\/wp-json\/wp\/v2\/pages\/939\/revisions"}],"predecessor-version":[{"id":6214,"href":"https:\/\/moverdb.com\/lt\/wp-json\/wp\/v2\/pages\/939\/revisions\/6214"}],"wp:attachment":[{"href":"https:\/\/moverdb.com\/lt\/wp-json\/wp\/v2\/media?parent=939"}],"curies":[{"name":"wp","href":"https:\/\/api.w.org\/{rel}","templated":true}]}}