{"id":938,"date":"2016-09-23T07:14:51","date_gmt":"2016-09-23T07:14:51","guid":{"rendered":"http:\/\/moverdb.com\/?page_id=938"},"modified":"2026-01-08T14:40:14","modified_gmt":"2026-01-08T14:40:14","slug":"momentinis-perkelimas","status":"publish","type":"page","link":"https:\/\/moverdb.com\/lt\/momentous-relocation\/","title":{"rendered":"Svarbus perk\u0117limas: Tarptautinis persikraustymas ir perkraustymas Atsiliepimai"},"content":{"rendered":"<p>\"Momentous Relocation\" yra tarptautinio perkraustymo ir perkraustymo specialist\u0173 \u012fmon\u0117, \u012fsik\u016brusi <a href=\"https:\/\/moverdb.com\/lt\/moving-to-london\/\">Londonas<\/a>. Ji si\u016blo klientams daugyb\u0119 paslaug\u0173, kurios i\u0161vardytos toliau, kartu su \u012fmon\u0117s profiliu ir atsiliepimais.<\/p>\n<p><strong>Perkraustymo paslaugos<\/strong><\/p>\n<ul>\n<li> Apklausa prie\u0161 persikraustym\u0105<\/li>\n<li> <a href=\"https:\/\/moverdb.com\/lt\/konteineriu-kroviniu-gabenimas\/\">Gabenimas ir krovini\u0173 gabenimas oro transportu<\/a><\/li>\n<li> Paskirties paslaugos<\/li>\n<li> Draudimo paslaugos<\/li>\n<li> Vidaus jud\u0117jimas<\/li>\n<li> Daili\u0173j\u0173 men\u0173 siuntimas<\/li>\n<li> Gyv\u016bn\u0173 perkraustymo paslauga<\/li>\n<li> Perkraustymo namo \u0161alies vadovai<\/li>\n<\/ul>\n<p><strong>Perk\u0117limo paslaugos<\/strong><\/p>\n<ul>\n<li> Pasaulinis jud\u0117jimas ir saugojimas<\/li>\n<li> Vizos ir imigracija<\/li>\n<li> Kalbos ir kult\u016brin\u0117 parama<\/li>\n<li> <a href=\"https:\/\/moverdb.com\/lt\/persikraustymo-islaidos\/\">Pragyvenimo i\u0161laidos<\/a> analiz\u0117<\/li>\n<li> Parama persikeliantiems partneriams<\/li>\n<li> Orientavimasis \u012f vietov\u0119<\/li>\n<li> Mokykl\u0173 paie\u0161ka<\/li>\n<li> Laikinas apgyvendinimas<\/li>\n<li> Pagalbos linija<\/li>\n<li> Prad\u017eia paie\u0161ka<\/li>\n<li> Pagalba \u012fsikuriant<\/li>\n<li> Perk\u0117limo valdymas<\/li>\n<li> I\u0161vykimo paslaugos<\/li>\n<\/ul>\n<p><strong>Saugojimo paslaugos<\/strong><\/p>\n<ul>\n<li> Trumpalaikis ir ilgalaikis saugojimas<\/li>\n<li> Tarptautinis saugojimas<\/li>\n<li> Saugojimas <a href=\"https:\/\/moverdb.com\/lt\/moving-to-the-uk\/\" data-internallinksmanager029f6b8e52c=\"93\" title=\"Persik\u0117limas \u012f Jungtin\u0119 Karalyst\u0119? 2022 Gyvenimo i\u0161laidos ir persikraustymo patarimai\">JK<\/a><\/li>\n<li> Verslo sand\u0117liavimas<\/li>\n<li> 24 valandas per par\u0105 veikianti vaizdo steb\u0117jimo sistema<\/li>\n<\/ul>\n<p><strong>Biuro perk\u0117limas ir perk\u0117limas<\/strong><\/p>\n<ul>\n<li> Projekt\u0173 valdymas<\/li>\n<li> D\u0117\u017ei\u0173 nuoma<\/li>\n<li> Porterage<\/li>\n<li> Planavimas ir logistika<\/li>\n<li> Individualiai pritaikyti draudimo paketai<\/li>\n<li> Biuro bald\u0173 sand\u0117liavimas<\/li>\n<li> Dokument\u0173 saugojimas<\/li>\n<li> Archyvo saugykla<\/li>\n<li> Specializuota saugykla<\/li>\n<li> \u012emoni\u0173 socialin\u0117 atsakomyb\u0117<\/li>\n<li> \u0160alinimo paslaugos<\/li>\n<li> Saugus smulkinimas<\/li>\n<li> Valymo paslaugos<\/li>\n<li> Biuro leidimai<\/li>\n<\/ul>\n<p><strong>Meno k\u016brini\u0173 pakavimo ir pristatymo paslaugos<\/strong><\/p>\n<ul>\n<li> D\u0117\u017eu\u010di\u0173 gamyba ir pakavimas<\/li>\n<li> Gabenimas keliais, oru arba j\u016bra<\/li>\n<li> Saugykla<\/li>\n<li> Balt\u0173j\u0173 pir\u0161tini\u0173 pakavimas<\/li>\n<li> Parod\u0173 paslaugos<\/li>\n<\/ul>\n<p><strong>Specialieji projektai<\/strong><\/p>\n<ul>\n<li> Serverio transportavimas<\/li>\n<li> Tarptautinis biuro perk\u0117limas<\/li>\n<li> Specializuoti judesiai<\/li>\n<li> Individualus draudimas<\/li>\n<\/ul>\n<h2>\"Momentous Relocation\" \u012fmon\u0117s profilis<\/h2>\n<p>\"Momentous Relocation\" tarptautin\u0119 veikl\u0105 prad\u0117jo 1978 m. \u012emon\u0117s registruota buvein\u0117 yra Baker gatv\u0117je, Londone, ir ji turi dvi sand\u0117liavimo ir biur\u0173 patalpas \u0161iaur\u0117s vakar\u0173 Londone (pagrindin\u0117 buvein\u0117) ir Ailsberyje. <\/p>\n<p>\u012emon\u0117 ir jos darbuotojai teigia, kad jiems visada svarbiausia yra klientai ir jie stengiasi, kad kiekvienas persikraustymas b\u016bt\u0173 greitas ir neskausmingas klientui.<\/p>\n<p>\"Momentous Relocation\" vykdo pla\u010di\u0105 \u012fmon\u0117s socialin\u0117s atsakomyb\u0117s program\u0105, kuri apima darbuotojus, klientus, aplink\u0105 ir bendruomen\u0119.<\/p>\n<p>Momentous Relocation priklausomyb\u0117 ir akreditacijos:<\/p>\n<ul>\n<li> <a href=\"https:\/\/moverdb.com\/lt\/fidi-faim\/\">FIDI<\/a><\/li>\n<li> <a href=\"https:\/\/moverdb.com\/lt\/fidi-faim\/\">FAIM Plus<\/a><\/li>\n<li> <a href=\"https:\/\/moverdb.com\/lt\/britu-salintoju-asociacija\/\">Did\u017eiosios Britanijos perkraustytoj\u0173 asociacija<\/a> (<a href=\"https:\/\/moverdb.com\/lt\/british-association-of-removers\/\" data-internallinksmanager029f6b8e52c=\"9\" title=\"Britanijos perkraustymo \u012fmoni\u0173 asociacijos (BAR) paai\u0161kinimai\">BAR<\/a>)<\/li>\n<li> <a href=\"https:\/\/moverdb.com\/lt\/baras-uzjuris\/\">Did\u017eiosios Britanijos perkraustytoj\u0173 asociacijos grup\u0117 u\u017esienyje<\/a><\/li>\n<li> <a href=\"https:\/\/moverdb.com\/lt\/mtc\/\">Movers prekybos klubas<\/a> (<a href=\"https:\/\/moverdb.com\/lt\/mtc\/\" data-internallinksmanager029f6b8e52c=\"30\" title=\"Movers Trading Club (MTC) Paai\u0161kinta\">MTC<\/a>)<\/li>\n<li> <a href=\"https:\/\/moverdb.com\/lt\/eura\/\">EuRA<\/a><\/li>\n<li> ISO akreditacijos<\/li>\n<\/ul>\n<h2>\"Momentous Relocation\" atsiliepimai<\/h2>\n<p><strong>Teigiamas:<\/strong><\/p>\n<ul>\n<li> \"<em>I\u0161skirtinis \u017eingsnis visais aspektais, negaliu kalb\u0117ti pakankamai gerai apie paslaug\u0105. Rekomenduosiu visiems, kurie kreipsis ateityje. Cikis ir Skotas buvo puik\u016bs!\"<\/em> per <a href=\"http:\/\/www.momentousrelocation.com\/about-us\/what-our-customers-say-momentous-relocation-reviews\/\" target=\"_blank\" rel=\"noopener\">Momentous K\u0105 sako m\u016bs\u0173 klientai Puslapis<\/a><\/li>\n<li> <em>\"Antr\u0105 kart\u0105 \"Momentous\" mane perk\u0117l\u0117, negaliu j\u0173 rekomenduoti.\"<\/em> - per <a href=\"http:\/\/moveaide.com\/movers\/momentous-relocation-london-uk-mover-review\" target=\"_blank\" rel=\"noopener\">MoveAid.com<\/a><\/li>\n<li> <em>\"Persik\u0117liau i\u0161 Jungtin\u0117s Karalyst\u0117s \u012f <a href=\"https:\/\/moverdb.com\/lt\/moving-to-germany\/\" data-internallinksmanager029f6b8e52c=\"321\" title=\"Persik\u0117limas \u012f Vokietij\u0105? 2023 m. pragyvenimo i\u0161laidos ir persik\u0117limo patarimai\">Vokietija<\/a>. Paslaugos buvo labai profesionalios, o organizatori\u0173 komanda Jungtin\u0117je Karalyst\u0117je buvo paslaugi ir lanksti.\"<\/em> - Ursula per <a href=\"https:\/\/www.facebook.com\/pg\/momentousltd\/reviews\/\" target=\"_blank\" rel=\"noopener\">\"Facebook\"<\/a><\/li>\n<li> <em>\"Fantasti\u0161kas aptarnavimas! Skotas ir Darrenas buvo mandag\u016bs ir labai profesional\u016bs, visk\u0105 supakavo labai efektyviai, netgi panaudojo grind\u0173 apsaugos priemones, tod\u0117l mano kilimai buvo visi\u0161kai apsaugoti.\"<\/em> - Evelynn per <a href=\"http:\/\/www.removalreviews.co.uk\/movers\/momentous-relocation-215#8293\" target=\"_blank\" rel=\"noopener\">RemovalReviews.com<\/a><\/li>\n<\/ul>\n<p><strong>Neigiamas<\/strong><\/p>\n<ul>\n<li> <em>\"Tur\u0117jau siaubing\u0105 patirt\u012f su \u0161ia \u012fmone, kuri pa\u0117m\u0117 mano pinigus, tada suteik\u0117 siaubing\u0105 paslaug\u0105 (kai kurie i\u0161 j\u0173 buvo j\u0173 partneri\u0173 kalt\u0117), ta\u010diau jie atsisak\u0117 prisiimti bet koki\u0105 atsakomyb\u0119 ar atsakomyb\u0119 u\u017e \u012fvykius, \u012fskaitant rimt\u0105 nelaiming\u0105 atsitikim\u0105, \u012fvykus\u012f \u0161eimos nariui d\u0117l neteisingai sumontuot\u0173 bald\u0173.\"<\/em> - James per <a href=\"http:\/\/moveaide.com\/movers\/momentous-relocation-london-uk-mover-review\" target=\"_blank\" rel=\"noopener\">MoveAid.com<\/a><\/li>\n<li> <em>Momentiniai pa\u0161alinimai yra patys blogiausi <a href=\"https:\/\/moverdb.com\/lt\/international-removals\/\" data-internallinksmanager029f6b8e52c=\"27\" title=\"36 geriausios tarptautinio perkraustymo \u012fmon\u0117s Jungtin\u0117je Karalyst\u0117je\">perkraustymo \u012fmon\u0117<\/a> \u0161ioje \u0161alyje. Per ma\u017eiau nei 8 metus persikraus\u010diau 6 kartus, tod\u0117l manau, kad jau turiu patirties.<\/em> per <a href=\"http:\/\/www.removalreviews.co.uk\/movers\/momentous-relocation-215#714\" target=\"_blank\" rel=\"noopener\">RemovalReviews.com<\/a><\/li>\n<\/ul>\n<div itemprop=\"review\" itemscope itemtype=\"http:\/\/schema.org\/Review\">\n<span itemprop=\"author\" itemscope=\"\" itemtype=\"http:\/\/schema.org\/Organization\"><span itemprop=\"name\">MoverDB.com<\/span><\/span> Internetin\u0117s svetain\u0117s ap\u017evalga <span itemprop=\"itemreviewed\" itemscope=\"\" itemtype=\"http:\/\/schema.org\/Brand\"><span itemprop=\"name\">Momentinis perk\u0117limas<\/span><\/span>:<\/p>\n<ol>\n<li> Ai\u0161ki kontaktin\u0117 informacija svetain\u0117je (\u012fskaitant telefono numer\u012f): <strong>Taip<\/strong><\/li>\n<li> Lengva gauti <a href=\"https:\/\/moverdb.com\/lt\/citatos\/\">tarptautini\u0173 perkraustym\u0173 citatos<\/a>? (internetin\u0117 s\u0105matos u\u017eklausos forma): <strong>Taip<\/strong><\/li>\n<li> Ai\u0161ki informacija svetain\u0117je: <strong>Taip<\/strong>, Tinklalapyje apra\u0161omos si\u016blomos paslaugos, ta\u010diau nepateikiama daug i\u0161samios informacijos.<\/li>\n<li> Naryst\u0117 tarptautin\u0117se pripa\u017eintose jud\u0117jimo organizacijose: <strong>Taip<\/strong><\/li>\n<li> Klient\u0173 s\u0105ra\u0161as ir (arba) ankstesni\u0173 klient\u0173 atsiliepimai: <strong>Taip,<\/strong> Yra keletas teigiam\u0173 klient\u0173 atsiliepim\u0173, ta\u010diau n\u0117ra klient\u0173 s\u0105ra\u0161o. \u012emon\u0117 taip pat da\u017eniausiai sulaukia teigiam\u0173 atsiliepim\u0173 internete.<\/li>\n<\/ol>\n<div itemprop=\"reviewRating\" itemscope itemtype=\"http:\/\/schema.org\/Rating\"><meta itemprop=\"worstRating\" content = \"0\" \/><meta itemprop=\"bestRating\" content=\"5\" \/><meta itemprop=\"ratingValue\" content=\"4.5\"><\/div>\n<p><strong>Bendras \u012fvertinimas: 4,5\/5<\/strong><br \/>\n<strong>Per\u017ei\u016bros data:<\/strong> <span itemprop=\"datePublished\" content=\"2016-09-23\">23\/09\/16<\/span>\n<\/div>\n<p>Daugiau apie <a href=\"https:\/\/moverdb.com\/lt\/tarptautiniai-perkraustymai\/\">perkraustymo \u012fmon\u0117s<\/a> ir m\u016bs\u0173 <a href=\"https:\/\/moverdb.com\/lt\/atsiliepimai\/\">per\u017ei\u016bros procesas<\/a>.<\/p>\n<p><strong>Interneto svetain\u0117:<\/strong> <a href=\"http:\/\/www.momentousrelocation.com\/\" target=\"_blank\" rel=\"noopener\">http:\/\/www.momentousrelocation.com<\/a><\/p>","protected":false},"excerpt":{"rendered":"<p>Momentous Relocation is an international removal and relocation specialist company based in London. It offers its clients many services which are listed below, together with a company profile and reviews. Moving Services Pre move survey Shipping and airfreight Destination services Insurance services Domestic moving Fine art shipping Pet moving service Moving home country guides Relocation [&hellip;]<\/p>\n","protected":false},"author":1,"featured_media":0,"parent":0,"menu_order":0,"comment_status":"closed","ping_status":"closed","template":"","meta":{"_genesis_hide_title":false,"_genesis_hide_breadcrumbs":false,"_genesis_hide_singular_image":false,"_genesis_hide_footer_widgets":false,"_genesis_custom_body_class":"","_genesis_custom_post_class":"","_genesis_layout":"","footnotes":""},"class_list":{"0":"post-938","1":"page","2":"type-page","3":"status-publish","5":"entry"},"_links":{"self":[{"href":"https:\/\/moverdb.com\/lt\/wp-json\/wp\/v2\/pages\/938","targetHints":{"allow":["GET"]}}],"collection":[{"href":"https:\/\/moverdb.com\/lt\/wp-json\/wp\/v2\/pages"}],"about":[{"href":"https:\/\/moverdb.com\/lt\/wp-json\/wp\/v2\/types\/page"}],"author":[{"embeddable":true,"href":"https:\/\/moverdb.com\/lt\/wp-json\/wp\/v2\/users\/1"}],"replies":[{"embeddable":true,"href":"https:\/\/moverdb.com\/lt\/wp-json\/wp\/v2\/comments?post=938"}],"version-history":[{"count":6,"href":"https:\/\/moverdb.com\/lt\/wp-json\/wp\/v2\/pages\/938\/revisions"}],"predecessor-version":[{"id":13178,"href":"https:\/\/moverdb.com\/lt\/wp-json\/wp\/v2\/pages\/938\/revisions\/13178"}],"wp:attachment":[{"href":"https:\/\/moverdb.com\/lt\/wp-json\/wp\/v2\/media?parent=938"}],"curies":[{"name":"wp","href":"https:\/\/api.w.org\/{rel}","templated":true}]}}