{"id":927,"date":"2016-09-23T21:57:09","date_gmt":"2016-09-23T21:57:09","guid":{"rendered":"http:\/\/moverdb.com\/?page_id=927"},"modified":"2026-01-08T13:19:00","modified_gmt":"2026-01-08T13:19:00","slug":"imove-international","status":"publish","type":"page","link":"https:\/\/moverdb.com\/lt\/imove-international\/","title":{"rendered":"\"IMove International\": Perkraustymas ir perkraustymas Atsiliepimai"},"content":{"rendered":"<p>\"IMove International\" \u012fsik\u016brusi Sur\u0117juje. Savo klientams ji si\u016blo \u012fvairias paslaugas, padedan\u010dias persikelti \u012f u\u017esien\u012f. Jos i\u0161vardytos toliau, kartu su \u012fmon\u0117s profiliu ir atsiliepimais.<\/p>\n<p><strong><a href=\"https:\/\/moverdb.com\/lt\/international-removals\/\" data-internallinksmanager029f6b8e52c=\"27\" title=\"36 geriausios tarptautinio perkraustymo \u012fmon\u0117s Jungtin\u0117je Karalyst\u0117je\">Tarptautinis perkraustymas<\/a><\/strong><\/p>\n<ul>\n<li> Asmeninis persikraustymo koordinatorius<\/li>\n<li> Nuo dur\u0173 iki dur\u0173<\/li>\n<li> Durys \u012f <a href=\"https:\/\/moverdb.com\/lt\/top-49-container-ports\/\" data-internallinksmanager029f6b8e52c=\"80\" title=\"49 did\u017eiausi ir labiausiai apkrauti konteineri\u0173 uostai 2025 m.\">uostas<\/a><\/li>\n<li> Oro, j\u016br\u0173 arba keli\u0173 transportu<\/li>\n<li> \u012emon\u0117s perk\u0117limai<\/li>\n<li> <a href=\"https:\/\/moverdb.com\/lt\/automobiliu-transportas-siuntimas\/\">Motorin\u0117s transporto priemon\u0117s<\/a><\/li>\n<li> Visos pakavimo paslaugos<\/li>\n<li> Savaranki\u0161kai supakuota<\/li>\n<li> Trapi pakuot\u0117<\/li>\n<li> Nemokamas kartonini\u0173 d\u0117\u017ei\u0173, juostos ir pakavimo priemoni\u0173 tiekimas<\/li>\n<li> I\u0161pakavimo paslauga<\/li>\n<li> Ilgalaikis ir trumpalaikis saugojimas <\/li>\n<li> <a href=\"https:\/\/moverdb.com\/lt\/konteineriu-kroviniu-gabenimas\/\">Konteineri\u0173 gabenimas<\/a><\/li>\n<li> Perteklinio baga\u017eo gabenimas<\/li>\n<li> Suteiktas draudimas<\/li>\n<li> Pagalba tvarkant muitus ir dokumentus<\/li>\n<\/ul>\n<p><strong>Kitos paslaugos<\/strong><\/p>\n<ul>\n<li> Ilgalaikis ir trumpalaikis saugojimas<\/li>\n<li> Student\u0173 gabenimas ir saugojimas<\/li>\n<li> <a href=\"https:\/\/moverdb.com\/lt\/car-transport-shipping\/\" data-internallinksmanager029f6b8e52c=\"2\" title=\"2026 Tarptautinio automobili\u0173 transporto ir transporto priemoni\u0173 gabenimo citatos\">Automobili\u0173 gabenimas<\/a><\/li>\n<li> Bendras konteineris<\/li>\n<li> Eksporto pakavimo paslauga<\/li>\n<li> \u012epakavimas ir d\u0117\u017ei\u0173 gamyba<\/li>\n<\/ul>\n<h2>\"IMove International\" \u012fmon\u0117s profilis<\/h2>\n<p>\"IMove International\" yra jauna, privati \u012fmon\u0117, \u012fkurta 2011 m. gegu\u017e\u0117s m\u0117n. Ji yra specializuota <a href=\"https:\/\/moverdb.com\/lt\/tarptautiniai-perkraustymai\/\">tarptautinis perkraustymas<\/a>, laivybos ir perkraustymo \u012fmon\u0117. <\/p>\n<p>\"IMove\" organizuoja persikraustymus \u0161eimoms, verslo klientams ir privatiems asmenims i\u0161 <a href=\"https:\/\/moverdb.com\/lt\/moving-to-the-uk\/\" data-internallinksmanager029f6b8e52c=\"93\" title=\"Persik\u0117limas \u012f Jungtin\u0119 Karalyst\u0119? 2022 Gyvenimo i\u0161laidos ir persikraustymo patarimai\">JK<\/a> \u012f daugel\u012f pasaulio viet\u0173.<\/p>\n<p>\"IMove\" siun\u010dia bet k\u0105 - nuo ma\u017eiausio siuntinio iki nam\u0173 apstatymo bald\u0173. \u012emon\u0117 kiekvienam klientui skiria asmenin\u012f perkraustymo koordinatori\u0173, su kuriuo jie bendrauja viso perkraustymo proceso metu.<\/p>\n<p>\"IMove International\" turi \u0161ias akreditacijas ir naryst\u0119:<\/p>\n<ul>\n<li> ISO 9001<\/li>\n<\/ul>\n<h2>IMove International Atsiliepimai<\/h2>\n<p><strong>Teigiamas:<\/strong><\/p>\n<ul>\n<li> <em>\"Viskas vyko skland\u017eiai ir efektyviai. Tikrai rekomenduo\u010diau \u012fmon\u0119 d\u0117l jos paslaug\u0173 ir kainos bei kokyb\u0117s santykio.\"<\/em> - H Fowler per <a href=\"http:\/\/www.imoveintl.com\/testimonials.htm\" target=\"_blank\" rel=\"noopener\">Klient\u0173 atsiliepim\u0173 puslapis<\/a><\/li>\n<li> \"<em>Nor\u0117\u010diau pasveikinti \"IMove\" u\u017e punktualum\u0105, operatyvum\u0105 ir profesionalum\u0105, su kuriuo buvo atliktas mano persikraustymas i\u0161 Orlando <a href=\"https:\/\/moverdb.com\/lt\/moving-to-the-united-states\/moving-to-florida\/\" data-internallinksmanager029f6b8e52c=\"331\" title=\"Persik\u0117limas \u012f Florid\u0105? 2023 m. gyvenimo i\u0161laidos ir persik\u0117limo patarimai\">Florida<\/a> \u012f Kent\u0105.<\/em> - Annette <a href=\"http:\/\/www.removalreviews.co.uk\/movers\/imove-international-191#11473\" target=\"_blank\" rel=\"noopener\">RemovalReviews.com<\/a> <\/li>\n<li> \"<em>Nuo\u0161ird\u017eiai rekomenduoju \u0161i\u0105 \u012fmon\u0119 - labai priimtina kaina, itin greitas persikraustymas ir puikus aptarnavimas\"<\/em> - Johathanas per <a href=\"http:\/\/www.reviews.co.uk\/company-reviews\/store\/imove-international-removals-ltd\" target=\"_blank\" rel=\"noopener\">Atsiliepimai.co.uk<\/a> <\/li>\n<\/ul>\n<p><strong>Neigiamas<\/strong><\/p>\n<ul>\n<li> \"<em>Nors pristatymo laikas nuo <a href=\"https:\/\/moverdb.com\/lt\/moving-to-london\/\">Londonas<\/a> \u012f <a href=\"https:\/\/moverdb.com\/lt\/moving-to-switzerland\/\" data-internallinksmanager029f6b8e52c=\"327\" title=\"Persik\u0117limas \u012f \u0160veicarij\u0105? 2023 Gyvenimo i\u0161laidos ir persik\u0117limo patarimai\">\u0160veicarija<\/a> buvo operatyvus, a\u0161 labai nerekomenduoju niekam naudotis \u0161ios bendrov\u0117s paslaugomis, nes vienas i\u0161 vertingesni\u0173 daikt\u0173 taip ir nebuvo pristatytas ir buvo \"prarastas\". Neatrod\u0117, kad b\u016bt\u0173 buv\u0119 nuo\u0161ird\u017eiai nusteb\u0119, susir\u016bpin\u0119 ar atsipra\u0161\u0119 d\u0117l \u0161io daikto praradimo.\"<\/em> - Ponia Laurens per <a href=\"http:\/\/www.removalreviews.co.uk\/movingreviews\/stolen-item-1264\" target=\"_blank\" rel=\"noopener\">RemovalReviews.co.uk<\/a> <\/li>\n<li> \"<em>M\u016bs\u0173 daiktai buvo surinkti pagal surinkimo dat\u0105 (2015 11 02), o tai buvo puiku, ta\u010diau dabar jau kovas, o mes vis dar negavome savo d\u0117\u017ei\u0173.\"<\/em> - Samantha per <a href=\"http:\/\/www.reviews.co.uk\/company-reviews\/store\/imove-international-removals-ltd\" target=\"_blank\" rel=\"noopener\">Atsiliepimai.co.uk<\/a> <\/li>\n<\/ul>\n<div itemprop=\"review\" itemscope itemtype=\"http:\/\/schema.org\/Review\">\n<span itemprop=\"author\" itemscope=\"\" itemtype=\"http:\/\/schema.org\/Organization\"><span itemprop=\"name\">MoverDB.com<\/span><\/span> Internetin\u0117s svetain\u0117s ap\u017evalga <span itemprop=\"itemreviewed\" itemscope=\"\" itemtype=\"http:\/\/schema.org\/Brand\"><span itemprop=\"name\">\"IMove International<\/span><\/span>:<\/p>\n<ol>\n<li> Ai\u0161ki kontaktin\u0117 informacija svetain\u0117je (\u012fskaitant telefono numer\u012f): <strong>Taip<\/strong><\/li>\n<li> Lengva gauti <a href=\"https:\/\/moverdb.com\/lt\/citatos\/\">tarptautini\u0173 perkraustym\u0173 citatos<\/a>? (internetin\u0117 s\u0105matos u\u017eklausos forma): <strong>Taip<\/strong><\/li>\n<li> Ai\u0161ki informacija svetain\u0117je: <strong>Taip<\/strong>, Svetain\u0117je pateikiama daug informacijos apie persik\u0117lim\u0105 \u012f \u012fvairias pasaulio \u0161alis, \u012fskaitant reikalingus dokumentus.<\/li>\n<li> Naryst\u0117 tarptautin\u0117se pripa\u017eintose jud\u0117jimo organizacijose: <strong>Dalinis<\/strong>nors jie yra \u012fregistruoti ISO, atrodo, kad jiems tr\u016bksta kit\u0173 akreditacij\u0173.<\/li>\n<li> Klient\u0173 s\u0105ra\u0161as ir (arba) ankstesni\u0173 klient\u0173 atsiliepimai: <strong>Taip,<\/strong> Svetain\u0117je yra daug teigiam\u0173 klient\u0173 atsiliepim\u0173.<\/li>\n<\/ol>\n<div itemprop=\"reviewRating\" itemscope itemtype=\"http:\/\/schema.org\/Rating\"><meta itemprop=\"worstRating\" content = \"0\" \/><meta itemprop=\"bestRating\" content=\"5\" \/><meta itemprop=\"ratingValue\" content=\"4\"><\/div>\n<p><strong>Bendras \u012fvertinimas: 4\/5<\/strong><br \/>\n<strong>Per\u017ei\u016bros data:<\/strong> <span itemprop=\"datePublished\" content=\"2016-09-23\">23\/09\/16<\/span>\n<\/div>\n<p>Skaitykite daugiau apie <a href=\"https:\/\/moverdb.com\/lt\/tarptautiniai-perkraustymai\/\">perkraustymo \u012fmon\u0117s<\/a> ir m\u016bs\u0173 <a href=\"https:\/\/moverdb.com\/lt\/atsiliepimai\/\">per\u017ei\u016bros procesas<\/a>.<\/p>\n<p><strong>Interneto svetain\u0117:<\/strong> <a href=\"http:\/\/www.imoveintl.com\/\" target=\"_blank\" rel=\"noopener\">http:\/\/www.imoveintl.com\/<\/a><\/p>","protected":false},"excerpt":{"rendered":"<p>IMove International is based in Surrey. It offers its customers a range of services to assist with their move abroad. These are listed below, together with a company profile and reviews. International Removals Personal move coordinator Door to door Door to port Air, sea or road Company relocations Motor vehicles Full packing service Self-packing Fragile [&hellip;]<\/p>\n","protected":false},"author":1,"featured_media":0,"parent":0,"menu_order":0,"comment_status":"closed","ping_status":"closed","template":"","meta":{"_genesis_hide_title":false,"_genesis_hide_breadcrumbs":false,"_genesis_hide_singular_image":false,"_genesis_hide_footer_widgets":false,"_genesis_custom_body_class":"","_genesis_custom_post_class":"","_genesis_layout":"","footnotes":""},"class_list":{"0":"post-927","1":"page","2":"type-page","3":"status-publish","5":"entry"},"_links":{"self":[{"href":"https:\/\/moverdb.com\/lt\/wp-json\/wp\/v2\/pages\/927","targetHints":{"allow":["GET"]}}],"collection":[{"href":"https:\/\/moverdb.com\/lt\/wp-json\/wp\/v2\/pages"}],"about":[{"href":"https:\/\/moverdb.com\/lt\/wp-json\/wp\/v2\/types\/page"}],"author":[{"embeddable":true,"href":"https:\/\/moverdb.com\/lt\/wp-json\/wp\/v2\/users\/1"}],"replies":[{"embeddable":true,"href":"https:\/\/moverdb.com\/lt\/wp-json\/wp\/v2\/comments?post=927"}],"version-history":[{"count":6,"href":"https:\/\/moverdb.com\/lt\/wp-json\/wp\/v2\/pages\/927\/revisions"}],"predecessor-version":[{"id":13160,"href":"https:\/\/moverdb.com\/lt\/wp-json\/wp\/v2\/pages\/927\/revisions\/13160"}],"wp:attachment":[{"href":"https:\/\/moverdb.com\/lt\/wp-json\/wp\/v2\/media?parent=927"}],"curies":[{"name":"wp","href":"https:\/\/api.w.org\/{rel}","templated":true}]}}