{"id":926,"date":"2017-07-04T15:15:07","date_gmt":"2017-07-04T15:15:07","guid":{"rendered":"http:\/\/moverdb.com\/?page_id=926"},"modified":"2026-01-08T14:47:30","modified_gmt":"2026-01-08T14:47:30","slug":"american-red-ball-transit","status":"publish","type":"page","link":"https:\/\/moverdb.com\/lt\/american-red-ball-transit\/","title":{"rendered":"Amerikos raudonasis kamuolys Tranzitas: Tarptautinis perkraustymas Atsiliepimai"},"content":{"rendered":"<p>\"American Red Ball Transit\" savo klientams si\u016blo daugyb\u0119 vietini\u0173 paslaug\u0173 <a href=\"https:\/\/moverdb.com\/lt\/moving-to-the-united-states\/\" data-internallinksmanager029f6b8e52c=\"94\" title=\"Persik\u0117limas \u012f Jungtines Amerikos Valstijas? 2022 Gyvenimo i\u0161laidos ir persik\u0117limo patarimai\">JAV<\/a>, jos i\u0161vardytos toliau, kartu su \u012fmon\u0117s profiliu ir atsiliepimais.<\/p>\n<p><strong>\u012emoni\u0173 perk\u0117limas<\/strong><\/p>\n<ul>\n<li> Individualus persik\u0117limo planas<\/li>\n<li> Pagalba persikeliant personalui ir biurams<\/li>\n<li> Visos pakavimo paslaugos<\/li>\n<li> Bald\u0173 i\u0161ardymas ir surinkimas<\/li>\n<li> IT persik\u0117limas<\/li>\n<li> I\u0161pakavimo paslauga<\/li>\n<li> Ilgalaikis ir trumpalaikis saugojimas<\/li>\n<\/ul>\n<p><strong>Vidaus perkraustymai<\/strong><\/p>\n<ul>\n<li> Interaktyvus judantis kalendorius<\/li>\n<li> Nuo dur\u0173 iki dur\u0173<\/li>\n<li> Visos pakavimo paslaugos, trapi\u0173 daikt\u0173 pakavimas arba savaranki\u0161kas pakavimas<\/li>\n<li> Bald\u0173 i\u0161ardymas ir surinkimas.<\/li>\n<li> Galimas draudimas<\/li>\n<li> Si\u016blomos i\u0161pakavimo paslaugos<\/li>\n<li> Galimas ilgalaikis ir trumpalaikis saugojimas<\/li>\n<\/ul>\n<h2>\"American Red Ball Transit\" \u012fmon\u0117s profilis<\/h2>\n<p>\"American Red Ball Transit\", \u012fkurta 1919 m., yra seniausia tarpvalstybin\u0117 <a href=\"https:\/\/moverdb.com\/lt\/international-removals\/\" data-internallinksmanager029f6b8e52c=\"27\" title=\"36 geriausios tarptautinio perkraustymo \u012fmon\u0117s Jungtin\u0117je Karalyst\u0117je\">perkraustymo \u012fmon\u0117<\/a> JAV ir yra \u012fsik\u016brusi Indianapolyje. \u012emon\u0117 gars\u0117ja savo patirtimi karini\u0173 perkraustym\u0173 srityje ir yra atlikusi daugyb\u0119 perkraustym\u0173 dar Antrojo pasaulinio karo metais. 1996 m. \"American Red Ball Transit\" buvo parduota <a href=\"https:\/\/moverdb.com\/lt\/atlas-van-lines-international\/\">\"Atlas World Group<\/a>. \u0160i grup\u0117 per metus perkelia daugiau kaip 13 000 kari\u0161ki\u0173 \u0161eim\u0173.<\/p>\n<p>2001 m. \"American Red Ball Transit\", kuri yra \"American Red Ball International\" vidaus patronuojamoji \u012fmon\u0117, buvo parduota jos vadovybei. Bendrov\u0117 \"American Red Ball International\" t\u0119sia tarptautin\u0119 verslo dal\u012f.<\/p>\n<p>\"American Red Ball Transit\" turi \u0161ias s\u0105sajas ir akreditacijas:<\/p>\n<ul>\n<li> Geresnio verslo biuras (BBB)<\/li>\n<li> <a href=\"https:\/\/moverdb.com\/lt\/amsa\/\">Amerikos perkraustymo ir saugojimo asociacija<\/a> (<a href=\"https:\/\/moverdb.com\/lt\/amsa\/\" data-internallinksmanager029f6b8e52c=\"5\" title=\"Amerikos jud\u0117jimo ir saugojimo asociacijos (AMSA) paai\u0161kinimai\">AMSA<\/a>)<\/li>\n<li> <a href=\"https:\/\/moverdb.com\/lt\/ratlankio-remelis\/\">\"ProMover\"<\/a><\/li>\n<\/ul>\n<h2>Amerikos raudonojo kamuolio tranzito bendrov\u0117 Atsiliepimai<\/h2>\n<p><strong>Teigiamas:<\/strong><\/p>\n<ul>\n<li> <em>\"Amerikos Raudonasis kamuolys\" yra vienas geriausi\u0173 m\u016bs\u0173 partneri\u0173, kokybi\u0161ka organizacija, kurioje dirba kokybi\u0161ki \u017emon\u0117s. Labai rekomenduojama.\"<\/em> - Jonas per <a href=\"https:\/\/www.yelp.co.uk\/biz\/american-red-ball-transit-company-indianapolis?hrid=mQPsd2n9lj4MbWXdnRerwA&#038;utm_campaign=www_review_share_popup&#038;utm_medium=copy_link&#038;utm_source=(direct)\" target=\"_blank\" rel=\"noopener\">\"Yelp\"<\/a><\/li>\n<\/ul>\n<p><strong>Neigiamas:<\/strong><\/p>\n<ul>\n<li> <em>\"Su \u0161ia \u012fmone tur\u0117jau visi\u0161kai siaubing\u0105 patirt\u012f.\"<\/em> - R.R. per <a href=\"https:\/\/www.bbb.org\/indy\/business-reviews\/movers\/american-red-ball-transit-company-inc-in-indianapolis-in-753\/reviews-and-complaints?section=reviews&#038;reviewtype=negative\" target=\"_blank\" rel=\"noopener\">BBB.org<\/a><\/li>\n<\/ul>\n<div itemprop=\"review\" itemscope itemtype=\"http:\/\/schema.org\/Review\">\n<span itemprop=\"author\" itemscope=\"\" itemtype=\"http:\/\/schema.org\/Organization\"><span itemprop=\"name\">MoverDB.com<\/span><\/span> Internetin\u0117s svetain\u0117s ap\u017evalga <span itemprop=\"itemreviewed\" itemscope=\"\" itemtype=\"http:\/\/schema.org\/Brand\"><span itemprop=\"name\">Amerikos raudonasis kamuolys Tranzitas<\/span><\/span>:<\/p>\n<ol>\n<li> Ai\u0161ki kontaktin\u0117 informacija svetain\u0117je (\u012fskaitant telefono numer\u012f): <strong>Taip<\/strong><\/li>\n<li> Lengva gauti <a href=\"https:\/\/moverdb.com\/lt\/citatos\/\">tarptautin\u0117s judan\u010dios citatos<\/a>? (internetin\u0117 s\u0105matos u\u017eklausos forma): <strong>Taip<\/strong><\/li>\n<li> Ai\u0161ki informacija svetain\u0117je: <strong>Ribotas,<\/strong> Svetain\u0117je pateikiama labai ma\u017eai informacijos.<\/li>\n<li> Naryst\u0117 tarptautin\u0117se pripa\u017eintose jud\u0117jimo organizacijose: <strong>Taip<\/strong><\/li>\n<li> Klient\u0173 s\u0105ra\u0161as ir (arba) ankstesni\u0173 klient\u0173 atsiliepimai: <strong>Ne<\/strong>, o atsiliepimai internete yra nevienareik\u0161miai.<\/li>\n<\/ol>\n<div itemprop=\"reviewRating\" itemscope itemtype=\"http:\/\/schema.org\/Rating\"><meta itemprop=\"worstRating\" content = \"0\" \/><meta itemprop=\"bestRating\" content=\"5\" \/><meta itemprop=\"ratingValue\" content=\"3\"><\/div>\n<p><strong>Bendras \u012fvertinimas: 3\/5<\/strong><br \/>\n<strong>Per\u017ei\u016bros data:<\/strong> <span itemprop=\"datePublished\" content=\"2017-07-04\">04\/07\/2016<\/span>\n<\/div>\n<p>Skaitykite daugiau apie <a href=\"https:\/\/moverdb.com\/lt\/juda-imones\/\">tarptautin\u0117s perkraustymo \u012fmon\u0117s<\/a>, <a href=\"https:\/\/moverdb.com\/lt\/us-kanada-persikraustymo-paslaugos\/\">JAV vidaus perkraustytojai<\/a> ir su\u017einokite daugiau apie m\u016bs\u0173 <a href=\"https:\/\/moverdb.com\/lt\/atsiliepimai\/\">per\u017ei\u016bros procesas<\/a>.<\/p>\n<p><strong>Interneto svetain\u0117:<\/strong> <a href=\"http:\/\/www.redball.com\/\" target=\"_blank\" rel=\"noopener\">http:\/\/www.redball.com\/<\/a><\/p>","protected":false},"excerpt":{"rendered":"<p>American Red Ball Transit offers its customers many domestic services within the US, these are listed below, together with a company profile and reviews. Corporate Relocation Personalised relocation plan Assistance with personnel and office moves Full packing service Disassembly and reassembly of furniture IT moving Unpacking service Long and short term storage Domestic Moves Interactive [&hellip;]<\/p>\n","protected":false},"author":1,"featured_media":0,"parent":0,"menu_order":0,"comment_status":"closed","ping_status":"closed","template":"","meta":{"_genesis_hide_title":false,"_genesis_hide_breadcrumbs":false,"_genesis_hide_singular_image":false,"_genesis_hide_footer_widgets":false,"_genesis_custom_body_class":"","_genesis_custom_post_class":"","_genesis_layout":"","footnotes":""},"class_list":{"0":"post-926","1":"page","2":"type-page","3":"status-publish","5":"entry"},"_links":{"self":[{"href":"https:\/\/moverdb.com\/lt\/wp-json\/wp\/v2\/pages\/926","targetHints":{"allow":["GET"]}}],"collection":[{"href":"https:\/\/moverdb.com\/lt\/wp-json\/wp\/v2\/pages"}],"about":[{"href":"https:\/\/moverdb.com\/lt\/wp-json\/wp\/v2\/types\/page"}],"author":[{"embeddable":true,"href":"https:\/\/moverdb.com\/lt\/wp-json\/wp\/v2\/users\/1"}],"replies":[{"embeddable":true,"href":"https:\/\/moverdb.com\/lt\/wp-json\/wp\/v2\/comments?post=926"}],"version-history":[{"count":4,"href":"https:\/\/moverdb.com\/lt\/wp-json\/wp\/v2\/pages\/926\/revisions"}],"predecessor-version":[{"id":6171,"href":"https:\/\/moverdb.com\/lt\/wp-json\/wp\/v2\/pages\/926\/revisions\/6171"}],"wp:attachment":[{"href":"https:\/\/moverdb.com\/lt\/wp-json\/wp\/v2\/media?parent=926"}],"curies":[{"name":"wp","href":"https:\/\/api.w.org\/{rel}","templated":true}]}}