{"id":925,"date":"2016-09-27T05:35:52","date_gmt":"2016-09-27T05:35:52","guid":{"rendered":"http:\/\/moverdb.com\/?page_id=925"},"modified":"2026-01-08T14:40:05","modified_gmt":"2026-01-08T14:40:05","slug":"lopa-removals","status":"publish","type":"page","link":"https:\/\/moverdb.com\/lt\/lopa-removals\/","title":{"rendered":"\"Lopa Removals\": Tarptautinio perkraustymo ap\u017evalgos"},"content":{"rendered":"<p>Romforde \u012fsik\u016brusi \"Lopa Removals\" si\u016blo klientams \u012fvairias paslaugas, kurios i\u0161vardytos toliau, kartu su \u012fmon\u0117s profiliu ir atsiliepimais.<\/p>\n<p><strong>Europos ir tarptautiniai jud\u0117jimai<\/strong><\/p>\n<ul>\n<li> Specialus perkraustymo vadybininkas<\/li>\n<li> Viso namo perkraustymas u\u017ebaigiamas per 2-5 dienas<\/li>\n<li> Sutvarkytas draudimas<\/li>\n<li> GPS transporto priemoni\u0173 steb\u0117jimas<\/li>\n<li> Pilnas pakavimas, trapus pakavimas arba atlikite tai patys<\/li>\n<li> Nemokamos d\u0117\u017e\u0117s ir pakavimo med\u017eiagos<\/li>\n<li> Garantija be pa\u017eeidim\u0173<\/li>\n<li> Krep\u0161elis<\/li>\n<li> I\u0161oriniai keltuvai, skirti tokiems daiktams kaip pianinai<\/li>\n<li> Dalin\u0117s ir pilnos apkrovos<\/li>\n<li> I\u0161pakavimo paslauga<\/li>\n<li> Trumpalaikis ir ilgalaikis saugojimas<\/li>\n<\/ul>\n<p><strong>Saugykla<\/strong><\/p>\n<ul>\n<li> Trumpalaikis ir ilgalaikis<\/li>\n<li> Saugus ir aptvertas<\/li>\n<li> Apdraustas<\/li>\n<li> Profesionaliai sukrauti<\/li>\n<li> Tinkamai apsaugotas nuo pa\u017eeidim\u0173 ir ne\u0161varum\u0173<\/li>\n<\/ul>\n<p><strong>Specialist\u0173 judesiai<\/strong><\/p>\n<ul>\n<li> Meno galerijos<\/li>\n<li> Parodos<\/li>\n<\/ul>\n<h2>\"Lopa Removals\" \u012fmon\u0117s profilis<\/h2>\n<p>\"Lopa Removals\" specializuojasi tarptautini\u0173 perkraustym\u0173 srityje, ypa\u010d Europoje. \u012emon\u0117 \u012fsik\u016brusi Romforde. Tai jauna \u012fmon\u0117, kurios pagrindinis tikslas - tobulinti esamus perkraustymus tarp Europos \u0161ali\u0173. <\/p>\n<p>Ji turi ilg\u0105 \u017einom\u0173 patenkint\u0173 klient\u0173 s\u0105ra\u0161\u0105. \"Lopa Removals\" teikia auk\u0161to lygio klient\u0173 aptarnavimo paslaugas prie\u0161 persikraustym\u0105, jo metu ir po jo. Atsi\u017evelgdama \u012f teigiamus klient\u0173 atsiliepimus, \u0161iuo metu ji daugiausia d\u0117mesio skiria perkraustymams tarp <a href=\"https:\/\/moverdb.com\/lt\/moving-to-london\/\">Londonas<\/a>, <a href=\"https:\/\/moverdb.com\/lt\/moving-to-france\/moving-to-paris\/\" data-internallinksmanager029f6b8e52c=\"407\" title=\"Persikraustote \u012f Pary\u017ei\u0173? 2023 Gyvenimo i\u0161laidos ir persik\u0117limo patarimai\">Pary\u017eius<\/a> ir Briuselio, kad \u0161ie judesiai b\u016bt\u0173 geriausi rinkoje.<\/p>\n<p>\"Lopa Removals\" turi \u0161ias akreditacijas ir naryst\u0119:<\/p>\n<ul>\n<li> Kokyb\u0117s standartas ISO 9001<\/li>\n<li> <a href=\"https:\/\/moverdb.com\/lt\/britu-salintoju-asociacija\/\">Did\u017eiosios Britanijos perkraustytoj\u0173 asociacija<\/a> (<a href=\"https:\/\/moverdb.com\/lt\/british-association-of-removers\/\" data-internallinksmanager029f6b8e52c=\"9\" title=\"Britanijos perkraustymo \u012fmoni\u0173 asociacijos (BAR) paai\u0161kinimai\">BAR<\/a>)<\/li>\n<\/ul>\n<h2>\"Lopa Removals\" atsiliepimai<\/h2>\n<p><strong>Teigiamas:<\/strong><\/p>\n<ul>\n<li> \"Lopa\" perkraustymo paslaugos buvo labai geros, tod\u0117l m\u016bs\u0173 persikraustymas i\u0161 Londono \u012f Pary\u017ei\u0173 vyko skland\u017eiai ir be streso.\" - S. Gerber per <a href=\"https:\/\/uk.trustpilot.com\/reviews\/57b199dc0000ff00097bf54d\" target=\"_blank\" rel=\"noopener\">\"Trustpilot\"<\/a><\/li>\n<\/ul>\n<p><strong>Neigiamas:<\/strong><\/p>\n<ul>\n<li> \"<em>Buvau persik\u0117l\u0119s i\u0161 <a href=\"https:\/\/moverdb.com\/lt\/moving-to-belgium\/\" data-internallinksmanager029f6b8e52c=\"323\" title=\"Persik\u0117limas \u012f Belgij\u0105? 2023 Gyvenimo i\u0161laidos ir persik\u0117limo patarimai\">Belgija<\/a> ir d\u017eiaug\u0117si, kad rado \u0161iuos vaikinus, u\u017e prieinam\u0105 kain\u0105, labai gerus atsiliepimus \u010dia ir reklamuojamus kaip \u0161eimos nuosavyb\u0119 ir labai supratim\u0105. Tur\u0117jau \u017einoti geriau.\"<\/em> Andrei per <a href=\"https:\/\/uk.trustpilot.com\/reviews\/53ce415d0000640002999120\" target=\"_blank\" rel=\"noopener\">\"Trustpilot\"<\/a> <\/li>\n<\/ul>\n<div itemprop=\"review\" itemscope itemtype=\"http:\/\/schema.org\/Review\">\n<span itemprop=\"author\" itemscope=\"\" itemtype=\"http:\/\/schema.org\/Organization\"><span itemprop=\"name\">MoverDB.com<\/span><\/span> Internetin\u0117s svetain\u0117s ap\u017evalga <span itemprop=\"itemreviewed\" itemscope=\"\" itemtype=\"http:\/\/schema.org\/Brand\"><span itemprop=\"name\">\"Lopa Removals<\/span><\/span>:<\/p>\n<ol>\n<li> Ai\u0161ki kontaktin\u0117 informacija svetain\u0117je (\u012fskaitant telefono numer\u012f): <strong>Taip<\/strong><\/li>\n<li> Lengva gauti <a href=\"https:\/\/moverdb.com\/lt\/citatos\/\">perkraustymo citatos<\/a>? (internetin\u0117 s\u0105matos u\u017eklausos forma): <strong>Taip<\/strong><\/li>\n<li> Ai\u0161ki informacija svetain\u0117je: <strong>Kai kurie,<\/strong> ta\u010diau apskritai svetain\u0117je pateikiama palyginti nedaug informacijos.<\/li>\n<li> Naryst\u0117 tarptautin\u0117se pripa\u017eintose jud\u0117jimo organizacijose: <strong>Taip<\/strong><\/li>\n<li> Klient\u0173 s\u0105ra\u0161as ir (arba) ankstesni\u0173 klient\u0173 atsiliepimai: <strong>I\u0161 dalies,<\/strong> o ne talpinami svetain\u0117je jie turi teigiam\u0105 reiting\u0105 Trustpilot.<\/li>\n<\/ol>\n<div itemprop=\"reviewRating\" itemscope itemtype=\"http:\/\/schema.org\/Rating\"><meta itemprop=\"worstRating\" content = \"0\" \/><meta itemprop=\"bestRating\" content=\"5\" \/><meta itemprop=\"ratingValue\" content=\"4\"><\/div>\n<p><strong>Bendras \u012fvertinimas: 4\/5<\/strong><br \/>\n<strong>Per\u017ei\u016bros data:<\/strong> <span itemprop=\"datePublished\" content=\"2016-09-27\">27\/08\/16<\/span>\n<\/div>\n<p>Skaitykite daugiau apie <a href=\"https:\/\/moverdb.com\/lt\/tarptautiniai-perkraustymai\/\">tarptautiniai perkraustymai<\/a> ir m\u016bs\u0173 <a href=\"https:\/\/moverdb.com\/lt\/atsiliepimai\/\">per\u017ei\u016bros procesas<\/a>.<\/p>\n<p><strong>Interneto svetain\u0117:<\/strong> <a href=\"http:\/\/new.loparemovals.com\/\" target=\"_blank\" rel=\"noopener\">http:\/\/new.loparemovals.com\/<\/a><\/p>","protected":false},"excerpt":{"rendered":"<p>Lopa Removals is based in Romford and offers its customers a range of services which are listed below, together with a company profile and reviews. European and International Moves Dedicated move manager Full house moves complete in 2-5 days Insurance arranged GPS vehicle tracking Full packing, fragile packing or do it yourself Free boxes and [&hellip;]<\/p>\n","protected":false},"author":1,"featured_media":0,"parent":0,"menu_order":0,"comment_status":"closed","ping_status":"closed","template":"","meta":{"_genesis_hide_title":false,"_genesis_hide_breadcrumbs":false,"_genesis_hide_singular_image":false,"_genesis_hide_footer_widgets":false,"_genesis_custom_body_class":"","_genesis_custom_post_class":"","_genesis_layout":"","footnotes":""},"class_list":{"0":"post-925","1":"page","2":"type-page","3":"status-publish","5":"entry"},"_links":{"self":[{"href":"https:\/\/moverdb.com\/lt\/wp-json\/wp\/v2\/pages\/925","targetHints":{"allow":["GET"]}}],"collection":[{"href":"https:\/\/moverdb.com\/lt\/wp-json\/wp\/v2\/pages"}],"about":[{"href":"https:\/\/moverdb.com\/lt\/wp-json\/wp\/v2\/types\/page"}],"author":[{"embeddable":true,"href":"https:\/\/moverdb.com\/lt\/wp-json\/wp\/v2\/users\/1"}],"replies":[{"embeddable":true,"href":"https:\/\/moverdb.com\/lt\/wp-json\/wp\/v2\/comments?post=925"}],"version-history":[{"count":7,"href":"https:\/\/moverdb.com\/lt\/wp-json\/wp\/v2\/pages\/925\/revisions"}],"predecessor-version":[{"id":13171,"href":"https:\/\/moverdb.com\/lt\/wp-json\/wp\/v2\/pages\/925\/revisions\/13171"}],"wp:attachment":[{"href":"https:\/\/moverdb.com\/lt\/wp-json\/wp\/v2\/media?parent=925"}],"curies":[{"name":"wp","href":"https:\/\/api.w.org\/{rel}","templated":true}]}}