{"id":924,"date":"2016-09-03T21:30:31","date_gmt":"2016-09-03T21:30:31","guid":{"rendered":"http:\/\/moverdb.com\/?page_id=924"},"modified":"2026-01-08T14:48:13","modified_gmt":"2026-01-08T14:48:13","slug":"eagle-relocations","status":"publish","type":"page","link":"https:\/\/moverdb.com\/lt\/eagle-relocations\/","title":{"rendered":"\"Eagle Relocations\": Tarptautinio perkraustymo ir perkraustymo ap\u017evalgos"},"content":{"rendered":"<p>\"Eagle Relocations\" yra <a href=\"https:\/\/moverdb.com\/lt\/international-removals\/\" data-internallinksmanager029f6b8e52c=\"27\" title=\"36 geriausios tarptautinio perkraustymo \u012fmon\u0117s Jungtin\u0117je Karalyst\u0117je\">perkraustymo \u012fmon\u0117<\/a> \u012fsik\u016brusi Votforde, <a href=\"https:\/\/moverdb.com\/lt\/moving-to-the-uk\/\" data-internallinksmanager029f6b8e52c=\"93\" title=\"Persik\u0117limas \u012f Jungtin\u0119 Karalyst\u0119? 2022 Gyvenimo i\u0161laidos ir persikraustymo patarimai\">JK<\/a>. Ji si\u016blo klientams \u012fvairias perkraustymo paslaugas, kurios i\u0161vardytos toliau, kartu su \u012fmon\u0117s profiliu ir atsiliepimais.<\/p>\n<p><strong>Tarptautinis perkraustymas<\/strong><\/p>\n<ul>\n<li> Paslaugos nuo dur\u0173 iki dur\u0173<\/li>\n<li> Paslauga nuo dur\u0173 iki \u0161aligatvio bortelio<\/li>\n<li> Durys \u012f <a href=\"https:\/\/moverdb.com\/lt\/top-49-container-ports\/\" data-internallinksmanager029f6b8e52c=\"80\" title=\"49 did\u017eiausi ir labiausiai apkrauti konteineri\u0173 uostai 2025 m.\">uostas<\/a> paslauga<\/li>\n<li> Visos pakavimo paslaugos<\/li>\n<li> Trapios arba dalin\u0117s pakuot\u0117s paslauga<\/li>\n<li> Savininko supakuota paslauga<\/li>\n<li> Bald\u0173 i\u0161ardymas ir surinkimas<\/li>\n<li> Tiekiamos pakavimo med\u017eiagos<\/li>\n<li> Tranzitas keliais, oru ir j\u016bra<\/li>\n<li> Muitinis \u012fforminimas<\/li>\n<li> Nuolau\u017e\u0173 \u0161alinimas<\/li>\n<li> Konsjer\u017eo paslaugos<\/li>\n<li> Kambarin\u0117s paslaugos<\/li>\n<\/ul>\n<p><strong>\u012emoni\u0173 perkraustymai<\/strong><\/p>\n<ul>\n<li> Asmeninis \u012fmoni\u0173 perkraustymo vadybininkas<\/li>\n<li> Esam\u0173 ir nauj\u0173 patalp\u0173 ap\u017ei\u016bra<\/li>\n<li> Bald\u0173 i\u0161ardymas ir surinkimas<\/li>\n<li> IT specialistai kompiuteri\u0173 perk\u0117limui<\/li>\n<li> Biurams skirtos perkraustymo d\u0117\u017e\u0117s<\/li>\n<li> D\u0117\u017e\u0117s su etiket\u0117mis<\/li>\n<li> Perkraustymo vadybininkas perkraustymo metu nuolat b\u016bna vietoje<\/li>\n<li> Sutvarkytas draudimas<\/li>\n<\/ul>\n<p><strong>JK nam\u0173 perkraustymas<\/strong><\/p>\n<ul>\n<li> Bendradarbiavimas su perk\u0117limo administratoriumi<\/li>\n<li> Apklausa prie\u0161 persikraustym\u0105<\/li>\n<li> Specialus perkraustymo koordinatorius<\/li>\n<li> Nuo dur\u0173 iki dur\u0173<\/li>\n<li> Pilnas pakavimas, dalinis pakavimas arba atlikite tai patys<\/li>\n<li> Bald\u0173 i\u0161ardymas ir surinkimas<\/li>\n<li> Sutvarkytas draudimas<\/li>\n<li> Nuolau\u017e\u0173 \u0161alinimas<\/li>\n<\/ul>\n<h2>\"Eagle Relocations\" \u012fmon\u0117s profilis<\/h2>\n<p>\"Eagle Relocations\" buvo \u012fkurta 1967 m. kaip \u0161eimos verslas ir tuomet vadinosi \"Eagle Shipping\". 2002 m. ji tapo ribotos atsakomyb\u0117s bendrove ir pakeit\u0117 pavadinim\u0105 \u012f \"Eagle Relocations\". Savo klientams ji si\u016blo visas perkraustymo paslaugas vietos, nacionaliniu ir tarptautiniu mastu.<\/p>\n<p>2015 m. \"Eagle Relocations\" perk\u0117l\u0117 daugiau nei 3500 \u017emoni\u0173. Jie si\u016blo \u012fvairius paketus, atitinkan\u010dius \u017emoni\u0173 poreikius ir ki\u0161enes. Jie tiki tvirtu klient\u0173 aptarnavimu ir \u012fsipareigojimais.<\/p>\n<p>\"Eagle Relocations\" turi \u0161ias akreditacijas ir naryst\u0119:<\/p>\n<ul>\n<li> <a href=\"https:\/\/moverdb.com\/lt\/britu-salintoju-asociacija\/\">Did\u017eiosios Britanijos perkraustytoj\u0173 asociacija<\/a> (<a href=\"https:\/\/moverdb.com\/lt\/british-association-of-removers\/\" data-internallinksmanager029f6b8e52c=\"9\" title=\"Britanijos perkraustymo \u012fmoni\u0173 asociacijos (BAR) paai\u0161kinimai\">BAR<\/a>)<\/li>\n<li> <a href=\"https:\/\/moverdb.com\/lt\/fedemac\/\">Europos perkraustytoj\u0173 federacija<\/a> (<a href=\"https:\/\/moverdb.com\/lt\/fedemac\/\" data-internallinksmanager029f6b8e52c=\"15\" title=\"Europos perve\u017e\u0117j\u0173 asociacijos federacijos (FEDEMAC) paai\u0161kinimai\">FEDEMAC<\/a>)<\/li>\n<li> <a href=\"https:\/\/moverdb.com\/lt\/esu\/\">Tarptautin\u0117 perkraustytoj\u0173 asociacija<\/a> (<a href=\"https:\/\/moverdb.com\/lt\/iam\/\" data-internallinksmanager029f6b8e52c=\"23\" title=\"Tarptautin\u0117s perkraustytoj\u0173 asociacijos (IAM) paai\u0161kinimai\">IAM<\/a>)<\/li>\n<li> <a href=\"https:\/\/moverdb.com\/lt\/hgfaa\/\">Amerikos buitini\u0173 preki\u0173 ekspeditori\u0173 asociacija<\/a><\/li>\n<li> Brit\u0173 tarptautinio krovini\u0173 ve\u017eimo asociacija (BIFA)<\/li>\n<li> <a href=\"https:\/\/moverdb.com\/lt\/baras-uzjuris\/\">Britanijos perkraustytoj\u0173 asociacija (BAR) U\u017esienyje<\/a><\/li>\n<\/ul>\n<h2>\"Eagle Relocations\" atsiliepimai<\/h2>\n<p><strong>Teigiamas:<\/strong><\/p>\n<ul>\n<li> <em>Berniukai buvo puik\u016bs... Labai naudingi, efektyv\u016bs, profesional\u016bs ir visi su didel\u0117mis \u0161ypsenomis veiduose...<\/em> - Ross per <a href=\"http:\/\/www.eaglerelocations.com\/testimonials\/\" target=\"_blank\" rel=\"noopener\">klient\u0173 atsiliepim\u0173 puslapis<\/a><\/li>\n<li> <em>\"Jie buvo patikimi, profesional\u016bs, linksmi, darb\u0161t\u016bs ir r\u016bpestingi, tod\u0117l itin \u012ftempt\u0105 laikotarp\u012f pavert\u0117 lengvu. Jie u\u017etikrina puik\u0173 kainos ir kokyb\u0117s santyk\u012f ir d\u017eiaugiuosi, kad nepasirinkau \u012fmon\u0117s, kuri elektroniniu pa\u0161tu pasi\u016bl\u0117 \"per ger\u0105, kad b\u016bt\u0173 tiesa\" persikraustymo kain\u0105, net nesilankiusi m\u016bs\u0173 namuose. Mano nuomone, jie yra rinkos lyderiai, ir a\u0161 visada b\u016bsiu d\u0117kingas \"Eagle Relocations\".\"<\/em> - Karen per <a href=\"https:\/\/www.trustpilot.com\/reviews\/56fe57450000ff00094ba791\" target=\"_blank\" rel=\"noopener\">\"TrustPilot\"<\/a> <\/li>\n<li> <em>\"A\u0161 tiesiog \"Eagle Relocations\" 3 kartus. Persik\u0117liau i\u0161 Hendono \u012f Borhamvud\u0105, i\u0161 Borhamvudo \u012f saugykl\u0105 ir tada \u012f Bal\u012f. Kiekvien\u0105 kart\u0105 jie man pasirod\u0117 itin profesional\u016bs.\"<\/em> - Pankesh P per <a href=\"https:\/\/www.yell.com\/reviews\/user\/PankeshP\" target=\"_blank\" rel=\"noopener\">Skambutis<\/a><\/li>\n<\/ul>\n<p><strong>Neigiamas:<\/strong><\/p>\n<ul>\n<li> <em>\"Nesinaudokite \u0161ia bendrove, jie prarado visas mano \u017eemi\u0161k\u0105sias g\u0117rybes.\"<\/em> - Adrienne per <a href=\"https:\/\/www.trustpilot.com\/reviews\/587ecbbc0dc2f609f06be069\" target=\"_blank\" rel=\"noopener\">\"Trustpilot\"<\/a><\/li>\n<\/ul>\n<div itemprop=\"review\" itemscope itemtype=\"http:\/\/schema.org\/Review\">\n<span itemprop=\"author\" itemscope=\"\" itemtype=\"http:\/\/schema.org\/Organization\"><span itemprop=\"name\">MoverDB.com<\/span><\/span> Internetin\u0117s svetain\u0117s ap\u017evalga <span itemprop=\"itemreviewed\" itemscope=\"\" itemtype=\"http:\/\/schema.org\/Brand\"><span itemprop=\"name\">Ereli\u0173 perk\u0117limai<\/span><\/span>:<\/p>\n<ol>\n<li> Ai\u0161ki kontaktin\u0117 informacija svetain\u0117je (\u012fskaitant telefono numer\u012f): <strong>Taip<\/strong><\/li>\n<li> Lengva gauti <a href=\"https:\/\/moverdb.com\/lt\/citatos\/\">tarptautini\u0173 perkraustym\u0173 citatos<\/a>? (internetin\u0117 s\u0105matos u\u017eklausos forma): <strong>Taip<\/strong><\/li>\n<li> Ai\u0161ki informacija svetain\u0117je: <strong>Taip,<\/strong> rasite \u0161ali\u0173 vadovus ir tinklara\u0161t\u012f su naudinga informacija apie persik\u0117lim\u0105 \u012f u\u017esien\u012f.<\/li>\n<li> Naryst\u0117 tarptautin\u0117se pripa\u017eintose jud\u0117jimo organizacijose: <strong>Taip<\/strong>, \u017er. pirmiau.<\/li>\n<li> Klient\u0173 s\u0105ra\u0161as ir (arba) ankstesni\u0173 klient\u0173 atsiliepimai: <strong>Kai kurie,<\/strong> Svetain\u0117je yra klient\u0173 test\u0173, ta\u010diau daugelis i\u0161 j\u0173 yra \u0161iek tiek pana\u0161\u016bs, o kitur internete yra nedaug atsiliepim\u0173. Ta\u010diau esamos ap\u017evalgos da\u017eniausiai yra teigiamos.<\/li>\n<\/ol>\n<div itemprop=\"reviewRating\" itemscope itemtype=\"http:\/\/schema.org\/Rating\"><meta itemprop=\"worstRating\" content = \"0\" \/><meta itemprop=\"bestRating\" content=\"5\" \/><meta itemprop=\"ratingValue\" content=\"4.5\"><\/div>\n<p><strong>Bendras \u012fvertinimas: 4,5\/5<\/strong><br \/>\n<strong>Per\u017ei\u016bros data:<\/strong> <span itemprop=\"datePublished\" content=\"2016-09-03\">03\/09\/2016<\/span>\n<\/div>\n<p>Su\u017einokite daugiau apie daugiau apie <a href=\"https:\/\/moverdb.com\/lt\/tarptautiniai-perkraustymai\/\">tarptautiniai perkraustymai<\/a> ir m\u016bs\u0173 <a href=\"https:\/\/moverdb.com\/lt\/atsiliepimai\/\">per\u017ei\u016bros procesas<\/a>.<\/p>\n<p><strong>Interneto svetain\u0117:<\/strong> <a href=\"http:\/\/www.eaglerelocations.com\" target=\"_blank\" rel=\"noopener\">http:\/\/www.eaglerelocations.com<\/a><\/p>","protected":false},"excerpt":{"rendered":"<p>Eagle Relocations is a removals company based in Watford, UK. It offers its clients a range of removals services which are listed below, together with a company profile and reviews. International Removals Door to door service Door to kerbside service Door to port service Full packing service Fragile or part pack service Owner packed service [&hellip;]<\/p>\n","protected":false},"author":1,"featured_media":0,"parent":0,"menu_order":0,"comment_status":"closed","ping_status":"closed","template":"","meta":{"_genesis_hide_title":false,"_genesis_hide_breadcrumbs":false,"_genesis_hide_singular_image":false,"_genesis_hide_footer_widgets":false,"_genesis_custom_body_class":"","_genesis_custom_post_class":"","_genesis_layout":"","footnotes":""},"class_list":{"0":"post-924","1":"page","2":"type-page","3":"status-publish","5":"entry"},"_links":{"self":[{"href":"https:\/\/moverdb.com\/lt\/wp-json\/wp\/v2\/pages\/924","targetHints":{"allow":["GET"]}}],"collection":[{"href":"https:\/\/moverdb.com\/lt\/wp-json\/wp\/v2\/pages"}],"about":[{"href":"https:\/\/moverdb.com\/lt\/wp-json\/wp\/v2\/types\/page"}],"author":[{"embeddable":true,"href":"https:\/\/moverdb.com\/lt\/wp-json\/wp\/v2\/users\/1"}],"replies":[{"embeddable":true,"href":"https:\/\/moverdb.com\/lt\/wp-json\/wp\/v2\/comments?post=924"}],"version-history":[{"count":6,"href":"https:\/\/moverdb.com\/lt\/wp-json\/wp\/v2\/pages\/924\/revisions"}],"predecessor-version":[{"id":6202,"href":"https:\/\/moverdb.com\/lt\/wp-json\/wp\/v2\/pages\/924\/revisions\/6202"}],"wp:attachment":[{"href":"https:\/\/moverdb.com\/lt\/wp-json\/wp\/v2\/media?parent=924"}],"curies":[{"name":"wp","href":"https:\/\/api.w.org\/{rel}","templated":true}]}}