{"id":923,"date":"2016-08-25T14:59:50","date_gmt":"2016-08-25T14:59:50","guid":{"rendered":"http:\/\/moverdb.com\/?page_id=923"},"modified":"2026-01-08T14:40:15","modified_gmt":"2026-01-08T14:40:15","slug":"movecorp","status":"publish","type":"page","link":"https:\/\/moverdb.com\/lt\/movecorp\/","title":{"rendered":"\"Movecorp\": Tarptautinio perkraustymo ir perkraustymo ap\u017evalgos"},"content":{"rendered":"<p>\"Movecorp\" yra \u012fsik\u016brusi Vest Midlende ir si\u016blo savo klientams \u012fvairi\u0173 <a href=\"https:\/\/moverdb.com\/lt\/international-removals\/\" data-internallinksmanager029f6b8e52c=\"27\" title=\"36 geriausios tarptautinio perkraustymo \u012fmon\u0117s Jungtin\u0117je Karalyst\u0117je\">tarptautiniai perkraustymai<\/a> paslaugas, kurios i\u0161vardytos toliau, kartu su \u012fmon\u0117s profiliu ir atsiliepimais.<\/p>\n<p><strong>Tarptautinis perkraustymas<\/strong><\/p>\n<ul>\n<li> Specialus perkraustymo koordinatorius<\/li>\n<li> Nuo dur\u0173 iki dur\u0173<\/li>\n<li> Pakavimas - visos paslaugos, trapi\u0173 daikt\u0173 pakavimas arba pakavimas savo j\u0117gomis<\/li>\n<li> Tiekiamos pakavimo med\u017eiagos<\/li>\n<li> Pagalba tvarkant dokumentus<\/li>\n<li> Dalinis krovini\u0173 gabenimas - bendras konteineris<\/li>\n<li> Speciali svetain\u0117 <a href=\"https:\/\/moverdb.com\/lt\/konteineriu-kroviniu-gabenimas\/\">tarptautinis gabenimas konteineriais<\/a><\/li>\n<li> Nemokama saugykla iki vieno m\u0117nesio<\/li>\n<li> i\u0161pakavimas<\/li>\n<li> Sutvarkytas draudimas<\/li>\n<li> Darbuotoj\u0173 perk\u0117limo paslauga<\/li>\n<\/ul>\n<p><strong>Europos perkraustymai<\/strong><\/p>\n<ul>\n<li> Paslaugos nuo dur\u0173 iki dur\u0173<\/li>\n<li> Specialus perkraustymo koordinatorius<\/li>\n<li> Galimos visos pakavimo paslaugos<\/li>\n<li> Tiekiamos pakavimo med\u017eiagos<\/li>\n<li> Pagalba tvarkant dokumentus<\/li>\n<li> Dalini\u0173 krovini\u0173 gabenimas (LCL)<\/li>\n<li> Specialus laivybos konteineris<\/li>\n<li> Nemokama saugykla iki vieno m\u0117nesio<\/li>\n<li> Galimos visos i\u0161pakavimo paslaugos<\/li>\n<li> Sutvarkytas draudimas<\/li>\n<\/ul>\n<p><strong>Nam\u0173 perkraustymas<\/strong><\/p>\n<ul>\n<li> Paslaugos nuo dur\u0173 iki dur\u0173<\/li>\n<li> Visapusi\u0161kos pakavimo ir pakavimo paslaugos <\/li>\n<li> Saugykla - pirmas m\u0117nuo nemokamai<\/li>\n<li> Sutvarkytas draudimas<\/li>\n<li> Dalin\u0117 apkrova (LCL)<\/li>\n<li> Pilna apkrova (FCL)<\/li>\n<li> I\u0161pakavimo paslauga pristatymo metu<\/li>\n<\/ul>\n<h2>\"Movecorp\" Bendrov\u0117s profilis<\/h2>\n<p>\"Movecorp\" yra <a href=\"https:\/\/moverdb.com\/lt\/moving-to-the-uk\/\" data-internallinksmanager029f6b8e52c=\"93\" title=\"Persik\u0117limas \u012f Jungtin\u0119 Karalyst\u0119? 2022 Gyvenimo i\u0161laidos ir persikraustymo patarimai\">JK<\/a> perkraustymo \u012fmon\u0117, kurios specializacija - tarptautinis ir Europos perkraustymas. Pagrindin\u0117 \u012fmon\u0117s b\u016bstin\u0117 yra Vest Midlende, tod\u0117l ji gali aptarnauti vis\u0105 Jungtin\u0119 Karalyst\u0119. <\/p>\n<p>\"Movecorp\" kiekvien\u0105 savait\u0117s dien\u0105 perve\u017ea \u017emones Jungtin\u0117je Karalyst\u0117je ir kas savait\u0119 pristato krovinius \u012f visas pagrindines Europos \u0161alis.<\/p>\n<p>\"Movecorp\" teikia individualizuotas paslaugas visiems savo klientams ir informuoja juos apie kiekvien\u0105 atlikt\u0105 \u017eingsn\u012f. Jie did\u017eiuojasi savo draugi\u0161ku ir efektyviu po\u017ei\u016briu \u012f kiekvien\u0105 perkraustym\u0105.<\/p>\n<p>\"Movecorp\" turi \u0161ias priklausomybes ir akreditacijas:<\/p>\n<ul>\n<li> <a href=\"https:\/\/moverdb.com\/lt\/esu\/\">Tarptautin\u0117 perkraustytoj\u0173 asociacija<\/a> (<a href=\"https:\/\/moverdb.com\/lt\/iam\/\" data-internallinksmanager029f6b8e52c=\"23\" title=\"Tarptautin\u0117s perkraustytoj\u0173 asociacijos (IAM) paai\u0161kinimai\">IAM<\/a>)<\/li>\n<li> <a href=\"https:\/\/moverdb.com\/lt\/rios\/\">Perkraustymo pramon\u0117s ombudsmeno sistema<\/a><\/li>\n<li> <a href=\"https:\/\/moverdb.com\/lt\/fedemac\/\">Europos perkraustytoj\u0173 federacija<\/a> (<a href=\"https:\/\/moverdb.com\/lt\/fedemac\/\" data-internallinksmanager029f6b8e52c=\"15\" title=\"Europos perve\u017e\u0117j\u0173 asociacijos federacijos (FEDEMAC) paai\u0161kinimai\">FEDEMAC<\/a>)<\/li>\n<li> <a href=\"https:\/\/moverdb.com\/lt\/kroviniu-vezimo-asociacija\/\">Krovininio transporto asociacija<\/a> (<a href=\"https:\/\/moverdb.com\/lt\/freight-transport-association\/\" data-internallinksmanager029f6b8e52c=\"18\" title=\"Krovininio transporto asociacijos (FTA) paai\u0161kinimai\">LPS<\/a>)<\/li>\n<li> <a href=\"https:\/\/moverdb.com\/lt\/mtc\/\">Movers Trading Club<\/a> (<a href=\"https:\/\/moverdb.com\/lt\/mtc\/\" data-internallinksmanager029f6b8e52c=\"30\" title=\"Movers Trading Club (MTC) Paai\u0161kinta\">MTC<\/a>)<\/li>\n<li> <a href=\"https:\/\/moverdb.com\/lt\/eurovan-movers\/\">Eurovan<\/a><\/li>\n<li> <a href=\"https:\/\/moverdb.com\/lt\/ngrs\/\">Nacionalin\u0117 perkraustytoj\u0173 ir sand\u0117linink\u0173 gildija<\/a> (<a href=\"https:\/\/moverdb.com\/lt\/ngrs\/\" data-internallinksmanager029f6b8e52c=\"74\" title=\"Nacionalin\u0117s perkraustytoj\u0173 ir sand\u0117linink\u0173 gildijos (NGRS) paai\u0161kinimai\">NGRS<\/a>)<\/li>\n<li> Kuris? Patikimas prekybininkas<\/li>\n<li> Kokyb\u0117s paslaug\u0173 standartai - BS 8564<\/li>\n<li> CHAS<\/li>\n<\/ul>\n<h2>\"MoveCorp\" atsiliepimai<\/h2>\n<p><strong>Teigiamas:<\/strong><\/p>\n<ul>\n<li> <em>\"Labai rekomenduoju \"Movecorp\". Aptarnavimas buvo puikus ir draugi\u0161kas.\"<\/em> - Ella Dennett per Movecorp <a href=\"http:\/\/www.movecorp.co.uk\/reviews\/\" target=\"_blank\" rel=\"noopener\">atsiliepim\u0173 ir klient\u0173 ataskait\u0173 puslapis<\/a>.<\/li>\n<li> <em>\"Labai efektyviai, viskas buvo puikiai supakuota ir atve\u017eta geros b\u016bkl\u0117s.\"<\/em> - Stano per <a href=\"https:\/\/www.trustpilot.com\/reviews\/579606ae0000ff00097414e9\" target=\"_blank\" rel=\"noopener\">\"TrustPilot\"<\/a> <\/li>\n<li> <em>\"M\u016bs\u0173 patirtis buvo puiki. M\u016bs\u0173 perkraustymo koordinator\u0117 Emma buvo labai paslaugi ir laiku atsak\u0117 \u012f m\u016bs\u0173 u\u017eklausas. Didelis a\u010di\u016b u\u017e jos pagalb\u0105!\"<\/em> Andrea per <a href=\"http:\/\/www.removalreviews.co.uk\/movingreviews\/great-service-11241\" target=\"_blank\" rel=\"noopener\">Perkraustymo ap\u017evalgos<\/a><\/li>\n<li> <em>\"Movecorp\" svetain\u0117je lengva nar\u0161yti ir radau naudingos informacijos, kuri man pad\u0117jo organizuoti persikraustym\u0105.\"<\/em> - LisaM1983 per <a href=\"http:\/\/www.reviewcentre.com\/Removal-Companies\/MoveCorp-International-Removals-www-movecorp-co-uk-review_2305958\" target=\"_blank\" rel=\"noopener\">Per\u017ei\u016bros centras<\/a><\/li>\n<li> <em>\"Movecorp\" komanda buvo fantasti\u0161ka nuo prad\u017eios iki pabaigos.\"<\/em> - per <a href=\"http:\/\/www.referenceline.com\/removers_removals-in-walsall-movecorpcouk-21956#GOTO178308\" target=\"_blank\" rel=\"noopener\">Nuoroda<\/a><\/li>\n<\/ul>\n<p><strong>Neigiamas:<\/strong><\/p>\n<ul>\n<li> <em>\"Jie daugiau nei tris m\u0117nesius tur\u0117jo mano kraustymosi turin\u012f, o jis tik pra\u0117jusi\u0105 savait\u0119 i\u0161keliavo i\u0161 Jungtin\u0117s Karalyst\u0117s.\"<\/em> - Chuck per <a href=\"https:\/\/www.trustpilot.com\/reviews\/55f4a26f0000ff000907c3df\" target=\"_blank\" rel=\"noopener\">\"TrustPilot\"<\/a><\/li>\n<li> <em>\"Nors internete ma\u010diau ger\u0173 atsiliepim\u0173, mano patirtis, deja, buvo gana bloga.\"<\/em> - Stevenas Johnsonas per <a href=\"http:\/\/www.removalreviews.co.uk\/movingreviews\/use-at-own-risk-11126\" target=\"_blank\" rel=\"noopener\">Perkraustymo ap\u017evalgos<\/a> <\/li>\n<li> <em>\"Blogiausia perkraustymo patirtis - jau\u010diuosi apgautas ir apgautas\"<\/em> - MayVisR42 per <a href=\"http:\/\/www.reviewcentre.com\/Removal-Companies\/MoveCorp-International-Removals-www-movecorp-co-uk-review_3464277\" target=\"_blank\" rel=\"noopener\">Per\u017ei\u016bros centras<\/a> <\/li>\n<\/ul>\n<div itemprop=\"review\" itemscope itemtype=\"http:\/\/schema.org\/Review\">\n<span itemprop=\"author\" itemscope=\"\" itemtype=\"http:\/\/schema.org\/Organization\"><span itemprop=\"name\">MoverDB.com<\/span><\/span> Internetin\u0117s svetain\u0117s ap\u017evalga <span itemprop=\"itemreviewed\" itemscope=\"\" itemtype=\"http:\/\/schema.org\/Brand\"><span itemprop=\"name\">MoveCorp<\/span><\/span>:<\/p>\n<ol>\n<li> Ai\u0161ki kontaktin\u0117 informacija svetain\u0117je (\u012fskaitant telefono numer\u012f)? <strong>Taip<\/strong><\/li>\n<li> Lengva gauti <a href=\"https:\/\/moverdb.com\/lt\/citatos\/\">tarptautini\u0173 perkraustym\u0173 citatos<\/a>? (internetin\u0117 s\u0105matos u\u017eklausos forma): <strong>Taip<\/strong><\/li>\n<li> Ai\u0161ki informacija svetain\u0117je: <strong>Ne,<\/strong> Svetain\u0117je pateikiama labai ma\u017eai informacijos, i\u0161skyrus informacij\u0105 apie tai, kaip gauti pasi\u016blym\u0105 ir aptarnaujamas vietoves.<\/li>\n<li> Naryst\u0117 tarptautin\u0117se pripa\u017eintose jud\u0117jimo organizacijose: <strong>Taip,<\/strong> daugelis - \u017er. pirmiau<\/li>\n<li> Klient\u0173 s\u0105ra\u0161as ir (arba) ankstesni\u0173 klient\u0173 atsiliepimai: <strong>Taip,<\/strong> svetain\u0117je yra daug teigiam\u0173 klient\u0173 atsiliepim\u0173.<\/li>\n<\/ol>\n<div itemprop=\"reviewRating\" itemscope itemtype=\"http:\/\/schema.org\/Rating\"><meta itemprop=\"worstRating\" content = \"0\" \/><meta itemprop=\"bestRating\" content=\"5\" \/><meta itemprop=\"ratingValue\" content=\"4.5\"><\/div>\n<p><strong>Bendras \u012fvertinimas: 4,5\/5<\/strong><br \/>\n<strong>Per\u017ei\u016bros data:<\/strong> <span itemprop=\"datePublished\" content=\"2016-08-25\">25\/08\/2016<\/span>\n<\/div>\n<p>Su\u017einokite daugiau apie <a href=\"https:\/\/moverdb.com\/lt\/tarptautiniai-perkraustymai\/\">tarptautiniai perkraustymai<\/a> ir m\u016bs\u0173 <a href=\"https:\/\/moverdb.com\/lt\/atsiliepimai\/\">per\u017ei\u016bros procesas<\/a>.<\/p>\n<p><strong>Interneto svetain\u0117:<\/strong> <a href=\"http:\/\/www.movecorp.co.uk\" target=\"_blank\" rel=\"noopener\">http:\/\/www.movecorp.co.uk<\/a><\/p>","protected":false},"excerpt":{"rendered":"<p>Movecorp is based in the West Midlands and offers its customers various international removals services which are listed below, together with a company profile and reviews. International Removals Dedicated move coordinator Door to door Packing &#8211; full service, fragile items or do it yourself Packing materials supplied Assistance with paperwork Part load shipping &#8211; shared [&hellip;]<\/p>\n","protected":false},"author":1,"featured_media":0,"parent":0,"menu_order":0,"comment_status":"closed","ping_status":"closed","template":"","meta":{"_genesis_hide_title":false,"_genesis_hide_breadcrumbs":false,"_genesis_hide_singular_image":false,"_genesis_hide_footer_widgets":false,"_genesis_custom_body_class":"","_genesis_custom_post_class":"","_genesis_layout":"","footnotes":""},"class_list":{"0":"post-923","1":"page","2":"type-page","3":"status-publish","5":"entry"},"_links":{"self":[{"href":"https:\/\/moverdb.com\/lt\/wp-json\/wp\/v2\/pages\/923","targetHints":{"allow":["GET"]}}],"collection":[{"href":"https:\/\/moverdb.com\/lt\/wp-json\/wp\/v2\/pages"}],"about":[{"href":"https:\/\/moverdb.com\/lt\/wp-json\/wp\/v2\/types\/page"}],"author":[{"embeddable":true,"href":"https:\/\/moverdb.com\/lt\/wp-json\/wp\/v2\/users\/1"}],"replies":[{"embeddable":true,"href":"https:\/\/moverdb.com\/lt\/wp-json\/wp\/v2\/comments?post=923"}],"version-history":[{"count":8,"href":"https:\/\/moverdb.com\/lt\/wp-json\/wp\/v2\/pages\/923\/revisions"}],"predecessor-version":[{"id":13179,"href":"https:\/\/moverdb.com\/lt\/wp-json\/wp\/v2\/pages\/923\/revisions\/13179"}],"wp:attachment":[{"href":"https:\/\/moverdb.com\/lt\/wp-json\/wp\/v2\/media?parent=923"}],"curies":[{"name":"wp","href":"https:\/\/api.w.org\/{rel}","templated":true}]}}