{"id":920,"date":"2016-09-03T16:04:22","date_gmt":"2016-09-03T16:04:22","guid":{"rendered":"http:\/\/moverdb.com\/?page_id=920"},"modified":"2026-01-08T14:47:54","modified_gmt":"2026-01-08T14:47:54","slug":"burke-bros","status":"publish","type":"page","link":"https:\/\/moverdb.com\/lt\/burke-bros\/","title":{"rendered":"\"Burke Bros Moving Group\": Tarptautiniai perkraustymai Atsiliepimai"},"content":{"rendered":"<p>\"Burke Bros\" yra pasaulinio masto perkraustymo, sand\u0117liavimo, krovini\u0173 gabenimo ir pasaulinio perk\u0117limo ekspertai. Toliau pateikiamos j\u0173 si\u016blomos paslaugos, \u012fmon\u0117s profilis ir \u012fvair\u016bs atsiliepimai.<\/p>\n<p><strong>\u012emoni\u0173 ir asmeniniai <a href=\"https:\/\/moverdb.com\/lt\/international-removals\/\" data-internallinksmanager029f6b8e52c=\"27\" title=\"36 geriausios tarptautinio perkraustymo \u012fmon\u0117s Jungtin\u0117je Karalyst\u0117je\">Tarptautinis perkraustymas<\/a><\/strong><\/p>\n<ul>\n<li> Speciali \u012fmon\u0117s komanda<\/li>\n<li> I\u0161samios paslaugos nuo dur\u0173 iki dur\u0173<\/li>\n<li> Nemokama perkraustymo apklausa<\/li>\n<li> Gerbiam\u0173 perk\u0117limo ekspert\u0173 tinklas visame pasaulyje<\/li>\n<li> Speciali eksporto pakavimo komanda<\/li>\n<li> Tarptautinio karantino patarimai<\/li>\n<li> Tarptautin\u0117 muitin\u0117s ir akciz\u0173 informacija<\/li>\n<li> <a href=\"https:\/\/moverdb.com\/lt\/moving-to-the-uk\/\" data-internallinksmanager029f6b8e52c=\"93\" title=\"Persik\u0117limas \u012f Jungtin\u0119 Karalyst\u0119? 2022 Gyvenimo i\u0161laidos ir persikraustymo patarimai\">JK<\/a> sand\u0117liavimas - prie\u0161 i\u0161siuntim\u0105<\/li>\n<li> Sutvarkytas draudimas<\/li>\n<li> Muitinio \u012fforminimo pagalba<\/li>\n<\/ul>\n<p><strong>Europos jud\u0117jimai<\/strong><\/p>\n<ul>\n<li> I\u0161samios paslaugos nuo dur\u0173 iki dur\u0173<\/li>\n<li> Specializuota pakavimo komanda<\/li>\n<li> Sutvarkytas draudimas<\/li>\n<li> Savaitiniai reisai<\/li>\n<li> Pagalba muitinei ir akcizams, jei taikoma<\/li>\n<\/ul>\n<p><strong>Vidaus perkraustymas JK - \u012fmoni\u0173 ir asmen\u0173 perkraustymas<\/strong><\/p>\n<ul>\n<li> Asmeninis konsultanto vizitas<\/li>\n<li> Projekt\u0173 valdymo paslauga \u012fmon\u0117ms<\/li>\n<li> I\u0161samios paslaugos nuo dur\u0173 iki dur\u0173<\/li>\n<li> Specializuota pakavimo komanda<\/li>\n<li> Sutvarkytas draudimas<\/li>\n<li> Specializuota pakuot\u0117<\/li>\n<li> Biuro d\u0117\u017ei\u0173 nuoma<\/li>\n<\/ul>\n<p><strong>Saugykla<\/strong><\/p>\n<ul>\n<li> Savaranki\u0161kas sand\u0117liavimas - Wolverhamptonas <\/li>\n<li> Neribota prieiga darbo valandomis<\/li>\n<li> Galima \u012fsigyti \u012fvairi\u0173 d\u0117\u017ei\u0173<\/li>\n<li> 24 valandas per par\u0105 veikianti vaizdo steb\u0117jimo sistema<\/li>\n<li> Dokument\u0173 ir archyv\u0173 saugojimas<\/li>\n<\/ul>\n<p><strong>Specialios paslaugos perkraustymo metu<\/strong><\/p>\n<ul>\n<li> Dokument\u0173 smulkinimas<\/li>\n<li> Dokument\u0173 saugojimas<\/li>\n<li> Sen\u0173 bald\u0173 ir IT \u012frangos perdirbimas<\/li>\n<li> Kompiuteri\u0173 sistem\u0173 i\u0161jungimas ir konfig\u016bravimas<\/li>\n<li> Specialios IT \u012frangos pakavimo med\u017eiagos<\/li>\n<\/ul>\n<h2>\"Burke Bros Moving Group\" \u012fmon\u0117s profilis<\/h2>\n<p>\"Burke Bros\" buvo \u012fkurta 1982 m. ir per t\u0105 laik\u0105 perve\u017e\u0117 daugiau kaip 49 000 klient\u0173. Pakuodami, perkraustydami ir i\u0161pakuodami daiktus jie yra i\u0161dirb\u0119 beveik pus\u0119 milijono valand\u0173. \u012emon\u0117 \u012fsik\u016brusi centrin\u0117je Anglijoje, turi septynis biurus ir 52 000 kvadratini\u0173 p\u0117d\u0173 saugom\u0105 sand\u0117liavimo plot\u0105.<\/p>\n<p>\"Burke Bros\" yra \u0161eimos \u012fmon\u0117, kuri\u0105 valdo broliai Burkai - Gary ir Chrisas. Daugelis j\u0173 darbuotoj\u0173 dirba daugiau nei 20 met\u0173. \u012emon\u0117 did\u017eiuojasi r\u016bpestingu po\u017ei\u016briu \u012f kiekvien\u0105 perkraustym\u0105.<\/p>\n<p>\"Burke Bros\" yra labai svarbi \u012fmon\u0117s veikla, tod\u0117l, siekdama suma\u017einti anglies dvideginio p\u0117dsak\u0105, \"Burke Bros\" klientams \u012fdieg\u0117 perdirbimo ir atliek\u0173 tvarkymo sistemas.<\/p>\n<p>\"Burke Bros\" priklausomyb\u0117s ir akreditacijos:<\/p>\n<ul>\n<li> <a href=\"https:\/\/moverdb.com\/lt\/britu-salintoju-asociacija\/\">Did\u017eiosios Britanijos perkraustytoj\u0173 asociacija<\/a> (<a href=\"https:\/\/moverdb.com\/lt\/british-association-of-removers\/\" data-internallinksmanager029f6b8e52c=\"9\" title=\"Britanijos perkraustymo \u012fmoni\u0173 asociacijos (BAR) paai\u0161kinimai\">BAR<\/a>)<\/li>\n<li> <a href=\"https:\/\/moverdb.com\/lt\/fidi-faim\/\">Tarptautin\u0117 tarptautini\u0173 keleivi\u0173 ve\u017e\u0117j\u0173 federacija (F\u00e9d\u00e9ration Internationale des D\u00e9m\u00e9nageurs Internationaux)<\/a> (<a href=\"https:\/\/moverdb.com\/lt\/fidi-faim\/\" data-internallinksmanager029f6b8e52c=\"16\" title=\"FIDI ir FAIM (FIDI akredituotas tarptautinis perve\u017e\u0117jas) paai\u0161kinimai\">FIDI<\/a>)<\/li>\n<li> <a href=\"https:\/\/moverdb.com\/lt\/esu\/\">Tarptautin\u0117 perkraustytoj\u0173 asociacija<\/a> (<a href=\"https:\/\/moverdb.com\/lt\/iam\/\" data-internallinksmanager029f6b8e52c=\"23\" title=\"Tarptautin\u0117s perkraustytoj\u0173 asociacijos (IAM) paai\u0161kinimai\">IAM<\/a>)<\/li>\n<li> Panamerikos tarptautini\u0173 perve\u017e\u0117j\u0173 asociacija (PAIMA)<\/li>\n<li> The <a href=\"https:\/\/moverdb.com\/lt\/baras-uzjuris\/\">Brit\u0173 perkraustymo asociacija u\u017esienyje<\/a><\/li>\n<li> BS5750<\/li>\n<li> TSI<\/li>\n<\/ul>\n<p><strong>Burke Bros Atsiliepimai<\/strong><\/p>\n<p><strong>Teigiamas<\/strong><\/p>\n<ul>\n<li> <em>\"Nor\u0117jome pad\u0117koti u\u017e nuostab\u0173 aptarnavim\u0105, kur\u012f k\u0105 tik patyr\u0117me persikraustydami i\u0161 Anglijos \u012f <a href=\"https:\/\/moverdb.com\/lt\/moving-to-france\/\" data-internallinksmanager029f6b8e52c=\"315\" title=\"Persik\u0117limas \u012f Pranc\u016bzij\u0105? 2023 Gyvenimo i\u0161laidos ir persik\u0117limo patarimai\">Pranc\u016bzija<\/a>. Mes negal\u0117jome nor\u0117ti geresnio vaikin\u0173 rinkinio, kurie pakraut\u0173 ir i\u0161kraut\u0173 <a href=\"https:\/\/moverdb.com\/lt\/moving-to-the-united-states\/\" data-internallinksmanager029f6b8e52c=\"94\" title=\"Persik\u0117limas \u012f Jungtines Amerikos Valstijas? 2022 Gyvenimo i\u0161laidos ir persik\u0117limo patarimai\">mus<\/a>.\"<\/em> - Sue ir Davidas per Burke Bros <a href=\"http:\/\/burkebros.co.uk\/about_us\/testimonials\/\" target=\"_blank\" rel=\"noopener\">atsiliepim\u0173 puslapis<\/a><\/li>\n<li> <em>\"Pasinaudojome \"Burke Bros\" paslaugomis persikelti i\u0161 Jungtin\u0117s Karalyst\u0117s \u012f Dordon\u0119 Pranc\u016bzijoje ne d\u0117l to, kad jie buvo pagr\u012fsti, bet d\u0117l to, kad profesionaliai atliko darb\u0105 nuo prad\u017eios iki pabaigos.\"<\/em> - Malkolmas per <a href=\"https:\/\/www.yell.com\/biz\/burke-bros-worldwide-moving-group-wolverhampton-900810900\/\" target=\"_blank\" rel=\"noopener\">Skambutis<\/a><\/li>\n<\/ul>\n<p><strong>Neigiamas <\/strong><\/p>\n<ul>\n<li> <em>Blogiausia persikraustymo patirtis per 35 metus (8 persikraustymai)<\/em> - D Neal per <a href=\"http:\/\/www.removalreviews.co.uk\/movingreviews\/appalling-12193\" target=\"_blank\" rel=\"noopener\">Perkraustymo ap\u017evalgos<\/a><\/li>\n<li> \"Ne\u0161vaistykite pinig\u0173.\" - Thibit per <a href=\"https:\/\/www.yell.com\/biz\/burke-bros-worldwide-moving-group-wolverhampton-900810900\/\" target=\"_blank\" rel=\"noopener\">Skambutis<\/a><\/li>\n<\/li>\n<\/ul>\n<div itemprop=\"review\" itemscope itemtype=\"http:\/\/schema.org\/Review\">\n<span itemprop=\"author\" itemscope=\"\" itemtype=\"http:\/\/schema.org\/Organization\"><span itemprop=\"name\">MoverDB.com<\/span><\/span> Internetin\u0117s svetain\u0117s ap\u017evalga <span itemprop=\"itemreviewed\" itemscope=\"\" itemtype=\"http:\/\/schema.org\/Brand\"><span itemprop=\"name\">\"Burke Bros\" jud\u0117jimo grup\u0117<\/span><\/span>:<\/p>\n<ol>\n<li> Ai\u0161ki kontaktin\u0117 informacija svetain\u0117je (\u012fskaitant telefono numer\u012f): <strong>Taip<\/strong><\/li>\n<li> Lengva gauti <a href=\"https:\/\/moverdb.com\/lt\/citatos\/\">tarptautini\u0173 perkraustym\u0173 citatos<\/a>? (internetin\u0117 s\u0105matos u\u017eklausos forma): <strong>Taip<\/strong><\/li>\n<li> Ai\u0161ki informacija svetain\u0117je: <strong>Taip,<\/strong> \u012fskaitant vadovus po \u012fvairias \u0161alis, kuriose jie dirba.<\/li>\n<li> Naryst\u0117 tarptautin\u0117se pripa\u017eintose jud\u0117jimo organizacijose: <strong>Taip<\/strong>, \u017er. pirmiau.<\/li>\n<li> Klient\u0173 s\u0105ra\u0161as ir (arba) ankstesni\u0173 klient\u0173 atsiliepimai: <strong>Kai kurie,<\/strong> j\u0173 svetain\u0117je yra keletas atsiliepim\u0173, o kitose svetain\u0117se apskritai teigiamai atsiliepiama apie juos.<\/li>\n<\/ol>\n<div itemprop=\"reviewRating\" itemscope itemtype=\"http:\/\/schema.org\/Rating\"><meta itemprop=\"worstRating\" content = \"0\" \/><meta itemprop=\"bestRating\" content=\"5\" \/><meta itemprop=\"ratingValue\" content=\"4.5\"><\/div>\n<p><strong>Bendras \u012fvertinimas: 4,5\/5<\/strong><br \/>\n<strong>Per\u017ei\u016bros data:<\/strong> <span itemprop=\"datePublished\" content=\"2016-09-03\">03\/09\/2016<\/span>\n<\/div>\n<p>Skaitykite daugiau apie <a href=\"https:\/\/moverdb.com\/lt\/tarptautiniai-perkraustymai\/\">tarptautiniai perkraustymai<\/a> ir m\u016bs\u0173 <a href=\"https:\/\/moverdb.com\/lt\/atsiliepimai\/\">per\u017ei\u016bros procesas.<\/a>.<\/p>\n<p><strong>Interneto svetain\u0117:<\/strong> <a href=\"http:\/\/burkebros.co.uk\/\" target=\"_blank\" rel=\"noopener\">http:\/\/burkebros.co.uk<\/a><\/p>","protected":false},"excerpt":{"rendered":"<p>Burke Bros are worldwide movers, storers, shippers and global relocation experts. Listed below are the services they offer, followed by a company profile and various reviews. Corporate and Personal International Removals Dedicated corporate team Comprehensive door to door service Free moving survey Network of reputable relocation experts world wide Dedicated export packing team International quarantine [&hellip;]<\/p>\n","protected":false},"author":1,"featured_media":0,"parent":0,"menu_order":0,"comment_status":"closed","ping_status":"closed","template":"","meta":{"_genesis_hide_title":false,"_genesis_hide_breadcrumbs":false,"_genesis_hide_singular_image":false,"_genesis_hide_footer_widgets":false,"_genesis_custom_body_class":"","_genesis_custom_post_class":"","_genesis_layout":"","footnotes":""},"class_list":{"0":"post-920","1":"page","2":"type-page","3":"status-publish","5":"entry"},"_links":{"self":[{"href":"https:\/\/moverdb.com\/lt\/wp-json\/wp\/v2\/pages\/920","targetHints":{"allow":["GET"]}}],"collection":[{"href":"https:\/\/moverdb.com\/lt\/wp-json\/wp\/v2\/pages"}],"about":[{"href":"https:\/\/moverdb.com\/lt\/wp-json\/wp\/v2\/types\/page"}],"author":[{"embeddable":true,"href":"https:\/\/moverdb.com\/lt\/wp-json\/wp\/v2\/users\/1"}],"replies":[{"embeddable":true,"href":"https:\/\/moverdb.com\/lt\/wp-json\/wp\/v2\/comments?post=920"}],"version-history":[{"count":5,"href":"https:\/\/moverdb.com\/lt\/wp-json\/wp\/v2\/pages\/920\/revisions"}],"predecessor-version":[{"id":6189,"href":"https:\/\/moverdb.com\/lt\/wp-json\/wp\/v2\/pages\/920\/revisions\/6189"}],"wp:attachment":[{"href":"https:\/\/moverdb.com\/lt\/wp-json\/wp\/v2\/media?parent=920"}],"curies":[{"name":"wp","href":"https:\/\/api.w.org\/{rel}","templated":true}]}}