{"id":906,"date":"2018-01-30T05:37:29","date_gmt":"2018-01-30T05:37:29","guid":{"rendered":"http:\/\/moverdb.com\/?page_id=906"},"modified":"2026-01-08T14:48:24","modified_gmt":"2026-01-08T14:48:24","slug":"fox-moving","status":"publish","type":"page","link":"https:\/\/moverdb.com\/lt\/fox-moving\/","title":{"rendered":"\"Fox Moving &amp; Storage\": Tarptautinio perkraustymo ap\u017evalgos"},"content":{"rendered":"<p>\"Fox Moving &amp; Storage\" \u012fsik\u016brusi Kvmbrane, Velse. Toliau rasite j\u0173 teikiam\u0173 tarptautini\u0173 ir vietini\u0173 paslaug\u0173 s\u0105ra\u0161\u0105, \u012fmon\u0117s profil\u012f ir atsiliepimus.<\/p>\n<p><strong>Persik\u0117limas \u012f kit\u0105 \u0161al\u012f - \u012fmoni\u0173 ir fizini\u0173 asmen\u0173<\/strong><\/p>\n<ul>\n<li> Asmeninis <a href=\"https:\/\/moverdb.com\/lt\/international-removals\/\" data-internallinksmanager029f6b8e52c=\"27\" title=\"36 geriausios tarptautinio perkraustymo \u012fmon\u0117s Jungtin\u0117je Karalyst\u0117je\">tarptautiniai perkraustymai<\/a> agentas<\/li>\n<li> I\u0161samus pasi\u016blymas, jud\u0117jimo grafikas ir tvarkara\u0161tis<\/li>\n<li> Ekspert\u0173 pakavimo komanda<\/li>\n<li> teikia muitin\u0117s ir akciz\u0173 dokumentus.<\/li>\n<li> Vietos agentai, padedantys paskirties \u0161alyje<\/li>\n<\/ul>\n<p><strong>Persik\u0117limas \u012f Europ\u0105 - \u012fmoni\u0173 ir fizini\u0173 asmen\u0173<\/strong><\/p>\n<ul>\n<li> Asmenin\u0117 Europos perkraustymo komanda<\/li>\n<li> I\u0161samus pasi\u016blymas ir jud\u0117jimo grafikas<\/li>\n<li> Ekspert\u0173 pakavimo komanda<\/li>\n<li> Priimami ma\u017ei kroviniai <\/li>\n<li> Pristatymai \u012f \u017eemynin\u0119 Europ\u0105 keliais<\/li>\n<li> Pristatymas \u012f pakrant\u0117s salas keltu arba j\u016briniu konteineriu<\/li>\n<li> Pristatymai \u012f Ryt\u0173 Europ\u0105 j\u016briniais konteineriais ir (arba) keli\u0173 transportu<\/li>\n<li> Importo ir muitin\u0117s informacija, jei taikoma.<\/li>\n<\/ul>\n<p><strong>Tarptautinio ir vietinio komercini\u0173 patalp\u0173 ir biur\u0173 perkraustymo specialistai<\/strong><\/p>\n<ul>\n<li> Skiriamas vyresnysis komercijos atstovas<\/li>\n<li> I\u0161samus pasi\u016blymas ir darbo grafikas<\/li>\n<li> Specialiai suprojektuotos d\u0117\u017e\u0117s dokumentams ir smulkiems daiktams i\u0161ve\u017eti<\/li>\n<li> Pilnas d\u0117\u017ei\u0173 (sandari\u0173 ir su dang\u010diais), pakavimo med\u017eiag\u0173, ve\u017eim\u0117li\u0173, apsaugini\u0173 dang\u010di\u0173 ir ve\u017eim\u0117li\u0173 asortimentas<\/li>\n<li> Visi\u0161kai apsaugota IT \u012franga<\/li>\n<li> IT darbuotojai, galintys i\u0161ardyti ir surinkti kompiuterius<\/li>\n<li> Archyvas ir dokument\u0173 saugykla<\/li>\n<li> Stal\u0173, darbo viet\u0173 ir stela\u017e\u0173 i\u0161montavimas ir sumontavimas<\/li>\n<li> Visapusi\u0161kos siuntimo paslaugos visame pasaulyje ir Europoje bei IT ir ry\u0161i\u0173 paslaugos<\/li>\n<\/ul>\n<p><strong>Jud\u0117jimas per <a href=\"https:\/\/moverdb.com\/lt\/moving-to-the-uk\/\" data-internallinksmanager029f6b8e52c=\"93\" title=\"Persik\u0117limas \u012f Jungtin\u0119 Karalyst\u0119? 2022 Gyvenimo i\u0161laidos ir persikraustymo patarimai\">JK<\/a><\/strong><\/p>\n<ul>\n<li> Paskirtas asmeninis JK perkraustymo agentas<\/li>\n<li> Pateiktas i\u0161samus ra\u0161ti\u0161kas pasi\u016blymas<\/li>\n<li> Paslaugos nuo dur\u0173 iki dur\u0173<\/li>\n<li> Ekspertai pakuotojai<\/li>\n<li> Gali b\u016bti pateikta pakavimo med\u017eiag\u0173<\/li>\n<li> Sutvarkytas draudimas<\/li>\n<li> Sutvarkyta saugykla<\/li>\n<\/ul>\n<p><strong>Saugojimo sprendimai<\/strong><\/p>\n<ul>\n<li> Verslo, komercin\u0117s ir priva\u010dios savaranki\u0161kos saugyklos<\/li>\n<li> Konteineri\u0173 saugykla<\/li>\n<li> Student\u0173 saugykla<\/li>\n<li> Verslo sand\u0117liavimas<\/li>\n<li> Archyvo saugykla<\/li>\n<li> 24 valandas per par\u0105 veikianti vaizdo steb\u0117jimo sistema<\/li>\n<li> Prieiga darbo valandomis<\/li>\n<\/ul>\n<p>Jie taip pat yra <a href=\"https:\/\/moverdb.com\/lt\/atlas-van-lines-international\/\" rel=\"noopener\" target=\"_blank\">\"Atlas Van Lines<\/a> agentas Jungtin\u0117je Karalyst\u0117je.<\/p>\n<h2>Fox Moving &amp; Storage<\/h2>\n<p>\"Fox Moving &amp; Storage\" 1971 m. \u012fk\u016br\u0117 Roy Fox. Jo \u0161eima perkraustymo ir sand\u0117liavimo verslu u\u017esi\u0117m\u0117 nuo 1920-\u0173j\u0173. Nuo \u012fk\u016brimo prad\u017eios \u012fmon\u0117 i\u0161augo i\u0161 ma\u017eos \u0161eimos \u012fmon\u0117s, teikian\u010dios paslaugas Piet\u0173 Velse, iki \u012fmon\u0117s, kuri dabar tenkina tarptautini\u0173 ir vietini\u0173 verslo ir asmenini\u0173 klient\u0173 poreikius. Dabar \u012fmonei vadovauja Roy Foxo s\u016bnus ir du an\u016bkai. <\/p>\n<p>\"Fox Moving &amp; Storage\" \u012fsipareigoja vykdyti savo veikl\u0105 taip, kad b\u016bt\u0173 visapusi\u0161kai gerbiama aplinka, darbuotojai ir, svarbiausia, klientai. Taip pat \u012fsipareigoja u\u017etikrinti saugi\u0105 ir efektyvi\u0105 darbo aplink\u0105, kuri bus naudinga ne tik darbuotojams, bet ir klientams.<\/p>\n<p>\"Fox Moving\" priklausomyb\u0117 ir akreditacijos:<\/p>\n<ul>\n<li> <a href=\"https:\/\/moverdb.com\/lt\/britu-salintoju-asociacija\/\">Did\u017eiosios Britanijos perkraustytoj\u0173 asociacija<\/a> (<a href=\"https:\/\/moverdb.com\/lt\/british-association-of-removers\/\" data-internallinksmanager029f6b8e52c=\"9\" title=\"Britanijos perkraustymo \u012fmoni\u0173 asociacijos (BAR) paai\u0161kinimai\">BAR<\/a>)<\/li>\n<li> Prekybos standart\u0173 institutas (TSI)<\/li>\n<li> <a href=\"https:\/\/moverdb.com\/lt\/baras-uzjuris\/\">Did\u017eiosios Britanijos perkraustytoj\u0173 asociacijos grup\u0117 u\u017esienyje<\/a><\/li>\n<li> <a href=\"https:\/\/moverdb.com\/lt\/fidi-faim\/\">Tarptautin\u0117 tarptautini\u0173 keleivi\u0173 ve\u017e\u0117j\u0173 federacija (F\u00e9d\u00e9ration Internationale des D\u00e9m\u00e9nageurs Internationaux)<\/a> (<a href=\"https:\/\/moverdb.com\/lt\/fidi-faim\/\" data-internallinksmanager029f6b8e52c=\"16\" title=\"FIDI ir FAIM (FIDI akredituotas tarptautinis perve\u017e\u0117jas) paai\u0161kinimai\">FIDI<\/a>)<\/li>\n<li> <a href=\"https:\/\/moverdb.com\/lt\/fidi-faim\/\">FIDI akredituotas tarptautinis perkraustymas<\/a> (FAIM)<\/li>\n<li> U\u017etikrintos kokyb\u0117s paslaug\u0173 standartas - Komercinis perkraustymas<\/li>\n<li> Kokyb\u0117s u\u017etikrinimo paslaug\u0173 standartas - Kokyb\u0117s vadybos sistemos<\/li>\n<li> U\u017etikrintos kokyb\u0117s paslaug\u0173 standartas - Aplinkosaugos vadybos sistemos<\/li>\n<\/ul>\n<h2>Fox Moving &amp; Storage Atsiliepimai<\/h2>\n<p><strong>Teigiamas<\/strong><\/p>\n<ul>\n<li> <em>\"Draugi\u0161ka ir efektyvi perkraustymo komanda.\"<\/em> - Hamer per <a href=\"http:\/\/www.fox-moving.com\/reviews\/\" target=\"_blank\" rel=\"noopener\">Fox Moving atsiliepimai puslapis<\/a><\/li>\n<li> <em>\"Puikus, profesionalus ir mandagus aptarnavimas. Joki\u0173 nusiskundim\u0173; viskas vyko pagal veiksming\u0105 plan\u0105. \"Foxes\" n\u0117ra \"pigiausi\", bet j\u016bs gaunate tai, u\u017e k\u0105 mokate - kokyb\u0119!\"<\/em> - Patricija per <a href=\"http:\/\/ww2.feefo.com\/en-us\/reviews\/fox-moving\/571f3e07498e08d16aafb163\/customer-review-top-notch-service\" target=\"_blank\" rel=\"noopener\">\"Feefo\"<\/a><\/li>\n<li> <em>\"Fox\" man suteik\u0117 neprilygstam\u0105 paslaug\u0105 - nuo pirmin\u0117s u\u017eklausos iki u\u017ebaigimo. Taip pat turiu pasakyti ypating\u0105 a\u010di\u016b savo perkraustymo darbuotojams t\u0105 dien\u0105.\"<\/em> - Beverley per <a href=\"http:\/\/trustedtraders.which.co.uk\/businesses\/fox-moving-storage-cwmbran\/\" target=\"_blank\" rel=\"noopener\">Patikimi prekybininkai<\/a><\/li>\n<li> <em>\"Per kelerius metus 6 kartus keit\u0117m\u0117s i\u0161 vienos \u0161alies \u012f kit\u0105. Paskutin\u012f kart\u0105 persik\u0117l\u0117me i\u0161 Vienos \u012f <a href=\"https:\/\/moverdb.com\/lt\/moving-to-london\/\">Londonas<\/a> ir tai buvo geriausias \u017eingsnis, kok\u012f kada nors esame patyr\u0119, tod\u0117l negalime atsid\u0117koti \"Fox\".\"<\/em> - Sarah per \"Facebook\".<\/li>\n<\/ul>\n<p><strong>Neigiamas<\/strong><\/p>\n<ul>\n<li> <em>\"Mano \u017emona ir a\u0161 buvome \u0161okiruoti, koks prastas buvo m\u016bs\u0173 aptarnavimas. \u012egula ner\u016bpestingai elg\u0117si su m\u016bs\u0173 daiktais, nieko nedar\u0117, kad apsaugot\u0173 nuo siaubingo oro tomis dienomis.\"<\/em> - Anthony per  <a href=\"http:\/\/ww2.feefo.com\/en-us\/reviews\/fox-moving\/571f3e07498e08d16aafb1a9\/customer-review-a-shockingly-bad-service\" target=\"_blank\" rel=\"noopener\">\"Feefo\"<\/a><\/li>\n<li> <em>\"Perkraustytojai padar\u0117 daug \u017ealos prek\u0117ms. Nebuvo labai r\u016bpestingi. Daiktai palikti visur, \u012fskaitant daiktus, paliktus lauke\"<\/em> - Paulius per <a href=\"http:\/\/trustedtraders.which.co.uk\/businesses\/fox-moving-storage-cwmbran\/\" target=\"_blank\" rel=\"noopener\">Patikimi prekybininkai<\/a><\/li>\n<li> <em>\"\u0160okiruojanti bendrov\u0117. Perkraustymo vyrai vis\u0105 dien\u0105 gin\u010dijosi, gin\u010dijosi ir keik\u0117si vienas ant kito, tod\u0117l visas ir taip \u012ftemptas persikraustymas virto ko\u0161maru.\"<\/em> - Mike'as per <a href=\"https:\/\/www.yell.com\/biz\/fox-moving-and-storage-ltd-cwmbran-6113370\/\" target=\"_blank\" rel=\"noopener\">Skambutis<\/a><\/li>\n<\/ul>\n<div itemprop=\"review\" itemscope itemtype=\"http:\/\/schema.org\/Review\">\n<span itemprop=\"author\" itemscope=\"\" itemtype=\"http:\/\/schema.org\/Organization\"><span itemprop=\"name\">MoverDB.com<\/span><\/span> Internetin\u0117s svetain\u0117s ap\u017evalga <span itemprop=\"itemreviewed\" itemscope=\"\" itemtype=\"http:\/\/schema.org\/Brand\"><span itemprop=\"name\">Fox Moving &amp; Storage<\/span><\/span>:<\/p>\n<ol>\n<li> Ai\u0161ki kontaktin\u0117 informacija svetain\u0117je (\u012fskaitant telefono numer\u012f): <strong>Taip<\/strong><\/li>\n<li> Lengva gauti <a href=\"https:\/\/moverdb.com\/lt\/citatos\/\">tarptautini\u0173 perkraustym\u0173 citatos<\/a>? (internetin\u0117 s\u0105matos u\u017eklausos forma): <strong>Taip<\/strong><\/li>\n<li> Ai\u0161ki informacija svetain\u0117je: <strong>Taip<\/strong>, Svetain\u0117je yra daug naudingos informacijos ir informatyvus tinklara\u0161tis.<\/li>\n<li> Naryst\u0117 tarptautin\u0117se pripa\u017eintose jud\u0117jimo organizacijose: <strong>Taip<\/strong>, \u017er. pirmiau<\/li>\n<li> Klient\u0173 s\u0105ra\u0161as ir (arba) ankstesni\u0173 klient\u0173 atsiliepimai: <strong>Taip<\/strong>, Svetain\u0117je yra puslapis, skirtas klient\u0173 atsiliepimams, o atsiliepimai i\u0161 viso interneto paprastai yra labai teigiami ir tik keletas neigiam\u0173 atsiliepim\u0173.<\/li>\n<\/ol>\n<div itemprop=\"reviewRating\" itemscope itemtype=\"http:\/\/schema.org\/Rating\"><meta itemprop=\"worstRating\" content = \"0\" \/><meta itemprop=\"bestRating\" content=\"5\" \/><meta itemprop=\"ratingValue\" content=\"5\"><\/div>\n<p><strong>Bendras \u012fvertinimas: 5\/5<\/strong><br \/>\n<strong>Per\u017ei\u016bros data:<\/strong> <span itemprop=\"datePublished\" content=\"2018-01-30\">30\/01\/18<\/span>\n<\/div>\n<p>Skaitykite daugiau apie <a href=\"https:\/\/moverdb.com\/lt\/tarptautiniai-perkraustymai\/\">tarptautiniai perkraustymai<\/a> ir m\u016bs\u0173 <a href=\"https:\/\/moverdb.com\/lt\/atsiliepimai\/\">per\u017ei\u016bros procesas<\/a>.<\/p>\n<p><strong>Interneto svetain\u0117:<\/strong> <a href=\"http:\/\/www.fox-moving.com\/\" target=\"_blank\" rel=\"noopener\">http:\/\/www.fox-moving.com\/<\/a><\/p>","protected":false},"excerpt":{"rendered":"<p>Fox Moving &#038; Storage is based in Cwmbran, Wales. Below you will find a list of their services both internationally and locally, together with a company profile and reviews. Moving Internationally &#8211; Corporate and Individual Personal international removals agent Comprehensive quotation, moving schedule and timescale Expert packing team Provides customs and excise documentation Local agents [&hellip;]<\/p>\n","protected":false},"author":1,"featured_media":0,"parent":0,"menu_order":0,"comment_status":"closed","ping_status":"closed","template":"","meta":{"_genesis_hide_title":false,"_genesis_hide_breadcrumbs":false,"_genesis_hide_singular_image":false,"_genesis_hide_footer_widgets":false,"_genesis_custom_body_class":"","_genesis_custom_post_class":"","_genesis_layout":"","footnotes":""},"class_list":{"0":"post-906","1":"page","2":"type-page","3":"status-publish","5":"entry"},"_links":{"self":[{"href":"https:\/\/moverdb.com\/lt\/wp-json\/wp\/v2\/pages\/906","targetHints":{"allow":["GET"]}}],"collection":[{"href":"https:\/\/moverdb.com\/lt\/wp-json\/wp\/v2\/pages"}],"about":[{"href":"https:\/\/moverdb.com\/lt\/wp-json\/wp\/v2\/types\/page"}],"author":[{"embeddable":true,"href":"https:\/\/moverdb.com\/lt\/wp-json\/wp\/v2\/users\/1"}],"replies":[{"embeddable":true,"href":"https:\/\/moverdb.com\/lt\/wp-json\/wp\/v2\/comments?post=906"}],"version-history":[{"count":9,"href":"https:\/\/moverdb.com\/lt\/wp-json\/wp\/v2\/pages\/906\/revisions"}],"predecessor-version":[{"id":6211,"href":"https:\/\/moverdb.com\/lt\/wp-json\/wp\/v2\/pages\/906\/revisions\/6211"}],"wp:attachment":[{"href":"https:\/\/moverdb.com\/lt\/wp-json\/wp\/v2\/media?parent=906"}],"curies":[{"name":"wp","href":"https:\/\/api.w.org\/{rel}","templated":true}]}}