{"id":895,"date":"2016-10-11T05:16:54","date_gmt":"2016-10-11T05:16:54","guid":{"rendered":"http:\/\/moverdb.com\/?page_id=895"},"modified":"2026-01-08T14:48:03","modified_gmt":"2026-01-08T14:48:03","slug":"konstantino-judejimas","status":"publish","type":"page","link":"https:\/\/moverdb.com\/lt\/constantine-moving\/","title":{"rendered":"Constantine Moving: Tarptautini\u0173 perkraustym\u0173 ap\u017evalgos"},"content":{"rendered":"<p>Toliau pateikiamos \"Constantine Moving\" paslaugos, \u012fmon\u0117s profilis ir atsiliepimai.<\/p>\n<p><strong>Tarptautinis nam\u0173 jud\u0117jimas<\/strong><\/p>\n<ul>\n<li> Susitikimas prie\u0161 persikraustym\u0105<\/li>\n<li> Nemokamas pasi\u016blymas, persikraustymo planas ir tvarkara\u0161tis<\/li>\n<li> Didel\u0119 patirt\u012f turinti profesionaliai apmokyta pakavimo komanda<\/li>\n<li> Galimyb\u0117 saugoti<\/li>\n<li> Siuntimas j\u016bra<\/li>\n<li> Siuntimas oro transportu<\/li>\n<li> Keli\u0173 transportas<\/li>\n<li> Muitinis \u012fforminimas<\/li>\n<li> Pristatymas \u012f naujus namus<\/li>\n<li> Bald\u0173 i\u0161pakavimas ir surinkimas<\/li>\n<li> Vis\u0173 pakuo\u010di\u0173 pa\u0161alinimas perdirbimui<\/li>\n<\/ul>\n<p><strong>Meno k\u016brini\u0173 perkraustymas<\/strong><\/p>\n<ul>\n<li> Bet kokio dyd\u017eio objekt\u0173 dizaino ir audinio d\u0117klai<\/li>\n<li> Specialus projekto koordinatorius<\/li>\n<li> Specializuotos pakavimo med\u017eiagos<\/li>\n<li> Profesionaliai apmokyti, didel\u0119 patirt\u012f turintys pakavimo technikai<\/li>\n<li> Ve\u017eimai keliais, oru arba j\u016bra<\/li>\n<li> montuokite visk\u0105 - nuo ma\u017e\u0173, subtili\u0173 objekt\u0173 iki dideli\u0173 muziejini\u0173 eksponat\u0173.<\/li>\n<li> Technikai turi krovimo \u012frang\u0105, pavyzd\u017eiui, pastolius, kop\u0117\u010dias ir kt.<\/li>\n<li> Laikymas dr\u0117gm\u0117s kontroliuojamoje aplinkoje, kurioje vis\u0105 par\u0105 veikia vaizdo steb\u0117jimo sistema<\/li>\n<li> Muziejaus dekantai<\/li>\n<li> Galerijos instaliacijos<\/li>\n<li> Visos kolekcijos perk\u0117limas<\/li>\n<\/ul>\n<p><strong>Saugykla<\/strong><\/p>\n<ul>\n<li> Sand\u0117liavimo patalpos, apsaugotos pla\u010diomis saugumo priemon\u0117mis<\/li>\n<li> Dr\u0117gm\u0117s kontroliuojama aplinka saugomoms vertyb\u0117ms apsaugoti<\/li>\n<\/ul>\n<p><strong>Pagalbin\u0117s paslaugos<\/strong><\/p>\n<ul>\n<li> <a href=\"https:\/\/moverdb.com\/lt\/car-transport-shipping\/\" data-internallinksmanager029f6b8e52c=\"2\" title=\"2026 Tarptautinio automobili\u0173 transporto ir transporto priemoni\u0173 gabenimo citatos\">Automobili\u0173 gabenimas<\/a> &amp; saugykla<\/li>\n<li> Gyv\u016bn\u0173 augintini\u0173 ve\u017eimas<\/li>\n<li> meistras (specializuot\u0173 bald\u0173, \u012frangos ir kt. i\u0161ardymas ir surinkimas)<\/li>\n<li> Paveiksl\u0173 kabinimas \/ meno k\u016brini\u0173 montavimas<\/li>\n<li> Specialus \u012fpakavimas (trapiems ar didel\u0117s vert\u0117s daiktams)<\/li>\n<li> Nam\u0173 valymas<\/li>\n<li> Kambarin\u0117s paslaugos (skalbimas, skalbini\u0173 tvarkymas) <a href=\"https:\/\/moverdb.com\/lt\/moving-to-china\/\" data-internallinksmanager029f6b8e52c=\"357\" title=\"Persik\u0117limas \u012f Kinij\u0105? 2023 m. pragyvenimo i\u0161laidos ir persik\u0117limo patarimai\">Kinija<\/a>, stikliniai indai, drabu\u017eiai ir kt.)<\/li>\n<li> Elektrikas arba santechnikas<\/li>\n<li> Palydovin\u0117s televizijos antenos atjungimas ir pakartotinis \u012frengimas<\/li>\n<li> Specializuotas \"saugus\" pa\u0161alinimas<\/li>\n<li> Lang\u0173 ir dur\u0173 r\u0117m\u0173 pa\u0161alinimas ir pakartotinis montavimas<\/li>\n<li> I\u0161orinis liftas (specialus keltuvas), kuriuo galima patekti \u012f gyvenam\u0105j\u0105 viet\u0105 per vir\u0161utinius auk\u0161tus<\/li>\n<li> Bald\u0173 nuoma<\/li>\n<li> Bald\u0173 restauravimas ir remontas<\/li>\n<\/ul>\n<h2>Constantine Moving Company profilis<\/h2>\n<p>\"Constantine\" \u012fmoni\u0173 grup\u0117 susik\u016br\u0117 XIX a. viduryje, kai Josephas Constantine'as ir kiti \u0161eimos nariai \u012fsigijo burlaivius valdan\u010di\u0105 bendrov\u0119. Iki to laiko, kai garas i\u0161st\u016bm\u0117 bur\u0119, Constantine grup\u0117 i\u0161sipl\u0117t\u0117 tiek, kad tapo viena did\u017eiausi\u0173 laiv\u0173 savininki\u0173 pasaulyje. <a href=\"https:\/\/moverdb.com\/lt\/moving-to-the-uk\/\" data-internallinksmanager029f6b8e52c=\"93\" title=\"Persik\u0117limas \u012f Jungtin\u0119 Karalyst\u0119? 2022 Gyvenimo i\u0161laidos ir persikraustymo patarimai\">JK<\/a>.<\/p>\n<p>Pirmasis ir Antrasis pasauliniai karai, deja, at\u0117m\u0117 j\u0173 laivus, tod\u0117l grup\u0117 prad\u0117jo keliauti, <a href=\"https:\/\/moverdb.com\/lt\/ekspeditorius\/\">krovini\u0173 ekspedijavimas<\/a> ir investicijos \u012f nekilnojam\u0105j\u012f turt\u0105. \u0160iandien \"Constantine Moving\" daugiausia d\u0117mesio skiria \u017emoni\u0173 ir meno k\u016brini\u0173 perve\u017eimui visame pasaulyje. U\u017e paslaugas karalienei El\u017ebietai II jie did\u017eiuojasi tur\u0117dami karali\u0161k\u0105j\u012f paskyrimo order\u012f.<\/p>\n<p>Constantine Moving priklausomyb\u0117s ir akreditacijos:<\/p>\n<ul>\n<li> <a href=\"https:\/\/moverdb.com\/lt\/britu-salintoju-asociacija\/\">Did\u017eiosios Britanijos perkraustytoj\u0173 asociacija<\/a> (<a href=\"https:\/\/moverdb.com\/lt\/british-association-of-removers\/\" data-internallinksmanager029f6b8e52c=\"9\" title=\"Britanijos perkraustymo \u012fmoni\u0173 asociacijos (BAR) paai\u0161kinimai\">BAR<\/a>)<\/li>\n<li> <a href=\"https:\/\/moverdb.com\/lt\/fidi-faim\/\">FIDI<\/a><\/li>\n<li> <a href=\"https:\/\/moverdb.com\/lt\/fidi-faim\/\">FAIM<\/a><\/li>\n<li> Prekybos standart\u0173 institutas (TSI)<\/li>\n<li> <a href=\"https:\/\/moverdb.com\/lt\/esu\/\">Tarptautin\u0117 perkraustytoj\u0173 asociacija<\/a> (<a href=\"https:\/\/moverdb.com\/lt\/iam\/\" data-internallinksmanager029f6b8e52c=\"23\" title=\"Tarptautin\u0117s perkraustytoj\u0173 asociacijos (IAM) paai\u0161kinimai\">IAM<\/a>)<\/li>\n<li> Tarptautinis meno k\u016brini\u0173 ve\u017e\u0117j\u0173 susitikimas (ARTIM)<\/li>\n<li> Jos Didenyb\u0117s karalien\u0117s paskyrimu<\/li>\n<\/ul>\n<h2>Constantine Moving Atsiliepimai<\/h2>\n<p><em>\u0160iuo metu n\u0117ra teigiam\u0173 ar neigiam\u0173 atsiliepim\u0173 apie Constantine Moving internete.<\/em><\/p>\n<div itemprop=\"review\" itemscope itemtype=\"http:\/\/schema.org\/Review\">\n<span itemprop=\"author\" itemscope=\"\" itemtype=\"http:\/\/schema.org\/Organization\"><span itemprop=\"name\">MoverDB.com<\/span><\/span> Internetin\u0117s svetain\u0117s ap\u017evalga <span itemprop=\"itemreviewed\" itemscope=\"\" itemtype=\"http:\/\/schema.org\/Brand\"><span itemprop=\"name\">Constantine Moving<\/span><\/span>:<\/p>\n<ol>\n<li> Ai\u0161ki kontaktin\u0117 informacija svetain\u0117je (\u012fskaitant telefono numer\u012f): <strong>Taip<\/strong><\/li>\n<li> Lengva gauti <a href=\"https:\/\/moverdb.com\/lt\/citatos\/\">tarptautini\u0173 perkraustym\u0173 citatos<\/a>? (internetin\u0117 s\u0105matos u\u017eklausos forma): <strong>Ne<\/strong><\/li>\n<li> Ai\u0161ki informacija svetain\u0117je: <strong>Kai kurie,<\/strong> Svetain\u0117je n\u0117ra daug i\u0161samios informacijos. Ji pateikiama planavimo etape.<\/li>\n<li> Naryst\u0117 tarptautin\u0117se pripa\u017eintose jud\u0117jimo organizacijose: <strong>Taip<\/strong>, \u017er. pirmiau.<\/li>\n<li> Klient\u0173 s\u0105ra\u0161as ir (arba) ankstesni\u0173 klient\u0173 atsiliepimai: <strong>Ne<\/strong>, nors tarp j\u0173 klient\u0173 yra karalien\u0117 El\u017ebieta II ir karali\u0161koji \u0161eima.<\/li>\n<\/ol>\n<div itemprop=\"reviewRating\" itemscope itemtype=\"http:\/\/schema.org\/Rating\"><meta itemprop=\"worstRating\" content = \"0\" \/><meta itemprop=\"bestRating\" content=\"5\" \/><meta itemprop=\"ratingValue\" content=\"4\"><\/div>\n<p><strong>Bendras \u012fvertinimas: 4\/5<\/strong><br \/>\n<strong>Per\u017ei\u016bros data:<\/strong> <span itemprop=\"datePublished\" content=\"2016-10-11\">11\/10\/16<\/span>\n<\/div>\n<p>Skaitykite daugiau apie <a href=\"https:\/\/moverdb.com\/lt\/tarptautiniai-perkraustymai\/\">tarptautinio perkraustymo \u012fmon\u0117s<\/a> ir m\u016bs\u0173 <a href=\"https:\/\/moverdb.com\/lt\/atsiliepimai\/\">per\u017ei\u016bros procesas<\/a>.<\/p>\n<p><strong>Interneto svetain\u0117:<\/strong> <a href=\"http:\/\/www.constantinemoving.com\/\" target=\"_blank\" rel=\"noopener\">http:\/\/www.constantinemoving.com\/<\/a><\/p>","protected":false},"excerpt":{"rendered":"<p>The services of Constantine Moving are listed below, following by a company profile and reviews. International Home Moving Pre-move appointment Free quote, move plan and timetable Highly experienced professionally trained packing crew Storage available Sea shipment Air shipment Road transportation Customs clearance Delivery to new home Unpacking and reassembling of furniture Removal of all packing [&hellip;]<\/p>\n","protected":false},"author":1,"featured_media":0,"parent":0,"menu_order":0,"comment_status":"closed","ping_status":"closed","template":"","meta":{"_genesis_hide_title":false,"_genesis_hide_breadcrumbs":false,"_genesis_hide_singular_image":false,"_genesis_hide_footer_widgets":false,"_genesis_custom_body_class":"","_genesis_custom_post_class":"","_genesis_layout":"","footnotes":""},"class_list":{"0":"post-895","1":"page","2":"type-page","3":"status-publish","5":"entry"},"_links":{"self":[{"href":"https:\/\/moverdb.com\/lt\/wp-json\/wp\/v2\/pages\/895","targetHints":{"allow":["GET"]}}],"collection":[{"href":"https:\/\/moverdb.com\/lt\/wp-json\/wp\/v2\/pages"}],"about":[{"href":"https:\/\/moverdb.com\/lt\/wp-json\/wp\/v2\/types\/page"}],"author":[{"embeddable":true,"href":"https:\/\/moverdb.com\/lt\/wp-json\/wp\/v2\/users\/1"}],"replies":[{"embeddable":true,"href":"https:\/\/moverdb.com\/lt\/wp-json\/wp\/v2\/comments?post=895"}],"version-history":[{"count":3,"href":"https:\/\/moverdb.com\/lt\/wp-json\/wp\/v2\/pages\/895\/revisions"}],"predecessor-version":[{"id":6195,"href":"https:\/\/moverdb.com\/lt\/wp-json\/wp\/v2\/pages\/895\/revisions\/6195"}],"wp:attachment":[{"href":"https:\/\/moverdb.com\/lt\/wp-json\/wp\/v2\/media?parent=895"}],"curies":[{"name":"wp","href":"https:\/\/api.w.org\/{rel}","templated":true}]}}