{"id":893,"date":"2016-09-28T05:29:53","date_gmt":"2016-09-28T05:29:53","guid":{"rendered":"http:\/\/moverdb.com\/?page_id=893"},"modified":"2026-01-08T14:40:01","modified_gmt":"2026-01-08T14:40:01","slug":"john-mason","status":"publish","type":"page","link":"https:\/\/moverdb.com\/lt\/john-mason\/","title":{"rendered":"D\u017eonas Masonas Tarptautiniai perkraustytojai: Perkraustymai Atsiliepimai"},"content":{"rendered":"<p>\"John Mason International Movers\" si\u016blo klientams \u012fvairias perkraustymo paslaugas, kurios i\u0161vardytos toliau. Taip pat pateikiamas \u012fmon\u0117s profilis ir atsiliepimai.<\/p>\n<p><strong><a href=\"https:\/\/moverdb.com\/lt\/container-shipping\/\" data-internallinksmanager029f6b8e52c=\"3\" title=\"Tarptautini\u0173 konteineri\u0173 gabenimo tarif\u0173 diagrama: 2026 m. gegu\u017e\u0117s m\u0117n.\">Tarptautinis pristatymas<\/a> Paslaugos - \u012f ir i\u0161 <a href=\"https:\/\/moverdb.com\/lt\/moving-to-the-uk\/\" data-internallinksmanager029f6b8e52c=\"93\" title=\"Persik\u0117limas \u012f Jungtin\u0119 Karalyst\u0119? 2022 Gyvenimo i\u0161laidos ir persikraustymo patarimai\">JK<\/a><\/strong><\/p>\n<ul>\n<li> Paslaugos nuo dur\u0173 iki dur\u0173<\/li>\n<li> Specialus perkraustymo vadybininkas<\/li>\n<li> Profesionalus eksporto pakavimas namuose<\/li>\n<li> Siuntimas oro arba j\u016br\u0173 transportu<\/li>\n<li> <a href=\"https:\/\/moverdb.com\/lt\/konteineriu-kroviniu-gabenimas\/\">Pilnas konteinerio pakrovimas arba bendras konteineris<\/a><\/li>\n<li> Pavieni\u0173 daikt\u0173 baga\u017eo paslauga<\/li>\n<li> Profesionali\u0173 agent\u0173 tinklas visame pasaulyje<\/li>\n<li> Muitinis \u012fforminimas<\/li>\n<li> Pristatymas ir i\u0161pakavimas naujuose namuose<\/li>\n<li> Sand\u0117liavimas kilm\u0117s ir paskirties vietoje<\/li>\n<li> Vis\u0173 rizik\u0173 j\u016br\u0173 draudimas<\/li>\n<li> Kambarin\u0117s ir meistro paslaugos<\/li>\n<\/ul>\n<p><strong>Tarptautinio perk\u0117limo paslaugos<\/strong><\/p>\n<ul>\n<li> Pagalba parduodant nam\u0105<\/li>\n<li> I\u0161vykimo paslauga - vis\u0173 nesutvarkyt\u0173 reikal\u0173 tvarkymas, pvz., smulkus remontas ir valymas<\/li>\n<li> Perk\u0117limo valdymas<\/li>\n<li> Orientaciniai turai, \u012fskaitant nekilnojamojo turto ir mokykl\u0173 ap\u017ei\u016br\u0105<\/li>\n<li> Kult\u016bros ir kalbos mokymas<\/li>\n<li> \u012fsik\u016brimas - banko s\u0105skait\u0173 atidarymas, registracija pas gydytoj\u0105 ir odontolog\u0105 ir daugyb\u0117 kit\u0173 u\u017eduo\u010di\u0173, palengvinan\u010di\u0173 gyvenim\u0105.<\/li>\n<li> Gyv\u016bno augintinio perk\u0117limas<\/li>\n<\/ul>\n<p><strong>Europos gabenimas ir perkraustymas<\/strong><\/p>\n<ul>\n<li> Specialiai sukurtas Europos transporto priemoni\u0173 parkas<\/li>\n<li> Special\u016bs perkraustymo vadybininkai<\/li>\n<li> Paslaugos nuo dur\u0173 iki dur\u0173<\/li>\n<li> Specialioji paslauga - transporto priemon\u0117je bus ve\u017eamos vieno asmens ir (arba) \u012fmon\u0117s prek\u0117s.<\/li>\n<li> Dalin\u0117s apkrovos paslauga<\/li>\n<li> Pakavimo galimyb\u0117s - supakuoti savininko, profesionaliai supakuoti pasirinktus daiktus, visi\u0161kai profesionaliai supakuoti<\/li>\n<li> Pagalba muitinei ir akcizams, jei taikoma<\/li>\n<li> Saugykla <\/li>\n<li> Draudimas<\/li>\n<li> Galima u\u017esakyti krovini\u0173 gabenim\u0105 oru<\/li>\n<\/ul>\n<p><strong>Prekybos laivybos paslaugos<\/strong><\/p>\n<ul>\n<li> Krovini\u0173 gabenimas oro transportu<\/li>\n<li> FCL<\/li>\n<li> LCL<\/li>\n<li> Grupavimas<\/li>\n<li> Europos keli\u0173 transporto paslaugos<\/li>\n<\/ul>\n<p><strong>Saugojimo paslaugos<\/strong><\/p>\n<ul>\n<li> Archyvo saugykla<\/li>\n<li> Val\u010di\u0173 saugykla<\/li>\n<li> Karavan\u0173 saugykla<\/li>\n<li> Komercinis sand\u0117liavimas<\/li>\n<li> Nam\u0173 \u016bkio sand\u0117liavimas<\/li>\n<li> Motocikl\u0173 saugykla<\/li>\n<li> Savaranki\u0161kas saugojimas<\/li>\n<li> Student\u0173 saugykla<\/li>\n<li> Transporto priemoni\u0173 saugojimas<\/li>\n<\/ul>\n<h2>\"John Mason International Movers\" \u012fmon\u0117s profilis<\/h2>\n<p>\"John Mason International Movers\" 1884 m. \u012fk\u016br\u0117 Mary Mason. 1887 m. prie jos prisijung\u0117 s\u016bnus Johnas Masonas, kai j\u0173 pagrindin\u0117 veikla buvo anglies perve\u017eimas. 1890 m. Johnas Masonas per\u0117m\u0117 versl\u0105 i\u0161 savo motinos ir prad\u0117jo bendr\u0105 ve\u017eimo ir <a href=\"https:\/\/moverdb.com\/lt\/moving-companies\/\" data-internallinksmanager029f6b8e52c=\"79\" title=\"Top 25 Tarptautin\u0117s perkraustymo \u012fmon\u0117s internete\">perkraustymo \u012fmon\u0117<\/a>. \u012emon\u0117 toliau pl\u0117t\u0117si ir klest\u0117jo, o 1955 m. prad\u0117jo teikti kasdienes perve\u017eimo paslaugas \u012f <a href=\"https:\/\/moverdb.com\/lt\/moving-to-ireland\/\" data-internallinksmanager029f6b8e52c=\"320\" title=\"Persik\u0117limas \u012f Airij\u0105? 2023 Gyvenimo i\u0161laidos ir persik\u0117limo patarimai\">Airija<\/a>. <\/p>\n<p>\"John Mason\" toliau augo ir dabar kasmet visame pasaulyje atlieka vidutini\u0161kai 8 000 perkraustym\u0173. Tarptautiniai perkraustymai, \u012fmoni\u0173 ir komerciniai perkraustymai, nam\u0173 \u016bki\u0173 perkraustymai ir sand\u0117liavimas yra \u0161io \u0161eimos verslo pagrindas. J\u0173 vizija - visi\u0161kai lanks\u010dios perkraustymo paslaugos, akcentuojant \u0161eimos vertybes ir s\u0105\u017einingum\u0105.<\/p>\n<p>Johno Masono priklausomyb\u0117s ir akreditacijos:<\/p>\n<ul>\n<li> <a href=\"https:\/\/moverdb.com\/lt\/britu-salintoju-asociacija\/\">Did\u017eiosios Britanijos perkraustytoj\u0173 asociacija<\/a> (<a href=\"https:\/\/moverdb.com\/lt\/british-association-of-removers\/\" data-internallinksmanager029f6b8e52c=\"9\" title=\"Britanijos perkraustymo \u012fmoni\u0173 asociacijos (BAR) paai\u0161kinimai\">BAR<\/a>)<\/li>\n<li> <a href=\"https:\/\/moverdb.com\/lt\/baras-uzjuris\/\">Did\u017eiosios Britanijos perkraustytoj\u0173 asociacija U\u017esienio perkraustytojai<\/a><\/li>\n<li> Tarptautinis u\u017ej\u016brio jud\u0117jimo tinklas (OMNI)<\/li>\n<li> <a href=\"https:\/\/moverdb.com\/lt\/fidi-faim\/\">Tarptautin\u0117 tarptautini\u0173 perkraustytoj\u0173 federacija<\/a> (<a href=\"https:\/\/moverdb.com\/lt\/fidi-faim\/\" data-internallinksmanager029f6b8e52c=\"16\" title=\"FIDI ir FAIM (FIDI akredituotas tarptautinis perve\u017e\u0117jas) paai\u0161kinimai\">FIDI<\/a>)<\/li>\n<li> <a href=\"https:\/\/moverdb.com\/lt\/fidi-faim\/\">FAIM<\/a><\/li>\n<li> <a href=\"https:\/\/moverdb.com\/lt\/mtc\/\">Movers prekybos klubas<\/a> (<a href=\"https:\/\/moverdb.com\/lt\/mtc\/\" data-internallinksmanager029f6b8e52c=\"30\" title=\"Movers Trading Club (MTC) Paai\u0161kinta\">MTC<\/a>)<\/li>\n<li> Prekybos standart\u0173 institutas<\/li>\n<li> <a href=\"https:\/\/moverdb.com\/lt\/lacma\/\">Lotyn\u0173 Amerikos ir Karib\u0173 j\u016bros regiono tarptautini\u0173 perkraustytoj\u0173 asociacija<\/a> (<a href=\"https:\/\/moverdb.com\/lt\/lacma\/\" data-internallinksmanager029f6b8e52c=\"28\" title=\"Lotyn\u0173 Amerikos ir Karib\u0173 j\u016bros regiono tarptautini\u0173 perkraustytoj\u0173 asociacija (LACMA)\">LACMA<\/a>)<\/li>\n<\/ul>\n<h2>John Mason International Movers Atsiliepimai<\/h2>\n<p><strong>Teigiamas<\/strong><\/p>\n<ul>\n<li> <em>\"Visa mano patirtis su John Mason's buvo labai gera, nuo Tony ap\u017ei\u016bros iki \u0161iandien, kai konteineris buvo supakuotas, tikrai rekomenduosiu John Mason teikti perkraustymo paslaugas.\"<\/em> - M.H. South Shields i\u0161 <a href=\"http:\/\/www.johnmason.com\/about-us\/\" target=\"_blank\" rel=\"noopener\">Johno Masono svetain\u0117<\/a>.<\/li>\n<li> <em>\"Manau, kad \"John Masons\" komanda yra i\u0161skirtin\u0117. Nuo apsilankymo namuose, da\u017eno atnaujinimo, perkraustymo vyr\u0173 - viskas buvo fantasti\u0161ka.\"<\/em> - Jaclyn per <a href=\"https:\/\/www.facebook.com\/johnmasoninternational\/reviews\/\" target=\"_blank\" rel=\"noopener\">\"Facebook\" ap\u017evalga<\/a><\/li>\n<li><em>\"Prie\u0161 3 m\u0117nesius atlikome tok\u012f pat\u012f perkraustym\u0105, naudojom\u0117s John Masons tarptautini\u0173 perkraustytoj\u0173 paslaugomis. Jie taip pat supakavo ir i\u0161pakavo. Negaliu j\u0173 rekomenduoti, n\u0117 vienas daiktas nebuvo sulau\u017eytas ar pamestas.\"<\/em> - per <a href=\"http:\/\/www.mumsnet.com\/Talk\/living_overseas\/1535416-Shipping-to-Australia\" target=\"_blank\" rel=\"noopener\">Mumsnet<\/a><\/li>\n<\/ul>\n<p><strong>Neigiamas<\/strong><\/p>\n<p>Tik <strong>6%<\/strong> j\u0173 atsiliepim\u0173 \"Trustpilot\" svetain\u0117je yra 1 arba 2 \u017evaig\u017edut\u0117s, palyginti su <strong>93%<\/strong> 4 arba 5 \u017evaig\u017edu\u010di\u0173. Galite perskaityti visas \u0161ias ap\u017evalgas <a href=\"https:\/\/uk.trustpilot.com\/review\/www.johnmason.com\" rel=\"noopener\" target=\"_blank\">\u010dia<\/a>.  <\/p>\n<div itemprop=\"review\" itemscope itemtype=\"http:\/\/schema.org\/Review\">\n<span itemprop=\"author\" itemscope=\"\" itemtype=\"http:\/\/schema.org\/Organization\"><span itemprop=\"name\">MoverDB.com<\/span><\/span> Internetin\u0117s svetain\u0117s ap\u017evalga <span itemprop=\"itemreviewed\" itemscope=\"\" itemtype=\"http:\/\/schema.org\/Brand\"><span itemprop=\"name\">Johnas Masonas Tarptautiniai perkraustytojai<\/span><\/span>:<\/p>\n<ol>\n<li> Ai\u0161ki kontaktin\u0117 informacija svetain\u0117je (\u012fskaitant telefono numer\u012f): <strong>Taip<\/strong><\/li>\n<li> Lengva gauti <a href=\"https:\/\/moverdb.com\/lt\/citatos\/\">tarptautini\u0173 perkraustym\u0173 citatos<\/a>? (internetin\u0117 s\u0105matos u\u017eklausos forma): <strong>Taip<\/strong><\/li>\n<li> Ai\u0161ki informacija svetain\u0117je: <strong>Taip,<\/strong> Svetain\u0117 yra gana i\u0161sami, ta\u010diau i\u0161samesn\u0117 informacija bus pateikta papra\u0161ius.<\/li>\n<li> Naryst\u0117 tarptautin\u0117se pripa\u017eintose jud\u0117jimo organizacijose: <strong>Taip<\/strong>, \u017er. pirmiau.<\/li>\n<li> Klient\u0173 s\u0105ra\u0161as ir (arba) ankstesni\u0173 klient\u0173 atsiliepimai: <strong>Kai kurie,<\/strong> kiekvieno puslapio apa\u010dioje yra klient\u0173 atsiliepimai, ta\u010diau n\u0117ra jiems skirto puslapio. Be to, nors internete daugiausia teigiam\u0173 atsiliepim\u0173, yra ir keletas neigiam\u0173.<\/li>\n<\/ol>\n<div itemprop=\"reviewRating\" itemscope itemtype=\"http:\/\/schema.org\/Rating\"><meta itemprop=\"worstRating\" content = \"0\" \/><meta itemprop=\"bestRating\" content=\"5\" \/><meta itemprop=\"ratingValue\" content=\"4\"><\/div>\n<p><strong>Bendras \u012fvertinimas: 4\/5<\/strong><br \/>\n<strong>Per\u017ei\u016bros data:<\/strong> <span itemprop=\"datePublished\" content=\"2019-01-18\">18\/01\/2019<\/span>\n<\/div>\n<p>Skaitykite daugiau apie <a href=\"https:\/\/moverdb.com\/lt\/tarptautiniai-perkraustymai\/\">tarptautinio perkraustymo \u012fmon\u0117s<\/a> ir m\u016bs\u0173 <a href=\"https:\/\/moverdb.com\/lt\/atsiliepimai\/\">per\u017ei\u016bros procesas<\/a>.<\/p>\n<p><strong>Interneto svetain\u0117:<\/strong> <a href=\"http:\/\/www.johnmason.com\/\" target=\"_blank\" rel=\"noopener\">http:\/\/www.johnmason.com\/<\/a><\/p>","protected":false},"excerpt":{"rendered":"<p>John Mason International Movers offers clients various removal services which are listed below. There also follows a company profile and reviews. International Shipping Services &#8211; To and From the UK Door to door service Dedicated move manager Professional export packing at home Shipping by air or sea Full container load or shared container Baggage service [&hellip;]<\/p>\n","protected":false},"author":1,"featured_media":0,"parent":0,"menu_order":0,"comment_status":"closed","ping_status":"closed","template":"","meta":{"_genesis_hide_title":false,"_genesis_hide_breadcrumbs":false,"_genesis_hide_singular_image":false,"_genesis_hide_footer_widgets":false,"_genesis_custom_body_class":"","_genesis_custom_post_class":"","_genesis_layout":"","footnotes":""},"class_list":{"0":"post-893","1":"page","2":"type-page","3":"status-publish","5":"entry"},"_links":{"self":[{"href":"https:\/\/moverdb.com\/lt\/wp-json\/wp\/v2\/pages\/893","targetHints":{"allow":["GET"]}}],"collection":[{"href":"https:\/\/moverdb.com\/lt\/wp-json\/wp\/v2\/pages"}],"about":[{"href":"https:\/\/moverdb.com\/lt\/wp-json\/wp\/v2\/types\/page"}],"author":[{"embeddable":true,"href":"https:\/\/moverdb.com\/lt\/wp-json\/wp\/v2\/users\/1"}],"replies":[{"embeddable":true,"href":"https:\/\/moverdb.com\/lt\/wp-json\/wp\/v2\/comments?post=893"}],"version-history":[{"count":8,"href":"https:\/\/moverdb.com\/lt\/wp-json\/wp\/v2\/pages\/893\/revisions"}],"predecessor-version":[{"id":13168,"href":"https:\/\/moverdb.com\/lt\/wp-json\/wp\/v2\/pages\/893\/revisions\/13168"}],"wp:attachment":[{"href":"https:\/\/moverdb.com\/lt\/wp-json\/wp\/v2\/media?parent=893"}],"curies":[{"name":"wp","href":"https:\/\/api.w.org\/{rel}","templated":true}]}}