{"id":8914,"date":"2023-04-27T14:27:27","date_gmt":"2023-04-27T14:27:27","guid":{"rendered":"https:\/\/moverdb.com\/?page_id=8914"},"modified":"2026-01-08T15:24:51","modified_gmt":"2026-01-08T15:24:51","slug":"moving-companies-poland","status":"publish","type":"page","link":"https:\/\/moverdb.com\/lt\/moving-companies\/moving-companies-poland\/","title":{"rendered":"4 Geriausios tarptautin\u0117s perkraustymo \u012fmon\u0117s Lenkijoje"},"content":{"rendered":"<p>Jei persikraustote namo arba persikraustote \u012f kit\u0105 viet\u0105, galite pasinaudoti <a href=\"https:\/\/moverdb.com\/lt\/moving-companies\/\" data-internallinksmanager029f6b8e52c=\"79\" title=\"Top 25 Tarptautin\u0117s perkraustymo \u012fmon\u0117s internete\">perkraustymo \u012fmon\u0117<\/a> suma\u017einti stres\u0105 ir darbo kr\u016bv\u012f. Jei persikeliate \u012f ar i\u0161 <a href=\"https:\/\/moverdb.com\/lt\/moving-to-poland\/\" data-internallinksmanager029f6b8e52c=\"378\" title=\"Persik\u0117limas \u012f Lenkij\u0105? 2023 Gyvenimo i\u0161laidos ir persik\u0117limo patarimai\">Lenkija<\/a>, tada toliau pateikiamas lenk\u0173 <a href=\"https:\/\/moverdb.com\/lt\/international-removals\/\" data-internallinksmanager029f6b8e52c=\"27\" title=\"36 geriausios tarptautinio perkraustymo \u012fmon\u0117s Jungtin\u0117je Karalyst\u0117je\">perkraustymo \u012fmon\u0117s<\/a> kurie yra <a href=\"https:\/\/moverdb.com\/lt\/iam\/\" data-internallinksmanager029f6b8e52c=\"23\" title=\"Tarptautin\u0117s perkraustytoj\u0173 asociacijos (IAM) paai\u0161kinimai\">Tarptautin\u0117 perkraustytoj\u0173 asociacija<\/a> (IAM) ir (arba) <a href=\"https:\/\/moverdb.com\/lt\/fidi-faim\/\" data-internallinksmanager029f6b8e52c=\"16\" title=\"FIDI ir FAIM (FIDI akredituotas tarptautinis perve\u017e\u0117jas) paai\u0161kinimai\">FIDI<\/a> Akredituotas tarptautinis perkraustymas (FAIM) gali pad\u0117ti jums persikraustyti.<\/p>\n<div id=\"ez-toc-container\" class=\"ez-toc-v2_0_82_2 ez-toc-wrap-left counter-hierarchy ez-toc-counter ez-toc-transparent ez-toc-container-direction\">\n<div class=\"ez-toc-title-container\">\n<p class=\"ez-toc-title\" style=\"cursor:inherit\">Skyriai<\/p>\n<span class=\"ez-toc-title-toggle\"><a href=\"#\" class=\"ez-toc-pull-right ez-toc-btn ez-toc-btn-xs ez-toc-btn-default ez-toc-toggle\" aria-label=\"Perjungti turinio lentel\u0119\"><span class=\"ez-toc-js-icon-con\"><span class=\"\"><span class=\"eztoc-hide\" style=\"display:none;\">Perjungti<\/span><span class=\"ez-toc-icon-toggle-span\"><svg style=\"fill: #999;color:#999\" xmlns=\"http:\/\/www.w3.org\/2000\/svg\" class=\"list-377408\" width=\"20px\" height=\"20px\" viewbox=\"0 0 24 24\" fill=\"none\"><path d=\"M6 6H4v2h2V6zm14 0H8v2h12V6zM4 11h2v2H4v-2zm16 0H8v2h12v-2zM4 16h2v2H4v-2zm16 0H8v2h12v-2z\" fill=\"currentColor\"><\/path><\/svg><svg style=\"fill: #999;color:#999\" class=\"arrow-unsorted-368013\" xmlns=\"http:\/\/www.w3.org\/2000\/svg\" width=\"10px\" height=\"10px\" viewbox=\"0 0 24 24\" version=\"1.2\" baseprofile=\"tiny\"><path d=\"M18.2 9.3l-6.2-6.3-6.2 6.3c-.2.2-.3.4-.3.7s.1.5.3.7c.2.2.4.3.7.3h11c.3 0 .5-.1.7-.3.2-.2.3-.5.3-.7s-.1-.5-.3-.7zM5.8 14.7l6.2 6.3 6.2-6.3c.2-.2.3-.5.3-.7s-.1-.5-.3-.7c-.2-.2-.4-.3-.7-.3h-11c-.3 0-.5.1-.7.3-.2.2-.3.5-.3.7s.1.5.3.7z\"\/><\/svg><\/span><\/span><\/span><\/a><\/span><\/div>\n<nav><ul class='ez-toc-list ez-toc-list-level-1 eztoc-toggle-hide-by-default' ><li class='ez-toc-page-1 ez-toc-heading-level-2'><a class=\"ez-toc-link ez-toc-heading-1\" href=\"https:\/\/moverdb.com\/lt\/moving-companies\/moving-companies-poland\/#1_AGS_Group\" >1. AGS grup\u0117<\/a><\/li><li class='ez-toc-page-1 ez-toc-heading-level-2'><a class=\"ez-toc-link ez-toc-heading-2\" href=\"https:\/\/moverdb.com\/lt\/moving-companies\/moving-companies-poland\/#2_MK_Relocation\" >2. MK perk\u0117limas<\/a><\/li><li class='ez-toc-page-1 ez-toc-heading-level-2'><a class=\"ez-toc-link ez-toc-heading-3\" href=\"https:\/\/moverdb.com\/lt\/moving-companies\/moving-companies-poland\/#3_Santa_Fe_Relocation\" >3. Santa Fe perk\u0117limas<\/a><\/li><li class='ez-toc-page-1 ez-toc-heading-level-2'><a class=\"ez-toc-link ez-toc-heading-4\" href=\"https:\/\/moverdb.com\/lt\/moving-companies\/moving-companies-poland\/#4_Universal_Express_Worldwide_Movers\" >4. \"Universal Express Worldwide Movers<\/a><\/li><li class='ez-toc-page-1 ez-toc-heading-level-2'><a class=\"ez-toc-link ez-toc-heading-5\" href=\"https:\/\/moverdb.com\/lt\/moving-companies\/moving-companies-poland\/#Other_Useful_Guides_to_Poland\" >Kiti naudingi vadovai apie Lenkij\u0105<\/a><\/li><\/ul><\/nav><\/div>\n<h2><span class=\"ez-toc-section\" id=\"1_AGS_Group\"><\/span><strong>1. AGS grup\u0117<\/strong><span class=\"ez-toc-section-end\"><\/span><\/h2>\n<p><img loading=\"lazy\" decoding=\"async\" class=\"alignnone size-full wp-image-8915\" src=\"https:\/\/moverdb.com\/wp-content\/uploads\/AGS-Global-Solutions-Poland-international-moving-company.png\" alt=\"AGS Global Solutions Lenkija tarptautin\u0117 perkraustymo \u012fmon\u0117\" width=\"1440\" height=\"710\" data-wp-pid=\"8915\" srcset=\"https:\/\/moverdb.com\/wp-content\/uploads\/AGS-Global-Solutions-Poland-international-moving-company.png 1440w, https:\/\/moverdb.com\/wp-content\/uploads\/AGS-Global-Solutions-Poland-international-moving-company-300x148.png 300w, https:\/\/moverdb.com\/wp-content\/uploads\/AGS-Global-Solutions-Poland-international-moving-company-1024x505.png 1024w, https:\/\/moverdb.com\/wp-content\/uploads\/AGS-Global-Solutions-Poland-international-moving-company-18x9.png 18w, https:\/\/moverdb.com\/wp-content\/uploads\/AGS-Global-Solutions-Poland-international-moving-company-600x296.png 600w\" sizes=\"auto, (max-width: 1440px) 100vw, 1440px\" \/><\/p>\n<ul>\n<li>Nacionaliniai judesiai<\/li>\n<li>Tarptautiniai perkraustymai<\/li>\n<li>Gyvenam\u0173j\u0173 nam\u0173 perkraustymai<\/li>\n<li>Verslo \u017eingsniai<\/li>\n<li>Pakavimo paslauga<\/li>\n<li>Sausumos, j\u016br\u0173 ir oro transportas<\/li>\n<li>Sekimas internetu<\/li>\n<li>Daili\u0173j\u0173 men\u0173 tvarkymas<\/li>\n<li>Transporto priemon\u0117s perdavimas<\/li>\n<li>Saugus saugojimas<\/li>\n<\/ul>\n<p>\"AGS Group\" yra tarptautinio perkraustymo ir perkraustymo \u012fmon\u0117, veikianti nuo 1974 m., turinti 146 biurus 97 pasaulio \u0161alyse, \u012fskaitant 1992 m. \u012fkurt\u0105 Var\u0161uv\u0105 Lenkijoje. Ji yra akredituota FIDI.<\/p>\n<p>\"AGS Group\" si\u016blo nam\u0173 ap\u017ei\u016br\u0105 ir asmenin\u012f pasi\u016blym\u0105 pagal j\u016bs\u0173 poreikius. Jie suk\u016br\u0117 naujovi\u0161k\u0173 pakavimo med\u017eiag\u0173 ir metod\u0173, kad apsaugot\u0173 j\u016bs\u0173 daiktus ir b\u016bt\u0173 draugi\u0161ki aplinkai. Jie pasir\u016bpins transportavimu sausuma, oru ar j\u016bra, o j\u016bs gal\u0117site steb\u0117ti, kaip vyksta gabenimas internetu. Jie si\u016blo papildomas paslaugas, \u012fskaitant meno k\u016brini\u0173 tvarkym\u0105, transporto priemoni\u0173 perve\u017eim\u0105 ir saug\u0173 sand\u0117liavim\u0105.<\/p>\n<p>Interneto svetain\u0117: <a href=\"https:\/\/www.ags-globalsolutions.com\/\" target=\"_blank\" rel=\"noopener\">https:\/\/www.ags-globalsolutions.com\/<\/a><\/p>\n<h2><span class=\"ez-toc-section\" id=\"2_MK_Relocation\"><\/span><strong>2. MK perk\u0117limas<\/strong><span class=\"ez-toc-section-end\"><\/span><\/h2>\n<p><img loading=\"lazy\" decoding=\"async\" class=\"alignnone size-full wp-image-8825\" src=\"https:\/\/moverdb.com\/wp-content\/uploads\/MK-Relocations-international-moving-company.png\" alt=\"&quot;MK Relocations&quot; tarptautin\u0117 perkraustymo \u012fmon\u0117\" width=\"1440\" height=\"679\" data-wp-pid=\"8825\" srcset=\"https:\/\/moverdb.com\/wp-content\/uploads\/MK-Relocations-international-moving-company.png 1440w, https:\/\/moverdb.com\/wp-content\/uploads\/MK-Relocations-international-moving-company-300x141.png 300w, https:\/\/moverdb.com\/wp-content\/uploads\/MK-Relocations-international-moving-company-1024x483.png 1024w, https:\/\/moverdb.com\/wp-content\/uploads\/MK-Relocations-international-moving-company-18x8.png 18w, https:\/\/moverdb.com\/wp-content\/uploads\/MK-Relocations-international-moving-company-600x283.png 600w\" sizes=\"auto, (max-width: 1440px) 100vw, 1440px\" \/><\/p>\n<ul>\n<li>Nacionaliniai judesiai<\/li>\n<li>Tarptautiniai perkraustymai<\/li>\n<li>Nam\u0173 \u016bkio perkraustymai<\/li>\n<li>Biuro ir sand\u0117lio perkraustymai<\/li>\n<li>Paslauga \"nuo dur\u0173 iki dur\u0173<\/li>\n<li>Pakavimo paslauga<\/li>\n<li>Transportavimo organizavimas<\/li>\n<li>Muitinis \u012fforminimas<\/li>\n<li>Draudimas<\/li>\n<li>Sand\u0117liavimo patalpos<\/li>\n<\/ul>\n<p>\"MK Relocation\" yra Var\u0161uvoje \u012fsik\u016brusi perkraustymo ir persikraustymo specialist\u0117. Jie teikia perkraustymo paslaugas Lenkijoje, \u012f Lenkij\u0105 ir i\u0161 jos. Jie yra akredituoti FIDI, tod\u0117l gali naudotis tarptautiniu persikraustymo agent\u0173 tinklu, kuris jiems padeda.<\/p>\n<p>\"MK Relocation\" organizuoja asmenin\u012f susitikim\u0105, kurio metu aptariami j\u016bs\u0173 poreikiai, ir teikia paslaugas nuo dur\u0173 iki dur\u0173. Jie teikia pakavimo paslaugas, kad apsaugot\u0173 j\u016bs\u0173 daiktus, \u012fskaitant \u012fvairias pakavimo med\u017eiagas, pavyzd\u017eiui, specialias d\u0117\u017ees, pl\u0117vel\u0119, dang\u010dius, plastikinius sandarius konteinerius ir dr\u0117gm\u0117s sug\u0117riklius. Jie si\u016blo papildomas paslaugas, \u012fskaitant namini\u0173 gyv\u016bn\u0117li\u0173 ve\u017eim\u0105, antikvarini\u0173 daikt\u0173 ir meno k\u016brini\u0173 tvarkym\u0105 bei saugojim\u0105.<\/p>\n<p>Interneto svetain\u0117: <a href=\"https:\/\/www.mkrelocation.pl\/\" target=\"_blank\" rel=\"noopener\">https:\/\/www.mkrelocation.pl\/<\/a><\/p>\n<h2><span class=\"ez-toc-section\" id=\"3_Santa_Fe_Relocation\"><\/span><strong>3. Santa Fe perk\u0117limas<\/strong><span class=\"ez-toc-section-end\"><\/span><\/h2>\n<p><img loading=\"lazy\" decoding=\"async\" class=\"alignnone size-full wp-image-8851\" src=\"https:\/\/moverdb.com\/wp-content\/uploads\/Santa-Fe-Relocation-Poland-international-moving-company.png\" alt=\"Santa Fe Relocation Lenkija tarptautin\u0117 perkraustymo \u012fmon\u0117\" width=\"1440\" height=\"679\" data-wp-pid=\"8851\" srcset=\"https:\/\/moverdb.com\/wp-content\/uploads\/Santa-Fe-Relocation-Poland-international-moving-company.png 1440w, https:\/\/moverdb.com\/wp-content\/uploads\/Santa-Fe-Relocation-Poland-international-moving-company-300x141.png 300w, https:\/\/moverdb.com\/wp-content\/uploads\/Santa-Fe-Relocation-Poland-international-moving-company-1024x483.png 1024w, https:\/\/moverdb.com\/wp-content\/uploads\/Santa-Fe-Relocation-Poland-international-moving-company-18x8.png 18w, https:\/\/moverdb.com\/wp-content\/uploads\/Santa-Fe-Relocation-Poland-international-moving-company-600x283.png 600w\" sizes=\"auto, (max-width: 1440px) 100vw, 1440px\" \/><\/p>\n<ul>\n<li>Vietiniai ir nacionaliniai perkraustymai<\/li>\n<li>Tarptautiniai perkraustymai<\/li>\n<li>Nam\u0173 \u016bkio perkraustymai<\/li>\n<li>Biuro perkraustymai<\/li>\n<li>Perkraustymo paslaugos<\/li>\n<li>Pakavimo paslauga<\/li>\n<li>Oro, j\u016br\u0173 ir sausumos transportas<\/li>\n<li>Muitinis \u012fforminimas<\/li>\n<li>Gyv\u016bn\u0173 augintini\u0173 ir transporto priemoni\u0173 transportavimas<\/li>\n<li>Sand\u0117liavimo patalpos<\/li>\n<\/ul>\n<p>\"Santa Fe Relocation\" yra tarptautin\u0117 perkraustymo ir perk\u0117limo bendrov\u0117, turinti 64 biurus 38 \u0161alyse, \u012fskaitant 1991 m. atidaryt\u0105 biur\u0105 Var\u0161uvoje. Ji yra IAM nar\u0117, dirbanti 32 metus, ir akredituota FIDI.<\/p>\n<p>\"Santa Fe Relocation\" si\u016blo konsultacijas prie\u0161 persikraustym\u0105 ir apklaus\u0105 namuose arba vaizdo \u012fra\u0161\u0105, kad \u012fvertint\u0173 j\u016bs\u0173 poreikius. Jie teikia visas j\u016bs\u0173 daikt\u0173 pakavimo paslaugas, kad juos b\u016bt\u0173 galima saugiai perve\u017eti oru, j\u016bra ir sausuma bei i\u0161muitinti. J\u0173 persikraustymo paslaugos apima nam\u0173 ir mokykl\u0173 paie\u0161k\u0105, \u012fsik\u016brimo paslaugas, pagalb\u0105 i\u0161vykstant, viz\u0173 ir imigracijos pagalb\u0105. Jie taip pat si\u016blo <a href=\"https:\/\/moverdb.com\/lt\/car-transport-shipping\/\" data-internallinksmanager029f6b8e52c=\"2\" title=\"2026 Tarptautinio automobili\u0173 transporto ir transporto priemoni\u0173 gabenimo citatos\">transporto priemoni\u0173 gabenimas<\/a> ir gyv\u016bn\u0173 perk\u0117limas.<\/p>\n<p>Interneto svetain\u0117: <a href=\"https:\/\/www.santaferelo.com\/en\/contact\/our-offices\/poland-warsaw\/\" target=\"_blank\" rel=\"noopener\">https:\/\/www.santaferelo.com\/en\/contact\/our-offices\/poland-warsaw\/<\/a><\/p>\n<h2><span class=\"ez-toc-section\" id=\"4_Universal_Express_Worldwide_Movers\"><\/span><strong>4. \"Universal Express Worldwide Movers<\/strong><span class=\"ez-toc-section-end\"><\/span><\/h2>\n<p><img loading=\"lazy\" decoding=\"async\" class=\"alignnone size-full wp-image-8868\" src=\"https:\/\/moverdb.com\/wp-content\/uploads\/Universal-Express-Worldwide-Movers-international-moving-company.png\" alt=\"&quot;Universal Express Worldwide Movers&quot; tarptautin\u0117 perkraustymo \u012fmon\u0117\" width=\"1440\" height=\"679\" data-wp-pid=\"8868\" srcset=\"https:\/\/moverdb.com\/wp-content\/uploads\/Universal-Express-Worldwide-Movers-international-moving-company.png 1440w, https:\/\/moverdb.com\/wp-content\/uploads\/Universal-Express-Worldwide-Movers-international-moving-company-300x141.png 300w, https:\/\/moverdb.com\/wp-content\/uploads\/Universal-Express-Worldwide-Movers-international-moving-company-1024x483.png 1024w, https:\/\/moverdb.com\/wp-content\/uploads\/Universal-Express-Worldwide-Movers-international-moving-company-18x8.png 18w, https:\/\/moverdb.com\/wp-content\/uploads\/Universal-Express-Worldwide-Movers-international-moving-company-600x283.png 600w\" sizes=\"auto, (max-width: 1440px) 100vw, 1440px\" \/><\/p>\n<ul>\n<li>Jud\u0117jimas visoje \u0161alyje<\/li>\n<li>Tarptautiniai perkraustymai<\/li>\n<li>Gyvenam\u0173j\u0173 nam\u0173 perkraustymai<\/li>\n<li>Biur\u0173 ir pramonini\u0173 objekt\u0173 perkraustymas<\/li>\n<li>Paslauga \"nuo dur\u0173 iki dur\u0173<\/li>\n<li>Pakavimo paslauga<\/li>\n<li>Sausumos, oro ir j\u016br\u0173 transportas<\/li>\n<li>Muitinis \u012fforminimas<\/li>\n<li>Draudimas<\/li>\n<li>Sand\u0117liavimo patalpos<\/li>\n<\/ul>\n<p>\"Universal Express Worldwide Movers\" yra persikraustymo ir perkraustymo \u012fmon\u0117, turinti filialus Krokuvoje, Vroclave, Poznan\u0117je ir Gdyn\u0117je. Jie turi tarptautin\u012f perkraustymo agent\u0173 tinkl\u0105, kuris padeda atlikti perkraustymo darbus visame pasaulyje. Jie yra IAM nariai, dirbantys 33 metus, ir yra akredituoti FIDI.<\/p>\n<p>\"Universal Express Worldwide Movers\" si\u016blo apklaus\u0105 prie\u0161 persikraustym\u0105, kad gal\u0117tum\u0117te aptarti savo persikraustym\u0105 ir pritaikyti persikraustymo plan\u0105. J\u0173 perkraustymo vadybininkas pad\u0117s jums teikti paslaugas nuo dur\u0173 iki dur\u0173, \u012fskaitant saug\u0173 daikt\u0173 supakavim\u0105 perve\u017eimui. Jie pasir\u016bpins j\u016bs\u0173 daikt\u0173 gabenimu sausuma, oru ar j\u016bra, i\u0161muitins ir patars d\u0117l draudimo.<\/p>\n<p>Interneto svetain\u0117: <a href=\"http:\/\/www.uer.pl\/\" target=\"_blank\" rel=\"noopener\">http:\/\/www.uer.pl\/<\/a><\/p>\n<h2><span class=\"ez-toc-section\" id=\"Other_Useful_Guides_to_Poland\"><\/span>Kiti naudingi vadovai apie Lenkij\u0105<span class=\"ez-toc-section-end\"><\/span><\/h2>\n<ul>\n<li> <a href=\"https:\/\/moverdb.com\/lt\/konteineriu-kroviniu-gabenimas\/lenkija\/\">2024 J\u016br\u0173 krovini\u0173 gabenimo konteineriais \u012f Lenkij\u0105 ir i\u0161 jos \u012fkainiai<\/a><\/li>\n<li> <a href=\"https:\/\/moverdb.com\/lt\/geriausios-tarptautines-pinigu-pervedimo-paslaugos\/money-transfer-companies-poland\/\">10 geriausi\u0173 pinig\u0173 pervedimo bendrovi\u0173 Lenkijoje<\/a><\/li>\n<li> <a href=\"https:\/\/moverdb.com\/lt\/moving-to-poland\/\">Persik\u0117limas \u012f Lenkij\u0105? 2023 Gyvenimo i\u0161laidos ir persik\u0117limo patarimai<\/a><\/li>\n<li> <a href=\"https:\/\/moverdb.com\/lt\/moving-to-poland\/best-places-to-live-poland\/\">12 geriausi\u0173 viet\u0173 gyventi Lenkijoje<\/a><\/li>\n<li> <a href=\"https:\/\/moverdb.com\/lt\/moving-to-poland\/living-in-poland\/\">21 paslaptis apie gyvenim\u0105 Lenkijoje, kurias reikia \u017einoti prie\u0161 persikeliant<\/a><\/li>\n<li> <a href=\"https:\/\/moverdb.com\/lt\/moving-to-poland\/moving-to-poland-from-the-uk\/\">Persik\u0117limas \u012f Lenkij\u0105 i\u0161 Jungtin\u0117s Karalyst\u0117s<\/a><\/li>\n<\/ul>","protected":false},"excerpt":{"rendered":"<p>If you are moving home or business, you may want to employ the services of a moving company to reduce the stress and workload involved. If you are moving within, to or from Poland, then the below Polish removal companies that are members of the International Association of Movers (IAM) and\/or FIDI Accredited International Mover [&hellip;]<\/p>\n","protected":false},"author":4,"featured_media":0,"parent":190,"menu_order":0,"comment_status":"closed","ping_status":"closed","template":"","meta":{"_genesis_hide_title":false,"_genesis_hide_breadcrumbs":false,"_genesis_hide_singular_image":false,"_genesis_hide_footer_widgets":false,"_genesis_custom_body_class":"","_genesis_custom_post_class":"","_genesis_layout":"","footnotes":""},"class_list":{"0":"post-8914","1":"page","2":"type-page","3":"status-publish","5":"entry","6":"has-post-thumbnail"},"_links":{"self":[{"href":"https:\/\/moverdb.com\/lt\/wp-json\/wp\/v2\/pages\/8914","targetHints":{"allow":["GET"]}}],"collection":[{"href":"https:\/\/moverdb.com\/lt\/wp-json\/wp\/v2\/pages"}],"about":[{"href":"https:\/\/moverdb.com\/lt\/wp-json\/wp\/v2\/types\/page"}],"author":[{"embeddable":true,"href":"https:\/\/moverdb.com\/lt\/wp-json\/wp\/v2\/users\/4"}],"replies":[{"embeddable":true,"href":"https:\/\/moverdb.com\/lt\/wp-json\/wp\/v2\/comments?post=8914"}],"version-history":[{"count":5,"href":"https:\/\/moverdb.com\/lt\/wp-json\/wp\/v2\/pages\/8914\/revisions"}],"predecessor-version":[{"id":17127,"href":"https:\/\/moverdb.com\/lt\/wp-json\/wp\/v2\/pages\/8914\/revisions\/17127"}],"up":[{"embeddable":true,"href":"https:\/\/moverdb.com\/lt\/wp-json\/wp\/v2\/pages\/190"}],"wp:attachment":[{"href":"https:\/\/moverdb.com\/lt\/wp-json\/wp\/v2\/media?parent=8914"}],"curies":[{"name":"wp","href":"https:\/\/api.w.org\/{rel}","templated":true}]}}