{"id":8908,"date":"2023-04-27T14:29:46","date_gmt":"2023-04-27T14:29:46","guid":{"rendered":"https:\/\/moverdb.com\/?page_id=8908"},"modified":"2026-01-08T15:29:02","modified_gmt":"2026-01-08T15:29:02","slug":"moving-companies-panama","status":"publish","type":"page","link":"https:\/\/moverdb.com\/lt\/moving-companies\/moving-companies-panama\/","title":{"rendered":"5 geriausios tarptautin\u0117s perkraustymo \u012fmon\u0117s Panamoje"},"content":{"rendered":"<p>Ar persikeliate \u012f namus ar biur\u0105, \u012f arba i\u0161 <a href=\"https:\/\/moverdb.com\/lt\/moving-to-panama\/\" data-internallinksmanager029f6b8e52c=\"432\" title=\"Persik\u0117limas \u012f Panam\u0105? 2023 Gyvenimo i\u0161laidos ir persik\u0117limo patarimai\">Panama<\/a>? Tuomet galb\u016bt nor\u0117site pasinaudoti <a href=\"https:\/\/moverdb.com\/lt\/moving-companies\/\" data-internallinksmanager029f6b8e52c=\"79\" title=\"Top 25 Tarptautin\u0117s perkraustymo \u012fmon\u0117s internete\">perkraustymo \u012fmon\u0117<\/a> pad\u0117ti jums pakuoti, organizuoti transportavim\u0105 ir tvarkyti tarptautini\u0173 perkraustym\u0173 dokumentus. Toliau pateikiame Panamoje \u012fsik\u016brusi\u0173 <a href=\"https:\/\/moverdb.com\/lt\/international-removals\/\" data-internallinksmanager029f6b8e52c=\"27\" title=\"36 geriausios tarptautinio perkraustymo \u012fmon\u0117s Jungtin\u0117je Karalyst\u0117je\">perkraustymo \u012fmon\u0117s<\/a> kurie yra <a href=\"https:\/\/moverdb.com\/lt\/iam\/\" data-internallinksmanager029f6b8e52c=\"23\" title=\"Tarptautin\u0117s perkraustytoj\u0173 asociacijos (IAM) paai\u0161kinimai\">Tarptautin\u0117 perkraustytoj\u0173 asociacija<\/a> (IAM) ir (arba) <a href=\"https:\/\/moverdb.com\/lt\/fidi-faim\/\" data-internallinksmanager029f6b8e52c=\"16\" title=\"FIDI ir FAIM (FIDI akredituotas tarptautinis perve\u017e\u0117jas) paai\u0161kinimai\">FIDI<\/a> Akredituotas tarptautinis perkraustymas (FAIM), kuris gal\u0117t\u0173 pad\u0117ti jums persikraustyti.<\/p>\n<div id=\"ez-toc-container\" class=\"ez-toc-v2_0_82_2 ez-toc-wrap-left counter-hierarchy ez-toc-counter ez-toc-transparent ez-toc-container-direction\">\n<div class=\"ez-toc-title-container\">\n<p class=\"ez-toc-title\" style=\"cursor:inherit\">Skyriai<\/p>\n<span class=\"ez-toc-title-toggle\"><a href=\"#\" class=\"ez-toc-pull-right ez-toc-btn ez-toc-btn-xs ez-toc-btn-default ez-toc-toggle\" aria-label=\"Perjungti turinio lentel\u0119\"><span class=\"ez-toc-js-icon-con\"><span class=\"\"><span class=\"eztoc-hide\" style=\"display:none;\">Perjungti<\/span><span class=\"ez-toc-icon-toggle-span\"><svg style=\"fill: #999;color:#999\" xmlns=\"http:\/\/www.w3.org\/2000\/svg\" class=\"list-377408\" width=\"20px\" height=\"20px\" viewbox=\"0 0 24 24\" fill=\"none\"><path d=\"M6 6H4v2h2V6zm14 0H8v2h12V6zM4 11h2v2H4v-2zm16 0H8v2h12v-2zM4 16h2v2H4v-2zm16 0H8v2h12v-2z\" fill=\"currentColor\"><\/path><\/svg><svg style=\"fill: #999;color:#999\" class=\"arrow-unsorted-368013\" xmlns=\"http:\/\/www.w3.org\/2000\/svg\" width=\"10px\" height=\"10px\" viewbox=\"0 0 24 24\" version=\"1.2\" baseprofile=\"tiny\"><path d=\"M18.2 9.3l-6.2-6.3-6.2 6.3c-.2.2-.3.4-.3.7s.1.5.3.7c.2.2.4.3.7.3h11c.3 0 .5-.1.7-.3.2-.2.3-.5.3-.7s-.1-.5-.3-.7zM5.8 14.7l6.2 6.3 6.2-6.3c.2-.2.3-.5.3-.7s-.1-.5-.3-.7c-.2-.2-.4-.3-.7-.3h-11c-.3 0-.5.1-.7.3-.2.2-.3.5-.3.7s.1.5.3.7z\"\/><\/svg><\/span><\/span><\/span><\/a><\/span><\/div>\n<nav><ul class='ez-toc-list ez-toc-list-level-1 eztoc-toggle-hide-by-default' ><li class='ez-toc-page-1 ez-toc-heading-level-2'><a class=\"ez-toc-link ez-toc-heading-1\" href=\"https:\/\/moverdb.com\/lt\/moving-companies\/moving-companies-panama\/#1_Canal_Movers_Logistics\" >1. Kanalo perve\u017e\u0117jai ir logistika<\/a><\/li><li class='ez-toc-page-1 ez-toc-heading-level-2'><a class=\"ez-toc-link ez-toc-heading-2\" href=\"https:\/\/moverdb.com\/lt\/moving-companies\/moving-companies-panama\/#2_Logisfashion\" >2. Logisfashion<\/a><\/li><li class='ez-toc-page-1 ez-toc-heading-level-2'><a class=\"ez-toc-link ez-toc-heading-3\" href=\"https:\/\/moverdb.com\/lt\/moving-companies\/moving-companies-panama\/#3_Mudanzas_Express\" >3. Mudanzas Express<\/a><\/li><li class='ez-toc-page-1 ez-toc-heading-level-2'><a class=\"ez-toc-link ez-toc-heading-4\" href=\"https:\/\/moverdb.com\/lt\/moving-companies\/moving-companies-panama\/#4_Panama_Moving_Solutions\" >4. Panama Perkraustymo sprendimai<\/a><\/li><li class='ez-toc-page-1 ez-toc-heading-level-2'><a class=\"ez-toc-link ez-toc-heading-5\" href=\"https:\/\/moverdb.com\/lt\/moving-companies\/moving-companies-panama\/#5_Panama_Packing_Storage\" >5. Panamos pakavimas ir saugojimas<\/a><\/li><\/ul><\/nav><\/div>\n<h2><span class=\"ez-toc-section\" id=\"1_Canal_Movers_Logistics\"><\/span><strong>1. Kanalo perve\u017e\u0117jai ir logistika<\/strong><span class=\"ez-toc-section-end\"><\/span><\/h2>\n<p><img loading=\"lazy\" decoding=\"async\" class=\"alignnone size-full wp-image-8770\" src=\"https:\/\/moverdb.com\/wp-content\/uploads\/Canal-Movers-Logistics-international-moving-company.png\" alt=\"Canal Movers &amp; Logistics tarptautin\u0117 jud\u0117jimo \u012fmon\u0117\" width=\"1440\" height=\"679\" data-wp-pid=\"8770\" srcset=\"https:\/\/moverdb.com\/wp-content\/uploads\/Canal-Movers-Logistics-international-moving-company.png 1440w, https:\/\/moverdb.com\/wp-content\/uploads\/Canal-Movers-Logistics-international-moving-company-300x141.png 300w, https:\/\/moverdb.com\/wp-content\/uploads\/Canal-Movers-Logistics-international-moving-company-1024x483.png 1024w, https:\/\/moverdb.com\/wp-content\/uploads\/Canal-Movers-Logistics-international-moving-company-18x8.png 18w, https:\/\/moverdb.com\/wp-content\/uploads\/Canal-Movers-Logistics-international-moving-company-600x283.png 600w\" sizes=\"auto, (max-width: 1440px) 100vw, 1440px\" \/><\/p>\n<ul>\n<li>Vietiniai ir nacionaliniai perkraustymai<\/li>\n<li>Tarptautinis perkraustymas<\/li>\n<li>Nam\u0173 \u016bki\u0173 perkraustymas<\/li>\n<li>Biuro perkraustymai<\/li>\n<li>Individualizuotos paslaugos<\/li>\n<li>Profesionalios pakavimo paslaugos<\/li>\n<li>Meno k\u016brini\u0173 tvarkymas<\/li>\n<li>Transporto priemoni\u0173 ir namini\u0173 gyv\u016bn\u0117li\u0173 ve\u017eimas<\/li>\n<li>Draudimas<\/li>\n<li>Sand\u0117liavimo patalpos<\/li>\n<\/ul>\n<p>\"Canal Movers &amp; Logistics\" - tai perkraustymo ir logistikos \u012fmon\u0117, teikianti paslaugas tarptautin\u0117ms bendrov\u0117ms ir privatiems asmenims. Ji bendradarbiauja su pasauliniu logistikos ir perkraustymo agent\u0173 tinklu. Jie yra IAM nariai, dirbantys 22 metus, ir yra akredituoti FIDI.<\/p>\n<p>\"Canal Movers &amp; Logistics\" si\u016blo persikraustymo koordinatori\u0173, kuris pad\u0117s jums persikraustyti vietoje, \u0161alyje ir tarptautiniu mastu, nesvarbu, ar persikraustote \u012f kit\u0105 viet\u0105, ar \u012f savo namus, ar \u012f versl\u0105. Jie si\u016blo profesionalias pakavimo paslaugas, kad apsaugot\u0173 j\u016bs\u0173 gabenamus daiktus ir suteikt\u0173 draudimo apsaug\u0105. Jie taip pat si\u016blo papildomas paslaugas: bald\u0173 nuom\u0105, automobili\u0173, motocikl\u0173 ir val\u010di\u0173 transportavim\u0105, namini\u0173 gyv\u016bn\u0117li\u0173 ve\u017eim\u0105 ir meno k\u016brini\u0173 tvarkym\u0105.<\/p>\n<p>Interneto svetain\u0117: <a href=\"http:\/\/www.canalmovers.com\" target=\"_blank\" rel=\"noopener\">http:\/\/www.canalmovers.com<\/a><\/p>\n<h2><span class=\"ez-toc-section\" id=\"2_Logisfashion\"><\/span><strong>2. Logisfashion<\/strong><span class=\"ez-toc-section-end\"><\/span><\/h2>\n<p><img loading=\"lazy\" decoding=\"async\" class=\"alignnone size-full wp-image-8822\" src=\"https:\/\/moverdb.com\/wp-content\/uploads\/Logisfashion-international-moving-company.png\" alt=\"&quot;Logisfashion&quot; tarptautin\u0117 perkraustymo \u012fmon\u0117\" width=\"1440\" height=\"680\" data-wp-pid=\"8822\" srcset=\"https:\/\/moverdb.com\/wp-content\/uploads\/Logisfashion-international-moving-company.png 1440w, https:\/\/moverdb.com\/wp-content\/uploads\/Logisfashion-international-moving-company-300x142.png 300w, https:\/\/moverdb.com\/wp-content\/uploads\/Logisfashion-international-moving-company-1024x484.png 1024w, https:\/\/moverdb.com\/wp-content\/uploads\/Logisfashion-international-moving-company-18x9.png 18w, https:\/\/moverdb.com\/wp-content\/uploads\/Logisfashion-international-moving-company-600x283.png 600w\" sizes=\"auto, (max-width: 1440px) 100vw, 1440px\" \/><\/p>\n<ul>\n<li>Nacionalinis transportas<\/li>\n<li>Tarptautinis ve\u017eimas<\/li>\n<li>Privatus transportas<\/li>\n<li>Komercinis transportas<\/li>\n<li>Individualiai pritaikyta paslauga \"nuo dur\u0173 iki dur\u0173<\/li>\n<li>Skirtingi pristatymo dyd\u017eiai<\/li>\n<li>Oro, j\u016br\u0173 ir sausumos transportas<\/li>\n<li>Muitin\u0117s pagalba<\/li>\n<li>Draudimas<\/li>\n<li>Sand\u0117liavimo patalpos<\/li>\n<\/ul>\n<p>\"Logisfashion\" yra tarptautin\u0117 logistikos bendrov\u0117, \u012fkurta 1997 m., turinti filialus devyniose pasaulio \u0161alyse, o Panamoje - Panamos miesto biur\u0105. Ji yra IAM nar\u0117, veikianti 42 metus, o tai suteikia galimyb\u0119 naudotis tarptautiniu perkraustymo agent\u0173 tinklu.<\/p>\n<p>\"Logisfashion\" si\u016blo tarptautin\u012f krovini\u0173 gabenim\u0105 oru, j\u016bra ir sausuma, \u012fskaitant pilnus konteinerius ir ma\u017eesnius nei konteineriai krovinius. Jie teikia specialiai pritaikytas paslaugas nuo dur\u0173 iki dur\u0173, u\u017etikrina siunt\u0173 atsekamum\u0105, muitin\u0117s formalumus ir preki\u0173 draudim\u0105. Jie taip pat si\u016blo sand\u0117lius ir saugyklas, skirtas platinimo ir importo ar eksporto veiklai palaikyti.<\/p>\n<p>Interneto svetain\u0117: <a href=\"http:\/\/www.logisfashion.com\" target=\"_blank\" rel=\"noopener\">http:\/\/www.logisfashion.com<\/a><\/p>\n<h2><span class=\"ez-toc-section\" id=\"3_Mudanzas_Express\"><\/span><strong>3. Mudanzas Express<\/strong><span class=\"ez-toc-section-end\"><\/span><\/h2>\n<p><img loading=\"lazy\" decoding=\"async\" class=\"alignnone size-full wp-image-8833\" src=\"https:\/\/moverdb.com\/wp-content\/uploads\/Mudanzas-Express-international-moving-company.png\" alt=\"&quot;Mudanzas Express&quot; tarptautin\u0117 perkraustymo \u012fmon\u0117\" width=\"1440\" height=\"686\" data-wp-pid=\"8833\" srcset=\"https:\/\/moverdb.com\/wp-content\/uploads\/Mudanzas-Express-international-moving-company.png 1440w, https:\/\/moverdb.com\/wp-content\/uploads\/Mudanzas-Express-international-moving-company-300x143.png 300w, https:\/\/moverdb.com\/wp-content\/uploads\/Mudanzas-Express-international-moving-company-1024x488.png 1024w, https:\/\/moverdb.com\/wp-content\/uploads\/Mudanzas-Express-international-moving-company-18x9.png 18w, https:\/\/moverdb.com\/wp-content\/uploads\/Mudanzas-Express-international-moving-company-600x286.png 600w\" sizes=\"auto, (max-width: 1440px) 100vw, 1440px\" \/><\/p>\n<ul>\n<li>Vietiniai perkraustymai<\/li>\n<li>Tarptautiniai perkraustymai<\/li>\n<li>Nam\u0173 \u016bkio perkraustymai<\/li>\n<li>Komercini\u0173 ir biuro patalp\u0173 perkraustymas<\/li>\n<li>Paslauga \"nuo dur\u0173 iki dur\u0173<\/li>\n<li>Pri\u017ei\u016brimas valdymo procesas<\/li>\n<li>Pakavimo paslauga<\/li>\n<li>Oro ir j\u016br\u0173 transportas<\/li>\n<li>Muitin\u0117s tarpininkavimas<\/li>\n<li>Automobili\u0173 transportavimas<\/li>\n<\/ul>\n<p>\"Mudanzas Express\" yra tarptautinio perkraustymo \u012fmon\u0117, \u012fsik\u016brusi Tocumene ir turinti daugiau nei 12 met\u0173 patirt\u012f. Ji yra IAM nar\u0117, dirbanti 15 met\u0173, tod\u0117l turi tarptautin\u012f perkraustymo agent\u0173 tinkl\u0105, padedant\u012f teikti paslaugas u\u017e Panamos rib\u0173.<\/p>\n<p>\"Mudanzas Express\" si\u016blo persikraustymo \u012f Panam\u0105 arba i\u0161 Panamos paslaug\u0105, kuri teikiama nuo dur\u0173 iki dur\u0173. Jie teikia pakavimo paslaugas, kad apsaugot\u0173 j\u016bs\u0173 daiktus, kai jie ve\u017eami, i\u0161ardyt\u0173 ir surinkt\u0173 baldus, tvarkyt\u0173 trapius daiktus ir pianinus.  Jie organizuoja transportavim\u0105 ir tvarko proces\u0105, \u012fskaitant muitin\u0117s tarpininkavim\u0105.<\/p>\n<p>Interneto svetain\u0117: <a href=\"http:\/\/www.mudanzasexpresspanama.com\" target=\"_blank\" rel=\"noopener\">http:\/\/www.mudanzasexpresspanama.com<\/a><\/p>\n<h2><span class=\"ez-toc-section\" id=\"4_Panama_Moving_Solutions\"><\/span><strong>4. Panama Perkraustymo sprendimai<\/strong><span class=\"ez-toc-section-end\"><\/span><\/h2>\n<p><img loading=\"lazy\" decoding=\"async\" class=\"alignnone size-full wp-image-8843\" src=\"https:\/\/moverdb.com\/wp-content\/uploads\/Panama-Moving-Solutions-international-moving-company.png\" alt=\"Panama Moving Solutions tarptautin\u0117 jud\u0117jimo \u012fmon\u0117\" width=\"1440\" height=\"681\" data-wp-pid=\"8843\" srcset=\"https:\/\/moverdb.com\/wp-content\/uploads\/Panama-Moving-Solutions-international-moving-company.png 1440w, https:\/\/moverdb.com\/wp-content\/uploads\/Panama-Moving-Solutions-international-moving-company-300x142.png 300w, https:\/\/moverdb.com\/wp-content\/uploads\/Panama-Moving-Solutions-international-moving-company-1024x484.png 1024w, https:\/\/moverdb.com\/wp-content\/uploads\/Panama-Moving-Solutions-international-moving-company-18x9.png 18w, https:\/\/moverdb.com\/wp-content\/uploads\/Panama-Moving-Solutions-international-moving-company-600x284.png 600w\" sizes=\"auto, (max-width: 1440px) 100vw, 1440px\" \/><\/p>\n<ul>\n<li>Vietiniai ir nacionaliniai perkraustymai<\/li>\n<li>Tarptautinis perkraustymas<\/li>\n<li>Nam\u0173 \u016bki\u0173 perkraustymas<\/li>\n<li>\u012emoni\u0173 perkraustymai<\/li>\n<li>\"Nuo dur\u0173 iki dur\u0173\" ir \"nuo dur\u0173 iki dur\u0173<a href=\"https:\/\/moverdb.com\/lt\/top-49-container-ports\/\" data-internallinksmanager029f6b8e52c=\"80\" title=\"49 did\u017eiausi ir labiausiai apkrauti konteineri\u0173 uostai 2025 m.\">uostas<\/a> paslaugos<\/li>\n<li>Pakavimo paslaugos<\/li>\n<li>Transportavimo organizavimas<\/li>\n<li>Gyv\u016bn\u0173 augintini\u0173 ve\u017eimas<\/li>\n<li>Transporto priemoni\u0173 transportavimas<\/li>\n<li>Sand\u0117liavimo patalpos<\/li>\n<\/ul>\n<p>\"Panama Moving Solutions\" si\u016blo tarptautinius perkraustymus ir krovini\u0173 gabenim\u0105, tur\u0117dami daugiau nei 20 met\u0173 patirt\u012f ir \u012fsik\u016br\u0119 Panamos mieste. Jie bendradarbiauja su tarptautiniu mastu pripa\u017eintais perkraustymo agentais, padedan\u010diais teikti paslaugas, ir yra IAM nariai, dirbantys \u0161e\u0161erius metus.<\/p>\n<p>\"Panama Moving Solutions\" si\u016blo individualiai pritaikytas perkraustymo paslaugas Panamoje, \u012f Panam\u0105 ir i\u0161 Panamos, kurios gali b\u016bti teikiamos nuo dur\u0173 iki dur\u0173 arba nuo dur\u0173 iki uosto. Jie teikia pakavimo paslaugas, kurioms naudojami geriausi pakavimo produktai ir naujausi pakavimo b\u016bdai, kad b\u016bt\u0173 suma\u017einta \u017eala ir dr\u0117gm\u0117. Jie si\u016blo papildomas paslaugas, kurios apima namini\u0173 gyv\u016bn\u0173 ir transporto priemoni\u0173 ve\u017eim\u0105 bei saugojim\u0105.<\/p>\n<p>Interneto svetain\u0117: <a href=\"http:\/\/www.pmovings.com\" target=\"_blank\" rel=\"noopener\">http:\/\/www.pmovings.com<\/a><\/p>\n<h2><span class=\"ez-toc-section\" id=\"5_Panama_Packing_Storage\"><\/span><strong>5. Panamos pakavimas ir saugojimas<\/strong><span class=\"ez-toc-section-end\"><\/span><\/h2>\n<p><img loading=\"lazy\" decoding=\"async\" class=\"alignnone size-full wp-image-8844\" src=\"https:\/\/moverdb.com\/wp-content\/uploads\/Panama-Packing-Storage-international-moving-company.png\" alt=\"Panama Packing &amp; Storage tarptautin\u0117 perkraustymo \u012fmon\u0117\" width=\"1440\" height=\"682\" data-wp-pid=\"8844\" srcset=\"https:\/\/moverdb.com\/wp-content\/uploads\/Panama-Packing-Storage-international-moving-company.png 1440w, https:\/\/moverdb.com\/wp-content\/uploads\/Panama-Packing-Storage-international-moving-company-300x142.png 300w, https:\/\/moverdb.com\/wp-content\/uploads\/Panama-Packing-Storage-international-moving-company-1024x485.png 1024w, https:\/\/moverdb.com\/wp-content\/uploads\/Panama-Packing-Storage-international-moving-company-18x9.png 18w, https:\/\/moverdb.com\/wp-content\/uploads\/Panama-Packing-Storage-international-moving-company-600x284.png 600w\" sizes=\"auto, (max-width: 1440px) 100vw, 1440px\" \/><\/p>\n<ul>\n<li>Vietiniai perkraustymai<\/li>\n<li>Tarptautiniai perkraustymai<\/li>\n<li>Nam\u0173 \u016bkio perkraustymai<\/li>\n<li>Biuro paslaugos<\/li>\n<li>\"nuo dur\u0173 iki dur\u0173\" arba \"nuo dur\u0173 iki uosto\" paslaugos<\/li>\n<li>Pakavimo paslauga<\/li>\n<li>Keli\u0173, j\u016br\u0173 ir oro transportas<\/li>\n<li>Importo ir eksporto palaikymas<\/li>\n<li>Daili\u0173j\u0173 men\u0173 tvarkymas<\/li>\n<li>Trumpalaik\u0117s ir ilgalaik\u0117s saugyklos<\/li>\n<\/ul>\n<p>\"Panama Packing &amp; Storage\" yra 1971 m. \u012fkurta Lotyn\u0173 Amerikos perkraustymo \u012fmon\u0117, \u012fsik\u016brusi Panamos mieste. Ji turi pasaulin\u012f perkraustymo agent\u0173 tinkl\u0105, kuris gali pad\u0117ti teikti paslaugas u\u017e savo veiklos teritorijos rib\u0173. Jie yra IAM nariai ir yra akredituoti FIDI.<\/p>\n<p>\"Panama Packing &amp; Storage\" si\u016blo tarptautinio ir vietinio perkraustymo paslaugas, \u012fskaitant meno k\u016brini\u0173 tvarkymo paslaugas. Jie teikia pakavimo ir i\u0161pakavimo paslaugas, kurios apima trapi\u0173 daikt\u0173 pakavim\u0105 ir \u012fpakavim\u0105. Jie si\u016blo saugias sand\u0117liavimo patalpas, kurios tinka trumpalaikiams ir ilgalaikiams sprendimams.<\/p>\n<p>Interneto svetain\u0117: <a href=\"http:\/\/www.panamapacking.com\" target=\"_blank\" rel=\"noopener\">http:\/\/www.panamapacking.com<\/a><\/p>","protected":false},"excerpt":{"rendered":"<p>Are you moving home or office within, to or from Panama? Then you may want to employ the services of a moving company to assist you with packing, organising transportation and arrangement of documentation for international moves. Below we have compiled a list of Panama based removal companies that are members of the International Association [&hellip;]<\/p>\n","protected":false},"author":4,"featured_media":0,"parent":190,"menu_order":0,"comment_status":"closed","ping_status":"closed","template":"","meta":{"_genesis_hide_title":false,"_genesis_hide_breadcrumbs":false,"_genesis_hide_singular_image":false,"_genesis_hide_footer_widgets":false,"_genesis_custom_body_class":"","_genesis_custom_post_class":"","_genesis_layout":"","footnotes":""},"class_list":{"0":"post-8908","1":"page","2":"type-page","3":"status-publish","5":"entry","6":"has-post-thumbnail"},"_links":{"self":[{"href":"https:\/\/moverdb.com\/lt\/wp-json\/wp\/v2\/pages\/8908","targetHints":{"allow":["GET"]}}],"collection":[{"href":"https:\/\/moverdb.com\/lt\/wp-json\/wp\/v2\/pages"}],"about":[{"href":"https:\/\/moverdb.com\/lt\/wp-json\/wp\/v2\/types\/page"}],"author":[{"embeddable":true,"href":"https:\/\/moverdb.com\/lt\/wp-json\/wp\/v2\/users\/4"}],"replies":[{"embeddable":true,"href":"https:\/\/moverdb.com\/lt\/wp-json\/wp\/v2\/comments?post=8908"}],"version-history":[{"count":1,"href":"https:\/\/moverdb.com\/lt\/wp-json\/wp\/v2\/pages\/8908\/revisions"}],"predecessor-version":[{"id":8909,"href":"https:\/\/moverdb.com\/lt\/wp-json\/wp\/v2\/pages\/8908\/revisions\/8909"}],"up":[{"embeddable":true,"href":"https:\/\/moverdb.com\/lt\/wp-json\/wp\/v2\/pages\/190"}],"wp:attachment":[{"href":"https:\/\/moverdb.com\/lt\/wp-json\/wp\/v2\/media?parent=8908"}],"curies":[{"name":"wp","href":"https:\/\/api.w.org\/{rel}","templated":true}]}}