{"id":890,"date":"2016-08-29T10:10:27","date_gmt":"2016-08-29T10:10:27","guid":{"rendered":"http:\/\/moverdb.com\/?page_id=890"},"modified":"2026-05-15T15:00:44","modified_gmt":"2026-05-15T15:00:44","slug":"pearson","status":"publish","type":"page","link":"https:\/\/moverdb.com\/lt\/pearson\/","title":{"rendered":"Pearson Home Moving: Tarptautinis perkraustymas Atsiliepimai"},"content":{"rendered":"<p>\"Pearson Home Moving\" yra perkraustymo ir perk\u0117limo \u012fmon\u0117, kuri savo klientams si\u016blo \u0161ias paslaugas. Po paslaug\u0173 s\u0105ra\u0161o pateikiamas \u012fmon\u0117s profilis ir atsiliepimai.<\/p>\n<p><strong>Tarptautin\u0117s nam\u0173 perkraustymo paslaugos<\/strong><\/p>\n<ul>\n<li> Specialus perkraustymo vadybininkas<\/li>\n<li> Paslaugos nuo dur\u0173 iki dur\u0173<\/li>\n<li> Specialusis transporto priemoni\u0173 parkas<\/li>\n<li> Profesional\u016bs pakuotojai - i\u0161ardymas ir pakavimas<\/li>\n<li> Pristatomos pakavimo med\u017eiagos<\/li>\n<li> <a href=\"https:\/\/moverdb.com\/lt\/konteineriu-kroviniu-gabenimas\/\">Krovini\u0173 gabenimas oru arba j\u016bra<\/a><\/li>\n<li> Muitin\u0117s pagalba<\/li>\n<li> I\u0161pakuoti ir surinkti<\/li>\n<li> Gyv\u016bno augintinio perk\u0117limas<\/li>\n<li> <a href=\"https:\/\/moverdb.com\/lt\/automobiliu-transportas-siuntimas\/\">Transporto priemon\u0117s perk\u0117limas<\/a><\/li>\n<li> Valymo paslaugos<\/li>\n<li> Sutvarkytas draudimas<\/li>\n<li> Galimyb\u0117 saugoti<\/li>\n<\/ul>\n<h2>Pearson Home Moving Company profilis<\/h2>\n<p>\"Pearson Home Moving\" 1917 m. \u012fk\u016br\u0117 Edwardas Pearsonas ir iki \u0161iol s\u0117kmingai atliko daugiau nei 250 000 perkraustym\u0173 visuose \u017eemynuose, net Antarktidoje. Edwardo Pearsono tikslas buvo tapti geriausiu <a href=\"https:\/\/moverdb.com\/lt\/international-removals\/\" data-internallinksmanager029f6b8e52c=\"27\" title=\"36 geriausios tarptautinio perkraustymo \u012fmon\u0117s Jungtin\u0117je Karalyst\u0117je\">perkraustymo \u012fmon\u0117<\/a> versle.<\/p>\n<p>\u012emon\u0117 teigia, kad per pastaruosius 100 met\u0173 suk\u016br\u0117 vien\u0105 geriausi\u0173 pasaulyje perkraustymo specialist\u0173 tinkl\u0173. \"Pearson Home Moving\" savo klientams teikia pirmenyb\u0119, nesvarbu, kokio ma\u017eo masto b\u016bt\u0173 persikraustymas.<\/p>\n<p>\"Pearson Home Moving\" aplinkosaugos politika apima aplinkai nekenksming\u0173 produkt\u0173 naudojim\u0105 ir perdirbim\u0105, kai tik \u012fmanoma; ir visada stengiasi naudoti visi\u0161kai pakrautas transporto priemones, kad suma\u017eint\u0173 anglies dvideginio p\u0117dsak\u0105.<\/p>\n<p>Jie turi \u0161ias akreditacijas ir naryst\u0119:<\/p>\n<ul>\n<li> <a href=\"https:\/\/moverdb.com\/lt\/britu-salintoju-asociacija\/\">Did\u017eiosios Britanijos perkraustytoj\u0173 asociacija<\/a> (<a href=\"https:\/\/moverdb.com\/lt\/british-association-of-removers\/\" data-internallinksmanager029f6b8e52c=\"9\" title=\"Britanijos perkraustymo \u012fmoni\u0173 asociacijos (BAR) paai\u0161kinimai\">BAR<\/a>)<\/li>\n<li> <a href=\"https:\/\/moverdb.com\/lt\/harmony-relocation-network\/\">Harmonijos perk\u0117limo tinklas<\/a><\/li>\n<li> DNV ISO9001<\/li>\n<li> <a href=\"https:\/\/moverdb.com\/lt\/fedemac\/\">Europos perkraustytoj\u0173 federacija<\/a> (<a href=\"https:\/\/moverdb.com\/lt\/fedemac\/\" data-internallinksmanager029f6b8e52c=\"15\" title=\"Europos perve\u017e\u0117j\u0173 asociacijos federacijos (FEDEMAC) paai\u0161kinimai\">FEDEMAC<\/a>)<\/li>\n<li> <a href=\"https:\/\/moverdb.com\/lt\/fidi-faim\/\">FIDI<\/a><\/li>\n<\/ul>\n<h2>Pearson Home Perkraustymas Atsiliepimai<\/h2>\n<p><strong>Teigiamas:<\/strong><\/p>\n<ul>\n<li> \"Tai buvo 19-asis m\u016bs\u0173 persikraustymas per 40 met\u0173. Geriausias iki \u0161iol, labai profesional\u016bs biuro darbuotojai, o perkraustymo meistrai buvo auk\u0161\u010diausios klas\u0117s. Puikiai atlikta! Visiems nuo\u0161ird\u017eiai rekomenduojame \"Pearson\".\" - Peter per <a href=\"http:\/\/www.pearsonhomemoving.com\/\" target=\"_blank\" rel=\"noopener\">Pearson Home Perkraustymo svetain\u0117<\/a><\/li>\n<li> <em>\"\u0160i bendrov\u0117 buvo fantasti\u0161ka nuo prad\u017eios iki pabaigos. J\u0173 kaina buvo tikrai konkurencinga ir jie suteik\u0117 <a href=\"https:\/\/moverdb.com\/lt\/moving-to-the-united-states\/\" data-internallinksmanager029f6b8e52c=\"94\" title=\"Persik\u0117limas \u012f Jungtines Amerikos Valstijas? 2022 Gyvenimo i\u0161laidos ir persik\u0117limo patarimai\">mus<\/a> puiki paslauga.\"<\/em> - Steve'as per <a href=\"http:\/\/www.mymovingreviews.com\/movers\/pearson-home-moving-2276#56936\" target=\"_blank\" rel=\"noopener\">MyMovingReviews.com<\/a><\/li>\n<li> <em>\"Mums buvo suteiktos labai profesionalios paslaugos persikraustant i\u0161 <a href=\"https:\/\/moverdb.com\/lt\/moving-to-germany\/\" data-internallinksmanager029f6b8e52c=\"321\" title=\"Persik\u0117limas \u012f Vokietij\u0105? 2023 m. pragyvenimo i\u0161laidos ir persik\u0117limo patarimai\">Vokietija<\/a> \u012f <a href=\"https:\/\/moverdb.com\/lt\/moving-to-the-uk\/\" data-internallinksmanager029f6b8e52c=\"93\" title=\"Persik\u0117limas \u012f Jungtin\u0119 Karalyst\u0119? 2022 Gyvenimo i\u0161laidos ir persikraustymo patarimai\">JK<\/a>.\"<\/em> - Kerry per <a href=\"http:\/\/www.removalreviews.co.uk\/movingreviews\/home-move-to-uk-10941\" target=\"_blank\" rel=\"noopener\">Perkraustymo ap\u017evalgos<\/a><\/li>\n<li> \"<em>Puikus klient\u0173 aptarnavimas \/ puikus bendras aptarnavimas.\"<\/em> - Bruce per <a href=\"http:\/\/www.ciao.co.uk\/Pearson_Home_Moving__Review_6008009\" target=\"_blank\" rel=\"noopener\">Ciao!<\/a> <\/li>\n<\/ul>\n<p><strong>Neigiamas:<\/strong><\/p>\n<ul>\n<li> <em>\"Pristatymas v\u0117lavo dvi dienas. Galime suprasti, kad pasienyje kilo nuo j\u0173 nepriklausan\u010di\u0173 nesklandum\u0173 ir v\u0117lavim\u0173, bet ne tai, kad mums nebuvo prane\u0161ta apie pristatymo status\u0105.\"<\/em> - Christoph per <a href=\"http:\/\/www.mymovingreviews.com\/movers\/pearson-home-moving-2276#57516\" target=\"_blank\" rel=\"noopener\">MyMovingReviews.com<\/a> <\/li>\n<li> <em>\"Pristatymo metu mano d\u0117\u017e\u0117s buvo purvinos ir \u0161lapios. Tod\u0117l jos taip pat buvo sugadintos.\"<\/em> - Harald in Glos per <a href=\"http:\/\/www.removalreviews.co.uk\/movingreviews\/never-again-10123\" target=\"_blank\" rel=\"noopener\">Perkraustymo ap\u017evalgos<\/a><\/li>\n<li> <em>\"Galiausiai mano daiktai buvo pristatyti rugs\u0117jo viduryje, pra\u0117jus 81 dienai nuo j\u0173 atsi\u0117mimo.\"<\/em> - Imoena per <a href=\"http:\/\/www.ciao.co.uk\/Pearson_Home_Moving__Review_6113468\" target=\"_blank\" rel=\"noopener\">Ciao!<\/a> <\/li>\n<\/ul>\n<div itemprop=\"review\" itemscope itemtype=\"http:\/\/schema.org\/Review\">\n<span itemprop=\"author\" itemscope=\"\" itemtype=\"http:\/\/schema.org\/Organization\"><span itemprop=\"name\">MoverDB.com<\/span><\/span> Internetin\u0117s svetain\u0117s ap\u017evalga <span itemprop=\"itemreviewed\" itemscope=\"\" itemtype=\"http:\/\/schema.org\/Brand\"><span itemprop=\"name\">Pearson Home Perkraustymas<\/span><\/span>:<\/p>\n<ol>\n<li> Ai\u0161ki kontaktin\u0117 informacija svetain\u0117je (\u012fskaitant telefono numer\u012f): <strong>Taip<\/strong><\/li>\n<li> Lengva gauti <a href=\"https:\/\/moverdb.com\/lt\/citatos\/\">tarptautini\u0173 perkraustym\u0173 citatos<\/a>? (internetin\u0117 s\u0105matos u\u017eklausos forma): <strong>Taip<\/strong><\/li>\n<li> Ai\u0161ki informacija svetain\u0117je: <strong>Kai kurie<\/strong>nors svetain\u0117je pateikta ai\u0161ki kontaktin\u0117 informacija ir paslaug\u0173 ap\u017evalga, tr\u016bksta i\u0161samios informacijos apie persikraustymo planavim\u0105.<\/li>\n<li> Naryst\u0117 tarptautin\u0117se pripa\u017eintose jud\u0117jimo organizacijose: <strong>Taip<\/strong>, \u017er. pirmiau.<\/li>\n<li> Klient\u0173 s\u0105ra\u0161as ir (arba) ankstesni\u0173 klient\u0173 atsiliepimai: <strong>Taip,<\/strong> Svetain\u0117je yra keletas klient\u0173 atsiliepim\u0173.<\/li>\n<\/ol>\n<div itemprop=\"reviewRating\" itemscope itemtype=\"http:\/\/schema.org\/Rating\"><meta itemprop=\"worstRating\" content = \"0\" \/><meta itemprop=\"bestRating\" content=\"5\" \/><meta itemprop=\"ratingValue\" content=\"4.5\"><\/div>\n<p><strong>Bendras \u012fvertinimas: 4,5\/5<\/strong><br \/>\n<strong>Per\u017ei\u016bros data:<\/strong> <span itemprop=\"datePublished\" content=\"2016-08-29\">29\/08\/2016<\/span>\n<\/div>\n<p>Daugiau apie <a href=\"https:\/\/moverdb.com\/lt\/tarptautiniai-perkraustymai\/\">tarptautiniai perkraustymai<\/a> ir m\u016bs\u0173 <a href=\"https:\/\/moverdb.com\/lt\/atsiliepimai\/\">per\u017ei\u016bros procesas<\/a>.<\/p>\n<p><strong>Interneto svetain\u0117:<\/strong> <a href=\"http:\/\/www.pearsonhomemoving.com\" target=\"_blank\" rel=\"noopener\">http:\/\/www.pearsonhomemoving.com<\/a><\/p>","protected":false},"excerpt":{"rendered":"<p>Pearson Home Moving are a removal and relocation company which offer the following services to their clients. The service list is followed by their company profile and reviews. International Home Moving Services Dedicated move manager Door to door service Dedicated vehicle fleet Professional packers &#8211; disassemble and pack Packing materials suppled Air freight or sea [&hellip;]<\/p>\n","protected":false},"author":1,"featured_media":0,"parent":0,"menu_order":0,"comment_status":"closed","ping_status":"closed","template":"","meta":{"_genesis_hide_title":false,"_genesis_hide_breadcrumbs":false,"_genesis_hide_singular_image":false,"_genesis_hide_footer_widgets":false,"_genesis_custom_body_class":"","_genesis_custom_post_class":"","_genesis_layout":"","footnotes":""},"class_list":{"0":"post-890","1":"page","2":"type-page","3":"status-publish","5":"entry"},"_links":{"self":[{"href":"https:\/\/moverdb.com\/lt\/wp-json\/wp\/v2\/pages\/890","targetHints":{"allow":["GET"]}}],"collection":[{"href":"https:\/\/moverdb.com\/lt\/wp-json\/wp\/v2\/pages"}],"about":[{"href":"https:\/\/moverdb.com\/lt\/wp-json\/wp\/v2\/types\/page"}],"author":[{"embeddable":true,"href":"https:\/\/moverdb.com\/lt\/wp-json\/wp\/v2\/users\/1"}],"replies":[{"embeddable":true,"href":"https:\/\/moverdb.com\/lt\/wp-json\/wp\/v2\/comments?post=890"}],"version-history":[{"count":6,"href":"https:\/\/moverdb.com\/lt\/wp-json\/wp\/v2\/pages\/890\/revisions"}],"predecessor-version":[{"id":6229,"href":"https:\/\/moverdb.com\/lt\/wp-json\/wp\/v2\/pages\/890\/revisions\/6229"}],"wp:attachment":[{"href":"https:\/\/moverdb.com\/lt\/wp-json\/wp\/v2\/media?parent=890"}],"curies":[{"name":"wp","href":"https:\/\/api.w.org\/{rel}","templated":true}]}}