{"id":8899,"date":"2023-04-27T14:32:24","date_gmt":"2023-04-27T14:32:24","guid":{"rendered":"https:\/\/moverdb.com\/?page_id=8899"},"modified":"2026-01-08T15:30:13","modified_gmt":"2026-01-08T15:30:13","slug":"moving-companies-nicaragua","status":"publish","type":"page","link":"https:\/\/moverdb.com\/lt\/moving-companies\/moving-companies-nicaragua\/","title":{"rendered":"Geriausios tarptautin\u0117s perkraustymo bendrov\u0117s Nikaragvoje"},"content":{"rendered":"<p>Ar planuojate persikelti \u012f Nikaragv\u0105, i\u0161 jos ar \u0161alies viduje? Tuomet organizavimas ir dokument\u0173 tvarkymas gali b\u016bti bauginantis ir jums gali prireikti pagalbos. <a href=\"https:\/\/moverdb.com\/lt\/moving-companies\/\" data-internallinksmanager029f6b8e52c=\"79\" title=\"Top 25 Tarptautin\u0117s perkraustymo \u012fmon\u0117s internete\">perkraustymo \u012fmon\u0117<\/a> gali pad\u0117ti suma\u017einti darbo kr\u016bv\u012f. Toliau pateikiame s\u0105ra\u0161\u0105 <a href=\"https:\/\/moverdb.com\/lt\/moving-companies\/moving-companies-mauritius\/\" data-internallinksmanager029f6b8e52c=\"291\" title=\"6 Geriausios tarptautin\u0117s perkraustymo \u012fmon\u0117s Mauricijuje\">Mauricijus<\/a> remiantis <a href=\"https:\/\/moverdb.com\/lt\/international-removals\/\" data-internallinksmanager029f6b8e52c=\"27\" title=\"36 geriausios tarptautinio perkraustymo \u012fmon\u0117s Jungtin\u0117je Karalyst\u0117je\">perkraustymo \u012fmon\u0117s<\/a> kurie yra <a href=\"https:\/\/moverdb.com\/lt\/iam\/\" data-internallinksmanager029f6b8e52c=\"23\" title=\"Tarptautin\u0117s perkraustytoj\u0173 asociacijos (IAM) paai\u0161kinimai\">Tarptautin\u0117 perkraustytoj\u0173 asociacija<\/a> (IAM) ir (arba) <a href=\"https:\/\/moverdb.com\/lt\/fidi-faim\/\" data-internallinksmanager029f6b8e52c=\"16\" title=\"FIDI ir FAIM (FIDI akredituotas tarptautinis perve\u017e\u0117jas) paai\u0161kinimai\">FIDI<\/a> Akredituot\u0173 tarptautini\u0173 perkraustymo paslaug\u0173 teik\u0117j\u0173 (FAIM), kurie gal\u0117t\u0173 pad\u0117ti jums persikraustyti.<\/p>\n<h2><strong>Mudanzas Mundiales<\/strong><\/h2>\n<p><img loading=\"lazy\" decoding=\"async\" class=\"alignnone size-full wp-image-8834\" src=\"https:\/\/moverdb.com\/wp-content\/uploads\/Mudanzas-Mundiales-international-moving-company-1.png\" alt=\"Mudanzas Mundiales tarptautin\u0117 perkraustymo \u012fmon\u0117\" width=\"1440\" height=\"681\" data-wp-pid=\"8834\" srcset=\"https:\/\/moverdb.com\/wp-content\/uploads\/Mudanzas-Mundiales-international-moving-company-1.png 1440w, https:\/\/moverdb.com\/wp-content\/uploads\/Mudanzas-Mundiales-international-moving-company-1-300x142.png 300w, https:\/\/moverdb.com\/wp-content\/uploads\/Mudanzas-Mundiales-international-moving-company-1-1024x484.png 1024w, https:\/\/moverdb.com\/wp-content\/uploads\/Mudanzas-Mundiales-international-moving-company-1-18x9.png 18w, https:\/\/moverdb.com\/wp-content\/uploads\/Mudanzas-Mundiales-international-moving-company-1-600x284.png 600w\" sizes=\"auto, (max-width: 1440px) 100vw, 1440px\" \/><\/p>\n<ul>\n<li>Vietiniai ir nacionaliniai perkraustymai<\/li>\n<li>Tarptautiniai perkraustymai<\/li>\n<li>Gyvenam\u0173j\u0173 nam\u0173 perkraustymai<\/li>\n<li>Komerciniai perkraustymai<\/li>\n<li>Paslaugos \"nuo dur\u0173 iki dur\u0173<\/li>\n<li>Pakavimo paslauga<\/li>\n<li>Muitin\u0117s tarpininkavimas<\/li>\n<li>Meno k\u016brini\u0173 tvarkymas<\/li>\n<li>Gyv\u016bno augintinio perdavimas<\/li>\n<li>Sand\u0117liavimo patalpos<\/li>\n<\/ul>\n<p>\"Mudanzas Mundiales\" yra daugiau nei 60 met\u0173 patirt\u012f turinti perkraustymo, logistikos ir sand\u0117liavimo \u012fmon\u0117, \u012fsik\u016brusi Barrio Altagracia mieste, taip pat turinti padalin\u012f <a href=\"https:\/\/moverdb.com\/lt\/moving-to-costa-rica\/\" data-internallinksmanager029f6b8e52c=\"427\" title=\"Persik\u0117limas \u012f Kosta Rik\u0105? 2023 Gyvenimo i\u0161laidos ir persik\u0117limo patarimai\">Kosta Rika<\/a>. Jie palaiko ry\u0161ius su verslo partneriais visame pasaulyje, kad gal\u0117t\u0173 teikti paslaugas kitose \u0161alyse, ir yra IAM nariai.<\/p>\n<p>\"Mudanzas Mundiales\" si\u016blo vien\u0105 kontaktin\u012f centr\u0105, kuris pad\u0117s jums persikraustant nuo dur\u0173 iki dur\u0173. Jie si\u016blo pakavimo paslaugas, kurias teikia naudodami auk\u0161\u010diausios kokyb\u0117s med\u017eiagas, kad apsaugot\u0173 j\u016bs\u0173 daiktus, o atvyk\u0119 i\u0161pakuoja ir sutvarko baldus. Jie pasir\u016bpins perve\u017eimu oru, j\u016bra ir sausuma su krovinio sekimo ir muitin\u0117s tarpininkavimo paslaugomis.<\/p>\n<p>Interneto svetain\u0117: <a href=\"http:\/\/www.mudanzasmundiales.com\" target=\"_blank\" rel=\"noopener\">http:\/\/www.mudanzasmundiales.com<\/a><\/p>","protected":false},"excerpt":{"rendered":"<p>Are you planning a move to or from Nicaragua or within the country? Then the organisation and paperwork might be daunting, and you may want some support, this is where a moving company can help reduce the workload. Below we have compiled a list of Mauritius based removal companies that are members of the International [&hellip;]<\/p>\n","protected":false},"author":4,"featured_media":0,"parent":190,"menu_order":0,"comment_status":"closed","ping_status":"closed","template":"","meta":{"_genesis_hide_title":false,"_genesis_hide_breadcrumbs":false,"_genesis_hide_singular_image":false,"_genesis_hide_footer_widgets":false,"_genesis_custom_body_class":"","_genesis_custom_post_class":"","_genesis_layout":"","footnotes":""},"class_list":{"0":"post-8899","1":"page","2":"type-page","3":"status-publish","5":"entry","6":"has-post-thumbnail"},"_links":{"self":[{"href":"https:\/\/moverdb.com\/lt\/wp-json\/wp\/v2\/pages\/8899","targetHints":{"allow":["GET"]}}],"collection":[{"href":"https:\/\/moverdb.com\/lt\/wp-json\/wp\/v2\/pages"}],"about":[{"href":"https:\/\/moverdb.com\/lt\/wp-json\/wp\/v2\/types\/page"}],"author":[{"embeddable":true,"href":"https:\/\/moverdb.com\/lt\/wp-json\/wp\/v2\/users\/4"}],"replies":[{"embeddable":true,"href":"https:\/\/moverdb.com\/lt\/wp-json\/wp\/v2\/comments?post=8899"}],"version-history":[{"count":1,"href":"https:\/\/moverdb.com\/lt\/wp-json\/wp\/v2\/pages\/8899\/revisions"}],"predecessor-version":[{"id":8900,"href":"https:\/\/moverdb.com\/lt\/wp-json\/wp\/v2\/pages\/8899\/revisions\/8900"}],"up":[{"embeddable":true,"href":"https:\/\/moverdb.com\/lt\/wp-json\/wp\/v2\/pages\/190"}],"wp:attachment":[{"href":"https:\/\/moverdb.com\/lt\/wp-json\/wp\/v2\/media?parent=8899"}],"curies":[{"name":"wp","href":"https:\/\/api.w.org\/{rel}","templated":true}]}}