{"id":8897,"date":"2023-04-27T14:33:01","date_gmt":"2023-04-27T14:33:01","guid":{"rendered":"https:\/\/moverdb.com\/?page_id=8897"},"modified":"2026-05-15T15:00:26","modified_gmt":"2026-05-15T15:00:26","slug":"moving-companies-norway","status":"publish","type":"page","link":"https:\/\/moverdb.com\/lt\/moving-companies\/moving-companies-norway\/","title":{"rendered":"5 geriausios tarptautin\u0117s perkraustymo \u012fmon\u0117s Norvegijoje"},"content":{"rendered":"<p>Jei persikeliate \u012f namus ar versl\u0105, \u012f arba i\u0161 <a href=\"https:\/\/moverdb.com\/lt\/moving-to-norway\/\" data-internallinksmanager029f6b8e52c=\"325\" title=\"Persik\u0117limas \u012f Norvegij\u0105? 2023 m. pragyvenimo i\u0161laidos ir persik\u0117limo patarimai\">Norvegija<\/a> tuomet galb\u016bt nor\u0117site pasinaudoti <a href=\"https:\/\/moverdb.com\/lt\/moving-companies\/\" data-internallinksmanager029f6b8e52c=\"79\" title=\"Top 25 Tarptautin\u0117s perkraustymo \u012fmon\u0117s internete\">perkraustymo \u012fmon\u0117<\/a> pad\u0117ti jums. Jie gali pad\u0117ti jums supakuoti, organizuoti transportavim\u0105 ir sutvarkyti dokumentus. Toliau pateikiame Norvegijoje \u012fsik\u016brusi\u0173 <a href=\"https:\/\/moverdb.com\/lt\/international-removals\/\" data-internallinksmanager029f6b8e52c=\"27\" title=\"36 geriausios tarptautinio perkraustymo \u012fmon\u0117s Jungtin\u0117je Karalyst\u0117je\">perkraustymo \u012fmon\u0117s<\/a> kurie yra <a href=\"https:\/\/moverdb.com\/lt\/iam\/\" data-internallinksmanager029f6b8e52c=\"23\" title=\"Tarptautin\u0117s perkraustytoj\u0173 asociacijos (IAM) paai\u0161kinimai\">Tarptautin\u0117 perkraustytoj\u0173 asociacija<\/a> (IAM) ir (arba) <a href=\"https:\/\/moverdb.com\/lt\/fidi-faim\/\" data-internallinksmanager029f6b8e52c=\"16\" title=\"FIDI ir FAIM (FIDI akredituotas tarptautinis perve\u017e\u0117jas) paai\u0161kinimai\">FIDI<\/a> Akredituot\u0173 tarptautini\u0173 perkraustymo paslaug\u0173 teik\u0117j\u0173 (FAIM), kurie gal\u0117t\u0173 pad\u0117ti jums persikraustyti.<\/p>\n<div id=\"ez-toc-container\" class=\"ez-toc-v2_0_83 ez-toc-wrap-left counter-hierarchy ez-toc-counter ez-toc-transparent ez-toc-container-direction\">\n<div class=\"ez-toc-title-container\">\n<p class=\"ez-toc-title\" style=\"cursor:inherit\">Skyriai<\/p>\n<span class=\"ez-toc-title-toggle\"><a href=\"#\" class=\"ez-toc-pull-right ez-toc-btn ez-toc-btn-xs ez-toc-btn-default ez-toc-toggle\" aria-label=\"Perjungti turinio lentel\u0119\"><span class=\"ez-toc-js-icon-con\"><span class=\"\"><span class=\"eztoc-hide\" style=\"display:none;\">Perjungti<\/span><span class=\"ez-toc-icon-toggle-span\"><svg style=\"fill: #999;color:#999\" xmlns=\"http:\/\/www.w3.org\/2000\/svg\" class=\"list-377408\" width=\"20px\" height=\"20px\" viewbox=\"0 0 24 24\" fill=\"none\"><path d=\"M6 6H4v2h2V6zm14 0H8v2h12V6zM4 11h2v2H4v-2zm16 0H8v2h12v-2zM4 16h2v2H4v-2zm16 0H8v2h12v-2z\" fill=\"currentColor\"><\/path><\/svg><svg style=\"fill: #999;color:#999\" class=\"arrow-unsorted-368013\" xmlns=\"http:\/\/www.w3.org\/2000\/svg\" width=\"10px\" height=\"10px\" viewbox=\"0 0 24 24\" version=\"1.2\" baseprofile=\"tiny\"><path d=\"M18.2 9.3l-6.2-6.3-6.2 6.3c-.2.2-.3.4-.3.7s.1.5.3.7c.2.2.4.3.7.3h11c.3 0 .5-.1.7-.3.2-.2.3-.5.3-.7s-.1-.5-.3-.7zM5.8 14.7l6.2 6.3 6.2-6.3c.2-.2.3-.5.3-.7s-.1-.5-.3-.7c-.2-.2-.4-.3-.7-.3h-11c-.3 0-.5.1-.7.3-.2.2-.3.5-.3.7s.1.5.3.7z\"\/><\/svg><\/span><\/span><\/span><\/a><\/span><\/div>\n<nav><ul class='ez-toc-list ez-toc-list-level-1 eztoc-toggle-hide-by-default' ><li class='ez-toc-page-1 ez-toc-heading-level-2'><a class=\"ez-toc-link ez-toc-heading-1\" href=\"https:\/\/moverdb.com\/lt\/moving-companies\/moving-companies-norway\/#1_Adams_Express\" >1. \"Adams Express<\/a><\/li><li class='ez-toc-page-1 ez-toc-heading-level-2'><a class=\"ez-toc-link ez-toc-heading-2\" href=\"https:\/\/moverdb.com\/lt\/moving-companies\/moving-companies-norway\/#2_Hakull\" >2. Hakull<\/a><\/li><li class='ez-toc-page-1 ez-toc-heading-level-2'><a class=\"ez-toc-link ez-toc-heading-3\" href=\"https:\/\/moverdb.com\/lt\/moving-companies\/moving-companies-norway\/#3_NFB_International_Relocations\" >3. NFB tarptautiniai perk\u0117limai<\/a><\/li><li class='ez-toc-page-1 ez-toc-heading-level-2'><a class=\"ez-toc-link ez-toc-heading-4\" href=\"https:\/\/moverdb.com\/lt\/moving-companies\/moving-companies-norway\/#4_SIRVA\" >4. SIRVA<\/a><\/li><li class='ez-toc-page-1 ez-toc-heading-level-2'><a class=\"ez-toc-link ez-toc-heading-5\" href=\"https:\/\/moverdb.com\/lt\/moving-companies\/moving-companies-norway\/#5_Vinjes\" >5. Vinjes<\/a><\/li><li class='ez-toc-page-1 ez-toc-heading-level-2'><a class=\"ez-toc-link ez-toc-heading-6\" href=\"https:\/\/moverdb.com\/lt\/moving-companies\/moving-companies-norway\/#Other_Useful_Guides_to_Norway\" >Kiti naudingi vadovai apie Norvegij\u0105<\/a><\/li><\/ul><\/nav><\/div>\n<h2><span class=\"ez-toc-section\" id=\"1_Adams_Express\"><\/span><strong>1. \"Adams Express<\/strong><span class=\"ez-toc-section-end\"><\/span><\/h2>\n<p><img loading=\"lazy\" decoding=\"async\" class=\"alignnone size-full wp-image-8750\" src=\"https:\/\/moverdb.com\/wp-content\/uploads\/Adams-Express-international-moving-company.png\" alt=\"&quot;Adams Express&quot; tarptautin\u0117 perkraustymo \u012fmon\u0117\" width=\"1440\" height=\"674\" data-wp-pid=\"8750\" srcset=\"https:\/\/moverdb.com\/wp-content\/uploads\/Adams-Express-international-moving-company.png 1440w, https:\/\/moverdb.com\/wp-content\/uploads\/Adams-Express-international-moving-company-300x140.png 300w, https:\/\/moverdb.com\/wp-content\/uploads\/Adams-Express-international-moving-company-1024x479.png 1024w, https:\/\/moverdb.com\/wp-content\/uploads\/Adams-Express-international-moving-company-18x8.png 18w, https:\/\/moverdb.com\/wp-content\/uploads\/Adams-Express-international-moving-company-600x281.png 600w\" sizes=\"auto, (max-width: 1440px) 100vw, 1440px\" \/><\/p>\n<ul>\n<li>Nacionaliniai judesiai<\/li>\n<li>Tarptautiniai perkraustymai<\/li>\n<li>Nam\u0173 \u016bkio perkraustymai<\/li>\n<li>Biuro perkraustymai<\/li>\n<li>Pakavimo paslauga<\/li>\n<li>Transporto organizavimas<\/li>\n<li>Muitinis \u012fforminimas<\/li>\n<li>Daili\u0173j\u0173 men\u0173 tvarkymas<\/li>\n<li>Draudimas<\/li>\n<li>Trumpalaikis ir ilgalaikis saugojimas<\/li>\n<\/ul>\n<p>\"Adams Express\" yra perkraustymo, sand\u0117liavimo ir logistikos \u012fmon\u0117, turinti padalinius Bergene, Osle ir Stavangeryje. Ji turi plat\u0173 agent\u0173 tinkl\u0105 visame pasaulyje, kurie gali pad\u0117ti teikti tarptautines paslaugas. Jie yra IAM nariai, dirbantys 125 metus ir akredituoti FIDI.<\/p>\n<p>\"Adams Express\" si\u016blo perkraustymo paslaugas nuo ma\u017e\u0173 siunt\u0173 iki dideli\u0173 sutar\u010di\u0173. Jie teikia \"nuo dur\u0173 iki dur\u0173\" paslaugas, \u012fskaitant j\u016bs\u0173 daikt\u0173 ap\u017ei\u016br\u0105 ir perkraustymo planavim\u0105. Jie si\u016blo pakavimo paslaug\u0105, kad apsaugot\u0173 j\u016bs\u0173 daiktus, ir atvyk\u0119 i\u0161pakuoja. Jie nugabens j\u016bs\u0173 daiktus \u012f paskirties viet\u0105 ir pad\u0117s juos i\u0161muitinti bei apdrausti.<\/p>\n<p>Interneto svetain\u0117: <a href=\"http:\/\/www.adamsexpress.no\" target=\"_blank\" rel=\"noopener\">http:\/\/www.adamsexpress.no<\/a><\/p>\n<h2><span class=\"ez-toc-section\" id=\"2_Hakull\"><\/span><strong>2. Hakull<\/strong><span class=\"ez-toc-section-end\"><\/span><\/h2>\n<p><img loading=\"lazy\" decoding=\"async\" class=\"alignnone size-full wp-image-8812\" src=\"https:\/\/moverdb.com\/wp-content\/uploads\/Hakull-international-moving-company.png\" alt=\"Hakull tarptautin\u0117 jud\u0117jimo \u012fmon\u0117\" width=\"1440\" height=\"680\" data-wp-pid=\"8812\" srcset=\"https:\/\/moverdb.com\/wp-content\/uploads\/Hakull-international-moving-company.png 1440w, https:\/\/moverdb.com\/wp-content\/uploads\/Hakull-international-moving-company-300x142.png 300w, https:\/\/moverdb.com\/wp-content\/uploads\/Hakull-international-moving-company-1024x484.png 1024w, https:\/\/moverdb.com\/wp-content\/uploads\/Hakull-international-moving-company-18x9.png 18w, https:\/\/moverdb.com\/wp-content\/uploads\/Hakull-international-moving-company-600x283.png 600w\" sizes=\"auto, (max-width: 1440px) 100vw, 1440px\" \/><\/p>\n<ul>\n<li>Vietiniai ir nacionaliniai perkraustymai<\/li>\n<li>Tarptautinis perkraustymas<\/li>\n<li>Nam\u0173 \u016bki\u0173 perkraustymas<\/li>\n<li>Biur\u0173 perkraustymas<\/li>\n<li>Perkraustymo paslaugos<\/li>\n<li>Paslauga \"nuo dur\u0173 iki dur\u0173<\/li>\n<li>Pakavimo paslauga<\/li>\n<li>Krovini\u0173 ve\u017eimas keliais, j\u016bra ir oru<\/li>\n<li>Muitinis \u012fforminimas<\/li>\n<li>Sand\u0117liavimo patalpos<\/li>\n<\/ul>\n<p>\"Hakull\" yra 1946 m. \u012fkurta tarptautinio transporto ir perkraustymo paslaug\u0173 \u012fmon\u0117, turinti padalinius Sandese, Kristiansande, Osle ir Norresundbyje. Ji yra IAM nar\u0117, dirbanti 77 metus ir akredituota FIDI.<\/p>\n<p>\"Hakull\" si\u016blo \u012fvairi\u0173 daikt\u0173, \u012fskaitant baldus ir visus kitus namuose esan\u010dius daiktus, perkraustymo paslaugas ir teikia paslaugas nuo dur\u0173 iki dur\u0173. Jie teikia pakavimo paslaugas, kad apsaugot\u0173 j\u016bs\u0173 daiktus perve\u017eimo metu. Jie teikia krovini\u0173 gabenimo keliais, j\u016bra ar oru paslaugas, \u012fskaitant konteineri\u0173 pasirinkim\u0105, pvz., pilnas ir ma\u017eiau nei pilnas konteineris. Jie pad\u0117s i\u0161muitinti krovin\u012f ir, jei reikia, gali suteikti sand\u0117liavimo paslaugas su draudimu.<\/p>\n<p>Interneto svetain\u0117: <a href=\"http:\/\/www.haakull.no\" target=\"_blank\" rel=\"noopener\">http:\/\/www.haakull.no<\/a><\/p>\n<h2><span class=\"ez-toc-section\" id=\"3_NFB_International_Relocations\"><\/span><strong>3. NFB tarptautiniai perk\u0117limai<\/strong><span class=\"ez-toc-section-end\"><\/span><\/h2>\n<p><img loading=\"lazy\" decoding=\"async\" class=\"alignnone size-full wp-image-8837\" src=\"https:\/\/moverdb.com\/wp-content\/uploads\/NFB-International-Relocations-company.png\" alt=\"NFB Tarptautini\u0173 perkraustym\u0173 \u012fmon\u0117\" width=\"1440\" height=\"677\" data-wp-pid=\"8837\" srcset=\"https:\/\/moverdb.com\/wp-content\/uploads\/NFB-International-Relocations-company.png 1440w, https:\/\/moverdb.com\/wp-content\/uploads\/NFB-International-Relocations-company-300x141.png 300w, https:\/\/moverdb.com\/wp-content\/uploads\/NFB-International-Relocations-company-1024x481.png 1024w, https:\/\/moverdb.com\/wp-content\/uploads\/NFB-International-Relocations-company-18x8.png 18w, https:\/\/moverdb.com\/wp-content\/uploads\/NFB-International-Relocations-company-600x282.png 600w\" sizes=\"auto, (max-width: 1440px) 100vw, 1440px\" \/><\/p>\n<ul>\n<li>Nacionaliniai judesiai<\/li>\n<li>Tarptautiniai perkraustymai<\/li>\n<li>Nam\u0173 \u016bkio perkraustymai<\/li>\n<li>\u012emon\u0117s perkraustymai<\/li>\n<li>Pakavimo paslauga<\/li>\n<li>Keli\u0173, j\u016br\u0173 ir oro transportas<\/li>\n<li>\u016akved\u017eio ir kambarin\u0117s paslaugos<\/li>\n<li>Paie\u0161ka namuose ir mokyklose<\/li>\n<li>Tranzito draudimas<\/li>\n<li>Trumpalaikis ir ilgalaikis saugojimas<\/li>\n<\/ul>\n<p>\"NFB International Relocations\" yra tarptautinio perkraustymo \u012fmon\u0117, \u012fsik\u016brusi Skui mieste. Teikdama tarptautines paslaugas, ji bendradarbiauja su pasauliniu profesionali\u0173 perkraustymo \u012fmoni\u0173 tinklu 150 pasaulio \u0161ali\u0173. Jie yra IAM nariai, dirbantys 15 met\u0173 ir akredituoti FIDI.<\/p>\n<p>\"NFB International Relocations\" si\u016blo perkraustymo nuo dur\u0173 iki dur\u0173 paslaugas, kurios prasideda nuo apklausos prie\u0161 perkraustym\u0105. Jie si\u016blo plat\u0173 perkraustymo paslaug\u0173 spektr\u0105, \u012fskaitant pakavim\u0105, transportavim\u0105 Norvegijoje, Europoje ir tarptautiniu mastu, perkraustymo valdymo paslaugas, meistr\u0173 ir kambarini\u0173 paslaugas, sand\u0117liavim\u0105 ir draudim\u0105. Jie si\u016blo persikraustymo paslaugas, kurios apima nam\u0173 ir mokykl\u0173 paie\u0161k\u0105, imigracij\u0105 ir vizas, orientavim\u0105si ir pagalb\u0105 registruojantis vietin\u0117se tarnybose.<\/p>\n<p>Interneto svetain\u0117: <a href=\"http:\/\/www.nfbir.com\" target=\"_blank\" rel=\"noopener\">http:\/\/www.nfbir.com<\/a><\/p>\n<h2><span class=\"ez-toc-section\" id=\"4_SIRVA\"><\/span><strong>4. SIRVA<\/strong><span class=\"ez-toc-section-end\"><\/span><\/h2>\n<p><img loading=\"lazy\" decoding=\"async\" class=\"alignnone size-full wp-image-8859\" src=\"https:\/\/moverdb.com\/wp-content\/uploads\/SIRVA-Norway-international-moving-company.png\" alt=\"SIRVA Norvegijos tarptautin\u0117 perkraustymo \u012fmon\u0117\" width=\"1440\" height=\"681\" data-wp-pid=\"8859\" srcset=\"https:\/\/moverdb.com\/wp-content\/uploads\/SIRVA-Norway-international-moving-company.png 1440w, https:\/\/moverdb.com\/wp-content\/uploads\/SIRVA-Norway-international-moving-company-300x142.png 300w, https:\/\/moverdb.com\/wp-content\/uploads\/SIRVA-Norway-international-moving-company-1024x484.png 1024w, https:\/\/moverdb.com\/wp-content\/uploads\/SIRVA-Norway-international-moving-company-18x9.png 18w, https:\/\/moverdb.com\/wp-content\/uploads\/SIRVA-Norway-international-moving-company-600x284.png 600w\" sizes=\"auto, (max-width: 1440px) 100vw, 1440px\" \/><\/p>\n<ul>\n<li>Nacionaliniai judesiai<\/li>\n<li>Tarptautiniai perkraustymai<\/li>\n<li>Nam\u0173 \u016bkio perkraustymai<\/li>\n<li>Komerciniai perkraustymai<\/li>\n<li>Visapusi\u0161kas valdymas<\/li>\n<li>Perkraustymo ekspertai jums pad\u0117s<\/li>\n<li>Vienas kontaktinis asmuo<\/li>\n<li>\u012epakavimo variant\u0173 pasirinkimas<\/li>\n<li>Transportavimo organizavimas<\/li>\n<li>Sand\u0117liavimo patalpos<\/li>\n<\/ul>\n<p>SIRVA yra pasaulin\u0117 perkraustymo ir perk\u0117limo paslaug\u0173 teik\u0117ja, turinti 77 padalinius daugiau nei 190 \u0161ali\u0173, o jos biurai \u012fsik\u016br\u0119 Osle ir Stavangeryje. Jos perkraustymo preki\u0173 \u017eenklai yra SIRVA, Allied, North American Van Lines, SMARTBOX ir kiti. Jie yra IAM nariai, dirbantys 46 metus ir akredituoti FIDI.<\/p>\n<p>Teikdama paslaugas SIRVA naudoja pa\u017eangiausias priemones ir sprendimus. Jie si\u016blo visas perkraustymo paslaugas arba perkraustymo paslaugas \"pasidaryk pats\". Jie specializuojasi teikiant paslaugas \u012fmon\u0117ms, kurios perkelia darbuotojus individualiai arba grup\u0117mis. Jie teikia persikraustymo ekspertus, kurie pad\u0117s jums atlikti vis\u0105 proces\u0105 ir bus vienintelis kontaktinis asmuo.<\/p>\n<p>Interneto svetain\u0117: <a href=\"http:\/\/www.teamrelocations.com\" target=\"_blank\" rel=\"noopener\">http:\/\/www.teamrelocations.com<\/a><\/p>\n<h2><span class=\"ez-toc-section\" id=\"5_Vinjes\"><\/span><strong>5. Vinjes<\/strong><span class=\"ez-toc-section-end\"><\/span><\/h2>\n<p><img loading=\"lazy\" decoding=\"async\" class=\"alignnone size-full wp-image-8874\" src=\"https:\/\/moverdb.com\/wp-content\/uploads\/Vinjes-international-moving-company.png\" alt=\"&quot;Vinjes&quot; tarptautin\u0117 perkraustymo \u012fmon\u0117\" width=\"1440\" height=\"681\" data-wp-pid=\"8874\" srcset=\"https:\/\/moverdb.com\/wp-content\/uploads\/Vinjes-international-moving-company.png 1440w, https:\/\/moverdb.com\/wp-content\/uploads\/Vinjes-international-moving-company-300x142.png 300w, https:\/\/moverdb.com\/wp-content\/uploads\/Vinjes-international-moving-company-1024x484.png 1024w, https:\/\/moverdb.com\/wp-content\/uploads\/Vinjes-international-moving-company-18x9.png 18w, https:\/\/moverdb.com\/wp-content\/uploads\/Vinjes-international-moving-company-600x284.png 600w\" sizes=\"auto, (max-width: 1440px) 100vw, 1440px\" \/><\/p>\n<ul>\n<li>Nacionaliniai judesiai<\/li>\n<li>Tarptautiniai perkraustymai<\/li>\n<li>Nam\u0173 \u016bkio perkraustymai<\/li>\n<li>Biur\u0173 perk\u0117limas<\/li>\n<li>\u012epakavimo variant\u0173 pasirinkimas<\/li>\n<li>Pakavimo paslauga<\/li>\n<li>Transportavimo organizavimas<\/li>\n<li>Priekab\u0173 nuoma<\/li>\n<li>Draudimas<\/li>\n<li>Sand\u0117liavimo patalpos<\/li>\n<\/ul>\n<p>\"Vinjes\" - tai 1889 m. \u012fkurta transporto \u012fmon\u0117, teikianti perkraustymo ir sand\u0117liavimo paslaugas, \u012fsik\u016brusi Tileryje. Ji bendradarbiauja su kitomis patikimomis perkraustymo \u012fmon\u0117mis, kurios padeda joms teikti tarptautines paslaugas. Jie yra IAM nariai, dirbantys jau 134 metus.<\/p>\n<p>\"Vinjes\" si\u016blo \u012fvairias perkraustymo galimybes, tarp kuri\u0173 yra \"pasidaryk pats\" pakavimo ir priekab\u0173 nuomos, dalinio pakavimo ir pilno pakavimo paslaugos. J\u0173 pakavimo paslauga apima saug\u0173 j\u016bs\u0173 daikt\u0173 supakavim\u0105 \u012f tinkamas pakavimo med\u017eiagas ir i\u0161pakavim\u0105 nauju adresu. Be to, jie suteikia turto draudim\u0105 perkraustymo metu ir, jei reikia, sand\u0117liavimo patalpas.<\/p>\n<p>Interneto svetain\u0117: <a href=\"http:\/\/www.vinjes.no\" target=\"_blank\" rel=\"noopener\">http:\/\/www.vinjes.no<\/a><\/p>\n<h2><span class=\"ez-toc-section\" id=\"Other_Useful_Guides_to_Norway\"><\/span>Kiti naudingi vadovai apie Norvegij\u0105<span class=\"ez-toc-section-end\"><\/span><\/h2>\n<ul>\n<li> <a href=\"https:\/\/moverdb.com\/lt\/konteineriu-kroviniu-gabenimas\/norvegija\/\">2024 J\u016br\u0173 krovini\u0173 gabenimo konteineriais \u012f Norvegij\u0105 ir i\u0161 jos kainos<\/a><\/li>\n<li> <a href=\"https:\/\/moverdb.com\/lt\/moving-to-norway\/\">Persik\u0117limas \u012f Norvegij\u0105? 2023 m. pragyvenimo i\u0161laidos ir persik\u0117limo patarimai<\/a><\/li>\n<li> <a href=\"https:\/\/moverdb.com\/lt\/moving-to-norway\/best-places-to-live-norway\/\">13 geriausi\u0173 viet\u0173 gyventi Norvegijoje\/a&gt;<\/li>\n<li> <a href=\"https:\/\/moverdb.com\/lt\/moving-to-norway\/living-in-norway\/\">21 paslaptis apie gyvenim\u0105 Norvegijoje, kurias reikia \u017einoti prie\u0161 persikeliant<\/a><\/li>\n<\/ul>","protected":false},"excerpt":{"rendered":"<p>If you are moving home or business within, to or from Norway then you may want to employ the services of a moving company to assist you. They can help you with packing, organising transportation and sorting out paperwork. Below we have compiled a list of Norway based removal companies that are members of the [&hellip;]<\/p>\n","protected":false},"author":4,"featured_media":0,"parent":190,"menu_order":0,"comment_status":"closed","ping_status":"closed","template":"","meta":{"_genesis_hide_title":false,"_genesis_hide_breadcrumbs":false,"_genesis_hide_singular_image":false,"_genesis_hide_footer_widgets":false,"_genesis_custom_body_class":"","_genesis_custom_post_class":"","_genesis_layout":"","footnotes":""},"class_list":{"0":"post-8897","1":"page","2":"type-page","3":"status-publish","5":"entry","6":"has-post-thumbnail"},"_links":{"self":[{"href":"https:\/\/moverdb.com\/lt\/wp-json\/wp\/v2\/pages\/8897","targetHints":{"allow":["GET"]}}],"collection":[{"href":"https:\/\/moverdb.com\/lt\/wp-json\/wp\/v2\/pages"}],"about":[{"href":"https:\/\/moverdb.com\/lt\/wp-json\/wp\/v2\/types\/page"}],"author":[{"embeddable":true,"href":"https:\/\/moverdb.com\/lt\/wp-json\/wp\/v2\/users\/4"}],"replies":[{"embeddable":true,"href":"https:\/\/moverdb.com\/lt\/wp-json\/wp\/v2\/comments?post=8897"}],"version-history":[{"count":2,"href":"https:\/\/moverdb.com\/lt\/wp-json\/wp\/v2\/pages\/8897\/revisions"}],"predecessor-version":[{"id":17049,"href":"https:\/\/moverdb.com\/lt\/wp-json\/wp\/v2\/pages\/8897\/revisions\/17049"}],"up":[{"embeddable":true,"href":"https:\/\/moverdb.com\/lt\/wp-json\/wp\/v2\/pages\/190"}],"wp:attachment":[{"href":"https:\/\/moverdb.com\/lt\/wp-json\/wp\/v2\/media?parent=8897"}],"curies":[{"name":"wp","href":"https:\/\/api.w.org\/{rel}","templated":true}]}}