{"id":889,"date":"2016-09-03T15:17:39","date_gmt":"2016-09-03T15:17:39","guid":{"rendered":"http:\/\/moverdb.com\/?page_id=889"},"modified":"2026-01-08T15:20:33","modified_gmt":"2026-01-08T15:20:33","slug":"pss-removals","status":"publish","type":"page","link":"https:\/\/moverdb.com\/lt\/pss-removals\/","title":{"rendered":"PSS tarptautinis perkraustymas: Perkraustymo paslaugos ir ap\u017evalgos"},"content":{"rendered":"<p>PSS <a href=\"https:\/\/moverdb.com\/lt\/international-removals\/\" data-internallinksmanager029f6b8e52c=\"27\" title=\"36 geriausios tarptautinio perkraustymo \u012fmon\u0117s Jungtin\u0117je Karalyst\u0117je\">Tarptautinis perkraustymas<\/a> jau daugiau nei 34 metus vykdo \u017emoni\u0173 perve\u017eimus \u012f u\u017esien\u012f. Toliau i\u0161vardytos \u012fvairios j\u0173 si\u016blomos paslaugos.<\/p>\n<p><strong>Tarptautinis perkraustymas<\/strong><\/p>\n<ul>\n<li> Pagal u\u017esakym\u0105 teikiamos paslaugos \u012f daugel\u012f \u0161ali\u0173<\/li>\n<li> Paskirtas tarptautinio persik\u0117limo koordinatorius<\/li>\n<li> Profesional\u016bs pakuotojai arba savaranki\u0161ko pakavimo galimyb\u0117<\/li>\n<li> Paslaugos nuo dur\u0173 iki dur\u0173<\/li>\n<li> Sutvarkytas draudimas<\/li>\n<li> Patarimai d\u0117l vis\u0173 paskirties \u0161alies aspekt\u0173<\/li>\n<\/ul>\n<p><strong>Migracijos paslaugos<\/strong><br \/>\n<strong>Muitin\u0117s informacija \/ dokumentai<\/strong><\/p>\n<p><strong><a href=\"https:\/\/moverdb.com\/lt\/konteineriu-kroviniu-gabenimas\/\">Tarptautinis pristatymas<\/a><\/strong><\/p>\n<ul>\n<li> Krovini\u0173 gabenimas j\u016bra arba greitasis krovini\u0173 gabenimas oru<\/li>\n<li> Sutvarkytas draudimas<\/li>\n<\/ul>\n<p><strong>Express Overseas Parcel Service<\/strong><\/p>\n<ul>\n<li> Skubi\u0173 siuntini\u0173 pristatymas nuo dur\u0173 iki dur\u0173 skubiai reikalingiems daiktams<\/li>\n<\/ul>\n<p><strong>Baga\u017eo perteklius<\/strong><\/p>\n<ul>\n<li> Krovini\u0173 gabenimas keliais (Europoje) Krovini\u0173 gabenimas j\u016bra arba greitasis krovini\u0173 gabenimas oru<\/li>\n<li> Savaranki\u0161ka pakuot\u0117<\/li>\n<li> Supakuota jums<\/li>\n<li> Sutvarkytas draudimas<\/li>\n<\/ul>\n<p><strong><a href=\"https:\/\/moverdb.com\/lt\/car-transport-shipping\/\" data-internallinksmanager029f6b8e52c=\"2\" title=\"2026 Tarptautinio automobili\u0173 transporto ir transporto priemoni\u0173 gabenimo citatos\">Automobili\u0173 gabenimas<\/a><\/strong><\/p>\n<ul>\n<li> Automobil\u012f si\u0173skite atskirai<\/li>\n<li> Automobil\u012f si\u0173skite tame pa\u010diame konteineryje kaip ir daiktus<\/li>\n<li> Sutvarkytas draudimas<\/li>\n<\/ul>\n<h2>\"PSS International Removals\" \u012fmon\u0117s profilis<\/h2>\n<p>\"PSS International Removals\" tarptautinio perkraustymo paslaugomis u\u017esienyje u\u017esiima jau daugiau nei 34 metus. \u012emon\u0117 daugiausia d\u0117mesio skiria persikraustymams \u012f u\u017esien\u012f ir nevykdo persikraustym\u0173 \u0161alies viduje. <a href=\"https:\/\/moverdb.com\/lt\/moving-to-the-uk\/\" data-internallinksmanager029f6b8e52c=\"93\" title=\"Persik\u0117limas \u012f Jungtin\u0119 Karalyst\u0119? 2022 Gyvenimo i\u0161laidos ir persikraustymo patarimai\">JK<\/a>. <\/p>\n<p>\"PSS International Removals\" siun\u010dia daiktus nuo vienos d\u0117\u017e\u0117s iki dideli\u0173 nam\u0173 \u016bki\u0173 ar net dideli\u0173 \u012fmoni\u0173 perkraustym\u0173. Joks perkraustymas n\u0117ra per sud\u0117tingas, per didelis ar per ma\u017eas.<\/p>\n<p>Kiekvienas darbuotojas yra apmokytas eksporto proced\u016br\u0173 ir palaiko ry\u0161ius tik su geriausiomis profesionaliomis perkraustymo \u012fmon\u0117mis u\u017esienyje, kad gal\u0117t\u0173 teikti individualias paslaugas. Jie yra vieni did\u017eiausi\u0173 JK <a href=\"https:\/\/moverdb.com\/lt\/tarptautiniai-perkraustymai\/\">tarptautinio perkraustymo \u012fmon\u0117s<\/a> ir 2015 m. \u012f u\u017esien\u012f perk\u0117l\u0117 4536 klientus.<\/p>\n<p>\"PSS International\" turi \u0161ias akreditacijas ir naryst\u0119:<\/p>\n<ul>\n<li> <a href=\"https:\/\/moverdb.com\/lt\/britu-salintoju-asociacija\/\">Did\u017eiosios Britanijos perkraustytoj\u0173 asociacija<\/a> (<a href=\"https:\/\/moverdb.com\/lt\/british-association-of-removers\/\" data-internallinksmanager029f6b8e52c=\"9\" title=\"Britanijos perkraustymo \u012fmoni\u0173 asociacijos (BAR) paai\u0161kinimai\">BAR<\/a>)<\/li>\n<li> <a href=\"https:\/\/moverdb.com\/lt\/baras-uzjuris\/\">Did\u017eiosios Britanijos perkraustytoj\u0173 u\u017esienyje asociacija<\/a><\/li>\n<li> <a href=\"https:\/\/moverdb.com\/lt\/fidi-faim\/\">FIDI<\/a><\/li>\n<li> <a href=\"https:\/\/moverdb.com\/lt\/fidi-faim\/\" data-internallinksmanager029f6b8e52c=\"16\" title=\"FIDI ir FAIM (FIDI akredituotas tarptautinis perve\u017e\u0117jas) paai\u0161kinimai\">FAIM<\/a><\/li>\n<\/ul>\n<p><strong>\"PSS International Removals\" atsiliepimai<\/strong><\/p>\n<p><strong>Teigiamas<\/strong><\/p>\n<ul>\n<li> <em>\"Visi buvo labai paslaug\u016bs ir tikrai profesional\u016bs. Negal\u0117jau \u012fsivaizduoti, kad \u0161i diena gal\u0117t\u0173 praeiti geriau ir skland\u017eiau. Buvau labai \u012fsitempusi, o jie sugeb\u0117jo pralinksminti <a href=\"https:\/\/moverdb.com\/lt\/moving-to-the-united-states\/\" data-internallinksmanager029f6b8e52c=\"94\" title=\"Persik\u0117limas \u012f Jungtines Amerikos Valstijas? 2022 Gyvenimo i\u0161laidos ir persik\u0117limo patarimai\">mus<\/a> \u012f vir\u0161\u0173. Tikrai profesional\u016bs ir malon\u016bs, draugi\u0161ki \u017emon\u0117s.Esu tikrai su\u017eav\u0117tas.\"<\/em> - Ania per <a href=\"https:\/\/www.pssremovals.com\/reviews\" target=\"_blank\" rel=\"noopener\">\"PSS Removals\" klient\u0173 atsiliepimai<\/a><\/li>\n<li> <em>\"Naudojom\u0117s PSS paslaugomis pagal draug\u0173 rekomendacij\u0105. Tur\u0117jome i\u0161skirtin\u012f 20 p\u0117d\u0173 konteiner\u012f <a href=\"https:\/\/moverdb.com\/lt\/moving-to-australia\/living-in-australia\/\" data-internallinksmanager029f6b8e52c=\"240\" title=\"21 paslap\u010di\u0173 apie gyvenim\u0105 Australijoje, kurias reikia \u017einoti prie\u0161 persikeliant\">Australija<\/a>. Atvykusi komanda, kuri supakavo m\u016bs\u0173 namus, buvo nuostabi - jie dirbo labai greitai. Kai m\u016bs\u0173 daiktai jau buvo pakeliui, kartais pani\u0161kai bijojau, kas bus sulau\u017eyta ar sugadinta, bet pra\u0117jusi\u0105 savait\u0119 m\u016bs\u0173 daiktai buvo atve\u017eti ir viskas atrodo taip pat, kaip ir supakuota.\"<\/em> - Zoe per <a href=\"http:\/\/www.mymovingreviews.com\/movers\/pss-international-removals-1788#57593\" target=\"_blank\" rel=\"noopener\">MyMovingReviews.com<\/a> <\/li>\n<li> <em>\"Nuo prad\u017eios iki pabaigos negal\u0117jau b\u016bti labiau patenkintas paslauga, nes jie puikiai organizavo ir buvo naudingi ir draugi\u0161ki, o tai yra pasakymas, turint omenyje, kad mes turb\u016bt buvome labiausiai netvarkingi ir \u012fsitemp\u0119 \u017emon\u0117s, kurie kada nors tur\u0117jo persikelti.\"<\/em> - Michelle per <a href=\"http:\/\/www.removalreviews.co.uk\/movingreviews\/good-company-8764\" target=\"_blank\" rel=\"noopener\">Perkraustymo ap\u017evalgos<\/a> <\/li>\n<\/ul>\n<p><strong>Neigiamas<\/strong><\/p>\n<ul>\n<li> <em>\"Buvau papra\u0161\u0119s perkelti nam\u0173 apyvokos daiktus i\u0161 JK \u012f JAV. Nors apie tai prane\u0161iau labai trumpai ir tikrai laiku neu\u017epild\u017eiau form\u0173, nesu patenkintas, kad i\u0161 man\u0119s paskirties vietoje buvo paimti papildomi 400 JAV doleri\u0173 u\u017e atsitiktin\u0119 rentgeno patikr\u0105 muitin\u0117je ir v\u0117luojant\u012f atvykim\u0105 po 4 m\u0117nesi\u0173, \u012f kuriuos \u012fskai\u010diuotas ir saugojimo laikotarpis.\"<\/em> - Sanjay per <a href=\"http:\/\/www.mymovingreviews.com\/movers\/pss-international-removals-1788#57002\" target=\"_blank\" rel=\"noopener\">MyMovingReviews.com<\/a><\/li>\n<li> \"<em>\u012emon\u0117 yra tik tam, kad i\u0161 \u017emoni\u0173 atimt\u0173 j\u0173 pinigus!!!!!!\"<\/em> - Amiras per <a href=\"http:\/\/www.removalreviews.co.uk\/movingreviews\/straight-up-con-6619\" target=\"_blank\" rel=\"noopener\">Perkraustymo ap\u017evalgos<\/a> <\/li>\n<\/ul>\n<div itemprop=\"review\" itemscope itemtype=\"http:\/\/schema.org\/Review\">\n<span itemprop=\"author\" itemscope=\"\" itemtype=\"http:\/\/schema.org\/Organization\"><span itemprop=\"name\">MoverDB.com<\/span><\/span> Internetin\u0117s svetain\u0117s ap\u017evalga <span itemprop=\"itemreviewed\" itemscope=\"\" itemtype=\"http:\/\/schema.org\/Brand\"><span itemprop=\"name\">PSS tarptautinis perkraustymas<\/span><\/span>:<\/p>\n<ol>\n<li> Ai\u0161ki kontaktin\u0117 informacija svetain\u0117je (\u012fskaitant telefono numer\u012f): <strong>Taip<\/strong><\/li>\n<li> Lengva gauti <a href=\"https:\/\/moverdb.com\/lt\/citatos\/\">tarptautini\u0173 perkraustym\u0173 citatos<\/a>? (internetin\u0117 s\u0105matos u\u017eklausos forma): <strong>Taip<\/strong><\/li>\n<li> Ai\u0161ki informacija svetain\u0117je: <strong>Taip,<\/strong> daug i\u0161samios informacijos apie kiekvien\u0105 paskirties viet\u0105.<\/li>\n<li> Naryst\u0117 tarptautin\u0117se pripa\u017eintose jud\u0117jimo organizacijose: <strong>Taip<\/strong>, \u017er. pirmiau.<\/li>\n<li> Klient\u0173 s\u0105ra\u0161as ir (arba) ankstesni\u0173 klient\u0173 atsiliepimai: <strong>Taip,<\/strong> jie turi klient\u0173 atsiliepim\u0173 puslap\u012f ir paprastai teigiamai atsiliepia kitose svetain\u0117se.<\/li>\n<\/ol>\n<div itemprop=\"reviewRating\" itemscope itemtype=\"http:\/\/schema.org\/Rating\"><meta itemprop=\"worstRating\" content = \"0\" \/><meta itemprop=\"bestRating\" content=\"5\" \/><meta itemprop=\"ratingValue\" content=\"5\"><\/div>\n<p><strong>Bendras \u012fvertinimas: 5\/5<\/strong><br \/>\n<strong>Per\u017ei\u016bros data:<\/strong> <span itemprop=\"datePublished\" content=\"2016-09-03\">03\/09\/2016<\/span>\n<\/div>\n<p>Daugiau apie <a href=\"https:\/\/moverdb.com\/lt\/juda-imones\/\">tarptautin\u0117s perkraustymo \u012fmon\u0117s<\/a> ir m\u016bs\u0173 <a href=\"https:\/\/moverdb.com\/lt\/atsiliepimai\/\">per\u017ei\u016bros procesas<\/a>.<\/p>\n<p><strong>Interneto svetain\u0117:<\/strong> <a href=\"https:\/\/www.pssremovals.com\" target=\"_blank\" rel=\"noopener\">https:\/\/www.pssremovals.com<\/a>.<\/p>","protected":false},"excerpt":{"rendered":"<p>PSS International Removals has been moving people abroad for over 34 years. Listed below are the various services they offer. International Removals Bespoke service to most countries Designated international move co-ordinator Professional packers or self-pack option Door to door service Insurance arranged Advice on every aspect of destination country Migration Services Customs Information\/Documentation International Shipping [&hellip;]<\/p>\n","protected":false},"author":1,"featured_media":0,"parent":0,"menu_order":0,"comment_status":"closed","ping_status":"closed","template":"","meta":{"_genesis_hide_title":false,"_genesis_hide_breadcrumbs":false,"_genesis_hide_singular_image":false,"_genesis_hide_footer_widgets":false,"_genesis_custom_body_class":"","_genesis_custom_post_class":"","_genesis_layout":"","footnotes":""},"class_list":{"0":"post-889","1":"page","2":"type-page","3":"status-publish","5":"entry"},"_links":{"self":[{"href":"https:\/\/moverdb.com\/lt\/wp-json\/wp\/v2\/pages\/889","targetHints":{"allow":["GET"]}}],"collection":[{"href":"https:\/\/moverdb.com\/lt\/wp-json\/wp\/v2\/pages"}],"about":[{"href":"https:\/\/moverdb.com\/lt\/wp-json\/wp\/v2\/types\/page"}],"author":[{"embeddable":true,"href":"https:\/\/moverdb.com\/lt\/wp-json\/wp\/v2\/users\/1"}],"replies":[{"embeddable":true,"href":"https:\/\/moverdb.com\/lt\/wp-json\/wp\/v2\/comments?post=889"}],"version-history":[{"count":4,"href":"https:\/\/moverdb.com\/lt\/wp-json\/wp\/v2\/pages\/889\/revisions"}],"predecessor-version":[{"id":6230,"href":"https:\/\/moverdb.com\/lt\/wp-json\/wp\/v2\/pages\/889\/revisions\/6230"}],"wp:attachment":[{"href":"https:\/\/moverdb.com\/lt\/wp-json\/wp\/v2\/media?parent=889"}],"curies":[{"name":"wp","href":"https:\/\/api.w.org\/{rel}","templated":true}]}}