{"id":888,"date":"2016-08-31T21:15:38","date_gmt":"2016-08-31T21:15:38","guid":{"rendered":"http:\/\/moverdb.com\/?page_id=888"},"modified":"2026-01-08T14:47:24","modified_gmt":"2026-01-08T14:47:24","slug":"abels-removals","status":"publish","type":"page","link":"https:\/\/moverdb.com\/lt\/abels-removals\/","title":{"rendered":"\"Abels\" perkraustymo paslaugos: Tarptautini\u0173 perkraustym\u0173 ap\u017evalgos"},"content":{"rendered":"<p>\"Abels Moving Services\" yra \u012fsik\u016brusi Brandone, Suffolke, bet turi patalpas <a href=\"https:\/\/moverdb.com\/lt\/moving-to-london\/\">Londonas<\/a>, <a href=\"\" data-internallinksmanager029f6b8e52c=\"37\" title=\"Kembrid\u017eas\">Kembrid\u017eas<\/a> ir Lutterworth, bet aptarnauja vis\u0105 <a href=\"https:\/\/moverdb.com\/lt\/moving-to-the-uk\/\" data-internallinksmanager029f6b8e52c=\"93\" title=\"Persik\u0117limas \u012f Jungtin\u0119 Karalyst\u0119? 2022 Gyvenimo i\u0161laidos ir persikraustymo patarimai\">JK<\/a>. <\/p>\n<p>Ji si\u016blo savo klientams daugyb\u0119 tiksling\u0173 perkraustymo paslaug\u0173, kurios i\u0161vardytos toliau. Taip pat pateikiamas \u012fmon\u0117s profilis ir atsiliepimai apie \u012fmon\u0119.<\/p>\n<p><strong>Tarptautiniai perkraustymai<\/strong><\/p>\n<ul>\n<li> Ma\u017eos apimties krovini\u0173 gabenimas oro transportu<\/li>\n<li> Dideli\u0173 kieki\u0173 krovini\u0173 gabenimas j\u016bra<\/li>\n<li> Galimas pilnas perkraustymo valdymas<\/li>\n<li> Namini\u0173 gyv\u016bn\u0117li\u0173 pa\u0161alinimas<\/li>\n<li> Automobili\u0173 i\u0161ve\u017eimas<\/li>\n<li> Paslaugos nuo dur\u0173 iki dur\u0173<\/li>\n<li> Auk\u0161tos kvalifikacijos pakuotojai<\/li>\n<li> Auk\u0161tos kokyb\u0117s pakavimo med\u017eiagos<\/li>\n<li> Muitin\u0117s pagalba<\/li>\n<li> Pristatymo ir i\u0161pakavimo paslauga<\/li>\n<li> Perk\u0117limo informacija<\/li>\n<li> Sutvarkytas draudimas<\/li>\n<li> Kambarin\u0117s paslaugos<\/li>\n<li> Sodo paslaugos<\/li>\n<\/ul>\n<p><strong>Perk\u0117limo paslaugos<\/strong><\/p>\n<ul>\n<li> 60 \u0161ali\u0173 persik\u0117limo \u012f kit\u0105 \u0161al\u012f vadovai<\/li>\n<li> Pradinis poreiki\u0173 vertinimas<\/li>\n<li> Orientavimasis - apsipirkimas, pramogos, bankininkyst\u0117, laisvalaikio paslaugos<\/li>\n<li> \u0160vietimo ap\u017evalga<\/li>\n<li> Nekilnojamojo turto ap\u017evalga<\/li>\n<li> Bald\u0173 nuoma<\/li>\n<li> Komunalini\u0173 paslaug\u0173 prijungimas<\/li>\n<li> Kambarin\u0117s paslaugos<\/li>\n<li> Sodo paslaugos<\/li>\n<\/ul>\n<p><strong>Europos jud\u0117jimai<\/strong><\/p>\n<ul>\n<li> Paslaugos nuo dur\u0173 iki dur\u0173<\/li>\n<li> Visus dokumentus u\u017epild\u0117 \"Abels<\/li>\n<li> Pakavimas ir i\u0161pakavimas<\/li>\n<li> Specialios pakavimo med\u017eiagos<\/li>\n<li> Trumpalaikis ir ilgalaikis saugojimas<\/li>\n<li> Asmeninio asistento paslauga - viskas ir bet kas<\/li>\n<li> Perk\u0117limo vadovai<\/li>\n<li> Kambarin\u0117s paslaugos<\/li>\n<li> Sodo paslaugos<\/li>\n<\/ul>\n<p><strong>Pakavimo paslaugos<\/strong><\/p>\n<ul>\n<li> Trap\u016bs daiktai, \u012fskaitant kri\u0161tol\u0105, <a href=\"https:\/\/moverdb.com\/lt\/moving-to-china\/\" data-internallinksmanager029f6b8e52c=\"357\" title=\"Persik\u0117limas \u012f Kinij\u0105? 2023 m. pragyvenimo i\u0161laidos ir persik\u0117limo patarimai\">Kinija<\/a>, stiklas ir t. t.<\/li>\n<li> Paveikslai, nuotraukos<\/li>\n<li> Drabu\u017eiai<\/li>\n<li> Antikvariniai baldai, didel\u0117s vert\u0117s daiktai<\/li>\n<li> Bendras spint\u0173 turinys<\/li>\n<\/ul>\n<p><strong>Saugykla<\/strong><\/p>\n<ul>\n<li> Ilgalaikis ir trumpalaikis<\/li>\n<li> Sand\u0117liavimas Jungtin\u0117je Karalyst\u0117je, Europoje ir u\u017esienyje<\/li>\n<li> Tikslingai pastatytas<\/li>\n<li> Optimali aplinka<\/li>\n<li> Grie\u017eta prie\u0161gaisrin\u0117 kontrol\u0117<\/li>\n<li> Vaizdo steb\u0117jimo kamer\u0173 apr\u0117ptis<\/li>\n<li> Nuolatinis saugumo buvimas<\/li>\n<li> Surenkant konteineriai u\u017eplombuojami<\/li>\n<li> Mink\u0161tieji baldai laikomi idealioje temperat\u016broje<\/li>\n<li> Fail\u0173 ir archyv\u0173 saugykla<\/li>\n<li> Student\u0173 saugykla<\/li>\n<\/ul>\n<p><strong>Specializuotos paslaugos<\/strong><\/p>\n<ul>\n<li> Verslo ir komercin\u0117s paskirties perkraustymai<\/li>\n<li> Dokument\u0173 paslaugos<\/li>\n<li> Bald\u0173, \u012frangos ir \u012frengim\u0173 paslaugos<\/li>\n<li> Ma\u017emenin\u0117s prekybos ir pristatymo \u012f namus paslaugos<\/li>\n<li> Bald\u0173 montavimo paslaugos<\/li>\n<li> \u012erengimo sprendimai interjero dizaineriams ir nekilnojamojo turto k\u016br\u0117jams<\/li>\n<\/ul>\n<h2>Abels Moving Services \u012emon\u0117s profilis<\/h2>\n<p>\"Abels Moving Services\" 1958 m. prad\u0117jo \u0161eimos versl\u0105 - pristatin\u0117jo prekes \u012f parduotuves. Nuo to laiko \u012fmon\u0117 i\u0161augo ir dabar turi 1 500 paslaug\u0173 centr\u0173 56 pasaulio \u0161alyse. <\/p>\n<p>1989 m. bendrov\u0117 buvo apdovanota Jos Didenyb\u0117s karalien\u0117s karali\u0161kuoju orderiu u\u017e paslaugas kar\u016bnai, \u012fskaitant vis\u0173 princo \u010carlzo ir princes\u0117s Dianos vestuvi\u0173 dovan\u0173 perve\u017eim\u0105 1981 m. <\/p>\n<p>\"Abels Moving Services\" did\u017eiuojasi savo specialiai tam skirtais, ekologi\u0161kais sunkve\u017eimiais. Jie tiki, kad reikia atsid\u0117koti bendruomenei, ir remia \u012fvairias labdaros organizacijas visame pasaulyje. <\/p>\n<p>Jie tvirtai tiki, kad su klientais bendrauja \"be problem\u0173\", ir tiki, kad \u0161ypsena u\u017eima daug vietos.<\/p>\n<p>\"Abels Moving Services\" turi \u0161ias priklausomybes ir akreditacijas:<\/p>\n<ul>\n<li> Karali\u0161kasis Jos Didenyb\u0117s karalien\u0117s orderis<\/li>\n<li> <a href=\"https:\/\/moverdb.com\/lt\/fidi-faim\/\">FIDI<\/a><\/li>\n<li> <a href=\"https:\/\/moverdb.com\/lt\/fidi-faim\/\" data-internallinksmanager029f6b8e52c=\"16\" title=\"FIDI ir FAIM (FIDI akredituotas tarptautinis perve\u017e\u0117jas) paai\u0161kinimai\">FAIM<\/a><\/li>\n<li> \"Investors in People<\/li>\n<li> <a href=\"https:\/\/moverdb.com\/lt\/britu-salintoju-asociacija\/\">Did\u017eiosios Britanijos jud\u0117j\u0173 asociacija<\/a> (<a href=\"https:\/\/moverdb.com\/lt\/british-association-of-removers\/\" data-internallinksmanager029f6b8e52c=\"9\" title=\"Britanijos perkraustymo \u012fmoni\u0173 asociacijos (BAR) paai\u0161kinimai\">BAR<\/a>)<\/li>\n<li> <a href=\"https:\/\/moverdb.com\/lt\/baras-uzjuris\/\">BAR Overseas Group<\/a><\/li>\n<li> Finansini\u0173 paslaug\u0173 institucija<\/li>\n<li> <a href=\"https:\/\/moverdb.com\/lt\/fedemac\/\">Europos perkraustytoj\u0173 federacija<\/a> (<a href=\"https:\/\/moverdb.com\/lt\/fedemac\/\" data-internallinksmanager029f6b8e52c=\"15\" title=\"Europos perve\u017e\u0117j\u0173 asociacijos federacijos (FEDEMAC) paai\u0161kinimai\">FEDEMAC<\/a>)<\/li>\n<li> Tarptautini\u0173 perve\u017e\u0117j\u0173 tarpusavio draudimas (IMMI)<\/li>\n<li> BS EN ISO 9001<\/li>\n<\/ul>\n<h2>Abels Perkraustymo paslaugos<\/h2>\n<p><strong>Teigiamas:<\/strong><\/p>\n<ul>\n<li> <em>\"Perkraustymo komandos i\u0161 abiej\u0173 pusi\u0173 buvo puikios - kompetentingos, dirbo stabiliai ir tiesiog maloniai bendravo, tikrai pad\u0117jo daugiau, nei buvo b\u016btina.\"<\/em> - Ponia Jenson per <a href=\"http:\/\/www.abels.co.uk\/reviews\/\" target=\"_blank\" rel=\"noopener\">\"Abels\" klient\u0173 atsiliepim\u0173 puslapis<\/a>.<\/li>\n<li> <em>\"Visi, su kuriais bendravau \"Abels\" telefonu, el. pa\u0161tu ar asmeni\u0161kai, buvo labai paslaug\u016bs, draugi\u0161ki ir efektyv\u016bs, tikrai v\u0117l jais naudo\u010diausi ir nedvejodamas rekomenduo\u010diau juos kitiems.\"<\/em> Ponia Pledge per <a href=\"http:\/\/moveaide.com\/movers\/abels-moving-cambrige-uk-mover-reviews\" target=\"_blank\" rel=\"noopener\">MoveAide<\/a><\/li>\n<li> <em>\"Mes tik nor\u0117jome jums prane\u0161ti, kad esame patenkinti, jog m\u016bs\u0173 persik\u0117limas s\u0117kmingai baigtas.\"<\/em> - per <a href=\"http:\/\/removal-company-reviews.com\/view-removal-company-review.php?c=Abels%20Moving%20Services%20Ltd&#038;id=384\" target=\"_blank\" rel=\"noopener\">Perkraustymo \u012fmon\u0117s ap\u017evalgos<\/a><\/li>\n<\/ul>\n<p><strong>Neigiamas:<\/strong><\/p>\n<ul>\n<li> <em>\"Siaubingas bendravimas apie nereikalingus v\u0117lavimus. B\u016bsite i\u0161sigand\u0119, kad dingo visi j\u016bs\u0173 gyvenimo daiktai.\"<\/em> - Jeanie C. per <a href=\"https:\/\/www.yelp.co.uk\/biz\/abels-moving-services-ltd-brandon-2?hrid=qZqRG6iZsRo2GEP-XgQefQ&#038;utm_campaign=www_review_share_popup&#038;utm_medium=copy_link&#038;utm_source=(direct)\" target=\"_blank\" rel=\"noopener\">\"Yelp\"<\/a><\/li>\n<li> <em>\"Jei nesi karalien\u0117, jie nelabai r\u016bpinsis.\"<\/em> - Simonas per <a href=\"http:\/\/www.removalreviews.co.uk\/movingreviews\/far-from-their-advertising-image-7304\" target=\"_blank\" rel=\"noopener\">Perkraustymo ap\u017evalgos<\/a><\/li>\n<li> <em>\"Prastas aptarnavimas visame pasaulyje su prasta komunikacija tarp abiej\u0173 <a href=\"https:\/\/moverdb.com\/lt\/persikelimas-i-singapura\/\">Singap\u016bras<\/a> komanda ir JK komanda.\"<\/em> - Mr Crapper per <a href=\"http:\/\/moveaide.com\/movers\/abels-moving-cambrige-uk-mover-reviews\" target=\"_blank\" rel=\"noopener\">MoveAide<\/a><\/li>\n<\/li>\n<\/ul>\n<div itemprop=\"review\" itemscope itemtype=\"http:\/\/schema.org\/Review\">\n<span itemprop=\"author\" itemscope=\"\" itemtype=\"http:\/\/schema.org\/Organization\"><span itemprop=\"name\">MoverDB.com<\/span><\/span> Internetin\u0117s svetain\u0117s ap\u017evalga <span itemprop=\"itemreviewed\" itemscope=\"\" itemtype=\"http:\/\/schema.org\/Brand\"><span itemprop=\"name\">Abels Perkraustymo paslaugos<\/span><\/span>:<\/p>\n<ol>\n<li> Ai\u0161ki kontaktin\u0117 informacija svetain\u0117je (\u012fskaitant telefono numer\u012f): <strong>Taip<\/strong><\/li>\n<li> Lengva gauti <a href=\"https:\/\/moverdb.com\/lt\/citatos\/\">tarptautini\u0173 perkraustym\u0173 citatos<\/a>? (internetin\u0117 s\u0105matos u\u017eklausos forma): <strong>Taip<\/strong><\/li>\n<li> Ai\u0161ki informacija svetain\u0117je: <strong>Taip,<\/strong> padoraus kiekio informacijos svetain\u0117je apie savo paslaugas, nors kai kurie <\/li>\n<li> Naryst\u0117 tarptautin\u0117se pripa\u017eintose jud\u0117jimo organizacijose: <strong>Taip<\/strong>, \u017er. pirmiau.<\/li>\n<li> Klient\u0173 s\u0105ra\u0161as ir (arba) ankstesni\u0173 klient\u0173 atsiliepimai: <strong>Taip<\/strong> Svetain\u0117je yra teigiam\u0173 klient\u0173 atsiliepim\u0173.<\/li>\n<\/ol>\n<div itemprop=\"reviewRating\" itemscope itemtype=\"http:\/\/schema.org\/Rating\"><meta itemprop=\"worstRating\" content = \"0\" \/><meta itemprop=\"bestRating\" content=\"5\" \/><meta itemprop=\"ratingValue\" content=\"4.5\"><\/div>\n<p><strong>Bendras \u012fvertinimas: 4,5\/5<\/strong><br \/>\n<strong>Per\u017ei\u016bros data:<\/strong> <span itemprop=\"datePublished\" content=\"2016-08-31\">31\/08\/2016<\/span>\n<\/div>\n<p>Daugiau apie <a href=\"https:\/\/moverdb.com\/lt\/tarptautiniai-perkraustymai\/\">tarptautiniai perkraustymai<\/a> ir m\u016bs\u0173 <a href=\"https:\/\/moverdb.com\/lt\/atsiliepimai\/\">per\u017ei\u016bros procesas<\/a>.<\/p>\n<p><strong>Interneto svetain\u0117:<\/strong> <a href=\"http:\/\/www.abels.co.uk\" target=\"_blank\" rel=\"noopener\">http:\/\/www.abels.co.uk<\/a><\/p>","protected":false},"excerpt":{"rendered":"<p>Abels Moving Services is based in Brandon, Suffolk but has facilities in London, Cambridge and Lutterworth but serves the whole of the UK. It offers its clients many intentional moving services which are listed below. There also follows a company profile and company reviews. International Moves Airfreight for small volumes Sea freight for large volumes [&hellip;]<\/p>\n","protected":false},"author":1,"featured_media":0,"parent":0,"menu_order":0,"comment_status":"closed","ping_status":"closed","template":"","meta":{"_genesis_hide_title":false,"_genesis_hide_breadcrumbs":false,"_genesis_hide_singular_image":false,"_genesis_hide_footer_widgets":false,"_genesis_custom_body_class":"","_genesis_custom_post_class":"","_genesis_layout":"","footnotes":""},"class_list":{"0":"post-888","1":"page","2":"type-page","3":"status-publish","5":"entry"},"_links":{"self":[{"href":"https:\/\/moverdb.com\/lt\/wp-json\/wp\/v2\/pages\/888","targetHints":{"allow":["GET"]}}],"collection":[{"href":"https:\/\/moverdb.com\/lt\/wp-json\/wp\/v2\/pages"}],"about":[{"href":"https:\/\/moverdb.com\/lt\/wp-json\/wp\/v2\/types\/page"}],"author":[{"embeddable":true,"href":"https:\/\/moverdb.com\/lt\/wp-json\/wp\/v2\/users\/1"}],"replies":[{"embeddable":true,"href":"https:\/\/moverdb.com\/lt\/wp-json\/wp\/v2\/comments?post=888"}],"version-history":[{"count":8,"href":"https:\/\/moverdb.com\/lt\/wp-json\/wp\/v2\/pages\/888\/revisions"}],"predecessor-version":[{"id":6166,"href":"https:\/\/moverdb.com\/lt\/wp-json\/wp\/v2\/pages\/888\/revisions\/6166"}],"wp:attachment":[{"href":"https:\/\/moverdb.com\/lt\/wp-json\/wp\/v2\/media?parent=888"}],"curies":[{"name":"wp","href":"https:\/\/api.w.org\/{rel}","templated":true}]}}