{"id":8879,"date":"2023-04-27T14:40:42","date_gmt":"2023-04-27T14:40:42","guid":{"rendered":"https:\/\/moverdb.com\/?page_id=8879"},"modified":"2026-01-08T15:29:24","modified_gmt":"2026-01-08T15:29:24","slug":"moving-companies-myanmar","status":"publish","type":"page","link":"https:\/\/moverdb.com\/lt\/moving-companies\/moving-companies-myanmar\/","title":{"rendered":"6 Geriausios tarptautin\u0117s perkraustymo \u012fmon\u0117s Mianmare"},"content":{"rendered":"<p>Persikraustymas \u012f kit\u0105 \u0161al\u012f gali b\u016bti labai \u012ftemptas, nes reikia daug k\u0105 suplanuoti ir padaryti, ypa\u010d jei persikraustote \u012f kit\u0105 \u0161al\u012f. Pasitelkdami <a href=\"https:\/\/moverdb.com\/lt\/moving-companies\/\" data-internallinksmanager029f6b8e52c=\"79\" title=\"Top 25 Tarptautin\u0117s perkraustymo \u012fmon\u0117s internete\">perkraustymo \u012fmon\u0117<\/a> gali pad\u0117ti suma\u017einti stres\u0105 ir palengvinti daugel\u012f u\u017eduo\u010di\u0173. Toliau pateikiame Mianmare (Birmoje) \u012fsik\u016brusi\u0173 <a href=\"https:\/\/moverdb.com\/lt\/international-removals\/\" data-internallinksmanager029f6b8e52c=\"27\" title=\"36 geriausios tarptautinio perkraustymo \u012fmon\u0117s Jungtin\u0117je Karalyst\u0117je\">perkraustymo \u012fmon\u0117s<\/a> kurie yra <a href=\"https:\/\/moverdb.com\/lt\/iam\/\" data-internallinksmanager029f6b8e52c=\"23\" title=\"Tarptautin\u0117s perkraustytoj\u0173 asociacijos (IAM) paai\u0161kinimai\">Tarptautin\u0117 perkraustytoj\u0173 asociacija<\/a> (IAM) ir (arba) <a href=\"https:\/\/moverdb.com\/lt\/fidi-faim\/\" data-internallinksmanager029f6b8e52c=\"16\" title=\"FIDI ir FAIM (FIDI akredituotas tarptautinis perve\u017e\u0117jas) paai\u0161kinimai\">FIDI<\/a> Akredituotas tarptautinis perkraustymas (FAIM), kuris gal\u0117t\u0173 pad\u0117ti jums persikraustyti.<\/p>\n<div id=\"ez-toc-container\" class=\"ez-toc-v2_0_82_2 ez-toc-wrap-left counter-hierarchy ez-toc-counter ez-toc-transparent ez-toc-container-direction\">\n<div class=\"ez-toc-title-container\">\n<p class=\"ez-toc-title\" style=\"cursor:inherit\">Skyriai<\/p>\n<span class=\"ez-toc-title-toggle\"><a href=\"#\" class=\"ez-toc-pull-right ez-toc-btn ez-toc-btn-xs ez-toc-btn-default ez-toc-toggle\" aria-label=\"Perjungti turinio lentel\u0119\"><span class=\"ez-toc-js-icon-con\"><span class=\"\"><span class=\"eztoc-hide\" style=\"display:none;\">Perjungti<\/span><span class=\"ez-toc-icon-toggle-span\"><svg style=\"fill: #999;color:#999\" xmlns=\"http:\/\/www.w3.org\/2000\/svg\" class=\"list-377408\" width=\"20px\" height=\"20px\" viewbox=\"0 0 24 24\" fill=\"none\"><path d=\"M6 6H4v2h2V6zm14 0H8v2h12V6zM4 11h2v2H4v-2zm16 0H8v2h12v-2zM4 16h2v2H4v-2zm16 0H8v2h12v-2z\" fill=\"currentColor\"><\/path><\/svg><svg style=\"fill: #999;color:#999\" class=\"arrow-unsorted-368013\" xmlns=\"http:\/\/www.w3.org\/2000\/svg\" width=\"10px\" height=\"10px\" viewbox=\"0 0 24 24\" version=\"1.2\" baseprofile=\"tiny\"><path d=\"M18.2 9.3l-6.2-6.3-6.2 6.3c-.2.2-.3.4-.3.7s.1.5.3.7c.2.2.4.3.7.3h11c.3 0 .5-.1.7-.3.2-.2.3-.5.3-.7s-.1-.5-.3-.7zM5.8 14.7l6.2 6.3 6.2-6.3c.2-.2.3-.5.3-.7s-.1-.5-.3-.7c-.2-.2-.4-.3-.7-.3h-11c-.3 0-.5.1-.7.3-.2.2-.3.5-.3.7s.1.5.3.7z\"\/><\/svg><\/span><\/span><\/span><\/a><\/span><\/div>\n<nav><ul class='ez-toc-list ez-toc-list-level-1 eztoc-toggle-hide-by-default' ><li class='ez-toc-page-1 ez-toc-heading-level-2'><a class=\"ez-toc-link ez-toc-heading-1\" href=\"https:\/\/moverdb.com\/lt\/moving-companies\/moving-companies-myanmar\/#1_Dawood_Worldwide_Movers\" >1. Dawood Worldwide Movers<\/a><\/li><li class='ez-toc-page-1 ez-toc-heading-level-2'><a class=\"ez-toc-link ez-toc-heading-2\" href=\"https:\/\/moverdb.com\/lt\/moving-companies\/moving-companies-myanmar\/#2_DNS_Mobility_Ltd\" >2. DNS Mobility Ltd<\/a><\/li><li class='ez-toc-page-1 ez-toc-heading-level-2'><a class=\"ez-toc-link ez-toc-heading-3\" href=\"https:\/\/moverdb.com\/lt\/moving-companies\/moving-companies-myanmar\/#3_Global_Moving_Storage_Ltd\" >3. Global Moving &amp; Storage Ltd<\/a><\/li><li class='ez-toc-page-1 ez-toc-heading-level-2'><a class=\"ez-toc-link ez-toc-heading-4\" href=\"https:\/\/moverdb.com\/lt\/moving-companies\/moving-companies-myanmar\/#4_Legendary_Myanmar_International_Moving_Logistics_Co_Ltd\" >4. Legendinis Mianmaro tarptautinis jud\u0117jimas ir logistika Co Ltd<\/a><\/li><li class='ez-toc-page-1 ez-toc-heading-level-2'><a class=\"ez-toc-link ez-toc-heading-5\" href=\"https:\/\/moverdb.com\/lt\/moving-companies\/moving-companies-myanmar\/#5_Myanmar_Express_Moving\" >5. Mianmaro Express Moving<\/a><\/li><li class='ez-toc-page-1 ez-toc-heading-level-2'><a class=\"ez-toc-link ez-toc-heading-6\" href=\"https:\/\/moverdb.com\/lt\/moving-companies\/moving-companies-myanmar\/#6_NMT_Ltd\" >6. NMT Ltd<\/a><\/li><\/ul><\/nav><\/div>\n<h2><span class=\"ez-toc-section\" id=\"1_Dawood_Worldwide_Movers\"><\/span><strong>1. Dawood Worldwide Movers<\/strong><span class=\"ez-toc-section-end\"><\/span><\/h2>\n<p><img loading=\"lazy\" decoding=\"async\" class=\"alignnone size-full wp-image-8783\" src=\"https:\/\/moverdb.com\/wp-content\/uploads\/Dawood-Worldwide-Moving-international-moving-company.png\" alt=\"&quot;Dawood Worldwide Moving&quot; tarptautin\u0117 judanti \u012fmon\u0117\" width=\"1440\" height=\"682\" data-wp-pid=\"8783\" srcset=\"https:\/\/moverdb.com\/wp-content\/uploads\/Dawood-Worldwide-Moving-international-moving-company.png 1440w, https:\/\/moverdb.com\/wp-content\/uploads\/Dawood-Worldwide-Moving-international-moving-company-300x142.png 300w, https:\/\/moverdb.com\/wp-content\/uploads\/Dawood-Worldwide-Moving-international-moving-company-1024x485.png 1024w, https:\/\/moverdb.com\/wp-content\/uploads\/Dawood-Worldwide-Moving-international-moving-company-18x9.png 18w, https:\/\/moverdb.com\/wp-content\/uploads\/Dawood-Worldwide-Moving-international-moving-company-600x284.png 600w\" sizes=\"auto, (max-width: 1440px) 100vw, 1440px\" \/><\/p>\n<ul>\n<li>Nacionaliniai perkraustymai<\/li>\n<li>Tarptautinis perkraustymas<\/li>\n<li>Nam\u0173 \u016bki\u0173 perkraustymas<\/li>\n<li>Biur\u0173 perkraustymas<\/li>\n<li>Pakavimo paslauga<\/li>\n<li>Transporto priemon\u0117s<\/li>\n<li>Muitinis \u012fforminimas<\/li>\n<li>Kilm\u0117s ir paskirties vietos paslaugos<\/li>\n<li>Gyv\u016bno augintinio perk\u0117limas<\/li>\n<li>Saugus saugojimas<\/li>\n<\/ul>\n<p>\"Dawood Worldwide Movers\" yra 1963 m. \u012fkurta tarptautinio perkraustymo \u012fmon\u0117, \u012fsik\u016brusi Jangone. Ji bendradarbiauja su tarptautinio perkraustymo tarnybomis ir siunt\u0117jais, kad gal\u0117t\u0173 teikti paslaugas visame pasaulyje. Jie yra IAM nariai, dirbantys 47 metus.<\/p>\n<p>\"Dawood Worldwide Movers\" si\u016blo visapusi\u0161k\u0105 perkraustymo paslaug\u0105, kuri apima pagalb\u0105 prie\u0161 persikraustym\u0105, kilm\u0117s paslaugas ir paskirties paslaugas atvykus, taip pat gali perkraustyti j\u016bs\u0173 augintinius. Jie teikia visas pakavimo paslaugas, \u012fskaitant pakavimo med\u017eiagas, kad apsaugot\u0173 j\u016bs\u0173 daiktus perve\u017eimo metu. Jie pasir\u016bpins, kad j\u016bs\u0173 daiktai b\u016bt\u0173 nugabenti \u012f paskirties viet\u0105 ir i\u0161muitinti.<\/p>\n<p>Interneto svetain\u0117: <a href=\"http:\/\/www.dawoodmovers.com\" target=\"_blank\" rel=\"noopener\">http:\/\/www.dawoodmovers.com<\/a><\/p>\n<h2><span class=\"ez-toc-section\" id=\"2_DNS_Mobility_Ltd\"><\/span><strong>2. DNS Mobility Ltd<\/strong><span class=\"ez-toc-section-end\"><\/span><\/h2>\n<p><img loading=\"lazy\" decoding=\"async\" class=\"alignnone size-full wp-image-8789\" src=\"https:\/\/moverdb.com\/wp-content\/uploads\/DNS-Mobility-Ltd-international-moving-company.png\" alt=\"&quot;DNS Mobility Ltd&quot; tarptautin\u0117 perkraustymo \u012fmon\u0117\" width=\"1440\" height=\"680\" data-wp-pid=\"8789\" srcset=\"https:\/\/moverdb.com\/wp-content\/uploads\/DNS-Mobility-Ltd-international-moving-company.png 1440w, https:\/\/moverdb.com\/wp-content\/uploads\/DNS-Mobility-Ltd-international-moving-company-300x142.png 300w, https:\/\/moverdb.com\/wp-content\/uploads\/DNS-Mobility-Ltd-international-moving-company-1024x484.png 1024w, https:\/\/moverdb.com\/wp-content\/uploads\/DNS-Mobility-Ltd-international-moving-company-18x9.png 18w, https:\/\/moverdb.com\/wp-content\/uploads\/DNS-Mobility-Ltd-international-moving-company-600x283.png 600w\" sizes=\"auto, (max-width: 1440px) 100vw, 1440px\" \/><\/p>\n<ul>\n<li>Nacionaliniai perkraustymai<\/li>\n<li>Tarptautiniai perk\u0117limai<\/li>\n<li>Nam\u0173 \u016bkio perkraustymai<\/li>\n<li>Visos pakavimo paslaugos<\/li>\n<li>Pagal u\u017esakym\u0105 pritaikyta pakavimo \u012franga<\/li>\n<li>Transportavimo organizavimas<\/li>\n<li><a href=\"https:\/\/moverdb.com\/lt\/car-transport-shipping\/\" data-internallinksmanager029f6b8e52c=\"2\" title=\"2026 Tarptautinio automobili\u0173 transporto ir transporto priemoni\u0173 gabenimo citatos\">Transporto priemoni\u0173 gabenimas<\/a><\/li>\n<li>Daili\u0173j\u0173 men\u0173 tvarkymas<\/li>\n<li>Gyv\u016bn\u0173 augintini\u0173 perk\u0117limas<\/li>\n<li>Saugios saugyklos<\/li>\n<\/ul>\n<p>\"DNS Mobility Ltd\" yra 2013 m. \u012fkurta tarptautin\u0117 logistikos ir namini\u0173 gyv\u016bn\u0117li\u0173 perk\u0117limo \u012fmon\u0117, \u012fsik\u016brusi Jangone. Teikdama paslaugas tarptautiniu mastu, ji bendradarbiauja su daugiau kaip 100 asocijuot\u0173j\u0173 ir filial\u0173 biur\u0173 visame pasaulyje. Ji yra IAM nar\u0117, dirbanti 11 met\u0173.<\/p>\n<p>\"DNS Mobility Ltd\" si\u016blo visapusi\u0161kas perkraustymo paslaugas nam\u0173 \u016bkiams ir gali suteikti visas pakavimo paslaugas, kad apsaugot\u0173 j\u016bs\u0173 gabenamus daiktus, \u012fskaitant specialiai pritaikyt\u0105 pakavimo \u012frang\u0105 ir d\u0117\u017ees. Jie pasir\u016bpins j\u016bs\u0173 daikt\u0173 perve\u017eimu ir seks j\u016bs\u0173 krovin\u012f internetu. Atvyk\u0119 jie i\u0161pakuos ir pa\u0161alins \u0161iuk\u0161les.<\/p>\n<p>Interneto svetain\u0117: <a href=\"http:\/\/www.dnsmyanmar.com\" target=\"_blank\" rel=\"noopener\">http:\/\/www.dnsmyanmar.com<\/a><\/p>\n<h2><span class=\"ez-toc-section\" id=\"3_Global_Moving_Storage_Ltd\"><\/span><strong>3. Global Moving &amp; Storage Ltd<\/strong><span class=\"ez-toc-section-end\"><\/span><\/h2>\n<p><img loading=\"lazy\" decoding=\"async\" class=\"alignnone size-full wp-image-8806\" src=\"https:\/\/moverdb.com\/wp-content\/uploads\/Global-Moving-Storage-Ltd-international-moving-company.png\" alt=\"&quot;Global Moving &amp; Storage Ltd&quot; tarptautin\u0117 perkraustymo \u012fmon\u0117\" width=\"1440\" height=\"675\" data-wp-pid=\"8806\" srcset=\"https:\/\/moverdb.com\/wp-content\/uploads\/Global-Moving-Storage-Ltd-international-moving-company.png 1440w, https:\/\/moverdb.com\/wp-content\/uploads\/Global-Moving-Storage-Ltd-international-moving-company-300x141.png 300w, https:\/\/moverdb.com\/wp-content\/uploads\/Global-Moving-Storage-Ltd-international-moving-company-1024x480.png 1024w, https:\/\/moverdb.com\/wp-content\/uploads\/Global-Moving-Storage-Ltd-international-moving-company-18x8.png 18w, https:\/\/moverdb.com\/wp-content\/uploads\/Global-Moving-Storage-Ltd-international-moving-company-600x281.png 600w\" sizes=\"auto, (max-width: 1440px) 100vw, 1440px\" \/><\/p>\n<ul>\n<li>Nacionaliniai judesiai<\/li>\n<li>Tarptautiniai perkraustymai<\/li>\n<li>Nam\u0173 \u016bkio perkraustymai<\/li>\n<li>Biuro perkraustymai<\/li>\n<li>Pakavimo paslaugos<\/li>\n<li>Transporto organizavimas<\/li>\n<li>Muitinis \u012fforminimas<\/li>\n<li>Daili\u0173j\u0173 men\u0173 pakavimas<\/li>\n<li>Gyv\u016bn\u0173 perkraustymo paslauga<\/li>\n<li>Sand\u0117liavimo patalpos<\/li>\n<\/ul>\n<p>\"Global Moving &amp; Storage Ltd\" yra daugiau nei dviej\u0173 de\u0161imtme\u010di\u0173 patirt\u012f turinti pasaulin\u0117 perkraustymo ir logistikos \u012fmon\u0117. Ji yra IAM nar\u0117, dirbanti 12 met\u0173, tod\u0117l turi tarptautin\u012f perkraustymo agent\u0173 tinkl\u0105, galint\u012f pad\u0117ti teikti paslaugas visame pasaulyje.<\/p>\n<p>Global Moving &amp; Storage Ltd offers door-to-door, door-to-<a href=\"https:\/\/moverdb.com\/lt\/top-49-container-ports\/\" data-internallinksmanager029f6b8e52c=\"80\" title=\"49 did\u017eiausi ir labiausiai apkrauti konteineri\u0173 uostai 2025 m.\">uostas<\/a> arba \"nuo uosto iki dur\u0173\" paslaugos, kurios apima muitin\u012f \u012fforminim\u0105 ir transportavimo organizavim\u0105. Jie teikia tarptautinius standartus atitinkan\u010dias pakavimo paslaugas, kad apsaugot\u0173 gabenamus daiktus. Jie teikia specializuotas paslaugas diplomatams, vaizduojamojo meno k\u016briniams ir namini\u0173 gyv\u016bn\u0117li\u0173 perve\u017eimo paslaugas.<\/p>\n<p>Interneto svetain\u0117: <a href=\"http:\/\/www.globalmovingstorage.com\" target=\"_blank\" rel=\"noopener\">http:\/\/www.globalmovingstorage.com<\/a><\/p>\n<h2><span class=\"ez-toc-section\" id=\"4_Legendary_Myanmar_International_Moving_Logistics_Co_Ltd\"><\/span><strong>4. Legendinis Mianmaro tarptautinis jud\u0117jimas ir logistika Co Ltd<\/strong><span class=\"ez-toc-section-end\"><\/span><\/h2>\n<p><img loading=\"lazy\" decoding=\"async\" class=\"alignnone size-full wp-image-8821\" src=\"https:\/\/moverdb.com\/wp-content\/uploads\/Legendary-Myanmar-International-Moving-Logistics-Co-Ltd.png\" alt=\"Legendinis Mianmaro tarptautinis jud\u0117jimas ir logistika Co Ltd\" width=\"1440\" height=\"682\" data-wp-pid=\"8821\" srcset=\"https:\/\/moverdb.com\/wp-content\/uploads\/Legendary-Myanmar-International-Moving-Logistics-Co-Ltd.png 1440w, https:\/\/moverdb.com\/wp-content\/uploads\/Legendary-Myanmar-International-Moving-Logistics-Co-Ltd-300x142.png 300w, https:\/\/moverdb.com\/wp-content\/uploads\/Legendary-Myanmar-International-Moving-Logistics-Co-Ltd-1024x485.png 1024w, https:\/\/moverdb.com\/wp-content\/uploads\/Legendary-Myanmar-International-Moving-Logistics-Co-Ltd-18x9.png 18w, https:\/\/moverdb.com\/wp-content\/uploads\/Legendary-Myanmar-International-Moving-Logistics-Co-Ltd-600x284.png 600w\" sizes=\"auto, (max-width: 1440px) 100vw, 1440px\" \/><\/p>\n<ul>\n<li>Nacionaliniai judesiai<\/li>\n<li>Tarptautiniai perkraustymai<\/li>\n<li>Nam\u0173 \u016bkio perkraustymai<\/li>\n<li>\u012emoni\u0173 perkraustymai<\/li>\n<li>Pakavimo paslauga<\/li>\n<li>Krovini\u0173 ve\u017eimas keliais, j\u016bra ir oru<\/li>\n<li>Dokumentacijos palaikymas<\/li>\n<li>Automobili\u0173 siuntimas<\/li>\n<li>Gyv\u016bno augintinio perk\u0117limas<\/li>\n<li>Sand\u0117liavimo patalpos<\/li>\n<\/ul>\n<p>\"Legendary Myanmar International Moving &amp; Logistics Co Ltd\" (LMSL) yra laivybos, jud\u0117jimo ir <a href=\"https:\/\/moverdb.com\/lt\/relocation-agents\/\" data-internallinksmanager029f6b8e52c=\"1\" title=\"7 prie\u017eastys, kod\u0117l tur\u0117tum\u0117te naudotis perkraustymo agento paslaugomis?\">perk\u0117limo agentas<\/a> \u012fkurta 2010 m., jos biurai veikia Jangone, Mandalajuje ir Bagane. Jie u\u017emezg\u0117 ry\u0161ius su transporto ir perkraustymo agentais visame pasaulyje, kad gal\u0117t\u0173 teikti tarptautines paslaugas, ir yra IAM nariai, dirbantys jau 13 met\u0173.<\/p>\n<p>LMSL si\u016blo kompleksines vietinio ir tarptautinio perkraustymo paslaugas, \u012fskaitant pagalb\u0105 rengiant dokumentus. Jie teikia pakavimo paslaugas, kad apsaugot\u0173 j\u016bs\u0173 daiktus, ir organizuoja transportavim\u0105 keliais, oru ir j\u016bra, taip pat teikia pagalbinius dokumentus, pvz., muitin\u0117s formalumus. Jie si\u016blo persikraustymo paslaugas, \u012fskaitant orientavimo, nam\u0173 ir mokykl\u0173 paie\u0161kos ir nuomos deryb\u0173 paslaugas.<\/p>\n<p>Interneto svetain\u0117: <a href=\"http:\/\/www.lmsl-shipping.com\" target=\"_blank\" rel=\"noopener\">http:\/\/www.lmsl-shipping.com<\/a><\/p>\n<h2><span class=\"ez-toc-section\" id=\"5_Myanmar_Express_Moving\"><\/span><strong>5. Mianmaro Express Moving<\/strong><span class=\"ez-toc-section-end\"><\/span><\/h2>\n<p><img loading=\"lazy\" decoding=\"async\" class=\"alignnone size-full wp-image-8835\" src=\"https:\/\/moverdb.com\/wp-content\/uploads\/Myanmar-Express-Moving-international-moving-company.png\" alt=\"Mianmaro Express Moving tarptautinis jud\u0117jimo \u012fmon\u0117\" width=\"1440\" height=\"677\" data-wp-pid=\"8835\" srcset=\"https:\/\/moverdb.com\/wp-content\/uploads\/Myanmar-Express-Moving-international-moving-company.png 1440w, https:\/\/moverdb.com\/wp-content\/uploads\/Myanmar-Express-Moving-international-moving-company-300x141.png 300w, https:\/\/moverdb.com\/wp-content\/uploads\/Myanmar-Express-Moving-international-moving-company-1024x481.png 1024w, https:\/\/moverdb.com\/wp-content\/uploads\/Myanmar-Express-Moving-international-moving-company-18x8.png 18w, https:\/\/moverdb.com\/wp-content\/uploads\/Myanmar-Express-Moving-international-moving-company-600x282.png 600w\" sizes=\"auto, (max-width: 1440px) 100vw, 1440px\" \/><\/p>\n<ul>\n<li>Vietiniai perkraustymai<\/li>\n<li>Tarptautinis perkraustymas<\/li>\n<li>Nam\u0173 \u016bki\u0173 perkraustymas<\/li>\n<li>Komerciniai kroviniai<\/li>\n<li>Pakavimo paslauga<\/li>\n<li>Keli\u0173, oro ir j\u016br\u0173 transportas<\/li>\n<li>Muitinis \u012fforminimas<\/li>\n<li>Gyv\u016bno augintinio perk\u0117limas<\/li>\n<li>Draudimas<\/li>\n<li>Sand\u0117liavimo patalpos<\/li>\n<\/ul>\n<p>\"Myanmar Express Moving\" yra daugiau nei 57 met\u0173 patirt\u012f turinti perkraustymo ir pakavimo \u012fmon\u0117, \u012fsik\u016brusi Jangone. Ji yra sudariusi tarptautines strategines partnerystes ir s\u0105jungas visame pasaulyje, kad gal\u0117t\u0173 teikti tarptautines paslaugas. Jie yra IAM nariai, dirbantys 29 metus.<\/p>\n<p>\"Myanmar Express Moving\" si\u016blo nemokam\u0105 apklaus\u0105, kad \u012fvertint\u0173 j\u016bs\u0173 poreikius ir pateikt\u0173 pasi\u016blym\u0105. Jie teikia pakavimo paslaugas, kurios apsaugos j\u016bs\u0173 baldus, naudodami \u0161iuolaikines auk\u0161to standarto pakavimo med\u017eiagas, o atvyk\u0119 i\u0161pakuos ir pa\u0161alins visas \u0161iuk\u0161les. Jie pasir\u016bpins perve\u017eimu keliais, oru ir j\u016bra, i\u0161muitinimu ir draudimu.<\/p>\n<p>Interneto svetain\u0117: <a href=\"http:\/\/www.myanmarexpressmoving.com\" target=\"_blank\" rel=\"noopener\">http:\/\/www.myanmarexpressmoving.com<\/a><\/p>\n<h2><span class=\"ez-toc-section\" id=\"6_NMT_Ltd\"><\/span><strong>6. NMT Ltd<\/strong><span class=\"ez-toc-section-end\"><\/span><\/h2>\n<p><img loading=\"lazy\" decoding=\"async\" class=\"alignnone size-full wp-image-8838\" src=\"https:\/\/moverdb.com\/wp-content\/uploads\/NMT-Ltd-international-moving-company.png\" alt=\"&quot;NMT Ltd&quot; tarptautin\u0117 perkraustymo \u012fmon\u0117\" width=\"1440\" height=\"683\" data-wp-pid=\"8838\" srcset=\"https:\/\/moverdb.com\/wp-content\/uploads\/NMT-Ltd-international-moving-company.png 1440w, https:\/\/moverdb.com\/wp-content\/uploads\/NMT-Ltd-international-moving-company-300x142.png 300w, https:\/\/moverdb.com\/wp-content\/uploads\/NMT-Ltd-international-moving-company-1024x486.png 1024w, https:\/\/moverdb.com\/wp-content\/uploads\/NMT-Ltd-international-moving-company-18x9.png 18w, https:\/\/moverdb.com\/wp-content\/uploads\/NMT-Ltd-international-moving-company-600x285.png 600w\" sizes=\"auto, (max-width: 1440px) 100vw, 1440px\" \/><\/p>\n<ul>\n<li>Nacionaliniai perkraustymai<\/li>\n<li>Tarptautinis perkraustymas<\/li>\n<li>Nam\u0173 \u016bki\u0173 perkraustymas<\/li>\n<li>Biur\u0173 perkraustymas<\/li>\n<li>Diplomato \u017eingsnis<\/li>\n<li>Pakavimo paslauga<\/li>\n<li>Krovini\u0173 gabenimas j\u016bra ir oru<\/li>\n<li>Muitin\u0117s tarpininkavimas<\/li>\n<li>Transporto priemoni\u0173 gabenimas<\/li>\n<li>Sand\u0117liavimo patalpos<\/li>\n<\/ul>\n<p>\"NMT Ltd\" yra tarptautin\u0117 pakavimo, siuntimo, perk\u0117limo, logistikos ir transporto \u012fmon\u0117, \u012fkurta 1993 m. ir \u012fsik\u016brusi \u0160iaur\u0117s Dagone ir Jangone. Ji taip pat si\u016blo mugi\u0173 ir rengini\u0173 organizavimo, gabenimo ir \u012frengimo paslaugas. Jie yra IAM nariai, dirbantys jau 30 met\u0173, o tai suteikia jiems prieig\u0105 prie tarptautinio perkraustymo agent\u0173 tinklo, kad gal\u0117t\u0173 si\u016blyti savo paslaugas visame pasaulyje.<\/p>\n<p>\"NMT Ltd\" teikia nam\u0173 \u016bki\u0173 ir biur\u0173 perkraustymo paslaugas Mianmare, \u012f Mianmar\u0105 ir i\u0161 jo, \u012fskaitant ambasadas ir diplomatus. Jie turi patyrusi\u0173 darbuotoj\u0173, kurie pad\u0117s jums viso persikraustymo metu, \u012fskaitant patyrusius pakuotojus, kurie saugiai supakuos j\u016bs\u0173 daiktus ir pasir\u016bpins j\u0173 gabenimu j\u016br\u0173 ar oro transportu su muitin\u0117s tarpininkavimo paslaugomis.<\/p>\n<p>Interneto svetain\u0117: <a href=\"http:\/\/www.ntmyanmar.com\" target=\"_blank\" rel=\"noopener\">http:\/\/www.ntmyanmar.com<\/a><\/p>","protected":false},"excerpt":{"rendered":"<p>When you are moving home or business it can be such a stressful time as there is so much to plan and do especially if you are moving to another country. Engaging the services of a moving company can help reduce your stress and take away a lot of those tasks. Below we have compiled [&hellip;]<\/p>\n","protected":false},"author":4,"featured_media":0,"parent":190,"menu_order":0,"comment_status":"closed","ping_status":"closed","template":"","meta":{"_genesis_hide_title":false,"_genesis_hide_breadcrumbs":false,"_genesis_hide_singular_image":false,"_genesis_hide_footer_widgets":false,"_genesis_custom_body_class":"","_genesis_custom_post_class":"","_genesis_layout":"","footnotes":""},"class_list":{"0":"post-8879","1":"page","2":"type-page","3":"status-publish","5":"entry","6":"has-post-thumbnail"},"_links":{"self":[{"href":"https:\/\/moverdb.com\/lt\/wp-json\/wp\/v2\/pages\/8879","targetHints":{"allow":["GET"]}}],"collection":[{"href":"https:\/\/moverdb.com\/lt\/wp-json\/wp\/v2\/pages"}],"about":[{"href":"https:\/\/moverdb.com\/lt\/wp-json\/wp\/v2\/types\/page"}],"author":[{"embeddable":true,"href":"https:\/\/moverdb.com\/lt\/wp-json\/wp\/v2\/users\/4"}],"replies":[{"embeddable":true,"href":"https:\/\/moverdb.com\/lt\/wp-json\/wp\/v2\/comments?post=8879"}],"version-history":[{"count":1,"href":"https:\/\/moverdb.com\/lt\/wp-json\/wp\/v2\/pages\/8879\/revisions"}],"predecessor-version":[{"id":8881,"href":"https:\/\/moverdb.com\/lt\/wp-json\/wp\/v2\/pages\/8879\/revisions\/8881"}],"up":[{"embeddable":true,"href":"https:\/\/moverdb.com\/lt\/wp-json\/wp\/v2\/pages\/190"}],"wp:attachment":[{"href":"https:\/\/moverdb.com\/lt\/wp-json\/wp\/v2\/media?parent=8879"}],"curies":[{"name":"wp","href":"https:\/\/api.w.org\/{rel}","templated":true}]}}