{"id":8434,"date":"2023-04-27T14:43:29","date_gmt":"2023-04-27T14:43:29","guid":{"rendered":"https:\/\/moverdb.com\/?page_id=8434"},"modified":"2026-01-08T15:23:49","modified_gmt":"2026-01-08T15:23:49","slug":"moving-companies-mongolia","status":"publish","type":"page","link":"https:\/\/moverdb.com\/lt\/moving-companies\/moving-companies-mongolia\/","title":{"rendered":"2 Geriausios tarptautin\u0117s perkraustymo \u012fmon\u0117s Mongolijoje"},"content":{"rendered":"<p>Persikraustymas gali kelti stres\u0105, ypa\u010d jei kraustot\u0117s \u012f kitas \u0161alis. Jei persikeliate Mongolijoje, \u012f Mongolij\u0105 arba i\u0161 Mongolijos, galb\u016bt nor\u0117site pasinaudoti <a href=\"https:\/\/moverdb.com\/lt\/moving-companies\/\" data-internallinksmanager029f6b8e52c=\"79\" title=\"Top 25 Tarptautin\u0117s perkraustymo \u012fmon\u0117s internete\">perkraustymo \u012fmon\u0117<\/a> palengvinti j\u016bs\u0173 gyvenim\u0105. Toliau pateikiame mongol\u0173 kalbos s\u0105ra\u0161\u0105 <a href=\"https:\/\/moverdb.com\/lt\/international-removals\/\" data-internallinksmanager029f6b8e52c=\"27\" title=\"36 geriausios tarptautinio perkraustymo \u012fmon\u0117s Jungtin\u0117je Karalyst\u0117je\">perkraustymo \u012fmon\u0117s<\/a> kurie yra <a href=\"https:\/\/moverdb.com\/lt\/iam\/\" data-internallinksmanager029f6b8e52c=\"23\" title=\"Tarptautin\u0117s perkraustytoj\u0173 asociacijos (IAM) paai\u0161kinimai\">Tarptautin\u0117 perkraustytoj\u0173 asociacija<\/a> (IAM) ir (arba) <a href=\"https:\/\/moverdb.com\/lt\/fidi-faim\/\" data-internallinksmanager029f6b8e52c=\"16\" title=\"FIDI ir FAIM (FIDI akredituotas tarptautinis perve\u017e\u0117jas) paai\u0161kinimai\">FIDI<\/a> Akredituot\u0173 tarptautini\u0173 perkraustymo paslaug\u0173 teik\u0117j\u0173 (FAIM), kurie gal\u0117t\u0173 pad\u0117ti jums persikraustyti.<\/p>\n<h2><strong>1. \"Nice Move Logistics<\/strong><\/h2>\n<p><img loading=\"lazy\" decoding=\"async\" class=\"alignnone size-full wp-image-8349\" src=\"https:\/\/moverdb.com\/wp-content\/uploads\/Nice-Move-Logistics-international-moving-company.png\" alt=\"&quot;Nice Move Logistics&quot; tarptautin\u0117 perkraustymo \u012fmon\u0117\" width=\"1440\" height=\"670\" data-wp-pid=\"8349\" srcset=\"https:\/\/moverdb.com\/wp-content\/uploads\/Nice-Move-Logistics-international-moving-company.png 1440w, https:\/\/moverdb.com\/wp-content\/uploads\/Nice-Move-Logistics-international-moving-company-300x140.png 300w, https:\/\/moverdb.com\/wp-content\/uploads\/Nice-Move-Logistics-international-moving-company-1024x476.png 1024w, https:\/\/moverdb.com\/wp-content\/uploads\/Nice-Move-Logistics-international-moving-company-18x8.png 18w, https:\/\/moverdb.com\/wp-content\/uploads\/Nice-Move-Logistics-international-moving-company-600x279.png 600w\" sizes=\"auto, (max-width: 1440px) 100vw, 1440px\" \/><\/p>\n<ul>\n<li>Vietiniai ir nacionaliniai perkraustymai<\/li>\n<li>Tarptautiniai perkraustymai<\/li>\n<li>Nam\u0173 \u016bkio perkraustymai<\/li>\n<li>Biuro perkraustymai<\/li>\n<li>Profesionalios pakavimo paslaugos<\/li>\n<li>Siuntos j\u016bra ir oru<\/li>\n<li>Muitinis \u012fforminimas<\/li>\n<li>Gyv\u016bn\u0173 augintini\u0173 perk\u0117limas<\/li>\n<li>Automobili\u0173 transportavimas<\/li>\n<li>Sand\u0117liavimo patalpos<\/li>\n<\/ul>\n<p>\"Nice Move Logistics\" yra 2021 m. \u012fkurta persikraustymo ir perkraustymo \u012fmon\u0117, \u012fsik\u016brusi Ulan Batore. Ji yra IAM nar\u0117, dirbanti dvejus metus, o tai jai suteikia prieig\u0105 prie tarptautinio perkraustymo agent\u0173 tinklo, kuris padeda teikti paslaugas visame pasaulyje.<\/p>\n<p>\"Nice Move Logistics\" si\u016blo nam\u0173 \u016bki\u0173 ir biur\u0173 perkraustymo Mongolijoje, \u012f Mongolij\u0105 ir i\u0161 Mongolijos paslaugas. Jie si\u016blo profesionalias pakavimo paslaugas, kad apsaugot\u0173 j\u016bs\u0173 daiktus gabenimo metu, ir pasir\u016bpins j\u0173 gabenimu j\u016bra arba oru su muitin\u0117s formalumais. Jie taip pat si\u016blo papildomas paslaugas, \u012fskaitant gyv\u016bn\u0173 perk\u0117lim\u0105, automobili\u0173 tvarkym\u0105 ir saugojim\u0105.<\/p>\n<p>Interneto svetain\u0117: <a href=\"http:\/\/www.nicelogistics.mn\" target=\"_blank\" rel=\"noopener\">http:\/\/www.nicelogistics.mn<\/a><\/p>\n<h2><strong>2. \"Monex Mongolian Express<\/strong><\/h2>\n<p><img loading=\"lazy\" decoding=\"async\" class=\"alignnone size-full wp-image-8342\" src=\"https:\/\/moverdb.com\/wp-content\/uploads\/Monex-Mongolian-Express-international-moving-company.png\" alt=\"&quot;Monex Mongolian Express&quot; tarptautin\u0117 perkraustymo \u012fmon\u0117\" width=\"1440\" height=\"637\" data-wp-pid=\"8342\" srcset=\"https:\/\/moverdb.com\/wp-content\/uploads\/Monex-Mongolian-Express-international-moving-company.png 1440w, https:\/\/moverdb.com\/wp-content\/uploads\/Monex-Mongolian-Express-international-moving-company-300x133.png 300w, https:\/\/moverdb.com\/wp-content\/uploads\/Monex-Mongolian-Express-international-moving-company-1024x453.png 1024w, https:\/\/moverdb.com\/wp-content\/uploads\/Monex-Mongolian-Express-international-moving-company-18x8.png 18w, https:\/\/moverdb.com\/wp-content\/uploads\/Monex-Mongolian-Express-international-moving-company-600x265.png 600w\" sizes=\"auto, (max-width: 1440px) 100vw, 1440px\" \/><\/p>\n<ul>\n<li>Nacionaliniai judesiai<\/li>\n<li>Tarptautiniai perkraustymai<\/li>\n<li>Nam\u0173 \u016bkio perkraustymai<\/li>\n<li>Komercin\u0117s siuntos<\/li>\n<li>Siunt\u0173 organizavimas<\/li>\n<li><a href=\"https:\/\/moverdb.com\/lt\/container-shipping\/\" data-internallinksmanager029f6b8e52c=\"3\" title=\"Tarptautini\u0173 konteineri\u0173 gabenimo tarif\u0173 diagrama: 2026 m. baland\u017eio m\u0117n.\">Konteineri\u0173 gabenimas<\/a><\/li>\n<li>Pakavimo paslaugos<\/li>\n<li>Keli\u0173, gele\u017einkeli\u0173, j\u016br\u0173 ir oro transportas<\/li>\n<li>Muitinis \u012fforminimas<\/li>\n<li>Sand\u0117liavimo patalpos<\/li>\n<\/ul>\n<p>\"Monex Mongolian Express\" yra 1999 m. \u012fkurta transporto ir logistikos \u012fmon\u0117, \u012fsik\u016brusi Ulan Batore. Ji yra 24 metus veikian\u010dios IAM nar\u0117, tod\u0117l turi tarptautin\u012f perkraustymo agent\u0173 tinkl\u0105, galint\u012f pad\u0117ti teikti paslaugas visame pasaulyje.<\/p>\n<p>\"Monex Mongolian Express\" teikia tarptautinio perkraustymo ir pristatymo paslaugas. Jie pasir\u016bpins j\u016bs\u0173 daikt\u0173 gabenimu keliais, gele\u017einkeliais, j\u016bra ar oru ir pad\u0117s atlikti muitin\u0117s formalumus. Jie si\u016blo 20 ir 40 p\u0117d\u0173 konteinerius j\u016bs\u0173 daiktams gabenti, taip pat \u012fvairi\u0173 dyd\u017ei\u0173 transporto priemones.<\/p>\n<p>Interneto svetain\u0117: <a href=\"http:\/\/www.monex.mn\" target=\"_blank\" rel=\"noopener\">http:\/\/www.monex.mn<\/a><\/p>","protected":false},"excerpt":{"rendered":"<p>Moving can be a stressful time especially if you are moving countries. If you are moving within, to or from Mongolia you may want to engage the services of a moving company to make your life easier. Below we have compiled a list of Mongolian removal companies that are members of the International Association of [&hellip;]<\/p>\n","protected":false},"author":4,"featured_media":0,"parent":190,"menu_order":0,"comment_status":"closed","ping_status":"closed","template":"","meta":{"_genesis_hide_title":false,"_genesis_hide_breadcrumbs":false,"_genesis_hide_singular_image":false,"_genesis_hide_footer_widgets":false,"_genesis_custom_body_class":"","_genesis_custom_post_class":"","_genesis_layout":"","footnotes":""},"class_list":{"0":"post-8434","1":"page","2":"type-page","3":"status-publish","5":"entry","6":"has-post-thumbnail"},"_links":{"self":[{"href":"https:\/\/moverdb.com\/lt\/wp-json\/wp\/v2\/pages\/8434","targetHints":{"allow":["GET"]}}],"collection":[{"href":"https:\/\/moverdb.com\/lt\/wp-json\/wp\/v2\/pages"}],"about":[{"href":"https:\/\/moverdb.com\/lt\/wp-json\/wp\/v2\/types\/page"}],"author":[{"embeddable":true,"href":"https:\/\/moverdb.com\/lt\/wp-json\/wp\/v2\/users\/4"}],"replies":[{"embeddable":true,"href":"https:\/\/moverdb.com\/lt\/wp-json\/wp\/v2\/comments?post=8434"}],"version-history":[{"count":1,"href":"https:\/\/moverdb.com\/lt\/wp-json\/wp\/v2\/pages\/8434\/revisions"}],"predecessor-version":[{"id":8435,"href":"https:\/\/moverdb.com\/lt\/wp-json\/wp\/v2\/pages\/8434\/revisions\/8435"}],"up":[{"embeddable":true,"href":"https:\/\/moverdb.com\/lt\/wp-json\/wp\/v2\/pages\/190"}],"wp:attachment":[{"href":"https:\/\/moverdb.com\/lt\/wp-json\/wp\/v2\/media?parent=8434"}],"curies":[{"name":"wp","href":"https:\/\/api.w.org\/{rel}","templated":true}]}}