{"id":8429,"date":"2023-04-27T14:44:53","date_gmt":"2023-04-27T14:44:53","guid":{"rendered":"https:\/\/moverdb.com\/?page_id=8429"},"modified":"2026-01-08T15:29:22","modified_gmt":"2026-01-08T15:29:22","slug":"moving-companies-mauritius","status":"publish","type":"page","link":"https:\/\/moverdb.com\/lt\/moving-companies\/moving-companies-mauritius\/","title":{"rendered":"6 Geriausios tarptautin\u0117s perkraustymo \u012fmon\u0117s Mauricijuje"},"content":{"rendered":"<p>Persikraustymas \u012f Mauricij\u0173, i\u0161 jo ar \u012f j\u012f gali kelti stres\u0105, nes persikraustant \u012f u\u017esien\u012f reikia daug k\u0105 sutvarkyti ir u\u017epildyti daugyb\u0119 dokument\u0173. Tod\u0117l daugelis \u017emoni\u0173 naudojasi <a href=\"https:\/\/moverdb.com\/lt\/moving-companies\/\" data-internallinksmanager029f6b8e52c=\"79\" title=\"Top 25 Tarptautin\u0117s perkraustymo \u012fmon\u0117s internete\">perkraustymo \u012fmon\u0117<\/a> palengvinti j\u0173 gyvenim\u0105. Toliau pateikiame Mauricijuje \u012fsik\u016brusi\u0173 <a href=\"https:\/\/moverdb.com\/lt\/international-removals\/\" data-internallinksmanager029f6b8e52c=\"27\" title=\"36 geriausios tarptautinio perkraustymo \u012fmon\u0117s Jungtin\u0117je Karalyst\u0117je\">perkraustymo \u012fmon\u0117s<\/a> kurie yra <a href=\"https:\/\/moverdb.com\/lt\/iam\/\" data-internallinksmanager029f6b8e52c=\"23\" title=\"Tarptautin\u0117s perkraustytoj\u0173 asociacijos (IAM) paai\u0161kinimai\">Tarptautin\u0117 perkraustytoj\u0173 asociacija<\/a> (IAM) ir (arba) <a href=\"https:\/\/moverdb.com\/lt\/fidi-faim\/\" data-internallinksmanager029f6b8e52c=\"16\" title=\"FIDI ir FAIM (FIDI akredituotas tarptautinis perve\u017e\u0117jas) paai\u0161kinimai\">FIDI<\/a> Akredituot\u0173 tarptautini\u0173 perkraustymo paslaug\u0173 teik\u0117j\u0173 (FAIM), kurie gal\u0117t\u0173 pad\u0117ti jums persikraustyti.<\/p>\n<div id=\"ez-toc-container\" class=\"ez-toc-v2_0_82_2 ez-toc-wrap-left counter-hierarchy ez-toc-counter ez-toc-transparent ez-toc-container-direction\">\n<div class=\"ez-toc-title-container\">\n<p class=\"ez-toc-title\" style=\"cursor:inherit\">Skyriai<\/p>\n<span class=\"ez-toc-title-toggle\"><a href=\"#\" class=\"ez-toc-pull-right ez-toc-btn ez-toc-btn-xs ez-toc-btn-default ez-toc-toggle\" aria-label=\"Perjungti turinio lentel\u0119\"><span class=\"ez-toc-js-icon-con\"><span class=\"\"><span class=\"eztoc-hide\" style=\"display:none;\">Perjungti<\/span><span class=\"ez-toc-icon-toggle-span\"><svg style=\"fill: #999;color:#999\" xmlns=\"http:\/\/www.w3.org\/2000\/svg\" class=\"list-377408\" width=\"20px\" height=\"20px\" viewbox=\"0 0 24 24\" fill=\"none\"><path d=\"M6 6H4v2h2V6zm14 0H8v2h12V6zM4 11h2v2H4v-2zm16 0H8v2h12v-2zM4 16h2v2H4v-2zm16 0H8v2h12v-2z\" fill=\"currentColor\"><\/path><\/svg><svg style=\"fill: #999;color:#999\" class=\"arrow-unsorted-368013\" xmlns=\"http:\/\/www.w3.org\/2000\/svg\" width=\"10px\" height=\"10px\" viewbox=\"0 0 24 24\" version=\"1.2\" baseprofile=\"tiny\"><path d=\"M18.2 9.3l-6.2-6.3-6.2 6.3c-.2.2-.3.4-.3.7s.1.5.3.7c.2.2.4.3.7.3h11c.3 0 .5-.1.7-.3.2-.2.3-.5.3-.7s-.1-.5-.3-.7zM5.8 14.7l6.2 6.3 6.2-6.3c.2-.2.3-.5.3-.7s-.1-.5-.3-.7c-.2-.2-.4-.3-.7-.3h-11c-.3 0-.5.1-.7.3-.2.2-.3.5-.3.7s.1.5.3.7z\"\/><\/svg><\/span><\/span><\/span><\/a><\/span><\/div>\n<nav><ul class='ez-toc-list ez-toc-list-level-1 eztoc-toggle-hide-by-default' ><li class='ez-toc-page-1 ez-toc-heading-level-2'><a class=\"ez-toc-link ez-toc-heading-1\" href=\"https:\/\/moverdb.com\/lt\/moving-companies\/moving-companies-mauritius\/#1_Celero\" >1. Celero<\/a><\/li><li class='ez-toc-page-1 ez-toc-heading-level-2'><a class=\"ez-toc-link ez-toc-heading-2\" href=\"https:\/\/moverdb.com\/lt\/moving-companies\/moving-companies-mauritius\/#2_Freight_and_Transit_Co_Ltd\" >2. \"Freight and Transit Co Ltd<\/a><\/li><li class='ez-toc-page-1 ez-toc-heading-level-2'><a class=\"ez-toc-link ez-toc-heading-3\" href=\"https:\/\/moverdb.com\/lt\/moving-companies\/moving-companies-mauritius\/#3_Relocation_and_Moving_Solutions_Ltd\" >3. Perkraustymo ir perkraustymo sprendimai Ltd<\/a><\/li><li class='ez-toc-page-1 ez-toc-heading-level-2'><a class=\"ez-toc-link ez-toc-heading-4\" href=\"https:\/\/moverdb.com\/lt\/moving-companies\/moving-companies-mauritius\/#4_Somatrans\" >4. Somatrans<\/a><\/li><li class='ez-toc-page-1 ez-toc-heading-level-2'><a class=\"ez-toc-link ez-toc-heading-5\" href=\"https:\/\/moverdb.com\/lt\/moving-companies\/moving-companies-mauritius\/#5_Velogic\" >5. Velogic<\/a><\/li><li class='ez-toc-page-1 ez-toc-heading-level-2'><a class=\"ez-toc-link ez-toc-heading-6\" href=\"https:\/\/moverdb.com\/lt\/moving-companies\/moving-companies-mauritius\/#6_Worldwide_Relocation_Services\" >6. Perkraustymo paslaugos visame pasaulyje<\/a><\/li><\/ul><\/nav><\/div>\n<h2><span class=\"ez-toc-section\" id=\"1_Celero\"><\/span><strong>1. Celero<\/strong><span class=\"ez-toc-section-end\"><\/span><\/h2>\n<p><img loading=\"lazy\" decoding=\"async\" class=\"alignnone size-full wp-image-8296\" src=\"https:\/\/moverdb.com\/wp-content\/uploads\/Celero-international-moving-company.png\" alt=\"Celero tarptautin\u0117 jud\u0117jimo \u012fmon\u0117\" width=\"1440\" height=\"671\" data-wp-pid=\"8296\" srcset=\"https:\/\/moverdb.com\/wp-content\/uploads\/Celero-international-moving-company.png 1440w, https:\/\/moverdb.com\/wp-content\/uploads\/Celero-international-moving-company-300x140.png 300w, https:\/\/moverdb.com\/wp-content\/uploads\/Celero-international-moving-company-1024x477.png 1024w, https:\/\/moverdb.com\/wp-content\/uploads\/Celero-international-moving-company-18x8.png 18w, https:\/\/moverdb.com\/wp-content\/uploads\/Celero-international-moving-company-600x280.png 600w\" sizes=\"auto, (max-width: 1440px) 100vw, 1440px\" \/><\/p>\n<ul>\n<li>Tarptautiniai perkraustymai<\/li>\n<li>Gyvenam\u0173j\u0173 nam\u0173 perkraustymai<\/li>\n<li>Biuro perkraustymai<\/li>\n<li>Profesionalios pakavimo paslaugos<\/li>\n<li>Krovini\u0173 gabenimas j\u016bra ir oru<\/li>\n<li>Konsolidavimo paslauga<\/li>\n<li>Muitinis \u012fforminimas<\/li>\n<li>Gyv\u016bn\u0173 augintini\u0173 ve\u017eimas<\/li>\n<li>Draudimas<\/li>\n<li>Saugus saugojimas<\/li>\n<\/ul>\n<p>\"Celero\" yra nepriklausoma logistikos bendrov\u0117, \u012fkurta 2009 m. Mauricijuje ir turinti biur\u0105 <a href=\"https:\/\/moverdb.com\/lt\/moving-companies\/moving-companies-madagascar\/\" data-internallinksmanager029f6b8e52c=\"297\" title=\"Geriausios tarptautinio perkraustymo bendrov\u0117s Madagaskare\">Madagaskaras<\/a> taip pat. Jie yra IAM nariai, dirbantys jau 14 met\u0173, tod\u0117l gali naudotis tarptautiniu perkraustymo agent\u0173 tinklu, padedan\u010diu atlikti tarptautinius perkraustymus.<\/p>\n<p>\"Celero\" si\u016blo perkraustymo paslaugas, skirtas gyvenam\u0173j\u0173 nam\u0173 ir biur\u0173 perkraustymui. Jie teikia profesionalias pakavimo ir pakavimo paslaugas, kad apsaugot\u0173 j\u016bs\u0173 daiktus perkraustymo metu, i\u0161pakuoja ir pa\u0161alina \u0161iuk\u0161les. Jie pasir\u016bpins saugiu j\u016bs\u0173 daikt\u0173 gabenimu j\u016br\u0173 ar oro transportu ir pad\u0117s atlikti muitin\u0117s formalumus. Jie taip pat si\u016blo namini\u0173 gyv\u016bn\u0117li\u0173 ve\u017eimo, draudimo ir saugaus sand\u0117liavimo paslaugas.<\/p>\n<p>Interneto svetain\u0117: <a href=\"http:\/\/www.celerogroup.com\" target=\"_blank\" rel=\"noopener\">http:\/\/www.celerogroup.com<\/a><\/p>\n<h2><span class=\"ez-toc-section\" id=\"2_Freight_and_Transit_Co_Ltd\"><\/span><strong>2. \"Freight and Transit Co Ltd<\/strong><span class=\"ez-toc-section-end\"><\/span><\/h2>\n<p><img loading=\"lazy\" decoding=\"async\" class=\"alignnone size-full wp-image-8315\" src=\"https:\/\/moverdb.com\/wp-content\/uploads\/Freight-and-Transit-Co-Ltd-international-moving-company.png\" alt=\"&quot;Freight and Transit Co Ltd&quot; tarptautin\u0117 perkraustymo \u012fmon\u0117\" width=\"1440\" height=\"655\" data-wp-pid=\"8315\" srcset=\"https:\/\/moverdb.com\/wp-content\/uploads\/Freight-and-Transit-Co-Ltd-international-moving-company.png 1440w, https:\/\/moverdb.com\/wp-content\/uploads\/Freight-and-Transit-Co-Ltd-international-moving-company-300x136.png 300w, https:\/\/moverdb.com\/wp-content\/uploads\/Freight-and-Transit-Co-Ltd-international-moving-company-1024x466.png 1024w, https:\/\/moverdb.com\/wp-content\/uploads\/Freight-and-Transit-Co-Ltd-international-moving-company-18x8.png 18w, https:\/\/moverdb.com\/wp-content\/uploads\/Freight-and-Transit-Co-Ltd-international-moving-company-600x273.png 600w\" sizes=\"auto, (max-width: 1440px) 100vw, 1440px\" \/><\/p>\n<ul>\n<li>Vietiniai perkraustymai<\/li>\n<li>Tarptautinis perkraustymas<\/li>\n<li>Nam\u0173 \u016bki\u0173 perkraustymas<\/li>\n<li>Sprendimai \"nuo dur\u0173 iki dur\u0173<\/li>\n<li>Profesionalus pakavimas<\/li>\n<li>Krovini\u0173 gabenimas j\u016bra ir oru<\/li>\n<li>Muitinis \u012fforminimas<\/li>\n<li>Gyv\u016bn\u0173 augintini\u0173 ve\u017eimas<\/li>\n<li>Draudimas<\/li>\n<li>Saugus saugojimas<\/li>\n<\/ul>\n<p>\"Freight and Transit Co Ltd\" yra 1994 m. \u012fkurta transporto ir krovini\u0173 ekspedijavimo \u012fmon\u0117. Ji yra IAM nar\u0117, dirbanti 29 metus, o tai suteikia galimyb\u0119 naudotis tarptautiniu perkraustymo agent\u0173 tinklu.<\/p>\n<p>\"Freight and Transit Co Ltd\" teikia perkraustymo nuo dur\u0173 iki dur\u0173 paslaugas nacionaliniu ir tarptautiniu mastu. Jie teikia profesionalias pakavimo paslaugas, kurios apima j\u016bs\u0173 daikt\u0173 pakavim\u0105 ir supakavim\u0105, bald\u0173 i\u0161ardym\u0105 ir surinkim\u0105, i\u0161pakavim\u0105 ir bet koki\u0173 \u0161iuk\u0161li\u0173 pa\u0161alinim\u0105. Jie pad\u0117s jums pasirinkti optimaliausi\u0105 perkraustymo variant\u0105, \u012fskaitant krovini\u0173 gabenim\u0105 oru ir j\u016bra. Jie pad\u0117s sutvarkyti muitin\u0117s formalumus ir dokumentus, taip pat prireikus pasi\u016blys draudim\u0105 ir saugi\u0105 saugykl\u0105.<\/p>\n<p>Interneto svetain\u0117: <a href=\"http:\/\/www.ftl.mu\" target=\"_blank\" rel=\"noopener\">http:\/\/www.ftl.mu<\/a><\/p>\n<h2><span class=\"ez-toc-section\" id=\"3_Relocation_and_Moving_Solutions_Ltd\"><\/span><strong>3. Perkraustymo ir perkraustymo sprendimai Ltd<\/strong><span class=\"ez-toc-section-end\"><\/span><\/h2>\n<p><img loading=\"lazy\" decoding=\"async\" class=\"alignnone size-full wp-image-8359\" src=\"https:\/\/moverdb.com\/wp-content\/uploads\/Relocation-and-Moving-Solutions-Ltd-international-moving-company.png\" alt=\"Relocation and Moving Solutions Ltd tarptautin\u0117 perkraustymo \u012fmon\u0117\" width=\"1440\" height=\"679\" data-wp-pid=\"8359\" srcset=\"https:\/\/moverdb.com\/wp-content\/uploads\/Relocation-and-Moving-Solutions-Ltd-international-moving-company.png 1440w, https:\/\/moverdb.com\/wp-content\/uploads\/Relocation-and-Moving-Solutions-Ltd-international-moving-company-300x141.png 300w, https:\/\/moverdb.com\/wp-content\/uploads\/Relocation-and-Moving-Solutions-Ltd-international-moving-company-1024x483.png 1024w, https:\/\/moverdb.com\/wp-content\/uploads\/Relocation-and-Moving-Solutions-Ltd-international-moving-company-18x8.png 18w, https:\/\/moverdb.com\/wp-content\/uploads\/Relocation-and-Moving-Solutions-Ltd-international-moving-company-600x283.png 600w\" sizes=\"auto, (max-width: 1440px) 100vw, 1440px\" \/><\/p>\n<ul>\n<li>Nacionaliniai judesiai<\/li>\n<li>Tarptautiniai perkraustymai<\/li>\n<li>Nam\u0173 \u016bkio perkraustymai<\/li>\n<li>Biuro i\u0161kraustymas<\/li>\n<li>Individual\u016bs sprendimai<\/li>\n<li>Paslaugos \"nuo dur\u0173 iki dur\u0173<\/li>\n<li>Pakavimo paslauga<\/li>\n<li>Ve\u017eimas keliais, j\u016bra arba oru<\/li>\n<li>Muitinis \u012fforminimas<\/li>\n<li>Trumpalaikis ir ilgalaikis saugojimas<\/li>\n<\/ul>\n<p>\"Relocation and Moving Solutions Ltd\" yra perkraustymo paslaug\u0173 teik\u0117ja, teikianti perkraustymo paslaugas Mauricijuje, \u012f Mauricij\u0173 ir i\u0161 Mauricijaus. Teikdama paslaugas tarptautiniu mastu, ji bendradarbiauja su akredituotais partneriais ir yra IAM nar\u0117.<\/p>\n<p>\"Relocation and Moving Solutions Ltd\" si\u016blo individualiai pritaikytas perkraustymo paslaugas, kurios apima nacionalinio ir tarptautinio perkraustymo paslaugas nuo dur\u0173 iki dur\u0173. Jie teikia pakavimo paslaugas, kurioms naudojamos auk\u0161\u010diausios kokyb\u0117s med\u017eiagos, kad daiktai b\u016bt\u0173 apsaugoti, \u012fskaitant d\u0117\u017ees ir tvirtinimus. Jie pasir\u016bpins j\u016bs\u0173 daikt\u0173 gabenimu keliais, oru ir j\u016bra bei pad\u0117s atlikti muitin\u0117s formalumus.<\/p>\n<p>Interneto svetain\u0117: <a href=\"http:\/\/mauritius-relocation.com\/\" target=\"_blank\" rel=\"noopener\">http:\/\/mauritius-relocation.com\/<\/a><\/p>\n<h2><span class=\"ez-toc-section\" id=\"4_Somatrans\"><\/span><strong>4. Somatrans<\/strong><span class=\"ez-toc-section-end\"><\/span><\/h2>\n<p><img loading=\"lazy\" decoding=\"async\" class=\"alignnone size-full wp-image-8366\" src=\"https:\/\/moverdb.com\/wp-content\/uploads\/Somatrans-international-moving-company.png\" alt=\"&quot;Somatrans&quot; tarptautin\u0117 judanti \u012fmon\u0117\" width=\"1440\" height=\"632\" data-wp-pid=\"8366\" srcset=\"https:\/\/moverdb.com\/wp-content\/uploads\/Somatrans-international-moving-company.png 1440w, https:\/\/moverdb.com\/wp-content\/uploads\/Somatrans-international-moving-company-300x132.png 300w, https:\/\/moverdb.com\/wp-content\/uploads\/Somatrans-international-moving-company-1024x449.png 1024w, https:\/\/moverdb.com\/wp-content\/uploads\/Somatrans-international-moving-company-18x8.png 18w, https:\/\/moverdb.com\/wp-content\/uploads\/Somatrans-international-moving-company-600x263.png 600w\" sizes=\"auto, (max-width: 1440px) 100vw, 1440px\" \/><\/p>\n<ul>\n<li>Nacionaliniai judesiai<\/li>\n<li>Tarptautiniai perkraustymai<\/li>\n<li>Nam\u0173 \u016bki\u0173 perkraustymas<\/li>\n<li>Paslauga \"nuo dur\u0173 iki dur\u0173<\/li>\n<li>Pakavimo paslauga<\/li>\n<li>Krovini\u0173 gabenimas j\u016bra ir oru<\/li>\n<li>Pasirinkimas <a href=\"https:\/\/moverdb.com\/lt\/shipping-container-sizes-and-dimensions\/\" data-internallinksmanager029f6b8e52c=\"247\" title=\"Galutinis gabenimo konteineri\u0173 dyd\u017ei\u0173 ir matmen\u0173 vadovas\">konteineri\u0173 dyd\u017eiai<\/a><\/li>\n<li>Muitin\u0117s tarpininkavimas<\/li>\n<li>Draudimas<\/li>\n<li>Sand\u0117liavimo patalpos<\/li>\n<\/ul>\n<p>\"Somatrans\" yra tarptautin\u0117 <a href=\"https:\/\/moverdb.com\/lt\/freight-forwarder\/\" data-internallinksmanager029f6b8e52c=\"17\" title=\"Tarptautini\u0173 ekspeditori\u0173 ir NVOCC s\u0105naud\u0173 ir \u012fmoni\u0173 vadovas\">ekspeditorius<\/a> \u012fsik\u016brusi Ruche Terre ir turinti biurus SSR tarptautiniame oro uoste. Jie bendradarbiauja su geros reputacijos ir kvalifikuotais tarptautiniais perkraustytojais, kurie padeda teikti paslaugas visame pasaulyje. Be to, jie yra IAM nariai, dirbantys jau 50 met\u0173.<\/p>\n<p>\"Somatrans\" si\u016blo perkraustymo nuo dur\u0173 iki dur\u0173 paslaugas, kurias teikia profesional\u016bs perkraustytojai, turintys tarptautinio perkraustymo patirties. Jie suteikia galimyb\u0119 patiems supakuoti savo daiktus arba leisti jiems juos supakuoti u\u017e jus, taip pat si\u016blo pad\u0117klus ir d\u0117\u017ees. Jie si\u016blo krovini\u0173 gabenimo oro ir j\u016br\u0173 transportu paslaugas, \u012fskaitant krovini\u0173 gabenim\u0105 pilnais konteineriais ir ma\u017eesniais konteineriais, taip pat konsolidacijos galimybes.<\/p>\n<p>Interneto svetain\u0117: <a href=\"http:\/\/www.somatrans.mu\" target=\"_blank\" rel=\"noopener\">http:\/\/www.somatrans.mu<\/a><\/p>\n<h2><span class=\"ez-toc-section\" id=\"5_Velogic\"><\/span><strong>5. Velogic<\/strong><span class=\"ez-toc-section-end\"><\/span><\/h2>\n<p><img loading=\"lazy\" decoding=\"async\" class=\"alignnone size-full wp-image-8380\" src=\"https:\/\/moverdb.com\/wp-content\/uploads\/Velogic-international-moving-company.png\" alt=\"&quot;Velogic&quot; tarptautin\u0117 perkraustymo \u012fmon\u0117\" width=\"1440\" height=\"678\" data-wp-pid=\"8380\" srcset=\"https:\/\/moverdb.com\/wp-content\/uploads\/Velogic-international-moving-company.png 1440w, https:\/\/moverdb.com\/wp-content\/uploads\/Velogic-international-moving-company-300x141.png 300w, https:\/\/moverdb.com\/wp-content\/uploads\/Velogic-international-moving-company-1024x482.png 1024w, https:\/\/moverdb.com\/wp-content\/uploads\/Velogic-international-moving-company-18x8.png 18w, https:\/\/moverdb.com\/wp-content\/uploads\/Velogic-international-moving-company-600x283.png 600w\" sizes=\"auto, (max-width: 1440px) 100vw, 1440px\" \/><\/p>\n<ul>\n<li>Nacionaliniai judesiai<\/li>\n<li>Tarptautiniai perkraustymai<\/li>\n<li>Nam\u0173 \u016bkio perkraustymai<\/li>\n<li>\u012emoni\u0173 aptarnavimo paslaugos<\/li>\n<li>Individual\u016bs sprendimai<\/li>\n<li>Sausumos, j\u016br\u0173 ir oro transportas<\/li>\n<li>\u012ekrovos parink\u010di\u0173 asortimentas<\/li>\n<li>Muitinis \u012fforminimas<\/li>\n<li>Steb\u0117jimo platforma<\/li>\n<li>Sand\u0117liavimo patalpos<\/li>\n<\/ul>\n<p>\"Velogic\" yra logistikos \u012fmon\u0117, veikianti visame pasaulyje 38 vietose, \u012fskaitant Mauricij\u0173, <a href=\"https:\/\/moverdb.com\/lt\/moving-to-france\/\" data-internallinksmanager029f6b8e52c=\"315\" title=\"Persik\u0117limas \u012f Pranc\u016bzij\u0105? 2023 Gyvenimo i\u0161laidos ir persik\u0117limo patarimai\">Pranc\u016bzija<\/a>, <a href=\"https:\/\/moverdb.com\/lt\/moving-to-india\/\" data-internallinksmanager029f6b8e52c=\"356\" title=\"Persik\u0117limas \u012f Indij\u0105? 2023 m. pragyvenimo i\u0161laidos ir persik\u0117limo patarimai\">Indija<\/a>, Madagaskaras, <a href=\"https:\/\/moverdb.com\/lt\/moving-companies\/moving-companies-kenya\/\" data-internallinksmanager029f6b8e52c=\"305\" title=\"4 Geriausios tarptautin\u0117s perkraustymo \u012fmon\u0117s Kenijoje\">Kenija<\/a> ir Reunjono saloje. Jie bendradarbiauja su tarptautini\u0173 perkraustymo agent\u0173 tinklu, kad gal\u0117t\u0173 i\u0161pl\u0117sti savo i\u0161teklius ir galimybes teikti paslaugas tarptautiniu mastu. Jie yra IAM nariai, dirbantys jau 30 met\u0173.<\/p>\n<p>\"Velogic\" si\u016blo specialiai pritaikytus importo ir eksporto sprendimus, \u012fskaitant perkraustymo paslaugas. Jie si\u016blo \u012fvairias transportavimo galimybes, \u012fskaitant krovini\u0173 gabenim\u0105 oru, j\u016bra ir keliais, taip pat muitin\u012f \u012fforminim\u0105. J\u016br\u0173 transportu gabenami ma\u017eesni nei konteinerio kroviniai ir pilni konteineriai.<\/p>\n<p>Interneto svetain\u0117: <a href=\"http:\/\/www.velogic.net\" target=\"_blank\" rel=\"noopener\">http:\/\/www.velogic.net<\/a><\/p>\n<h2><span class=\"ez-toc-section\" id=\"6_Worldwide_Relocation_Services\"><\/span><strong>6. Perkraustymo paslaugos visame pasaulyje<\/strong><span class=\"ez-toc-section-end\"><\/span><\/h2>\n<p>&nbsp;<img loading=\"lazy\" decoding=\"async\" class=\"alignnone size-full wp-image-8430\" src=\"https:\/\/moverdb.com\/wp-content\/uploads\/Worldwide-Relocation-Services-international-moving-company.png\" alt=\"Worldwide Relocation Services tarptautin\u0117 perkraustymo \u012fmon\u0117\" width=\"1440\" height=\"683\" data-wp-pid=\"8430\" srcset=\"https:\/\/moverdb.com\/wp-content\/uploads\/Worldwide-Relocation-Services-international-moving-company.png 1440w, https:\/\/moverdb.com\/wp-content\/uploads\/Worldwide-Relocation-Services-international-moving-company-300x142.png 300w, https:\/\/moverdb.com\/wp-content\/uploads\/Worldwide-Relocation-Services-international-moving-company-1024x486.png 1024w, https:\/\/moverdb.com\/wp-content\/uploads\/Worldwide-Relocation-Services-international-moving-company-18x9.png 18w, https:\/\/moverdb.com\/wp-content\/uploads\/Worldwide-Relocation-Services-international-moving-company-600x285.png 600w\" sizes=\"auto, (max-width: 1440px) 100vw, 1440px\" \/><\/p>\n<ul>\n<li>Nacionaliniai judesiai<\/li>\n<li>Tarptautiniai perkraustymai<\/li>\n<li>Nam\u0173 \u016bkio perkraustymai ir perk\u0117limai<\/li>\n<li>Biuro perkraustymai<\/li>\n<li>Asmeninio jud\u0117jimo vadybininkas<\/li>\n<li>Paslauga \"nuo dur\u0173 iki dur\u0173<\/li>\n<li>Pakavimo paslauga<\/li>\n<li>Transportavimas su muitin\u0117s konsultacijomis<\/li>\n<li>Gyv\u016bn\u0173 augintini\u0173 kelioni\u0173 paslauga<\/li>\n<li>Sand\u0117liavimo patalpos<\/li>\n<\/ul>\n<p>\"Worldwide Relocation Services\" yra persikraustymo ir perk\u0117limo \u012fmon\u0117, kuri teikia nam\u0173 \u016bki\u0173 perk\u0117limo paslaugas visame pasaulyje. Ji bendradarbiauja su daugeliu perkraustymo agent\u0173 visame pasaulyje, kad u\u017etikrint\u0173 tarptautin\u012f perkraustym\u0105, taip pat yra IAM nar\u0117.<\/p>\n<p>\"Worldwide Relocation Services\" si\u016blo operatyv\u0173 po\u017ei\u016br\u012f \u012f perve\u017eim\u0105 ir paskiria asmenin\u012f perkraustymo vadybinink\u0105 bei patyrus\u012f tarptautinio perkraustymo konsultant\u0105, kuris jums pad\u0117s. Jie si\u016blo paslaugas nuo dur\u0173 iki dur\u0173, \u012fskaitant profesionalias pakavimo paslaugas, bald\u0173 ir antikvarini\u0173 daikt\u0173 perkraustym\u0105, meno dirbini\u0173 perkraustym\u0105 ir kelioni\u0173 su naminiais gyv\u016bnais paslaugas. Jie pasir\u016bpins j\u016bs\u0173 daikt\u0173 gabenimu, kuris apima muitin\u0117s konsultacijas ir draudim\u0105.<\/p>\n<p>Interneto svetain\u0117: <a href=\"http:\/\/www.relocation.mu\" target=\"_blank\" rel=\"noopener\">http:\/\/www.relocation.mu<\/a><\/p>","protected":false},"excerpt":{"rendered":"<p>Moving home or business within, to or from Mauritius can be a stressful time as there is so much to organise and paperwork to complete if you are moving abroad. This is why many people engage the services of a moving company to make their life easier. Below we have compiled a list of Mauritius [&hellip;]<\/p>\n","protected":false},"author":4,"featured_media":0,"parent":190,"menu_order":0,"comment_status":"closed","ping_status":"closed","template":"","meta":{"_genesis_hide_title":false,"_genesis_hide_breadcrumbs":false,"_genesis_hide_singular_image":false,"_genesis_hide_footer_widgets":false,"_genesis_custom_body_class":"","_genesis_custom_post_class":"","_genesis_layout":"","footnotes":""},"class_list":{"0":"post-8429","1":"page","2":"type-page","3":"status-publish","5":"entry","6":"has-post-thumbnail"},"_links":{"self":[{"href":"https:\/\/moverdb.com\/lt\/wp-json\/wp\/v2\/pages\/8429","targetHints":{"allow":["GET"]}}],"collection":[{"href":"https:\/\/moverdb.com\/lt\/wp-json\/wp\/v2\/pages"}],"about":[{"href":"https:\/\/moverdb.com\/lt\/wp-json\/wp\/v2\/types\/page"}],"author":[{"embeddable":true,"href":"https:\/\/moverdb.com\/lt\/wp-json\/wp\/v2\/users\/4"}],"replies":[{"embeddable":true,"href":"https:\/\/moverdb.com\/lt\/wp-json\/wp\/v2\/comments?post=8429"}],"version-history":[{"count":1,"href":"https:\/\/moverdb.com\/lt\/wp-json\/wp\/v2\/pages\/8429\/revisions"}],"predecessor-version":[{"id":8431,"href":"https:\/\/moverdb.com\/lt\/wp-json\/wp\/v2\/pages\/8429\/revisions\/8431"}],"up":[{"embeddable":true,"href":"https:\/\/moverdb.com\/lt\/wp-json\/wp\/v2\/pages\/190"}],"wp:attachment":[{"href":"https:\/\/moverdb.com\/lt\/wp-json\/wp\/v2\/media?parent=8429"}],"curies":[{"name":"wp","href":"https:\/\/api.w.org\/{rel}","templated":true}]}}