{"id":8410,"date":"2023-04-27T14:49:53","date_gmt":"2023-04-27T14:49:53","guid":{"rendered":"https:\/\/moverdb.com\/?page_id=8410"},"modified":"2026-01-08T15:24:22","modified_gmt":"2026-01-08T15:24:22","slug":"moving-companies-luxembourg","status":"publish","type":"page","link":"https:\/\/moverdb.com\/lt\/moving-companies\/moving-companies-luxembourg\/","title":{"rendered":"3 geriausios tarptautin\u0117s perkraustymo \u012fmon\u0117s Liuksemburge"},"content":{"rendered":"<p>Kai persikeliate, nesvarbu, ar tai b\u016bt\u0173 vietinis, nacionalinis, ar tarptautinis persikraustymas, reikia apie daug k\u0105 galvoti ir d\u0117l to galite nemiegoti naktimis. Pasamdyti <a href=\"https:\/\/moverdb.com\/lt\/moving-companies\/\" data-internallinksmanager029f6b8e52c=\"79\" title=\"Top 25 Tarptautin\u0117s perkraustymo \u012fmon\u0117s internete\">perkraustymo \u012fmon\u0117<\/a> tvarkyti persikraustym\u0105 gali j\u012f supaprastinti ir pad\u0117ti geriau miegoti. Toliau pateikiame s\u0105ra\u0161\u0105 <a href=\"https:\/\/moverdb.com\/lt\/moving-to-luxembourg\/\" data-internallinksmanager029f6b8e52c=\"349\" title=\"Persik\u0117limas \u012f Liuksemburg\u0105? 2023 Gyvenimo i\u0161laidos ir persik\u0117limo patarimai\">Liuksemburgas<\/a> remiantis <a href=\"https:\/\/moverdb.com\/lt\/international-removals\/\" data-internallinksmanager029f6b8e52c=\"27\" title=\"36 geriausios tarptautinio perkraustymo \u012fmon\u0117s Jungtin\u0117je Karalyst\u0117je\">perkraustymo \u012fmon\u0117s<\/a> kurie yra <a href=\"https:\/\/moverdb.com\/lt\/iam\/\" data-internallinksmanager029f6b8e52c=\"23\" title=\"Tarptautin\u0117s perkraustytoj\u0173 asociacijos (IAM) paai\u0161kinimai\">Tarptautin\u0117 perkraustytoj\u0173 asociacija<\/a> (IAM) ir (arba) <a href=\"https:\/\/moverdb.com\/lt\/fidi-faim\/\" data-internallinksmanager029f6b8e52c=\"16\" title=\"FIDI ir FAIM (FIDI akredituotas tarptautinis perve\u017e\u0117jas) paai\u0161kinimai\">FIDI<\/a> Akredituotas tarptautinis perkraustymas (FAIM), kuris gal\u0117t\u0173 pad\u0117ti jums persikraustyti.<\/p>\n<div id=\"ez-toc-container\" class=\"ez-toc-v2_0_82_2 ez-toc-wrap-left counter-hierarchy ez-toc-counter ez-toc-transparent ez-toc-container-direction\">\n<div class=\"ez-toc-title-container\">\n<p class=\"ez-toc-title\" style=\"cursor:inherit\">Skyriai<\/p>\n<span class=\"ez-toc-title-toggle\"><a href=\"#\" class=\"ez-toc-pull-right ez-toc-btn ez-toc-btn-xs ez-toc-btn-default ez-toc-toggle\" aria-label=\"Perjungti turinio lentel\u0119\"><span class=\"ez-toc-js-icon-con\"><span class=\"\"><span class=\"eztoc-hide\" style=\"display:none;\">Perjungti<\/span><span class=\"ez-toc-icon-toggle-span\"><svg style=\"fill: #999;color:#999\" xmlns=\"http:\/\/www.w3.org\/2000\/svg\" class=\"list-377408\" width=\"20px\" height=\"20px\" viewbox=\"0 0 24 24\" fill=\"none\"><path d=\"M6 6H4v2h2V6zm14 0H8v2h12V6zM4 11h2v2H4v-2zm16 0H8v2h12v-2zM4 16h2v2H4v-2zm16 0H8v2h12v-2z\" fill=\"currentColor\"><\/path><\/svg><svg style=\"fill: #999;color:#999\" class=\"arrow-unsorted-368013\" xmlns=\"http:\/\/www.w3.org\/2000\/svg\" width=\"10px\" height=\"10px\" viewbox=\"0 0 24 24\" version=\"1.2\" baseprofile=\"tiny\"><path d=\"M18.2 9.3l-6.2-6.3-6.2 6.3c-.2.2-.3.4-.3.7s.1.5.3.7c.2.2.4.3.7.3h11c.3 0 .5-.1.7-.3.2-.2.3-.5.3-.7s-.1-.5-.3-.7zM5.8 14.7l6.2 6.3 6.2-6.3c.2-.2.3-.5.3-.7s-.1-.5-.3-.7c-.2-.2-.4-.3-.7-.3h-11c-.3 0-.5.1-.7.3-.2.2-.3.5-.3.7s.1.5.3.7z\"\/><\/svg><\/span><\/span><\/span><\/a><\/span><\/div>\n<nav><ul class='ez-toc-list ez-toc-list-level-1 eztoc-toggle-hide-by-default' ><li class='ez-toc-page-1 ez-toc-heading-level-2'><a class=\"ez-toc-link ez-toc-heading-1\" href=\"https:\/\/moverdb.com\/lt\/moving-companies\/moving-companies-luxembourg\/#1_Streff\" >1. Streff<\/a><\/li><li class='ez-toc-page-1 ez-toc-heading-level-2'><a class=\"ez-toc-link ez-toc-heading-2\" href=\"https:\/\/moverdb.com\/lt\/moving-companies\/moving-companies-luxembourg\/#2_MoverManiac\" >2. MoverManiac<\/a><\/li><li class='ez-toc-page-1 ez-toc-heading-level-2'><a class=\"ez-toc-link ez-toc-heading-3\" href=\"https:\/\/moverdb.com\/lt\/moving-companies\/moving-companies-luxembourg\/#3_Tranelux\" >3. Tranelux<\/a><\/li><li class='ez-toc-page-1 ez-toc-heading-level-2'><a class=\"ez-toc-link ez-toc-heading-4\" href=\"https:\/\/moverdb.com\/lt\/moving-companies\/moving-companies-luxembourg\/#Other_Useful_Guides_to_Luxembourg\" >Kiti naudingi Liuksemburgo gidai<\/a><\/li><\/ul><\/nav><\/div>\n<h2><span class=\"ez-toc-section\" id=\"1_Streff\"><\/span><strong>1. Streff<\/strong><span class=\"ez-toc-section-end\"><\/span><\/h2>\n<p><img loading=\"lazy\" decoding=\"async\" class=\"alignnone size-full wp-image-8367\" src=\"https:\/\/moverdb.com\/wp-content\/uploads\/Streff-international-moving-company.png\" alt=\"&quot;Streff&quot; tarptautin\u0117 perkraustymo \u012fmon\u0117\" width=\"1440\" height=\"683\" data-wp-pid=\"8367\" srcset=\"https:\/\/moverdb.com\/wp-content\/uploads\/Streff-international-moving-company.png 1440w, https:\/\/moverdb.com\/wp-content\/uploads\/Streff-international-moving-company-300x142.png 300w, https:\/\/moverdb.com\/wp-content\/uploads\/Streff-international-moving-company-1024x486.png 1024w, https:\/\/moverdb.com\/wp-content\/uploads\/Streff-international-moving-company-18x9.png 18w, https:\/\/moverdb.com\/wp-content\/uploads\/Streff-international-moving-company-600x285.png 600w\" sizes=\"auto, (max-width: 1440px) 100vw, 1440px\" \/><\/p>\n<ul>\n<li>Nacionaliniai judesiai<\/li>\n<li>Tarptautiniai perkraustymai<\/li>\n<li>Gyvenam\u0173j\u0173 nam\u0173 perkraustymai<\/li>\n<li>Verslo \u017eingsniai<\/li>\n<li>Individualiai pritaikyt\u0173 paket\u0173 pasirinkimas<\/li>\n<li>Pakavimo paslauga<\/li>\n<li>Transportavimo organizavimas<\/li>\n<li>Gyv\u016bn\u0173 augintini\u0173 ve\u017eimas<\/li>\n<li>Draudimas<\/li>\n<li>Saugios saugyklos<\/li>\n<\/ul>\n<p>\"Streff\" - tai nuo 1928 m. veikianti transporto ir sand\u0117liavimo \u012fmon\u0117, \u012fsik\u016brusi \u0160trasene. Ji yra ilgamet\u0117 IAM nar\u0117 ir akredituota FIDI.<\/p>\n<p>\"Streff\" si\u016blo jums pritaikytus paketus, \u012f kuriuos \u012feina i\u0161samios, standartin\u0117s ir pagrindin\u0117s paslaugos. \u012e piln\u0105 paslaug\u0105 \u012feina kruop\u0161tus j\u016bs\u0173 daikt\u0173 pakavimas, bald\u0173 i\u0161montavimas, transportavimo organizavimas, bald\u0173 i\u0161pakavimas ir surinkimas. Standartin\u0117 paslauga leid\u017eia jums patiems supakuoti ir i\u0161pakuoti daiktus. Pagrindin\u0117 paslauga - tai tik transportavimo paslauga. Papildomos paslaugos apima b\u016bsto paie\u0161kos, \u012fsik\u016brimo, prekybinink\u0173, valymo, namini\u0173 gyv\u016bn\u0117li\u0173 ve\u017eimo, draudimo ir saugojimo paslaugas.<\/p>\n<p>Interneto svetain\u0117: <a href=\"http:\/\/www.streff.lu\/en\" target=\"_blank\" rel=\"noopener\">http:\/\/www.streff.lu\/en<\/a><\/p>\n<h2><span class=\"ez-toc-section\" id=\"2_MoverManiac\"><\/span><strong>2. MoverManiac<\/strong><span class=\"ez-toc-section-end\"><\/span><\/h2>\n<p><img loading=\"lazy\" decoding=\"async\" class=\"alignnone size-full wp-image-8344\" src=\"https:\/\/moverdb.com\/wp-content\/uploads\/Mover-Maniac-international-moving-company.png\" alt=\"Mover Maniac tarptautin\u0117 judanti \u012fmon\u0117\" width=\"1440\" height=\"678\" data-wp-pid=\"8344\" srcset=\"https:\/\/moverdb.com\/wp-content\/uploads\/Mover-Maniac-international-moving-company.png 1440w, https:\/\/moverdb.com\/wp-content\/uploads\/Mover-Maniac-international-moving-company-300x141.png 300w, https:\/\/moverdb.com\/wp-content\/uploads\/Mover-Maniac-international-moving-company-1024x482.png 1024w, https:\/\/moverdb.com\/wp-content\/uploads\/Mover-Maniac-international-moving-company-18x8.png 18w, https:\/\/moverdb.com\/wp-content\/uploads\/Mover-Maniac-international-moving-company-600x283.png 600w\" sizes=\"auto, (max-width: 1440px) 100vw, 1440px\" \/><\/p>\n<ul>\n<li>Vietiniai ir nacionaliniai perkraustymai<\/li>\n<li>Tarptautiniai perkraustymai<\/li>\n<li>Nam\u0173 \u016bki\u0173 perkraustymas<\/li>\n<li>Biur\u0173 perkraustymas<\/li>\n<li>Individualiai pritaikytos paslaugos<\/li>\n<li>Apklausa prie\u0161 persikraustym\u0105<\/li>\n<li>Pakavimo paslauga<\/li>\n<li>Preki\u0173 gabenimas<\/li>\n<li>Nam\u0173 valymas ir da\u017eymas<\/li>\n<li>Sand\u0117liavimo patalpos<\/li>\n<\/ul>\n<p>\"MoverManiac\" yra profesionali perkraustymo \u012fmon\u0117, \u012fsik\u016brusi Trintange. Ji teikia visas arba dalines perkraustymo paslaugas ir \u017emogaus su furgonu paslaugas. Jie yra IAM nariai, tod\u0117l gali naudotis tarptautini\u0173 perkraustymo agent\u0173 tinklu.<\/p>\n<p>\"MoverManiac\" si\u016blo apklaus\u0105 prie\u0161 persikraustym\u0105, kad \u012fvertint\u0173 j\u016bs\u0173 persikraustymo poreikius ir pateikt\u0173 pasi\u016blym\u0105. Jie si\u016blo individualiai pritaikytas perkraustymo nuo dur\u0173 iki dur\u0173 paslaugas, kurios gali apimti j\u016bs\u0173 daikt\u0173 pakavim\u0105, bald\u0173 i\u0161ardym\u0105 ir surinkim\u0105 arba tik pakavimo med\u017eiag\u0173 par\u016bpinim\u0105. Jie pasir\u016bpins j\u016bs\u0173 daikt\u0173 perve\u017eimu Europoje. Jie teikia papildomas paslaugas, \u012fskaitant nam\u0173 valym\u0105, da\u017eym\u0105, sand\u0117liavim\u0105 ir nereikaling\u0173 daikt\u0173 i\u0161ve\u017eim\u0105.<\/p>\n<p>Interneto svetain\u0117: <a href=\"http:\/\/www.movermaniac.lu\" target=\"_blank\" rel=\"noopener\">http:\/\/www.movermaniac.lu<\/a><\/p>\n<h2><span class=\"ez-toc-section\" id=\"3_Tranelux\"><\/span><strong>3. Tranelux<\/strong><span class=\"ez-toc-section-end\"><\/span><\/h2>\n<p><img loading=\"lazy\" decoding=\"async\" class=\"alignnone size-full wp-image-8374\" src=\"https:\/\/moverdb.com\/wp-content\/uploads\/Tranelux-international-moving-company.png\" alt=\"&quot;Tranelux&quot; tarptautin\u0117 perkraustymo \u012fmon\u0117\" width=\"1440\" height=\"682\" data-wp-pid=\"8374\" srcset=\"https:\/\/moverdb.com\/wp-content\/uploads\/Tranelux-international-moving-company.png 1440w, https:\/\/moverdb.com\/wp-content\/uploads\/Tranelux-international-moving-company-300x142.png 300w, https:\/\/moverdb.com\/wp-content\/uploads\/Tranelux-international-moving-company-1024x485.png 1024w, https:\/\/moverdb.com\/wp-content\/uploads\/Tranelux-international-moving-company-18x9.png 18w, https:\/\/moverdb.com\/wp-content\/uploads\/Tranelux-international-moving-company-600x284.png 600w\" sizes=\"auto, (max-width: 1440px) 100vw, 1440px\" \/><\/p>\n<ul>\n<li>Tarptautiniai perk\u0117limai<\/li>\n<li>Nam\u0173 \u016bki\u0173 perk\u0117limas<\/li>\n<li>Darbuotoj\u0173 perk\u0117limai<\/li>\n<li>Paslauga \"nuo dur\u0173 iki dur\u0173<\/li>\n<li>Judan\u010di\u0173 paket\u0173 pasirinkimas<\/li>\n<li>Pakavimo paslauga<\/li>\n<li>Transportavimo organizavimas<\/li>\n<li>Profesin\u0117s paslaugos<\/li>\n<li>Gabenimas vaizduojamojo meno priemon\u0117mis<\/li>\n<li>Saugios saugyklos<\/li>\n<\/ul>\n<p>\"Tranelux\" yra 1957 m. \u012fkurta perkraustymo ir sand\u0117liavimo \u012fmon\u0117, \u012fsik\u016brusi Konterne. Ji yra <a href=\"https:\/\/moverdb.com\/lt\/euromovers\/\" data-internallinksmanager029f6b8e52c=\"12\" title=\"Paai\u0161kinta Europos perve\u017e\u0117j\u0173 partneryst\u0117 (EUROMOVERS International)\">Euromovers<\/a> Tinklo atstovas Liuksemburge ir jie yra IAM nariai, dirbantys 66 metus.<\/p>\n<p>\"Tranelux\" si\u016blo tris paketus - piln\u0105, klasikin\u012f ir ekonomin\u012f. Pilnas paketas - tai paslaugos nuo dur\u0173 iki dur\u0173, \u012fskaitant bald\u0173 pakavim\u0105, i\u0161ardym\u0105 ir surinkim\u0105 bei meistr\u0173, pavyzd\u017eiui, da\u017eytoj\u0173, santechnik\u0173 ir elektrik\u0173, pagalb\u0105. Klasikinis paketas leid\u017eia taikyti lankstesn\u012f paket\u0105 ir labiau \u012fsitraukti \u012f perkraustymo veikl\u0105. Ekonominis paketas leid\u017eia daugum\u0105 u\u017eduo\u010di\u0173 atlikti patiems ir teikia transporto paslaugas.<\/p>\n<p>Interneto svetain\u0117: <a href=\"http:\/\/www.tranelux.lu\" target=\"_blank\" rel=\"noopener\">http:\/\/www.tranelux.lu<\/a><\/p>\n<h2><span class=\"ez-toc-section\" id=\"Other_Useful_Guides_to_Luxembourg\"><\/span>Kiti naudingi Liuksemburgo gidai<span class=\"ez-toc-section-end\"><\/span><\/h2>\n<ul>\n<li> <a href=\"https:\/\/moverdb.com\/lt\/konteineriu-kroviniu-gabenimas\/liuksemburgas\/\">2024 J\u016br\u0173 krovini\u0173 gabenimo konteineriais \u012f Liuksemburg\u0105 ir i\u0161 jo kainos<\/a><\/li>\n<li> <a href=\"https:\/\/moverdb.com\/lt\/moving-to-luxembourg\/\">Persik\u0117limas \u012f Liuksemburg\u0105? 2023 Gyvenimo i\u0161laidos ir persik\u0117limo patarimai<\/a><\/li>\n<li> <a href=\"https:\/\/moverdb.com\/lt\/moving-to-luxembourg\/living-in-luxembourg\/\">21 paslaptis apie gyvenim\u0105 Liuksemburge, kurias reikia \u017einoti prie\u0161 persikeliant<\/a><\/li>\n<\/ul>","protected":false},"excerpt":{"rendered":"<p>When you are moving whether that is locally, nationally or internationally, there is a lot to think about and can keep you awake at night. Employing a moving company to manage your move can simplify it and help you sleep better. Below we have compiled a list of Luxembourg based removal companies that are members [&hellip;]<\/p>\n","protected":false},"author":4,"featured_media":0,"parent":190,"menu_order":0,"comment_status":"closed","ping_status":"closed","template":"","meta":{"_genesis_hide_title":false,"_genesis_hide_breadcrumbs":false,"_genesis_hide_singular_image":false,"_genesis_hide_footer_widgets":false,"_genesis_custom_body_class":"","_genesis_custom_post_class":"","_genesis_layout":"","footnotes":""},"class_list":{"0":"post-8410","1":"page","2":"type-page","3":"status-publish","5":"entry","6":"has-post-thumbnail"},"_links":{"self":[{"href":"https:\/\/moverdb.com\/lt\/wp-json\/wp\/v2\/pages\/8410","targetHints":{"allow":["GET"]}}],"collection":[{"href":"https:\/\/moverdb.com\/lt\/wp-json\/wp\/v2\/pages"}],"about":[{"href":"https:\/\/moverdb.com\/lt\/wp-json\/wp\/v2\/types\/page"}],"author":[{"embeddable":true,"href":"https:\/\/moverdb.com\/lt\/wp-json\/wp\/v2\/users\/4"}],"replies":[{"embeddable":true,"href":"https:\/\/moverdb.com\/lt\/wp-json\/wp\/v2\/comments?post=8410"}],"version-history":[{"count":2,"href":"https:\/\/moverdb.com\/lt\/wp-json\/wp\/v2\/pages\/8410\/revisions"}],"predecessor-version":[{"id":18372,"href":"https:\/\/moverdb.com\/lt\/wp-json\/wp\/v2\/pages\/8410\/revisions\/18372"}],"up":[{"embeddable":true,"href":"https:\/\/moverdb.com\/lt\/wp-json\/wp\/v2\/pages\/190"}],"wp:attachment":[{"href":"https:\/\/moverdb.com\/lt\/wp-json\/wp\/v2\/media?parent=8410"}],"curies":[{"name":"wp","href":"https:\/\/api.w.org\/{rel}","templated":true}]}}