{"id":8404,"date":"2023-04-27T14:48:01","date_gmt":"2023-04-27T14:48:01","guid":{"rendered":"https:\/\/moverdb.com\/?page_id=8404"},"modified":"2026-01-08T15:23:47","modified_gmt":"2026-01-08T15:23:47","slug":"moving-companies-lesotho","status":"publish","type":"page","link":"https:\/\/moverdb.com\/lt\/moving-companies\/moving-companies-lesotho\/","title":{"rendered":"2 Geriausios tarptautin\u0117s perkraustymo \u012fmon\u0117s Lesote"},"content":{"rendered":"<p>Persikraustymas gali b\u016bti stres\u0105 keliantis laikotarpis, nesvarbu, ar kraustote namus, ar versl\u0105, o persikraustant \u012f kitas \u0161alis streso lygis dar labiau padid\u0117ja. \u0160tai kod\u0117l daugelis \u017emoni\u0173 naudojasi <a href=\"https:\/\/moverdb.com\/lt\/moving-companies\/\" data-internallinksmanager029f6b8e52c=\"79\" title=\"Top 25 Tarptautin\u0117s perkraustymo \u012fmon\u0117s internete\">perkraustymo \u012fmon\u0117<\/a>. \u017demiau pateikiame Lesote \u012fsik\u016brusi\u0173 <a href=\"https:\/\/moverdb.com\/lt\/international-removals\/\" data-internallinksmanager029f6b8e52c=\"27\" title=\"36 geriausios tarptautinio perkraustymo \u012fmon\u0117s Jungtin\u0117je Karalyst\u0117je\">perkraustymo \u012fmon\u0117s<\/a> kurie yra <a href=\"https:\/\/moverdb.com\/lt\/iam\/\" data-internallinksmanager029f6b8e52c=\"23\" title=\"Tarptautin\u0117s perkraustytoj\u0173 asociacijos (IAM) paai\u0161kinimai\">Tarptautin\u0117 perkraustytoj\u0173 asociacija<\/a> (IAM) ir (arba) <a href=\"https:\/\/moverdb.com\/lt\/fidi-faim\/\" data-internallinksmanager029f6b8e52c=\"16\" title=\"FIDI ir FAIM (FIDI akredituotas tarptautinis perve\u017e\u0117jas) paai\u0161kinimai\">FIDI<\/a> Akredituotas tarptautinis perkraustymas (FAIM), kuris gal\u0117t\u0173 pad\u0117ti jums persikraustyti.<\/p>\n<h2><strong>1. \"Stuttaford Van Lines<\/strong><\/h2>\n<p><img loading=\"lazy\" decoding=\"async\" class=\"alignnone size-full wp-image-8368\" src=\"https:\/\/moverdb.com\/wp-content\/uploads\/Stuttaford-Van-Lines-international-moving-company.png\" alt=\"&quot;Stuttaford Van Lines&quot; tarptautin\u0117 perkraustymo \u012fmon\u0117\" width=\"1440\" height=\"680\" data-wp-pid=\"8368\" srcset=\"https:\/\/moverdb.com\/wp-content\/uploads\/Stuttaford-Van-Lines-international-moving-company.png 1440w, https:\/\/moverdb.com\/wp-content\/uploads\/Stuttaford-Van-Lines-international-moving-company-300x142.png 300w, https:\/\/moverdb.com\/wp-content\/uploads\/Stuttaford-Van-Lines-international-moving-company-1024x484.png 1024w, https:\/\/moverdb.com\/wp-content\/uploads\/Stuttaford-Van-Lines-international-moving-company-18x9.png 18w, https:\/\/moverdb.com\/wp-content\/uploads\/Stuttaford-Van-Lines-international-moving-company-600x283.png 600w\" sizes=\"auto, (max-width: 1440px) 100vw, 1440px\" \/><\/p>\n<ul>\n<li>Nacionaliniai judesiai<\/li>\n<li>Tarptautiniai perkraustymai<\/li>\n<li>Gyvenam\u0173j\u0173 nam\u0173 perkraustymai<\/li>\n<li>Verslo \u017eingsniai<\/li>\n<li>Individualiai pritaikytos paslaugos<\/li>\n<li>Pakavimo paslauga<\/li>\n<li>Transporto priemoni\u0173 ir namini\u0173 gyv\u016bn\u0117li\u0173 perk\u0117limas<\/li>\n<li>Daili\u0173j\u0173 men\u0173 tvarkymas<\/li>\n<li>Draudimas<\/li>\n<li>Trumpalaikis ir ilgalaikis saugojimas<\/li>\n<\/ul>\n<p>\"Stuttaford Van Lines\" yra perkraustymo bendrov\u0117, kuri nuo XIX a. vidurio teikia paslaugas \u0161eimoms ir \u012fmon\u0117ms ir turi filialus visoje <a href=\"https:\/\/moverdb.com\/lt\/moving-to-south-africa\/\" data-internallinksmanager029f6b8e52c=\"347\" title=\"Persik\u0117limas \u012f Piet\u0173 Afrik\u0105? 2023 m. pragyvenimo i\u0161laidos ir persik\u0117limo patarimai\">Piet\u0173 Afrika<\/a> \u012fskaitant Masero, Lesot\u0105. Jie yra IAM nariai, dirbantys 47 metus, ir tai jiems suteikia galimyb\u0119 naudotis tarptautiniu perkraustymo agent\u0173 tinklu, kuris jiems padeda,<\/p>\n<p>\"Stuffaford Van Lines\" pad\u0117s jums kruop\u0161\u010diai suplanuoti ir pasiruo\u0161ti persikraustymui. Jie paskirs jums vien\u0105 kontaktin\u012f asmen\u012f, kuris pad\u0117s jums kiekviename \u017eingsnyje. Jie teikia pakavimo paslaug\u0105, kuri apima auk\u0161tos kokyb\u0117s pakuo\u010di\u0173 ir apsaugini\u0173 dang\u0173 naudojim\u0105, jie pa\u017eenklins visas d\u0117\u017ees ir sudarys inventori\u0173.<\/p>\n<p>Interneto svetain\u0117: <a href=\"http:\/\/www.stuttafordvanlines.co.za\" target=\"_blank\" rel=\"noopener\">http:\/\/www.stuttafordvanlines.co.za<\/a><\/p>\n<h2><strong>2. \"Sure Logistics<\/strong><\/h2>\n<p><img loading=\"lazy\" decoding=\"async\" class=\"alignnone size-full wp-image-8371\" src=\"https:\/\/moverdb.com\/wp-content\/uploads\/Sure-Logistics-international-moving-company.png\" alt=\"&quot;Sure Logistics&quot; tarptautin\u0117 perkraustymo \u012fmon\u0117\" width=\"1440\" height=\"678\" data-wp-pid=\"8371\" srcset=\"https:\/\/moverdb.com\/wp-content\/uploads\/Sure-Logistics-international-moving-company.png 1440w, https:\/\/moverdb.com\/wp-content\/uploads\/Sure-Logistics-international-moving-company-300x141.png 300w, https:\/\/moverdb.com\/wp-content\/uploads\/Sure-Logistics-international-moving-company-1024x482.png 1024w, https:\/\/moverdb.com\/wp-content\/uploads\/Sure-Logistics-international-moving-company-18x8.png 18w, https:\/\/moverdb.com\/wp-content\/uploads\/Sure-Logistics-international-moving-company-600x283.png 600w\" sizes=\"auto, (max-width: 1440px) 100vw, 1440px\" \/><\/p>\n<ul>\n<li>Vietiniai perkraustymai<\/li>\n<li>Perk\u0117limai \u012f u\u017esien\u012f<\/li>\n<li>Perk\u0117limai \u012f namus<\/li>\n<li>Biuro perkraustymai<\/li>\n<li>Perkraustymo paslaugos<\/li>\n<li>Individualiai pritaikytos perkraustymo paslaugos<\/li>\n<li>Transportavimo organizavimas<\/li>\n<li>Konteineri\u0173 parinktys<\/li>\n<li><a href=\"https:\/\/moverdb.com\/lt\/car-transport-shipping\/\" data-internallinksmanager029f6b8e52c=\"2\" title=\"2026 Tarptautinio automobili\u0173 transporto ir transporto priemoni\u0173 gabenimo citatos\">Transporto priemoni\u0173 gabenimas<\/a><\/li>\n<li>Saugus trumpalaikis ir ilgalaikis saugojimas<\/li>\n<\/ul>\n<p>\"Sure Logistics\" yra specializuota logistikos valdymo \u012fmon\u0117, teikianti \u012fvairias transporto paslaugas ir tiekimo grandin\u0117s sprendimus, \u012fsik\u016brusi Masero mieste. Ji bendradarbiauja su tarptautiniais perkraustymo partneriais, kad gal\u0117t\u0173 teikti paslaugas kitose \u0161alyse. Jie yra IAM nariai, dirbantys devynerius metus.<\/p>\n<p>\"Sure Logistics\" si\u016blo j\u016bs\u0173 poreikius atitinkan\u010dias perkraustymo paslaugas Lesote, \u012f Lesot\u0105 ir i\u0161 jo, skirtas namams ir \u012fmon\u0117ms. Jie taip pat si\u016blo persikraustymo paslaugas, kuriomis teikiama personalo pagalba darbuotojams, ir specializuotus pasaulinio mobilumo paketus daugiau nei 150 \u0161ali\u0173. Jie saugiai perve\u0161 j\u016bs\u0173 daiktus ir gali pasi\u016blyti pilnus ir ma\u017eesnius nei konteinerio krovinius.<\/p>\n<p>Interneto svetain\u0117: <a href=\"http:\/\/www.surelogistics.co.ls\" target=\"_blank\" rel=\"noopener\">http:\/\/www.surelogistics.co.ls<\/a><\/p>","protected":false},"excerpt":{"rendered":"<p>Moving can be a stressful time whether you are moving your home or your business, and the stress level increases when you are moving countries. This is why so many people employ the services of a moving company. Below we have compiled a list of Lesotho based removal companies that are members of the International [&hellip;]<\/p>\n","protected":false},"author":4,"featured_media":0,"parent":190,"menu_order":0,"comment_status":"closed","ping_status":"closed","template":"","meta":{"_genesis_hide_title":false,"_genesis_hide_breadcrumbs":false,"_genesis_hide_singular_image":false,"_genesis_hide_footer_widgets":false,"_genesis_custom_body_class":"","_genesis_custom_post_class":"","_genesis_layout":"","footnotes":""},"class_list":{"0":"post-8404","1":"page","2":"type-page","3":"status-publish","5":"entry","6":"has-post-thumbnail"},"_links":{"self":[{"href":"https:\/\/moverdb.com\/lt\/wp-json\/wp\/v2\/pages\/8404","targetHints":{"allow":["GET"]}}],"collection":[{"href":"https:\/\/moverdb.com\/lt\/wp-json\/wp\/v2\/pages"}],"about":[{"href":"https:\/\/moverdb.com\/lt\/wp-json\/wp\/v2\/types\/page"}],"author":[{"embeddable":true,"href":"https:\/\/moverdb.com\/lt\/wp-json\/wp\/v2\/users\/4"}],"replies":[{"embeddable":true,"href":"https:\/\/moverdb.com\/lt\/wp-json\/wp\/v2\/comments?post=8404"}],"version-history":[{"count":2,"href":"https:\/\/moverdb.com\/lt\/wp-json\/wp\/v2\/pages\/8404\/revisions"}],"predecessor-version":[{"id":8418,"href":"https:\/\/moverdb.com\/lt\/wp-json\/wp\/v2\/pages\/8404\/revisions\/8418"}],"up":[{"embeddable":true,"href":"https:\/\/moverdb.com\/lt\/wp-json\/wp\/v2\/pages\/190"}],"wp:attachment":[{"href":"https:\/\/moverdb.com\/lt\/wp-json\/wp\/v2\/media?parent=8404"}],"curies":[{"name":"wp","href":"https:\/\/api.w.org\/{rel}","templated":true}]}}