{"id":8402,"date":"2023-04-27T14:51:30","date_gmt":"2023-04-27T14:51:30","guid":{"rendered":"https:\/\/moverdb.com\/?page_id=8402"},"modified":"2026-01-08T15:29:28","modified_gmt":"2026-01-08T15:29:28","slug":"moving-companies-lebanon","status":"publish","type":"page","link":"https:\/\/moverdb.com\/lt\/moving-companies\/moving-companies-lebanon\/","title":{"rendered":"7 Geriausios tarptautin\u0117s perkraustymo \u012fmon\u0117s Libane"},"content":{"rendered":"<p>Vien mintis apie nam\u0173 ar verslo perk\u0117lim\u0105 gali kelti stres\u0105 ir atrodyti sud\u0117tinga, jei planuojate persikelti \u012f u\u017esien\u012f. <a href=\"https:\/\/moverdb.com\/lt\/moving-companies\/\" data-internallinksmanager029f6b8e52c=\"79\" title=\"Top 25 Tarptautin\u0117s perkraustymo \u012fmon\u0117s internete\">perkraustymo \u012fmon\u0117<\/a> gali pad\u0117ti palengvinti kr\u016bv\u012f. Toliau pateikiame Libane \u012fsik\u016brusi\u0173 <a href=\"https:\/\/moverdb.com\/lt\/international-removals\/\" data-internallinksmanager029f6b8e52c=\"27\" title=\"36 geriausios tarptautinio perkraustymo \u012fmon\u0117s Jungtin\u0117je Karalyst\u0117je\">perkraustymo \u012fmon\u0117s<\/a> kurie yra <a href=\"https:\/\/moverdb.com\/lt\/iam\/\" data-internallinksmanager029f6b8e52c=\"23\" title=\"Tarptautin\u0117s perkraustytoj\u0173 asociacijos (IAM) paai\u0161kinimai\">Tarptautin\u0117 perkraustytoj\u0173 asociacija<\/a> (IAM) ir (arba) <a href=\"https:\/\/moverdb.com\/lt\/fidi-faim\/\" data-internallinksmanager029f6b8e52c=\"16\" title=\"FIDI ir FAIM (FIDI akredituotas tarptautinis perve\u017e\u0117jas) paai\u0161kinimai\">FIDI<\/a> Akredituotas tarptautinis perkraustymas (FAIM), kuris gal\u0117t\u0173 pad\u0117ti jums persikraustyti.<\/p>\n<div id=\"ez-toc-container\" class=\"ez-toc-v2_0_82_2 ez-toc-wrap-left counter-hierarchy ez-toc-counter ez-toc-transparent ez-toc-container-direction\">\n<div class=\"ez-toc-title-container\">\n<p class=\"ez-toc-title\" style=\"cursor:inherit\">Skyriai<\/p>\n<span class=\"ez-toc-title-toggle\"><a href=\"#\" class=\"ez-toc-pull-right ez-toc-btn ez-toc-btn-xs ez-toc-btn-default ez-toc-toggle\" aria-label=\"Perjungti turinio lentel\u0119\"><span class=\"ez-toc-js-icon-con\"><span class=\"\"><span class=\"eztoc-hide\" style=\"display:none;\">Perjungti<\/span><span class=\"ez-toc-icon-toggle-span\"><svg style=\"fill: #999;color:#999\" xmlns=\"http:\/\/www.w3.org\/2000\/svg\" class=\"list-377408\" width=\"20px\" height=\"20px\" viewbox=\"0 0 24 24\" fill=\"none\"><path d=\"M6 6H4v2h2V6zm14 0H8v2h12V6zM4 11h2v2H4v-2zm16 0H8v2h12v-2zM4 16h2v2H4v-2zm16 0H8v2h12v-2z\" fill=\"currentColor\"><\/path><\/svg><svg style=\"fill: #999;color:#999\" class=\"arrow-unsorted-368013\" xmlns=\"http:\/\/www.w3.org\/2000\/svg\" width=\"10px\" height=\"10px\" viewbox=\"0 0 24 24\" version=\"1.2\" baseprofile=\"tiny\"><path d=\"M18.2 9.3l-6.2-6.3-6.2 6.3c-.2.2-.3.4-.3.7s.1.5.3.7c.2.2.4.3.7.3h11c.3 0 .5-.1.7-.3.2-.2.3-.5.3-.7s-.1-.5-.3-.7zM5.8 14.7l6.2 6.3 6.2-6.3c.2-.2.3-.5.3-.7s-.1-.5-.3-.7c-.2-.2-.4-.3-.7-.3h-11c-.3 0-.5.1-.7.3-.2.2-.3.5-.3.7s.1.5.3.7z\"\/><\/svg><\/span><\/span><\/span><\/a><\/span><\/div>\n<nav><ul class='ez-toc-list ez-toc-list-level-1 eztoc-toggle-hide-by-default' ><li class='ez-toc-page-1 ez-toc-heading-level-2'><a class=\"ez-toc-link ez-toc-heading-1\" href=\"https:\/\/moverdb.com\/lt\/moving-companies\/moving-companies-lebanon\/#1_I-Movers\" >1. I-Movers<\/a><\/li><li class='ez-toc-page-1 ez-toc-heading-level-2'><a class=\"ez-toc-link ez-toc-heading-2\" href=\"https:\/\/moverdb.com\/lt\/moving-companies\/moving-companies-lebanon\/#2_Adam_International_Movers\" >2. Adomo tarptautiniai perkraustytojai<\/a><\/li><li class='ez-toc-page-1 ez-toc-heading-level-2'><a class=\"ez-toc-link ez-toc-heading-3\" href=\"https:\/\/moverdb.com\/lt\/moving-companies\/moving-companies-lebanon\/#3_Orbit_International_Forwarders\" >3. Tarptautiniai ekspeditoriai \"Orbit<\/a><\/li><li class='ez-toc-page-1 ez-toc-heading-level-2'><a class=\"ez-toc-link ez-toc-heading-4\" href=\"https:\/\/moverdb.com\/lt\/moving-companies\/moving-companies-lebanon\/#4_All_Transportation_Agency\" >4. Visos transporto agent\u016bros<\/a><\/li><li class='ez-toc-page-1 ez-toc-heading-level-2'><a class=\"ez-toc-link ez-toc-heading-5\" href=\"https:\/\/moverdb.com\/lt\/moving-companies\/moving-companies-lebanon\/#5_Beirut_Express\" >5. \"Beirut Express<\/a><\/li><li class='ez-toc-page-1 ez-toc-heading-level-2'><a class=\"ez-toc-link ez-toc-heading-6\" href=\"https:\/\/moverdb.com\/lt\/moving-companies\/moving-companies-lebanon\/#6_Domex\" >6. Domex<\/a><\/li><li class='ez-toc-page-1 ez-toc-heading-level-2'><a class=\"ez-toc-link ez-toc-heading-7\" href=\"https:\/\/moverdb.com\/lt\/moving-companies\/moving-companies-lebanon\/#7_BCC_Logistics\" >7. BCC logistika<\/a><\/li><\/ul><\/nav><\/div>\n<h2><span class=\"ez-toc-section\" id=\"1_I-Movers\"><\/span><strong>1. I-Movers<\/strong><span class=\"ez-toc-section-end\"><\/span><\/h2>\n<p><img loading=\"lazy\" decoding=\"async\" class=\"alignnone size-full wp-image-8327\" src=\"https:\/\/moverdb.com\/wp-content\/uploads\/I-Movers-international-moving-company.png\" alt=\"&quot;I-Movers&quot; tarptautin\u0117 perkraustymo \u012fmon\u0117\" width=\"1440\" height=\"680\" data-wp-pid=\"8327\" srcset=\"https:\/\/moverdb.com\/wp-content\/uploads\/I-Movers-international-moving-company.png 1440w, https:\/\/moverdb.com\/wp-content\/uploads\/I-Movers-international-moving-company-300x142.png 300w, https:\/\/moverdb.com\/wp-content\/uploads\/I-Movers-international-moving-company-1024x484.png 1024w, https:\/\/moverdb.com\/wp-content\/uploads\/I-Movers-international-moving-company-18x9.png 18w, https:\/\/moverdb.com\/wp-content\/uploads\/I-Movers-international-moving-company-600x283.png 600w\" sizes=\"auto, (max-width: 1440px) 100vw, 1440px\" \/><\/p>\n<ul>\n<li>Vietiniai perkraustymai<\/li>\n<li>Tarptautiniai perkraustymai<\/li>\n<li>Nam\u0173 \u016bkio perkraustymai<\/li>\n<li>\u012emoni\u0173 perkraustymai<\/li>\n<li>Individualiai pritaikytos paslaugos<\/li>\n<li>Profesionalios pakavimo paslaugos<\/li>\n<li>Oro ir j\u016br\u0173 transportas<\/li>\n<li>Muitin\u0117s dokument\u0173 tvarkymas<\/li>\n<li><a href=\"https:\/\/moverdb.com\/lt\/car-transport-shipping\/\" data-internallinksmanager029f6b8e52c=\"2\" title=\"2026 Tarptautinio automobili\u0173 transporto ir transporto priemoni\u0173 gabenimo citatos\">Transporto priemoni\u0173 gabenimas<\/a><\/li>\n<li>Saugojimo parinktys<\/li>\n<\/ul>\n<p>\"I-Movers\" yra tarptautin\u0117 perkraustymo \u012fmon\u0117, kuri teikia paslaugas nam\u0173 \u016bkiams ir \u012fmon\u0117ms ir yra \u012fsik\u016brusi Beirute. Ji yra a\u0161tuonerius metus veikian\u010dios IAM nar\u0117, o \u0161i naryst\u0117 jai suteikia prieig\u0105 prie tarptautinio perkraustymo agent\u0173 tinklo.<\/p>\n<p>\"I-Movers\" si\u016blo virtuali\u0105 apklaus\u0105, kuri u\u017etikrina greit\u012f ir efektyvum\u0105. Jie teikia individualiai pritaikytas perkraustymo paslaugas, o j\u016bs\u0173 perkraustymui vadovauja specialus perkraustymo vadybininkas. Jie teikia pakavimo paslaugas, kurioms naudojamos auk\u0161\u010diausios kokyb\u0117s pakavimo med\u017eiagos ir gerai apmokytos pakuotoj\u0173 komandos, taip pat apdraustos nuo vis\u0173 rizik\u0173. Jie teikia oro ir j\u016br\u0173 siunt\u0173 sekimo sistem\u0105 ir padeda tvarkyti dokumentus, \u012fskaitant muitin\u0117s formalumus.<\/p>\n<p>Interneto svetain\u0117: <a href=\"http:\/\/www.i-movers.com\" target=\"_blank\" rel=\"noopener\">http:\/\/www.i-movers.com<\/a><\/p>\n<h2><span class=\"ez-toc-section\" id=\"2_Adam_International_Movers\"><\/span><strong>2. Adomo tarptautiniai perkraustytojai<\/strong><span class=\"ez-toc-section-end\"><\/span><\/h2>\n<p><img loading=\"lazy\" decoding=\"async\" class=\"alignnone size-full wp-image-8279\" src=\"https:\/\/moverdb.com\/wp-content\/uploads\/Adam-International-Movers-company.png\" alt=\"&quot;Adam International Movers&quot; \u012fmon\u0117\" width=\"1440\" height=\"679\" data-wp-pid=\"8279\" srcset=\"https:\/\/moverdb.com\/wp-content\/uploads\/Adam-International-Movers-company.png 1440w, https:\/\/moverdb.com\/wp-content\/uploads\/Adam-International-Movers-company-300x141.png 300w, https:\/\/moverdb.com\/wp-content\/uploads\/Adam-International-Movers-company-1024x483.png 1024w, https:\/\/moverdb.com\/wp-content\/uploads\/Adam-International-Movers-company-18x8.png 18w, https:\/\/moverdb.com\/wp-content\/uploads\/Adam-International-Movers-company-600x283.png 600w\" sizes=\"auto, (max-width: 1440px) 100vw, 1440px\" \/><\/p>\n<ul>\n<li>Nacionaliniai judesiai<\/li>\n<li>Tarptautiniai perkraustymai<\/li>\n<li>Nam\u0173 \u016bkio perkraustymai<\/li>\n<li>Biuro perkraustymai<\/li>\n<li>Pritaikomos citatos, kurios yra draugi\u0161kos biud\u017eetui<\/li>\n<li>Profesionalios pakavimo paslaugos<\/li>\n<li>Ve\u017eimas keliais, oru arba j\u016bra<\/li>\n<li>Muitinis \u012fforminimas<\/li>\n<li>Draudimas<\/li>\n<li>Sand\u0117liavimo patalpos<\/li>\n<\/ul>\n<p>\"Adam International Movers\" yra pakavimo ir perkraustymo paslaug\u0173 \u012fmon\u0117, teikianti paslaugas privatiems asmenims, namams ir biurams Beirute, Libane ir Arm\u0117nijoje. Jie turi agent\u0173 ir siunt\u0117j\u0173 tinkl\u0105 visame pasaulyje, padedant\u012f jiems teikti tarptautines paslaugas. Jie yra IAM nariai, dirbantys \u0161e\u0161erius metus.<\/p>\n<p>\"Adam International Movers\" si\u016blo apklaus\u0105 prie\u0161 persikraustym\u0105, kad suprast\u0173 j\u016bs\u0173 poreikius ir pateikt\u0173 jums pasi\u016blym\u0105. Jie teikia profesionalias pakavimo paslaugas, kurias teikia apmokyti darbuotojai, naudojantys naujausius metodus ir auk\u0161tos kokyb\u0117s pakavimo med\u017eiagas. Jie pasir\u016bpins j\u016bs\u0173 daikt\u0173 gabenimu keliais, oru ar j\u016bra ir, jei reikia, i\u0161muitinimu.<\/p>\n<p>Interneto svetain\u0117: <a href=\"http:\/\/www.adam-movers.com\" target=\"_blank\" rel=\"noopener\">http:\/\/www.adam-movers.com<\/a><\/p>\n<h2><span class=\"ez-toc-section\" id=\"3_Orbit_International_Forwarders\"><\/span><strong>3. Tarptautiniai ekspeditoriai \"Orbit<\/strong><span class=\"ez-toc-section-end\"><\/span><\/h2>\n<p><img loading=\"lazy\" decoding=\"async\" class=\"alignnone size-full wp-image-8351\" src=\"https:\/\/moverdb.com\/wp-content\/uploads\/Orbit-International-Forwarders-Lebanon-moving-company.png\" alt=\"&quot;Orbit&quot; tarptautiniai ekspeditoriai Libanas juda \u012fmon\u0117\" width=\"1440\" height=\"679\" data-wp-pid=\"8351\" srcset=\"https:\/\/moverdb.com\/wp-content\/uploads\/Orbit-International-Forwarders-Lebanon-moving-company.png 1440w, https:\/\/moverdb.com\/wp-content\/uploads\/Orbit-International-Forwarders-Lebanon-moving-company-300x141.png 300w, https:\/\/moverdb.com\/wp-content\/uploads\/Orbit-International-Forwarders-Lebanon-moving-company-1024x483.png 1024w, https:\/\/moverdb.com\/wp-content\/uploads\/Orbit-International-Forwarders-Lebanon-moving-company-18x8.png 18w, https:\/\/moverdb.com\/wp-content\/uploads\/Orbit-International-Forwarders-Lebanon-moving-company-600x283.png 600w\" sizes=\"auto, (max-width: 1440px) 100vw, 1440px\" \/><\/p>\n<ul>\n<li>Vietiniai ir nacionaliniai perkraustymai<\/li>\n<li>Perkraustymai visame pasaulyje<\/li>\n<li>Nam\u0173 \u016bkio perkraustymai<\/li>\n<li>\u012emoni\u0173 perk\u0117limai<\/li>\n<li>Paslauga \"nuo dur\u0173 iki dur\u0173<\/li>\n<li>Pakavimo paslauga<\/li>\n<li>Krovini\u0173 gabenimas sausuma, vandenynu ar oru<\/li>\n<li>Daili\u0173j\u0173 men\u0173 tvarkymas<\/li>\n<li>Motorini\u0173 transporto priemoni\u0173 gabenimas<\/li>\n<li>Sand\u0117liavimo patalpos<\/li>\n<\/ul>\n<p>\"Orbit International Forwarders\" yra 1983 m. \u012fkurta pakavimo ir perkraustymo \u012fmon\u0117. Ji turi devynis padalinius Europoje ir Azijoje, \u012fskaitant Beirut\u0105 Libane. Teikdami paslaugas tarptautiniu mastu, jie bendradarbiauja su daugiau kaip t\u016bkstan\u010diu atrinkt\u0173 agent\u0173 beveik visose pasaulio \u0161alyse. Jie yra IAM nariai, dirbantys 26 metus.<\/p>\n<p>\"Orbit International Forwarders\" si\u016blo individualias perkraustymo nuo dur\u0173 iki dur\u0173 paslaugas, kurios prasideda nuo pirmin\u0117s apklausos. Jie teikia auk\u0161tos kokyb\u0117s pakavimo paslaugas, kad apsaugot\u0173 j\u016bs\u0173 daiktus, o trapiems daiktams - d\u0117\u017ees. Jie si\u016blo papildomas paslaugas, tarp kuri\u0173 - motorini\u0173 transporto priemoni\u0173 gabenimas, vaizduojam\u0173j\u0173 men\u0173 tvarkymas, parod\u0173 logistika, \u017einiasklaidos ir pramog\u0173 logistika bei sand\u0117liavimo paslaugos.<\/p>\n<p>Interneto svetain\u0117: <a href=\"http:\/\/www.orbitlb.com\" target=\"_blank\" rel=\"noopener\">http:\/\/www.orbitlb.com<\/a><\/p>\n<h2><span class=\"ez-toc-section\" id=\"4_All_Transportation_Agency\"><\/span><strong>4. Visos transporto agent\u016bros<\/strong><span class=\"ez-toc-section-end\"><\/span><\/h2>\n<p><img loading=\"lazy\" decoding=\"async\" class=\"alignnone size-full wp-image-8285\" src=\"https:\/\/moverdb.com\/wp-content\/uploads\/All-Transportation-Agency-international-moving-company.png\" alt=\"Visi Transporto agent\u016bra tarptautinis jud\u0117jimo \u012fmon\u0117\" width=\"1440\" height=\"680\" data-wp-pid=\"8285\" srcset=\"https:\/\/moverdb.com\/wp-content\/uploads\/All-Transportation-Agency-international-moving-company.png 1440w, https:\/\/moverdb.com\/wp-content\/uploads\/All-Transportation-Agency-international-moving-company-300x142.png 300w, https:\/\/moverdb.com\/wp-content\/uploads\/All-Transportation-Agency-international-moving-company-1024x484.png 1024w, https:\/\/moverdb.com\/wp-content\/uploads\/All-Transportation-Agency-international-moving-company-18x9.png 18w, https:\/\/moverdb.com\/wp-content\/uploads\/All-Transportation-Agency-international-moving-company-600x283.png 600w\" sizes=\"auto, (max-width: 1440px) 100vw, 1440px\" \/><\/p>\n<ul>\n<li>Nacionaliniai judesiai<\/li>\n<li>Tarptautiniai perkraustymai<\/li>\n<li>Nam\u0173 \u016bkio perkraustymai<\/li>\n<li>Komerciniai projektai<\/li>\n<li>Paslauga \"nuo dur\u0173 iki dur\u0173<\/li>\n<li>Profesionalios pakavimo paslaugos<\/li>\n<li>Sausumos, j\u016br\u0173 ir oro transportas<\/li>\n<li>Muitinis \u012fforminimas<\/li>\n<li>Daili\u0173j\u0173 men\u0173 tvarkymas<\/li>\n<li>Saugus saugojimas<\/li>\n<\/ul>\n<p>\"All Transportation Agency\" - tai 1985 m. \u012fkurta kliringo ir ekspedijavimo agent\u016bra, \u012fsik\u016brusi Beirute. Jos padaliniai taip pat yra Tripolyje, Saidoje ir Tyre. Ji yra IAM nar\u0117, tod\u0117l gali naudotis tarptautiniu perkraustymo agent\u016br\u0173 tinklu, galin\u010diu pad\u0117ti teikti paslaugas tarptautiniu mastu.<\/p>\n<p>\"All Transportation Agency\" teikia \"nuo dur\u0173 iki dur\u0173\" paslaugas nam\u0173 \u016bkiams, kurie persikelia \u012f Liban\u0105, i\u0161 jo arba \u012f j\u012f. Jie teikia profesionalias pakavimo paslaugas, kad apsaugot\u0173 j\u016bs\u0173 daiktus, taip pat teikia specializuotas daili\u0173j\u0173 men\u0173 pakavimo paslaugas. \u012e j\u0173 pakavimo paslaugas taip pat \u012feina bald\u0173 i\u0161ardymas ir surinkimas bei d\u0117\u017ei\u0173 \u017eenklinimas.<\/p>\n<p>Interneto svetain\u0117: <a href=\"http:\/\/www.ata-lebanon.com\" target=\"_blank\" rel=\"noopener\">http:\/\/www.ata-lebanon.com<\/a><\/p>\n<h2><span class=\"ez-toc-section\" id=\"5_Beirut_Express\"><\/span><strong>5. \"Beirut Express<\/strong><span class=\"ez-toc-section-end\"><\/span><\/h2>\n<p><img loading=\"lazy\" decoding=\"async\" class=\"alignnone size-full wp-image-8293\" src=\"https:\/\/moverdb.com\/wp-content\/uploads\/Beirut-Express-international-moving-company.png\" alt=\"Beirutas Express tarptautin\u0117 jud\u0117jimo \u012fmon\u0117\" width=\"1440\" height=\"681\" data-wp-pid=\"8293\" srcset=\"https:\/\/moverdb.com\/wp-content\/uploads\/Beirut-Express-international-moving-company.png 1440w, https:\/\/moverdb.com\/wp-content\/uploads\/Beirut-Express-international-moving-company-300x142.png 300w, https:\/\/moverdb.com\/wp-content\/uploads\/Beirut-Express-international-moving-company-1024x484.png 1024w, https:\/\/moverdb.com\/wp-content\/uploads\/Beirut-Express-international-moving-company-18x9.png 18w, https:\/\/moverdb.com\/wp-content\/uploads\/Beirut-Express-international-moving-company-600x284.png 600w\" sizes=\"auto, (max-width: 1440px) 100vw, 1440px\" \/><\/p>\n<ul>\n<li>Vietiniai perkraustymai<\/li>\n<li>Tarptautiniai perk\u0117limai<\/li>\n<li>Nam\u0173 \u016bki\u0173 perkraustymas<\/li>\n<li>Biuro perkraustymai<\/li>\n<li>Profesionalios pakavimo paslaugos<\/li>\n<li>Kokybi\u0161kos pakavimo med\u017eiagos<\/li>\n<li>Krovini\u0173 gabenimas oru ir j\u016bra<\/li>\n<li>Muitinis \u012fforminimas<\/li>\n<li>Transporto priemoni\u0173 transportavimas<\/li>\n<li>Kelion\u0117s ir biliet\u0173 pardavimas<\/li>\n<\/ul>\n<p>\"Beirut Express\" yra vietinio ir tarptautinio perkraustymo ir perkraustymo tarnyba, veikianti jau 56 metus ir \u012fsik\u016brusi Beirute. Ji turi pasaulin\u012f asocijuot\u0173j\u0173 \u012fmoni\u0173 ir akredituot\u0173 agent\u0173 tinkl\u0105 ir yra IAM nar\u0117.<\/p>\n<p>\"Beirut Express\" teikia perkraustymo paslaugas nam\u0173 \u016bkiams, \u012fmon\u0117ms ir korporacijoms, kad persikraustymas b\u016bt\u0173 kuo ma\u017eiau varginantis. Jie teikia profesionalias pakavimo paslaugas su apmokytais darbuotojais, kurie naudoja auk\u0161tos apsaugos metodus, kad apsaugot\u0173 j\u016bs\u0173 daiktus perve\u017eimo metu. Jie pasir\u016bpins j\u016bs\u0173 daikt\u0173 gabenimu oro ir j\u016br\u0173 transportu ir pad\u0117s atlikti muitin\u0117s formalumus.<\/p>\n<p>Interneto svetain\u0117: <a href=\"http:\/\/www.beirutexpress.com\" target=\"_blank\" rel=\"noopener\">http:\/\/www.beirutexpress.com<\/a><\/p>\n<h2><span class=\"ez-toc-section\" id=\"6_Domex\"><\/span><strong>6. Domex<\/strong><span class=\"ez-toc-section-end\"><\/span><\/h2>\n<p><img loading=\"lazy\" decoding=\"async\" class=\"alignnone size-full wp-image-8306\" src=\"https:\/\/moverdb.com\/wp-content\/uploads\/Domex-international-moving-company.png\" alt=\"&quot;Domex&quot; tarptautin\u0117 judanti \u012fmon\u0117\" width=\"1440\" height=\"681\" data-wp-pid=\"8306\" srcset=\"https:\/\/moverdb.com\/wp-content\/uploads\/Domex-international-moving-company.png 1440w, https:\/\/moverdb.com\/wp-content\/uploads\/Domex-international-moving-company-300x142.png 300w, https:\/\/moverdb.com\/wp-content\/uploads\/Domex-international-moving-company-1024x484.png 1024w, https:\/\/moverdb.com\/wp-content\/uploads\/Domex-international-moving-company-18x9.png 18w, https:\/\/moverdb.com\/wp-content\/uploads\/Domex-international-moving-company-600x284.png 600w\" sizes=\"auto, (max-width: 1440px) 100vw, 1440px\" \/><\/p>\n<ul>\n<li>Tarptautiniai perkraustymai<\/li>\n<li>Nam\u0173 \u016bkio perkraustymai<\/li>\n<li>Biuro perkraustymai<\/li>\n<li>Paslauga \"nuo dur\u0173 iki dur\u0173<\/li>\n<li>Pakavimo paslauga<\/li>\n<li>Auk\u0161tos kokyb\u0117s pakavimo med\u017eiagos<\/li>\n<li>Muitinis \u012fforminimas<\/li>\n<li>Daili\u0173j\u0173 men\u0173 tvarkymas<\/li>\n<li>Draudimas<\/li>\n<li>Sand\u0117liavimo patalpos<\/li>\n<\/ul>\n<p>\"Domex\" - tai tarptautines paslaugas \u012f Liban\u0105 ir i\u0161 Libano teikianti perkraustymo ir sand\u0117liavimo \u012fmon\u0117, \u012fsik\u016brusi Beirute. Ji bendradarbiauja su pasirinktomis perkraustymo \u012fmon\u0117mis visame pasaulyje, kad gal\u0117t\u0173 teikti paslaugas u\u017e Libano rib\u0173, ir yra IAM nar\u0117.<\/p>\n<p>\"Domex\" teikia paslaugas nuo dur\u0173 iki dur\u0173 nam\u0173 \u016bkiams ir biurams. Jie teikia pakavimo paslaugas, naudodami auk\u0161tos kokyb\u0117s pakavimo med\u017eiagas, apsaugan\u010dias j\u016bs\u0173 daiktus, ir apmokytus darbuotojus. Jie taip pat teikia speciali\u0105 paslaug\u0105 trapiems daiktams ir meno k\u016briniams. Jie suorganizuos tinkamiausi\u0105 mar\u0161rut\u0105 ir transportavim\u0105, naudodami j\u016br\u0173 ir oro transport\u0105, ir pad\u0117s jums atlikti muitin\u0117s formalumus.<\/p>\n<p>Interneto svetain\u0117: <a href=\"http:\/\/www.domexco.net\" target=\"_blank\" rel=\"noopener\">http:\/\/www.domexco.net<\/a><\/p>\n<h2><span class=\"ez-toc-section\" id=\"7_BCC_Logistics\"><\/span><strong>7. BCC logistika<\/strong><span class=\"ez-toc-section-end\"><\/span><\/h2>\n<p><img loading=\"lazy\" decoding=\"async\" class=\"alignnone size-full wp-image-7673\" src=\"https:\/\/moverdb.com\/wp-content\/uploads\/BCC-Logistics-international-moving-company.png\" alt=\"&quot;BCC Logistics&quot; tarptautin\u0117 perkraustymo \u012fmon\u0117\" width=\"1440\" height=\"634\" data-wp-pid=\"7673\" srcset=\"https:\/\/moverdb.com\/wp-content\/uploads\/BCC-Logistics-international-moving-company.png 1440w, https:\/\/moverdb.com\/wp-content\/uploads\/BCC-Logistics-international-moving-company-300x132.png 300w, https:\/\/moverdb.com\/wp-content\/uploads\/BCC-Logistics-international-moving-company-1024x451.png 1024w, https:\/\/moverdb.com\/wp-content\/uploads\/BCC-Logistics-international-moving-company-18x8.png 18w, https:\/\/moverdb.com\/wp-content\/uploads\/BCC-Logistics-international-moving-company-600x264.png 600w\" sizes=\"auto, (max-width: 1440px) 100vw, 1440px\" \/><\/p>\n<ul>\n<li>Nacionaliniai judesiai<\/li>\n<li>Tarptautiniai perkraustymai<\/li>\n<li>Gyvenam\u0173j\u0173 nam\u0173 perkraustymai<\/li>\n<li>\u012emoni\u0173 perkraustymai<\/li>\n<li>Paslauga \"nuo dur\u0173 iki dur\u0173<\/li>\n<li>Pakavimo paslauga<\/li>\n<li>Krovini\u0173 gabenimas sausuma, j\u016bra ir oru<\/li>\n<li>Muitinis \u012fforminimas<\/li>\n<li>Daili\u0173j\u0173 men\u0173 tvarkymas<\/li>\n<li>Sand\u0117liavimo patalpos<\/li>\n<\/ul>\n<p>\"BCC Logistics\" yra 1993 m. Beirute \u012fkurta pasaulin\u0117 krovini\u0173 ekspedijavimo bendrov\u0117, turinti padalinius <a href=\"https:\/\/moverdb.com\/lt\/moving-to-qatar\/\" data-internallinksmanager029f6b8e52c=\"334\" title=\"Persik\u0117limas \u012f Katar\u0105? 2023 m. pragyvenimo i\u0161laidos ir persik\u0117limo patarimai\">Kataras<\/a>, <a href=\"https:\/\/moverdb.com\/lt\/moving-companies\/moving-companies-iraq\/\" data-internallinksmanager029f6b8e52c=\"314\" title=\"2 Geriausios tarptautin\u0117s perkraustymo \u012fmon\u0117s Irake\">Irakas<\/a> ir <a href=\"https:\/\/moverdb.com\/lt\/moving-to-saudi-arabia\/\" data-internallinksmanager029f6b8e52c=\"319\" title=\"Persik\u0117limas \u012f Saudo Arabij\u0105? 2023 m. pragyvenimo i\u0161laidos ir persik\u0117limo patarimai\">Saudo Arabija<\/a>. Jie turi gerus ry\u0161ius su tarptautiniais perkraustymo agentais, tod\u0117l gali teikti paslaugas visame pasaulyje. Jie yra IAM nariai ir yra akredituoti FIDI.<\/p>\n<p>\"BCC Logistics\" si\u016blo perkraustymo nuo dur\u0173 iki dur\u0173 paslaugas, kurias teikia vienas kontaktinis asmuo. Jie teikia pakavimo paslaugas naudodami kokybi\u0161kas pakavimo med\u017eiagas, taip pat si\u016blo gabenim\u0105 j\u016bra konteineriuose ir oro transportui skirt\u0105 trij\u0173 sien\u0173 pakuot\u0119 su muitin\u0117s formalumais. Jie pad\u0117s supakuoti, i\u0161pakuoti ir sustatyti baldus. Jie taip pat si\u016blo sunkiasvori\u0173 daikt\u0173 tvarkym\u0105, transporto priemoni\u0173 transportavim\u0105 ir draudim\u0105.<\/p>\n<p>Interneto svetain\u0117: <a href=\"http:\/\/www.bcclogistics.com\/\" target=\"_blank\" rel=\"noopener\">http:\/\/www.bcclogistics.com\/<\/a><\/p>","protected":false},"excerpt":{"rendered":"<p>Just thinking about moving your home or business can be stressful and seem complicated if you are planning on moving abroad, which is where a moving company can assist by lightening the load. Below we have compiled a list of Lebanon based removal companies that are members of the International Association of Movers (IAM) and\/or [&hellip;]<\/p>\n","protected":false},"author":4,"featured_media":0,"parent":190,"menu_order":0,"comment_status":"closed","ping_status":"closed","template":"","meta":{"_genesis_hide_title":false,"_genesis_hide_breadcrumbs":false,"_genesis_hide_singular_image":false,"_genesis_hide_footer_widgets":false,"_genesis_custom_body_class":"","_genesis_custom_post_class":"","_genesis_layout":"","footnotes":""},"class_list":{"0":"post-8402","1":"page","2":"type-page","3":"status-publish","5":"entry","6":"has-post-thumbnail"},"_links":{"self":[{"href":"https:\/\/moverdb.com\/lt\/wp-json\/wp\/v2\/pages\/8402","targetHints":{"allow":["GET"]}}],"collection":[{"href":"https:\/\/moverdb.com\/lt\/wp-json\/wp\/v2\/pages"}],"about":[{"href":"https:\/\/moverdb.com\/lt\/wp-json\/wp\/v2\/types\/page"}],"author":[{"embeddable":true,"href":"https:\/\/moverdb.com\/lt\/wp-json\/wp\/v2\/users\/4"}],"replies":[{"embeddable":true,"href":"https:\/\/moverdb.com\/lt\/wp-json\/wp\/v2\/comments?post=8402"}],"version-history":[{"count":1,"href":"https:\/\/moverdb.com\/lt\/wp-json\/wp\/v2\/pages\/8402\/revisions"}],"predecessor-version":[{"id":8403,"href":"https:\/\/moverdb.com\/lt\/wp-json\/wp\/v2\/pages\/8402\/revisions\/8403"}],"up":[{"embeddable":true,"href":"https:\/\/moverdb.com\/lt\/wp-json\/wp\/v2\/pages\/190"}],"wp:attachment":[{"href":"https:\/\/moverdb.com\/lt\/wp-json\/wp\/v2\/media?parent=8402"}],"curies":[{"name":"wp","href":"https:\/\/api.w.org\/{rel}","templated":true}]}}