{"id":8394,"date":"2023-04-27T14:54:05","date_gmt":"2023-04-27T14:54:05","guid":{"rendered":"https:\/\/moverdb.com\/?page_id=8394"},"modified":"2026-01-08T15:24:20","modified_gmt":"2026-01-08T15:24:20","slug":"moving-companies-kazakhstan","status":"publish","type":"page","link":"https:\/\/moverdb.com\/lt\/moving-companies\/moving-companies-kazakhstan\/","title":{"rendered":"3 Geriausios tarptautin\u0117s perkraustymo \u012fmon\u0117s Kazachstane"},"content":{"rendered":"<p>Persikraustymas gali kelti stres\u0105, ta\u010diau jei norite j\u012f suma\u017einti, galite pasinaudoti <a href=\"https:\/\/moverdb.com\/lt\/moving-companies\/\" data-internallinksmanager029f6b8e52c=\"79\" title=\"Top 25 Tarptautin\u0117s perkraustymo \u012fmon\u0117s internete\">perkraustymo \u012fmon\u0117<\/a>. Jie gali pasir\u016bpinti j\u016bs\u0173 persikraustymo organizavimu, pakavimu ir administravimu. \u017demiau pateikiame Kazachstane \u012fsik\u016brusi\u0173 <a href=\"https:\/\/moverdb.com\/lt\/international-removals\/\" data-internallinksmanager029f6b8e52c=\"27\" title=\"36 geriausios tarptautinio perkraustymo \u012fmon\u0117s Jungtin\u0117je Karalyst\u0117je\">perkraustymo \u012fmon\u0117s<\/a> kurie yra <a href=\"https:\/\/moverdb.com\/lt\/iam\/\" data-internallinksmanager029f6b8e52c=\"23\" title=\"Tarptautin\u0117s perkraustytoj\u0173 asociacijos (IAM) paai\u0161kinimai\">Tarptautin\u0117 perkraustytoj\u0173 asociacija<\/a> (IAM) ir (arba) <a href=\"https:\/\/moverdb.com\/lt\/fidi-faim\/\" data-internallinksmanager029f6b8e52c=\"16\" title=\"FIDI ir FAIM (FIDI akredituotas tarptautinis perve\u017e\u0117jas) paai\u0161kinimai\">FIDI<\/a> Akredituotas tarptautinis perkraustymas (FAIM), kuris gal\u0117t\u0173 pad\u0117ti jums persikraustyti.<\/p>\n<h2><strong>1. Intermovex<\/strong><\/h2>\n<p><img loading=\"lazy\" decoding=\"async\" class=\"alignnone size-full wp-image-8330\" src=\"https:\/\/moverdb.com\/wp-content\/uploads\/Intermovex-international-moving-company.png\" alt=\"&quot;Intermovex&quot; tarptautin\u0117 perkraustymo \u012fmon\u0117\" width=\"1440\" height=\"680\" data-wp-pid=\"8330\" srcset=\"https:\/\/moverdb.com\/wp-content\/uploads\/Intermovex-international-moving-company.png 1440w, https:\/\/moverdb.com\/wp-content\/uploads\/Intermovex-international-moving-company-300x142.png 300w, https:\/\/moverdb.com\/wp-content\/uploads\/Intermovex-international-moving-company-1024x484.png 1024w, https:\/\/moverdb.com\/wp-content\/uploads\/Intermovex-international-moving-company-18x9.png 18w, https:\/\/moverdb.com\/wp-content\/uploads\/Intermovex-international-moving-company-600x283.png 600w\" sizes=\"auto, (max-width: 1440px) 100vw, 1440px\" \/><\/p>\n<ul>\n<li>Nacionaliniai judesiai<\/li>\n<li>Tarptautiniai perkraustymai<\/li>\n<li>Nam\u0173 \u016bkio perkraustymai<\/li>\n<li>Biur\u0173 perk\u0117limas<\/li>\n<li>Paslauga \"nuo dur\u0173 iki dur\u0173<\/li>\n<li>Pakavimo paslauga<\/li>\n<li>Muitinis \u012fforminimas<\/li>\n<li>Daili\u0173j\u0173 men\u0173 tvarkymas<\/li>\n<li>Gyv\u016bn\u0173 ir automobili\u0173 transportavimas<\/li>\n<li>Trumpalaikis ir ilgalaikis saugojimas<\/li>\n<\/ul>\n<p>\"Intermovex\" yra 2009 m. \u012fkurta tarptautin\u0117 perkraustymo \u012fmon\u0117, turinti biurus Almatoje ir Astanoje. Ji bendradarbiauja su u\u017esienio partneriais ir padeda jiems teikti paslaugas tarptautiniu mastu. Jie yra IAM nariai, dirbantys 14 met\u0173.<\/p>\n<p>\"Intermovex\" teikia paslaugas nuo dur\u0173 iki dur\u0173, o asmeninis vadybininkas padeda jums visais persikraustymo etapais. J\u0173 teikiamose pakavimo paslaugose naudojamos auk\u0161tos kokyb\u0117s pakavimo med\u017eiagos, jie padeda pasirinkti tinkamiausi\u0105 transport\u0105 ir padeda atlikti muitin\u0117s formalumus. Jie si\u016blo daug papildom\u0173 paslaug\u0173, \u012fskaitant automobili\u0173, parod\u0173, gyv\u016bn\u0173, kult\u016bros vertybi\u0173 ir meno k\u016brini\u0173 perve\u017eim\u0105, taip pat krovini\u0173 draudim\u0105 ir sand\u0117liavimo paslaugas.<\/p>\n<p>Interneto svetain\u0117: <a href=\"http:\/\/www.intermovex.kz\" target=\"_blank\" rel=\"noopener\">http:\/\/www.intermovex.kz<\/a><\/p>\n<h2><strong>2. Gosselin<\/strong><\/h2>\n<p><img loading=\"lazy\" decoding=\"async\" class=\"alignnone size-full wp-image-8321\" src=\"https:\/\/moverdb.com\/wp-content\/uploads\/Gosselin-Kazakhstan-international-moving-company.png\" alt=\"&quot;Gosselin&quot; Kazachstano tarptautin\u0117 perkraustymo \u012fmon\u0117\" width=\"1440\" height=\"680\" data-wp-pid=\"8321\" srcset=\"https:\/\/moverdb.com\/wp-content\/uploads\/Gosselin-Kazakhstan-international-moving-company.png 1440w, https:\/\/moverdb.com\/wp-content\/uploads\/Gosselin-Kazakhstan-international-moving-company-300x142.png 300w, https:\/\/moverdb.com\/wp-content\/uploads\/Gosselin-Kazakhstan-international-moving-company-1024x484.png 1024w, https:\/\/moverdb.com\/wp-content\/uploads\/Gosselin-Kazakhstan-international-moving-company-18x9.png 18w, https:\/\/moverdb.com\/wp-content\/uploads\/Gosselin-Kazakhstan-international-moving-company-600x283.png 600w\" sizes=\"auto, (max-width: 1440px) 100vw, 1440px\" \/><\/p>\n<ul>\n<li>Nacionaliniai judesiai<\/li>\n<li>Tarptautiniai perkraustymai<\/li>\n<li>Gyvenam\u0173j\u0173 nam\u0173 perkraustymai<\/li>\n<li>Biuro perkraustymai<\/li>\n<li>Individualiai pritaikyta paslauga \"nuo dur\u0173 iki dur\u0173<\/li>\n<li>Pakavimo paslauga<\/li>\n<li>Transportavimo organizavimas<\/li>\n<li>Gyv\u016bn\u0173 augintini\u0173 ir transporto priemoni\u0173 transportavimas<\/li>\n<li>Draudimas<\/li>\n<li>Lankstus trumpalaikis ir ilgalaikis saugojimas<\/li>\n<\/ul>\n<p>\"Gosselin\" yra tarptautin\u0117 perkraustymo ir perk\u0117limo bendrov\u0117, turinti 34 biurus visoje Europoje ir Rusijoje, \u012fskaitant Kazachstan\u0105. Ji turi savo filial\u0173 ir partneri\u0173 tinkl\u0105, padedant\u012f vykdyti tarptautinius perkraustymus, ir yra IAM nar\u0117.<\/p>\n<p>\"Gosselin\" si\u016blo perkraustymo nuo dur\u0173 iki dur\u0173 paslaug\u0105 su internetine apklausos priemone, kuri suteikia greit\u0105, o v\u0117liau patikim\u0105 s\u0105mat\u0105. Jie teikia pakavimo paslaug\u0105 su profesionaliais perkraustytojais, kurie naudoja ekologi\u0161kas pakavimo med\u017eiagas, kad apsaugot\u0173 j\u016bs\u0173 daiktus, taip pat si\u016blo bald\u0173 i\u0161ardymo ir surinkimo bei i\u0161pakavimo paslaug\u0105. Jie taip pat si\u016blo papildomas paslaugas, \u012fskaitant namini\u0173 gyv\u016bn\u0117li\u0173 perk\u0117lim\u0105, vaizduojam\u0173j\u0173 men\u0173 tvarkym\u0105, automobili\u0173 perve\u017eim\u0105 ir sand\u0117liavimo sprendimus.<\/p>\n<p>Interneto svetain\u0117: <a href=\"http:\/\/www.moving.gosselingroup.eu\" target=\"_blank\" rel=\"noopener\">http:\/\/www.moving.gosselingroup.eu<\/a><\/p>\n<h2><strong>3. Globalink Logistics<\/strong><\/h2>\n<p><img loading=\"lazy\" decoding=\"async\" class=\"alignnone size-full wp-image-8320\" src=\"https:\/\/moverdb.com\/wp-content\/uploads\/Globalink-Logistics-international-moving-company.png\" alt=\"&quot;Globalink Logistics&quot; tarptautin\u0117 perkraustymo \u012fmon\u0117\" width=\"1440\" height=\"680\" data-wp-pid=\"8320\" srcset=\"https:\/\/moverdb.com\/wp-content\/uploads\/Globalink-Logistics-international-moving-company.png 1440w, https:\/\/moverdb.com\/wp-content\/uploads\/Globalink-Logistics-international-moving-company-300x142.png 300w, https:\/\/moverdb.com\/wp-content\/uploads\/Globalink-Logistics-international-moving-company-1024x484.png 1024w, https:\/\/moverdb.com\/wp-content\/uploads\/Globalink-Logistics-international-moving-company-18x9.png 18w, https:\/\/moverdb.com\/wp-content\/uploads\/Globalink-Logistics-international-moving-company-600x283.png 600w\" sizes=\"auto, (max-width: 1440px) 100vw, 1440px\" \/><\/p>\n<ul>\n<li>Nacionaliniai judesiai<\/li>\n<li>Tarptautiniai perkraustymai<\/li>\n<li>Gyvenam\u0173j\u0173 nam\u0173 perkraustymai<\/li>\n<li>\u012emoni\u0173 perk\u0117limai<\/li>\n<li>Paslauga \"nuo dur\u0173 iki dur\u0173<\/li>\n<li>Pakavimo paslauga<\/li>\n<li>Krovini\u0173 ve\u017eimas keliais, gele\u017einkeliu, j\u016bra ir oru<\/li>\n<li>Muitin\u0117s tarpininkavimas<\/li>\n<li>Gyv\u016bn\u0173 jud\u0117jimas<\/li>\n<li>Sand\u0117liavimo patalpos<\/li>\n<\/ul>\n<p>\"Globalink Logistics\" yra Europos ir Azijos logistikos bendrov\u0117, teikianti perkraustymo paslaugas. Jos padaliniai yra Almatoje, Astanoje, Atyrau, Aktob\u0117je, Oskemene, Uralske ir \u0160ymkente. Jie turi pasaulin\u012f tinkl\u0105 55 \u0161alyse, kad gal\u0117t\u0173 teikti paslaugas tarptautiniu mastu. Jie yra IAM nariai, dirbantys 24 metus, ir yra akredituoti FIDI.<\/p>\n<p>\"Globalink Logistics\" si\u016blo apklaus\u0105 prie\u0161 persikraustym\u0105 ir persikraustymo planavimo proces\u0105 su kainos apskai\u010diavimu. Jie si\u016blo perkraustymo nuo dur\u0173 iki dur\u0173 paslaugas, \u012fskaitant gyv\u016bn\u0173 ir transporto priemoni\u0173 ve\u017eim\u0105, draudim\u0105 ir perkraustymo steb\u0117jim\u0105. Jie si\u016blo pakavimo paslaugas, naudojant auk\u0161tos kokyb\u0117s med\u017eiagas, tranzit\u0105 keliais, gele\u017einkeliais, j\u016bra ar oru, taip pat pad\u0117s atlikti muitin\u0117s tarpininko paslaugas.<\/p>\n<p>Interneto svetain\u0117: <a href=\"https:\/\/globalinklogistics.com\/\" target=\"_blank\" rel=\"noopener\">https:\/\/globalinklogistics.com\/<\/a><\/p>","protected":false},"excerpt":{"rendered":"<p>Moving can be a stressful time but if you want to reduce it, you can employ the services of a moving company. They can take over the organisation, packing and administration of your move. Below we have compiled a list of Kazakhstan based removal companies that are members of the International Association of Movers (IAM) [&hellip;]<\/p>\n","protected":false},"author":4,"featured_media":0,"parent":190,"menu_order":0,"comment_status":"closed","ping_status":"closed","template":"","meta":{"_genesis_hide_title":false,"_genesis_hide_breadcrumbs":false,"_genesis_hide_singular_image":false,"_genesis_hide_footer_widgets":false,"_genesis_custom_body_class":"","_genesis_custom_post_class":"","_genesis_layout":"","footnotes":""},"class_list":{"0":"post-8394","1":"page","2":"type-page","3":"status-publish","5":"entry","6":"has-post-thumbnail"},"_links":{"self":[{"href":"https:\/\/moverdb.com\/lt\/wp-json\/wp\/v2\/pages\/8394","targetHints":{"allow":["GET"]}}],"collection":[{"href":"https:\/\/moverdb.com\/lt\/wp-json\/wp\/v2\/pages"}],"about":[{"href":"https:\/\/moverdb.com\/lt\/wp-json\/wp\/v2\/types\/page"}],"author":[{"embeddable":true,"href":"https:\/\/moverdb.com\/lt\/wp-json\/wp\/v2\/users\/4"}],"replies":[{"embeddable":true,"href":"https:\/\/moverdb.com\/lt\/wp-json\/wp\/v2\/comments?post=8394"}],"version-history":[{"count":1,"href":"https:\/\/moverdb.com\/lt\/wp-json\/wp\/v2\/pages\/8394\/revisions"}],"predecessor-version":[{"id":8395,"href":"https:\/\/moverdb.com\/lt\/wp-json\/wp\/v2\/pages\/8394\/revisions\/8395"}],"up":[{"embeddable":true,"href":"https:\/\/moverdb.com\/lt\/wp-json\/wp\/v2\/pages\/190"}],"wp:attachment":[{"href":"https:\/\/moverdb.com\/lt\/wp-json\/wp\/v2\/media?parent=8394"}],"curies":[{"name":"wp","href":"https:\/\/api.w.org\/{rel}","templated":true}]}}