{"id":8390,"date":"2023-04-27T14:54:37","date_gmt":"2023-04-27T14:54:37","guid":{"rendered":"https:\/\/moverdb.com\/?page_id=8390"},"modified":"2026-01-08T15:29:21","modified_gmt":"2026-01-08T15:29:21","slug":"moving-companies-jordan","status":"publish","type":"page","link":"https:\/\/moverdb.com\/lt\/moving-companies\/moving-companies-jordan\/","title":{"rendered":"6 Geriausios tarptautin\u0117s perkraustymo \u012fmon\u0117s Jordanijoje"},"content":{"rendered":"<p>Perkeliate namus ar versl\u0105? Tuomet organizavimas ir dokument\u0173 tvarkymas gali prad\u0117ti jus varginti, tod\u0117l jums gali prireikti <a href=\"https:\/\/moverdb.com\/lt\/moving-companies\/\" data-internallinksmanager029f6b8e52c=\"79\" title=\"Top 25 Tarptautin\u0117s perkraustymo \u012fmon\u0117s internete\">perkraustymo \u012fmon\u0117<\/a>. Jei norite persikelti \u012f Jordanij\u0105, i\u0161 jos arba i\u0161 jos, toliau pateikiame <a href=\"https:\/\/moverdb.com\/lt\/international-removals\/\" data-internallinksmanager029f6b8e52c=\"27\" title=\"36 geriausios tarptautinio perkraustymo \u012fmon\u0117s Jungtin\u0117je Karalyst\u0117je\">perkraustymo \u012fmon\u0117s<\/a> kurie yra <a href=\"https:\/\/moverdb.com\/lt\/iam\/\" data-internallinksmanager029f6b8e52c=\"23\" title=\"Tarptautin\u0117s perkraustytoj\u0173 asociacijos (IAM) paai\u0161kinimai\">Tarptautin\u0117 perkraustytoj\u0173 asociacija<\/a> (IAM) ir (arba) <a href=\"https:\/\/moverdb.com\/lt\/fidi-faim\/\" data-internallinksmanager029f6b8e52c=\"16\" title=\"FIDI ir FAIM (FIDI akredituotas tarptautinis perve\u017e\u0117jas) paai\u0161kinimai\">FIDI<\/a> Akredituot\u0173 tarptautini\u0173 perkraustymo paslaug\u0173 teik\u0117j\u0173 (FAIM), kurie gal\u0117t\u0173 pad\u0117ti jums persikraustyti.<\/p>\n<div id=\"ez-toc-container\" class=\"ez-toc-v2_0_82_2 ez-toc-wrap-left counter-hierarchy ez-toc-counter ez-toc-transparent ez-toc-container-direction\">\n<div class=\"ez-toc-title-container\">\n<p class=\"ez-toc-title\" style=\"cursor:inherit\">Skyriai<\/p>\n<span class=\"ez-toc-title-toggle\"><a href=\"#\" class=\"ez-toc-pull-right ez-toc-btn ez-toc-btn-xs ez-toc-btn-default ez-toc-toggle\" aria-label=\"Perjungti turinio lentel\u0119\"><span class=\"ez-toc-js-icon-con\"><span class=\"\"><span class=\"eztoc-hide\" style=\"display:none;\">Perjungti<\/span><span class=\"ez-toc-icon-toggle-span\"><svg style=\"fill: #999;color:#999\" xmlns=\"http:\/\/www.w3.org\/2000\/svg\" class=\"list-377408\" width=\"20px\" height=\"20px\" viewbox=\"0 0 24 24\" fill=\"none\"><path d=\"M6 6H4v2h2V6zm14 0H8v2h12V6zM4 11h2v2H4v-2zm16 0H8v2h12v-2zM4 16h2v2H4v-2zm16 0H8v2h12v-2z\" fill=\"currentColor\"><\/path><\/svg><svg style=\"fill: #999;color:#999\" class=\"arrow-unsorted-368013\" xmlns=\"http:\/\/www.w3.org\/2000\/svg\" width=\"10px\" height=\"10px\" viewbox=\"0 0 24 24\" version=\"1.2\" baseprofile=\"tiny\"><path d=\"M18.2 9.3l-6.2-6.3-6.2 6.3c-.2.2-.3.4-.3.7s.1.5.3.7c.2.2.4.3.7.3h11c.3 0 .5-.1.7-.3.2-.2.3-.5.3-.7s-.1-.5-.3-.7zM5.8 14.7l6.2 6.3 6.2-6.3c.2-.2.3-.5.3-.7s-.1-.5-.3-.7c-.2-.2-.4-.3-.7-.3h-11c-.3 0-.5.1-.7.3-.2.2-.3.5-.3.7s.1.5.3.7z\"\/><\/svg><\/span><\/span><\/span><\/a><\/span><\/div>\n<nav><ul class='ez-toc-list ez-toc-list-level-1 eztoc-toggle-hide-by-default' ><li class='ez-toc-page-1 ez-toc-heading-level-2'><a class=\"ez-toc-link ez-toc-heading-1\" href=\"https:\/\/moverdb.com\/lt\/moving-companies\/moving-companies-jordan\/#1_CML_Safe_Pak\" >1. CML Safe Pak<\/a><\/li><li class='ez-toc-page-1 ez-toc-heading-level-2'><a class=\"ez-toc-link ez-toc-heading-2\" href=\"https:\/\/moverdb.com\/lt\/moving-companies\/moving-companies-jordan\/#2_Jirpac\" >2. Jirpac<\/a><\/li><li class='ez-toc-page-1 ez-toc-heading-level-2'><a class=\"ez-toc-link ez-toc-heading-3\" href=\"https:\/\/moverdb.com\/lt\/moving-companies\/moving-companies-jordan\/#3_Jordanian_Coast_Cargo_Service\" >3. Jordanijos pakrant\u0117s krovini\u0173 tarnyba<\/a><\/li><li class='ez-toc-page-1 ez-toc-heading-level-2'><a class=\"ez-toc-link ez-toc-heading-4\" href=\"https:\/\/moverdb.com\/lt\/moving-companies\/moving-companies-jordan\/#4_Levant_Express\" >4. \"Levant Express<\/a><\/li><li class='ez-toc-page-1 ez-toc-heading-level-2'><a class=\"ez-toc-link ez-toc-heading-5\" href=\"https:\/\/moverdb.com\/lt\/moving-companies\/moving-companies-jordan\/#5_Logistimania\" >5. Logistimania<\/a><\/li><li class='ez-toc-page-1 ez-toc-heading-level-2'><a class=\"ez-toc-link ez-toc-heading-6\" href=\"https:\/\/moverdb.com\/lt\/moving-companies\/moving-companies-jordan\/#6_Naouri_Group\" >6. Naouri grup\u0117<\/a><\/li><\/ul><\/nav><\/div>\n<h2><span class=\"ez-toc-section\" id=\"1_CML_Safe_Pak\"><\/span><strong>1. CML Safe Pak<\/strong><span class=\"ez-toc-section-end\"><\/span><\/h2>\n<p><img loading=\"lazy\" decoding=\"async\" class=\"alignnone size-full wp-image-8391\" src=\"https:\/\/moverdb.com\/wp-content\/uploads\/CML-Safe-Pak-international-moving-company.png\" alt=\"&quot;CML Safe Pak&quot; tarptautin\u0117 perkraustymo \u012fmon\u0117\" width=\"1440\" height=\"667\" data-wp-pid=\"8391\" srcset=\"https:\/\/moverdb.com\/wp-content\/uploads\/CML-Safe-Pak-international-moving-company.png 1440w, https:\/\/moverdb.com\/wp-content\/uploads\/CML-Safe-Pak-international-moving-company-300x139.png 300w, https:\/\/moverdb.com\/wp-content\/uploads\/CML-Safe-Pak-international-moving-company-1024x474.png 1024w, https:\/\/moverdb.com\/wp-content\/uploads\/CML-Safe-Pak-international-moving-company-18x8.png 18w, https:\/\/moverdb.com\/wp-content\/uploads\/CML-Safe-Pak-international-moving-company-600x278.png 600w\" sizes=\"auto, (max-width: 1440px) 100vw, 1440px\" \/><\/p>\n<ul>\n<li>Vietiniai ir nacionaliniai perk\u0117limai<\/li>\n<li>Tarptautiniai perk\u0117limai<\/li>\n<li>Gyvenam\u0173j\u0173 nam\u0173 perkraustymai<\/li>\n<li>Perk\u0117limo koordinatorius<\/li>\n<li>Pakavimo paslauga<\/li>\n<li>Sausumos, j\u016br\u0173 ir oro transportas<\/li>\n<li>Muitinis \u012fforminimas<\/li>\n<li>Gyv\u016bn\u0173 augintini\u0173 ve\u017eimas<\/li>\n<li>Valymo paslaugos<\/li>\n<li>Saugus saugojimas<\/li>\n<\/ul>\n<p>\"CML Safe Pak\" yra Amano mieste \u012fsik\u016brusi perkraustymo, logistikos ir krovini\u0173 gabenimo paslaug\u0173 \u012fmon\u0117, padedanti \u017emon\u0117ms persikraustyti nuo 1992 m. Ji yra <a href=\"https:\/\/moverdb.com\/lt\/harmony-relocation-network\/\" data-internallinksmanager029f6b8e52c=\"20\" title=\"Paai\u0161kinta apie &quot;Harmony Relocation Network&quot; (HRN)\">Harmonijos perk\u0117limo tinklas<\/a> ir IAM, turin\u010dios 31 met\u0173 darbo sta\u017e\u0105 ir akredituotos FIDI. \u0160ios asociacijos suteikia jiems prieig\u0105 prie tarptautinio perkraustymo agent\u0173 tinklo.<\/p>\n<p>\"CML Safe Pak\" si\u016blo konsultacijas su persikraustymo konsultantu prie\u0161 persikraustym\u0105, kad \u012fvertint\u0173 j\u016bs\u0173 poreikius. Perkraustymo koordinatorius pasir\u016bpins visa perkraustymo logistika, \u012fskaitant dokument\u0173 tvarkym\u0105 ir muitin\u012f \u012fforminim\u0105. Jie teikia papildomas paslaugas, \u012fskaitant persikraustymo\/i\u0161sikraustymo valymo paslaugas, meno dirbini\u0173 ir antikvarini\u0173 daikt\u0173 perkraustym\u0105 bei namini\u0173 gyv\u016bn\u0117li\u0173 perve\u017eim\u0105.<\/p>\n<p>Interneto svetain\u0117: <a href=\"http:\/\/www.cml-jo.com\" target=\"_blank\" rel=\"noopener\">http:\/\/www.cml-jo.com<\/a><\/p>\n<h2><span class=\"ez-toc-section\" id=\"2_Jirpac\"><\/span><strong>2. Jirpac<\/strong><span class=\"ez-toc-section-end\"><\/span><\/h2>\n<p><img loading=\"lazy\" decoding=\"async\" class=\"alignnone size-full wp-image-8333\" src=\"https:\/\/moverdb.com\/wp-content\/uploads\/Jirpac-international-moving-company.png\" alt=\"&quot;Jirpac&quot; tarptautin\u0117 perkraustymo \u012fmon\u0117\" width=\"1440\" height=\"679\" data-wp-pid=\"8333\" srcset=\"https:\/\/moverdb.com\/wp-content\/uploads\/Jirpac-international-moving-company.png 1440w, https:\/\/moverdb.com\/wp-content\/uploads\/Jirpac-international-moving-company-300x141.png 300w, https:\/\/moverdb.com\/wp-content\/uploads\/Jirpac-international-moving-company-1024x483.png 1024w, https:\/\/moverdb.com\/wp-content\/uploads\/Jirpac-international-moving-company-18x8.png 18w, https:\/\/moverdb.com\/wp-content\/uploads\/Jirpac-international-moving-company-600x283.png 600w\" sizes=\"auto, (max-width: 1440px) 100vw, 1440px\" \/><\/p>\n<ul>\n<li>Nacionaliniai judesiai<\/li>\n<li>Tarptautiniai perkraustymai<\/li>\n<li>Nam\u0173 \u016bkio perkraustymai<\/li>\n<li>Darbuotoj\u0173 perkraustymai<\/li>\n<li>Verslo ir biur\u0173 perkraustymai<\/li>\n<li>Pakavimo paslauga<\/li>\n<li>Sausumos, j\u016br\u0173 ir oro transportas<\/li>\n<li>Muitin\u0117s tarpininkavimas<\/li>\n<li>Draudimas<\/li>\n<li>Saugios saugyklos<\/li>\n<\/ul>\n<p>\"Jirpac\" yra tarptautin\u0117 perkraustymo ir pakavimo \u012fmon\u0117, \u012fkurta 1978 m. ir \u012fsik\u016brusi Amane. Ji turi korespondent\u0173 tinkl\u0105 visame pasaulyje 170 \u0161ali\u0173, kurie padeda teikti paslaugas tarptautiniu mastu. Jie yra IAM nariai, dirbantys 45 metus.<\/p>\n<p>\"Jirpac\" si\u016blo nacionalines ir tarptautines perkraustymo paslaugas nam\u0173 \u016bkiams ir organizacijoms. Jie teikia pakavimo paslaugas, kuri\u0173 metu galima \u012fsigyti \u012fvairi\u0173 pakavimo med\u017eiag\u0173 ir d\u0117\u017ei\u0173, atitinkan\u010di\u0173 tarptautinius standartus, skirt\u0173 j\u016bs\u0173 daiktams apsaugoti perve\u017eimo metu. Jie si\u016blo perve\u017eim\u0105 sausuma, oru ir j\u016bra su muitin\u0117s paslaugomis.<\/p>\n<p>Interneto svetain\u0117: <a href=\"http:\/\/www.jirpac.com\" target=\"_blank\" rel=\"noopener\">http:\/\/www.jirpac.com<\/a><\/p>\n<h2><span class=\"ez-toc-section\" id=\"3_Jordanian_Coast_Cargo_Service\"><\/span><strong>3. Jordanijos pakrant\u0117s krovini\u0173 tarnyba<\/strong><span class=\"ez-toc-section-end\"><\/span><\/h2>\n<p><img loading=\"lazy\" decoding=\"async\" class=\"alignnone size-full wp-image-8334\" src=\"https:\/\/moverdb.com\/wp-content\/uploads\/Jordanian-Coast-Cargo-Services-international-moving-company.png\" alt=\"Jordanijos pakrant\u0117s krovini\u0173 ve\u017eimo paslaugos tarptautin\u0117 judanti \u012fmon\u0117\" width=\"1440\" height=\"677\" data-wp-pid=\"8334\" srcset=\"https:\/\/moverdb.com\/wp-content\/uploads\/Jordanian-Coast-Cargo-Services-international-moving-company.png 1440w, https:\/\/moverdb.com\/wp-content\/uploads\/Jordanian-Coast-Cargo-Services-international-moving-company-300x141.png 300w, https:\/\/moverdb.com\/wp-content\/uploads\/Jordanian-Coast-Cargo-Services-international-moving-company-1024x481.png 1024w, https:\/\/moverdb.com\/wp-content\/uploads\/Jordanian-Coast-Cargo-Services-international-moving-company-18x8.png 18w, https:\/\/moverdb.com\/wp-content\/uploads\/Jordanian-Coast-Cargo-Services-international-moving-company-600x282.png 600w\" sizes=\"auto, (max-width: 1440px) 100vw, 1440px\" \/><\/p>\n<ul>\n<li>Nacionaliniai perkraustymai<\/li>\n<li>Tarptautinis perkraustymas<\/li>\n<li>Nam\u0173 \u016bkio perkraustymai<\/li>\n<li>Komercin\u0117s paslaugos<\/li>\n<li>Paslauga \"nuo dur\u0173 iki dur\u0173<\/li>\n<li>Profesionalios pakavimo paslaugos<\/li>\n<li>Sausumos, oro ir j\u016br\u0173 transportas<\/li>\n<li>Muitinis \u012fforminimas<\/li>\n<li>Transporto priemoni\u0173 ir namini\u0173 gyv\u016bn\u0117li\u0173 ve\u017eimas<\/li>\n<li>Saugus trumpalaikis ir ilgalaikis saugojimas<\/li>\n<\/ul>\n<p>\"Jordanian Coast Cargo Services\" yra laivybos \u012fmon\u0117, <a href=\"https:\/\/moverdb.com\/lt\/freight-forwarder\/\" data-internallinksmanager029f6b8e52c=\"17\" title=\"Tarptautini\u0173 ekspeditori\u0173 ir NVOCC s\u0105naud\u0173 ir \u012fmoni\u0173 vadovas\">ekspeditorius<\/a> ir sand\u0117liavimo \u012fmon\u0117, teikianti perkraustymo ir diplomatinio perkraustymo paslaugas. Ji buvo \u012fkurta 2000 m. ir yra \u012fsik\u016brusi Amane. Ji bendradarbiauja su tarptautin\u0117mis organizacijomis ir teikia paslaugas visame pasaulyje. Jie yra IAM nariai, dirbantys 23 metus.<\/p>\n<p>\"Jordanian Coast Cargo Services\" si\u016blo \"nuo dur\u0173 iki dur\u0173\" paslaugas, kurias teikia auk\u0161tos kvalifikacijos pakuotojai, naudojantys auk\u0161tos kokyb\u0117s pakavimo med\u017eiagas ir d\u0117\u017ees, kad saugiai perve\u017et\u0173 j\u016bs\u0173 daiktus. Jie pasir\u016bpins perve\u017eimu su muitin\u0117s formalumais, kuris gali b\u016bti vykdomas sausuma, oru arba j\u016bra, kai krovinys yra ma\u017eesnis nei konteineris ir pilnas konteineris.<\/p>\n<p>Interneto svetain\u0117: <a href=\"http:\/\/www.jordaniancoastco.com\" target=\"_blank\" rel=\"noopener\">http:\/\/www.jordaniancoastco.com<\/a><\/p>\n<h2><span class=\"ez-toc-section\" id=\"4_Levant_Express\"><\/span><strong>4. \"Levant Express<\/strong><span class=\"ez-toc-section-end\"><\/span><\/h2>\n<p><img loading=\"lazy\" decoding=\"async\" class=\"alignnone size-full wp-image-8392\" src=\"https:\/\/moverdb.com\/wp-content\/uploads\/Levant-Express-international-moving-company.png\" alt=\"&quot;Levant Express&quot; tarptautin\u0117 perkraustymo \u012fmon\u0117\" width=\"1440\" height=\"683\" data-wp-pid=\"8392\" srcset=\"https:\/\/moverdb.com\/wp-content\/uploads\/Levant-Express-international-moving-company.png 1440w, https:\/\/moverdb.com\/wp-content\/uploads\/Levant-Express-international-moving-company-300x142.png 300w, https:\/\/moverdb.com\/wp-content\/uploads\/Levant-Express-international-moving-company-1024x486.png 1024w, https:\/\/moverdb.com\/wp-content\/uploads\/Levant-Express-international-moving-company-18x9.png 18w, https:\/\/moverdb.com\/wp-content\/uploads\/Levant-Express-international-moving-company-600x285.png 600w\" sizes=\"auto, (max-width: 1440px) 100vw, 1440px\" \/><\/p>\n<ul>\n<li>Nacionaliniai perkraustymai<\/li>\n<li>Tarptautinis perkraustymas<\/li>\n<li>Nam\u0173 \u016bki\u0173 perkraustymas<\/li>\n<li>Pradin\u0117 apklausa<\/li>\n<li>Pakavimo paslauga<\/li>\n<li>Inventorius<\/li>\n<li>Transportas sausuma, j\u016bra ir oru<\/li>\n<li>Muitinis \u012fforminimas<\/li>\n<li>Draudimas<\/li>\n<li>Sand\u0117liavimo patalpos<\/li>\n<\/ul>\n<p>\"Levant Express\" yra kompleksini\u0173 tiekimo grandin\u0117s sprendim\u0173 teik\u0117ja, teikianti perkraustymo paslaugas. \u012emon\u0117 buvo \u012fkurta 1930 m. ir turi padalinius Jordanijoje ir <a href=\"https:\/\/moverdb.com\/lt\/moving-companies\/moving-companies-lebanon\/\" data-internallinksmanager029f6b8e52c=\"302\" title=\"7 Geriausios tarptautin\u0117s perkraustymo \u012fmon\u0117s Libane\">Libanas<\/a>. Jie yra IAM nariai, dirbantys 93 metus, tod\u0117l gali naudotis tarptautiniu perkraustymo agent\u0173 tinklu, kuris jiems padeda.<\/p>\n<p>\"Levant Express\" si\u016blo apklaus\u0105 prie\u0161 perkraustym\u0105, kad \u012fvertint\u0173 j\u016bs\u0173 perkraustymo apimt\u012f ir parengt\u0173 pasi\u016blym\u0105. Jie teikia pakavimo paslaugas, kurios apsaugo j\u016bs\u0173 daiktus transportavimo metu naudojant tinkamiausias pakavimo med\u017eiagas, \u012fskaitant d\u0117\u017ees ir d\u0117\u017eutes. Visos pakuot\u0117s pa\u017eenklinamos ir parengiamas inventorius.<\/p>\n<p>Interneto svetain\u0117: <a href=\"http:\/\/www.levantexpress.net\" target=\"_blank\" rel=\"noopener\">http:\/\/www.levantexpress.net<\/a><\/p>\n<h2><span class=\"ez-toc-section\" id=\"5_Logistimania\"><\/span><strong>5. <\/strong><strong>Logistimania<\/strong><span class=\"ez-toc-section-end\"><\/span><\/h2>\n<p><img loading=\"lazy\" decoding=\"async\" class=\"alignnone size-full wp-image-8337\" src=\"https:\/\/moverdb.com\/wp-content\/uploads\/Logistimania-international-moving-company.png\" alt=\"&quot;Logistimania&quot; tarptautin\u0117 perkraustymo \u012fmon\u0117\" width=\"1440\" height=\"676\" data-wp-pid=\"8337\" srcset=\"https:\/\/moverdb.com\/wp-content\/uploads\/Logistimania-international-moving-company.png 1440w, https:\/\/moverdb.com\/wp-content\/uploads\/Logistimania-international-moving-company-300x141.png 300w, https:\/\/moverdb.com\/wp-content\/uploads\/Logistimania-international-moving-company-1024x481.png 1024w, https:\/\/moverdb.com\/wp-content\/uploads\/Logistimania-international-moving-company-18x8.png 18w, https:\/\/moverdb.com\/wp-content\/uploads\/Logistimania-international-moving-company-600x282.png 600w\" sizes=\"auto, (max-width: 1440px) 100vw, 1440px\" \/><\/p>\n<ul>\n<li>Nacionaliniai judesiai<\/li>\n<li>Tarptautiniai perkraustymai<\/li>\n<li>Nam\u0173 \u016bki\u0173 perk\u0117limas<\/li>\n<li>Komerciniai kroviniai<\/li>\n<li>Paslauga \"nuo dur\u0173 iki dur\u0173<\/li>\n<li>Profesionalios pakavimo paslaugos<\/li>\n<li>Auk\u0161tos kokyb\u0117s pakavimo med\u017eiagos<\/li>\n<li>Ve\u017eimas oro, j\u016br\u0173 ir keli\u0173 transportu<\/li>\n<li>Muitinis \u012fforminimas<\/li>\n<li>Sand\u0117liavimo patalpos<\/li>\n<\/ul>\n<p>\"Logistimania\" yra tarptautin\u0117 perkraustymo ir krovini\u0173 ekspedijavimo \u012fmon\u0117, \u012fsteigta Stokholme, ta\u010diau ji taip pat turi filial\u0105 Amane, Jordanijoje. Teikdama paslaugas visame pasaulyje, ji palaiko ilgalaikius ry\u0161ius su laivybos linijomis, krovini\u0173 ve\u017eimo agentais ir sunkve\u017eimi\u0173 tiek\u0117jais, taip pat yra IAM nar\u0117.<\/p>\n<p>\"Logistimania\" si\u016blo persikraustymo ir perk\u0117limo nuo dur\u0173 iki dur\u0173 paslaugas. Jie teikia profesionalias pakavimo paslaugas, naudoja auk\u0161tos kokyb\u0117s pakavimo med\u017eiagas, kad apsaugot\u0173 j\u016bs\u0173 daiktus transportavimo metu. Jie pasir\u016bpins perve\u017eimu oru, j\u016bra ir keliais, prireikus atlikdami muitin\u0117s formalumus. Atvykus jie pad\u0117s i\u0161pakuoti j\u016bs\u0173 daiktus.<\/p>\n<p>Interneto svetain\u0117: <a href=\"http:\/\/www.logistimania.com\" target=\"_blank\" rel=\"noopener\">http:\/\/www.logistimania.com<\/a><\/p>\n<h2><span class=\"ez-toc-section\" id=\"6_Naouri_Group\"><\/span><strong>6. Naouri grup\u0117<\/strong><span class=\"ez-toc-section-end\"><\/span><\/h2>\n<p><img loading=\"lazy\" decoding=\"async\" class=\"alignnone size-full wp-image-8347\" src=\"https:\/\/moverdb.com\/wp-content\/uploads\/Naouri-Group-international-moving-company.png\" alt=\"&quot;Naouri Group&quot; tarptautin\u0117 perkraustymo \u012fmon\u0117\" width=\"1440\" height=\"680\" data-wp-pid=\"8347\" srcset=\"https:\/\/moverdb.com\/wp-content\/uploads\/Naouri-Group-international-moving-company.png 1440w, https:\/\/moverdb.com\/wp-content\/uploads\/Naouri-Group-international-moving-company-300x142.png 300w, https:\/\/moverdb.com\/wp-content\/uploads\/Naouri-Group-international-moving-company-1024x484.png 1024w, https:\/\/moverdb.com\/wp-content\/uploads\/Naouri-Group-international-moving-company-18x9.png 18w, https:\/\/moverdb.com\/wp-content\/uploads\/Naouri-Group-international-moving-company-600x283.png 600w\" sizes=\"auto, (max-width: 1440px) 100vw, 1440px\" \/><\/p>\n<ul>\n<li>Nacionaliniai judesiai<\/li>\n<li>Tarptautiniai perkraustymai<\/li>\n<li>Bendrov\u0117s siuntos<\/li>\n<li>Atskiros siuntos<\/li>\n<li>Projekt\u0173 persiuntimas<\/li>\n<li>Individualiai pritaikytos paslaugos<\/li>\n<li>Keli\u0173, j\u016br\u0173 ir oro transportas<\/li>\n<li>Grupavimo parinktys<\/li>\n<li>Muitinis \u012fforminimas<\/li>\n<li>Konteineri\u0173 terminalas<\/li>\n<\/ul>\n<p>\"Naouri Group\" yra 1994 m. \u012fkurta krovini\u0173 ekspedijavimo ir logistikos \u012fmon\u0117, \u012fsik\u016brusi Amane ir veikianti Amano mieste. <a href=\"https:\/\/moverdb.com\/lt\/moving-companies\/moving-companies-iraq\/\" data-internallinksmanager029f6b8e52c=\"314\" title=\"2 Geriausios tarptautin\u0117s perkraustymo \u012fmon\u0117s Irake\">Irakas<\/a> ir Palestinoje. Jie yra IAM nariai, dirbantys 13 met\u0173, ir yra akredituoti FIDI. \u0160ios asociacijos suteikia jiems prieig\u0105 prie tarptautinio agent\u0173 tinklo, padedan\u010dio teikti paslaugas u\u017esienyje.<\/p>\n<p>\"Naouri Group\" si\u016blo specialiai j\u016bs\u0173 poreikiams pritaikytas paslaugas ir teigia esanti viena i\u0161 pirmaujan\u010di\u0173 Jordanijos logistikos grupi\u0173. Ji teikia \u012fvairias transporto ir krovini\u0173 ekspedijavimo paslaugas - keli\u0173, oro ir j\u016br\u0173 transportu, taip pat grupinio krovini\u0173 gabenimo galimybes ma\u017eesniems nei konteineri\u0173 kroviniams.<\/p>\n<p>Interneto svetain\u0117: <a href=\"http:\/\/www.naouri.com\" target=\"_blank\" rel=\"noopener\">http:\/\/www.naouri.com<\/a><\/p>","protected":false},"excerpt":{"rendered":"<p>Are you moving home or your business? Then the organisation and paperwork may be starting to daunt you, so you may want the assistance of a moving company. If you are looking to move within, to or from Jordan we have compiled the below list of removal companies that are members of the International Association [&hellip;]<\/p>\n","protected":false},"author":4,"featured_media":0,"parent":190,"menu_order":0,"comment_status":"closed","ping_status":"closed","template":"","meta":{"_genesis_hide_title":false,"_genesis_hide_breadcrumbs":false,"_genesis_hide_singular_image":false,"_genesis_hide_footer_widgets":false,"_genesis_custom_body_class":"","_genesis_custom_post_class":"","_genesis_layout":"","footnotes":""},"class_list":{"0":"post-8390","1":"page","2":"type-page","3":"status-publish","5":"entry","6":"has-post-thumbnail"},"_links":{"self":[{"href":"https:\/\/moverdb.com\/lt\/wp-json\/wp\/v2\/pages\/8390","targetHints":{"allow":["GET"]}}],"collection":[{"href":"https:\/\/moverdb.com\/lt\/wp-json\/wp\/v2\/pages"}],"about":[{"href":"https:\/\/moverdb.com\/lt\/wp-json\/wp\/v2\/types\/page"}],"author":[{"embeddable":true,"href":"https:\/\/moverdb.com\/lt\/wp-json\/wp\/v2\/users\/4"}],"replies":[{"embeddable":true,"href":"https:\/\/moverdb.com\/lt\/wp-json\/wp\/v2\/comments?post=8390"}],"version-history":[{"count":1,"href":"https:\/\/moverdb.com\/lt\/wp-json\/wp\/v2\/pages\/8390\/revisions"}],"predecessor-version":[{"id":8393,"href":"https:\/\/moverdb.com\/lt\/wp-json\/wp\/v2\/pages\/8390\/revisions\/8393"}],"up":[{"embeddable":true,"href":"https:\/\/moverdb.com\/lt\/wp-json\/wp\/v2\/pages\/190"}],"wp:attachment":[{"href":"https:\/\/moverdb.com\/lt\/wp-json\/wp\/v2\/media?parent=8390"}],"curies":[{"name":"wp","href":"https:\/\/api.w.org\/{rel}","templated":true}]}}